{"id":598,"date":"2014-10-08T21:57:13","date_gmt":"2014-10-09T02:57:13","guid":{"rendered":"http:\/\/test.blackjackinfo.com\/?page_id=598"},"modified":"2018-06-22T02:21:24","modified_gmt":"2018-06-22T07:21:24","slug":"ken-smith","status":"publish","type":"page","link":"https:\/\/www.blackjackinfo.com\/es\/ken-smith\/","title":{"rendered":"Acerca de Ken Smith"},"content":{"rendered":"<p><img loading=\"lazy\" decoding=\"async\" class=\"alignleft size-full wp-image-600\" src=\"\/files\/kensmith.jpg\" alt=\"kensmith\" width=\"252\" height=\"190\" data-no-auto-translation=\"\" \/><\/p>\n<p class=\"intro\">Soy Kenneth R Smith, el creador de <a href=\"\/\">BlackjackInfo.com<\/a>. Como \u00e1vido jugador de blackjack desde hace muchos a\u00f1os, empec\u00e9 a jugar en serio a principios de la d\u00e9cada de 1990, cuando el juego de casino lleg\u00f3 a mi estado natal de Mississippi. En 1994, particip\u00e9 por primera vez en un torneo de blackjack; desde entonces, no he dejado de participar en torneos y he conseguido numerosas grandes victorias a lo largo de los a\u00f1os. He competido literalmente en miles de torneos y sigo jugando con regularidad. Los aficionados a los torneos de blackjack tambi\u00e9n deber\u00edan visitar mi sitio web espec\u00edfico de torneos <a href=\"https:\/\/www.blackjacktournaments.com\">BlackjackTournaments.com<\/a>donde se debaten los pr\u00f3ximos acontecimientos y la estrategia de los torneos.<\/p>\n<p>\nMi casa est\u00e1 en Mississippi, pero me encanta viajar. Algunos de los viajes memorables de los \u00faltimos dos a\u00f1os incluyen una semana en Estambul, Turqu\u00eda, y tres semanas en Ecuador y Per\u00fa. De vez en cuando escribo sobre mis viajes en mi blog personal. <a href=\"http:\/\/www.sweet-tea-no-lemon.com\">T\u00e9 dulce, sin lim\u00f3n<\/a>.\n<\/p>\n<h3>Apariciones en televisi\u00f3n<\/h3>\n<figure id=\"attachment_606\" aria-describedby=\"caption-attachment-606\" style=\"width: 300px\" class=\"wp-caption alignright\"><a href=\"\/files\/Ken-Smith-and-Penn-on-WSOBJ-800x531.jpg\"><img loading=\"lazy\" decoding=\"async\" class=\"size-medium wp-image-606\" src=\"\/files\/Ken-Smith-and-Penn-on-WSOBJ-800x531-300x199.jpg\" alt=\"Ken with Penn Jillette on WSOB\" width=\"300\" height=\"199\" data-no-auto-translation=\"\" \/><\/a><figcaption id=\"caption-attachment-606\" class=\"wp-caption-text\">Ken con <a href=\"https:\/\/en.wikipedia.org\/wiki\/Penn_Jillette\">Penn Jillette<\/a> en WSOB<\/figcaption><\/figure>\n<p>\nLos torneos de blackjack dieron el salto a la televisi\u00f3n en 2004, y yo particip\u00e9 en muchos programas. En la primera serie televisada de torneos de blackjack (<a href=\"https:\/\/en.wikipedia.org\/wiki\/World_Series_of_Blackjack\">Series Mundiales de Blackjack de GSN<\/a>), llegu\u00e9 a la mesa final en la primera temporada y termin\u00e9 en sexto lugar. Segu\u00ed apareciendo en WSOB II, III y IV durante los a\u00f1os siguientes, siendo uno de los tres \u00fanicos jugadores que aparecieron en todas las temporadas de emisi\u00f3n del programa en GSN. Tras cuatro temporadas, GSN cancel\u00f3 la serie. En la actualidad ya no existe la competici\u00f3n World Series of Blackjack.\n<\/p>\n<p>\nTambi\u00e9n aparec\u00ed en Travel Channel en 2004, compitiendo en el II Torneo del Mill\u00f3n de D\u00f3lares de Blackjack del Hilton de Las Vegas. En la ronda semifinal, necesitaba una \u00faltima mano ganadora para pasar a la mesa final de siete jugadores, donde el ganador recib\u00eda un mill\u00f3n en met\u00e1lico. Por desgracia, mi suerte se acab\u00f3 a falta de una mano, y no llegu\u00e9 a la mesa final.\n<\/p>\n<p>\nDespu\u00e9s de los programas de Travel Channel y GSN, los torneos televisados de blackjack dieron el salto a las grandes ligas de la televisi\u00f3n en septiembre de 2006, cuando se emiti\u00f3 el Ultimate Blackjack Tour en la CBS. En el episodio de estreno de ese programa, gan\u00e9 el evento con un primer puesto valorado en $50.000. Tambi\u00e9n particip\u00e9 en el evento especial \"Legends of Blackjack\" del UBT, aunque mi sexto puesto en una mesa de siete jugadores estuvo lejos de ser legendario.\n<\/p>\n<p>\nPara m\u00ed, el blackjack televisado fue una aut\u00e9ntica pasada. Adem\u00e1s de la novedad de aparecer en tantos programas, los eventos de UBT me brindaron la oportunidad de viajar a algunos destinos agradables. Por ejemplo, grabamos un evento en Aruba y otro en San Crist\u00f3bal.\n<\/p>\n<h3>Escribir<\/h3>\n<p>\nTras labrarme una reputaci\u00f3n como experto en estrategia de torneos, escrib\u00ed columnas mensuales en las revistas <i>Blackjack Confidencial<\/i> y <i>Todo en Blackjack<\/i> durante el per\u00edodo de existencia de dichas publicaciones.\n<\/p>\n<p><a href=\"http:\/\/www.bjinsider.com\/BuyHowToWin\"><img loading=\"lazy\" decoding=\"async\" src=\"\/files\/Ebook125.jpg\" alt=\"Ken&#039;s Tournament eBook\" width=\"125\" height=\"125\" class=\"alignright size-full wp-image-613\" data-no-auto-translation=\"\" \/><\/a><\/p>\n<p>\nHe escrito dos libros electr\u00f3nicos sobre estrategia en torneos de blackjack: <a href=\"http:\/\/www.bjinsider.com\/BuyHowToWin\">\"C\u00f3mo ganar m\u00e1s torneos de Blackjack\"<\/a> y <a href=\"http:\/\/deepnettech.com\/estore\/index.php?main_page=product_info&amp;products_id=84\">\"C\u00f3mo ganar a\u00fan m\u00e1s torneos de Blackjack - Volumen II\"<\/a>. Ambos libros est\u00e1n repletos de consejos estrat\u00e9gicos para jugadores de cualquier nivel, desde principiantes hasta profesionales, e incluyen varias ideas innovadoras que nunca antes se hab\u00edan publicado. Haga clic en <a href=\"http:\/\/deepnettech.com\/estore\/index.php?main_page=product_info&amp;products_id=85\">aqu\u00ed<\/a> para un paquete especial que incluye ambos libros.\n<\/p>\n<p>\nLa mayor parte de lo que escribo sobre blackjack est\u00e1 aqu\u00ed, en BlackjackInfo, pero tambi\u00e9n escribo de vez en cuando para el bolet\u00edn electr\u00f3nico de Henry Tamburin. <a href=\"http:\/\/www.bjinsider.com\">Blackjack Insider<\/a>.\n<\/p>\n<h3>Tarjetas de estrategia<\/h3>\n<p>\nEn 2008, publiqu\u00e9 un grupo de cartas de estrategia de pl\u00e1stico para el blackjack, disponibles <a href=\"http:\/\/www.amazon.com\/dp\/098211916X\/?tag=theblackjacbasic\">en Amazon.com<\/a>.<br \/>\nLuego, en 2013, ampli\u00e9 ese producto, introduciendo un juego de cartas de Estrategia Avanzada que a\u00f1ade detalles de n\u00fameros \u00edndice de conteo de cartas a las cartas de estrategia habituales.  Ese producto tambi\u00e9n est\u00e1 disponible en <a href=\"http:\/\/www.amazon.com\/dp\/0982119178\/?tag=theblackjacbasic\">Amazon<\/a>.\n<\/p>\n<h3>Datos de contacto<\/h3>\n<p>\nDesde septiembre de 2016, he dejado BlackjackInfo.com en manos de un nuevo y entusiasta propietario.<\/p>","protected":false},"excerpt":{"rendered":"<p>I am Kenneth R Smith, the creator of BlackjackInfo.com. As an avid blackjack player for many years, I began playing seriously in the early 1990s when casino gambling arrived in my home state of Mississippi. In 1994, I participated in a blackjack tournament for the first time; I have been on the tournament trail ever [&hellip;]<\/p>\n","protected":false},"author":2,"featured_media":0,"parent":0,"menu_order":0,"comment_status":"open","ping_status":"closed","template":"","meta":{"_acf_changed":false,"footnotes":""},"tags":[],"class_list":["post-598","page","type-page","status-publish","hentry"],"acf":[],"yoast_head":"<!-- This site is optimized with the Yoast SEO plugin v26.6 - https:\/\/yoast.com\/wordpress\/plugins\/seo\/ -->\n<title>About Ken Smith<\/title>\n<meta name=\"description\" content=\"Ken Smith is the creator of BlackjackInfo.com, an avid player and author, as well as a leading expert on blackjack tournament strategy.\" \/>\n<meta name=\"robots\" content=\"index, follow, max-snippet:-1, max-image-preview:large, max-video-preview:-1\" \/>\n<link rel=\"canonical\" href=\"https:\/\/www.blackjackinfo.com\/es\/ken-smith\/\" \/>\n<meta property=\"og:locale\" content=\"es_ES\" \/>\n<meta property=\"og:type\" content=\"article\" \/>\n<meta property=\"og:title\" content=\"About Ken Smith\" \/>\n<meta property=\"og:description\" content=\"Ken Smith is the creator of BlackjackInfo.com, an avid player and author, as well as a leading expert on blackjack tournament strategy.\" \/>\n<meta property=\"og:url\" content=\"https:\/\/www.blackjackinfo.com\/es\/ken-smith\/\" \/>\n<meta property=\"og:site_name\" content=\"BlackjackInfo.com\" \/>\n<meta property=\"article:modified_time\" content=\"2018-06-22T07:21:24+00:00\" \/>\n<meta name=\"twitter:label1\" content=\"Tiempo de lectura\" \/>\n\t<meta name=\"twitter:data1\" content=\"3 minutos\" \/>\n<script type=\"application\/ld+json\" class=\"yoast-schema-graph\">{\"@context\":\"https:\/\/schema.org\",\"@graph\":[{\"@type\":\"WebPage\",\"@id\":\"https:\/\/www.blackjackinfo.com\/ken-smith\/\",\"url\":\"https:\/\/www.blackjackinfo.com\/ken-smith\/\",\"name\":\"About Ken Smith\",\"isPartOf\":{\"@id\":\"https:\/\/www.blackjackinfo.com\/#website\"},\"datePublished\":\"2014-10-09T02:57:13+00:00\",\"dateModified\":\"2018-06-22T07:21:24+00:00\",\"description\":\"Ken Smith is the creator of BlackjackInfo.com, an avid player and author, as well as a leading expert on blackjack tournament strategy.\",\"breadcrumb\":{\"@id\":\"https:\/\/www.blackjackinfo.com\/ken-smith\/#breadcrumb\"},\"inLanguage\":\"es\",\"potentialAction\":[{\"@type\":\"ReadAction\",\"target\":[\"https:\/\/www.blackjackinfo.com\/ken-smith\/\"]}]},{\"@type\":\"BreadcrumbList\",\"@id\":\"https:\/\/www.blackjackinfo.com\/ken-smith\/#breadcrumb\",\"itemListElement\":[{\"@type\":\"ListItem\",\"position\":1,\"name\":\"Home\",\"item\":\"https:\/\/www.blackjackinfo.com\/\"},{\"@type\":\"ListItem\",\"position\":2,\"name\":\"About Ken Smith\"}]},{\"@type\":\"WebSite\",\"@id\":\"https:\/\/www.blackjackinfo.com\/#website\",\"url\":\"https:\/\/www.blackjackinfo.com\/\",\"name\":\"BlackjackInfo.com\",\"description\":\"Because Winning is More Fun!\",\"potentialAction\":[{\"@type\":\"SearchAction\",\"target\":{\"@type\":\"EntryPoint\",\"urlTemplate\":\"https:\/\/www.blackjackinfo.com\/?s={search_term_string}\"},\"query-input\":{\"@type\":\"PropertyValueSpecification\",\"valueRequired\":true,\"valueName\":\"search_term_string\"}}],\"inLanguage\":\"es\"}]}<\/script>\n<!-- \/ Yoast SEO plugin. -->","yoast_head_json":{"title":"Acerca de Ken Smith","description":"Ken Smith es el creador de BlackjackInfo.com, un \u00e1vido jugador y autor, as\u00ed como un destacado experto en estrategia de torneos de blackjack.","robots":{"index":"index","follow":"follow","max-snippet":"max-snippet:-1","max-image-preview":"max-image-preview:large","max-video-preview":"max-video-preview:-1"},"canonical":"https:\/\/www.blackjackinfo.com\/es\/ken-smith\/","og_locale":"es_ES","og_type":"article","og_title":"About Ken Smith","og_description":"Ken Smith is the creator of BlackjackInfo.com, an avid player and author, as well as a leading expert on blackjack tournament strategy.","og_url":"https:\/\/www.blackjackinfo.com\/es\/ken-smith\/","og_site_name":"BlackjackInfo.com","article_modified_time":"2018-06-22T07:21:24+00:00","twitter_misc":{"Tiempo de lectura":"3 minutos"},"schema":{"@context":"https:\/\/schema.org","@graph":[{"@type":"WebPage","@id":"https:\/\/www.blackjackinfo.com\/ken-smith\/","url":"https:\/\/www.blackjackinfo.com\/ken-smith\/","name":"Acerca de Ken Smith","isPartOf":{"@id":"https:\/\/www.blackjackinfo.com\/#website"},"datePublished":"2014-10-09T02:57:13+00:00","dateModified":"2018-06-22T07:21:24+00:00","description":"Ken Smith es el creador de BlackjackInfo.com, un \u00e1vido jugador y autor, as\u00ed como un destacado experto en estrategia de torneos de blackjack.","breadcrumb":{"@id":"https:\/\/www.blackjackinfo.com\/ken-smith\/#breadcrumb"},"inLanguage":"es","potentialAction":[{"@type":"ReadAction","target":["https:\/\/www.blackjackinfo.com\/ken-smith\/"]}]},{"@type":"BreadcrumbList","@id":"https:\/\/www.blackjackinfo.com\/ken-smith\/#breadcrumb","itemListElement":[{"@type":"ListItem","position":1,"name":"Home","item":"https:\/\/www.blackjackinfo.com\/"},{"@type":"ListItem","position":2,"name":"About Ken Smith"}]},{"@type":"WebSite","@id":"https:\/\/www.blackjackinfo.com\/#website","url":"https:\/\/www.blackjackinfo.com\/","name":"BlackjackInfo.com","description":"\u00a1Porque ganar es m\u00e1s divertido!","potentialAction":[{"@type":"SearchAction","target":{"@type":"EntryPoint","urlTemplate":"https:\/\/www.blackjackinfo.com\/?s={search_term_string}"},"query-input":{"@type":"PropertyValueSpecification","valueRequired":true,"valueName":"search_term_string"}}],"inLanguage":"es"}]}},"_links":{"self":[{"href":"https:\/\/www.blackjackinfo.com\/es\/wp-json\/wp\/v2\/pages\/598","targetHints":{"allow":["GET"]}}],"collection":[{"href":"https:\/\/www.blackjackinfo.com\/es\/wp-json\/wp\/v2\/pages"}],"about":[{"href":"https:\/\/www.blackjackinfo.com\/es\/wp-json\/wp\/v2\/types\/page"}],"author":[{"embeddable":true,"href":"https:\/\/www.blackjackinfo.com\/es\/wp-json\/wp\/v2\/users\/2"}],"replies":[{"embeddable":true,"href":"https:\/\/www.blackjackinfo.com\/es\/wp-json\/wp\/v2\/comments?post=598"}],"version-history":[{"count":24,"href":"https:\/\/www.blackjackinfo.com\/es\/wp-json\/wp\/v2\/pages\/598\/revisions"}],"predecessor-version":[{"id":3558,"href":"https:\/\/www.blackjackinfo.com\/es\/wp-json\/wp\/v2\/pages\/598\/revisions\/3558"}],"wp:attachment":[{"href":"https:\/\/www.blackjackinfo.com\/es\/wp-json\/wp\/v2\/media?parent=598"}],"wp:term":[{"taxonomy":"post_tag","embeddable":true,"href":"https:\/\/www.blackjackinfo.com\/es\/wp-json\/wp\/v2\/tags?post=598"}],"curies":[{"name":"wp","href":"https:\/\/api.w.org\/{rel}","templated":true}]}}