{"id":6176,"date":"2023-12-29T23:32:20","date_gmt":"2023-12-30T05:32:20","guid":{"rendered":"http:\/\/www.blackjackinfo.com\/?page_id=6176"},"modified":"2023-12-29T23:32:20","modified_gmt":"2023-12-30T05:32:20","slug":"blackjack-online-legal-en-west-virginia","status":"publish","type":"page","link":"https:\/\/www.blackjackinfo.com\/es\/us\/west-virginia-online-casinos\/legal-online-blackjack-in-west-virginia\/","title":{"rendered":"Blackjack en l\u00ednea legal en Virginia Occidental"},"content":{"rendered":"<p>Despu\u00e9s de pasar <a href=\"https:\/\/www.wvlegislature.gov\/Bill_Status\/bills_history.cfm?INPUT=2934&amp;year=2019&amp;sessiontype=RS\">HB2934<\/a> (la Ley de apuestas interactivas de la Loter\u00eda de Virginia Occidental) en marzo de 2019, Virginia Occidental se convirti\u00f3 en uno de los seis estados de Estados Unidos que han legalizado el juego de casino online. Esto ha allanado el camino para que el Estado de la Monta\u00f1a incorpore las apuestas interactivas a su perfil de juego y ha permitido que algunos de los mayores operadores empiecen a ofrecer sus servicios a los jugadores de VM.<\/p>\n<p>Desde julio de 2020, WV ha acogido a algo menos de una docena de ellos, todos supervisados por la Comisi\u00f3n de Loter\u00edas de Virginia Occidental. Adem\u00e1s, cada operador de juego de casino online deb\u00eda asociarse con uno de los casinos terrestres para que se le concediera una licencia de juego online. Otra limitaci\u00f3n vigente es que quienes quieran unirse a cualquiera de las plataformas y jugar a juegos como el blackjack deben tener al menos 21 a\u00f1os.<\/p>\n<p>Desde entonces, estos sitios se han convertido en verdaderos centros de juego, ya que operan 24 horas al d\u00eda, 7 d\u00edas a la semana, y renuevan regularmente sus bibliotecas de juegos. Si quieres probar el blackjack y otros t\u00edtulos emocionantes, qu\u00e9date con nosotros mientras hablamos de las mejores plataformas de casino en l\u00ednea disponibles en Virginia Occidental.<\/p>\n<h2>\u00bfD\u00f3nde puedo jugar al blackjack en l\u00ednea en Virginia Occidental?<\/h2>\n<p>Virginia Occidental cuenta actualmente con nueve operadores de casinos en l\u00ednea, cada uno de ellos famoso por ofrecer experiencias de juego de primer nivel. Con tantos de ellos, elegir el casino online de blackjack adecuado puede ser todo un reto. La mayor\u00eda de ellos tienen carteras ricas con muchos t\u00edtulos de blackjack, adem\u00e1s de presumir de bonos lucrativos y retiros r\u00e1pidos. Aqu\u00ed est\u00e1 la lista completa:<\/p>\n<h3>1.    BetMGM Casino WV<\/h3>\n<p>BetMGM es una empresa conjunta de MGM Resorts y Entain Holdings, y uno de los primeros operadores en operar en Mountain State. Este tit\u00e1n del sector gan\u00f3 mucha tracci\u00f3n desde el primer momento gracias a su plataforma intuitiva, sus ofertas promocionales y sus juegos de primera categor\u00eda. Adem\u00e1s, cuenta con una casa de apuestas deportivas y una sala de p\u00f3quer.<\/p>\n<p>BetMGM cuenta con m\u00e1s de 500 juegos, mientras que el lobby de juegos de mesa cuenta con varias docenas de opciones, m\u00e1s de 10 de las cuales son versiones de blackjack. Juegos como BetMGM Blackjack Player's Choice, Blackjack Stud Poker Pro, Blackjack Millionaire Pro, y BetMGM Blackjack Pro son algunos de los juegos que puedes disfrutar s\u00f3lo en este casino. Si te diriges a la secci\u00f3n Live Dealer, encontrar\u00e1s algunos juegos de blackjack impulsados principalmente por Evolution.<\/p>\n<p>Al registrarte en BetMGM y recargar tu cuenta con al menos $10, podr\u00e1s optar al bono de igualaci\u00f3n de 100% hasta $2.500. Adem\u00e1s, recibir\u00e1s 50 tiradas gratis y un bono de casino de $50 de la casa.<\/p>\n<h3>2.    Caesars Palace Casino WV<\/h3>\n<p>Caesars Palace es una de las principales marcas de casino online, y debut\u00f3 en VM en abril de 2021. Esta marca destaca por sus programas de recompensas, sus bonificaciones peri\u00f3dicas, sus apuestas deportivas y su enorme cartera de juegos. Con un cat\u00e1logo de 400 t\u00edtulos, Caesars Palace tiene todos los cl\u00e1sicos en un solo lugar, incluyendo tragaperras, juegos de mesa, juegos con crupier en vivo y opciones de la marca Caesars.<\/p>\n<p>Curiosamente, Caesars Palace alberga m\u00e1s t\u00edtulos de blackjack con crupier en vivo que con RNG, ofreci\u00e9ndole las opciones m\u00e1s populares como Classic Blackjack, Lightning Blackjack y First Person Blackjack. Los juegos son suministrados por Ezugi y retransmitidos desde estudios profesionales.<\/p>\n<p>Todos los jugadores de WV mayores de 21 a\u00f1os pueden optar al bono de dep\u00f3sito 100% de hasta $2.500. Adem\u00e1s, si apuestas $25 o m\u00e1s durante los primeros siete d\u00edas, el casino te lanzar\u00e1 2.500 cr\u00e9ditos de recompensa.<\/p>\n<h3>3.    DraftKings Casino WV<\/h3>\n<p>DraftKings fue la primera marca de casino online en iniciar sus operaciones en Virginia Occidental en julio de 2020. El operador tiene una de las apps m\u00e1s llamativas, y su esquema de colores se ha convertido en un icono en el mundo del juego. Una vez que inicies sesi\u00f3n en el sitio, encontrar\u00e1s una gran selecci\u00f3n de tragaperras, juegos de mesa, t\u00edtulos de crupier en vivo y varias docenas de opciones de arcade. DraftKings tambi\u00e9n tiene una casa de apuestas deportivas y es una de las mayores plataformas de deportes de fantas\u00eda diarios.<\/p>\n<p>Con casi 40 t\u00edtulos de blackjack disponibles, puedes elegir entre variantes cl\u00e1sicas como Spanish 21, Single Hand Blackjack, Unlimited Blackjack o Blackjack With Surrender y juegos de la marca DK, como DraftKings Bingo Blackjack y DraftKings Down Under Blackjack. Lo mejor es que la mayor\u00eda de estos lanzamientos cuentan con importes m\u00ednimos de apuesta de $1, lo que significa que DraftKings Casino es el lugar ideal si quieres empezar poco a poco.<\/p>\n<h3>4.    FanDuel Casino WV<\/h3>\n<p>Aunque es m\u00e1s conocido como operador de deportes de fantas\u00eda diarios, FanDuel tambi\u00e9n tiene un casino online y una casa de apuestas deportivas. Tras firmar un acuerdo con el Casino Greenbrier, inici\u00f3 sus operaciones en el Estado de las Monta\u00f1as en 2021. Lo primero que puedes notar al entrar en el sitio de FanDuel es la abundancia de ofertas de bonos disponibles para los jugadores nuevos y registrados de WV. Si es la primera vez que te registras, puedes conseguir un reembolso de hasta $1.000 en caso de que pierdas toda la cantidad que hayas depositado en un plazo de 24 horas.<\/p>\n<p>La plataforma FanDuel cuenta con una de las salas de juego m\u00e1s grandes de EE.UU., que te permite disfrutar de tragaperras, juegos de mesa, opciones de casino en vivo y v\u00eddeo p\u00f3quer, todo ello de la mano de los principales nombres de la industria, como Net Ent, GAN e IGT. Si el blackjack es su juego favorito, le encantar\u00e1 saber que aqu\u00ed puede probar dos docenas de t\u00edtulos, como Blackjack Classic, Blackjack X-Change, Zappit Blackjack, Platinum Blackjack SideBets, Blackjack Blazing 7s, Power Blackjack y muchas otras opciones.<\/p>\n<h3>5.    BetRivers Casino WV<\/h3>\n<p>BetRivers Casino comenz\u00f3 a funcionar en el Estado de las Monta\u00f1as en 2021 y r\u00e1pidamente se convirti\u00f3 en un popular destino de juego online. La plataforma es m\u00e1s conocida por su creciente n\u00famero de juegos de casino y programas de recompensas, lo que la convierte en un destino excelente tanto para jugadores veteranos como para novatos. Adem\u00e1s, BetRivers Casino cuenta con una amplia secci\u00f3n de apuestas deportivas y organiza lucrativos torneos de tragaperras.<\/p>\n<p>Sin embargo, muchos jugadores se sienten atra\u00eddos por ella gracias a su inmejorable promoci\u00f3n de bienvenida: un bono de reembolso de $500 con el que puedes contar si pierdes todo el dinero durante las 24 horas que dura la promoci\u00f3n. Y lo que es mejor, el requisito de apuesta es de solo 1 vez.<\/p>\n<p>En cuanto al blackjack, el sitio ofrece casi dos docenas de juegos, que cubren todos los imprescindibles. Entre ellos se incluyen Infinite Blackjack, Free Bet Blackjack, Lightning Blackjack First Person y Multihand Blackjack Surrender, por nombrar algunos. Si quieres experimentar con otras opciones de blackjack, no te pierdas los t\u00edtulos propios del casino: Blackjack Player's Choice o Poker &amp; Pairs Blackjack.<\/p>\n<h3>6.    Golden Nugget Casino WV<\/h3>\n<p>Tras conseguir una licencia gracias a la colaboraci\u00f3n con el Greenbrier, el galardonado Golden Nugget Casino lleg\u00f3 a la escena de la VM en diciembre de 2020. Los jugadores se sienten atra\u00eddos por sus fant\u00e1sticas promociones, excelentes opciones bancarias, juegos de alta calidad y un Club de Jugadores que te proporciona cr\u00e9ditos de casino (Coronas).<\/p>\n<p>Golden Nugget tiene un impresionante lobby de blackjack con m\u00e1s de dos docenas de t\u00edtulos modernos y tradicionales. De hecho, otros casinos de WV no pueden competir con \u00e9l en esta \u00e1rea. Si eres nuevo en el blackjack, lo mejor es empezar con el Blackjack Cl\u00e1sico, ya que las apuestas empiezan en $1 y llegan hasta $1.000. Otros t\u00edtulos populares son Multihand Blackjack, Single Hand Blackjack, Match the Dealer Blackjack y numerosos t\u00edtulos de la marca DraftKings, teniendo en cuenta que este casino es propiedad de DK.<\/p>\n<h3>7.    PointsBet Casino WV<\/h3>\n<p>PointsBet Casino apareci\u00f3 en la escena del juego de WV en 2022 a trav\u00e9s de una asociaci\u00f3n con Hollywood Casino. Se trata de una plataforma de juego relativamente peque\u00f1a con dep\u00f3sitos y retiradas m\u00ednimos bajos, lo que significa que su p\u00fablico objetivo no son los grandes apostadores, sino los jugadores que juegan con un presupuesto. El operador es muy conocido por sus apuestas deportivas, por lo que probablemente no haya ning\u00fan bono de bienvenida dirigido a jugadores de casino.<\/p>\n<p>Aun as\u00ed, cuenta con una buena cantidad de juegos de casino, todos ellos de IGT. La biblioteca incluye tragaperras, juegos de mesa, juegos con crupier en vivo y video p\u00f3quer. La selecci\u00f3n de blackjack es limitada, con solo dos variantes: Blackjack With Surrender y Multihand Blackjack With Surrender.<\/p>\n<h3>8.    Barstool Casino WV<\/h3>\n<p>Creado por Penn Entertainment y Barstool Sports, Barstool Casino es un operador de apuestas en l\u00ednea que ofrece juegos de casino y apuestas deportivas. Al registrarse en la plataforma, podr\u00e1 disfrutar de un bono de bienvenida de 24 horas sin riesgo por valor de hasta $1.000 en cr\u00e9ditos de bonificaci\u00f3n.<\/p>\n<p>En cuanto a juegos, Barstool cuenta con m\u00e1s de 300 t\u00edtulos de tragaperras, pero tambi\u00e9n tiene una colecci\u00f3n decente de juegos de mesa y con crupier en vivo. El casino dispone de juegos de blackjack RNG y con crupier en vivo, cada uno con sus propias apuestas y l\u00edmites. Blackjack With Surrender, First Person Blackjack e Infinite Blackjack son algunos de los t\u00edtulos disponibles.<\/p>\n<h3>9.    Betly Casino WV<\/h3>\n<p>Betly, propiedad de Delaware North, es un casino y casa de apuestas deportivas online con una plataforma f\u00e1cil de usar. A pesar de estar m\u00e1s centrado en las apuestas deportivas, este operador ofrece una s\u00f3lida colecci\u00f3n de juegos de casino, incluyendo tragaperras, jackpots, juegos de mesa y opciones de casino en vivo. Muchos jugadores se registran en la marca por sus tentadoras promociones, entre las que destaca el bono 200% de hasta $200 en tu primer dep\u00f3sito.<\/p>\n<p>Si navegas hasta la secci\u00f3n de juegos de mesa, encontrar\u00e1s una gran variedad de juegos de blackjack, como Free Bet Blackjack, Lightning Blackjack First Person, Infinite Blackjack y Classic Blackjack. Si quieres salir de tu zona de confort y probar algo nuevo, te recomendamos Blackjack Touch - Single Deck. Todos los t\u00edtulos son adecuados para principiantes, ya que las apuestas empiezan en $0,5 o $1 y llegan hasta $5.000.<\/p>\n<p><strong>Nota: <\/strong>Cabe mencionar que la Comisi\u00f3n de Loter\u00edas de Virginia Occidental ha aprobado otras dos licencias de casino online para Play'n Go Casino y Hacksaw Gaming Casino. Se espera que ambos operadores inicien sus operaciones en WV en un futuro pr\u00f3ximo.<\/p>","protected":false},"excerpt":{"rendered":"<p>After passing HB2934 (the West Virginia Lottery Interactive Wagering Act) in March 2019, West Virginia became one of the six US states that have legalized online casino gaming. This has paved the way for the Mountain State to incorporate interactive betting into its gambling profile and allowed some of the biggest operators to start offering [&hellip;]<\/p>\n","protected":false},"author":4,"featured_media":0,"parent":5729,"menu_order":0,"comment_status":"closed","ping_status":"closed","template":"","meta":{"_acf_changed":false,"footnotes":""},"tags":[],"class_list":["post-6176","page","type-page","status-publish","hentry"],"acf":[],"yoast_head":"<!-- This site is optimized with the Yoast SEO plugin v26.6 - https:\/\/yoast.com\/wordpress\/plugins\/seo\/ -->\n<title>Legal Online Blackjack in West Virginia<\/title>\n<meta name=\"description\" content=\"After passing HB2934 (the West Virginia Lottery Interactive Wagering Act) in March 2019, West Virginia became one of the six US states that have legalized\" \/>\n<meta name=\"robots\" content=\"index, follow, max-snippet:-1, max-image-preview:large, max-video-preview:-1\" \/>\n<link rel=\"canonical\" href=\"https:\/\/www.blackjackinfo.com\/es\/us\/west-virginia-online-casinos\/blackjack-online-legal-en-west-virginia\/\" \/>\n<meta property=\"og:locale\" content=\"es_ES\" \/>\n<meta property=\"og:type\" content=\"article\" \/>\n<meta property=\"og:title\" content=\"Legal Online Blackjack in West Virginia\" \/>\n<meta property=\"og:description\" content=\"After passing HB2934 (the West Virginia Lottery Interactive Wagering Act) in March 2019, West Virginia became one of the six US states that have legalized\" \/>\n<meta property=\"og:url\" content=\"https:\/\/www.blackjackinfo.com\/es\/us\/west-virginia-online-casinos\/blackjack-online-legal-en-west-virginia\/\" \/>\n<meta property=\"og:site_name\" content=\"BlackjackInfo.com\" \/>\n<meta name=\"twitter:label1\" content=\"Tiempo de lectura\" \/>\n\t<meta name=\"twitter:data1\" content=\"8 minutos\" \/>\n<script type=\"application\/ld+json\" class=\"yoast-schema-graph\">{\"@context\":\"https:\/\/schema.org\",\"@graph\":[{\"@type\":\"WebPage\",\"@id\":\"https:\/\/www.blackjackinfo.com\/us\/west-virginia-online-casinos\/legal-online-blackjack-in-west-virginia\/\",\"url\":\"https:\/\/www.blackjackinfo.com\/us\/west-virginia-online-casinos\/legal-online-blackjack-in-west-virginia\/\",\"name\":\"Legal Online Blackjack in West Virginia\",\"isPartOf\":{\"@id\":\"https:\/\/www.blackjackinfo.com\/#website\"},\"datePublished\":\"2023-12-30T05:32:20+00:00\",\"description\":\"After passing HB2934 (the West Virginia Lottery Interactive Wagering Act) in March 2019, West Virginia became one of the six US states that have legalized\",\"breadcrumb\":{\"@id\":\"https:\/\/www.blackjackinfo.com\/us\/west-virginia-online-casinos\/legal-online-blackjack-in-west-virginia\/#breadcrumb\"},\"inLanguage\":\"es\",\"potentialAction\":[{\"@type\":\"ReadAction\",\"target\":[\"https:\/\/www.blackjackinfo.com\/us\/west-virginia-online-casinos\/legal-online-blackjack-in-west-virginia\/\"]}]},{\"@type\":\"BreadcrumbList\",\"@id\":\"https:\/\/www.blackjackinfo.com\/us\/west-virginia-online-casinos\/legal-online-blackjack-in-west-virginia\/#breadcrumb\",\"itemListElement\":[{\"@type\":\"ListItem\",\"position\":1,\"name\":\"Home\",\"item\":\"https:\/\/www.blackjackinfo.com\/\"},{\"@type\":\"ListItem\",\"position\":2,\"name\":\"Online Casinos in the US\",\"item\":\"https:\/\/www.blackjackinfo.com\/us\/\"},{\"@type\":\"ListItem\",\"position\":3,\"name\":\"West Virginia Online Casinos\",\"item\":\"https:\/\/www.blackjackinfo.com\/us\/west-virginia-online-casinos\/\"},{\"@type\":\"ListItem\",\"position\":4,\"name\":\"Legal Online Blackjack in West Virginia\"}]},{\"@type\":\"WebSite\",\"@id\":\"https:\/\/www.blackjackinfo.com\/#website\",\"url\":\"https:\/\/www.blackjackinfo.com\/\",\"name\":\"BlackjackInfo.com\",\"description\":\"Because Winning is More Fun!\",\"potentialAction\":[{\"@type\":\"SearchAction\",\"target\":{\"@type\":\"EntryPoint\",\"urlTemplate\":\"https:\/\/www.blackjackinfo.com\/?s={search_term_string}\"},\"query-input\":{\"@type\":\"PropertyValueSpecification\",\"valueRequired\":true,\"valueName\":\"search_term_string\"}}],\"inLanguage\":\"es\"}]}<\/script>\n<!-- \/ Yoast SEO plugin. -->","yoast_head_json":{"title":"Blackjack en l\u00ednea legal en Virginia Occidental","description":"Tras aprobar la ley HB2934 (Ley de apuestas interactivas de loter\u00eda de Virginia Occidental) en marzo de 2019, Virginia Occidental se convirti\u00f3 en uno de los seis estados de Estados Unidos que han legalizado","robots":{"index":"index","follow":"follow","max-snippet":"max-snippet:-1","max-image-preview":"max-image-preview:large","max-video-preview":"max-video-preview:-1"},"canonical":"https:\/\/www.blackjackinfo.com\/es\/us\/west-virginia-online-casinos\/blackjack-online-legal-en-west-virginia\/","og_locale":"es_ES","og_type":"article","og_title":"Legal Online Blackjack in West Virginia","og_description":"After passing HB2934 (the West Virginia Lottery Interactive Wagering Act) in March 2019, West Virginia became one of the six US states that have legalized","og_url":"https:\/\/www.blackjackinfo.com\/es\/us\/west-virginia-online-casinos\/blackjack-online-legal-en-west-virginia\/","og_site_name":"BlackjackInfo.com","twitter_misc":{"Tiempo de lectura":"8 minutos"},"schema":{"@context":"https:\/\/schema.org","@graph":[{"@type":"WebPage","@id":"https:\/\/www.blackjackinfo.com\/us\/west-virginia-online-casinos\/legal-online-blackjack-in-west-virginia\/","url":"https:\/\/www.blackjackinfo.com\/us\/west-virginia-online-casinos\/legal-online-blackjack-in-west-virginia\/","name":"Blackjack en l\u00ednea legal en Virginia Occidental","isPartOf":{"@id":"https:\/\/www.blackjackinfo.com\/#website"},"datePublished":"2023-12-30T05:32:20+00:00","description":"Tras aprobar la ley HB2934 (Ley de apuestas interactivas de loter\u00eda de Virginia Occidental) en marzo de 2019, Virginia Occidental se convirti\u00f3 en uno de los seis estados de Estados Unidos que han legalizado","breadcrumb":{"@id":"https:\/\/www.blackjackinfo.com\/us\/west-virginia-online-casinos\/legal-online-blackjack-in-west-virginia\/#breadcrumb"},"inLanguage":"es","potentialAction":[{"@type":"ReadAction","target":["https:\/\/www.blackjackinfo.com\/us\/west-virginia-online-casinos\/legal-online-blackjack-in-west-virginia\/"]}]},{"@type":"BreadcrumbList","@id":"https:\/\/www.blackjackinfo.com\/us\/west-virginia-online-casinos\/legal-online-blackjack-in-west-virginia\/#breadcrumb","itemListElement":[{"@type":"ListItem","position":1,"name":"Home","item":"https:\/\/www.blackjackinfo.com\/"},{"@type":"ListItem","position":2,"name":"Online Casinos in the US","item":"https:\/\/www.blackjackinfo.com\/us\/"},{"@type":"ListItem","position":3,"name":"West Virginia Online Casinos","item":"https:\/\/www.blackjackinfo.com\/us\/west-virginia-online-casinos\/"},{"@type":"ListItem","position":4,"name":"Legal Online Blackjack in West Virginia"}]},{"@type":"WebSite","@id":"https:\/\/www.blackjackinfo.com\/#website","url":"https:\/\/www.blackjackinfo.com\/","name":"BlackjackInfo.com","description":"\u00a1Porque ganar es m\u00e1s divertido!","potentialAction":[{"@type":"SearchAction","target":{"@type":"EntryPoint","urlTemplate":"https:\/\/www.blackjackinfo.com\/?s={search_term_string}"},"query-input":{"@type":"PropertyValueSpecification","valueRequired":true,"valueName":"search_term_string"}}],"inLanguage":"es"}]}},"_links":{"self":[{"href":"https:\/\/www.blackjackinfo.com\/es\/wp-json\/wp\/v2\/pages\/6176","targetHints":{"allow":["GET"]}}],"collection":[{"href":"https:\/\/www.blackjackinfo.com\/es\/wp-json\/wp\/v2\/pages"}],"about":[{"href":"https:\/\/www.blackjackinfo.com\/es\/wp-json\/wp\/v2\/types\/page"}],"author":[{"embeddable":true,"href":"https:\/\/www.blackjackinfo.com\/es\/wp-json\/wp\/v2\/users\/4"}],"replies":[{"embeddable":true,"href":"https:\/\/www.blackjackinfo.com\/es\/wp-json\/wp\/v2\/comments?post=6176"}],"version-history":[{"count":1,"href":"https:\/\/www.blackjackinfo.com\/es\/wp-json\/wp\/v2\/pages\/6176\/revisions"}],"predecessor-version":[{"id":6177,"href":"https:\/\/www.blackjackinfo.com\/es\/wp-json\/wp\/v2\/pages\/6176\/revisions\/6177"}],"up":[{"embeddable":true,"href":"https:\/\/www.blackjackinfo.com\/es\/wp-json\/wp\/v2\/pages\/5729"}],"wp:attachment":[{"href":"https:\/\/www.blackjackinfo.com\/es\/wp-json\/wp\/v2\/media?parent=6176"}],"wp:term":[{"taxonomy":"post_tag","embeddable":true,"href":"https:\/\/www.blackjackinfo.com\/es\/wp-json\/wp\/v2\/tags?post=6176"}],"curies":[{"name":"wp","href":"https:\/\/api.w.org\/{rel}","templated":true}]}}