{"id":634,"date":"2014-10-11T21:57:49","date_gmt":"2014-10-12T02:57:49","guid":{"rendered":"http:\/\/test.blackjackinfo.com\/?page_id=634"},"modified":"2025-04-23T03:30:25","modified_gmt":"2025-04-23T08:30:25","slug":"escuela-de-blackjack","status":"publish","type":"page","link":"https:\/\/www.blackjackinfo.com\/es\/blackjack-school\/","title":{"rendered":"Escuela de Blackjack - Una clase gratuita de 24 lecciones sobre el conteo de cartas"},"content":{"rendered":"<h2 class=\"big under-line gray\">Bienvenido a la Escuela de Blackjack de GameMaster<\/h2>\n<p class=\"entry-meta text-right\">por el <a href=\"\/gamemaster\/\">GameMaster<\/a>reproducido con autorizaci\u00f3n.<\/p>\n<h2>Breve introducci\u00f3n<\/h2>\n<p>Estoy muy contento y orgulloso de anunciar la revisi\u00f3n completa de <strong>Escuela de Blackjack del GameMaster<\/strong>. Para aquellos que no est\u00e1n familiarizados con mi \"escuela\", se trata de una serie de 24 lecciones escritas que pueden ense\u00f1arle a jugar una partida ganadora de Blackjack. <strong>Aqu\u00ed... hemos reunido todo el plan de estudios, ampliado y perfeccionado las lecciones y a\u00f1adido recursos adicionales<\/strong>.<\/p>\n<p>Cuando el estado de Missouri legaliz\u00f3 los juegos de casino en 1994, desarroll\u00e9 un curso de instrucci\u00f3n que mostrar\u00eda a la gente c\u00f3mo obtener una ventaja sobre los juegos de Blackjack del casino. Este curso, que yo impart\u00eda en mi casa, costaba originalmente $400 y eso inclu\u00eda todos los materiales de formaci\u00f3n, cuatro sesiones \"en el aula\" de unas 2 horas cada una, que se repart\u00edan en un per\u00edodo de cuatro semanas y una sesi\u00f3n de juego en la que yo iba a un casino local con mis graduados para evaluar sus habilidades en el fragor de la batalla, por as\u00ed decirlo.<\/p>\n<p>En 1995, fui uno de los fundadores de <strong>Rolling Good Times en l\u00ednea<\/strong> (rgtonline.com), la primera \"E-zine\" de apuestas de Internet y fue entonces cuando empec\u00e9 a convertir mi curso en una serie de lecciones escritas para presentarlas como una \"escuela\" gratuita basada en Internet. Hasta ahora esas lecciones se han mantenido pr\u00e1cticamente sin cambios y ahora han sido autorizadas para aparecer en m\u00e1s de 120 sitios web relacionados con el juego.<\/p>\n<p><strong>En julio de 1997 inaugur\u00e9 nuestro sitio web insignia <a href=\"\/gamemaster\/\">El GameMaster en l\u00ednea<\/a><\/strong>Desde ese d\u00eda hemos servido a la comunidad del blackjack y del juego con literalmente cientos de art\u00edculos sobre c\u00f3mo \"obtener ventaja\" en los casinos. Creo que esta escuela es el punto central de muchos de estos esfuerzos.<\/p>\n<h3 class=\"gbs-heading\">A veces s\u00f3lo necesitas un punto de partida.<\/h3>\n<p><strong>El blackjack es un juego de habilidad y aqu\u00ed es donde puedes aprender las habilidades que se necesitan para ganar al juego.<\/strong><\/p>\n<p><strong>Las 24 lecciones que ver\u00e1s aqu\u00ed te llevar\u00e1n paso a paso a trav\u00e9s del proceso de aprender c\u00f3mo jugar cada mano correctamente, c\u00f3mo contar las cartas, c\u00f3mo y cu\u00e1ndo apostar correctamente y literalmente cientos de otros \"trucos del oficio\".<\/strong> El curso es largo, pero esto no es algo que tengas que aprender de la noche a la ma\u00f1ana. T\u00f3mate tu tiempo, haz lo que te decimos y pronto estar\u00e1s en camino de jugar una partida ganadora de Blackjack.<\/p>\n<p>Comienza en <a href=\"\/blackjack-school\/lesson-01-basic-strategy\/\">Lecci\u00f3n 1<\/a> y llegar tan lejos y tan r\u00e1pido como desee. La emoci\u00f3n de ganar en el Blackjack de casino est\u00e1 literalmente al alcance de tu mano.<\/p>\n<span id=\"post-ratings-634\" class=\"post-ratings\" data-nonce=\"ef4b8284cc\"><img decoding=\"async\" id=\"rating_634_1\" src=\"https:\/\/www.blackjackinfo.com\/content\/plugins\/wp-postratings\/images\/stars\/rating_on.gif\" alt=\"1 Star\" title=\"1 Star\" onmouseover=\"current_rating(634, 1, '1 Star');\" onmouseout=\"ratings_off(3.5, 4, 0);\" onclick=\"rate_post();\" onkeypress=\"rate_post();\" style=\"cursor: pointer; border: 0px;\" data-no-auto-translation=\"\" \/><img decoding=\"async\" id=\"rating_634_2\" src=\"https:\/\/www.blackjackinfo.com\/content\/plugins\/wp-postratings\/images\/stars\/rating_on.gif\" alt=\"2 Stars\" title=\"2 Stars\" onmouseover=\"current_rating(634, 2, '2 Stars');\" onmouseout=\"ratings_off(3.5, 4, 0);\" onclick=\"rate_post();\" onkeypress=\"rate_post();\" style=\"cursor: pointer; border: 0px;\" data-no-auto-translation=\"\" \/><img decoding=\"async\" id=\"rating_634_3\" src=\"https:\/\/www.blackjackinfo.com\/content\/plugins\/wp-postratings\/images\/stars\/rating_on.gif\" alt=\"3 Stars\" title=\"3 Stars\" onmouseover=\"current_rating(634, 3, '3 Stars');\" onmouseout=\"ratings_off(3.5, 4, 0);\" onclick=\"rate_post();\" onkeypress=\"rate_post();\" style=\"cursor: pointer; border: 0px;\" data-no-auto-translation=\"\" \/><img decoding=\"async\" id=\"rating_634_4\" src=\"https:\/\/www.blackjackinfo.com\/content\/plugins\/wp-postratings\/images\/stars\/rating_half.gif\" alt=\"4 Stars\" title=\"4 Stars\" onmouseover=\"current_rating(634, 4, '4 Stars');\" onmouseout=\"ratings_off(3.5, 4, 0);\" onclick=\"rate_post();\" onkeypress=\"rate_post();\" style=\"cursor: pointer; border: 0px;\" data-no-auto-translation=\"\" \/><img decoding=\"async\" id=\"rating_634_5\" src=\"https:\/\/www.blackjackinfo.com\/content\/plugins\/wp-postratings\/images\/stars\/rating_off.gif\" alt=\"5 Stars\" title=\"5 Stars\" onmouseover=\"current_rating(634, 5, '5 Stars');\" onmouseout=\"ratings_off(3.5, 4, 0);\" onclick=\"rate_post();\" onkeypress=\"rate_post();\" style=\"cursor: pointer; border: 0px;\" data-no-auto-translation=\"\" \/> (<strong>29<\/strong> votos, media: <strong>3,48<\/strong> de 5)<br \/><span class=\"post-ratings-text\" id=\"ratings_634_text\"><\/span><\/span><span id=\"post-ratings-634-loading\" class=\"post-ratings-loading\"><img loading=\"lazy\" decoding=\"async\" src=\"https:\/\/www.blackjackinfo.com\/content\/plugins\/wp-postratings\/images\/loading.gif\" width=\"16\" height=\"16\" class=\"post-ratings-image\" data-no-auto-translation=\"\" \/>Cargando...<\/span>","protected":false},"excerpt":{"rendered":"<p>Welcome to the GameMaster Blackjack School by the GameMaster, reprinted with permission. A brief introduction I am very pleased and proud to announce the complete revision of The GameMaster&#8217;s Blackjack School. For those who aren&#8217;t familiar with my &#8220;school&#8221;, this is a series of 24 written lessons that can teach you how to play a [&hellip;]<\/p>\n","protected":false},"author":2,"featured_media":0,"parent":0,"menu_order":0,"comment_status":"open","ping_status":"open","template":"","meta":{"_acf_changed":false,"footnotes":""},"tags":[],"class_list":["post-634","page","type-page","status-publish","hentry"],"acf":[],"yoast_head":"<!-- This site is optimized with the Yoast SEO plugin v26.6 - https:\/\/yoast.com\/wordpress\/plugins\/seo\/ -->\n<title>Blackjack Card Counting Course - A Comprehensive 24 Lesson Series<\/title>\n<meta name=\"description\" content=\"The GameMaster&#039;s Blackjack School is a card counting course teaching you to win in 24 lessons. Basic strategy to card counting, one step at a time.\" \/>\n<meta name=\"robots\" content=\"index, follow, max-snippet:-1, max-image-preview:large, max-video-preview:-1\" \/>\n<link rel=\"canonical\" href=\"https:\/\/www.blackjackinfo.com\/es\/escuela-de-blackjack\/\" \/>\n<meta property=\"og:locale\" content=\"es_ES\" \/>\n<meta property=\"og:type\" content=\"article\" \/>\n<meta property=\"og:title\" content=\"Blackjack Card Counting Course - A Comprehensive 24 Lesson Series\" \/>\n<meta property=\"og:description\" content=\"The GameMaster&#039;s Blackjack School is a card counting course teaching you to win in 24 lessons. Basic strategy to card counting, one step at a time.\" \/>\n<meta property=\"og:url\" content=\"https:\/\/www.blackjackinfo.com\/es\/escuela-de-blackjack\/\" \/>\n<meta property=\"og:site_name\" content=\"BlackjackInfo.com\" \/>\n<meta property=\"article:modified_time\" content=\"2025-04-23T08:30:25+00:00\" \/>\n<meta name=\"twitter:label1\" content=\"Tiempo de lectura\" \/>\n\t<meta name=\"twitter:data1\" content=\"2 minutos\" \/>\n<script type=\"application\/ld+json\" class=\"yoast-schema-graph\">{\"@context\":\"https:\/\/schema.org\",\"@graph\":[{\"@type\":\"WebPage\",\"@id\":\"https:\/\/www.blackjackinfo.com\/blackjack-school\/\",\"url\":\"https:\/\/www.blackjackinfo.com\/blackjack-school\/\",\"name\":\"Blackjack Card Counting Course - A Comprehensive 24 Lesson Series\",\"isPartOf\":{\"@id\":\"https:\/\/www.blackjackinfo.com\/#website\"},\"datePublished\":\"2014-10-12T02:57:49+00:00\",\"dateModified\":\"2025-04-23T08:30:25+00:00\",\"description\":\"The GameMaster's Blackjack School is a card counting course teaching you to win in 24 lessons. Basic strategy to card counting, one step at a time.\",\"breadcrumb\":{\"@id\":\"https:\/\/www.blackjackinfo.com\/blackjack-school\/#breadcrumb\"},\"inLanguage\":\"es\",\"potentialAction\":[{\"@type\":\"ReadAction\",\"target\":[\"https:\/\/www.blackjackinfo.com\/blackjack-school\/\"]}]},{\"@type\":\"BreadcrumbList\",\"@id\":\"https:\/\/www.blackjackinfo.com\/blackjack-school\/#breadcrumb\",\"itemListElement\":[{\"@type\":\"ListItem\",\"position\":1,\"name\":\"Home\",\"item\":\"https:\/\/www.blackjackinfo.com\/\"},{\"@type\":\"ListItem\",\"position\":2,\"name\":\"Blackjack School &#8211; A Free 24-Lesson Class on Card Counting\"}]},{\"@type\":\"WebSite\",\"@id\":\"https:\/\/www.blackjackinfo.com\/#website\",\"url\":\"https:\/\/www.blackjackinfo.com\/\",\"name\":\"BlackjackInfo.com\",\"description\":\"Because Winning is More Fun!\",\"potentialAction\":[{\"@type\":\"SearchAction\",\"target\":{\"@type\":\"EntryPoint\",\"urlTemplate\":\"https:\/\/www.blackjackinfo.com\/?s={search_term_string}\"},\"query-input\":{\"@type\":\"PropertyValueSpecification\",\"valueRequired\":true,\"valueName\":\"search_term_string\"}}],\"inLanguage\":\"es\"}]}<\/script>\n<!-- \/ Yoast SEO plugin. -->","yoast_head_json":{"title":"Curso de conteo de cartas en el Blackjack - Serie completa de 24 lecciones","description":"The GameMaster's Blackjack School es un curso de conteo de cartas que te ense\u00f1a a ganar en 24 lecciones. Estrategia b\u00e1sica para contar cartas, paso a paso.","robots":{"index":"index","follow":"follow","max-snippet":"max-snippet:-1","max-image-preview":"max-image-preview:large","max-video-preview":"max-video-preview:-1"},"canonical":"https:\/\/www.blackjackinfo.com\/es\/escuela-de-blackjack\/","og_locale":"es_ES","og_type":"article","og_title":"Blackjack Card Counting Course - A Comprehensive 24 Lesson Series","og_description":"The GameMaster's Blackjack School is a card counting course teaching you to win in 24 lessons. Basic strategy to card counting, one step at a time.","og_url":"https:\/\/www.blackjackinfo.com\/es\/escuela-de-blackjack\/","og_site_name":"BlackjackInfo.com","article_modified_time":"2025-04-23T08:30:25+00:00","twitter_misc":{"Tiempo de lectura":"2 minutos"},"schema":{"@context":"https:\/\/schema.org","@graph":[{"@type":"WebPage","@id":"https:\/\/www.blackjackinfo.com\/blackjack-school\/","url":"https:\/\/www.blackjackinfo.com\/blackjack-school\/","name":"Curso de conteo de cartas en el Blackjack - Serie completa de 24 lecciones","isPartOf":{"@id":"https:\/\/www.blackjackinfo.com\/#website"},"datePublished":"2014-10-12T02:57:49+00:00","dateModified":"2025-04-23T08:30:25+00:00","description":"The GameMaster's Blackjack School es un curso de conteo de cartas que te ense\u00f1a a ganar en 24 lecciones. Estrategia b\u00e1sica para contar cartas, paso a paso.","breadcrumb":{"@id":"https:\/\/www.blackjackinfo.com\/blackjack-school\/#breadcrumb"},"inLanguage":"es","potentialAction":[{"@type":"ReadAction","target":["https:\/\/www.blackjackinfo.com\/blackjack-school\/"]}]},{"@type":"BreadcrumbList","@id":"https:\/\/www.blackjackinfo.com\/blackjack-school\/#breadcrumb","itemListElement":[{"@type":"ListItem","position":1,"name":"Home","item":"https:\/\/www.blackjackinfo.com\/"},{"@type":"ListItem","position":2,"name":"Blackjack School &#8211; A Free 24-Lesson Class on Card Counting"}]},{"@type":"WebSite","@id":"https:\/\/www.blackjackinfo.com\/#website","url":"https:\/\/www.blackjackinfo.com\/","name":"BlackjackInfo.com","description":"\u00a1Porque ganar es m\u00e1s divertido!","potentialAction":[{"@type":"SearchAction","target":{"@type":"EntryPoint","urlTemplate":"https:\/\/www.blackjackinfo.com\/?s={search_term_string}"},"query-input":{"@type":"PropertyValueSpecification","valueRequired":true,"valueName":"search_term_string"}}],"inLanguage":"es"}]}},"_links":{"self":[{"href":"https:\/\/www.blackjackinfo.com\/es\/wp-json\/wp\/v2\/pages\/634","targetHints":{"allow":["GET"]}}],"collection":[{"href":"https:\/\/www.blackjackinfo.com\/es\/wp-json\/wp\/v2\/pages"}],"about":[{"href":"https:\/\/www.blackjackinfo.com\/es\/wp-json\/wp\/v2\/types\/page"}],"author":[{"embeddable":true,"href":"https:\/\/www.blackjackinfo.com\/es\/wp-json\/wp\/v2\/users\/2"}],"replies":[{"embeddable":true,"href":"https:\/\/www.blackjackinfo.com\/es\/wp-json\/wp\/v2\/comments?post=634"}],"version-history":[{"count":31,"href":"https:\/\/www.blackjackinfo.com\/es\/wp-json\/wp\/v2\/pages\/634\/revisions"}],"predecessor-version":[{"id":8296,"href":"https:\/\/www.blackjackinfo.com\/es\/wp-json\/wp\/v2\/pages\/634\/revisions\/8296"}],"wp:attachment":[{"href":"https:\/\/www.blackjackinfo.com\/es\/wp-json\/wp\/v2\/media?parent=634"}],"wp:term":[{"taxonomy":"post_tag","embeddable":true,"href":"https:\/\/www.blackjackinfo.com\/es\/wp-json\/wp\/v2\/tags?post=634"}],"curies":[{"name":"wp","href":"https:\/\/api.w.org\/{rel}","templated":true}]}}