{"id":6458,"date":"2024-09-15T01:42:20","date_gmt":"2024-09-15T06:42:20","guid":{"rendered":"https:\/\/www.blackjackinfo.com\/?page_id=6458"},"modified":"2024-09-15T01:53:35","modified_gmt":"2024-09-15T06:53:35","slug":"que-pasa-con-kyc-y-los-casinos-en-linea","status":"publish","type":"page","link":"https:\/\/www.blackjackinfo.com\/es\/whats-the-deal-with-kyc-and-online-casinos\/","title":{"rendered":"\u00bfQu\u00e9 pasa con KYC y los casinos en l\u00ednea?"},"content":{"rendered":"<p>\u00bfSe ha preguntado alguna vez por qu\u00e9 los casinos en l\u00ednea le piden su DNI y otros datos personales antes de dejarle jugar? Aqu\u00ed es donde <strong>Conozca a su cliente (KYC)<\/strong> entra en juego. Por muy molesto que resulte, las plataformas necesitan verificar su identidad para garantizar el cumplimiento de la normativa y protegerse contra los delitos financieros.<\/p>\n\n\n\n<p>En el mundo de los juegos de azar en l\u00ednea, KYC es extremadamente importante. Ayuda a crear un entorno seguro y digno de confianza al detener problemas como el blanqueo de dinero, la usurpaci\u00f3n de identidad y el juego de menores. Tanto los operadores como los jugadores deben conocer los procesos de CSC. No s\u00f3lo mantiene la seguridad de la plataforma, sino que tambi\u00e9n aumenta la confianza de los usuarios, haciendo que la experiencia de juego sea m\u00e1s agradable y fiable.<\/p>\n\n\n\n<h2 class=\"wp-block-heading\" id=\"heading-1-understanding-kyc-in-online-casinos\">Comprender el CSC en los casinos en l\u00ednea<\/h2>\n\n\n\n<p><strong>Conozca a su cliente (KYC)<\/strong> es un proceso obligatorio utilizado por los casinos en l\u00ednea para verificar la identidad de sus jugadores. No se trata s\u00f3lo de cumplir las normas, sino de crear un entorno seguro y fiable para todos los implicados.<\/p>\n\n\n\n<h3 class=\"wp-block-heading\" id=\"heading-2-key-components-of-the-kyc-process\">Componentes clave del proceso CSC<\/h3>\n\n\n\n<ol class=\"wp-block-list\">\n<li><strong>Verificaci\u00f3n de identidad<\/strong>: La clave del KYC es confirmar que un jugador es quien dice ser. Esto implica recopilar informaci\u00f3n personal como el nombre, la fecha de nacimiento y la direcci\u00f3n, normalmente a trav\u00e9s de documentos de identidad emitidos por el gobierno o facturas de servicios p\u00fablicos.<\/li>\n\n\n\n<li><strong>Diligencia debida sobre el cliente (DDC)<\/strong>: M\u00e1s all\u00e1 de la mera identificaci\u00f3n de un jugador, la DDC eval\u00faa el nivel de riesgo asociado a cada cliente. Esto significa examinar sus antecedentes financieros y su historial de transacciones para asegurarse de que no est\u00e1n implicados en actividades ilegales.<\/li>\n<\/ol>\n\n\n\n<h3 class=\"wp-block-heading\" id=\"heading-3-kyc-vs-aml-processes\">Procesos CSC frente a procesos AML<\/h3>\n\n\n\n<p>Mientras que KYC se centra en verificar las identidades y evaluar el riesgo, <strong>Prevenci\u00f3n del blanqueo de capitales (AML)<\/strong> procesos son m\u00e1s amplios. La lucha contra el blanqueo de capitales incluye la vigilancia continua de las transacciones para detectar y prevenir las actividades de blanqueo de capitales. Piense en KYC como el control de seguridad inicial, mientras que AML es el sistema de vigilancia continua que mantiene un ojo hacia fuera para el comportamiento sospechoso.<\/p>\n\n\n\n<p>Comprender estos componentes ayuda tanto a los operadores como a los jugadores a entender por qu\u00e9 estas comprobaciones son esenciales. No son meros obst\u00e1culos reglamentarios, sino pasos cruciales para mantener un espacio de juego en l\u00ednea seguro.<\/p>\n\n\n\n<h2 class=\"wp-block-heading\" id=\"heading-4-the-importance-of-kyc-for-online-gambling-platforms\">La importancia del CSC para las plataformas de juego en l\u00ednea<\/h2>\n\n\n\n<p><strong>Cumplimiento de la normativa<\/strong> y <strong>prevenci\u00f3n del fraude<\/strong> son fundamentales para la integridad de las plataformas de juego en l\u00ednea. Los procesos KYC (Know Your Customer) desempe\u00f1an un papel crucial en la prevenci\u00f3n de delitos financieros como el blanqueo de capitales y la usurpaci\u00f3n de identidad.<\/p>\n\n\n\n<h3 class=\"wp-block-heading\" id=\"heading-5-key-benefits-of-kyc\">Principales ventajas de KYC:<\/h3>\n\n\n\n<ol class=\"wp-block-list\">\n<li><strong>Prevenci\u00f3n de delitos financieros<\/strong>: Al verificar la identidad de los clientes, los protocolos CSC ayudan a detectar y prevenir actividades fraudulentas, como el blanqueo de dinero y la usurpaci\u00f3n de identidad.<\/li>\n\n\n\n<li><strong>Aumentar la legitimidad de la plataforma<\/strong>: Un proceso KYC s\u00f3lido indica a los usuarios que la plataforma es fiable. Esto aumenta la confianza de los usuarios y anima a m\u00e1s personas a registrarse y jugar.<\/li>\n\n\n\n<li><strong>Fomentar la confianza de los usuarios<\/strong>: Cuando los jugadores saben que sus datos est\u00e1n seguros y que la plataforma cumple la normativa, se sienten m\u00e1s seguros. Esta confianza se traduce en mayores tasas de retenci\u00f3n de usuarios.<\/li>\n<\/ol>\n\n\n\n<h3 class=\"wp-block-heading\" id=\"heading-6-real-world-consequences-of-non-compliance\">Consecuencias reales del incumplimiento:<\/h3>\n\n\n\n<p>Las empresas que ignoran los requisitos de CSC se enfrentan a graves sanciones. Por ejemplo:<\/p>\n\n\n\n<ul class=\"wp-block-list\">\n<li><strong>Corona Resorts<\/strong>: <a href=\"https:\/\/ministers.ag.gov.au\/media-centre\/crown-ordered-pay-450-million-penalty-its-breaches-amlctf-act-11-07-2023\">En 2023, Crown Resorts fue multada con 450 millones de d\u00f3lares australianos por infringir la Ley de PBC\/FT de Australia. Su incumplimiento de las normas CSC provoc\u00f3 enormes p\u00e9rdidas econ\u00f3micas y da\u00f1os a su reputaci\u00f3n.<\/a><\/li>\n\n\n\n<li><strong>Grupo Entain<\/strong>: <a href=\"https:\/\/www.gamblingcommission.gov.uk\/news\/article\/entain-to-pay-gbp17-million-for-regulatory-failures\">Multada con 17 millones de libras en 2022 por incumplimientos en materia de responsabilidad social y lucha contra el blanqueo de capitales. El incumplimiento no solo conllev\u00f3 sanciones econ\u00f3micas, sino que tambi\u00e9n afect\u00f3 a su credibilidad en el mercado.<\/a><\/li>\n\n\n\n<li><strong>Betway (Reino Unido)<\/strong> - <a href=\"https:\/\/www.gamblingcommission.gov.uk\/public-and-players\/guide\/page\/betway-to-pay-gbp11-6m-for-failings-linked-to-vip-customers\">Multada con 11,6 millones de libras en 2020. La Comisi\u00f3n del Juego del Reino Unido descubri\u00f3 que Betway no hab\u00eda realizado comprobaciones adecuadas de los clientes que m\u00e1s gastaban, algunos de los cuales hab\u00edan depositado grandes sumas de dinero sin demostrar la legitimidad de sus fondos. Esto suscit\u00f3 preocupaci\u00f3n por el posible blanqueo de dinero y el perjuicio para los jugadores problem\u00e1ticos.<\/a><\/li>\n\n\n\n<li><strong>Grupo William Hill<\/strong> (REINO UNIDO) - <a href=\"https:\/\/www.gamblingcommission.gov.uk\/news\/article\/william-hill-group-businesses-to-pay-record-gbp19-2m-for-failures\">En 2023, la Comisi\u00f3n del Juego del Reino Unido impuso a William Hill una multa r\u00e9cord de 19,2 millones de libras. Se descubri\u00f3 que la empresa no realizaba controles adecuados de los grandes dep\u00f3sitos de los clientes, y se permiti\u00f3 a uno de ellos perder 23.000 libras esterlinas en solo 20 minutos sin ninguna diligencia debida ni verificaci\u00f3n de su origen de fondos.<\/a><\/li>\n<\/ul>\n\n\n\n<p>Al hacer hincapi\u00e9 en la importancia de la verificaci\u00f3n de los datos personales, las plataformas de juego en l\u00ednea pueden protegerse de los delitos financieros, mantener las normas reglamentarias y crear un entorno de confianza para sus usuarios.<\/p>\n\n\n\n<h2 class=\"wp-block-heading\" id=\"heading-7-kyc-procedures-required-by-online-casinos\">Procedimientos CSC exigidos por los casinos en l\u00ednea<\/h2>\n\n\n\n<p>Aunque el proceso KYC de los casinos en l\u00ednea puede parecer abrumador, en realidad est\u00e1 dise\u00f1ado para crear un entorno de juego seguro. He aqu\u00ed un desglose de los principales pasos a seguir:<\/p>\n\n\n\n<h3 class=\"wp-block-heading\" id=\"heading-8-steps-involved-in-the-kyc-process-for-online-casinos\">Pasos del proceso KYC en los casinos en l\u00ednea<\/h3>\n\n\n\n<ol class=\"wp-block-list\">\n<li><strong>Registro de cuentas<\/strong>:<\/li>\n<\/ol>\n\n\n\n<ul class=\"wp-block-list\">\n<li>Los jugadores deben facilitar informaci\u00f3n personal b\u00e1sica como nombre, direcci\u00f3n y fecha de nacimiento.<\/li>\n<\/ul>\n\n\n\n<ol class=\"wp-block-list\">\n<li><strong>Verificaci\u00f3n de documentos<\/strong>:<\/li>\n<\/ol>\n\n\n\n<ul class=\"wp-block-list\">\n<li>Presentaci\u00f3n de un documento de identidad expedido por el gobierno (pasaporte, permiso de conducir) para acreditar la identidad.<\/li>\n\n\n\n<li>Las facturas de servicios p\u00fablicos o los extractos bancarios pueden ser necesarios para verificar la direcci\u00f3n.<\/li>\n<\/ul>\n\n\n\n<ol class=\"wp-block-list\">\n<li><strong>Verificaci\u00f3n de la edad en el juego<\/strong>:<\/li>\n<\/ol>\n\n\n\n<ul class=\"wp-block-list\">\n<li>Un paso crucial para garantizar que los jugadores tienen la edad legal para jugar, evitando el juego de menores.<\/li>\n<\/ul>\n\n\n\n<ol class=\"wp-block-list\">\n<li><strong>Verificaci\u00f3n del m\u00e9todo de pago<\/strong>:<\/li>\n<\/ol>\n\n\n\n<ul class=\"wp-block-list\">\n<li>La verificaci\u00f3n de m\u00e9todos de pago como tarjetas de cr\u00e9dito o monederos electr\u00f3nicos a\u00f1ade una capa adicional de seguridad contra el fraude.<\/li>\n<\/ul>\n\n\n\n<ol class=\"wp-block-list\">\n<li><strong>Pr\u00e1cticas de supervisi\u00f3n continua (diligencia debida reforzada)<\/strong>:<\/li>\n<\/ol>\n\n\n\n<ul class=\"wp-block-list\">\n<li>Supervisi\u00f3n peri\u00f3dica de la actividad de los jugadores para detectar comportamientos sospechosos.<\/li>\n\n\n\n<li>Due Diligence reforzada para los actores de alto riesgo o las grandes transacciones, garantizando el cumplimiento continuo de la normativa.<\/li>\n<\/ul>\n\n\n\n<h3 class=\"wp-block-heading\" id=\"heading-9-importance-of-age-verification-and-payment-method-verification\">Importancia de la verificaci\u00f3n de la edad y del m\u00e9todo de pago<\/h3>\n\n\n\n<p>La verificaci\u00f3n de la edad es fundamental para mantener la integridad de la plataforma y cumplir los requisitos legales. La verificaci\u00f3n del m\u00e9todo de pago no solo garantiza la seguridad de las transacciones, sino que tambi\u00e9n ayuda a identificar posibles fraudes o actividades de blanqueo de capitales.<\/p>\n\n\n\n<p>Comprender estos procedimientos puede aumentar la confianza entre los jugadores y las plataformas, fomentando una experiencia de juego en l\u00ednea m\u00e1s segura.<\/p>\n\n\n\n<h2 class=\"wp-block-heading\" id=\"heading-10-risks-associated-with-no-kyc-casinos\">Riesgos asociados a los casinos sin CSC<\/h2>\n\n\n\n<p>Saltarse las comprobaciones KYC puede acarrear graves problemas tanto para los operadores como para los jugadores. He aqu\u00ed algunos peligros potenciales:<\/p>\n\n\n\n<h3 class=\"wp-block-heading\" id=\"heading-11-1-fake-identities-and-fraudulent-activities\"><strong>1. Identidades falsas y actividades fraudulentas<\/strong><\/h3>\n\n\n\n<p>Sin una verificaci\u00f3n adecuada, los casinos se convierten en un terreno de juego para los estafadores. Se pueden utilizar identidades falsas para aprovechar promociones o blanquear dinero a trav\u00e9s de varias cuentas.<\/p>\n\n\n\n<h3 class=\"wp-block-heading\" id=\"heading-12-2-underage-gambling-risks\"><strong>2. Riesgos del juego en menores<\/strong><\/h3>\n\n\n\n<p>Sin la verificaci\u00f3n de la edad, los menores podr\u00edan acceder a las plataformas de juego, lo que acarrear\u00eda problemas legales a los operadores y posibles perjuicios a los j\u00f3venes.<\/p>\n\n\n\n<h3 class=\"wp-block-heading\" id=\"heading-13-3-legal-implications\"><strong>3. 3. Implicaciones jur\u00eddicas<\/strong><\/h3>\n\n\n\n<p>Operar sin controles KYC abre la puerta a importantes riesgos legales. Los organismos reguladores imponen cuantiosas multas a los operadores que incumplen la normativa KYC.<\/p>\n\n\n\n<p>La comprensi\u00f3n de estos riesgos subraya la necesidad de contar con s\u00f3lidos procesos KYC para salvaguardar tanto la plataforma como a sus usuarios.<\/p>\n\n\n\n<h2 class=\"wp-block-heading\" id=\"heading-18-regulatory-requirements-and-compliance-challenges-faced-by-online-casinos-with-kyc-implementation\">Requisitos normativos y retos de cumplimiento a los que se enfrentan los casinos en l\u00ednea con la implantaci\u00f3n de KYC<\/h2>\n\n\n\n<h3 class=\"wp-block-heading\" id=\"heading-19-global-gambling-regulations-regarding-kyc-requirements\">Normativa mundial sobre el juego en relaci\u00f3n con los requisitos KYC<\/h3>\n\n\n\n<p>La normativa del juego en l\u00ednea var\u00eda considerablemente en todo el mundo. Jurisdicciones como el Reino Unido, Malta y Australia tienen estrictos requisitos de CSC para combatir el blanqueo de dinero y garantizar entornos de juego seguros. La Comisi\u00f3n del Juego del Reino Unido obliga a los operadores a verificar la identidad del cliente antes de permitir cualquier actividad de juego. Del mismo modo, la Autoridad del Juego de Malta impone rigurosos controles KYC a todos los operadores con licencia.<\/p>\n\n\n\n<h3 class=\"wp-block-heading\" id=\"heading-20-variations-in-compliance-obligations-across-jurisdictions\">Variaciones de las obligaciones de cumplimiento en las distintas jurisdicciones<\/h3>\n\n\n\n<p>Las obligaciones de cumplimiento pueden variar mucho:<\/p>\n\n\n\n<ul class=\"wp-block-list\">\n<li><strong>Europa<\/strong>: La 5\u00aa Directiva contra el Blanqueo de Capitales (AMLD5) se aplica en todos los Estados miembros de la UE, estableciendo un list\u00f3n muy alto para el cumplimiento de la normativa CSC.<\/li>\n\n\n\n<li><strong>Estados Unidos<\/strong>: La normativa var\u00eda seg\u00fan el Estado. Algunos exigen comprobaciones exhaustivas, mientras que otros tienen requisitos menos estrictos.<\/li>\n\n\n\n<li><strong>Asia<\/strong>: Pa\u00edses como Jap\u00f3n y Singapur est\u00e1n introduciendo leyes KYC m\u00e1s estrictas, aunque su aplicaci\u00f3n puede ser incoherente.<\/li>\n<\/ul>\n\n\n\n<h2 class=\"wp-block-heading\">Recomendaciones de lecturas complementarias<\/h2>\n\n\n\n<ul class=\"wp-block-list\">\n<li><a href=\"https:\/\/sumsub.com\/blog\/kyc-in-gambling\">https:\/\/sumsub.com\/blog\/kyc-in-gambling<\/a><\/li>\n<\/ul>","protected":false},"excerpt":{"rendered":"<p>Ever wondered why online casinos ask for your ID and other personal details before letting you play? This is where Know Your Customer (KYC) comes into play. As annoying as it is, platforms need to verify your identity to ensure regulatory compliance and safeguard against financial crimes. In the world of online gambling, KYC is [&hellip;]<\/p>\n","protected":false},"author":4,"featured_media":0,"parent":0,"menu_order":0,"comment_status":"closed","ping_status":"closed","template":"","meta":{"_acf_changed":false,"footnotes":""},"tags":[],"class_list":["post-6458","page","type-page","status-publish","hentry"],"acf":[],"yoast_head":"<!-- This site is optimized with the Yoast SEO plugin v26.6 - https:\/\/yoast.com\/wordpress\/plugins\/seo\/ -->\n<title>What&#039;s the Deal with KYC and Online Casinos?<\/title>\n<meta name=\"description\" content=\"Ever wondered why online casinos ask for your ID and other personal details before letting you play? This is where Know Your Customer (KYC) comes into\" \/>\n<meta name=\"robots\" content=\"index, follow, max-snippet:-1, max-image-preview:large, max-video-preview:-1\" \/>\n<link rel=\"canonical\" href=\"https:\/\/www.blackjackinfo.com\/es\/que-pasa-con-kyc-y-los-casinos-en-linea\/\" \/>\n<meta property=\"og:locale\" content=\"es_ES\" \/>\n<meta property=\"og:type\" content=\"article\" \/>\n<meta property=\"og:title\" content=\"What&#039;s the Deal with KYC and Online Casinos?\" \/>\n<meta property=\"og:description\" content=\"Ever wondered why online casinos ask for your ID and other personal details before letting you play? This is where Know Your Customer (KYC) comes into\" \/>\n<meta property=\"og:url\" content=\"https:\/\/www.blackjackinfo.com\/es\/que-pasa-con-kyc-y-los-casinos-en-linea\/\" \/>\n<meta property=\"og:site_name\" content=\"BlackjackInfo.com\" \/>\n<meta property=\"article:modified_time\" content=\"2024-09-15T06:53:35+00:00\" \/>\n<meta name=\"twitter:label1\" content=\"Tiempo de lectura\" \/>\n\t<meta name=\"twitter:data1\" content=\"5 minutos\" \/>\n<script type=\"application\/ld+json\" class=\"yoast-schema-graph\">{\"@context\":\"https:\/\/schema.org\",\"@graph\":[{\"@type\":\"WebPage\",\"@id\":\"https:\/\/www.blackjackinfo.com\/whats-the-deal-with-kyc-and-online-casinos\/\",\"url\":\"https:\/\/www.blackjackinfo.com\/whats-the-deal-with-kyc-and-online-casinos\/\",\"name\":\"What's the Deal with KYC and Online Casinos?\",\"isPartOf\":{\"@id\":\"https:\/\/www.blackjackinfo.com\/#website\"},\"datePublished\":\"2024-09-15T06:42:20+00:00\",\"dateModified\":\"2024-09-15T06:53:35+00:00\",\"description\":\"Ever wondered why online casinos ask for your ID and other personal details before letting you play? This is where Know Your Customer (KYC) comes into\",\"breadcrumb\":{\"@id\":\"https:\/\/www.blackjackinfo.com\/whats-the-deal-with-kyc-and-online-casinos\/#breadcrumb\"},\"inLanguage\":\"es\",\"potentialAction\":[{\"@type\":\"ReadAction\",\"target\":[\"https:\/\/www.blackjackinfo.com\/whats-the-deal-with-kyc-and-online-casinos\/\"]}]},{\"@type\":\"BreadcrumbList\",\"@id\":\"https:\/\/www.blackjackinfo.com\/whats-the-deal-with-kyc-and-online-casinos\/#breadcrumb\",\"itemListElement\":[{\"@type\":\"ListItem\",\"position\":1,\"name\":\"Home\",\"item\":\"https:\/\/www.blackjackinfo.com\/\"},{\"@type\":\"ListItem\",\"position\":2,\"name\":\"What&#8217;s the Deal with KYC and Online Casinos?\"}]},{\"@type\":\"WebSite\",\"@id\":\"https:\/\/www.blackjackinfo.com\/#website\",\"url\":\"https:\/\/www.blackjackinfo.com\/\",\"name\":\"BlackjackInfo.com\",\"description\":\"Because Winning is More Fun!\",\"potentialAction\":[{\"@type\":\"SearchAction\",\"target\":{\"@type\":\"EntryPoint\",\"urlTemplate\":\"https:\/\/www.blackjackinfo.com\/?s={search_term_string}\"},\"query-input\":{\"@type\":\"PropertyValueSpecification\",\"valueRequired\":true,\"valueName\":\"search_term_string\"}}],\"inLanguage\":\"es\"}]}<\/script>\n<!-- \/ Yoast SEO plugin. -->","yoast_head_json":{"title":"\u00bfQu\u00e9 pasa con KYC y los casinos en l\u00ednea?","description":"\u00bfSe ha preguntado alguna vez por qu\u00e9 los casinos en l\u00ednea le piden su DNI y otros datos personales antes de dejarle jugar? Aqu\u00ed es donde entra en juego \"Conozca a su cliente\" (KYC).","robots":{"index":"index","follow":"follow","max-snippet":"max-snippet:-1","max-image-preview":"max-image-preview:large","max-video-preview":"max-video-preview:-1"},"canonical":"https:\/\/www.blackjackinfo.com\/es\/que-pasa-con-kyc-y-los-casinos-en-linea\/","og_locale":"es_ES","og_type":"article","og_title":"What's the Deal with KYC and Online Casinos?","og_description":"Ever wondered why online casinos ask for your ID and other personal details before letting you play? This is where Know Your Customer (KYC) comes into","og_url":"https:\/\/www.blackjackinfo.com\/es\/que-pasa-con-kyc-y-los-casinos-en-linea\/","og_site_name":"BlackjackInfo.com","article_modified_time":"2024-09-15T06:53:35+00:00","twitter_misc":{"Tiempo de lectura":"5 minutos"},"schema":{"@context":"https:\/\/schema.org","@graph":[{"@type":"WebPage","@id":"https:\/\/www.blackjackinfo.com\/whats-the-deal-with-kyc-and-online-casinos\/","url":"https:\/\/www.blackjackinfo.com\/whats-the-deal-with-kyc-and-online-casinos\/","name":"\u00bfQu\u00e9 pasa con KYC y los casinos en l\u00ednea?","isPartOf":{"@id":"https:\/\/www.blackjackinfo.com\/#website"},"datePublished":"2024-09-15T06:42:20+00:00","dateModified":"2024-09-15T06:53:35+00:00","description":"\u00bfSe ha preguntado alguna vez por qu\u00e9 los casinos en l\u00ednea le piden su DNI y otros datos personales antes de dejarle jugar? Aqu\u00ed es donde entra en juego \"Conozca a su cliente\" (KYC).","breadcrumb":{"@id":"https:\/\/www.blackjackinfo.com\/whats-the-deal-with-kyc-and-online-casinos\/#breadcrumb"},"inLanguage":"es","potentialAction":[{"@type":"ReadAction","target":["https:\/\/www.blackjackinfo.com\/whats-the-deal-with-kyc-and-online-casinos\/"]}]},{"@type":"BreadcrumbList","@id":"https:\/\/www.blackjackinfo.com\/whats-the-deal-with-kyc-and-online-casinos\/#breadcrumb","itemListElement":[{"@type":"ListItem","position":1,"name":"Home","item":"https:\/\/www.blackjackinfo.com\/"},{"@type":"ListItem","position":2,"name":"What&#8217;s the Deal with KYC and Online Casinos?"}]},{"@type":"WebSite","@id":"https:\/\/www.blackjackinfo.com\/#website","url":"https:\/\/www.blackjackinfo.com\/","name":"BlackjackInfo.com","description":"\u00a1Porque ganar es m\u00e1s divertido!","potentialAction":[{"@type":"SearchAction","target":{"@type":"EntryPoint","urlTemplate":"https:\/\/www.blackjackinfo.com\/?s={search_term_string}"},"query-input":{"@type":"PropertyValueSpecification","valueRequired":true,"valueName":"search_term_string"}}],"inLanguage":"es"}]}},"_links":{"self":[{"href":"https:\/\/www.blackjackinfo.com\/es\/wp-json\/wp\/v2\/pages\/6458","targetHints":{"allow":["GET"]}}],"collection":[{"href":"https:\/\/www.blackjackinfo.com\/es\/wp-json\/wp\/v2\/pages"}],"about":[{"href":"https:\/\/www.blackjackinfo.com\/es\/wp-json\/wp\/v2\/types\/page"}],"author":[{"embeddable":true,"href":"https:\/\/www.blackjackinfo.com\/es\/wp-json\/wp\/v2\/users\/4"}],"replies":[{"embeddable":true,"href":"https:\/\/www.blackjackinfo.com\/es\/wp-json\/wp\/v2\/comments?post=6458"}],"version-history":[{"count":4,"href":"https:\/\/www.blackjackinfo.com\/es\/wp-json\/wp\/v2\/pages\/6458\/revisions"}],"predecessor-version":[{"id":6466,"href":"https:\/\/www.blackjackinfo.com\/es\/wp-json\/wp\/v2\/pages\/6458\/revisions\/6466"}],"wp:attachment":[{"href":"https:\/\/www.blackjackinfo.com\/es\/wp-json\/wp\/v2\/media?parent=6458"}],"wp:term":[{"taxonomy":"post_tag","embeddable":true,"href":"https:\/\/www.blackjackinfo.com\/es\/wp-json\/wp\/v2\/tags?post=6458"}],"curies":[{"name":"wp","href":"https:\/\/api.w.org\/{rel}","templated":true}]}}