{"id":6460,"date":"2024-09-15T01:22:26","date_gmt":"2024-09-15T06:22:26","guid":{"rendered":"https:\/\/www.blackjackinfo.com\/?page_id=6460"},"modified":"2024-11-01T04:23:58","modified_gmt":"2024-11-01T09:23:58","slug":"casinos-en-linea","status":"publish","type":"page","link":"https:\/\/www.blackjackinfo.com\/es\/online-casinos\/","title":{"rendered":"Casinos en l\u00ednea - \u00bfC\u00f3mo funcionan?"},"content":{"rendered":"<p>Est\u00e1 interesado en jugar en un casino en l\u00ednea, pero \u00bfc\u00f3mo puede estar seguro de que es de fiar? El sector del juego en l\u00ednea mueve ya m\u00e1s de 160.000 millones de euros en todo el mundo y se prev\u00e9 que crezca otros 111.000 millones cada a\u00f1o, as\u00ed que no est\u00e1 solo. Millones de personas disfrutan cada d\u00eda de la comodidad y la emoci\u00f3n de los casinos en l\u00ednea. Pero, naturalmente, surge la cuesti\u00f3n de la equidad: al fin y al cabo, todo el mundo quiere tener una oportunidad justa de ganar. <\/p>\n\n\n\n<p>Veamos c\u00f3mo los casinos en l\u00ednea garantizan el juego limpio y c\u00f3mo puede empezar, si decide hacerlo.<\/p>\n\n\n\n<h2 class=\"wp-block-heading\">\u00bfC\u00f3mo hacen los casinos en l\u00ednea para que los juegos sean justos?<\/h2>\n\n\n\n<p>Una de las principales formas en que los casinos en l\u00ednea garantizan el juego limpio es a trav\u00e9s de una tecnolog\u00eda llamada <strong><a href=\"https:\/\/www.youtube.com\/watch?v=MNNcn5_K78k\">Generador de n\u00fameros aleatorios (RNG)<\/a><\/strong>. Un RNG es un sofisticado software dise\u00f1ado para producir resultados aleatorios cada vez que giras una tragaperras, sacas una carta o tiras los dados en l\u00ednea. <\/p>\n\n\n\n<p>Este software, desarrollado por proveedores tan conocidos como <strong>Microgaming<\/strong>, <strong>NetEnt<\/strong>y <strong>Playtech<\/strong>garantiza que el resultado de cada partida sea totalmente impredecible y no pueda manipularse. Al utilizar software RNG de confianza, los casinos online pueden imitar la aleatoriedad de los juegos f\u00edsicos, ofreciendo a los jugadores una aut\u00e9ntica oportunidad de ganar.<\/p>\n\n\n\n<h2 class=\"wp-block-heading\">Variedad de juegos: \u00bfQui\u00e9n est\u00e1 realmente detr\u00e1s de sus m\u00e1quinas tragaperras y juegos de mesa favoritos?<\/h2>\n\n\n\n<p>Los casinos en l\u00ednea dependen en gran medida de los proveedores de software con los que se asocian. Estos proveedores son empresas especializadas responsables de crear las tragaperras, los juegos de mesa y las opciones de crupier en vivo que se ven en el sitio. Por ejemplo, empresas como <strong>NetEnt<\/strong> se centran en las tragaperras, conocidas por sus atractivos temas y su gran calidad visual, mientras que <strong>Juegos Evolution<\/strong> es famoso por desarrollar juegos con crupier en vivo que pretenden recrear la sensaci\u00f3n de un casino real. Cada proveedor tiene su propio estilo y puntos fuertes, lo que significa que los casinos con distintas asociaciones ofrecer\u00e1n bibliotecas de juegos \u00fanicas.<\/p>\n\n\n\n<p>Si un casino se asocia con varios proveedores, puede ofrecer una amplia gama de tipos y estilos de juego, atendiendo a las distintas preferencias de los jugadores. Por lo tanto, al explorar la selecci\u00f3n de juegos de un casino, es \u00fatil echar un vistazo a los proveedores de software que est\u00e1n detr\u00e1s de los juegos. Su implicaci\u00f3n puede darle una idea del tipo de experiencia y calidad que puede esperar. Tambi\u00e9n sirve para asegurarse de que los juegos son leg\u00edtimos, ya que los proveedores de software de buena reputaci\u00f3n son auditados para comprobar su imparcialidad. <\/p>\n\n\n\n<h2 class=\"wp-block-heading\">\u00bfC\u00f3mo se auditan estos sistemas?<\/h2>\n\n\n\n<p>Para dar m\u00e1s confianza a los jugadores, los casinos reputados se someten a controles peri\u00f3dicos. <strong>auditor\u00edas de terceros<\/strong> para verificar que sus RNG funcionan correctamente. Las agencias de pruebas independientes, como <strong>eCOGRA<\/strong>, <strong>Laboratorios iTech<\/strong>y <strong>GLI (Gaming Laboratories International)<\/strong>realizan pruebas exhaustivas del software. Estas auditor\u00edas garantizan que los RNG ofrecen resultados realmente aleatorios, lo que confirma que ni el casino ni los jugadores tienen una ventaja injusta.<\/p>\n\n\n\n<p>Cuando un casino muestra un certificado o sello de estas agencias, indica que los juegos han superado estrictas pruebas de imparcialidad y transparencia. Los auditores comprueban aspectos como los porcentajes de pago y la consistencia de la aleatoriedad para asegurarse de que todo es correcto.<\/p>\n\n\n\n<h2 class=\"wp-block-heading\">\u00bfQui\u00e9n se asegura de que los casinos cumplan las normas?<\/h2>\n\n\n\n<p>Para ganarse la confianza de los jugadores, los casinos de renombre est\u00e1n autorizados y regulados por autoridades del juego de confianza. Estas autoridades, por ejemplo, la <strong>Autoridad del Juego de Malta<\/strong> o <strong>Comisi\u00f3n del Juego del Reino Unido<\/strong>Estas organizaciones aplican normas estrictas para garantizar que los casinos sean justos y seguros. Cuando un casino tiene licencia de una de estas organizaciones, significa que ha superado controles detallados y es supervisado peri\u00f3dicamente.<\/p>\n\n\n\n<h2 class=\"wp-block-heading\">\u00bfEs legal?<\/h2>\n\n\n\n<p>La legalidad de las apuestas en l\u00ednea var\u00eda significativamente en funci\u00f3n de su ubicaci\u00f3n, ya que cada pa\u00eds o regi\u00f3n tiene sus propias leyes que rigen esta actividad. En algunos lugares, el juego online est\u00e1 totalmente legalizado y regulado, lo que ofrece un amplio abanico de opciones a los jugadores. <\/p>\n\n\n\n<p>Por el contrario, otras zonas pueden imponer restricciones estrictas o prohibiciones absolutas a los casinos en l\u00ednea, por lo que es ilegal para los residentes participar en ellos. Adem\u00e1s, incluso en los pa\u00edses en los que el juego online es legal, existen normativas espec\u00edficas que dictan qu\u00e9 tipos de juegos est\u00e1n permitidos, qui\u00e9n puede operar un casino y c\u00f3mo se conceden las licencias. <\/p>\n\n\n\n<p>Por lo tanto, es esencial que los jugadores conozcan su legislaci\u00f3n local antes de participar en apuestas en l\u00ednea para garantizar el cumplimiento y evitar posibles problemas legales.<\/p>\n\n\n\n<h2 class=\"wp-block-heading\">Conclusi\u00f3n: El juego limpio es clave para ganarse la confianza<\/h2>\n\n\n\n<p>Para los casinos, la confianza del jugador lo es todo, por lo que invierten mucho en tecnolog\u00eda y cumplimiento de las normas para mantener un entorno justo. Si est\u00e1s empezando, elige casinos con licencia, con certificaciones de autoridades acreditadas y auditor\u00edas independientes. <\/p>\n\n\n\n<p>Hacemos todo lo posible por incluir s\u00f3lo casinos de buena reputaci\u00f3n en nuestro sitio, sin embargo, al igual que con la compra de cualquier cosa en l\u00ednea, le recomendamos que haga su investigaci\u00f3n y siempre lea cuidadosamente los t\u00e9rminos y condiciones antes de apostar en l\u00ednea.<\/p>\n\n\n\n<h2 class=\"wp-block-heading\">Art\u00edculos relacionados<\/h2>\n\n\n\n<ul class=\"wp-block-list\">\n<li><a href=\"https:\/\/www.blackjackinfo.com\/are-online-casinos-rigged\/\">\u00bfEst\u00e1n ama\u00f1ados los casinos en l\u00ednea?<\/a><\/li>\n<\/ul>","protected":false},"excerpt":{"rendered":"<p>So, you\u2019re interested in playing at a casino online, but how can you be sure they\u2019re trustworthy? With the online gambling industry now worth over $60 billion globally and expected to grow by another 11% each year, you\u2019re certainly not alone! Millions of people are enjoying the convenience and excitement of online casinos every day. [&hellip;]<\/p>\n","protected":false},"author":4,"featured_media":0,"parent":0,"menu_order":0,"comment_status":"closed","ping_status":"closed","template":"","meta":{"_acf_changed":false,"footnotes":""},"tags":[],"class_list":["post-6460","page","type-page","status-publish","hentry"],"acf":[],"yoast_head":"<!-- This site is optimized with the Yoast SEO plugin v26.6 - https:\/\/yoast.com\/wordpress\/plugins\/seo\/ -->\n<title>Online Casinos - How do they Work?<\/title>\n<meta name=\"description\" content=\"So, you\u2019re interested in playing at a casino online, but how can you be sure they\u2019re trustworthy? With the online gambling industry now worth over $60\" \/>\n<meta name=\"robots\" content=\"index, follow, max-snippet:-1, max-image-preview:large, max-video-preview:-1\" \/>\n<link rel=\"canonical\" href=\"https:\/\/www.blackjackinfo.com\/es\/casinos-en-linea\/\" \/>\n<meta property=\"og:locale\" content=\"es_ES\" \/>\n<meta property=\"og:type\" content=\"article\" \/>\n<meta property=\"og:title\" content=\"Online Casinos - How do they Work?\" \/>\n<meta property=\"og:description\" content=\"So, you\u2019re interested in playing at a casino online, but how can you be sure they\u2019re trustworthy? With the online gambling industry now worth over $60\" \/>\n<meta property=\"og:url\" content=\"https:\/\/www.blackjackinfo.com\/es\/casinos-en-linea\/\" \/>\n<meta property=\"og:site_name\" content=\"BlackjackInfo.com\" \/>\n<meta property=\"article:modified_time\" content=\"2024-11-01T09:23:58+00:00\" \/>\n<meta name=\"twitter:label1\" content=\"Tiempo de lectura\" \/>\n\t<meta name=\"twitter:data1\" content=\"4 minutos\" \/>\n<script type=\"application\/ld+json\" class=\"yoast-schema-graph\">{\"@context\":\"https:\/\/schema.org\",\"@graph\":[{\"@type\":\"WebPage\",\"@id\":\"https:\/\/www.blackjackinfo.com\/online-casinos\/\",\"url\":\"https:\/\/www.blackjackinfo.com\/online-casinos\/\",\"name\":\"Online Casinos - How do they Work?\",\"isPartOf\":{\"@id\":\"https:\/\/www.blackjackinfo.com\/#website\"},\"datePublished\":\"2024-09-15T06:22:26+00:00\",\"dateModified\":\"2024-11-01T09:23:58+00:00\",\"description\":\"So, you\u2019re interested in playing at a casino online, but how can you be sure they\u2019re trustworthy? With the online gambling industry now worth over $60\",\"breadcrumb\":{\"@id\":\"https:\/\/www.blackjackinfo.com\/online-casinos\/#breadcrumb\"},\"inLanguage\":\"es\",\"potentialAction\":[{\"@type\":\"ReadAction\",\"target\":[\"https:\/\/www.blackjackinfo.com\/online-casinos\/\"]}]},{\"@type\":\"BreadcrumbList\",\"@id\":\"https:\/\/www.blackjackinfo.com\/online-casinos\/#breadcrumb\",\"itemListElement\":[{\"@type\":\"ListItem\",\"position\":1,\"name\":\"Home\",\"item\":\"https:\/\/www.blackjackinfo.com\/\"},{\"@type\":\"ListItem\",\"position\":2,\"name\":\"Online Casinos &#8211; How do they Work?\"}]},{\"@type\":\"WebSite\",\"@id\":\"https:\/\/www.blackjackinfo.com\/#website\",\"url\":\"https:\/\/www.blackjackinfo.com\/\",\"name\":\"BlackjackInfo.com\",\"description\":\"Because Winning is More Fun!\",\"potentialAction\":[{\"@type\":\"SearchAction\",\"target\":{\"@type\":\"EntryPoint\",\"urlTemplate\":\"https:\/\/www.blackjackinfo.com\/?s={search_term_string}\"},\"query-input\":{\"@type\":\"PropertyValueSpecification\",\"valueRequired\":true,\"valueName\":\"search_term_string\"}}],\"inLanguage\":\"es\"}]}<\/script>\n<!-- \/ Yoast SEO plugin. -->","yoast_head_json":{"title":"Casinos en l\u00ednea - \u00bfC\u00f3mo funcionan?","description":"Est\u00e1 interesado en jugar en un casino en l\u00ednea, pero \u00bfc\u00f3mo puede estar seguro de que es de fiar? El sector del juego en l\u00ednea mueve m\u00e1s de $60","robots":{"index":"index","follow":"follow","max-snippet":"max-snippet:-1","max-image-preview":"max-image-preview:large","max-video-preview":"max-video-preview:-1"},"canonical":"https:\/\/www.blackjackinfo.com\/es\/casinos-en-linea\/","og_locale":"es_ES","og_type":"article","og_title":"Online Casinos - How do they Work?","og_description":"So, you\u2019re interested in playing at a casino online, but how can you be sure they\u2019re trustworthy? With the online gambling industry now worth over $60","og_url":"https:\/\/www.blackjackinfo.com\/es\/casinos-en-linea\/","og_site_name":"BlackjackInfo.com","article_modified_time":"2024-11-01T09:23:58+00:00","twitter_misc":{"Tiempo de lectura":"4 minutos"},"schema":{"@context":"https:\/\/schema.org","@graph":[{"@type":"WebPage","@id":"https:\/\/www.blackjackinfo.com\/online-casinos\/","url":"https:\/\/www.blackjackinfo.com\/online-casinos\/","name":"Casinos en l\u00ednea - \u00bfC\u00f3mo funcionan?","isPartOf":{"@id":"https:\/\/www.blackjackinfo.com\/#website"},"datePublished":"2024-09-15T06:22:26+00:00","dateModified":"2024-11-01T09:23:58+00:00","description":"Est\u00e1 interesado en jugar en un casino en l\u00ednea, pero \u00bfc\u00f3mo puede estar seguro de que es de fiar? El sector del juego en l\u00ednea mueve m\u00e1s de $60","breadcrumb":{"@id":"https:\/\/www.blackjackinfo.com\/online-casinos\/#breadcrumb"},"inLanguage":"es","potentialAction":[{"@type":"ReadAction","target":["https:\/\/www.blackjackinfo.com\/online-casinos\/"]}]},{"@type":"BreadcrumbList","@id":"https:\/\/www.blackjackinfo.com\/online-casinos\/#breadcrumb","itemListElement":[{"@type":"ListItem","position":1,"name":"Home","item":"https:\/\/www.blackjackinfo.com\/"},{"@type":"ListItem","position":2,"name":"Online Casinos &#8211; How do they Work?"}]},{"@type":"WebSite","@id":"https:\/\/www.blackjackinfo.com\/#website","url":"https:\/\/www.blackjackinfo.com\/","name":"BlackjackInfo.com","description":"\u00a1Porque ganar es m\u00e1s divertido!","potentialAction":[{"@type":"SearchAction","target":{"@type":"EntryPoint","urlTemplate":"https:\/\/www.blackjackinfo.com\/?s={search_term_string}"},"query-input":{"@type":"PropertyValueSpecification","valueRequired":true,"valueName":"search_term_string"}}],"inLanguage":"es"}]}},"_links":{"self":[{"href":"https:\/\/www.blackjackinfo.com\/es\/wp-json\/wp\/v2\/pages\/6460","targetHints":{"allow":["GET"]}}],"collection":[{"href":"https:\/\/www.blackjackinfo.com\/es\/wp-json\/wp\/v2\/pages"}],"about":[{"href":"https:\/\/www.blackjackinfo.com\/es\/wp-json\/wp\/v2\/types\/page"}],"author":[{"embeddable":true,"href":"https:\/\/www.blackjackinfo.com\/es\/wp-json\/wp\/v2\/users\/4"}],"replies":[{"embeddable":true,"href":"https:\/\/www.blackjackinfo.com\/es\/wp-json\/wp\/v2\/comments?post=6460"}],"version-history":[{"count":5,"href":"https:\/\/www.blackjackinfo.com\/es\/wp-json\/wp\/v2\/pages\/6460\/revisions"}],"predecessor-version":[{"id":7500,"href":"https:\/\/www.blackjackinfo.com\/es\/wp-json\/wp\/v2\/pages\/6460\/revisions\/7500"}],"wp:attachment":[{"href":"https:\/\/www.blackjackinfo.com\/es\/wp-json\/wp\/v2\/media?parent=6460"}],"wp:term":[{"taxonomy":"post_tag","embeddable":true,"href":"https:\/\/www.blackjackinfo.com\/es\/wp-json\/wp\/v2\/tags?post=6460"}],"curies":[{"name":"wp","href":"https:\/\/api.w.org\/{rel}","templated":true}]}}