{"id":655,"date":"2014-10-13T20:14:31","date_gmt":"2014-10-14T01:14:31","guid":{"rendered":"http:\/\/test.blackjackinfo.com\/?page_id=655"},"modified":"2018-06-22T02:45:35","modified_gmt":"2018-06-22T07:45:35","slug":"maestro-de-juego","status":"publish","type":"page","link":"https:\/\/www.blackjackinfo.com\/es\/gamemaster\/","title":{"rendered":"\u00bfQui\u00e9n es el \"GameMaster\"?"},"content":{"rendered":"<p class=\"intro\">El excelente programa de 24 lecciones <a title=\"Escuela de Blackjack\" href=\"\/blackjack-school\/\">Escuela de Blackjack<\/a> alojado aqu\u00ed en BlackjackInfo.com fue creado por un amigo m\u00edo llamado Bill Channels que escribe como \"The GameMaster\".  Su sitio web GameMasterOnline.com conten\u00eda una gran variedad de art\u00edculos interesantes sobre el blackjack y otros juegos de azar hasta que se cerr\u00f3 a finales de 2014.<\/p>\n<p>Cuando conoc\u00ed al GameMaster, sent\u00ed una afinidad inmediata.  Tenemos mucho en com\u00fan.  Los dos somos jugadores ganadores experimentados y albergamos sitios web de apuestas que se remontan a los primeros d\u00edas de la web.  Su dominio GameMasterOnline.com se registr\u00f3 en mayo de 1997, mientras que mi BlackjackInfo.com apareci\u00f3 en enero de 1998.  Y en realidad, no fueron nuestros primeros sitios.  \u00c9l trabaj\u00f3 originalmente con \"Rolling Good Times Online\", que data de 1996, y mi sitio empez\u00f3 en una direcci\u00f3n proporcionada por mi ISP m\u00e1s o menos por la misma \u00e9poca.  En aquella \u00e9poca, el mejor motor de b\u00fasqueda era AltaVista y \u00a1todav\u00eda nadie hab\u00eda o\u00eddo hablar de Google!<\/p>\n<p>Bill es un aut\u00e9ntico bon vivant.  En sus propias palabras:<\/p>\n<blockquote><p>Disfruta de la vida. Pero hazlo con moderaci\u00f3n. No des demasiada ventaja a los casinos cuando apuestes, y cuando bebas, bebe lo bueno. C\u00f3mete un filete peque\u00f1o y termina la cena con un buen oporto o brandy y un buen puro.  Sacar lo mejor de la vida tiene poco que ver con el dinero y todo que ver con el gusto.<cite>El GameMaster<\/cite><\/p><\/blockquote>\n<p>Durante un tiempo, fue el importador exclusivo en EE UU de un vodka polaco de centeno de triple destilaci\u00f3n.  Sus conocimientos sobre licores y vinos son asombrosos, y cenar con \u00e9l es siempre toda una aventura.  Ha sido un jugador de \u00e9xito durante muchos a\u00f1os, ganando dinero en diversos juegos de casino.  De vez en cuando se dedicaba a la ense\u00f1anza y tutor\u00eda del blackjack, y es a partir de su experiencia trabajando con estudiantes que cre\u00f3 su escuela de blackjack.<\/p>\n<p>El GameMaster puso su escuela de blackjack de 24 lecciones a disposici\u00f3n de cualquier sitio web de apuestas que cumpliera sus requisitos editoriales, a cambio de enlaces a su DVD con los materiales del curso.  Y as\u00ed fue como empec\u00e9 a alojar la escuela aqu\u00ed, en BlackjackInfo.  La serie fue tan popular entre mis visitantes que m\u00e1s tarde pagu\u00e9 para que tradujeran las lecciones al franc\u00e9s y al italiano.<\/p>\n<p><a href=\"http:\/\/www.amazon.com\/dp\/1477594663\/?tag=theblackjacbasic\"><img loading=\"lazy\" decoding=\"async\" class=\"alignright size-full wp-image-661\" src=\"\/files\/GameMaster-Darn-Near-Complete-Book-Of-Winning-At-Blackjack.jpg\" alt=\"The (Darn Near) Complete Book Of Winning At Blackjack\" width=\"175\" height=\"250\" data-no-auto-translation=\"\" \/><\/a>En 2012, Bill reuni\u00f3 sus pensamientos sobre el blackjack y public\u00f3 un libro:<br \/>\n<a href=\"http:\/\/www.amazon.com\/dp\/1477594663\/?tag=theblackjacbasic\">El libro (casi) completo para ganar al blackjack<\/a><br \/>\n(El enlace lleva directamente a su libro en Amazon).<\/p>\n<p>Poner su nombre real en la portada de su libro fue la primera vez que revel\u00f3 p\u00fablicamente la identidad detr\u00e1s del GameMaster.  Estaba nervioso por ello y le preocupaba que pudiera costarle tiempo de juego en el casino.  Pero la \u00faltima vez que hablamos de ello segu\u00eda teniendo tanto \u00e9xito como siempre en las mesas.<\/p>\n<p>Desgraciadamente, mientras escribo esto a finales de 2014, llevo varios meses sin poder contactar con Bill.  Su sitio web est\u00e1 descuidado y en septiembre dej\u00f3 de responder.  Mis esfuerzos por contactar con \u00e9l por correo electr\u00f3nico han fracasado; un antiguo n\u00famero de tel\u00e9fono ya no es v\u00e1lido; y no obtuve respuesta cuando envi\u00e9 una carta a una direcci\u00f3n que ten\u00eda.  En los \u00faltimos a\u00f1os ha tenido varios problemas graves de salud, y en diciembre de 2013 public\u00f3 en Facebook que se hab\u00eda trasladado a una residencia de ancianos debido a su estado f\u00edsico.<\/p>\n<p>Por ahora, todos los enlaces de este sitio que antes llevaban a GameMasterOnline ahora dirigen a esta p\u00e1gina.<\/p>\n<p>Estoy seguro de que cuando tenga noticias de Bill, sonreir\u00e1 y nos dir\u00e1 que sigamos adelante, disfrutemos de la vida y ganemos un poco de dinero.<\/p>","protected":false},"excerpt":{"rendered":"<p>The excellent 24-lesson Blackjack School hosted here at BlackjackInfo.com was created by a friend of mine named Bill Channels who writes as &#8220;The GameMaster&#8221;.\u00a0 His website GameMasterOnline.com held a huge array of insightful articles about blackjack and other gambling games until it went dark in late 2014. When I first met the GameMaster, I felt [&hellip;]<\/p>\n","protected":false},"author":2,"featured_media":0,"parent":0,"menu_order":0,"comment_status":"open","ping_status":"closed","template":"","meta":{"_acf_changed":false,"footnotes":""},"tags":[],"class_list":["post-655","page","type-page","status-publish","hentry"],"acf":[],"yoast_head":"<!-- This site is optimized with the Yoast SEO plugin v26.6 - https:\/\/yoast.com\/wordpress\/plugins\/seo\/ -->\n<title>Who is the &quot;GameMaster&quot;?<\/title>\n<meta name=\"description\" content=\"Among many other talents, the GameMaster developed the Blackjack School which is one of our most popular features at BlackjackInfo. Learn more here.\" \/>\n<meta name=\"robots\" content=\"index, follow, max-snippet:-1, max-image-preview:large, max-video-preview:-1\" \/>\n<link rel=\"canonical\" href=\"https:\/\/www.blackjackinfo.com\/es\/maestro-de-juego\/\" \/>\n<meta property=\"og:locale\" content=\"es_ES\" \/>\n<meta property=\"og:type\" content=\"article\" \/>\n<meta property=\"og:title\" content=\"Who is the &quot;GameMaster&quot;?\" \/>\n<meta property=\"og:description\" content=\"Among many other talents, the GameMaster developed the Blackjack School which is one of our most popular features at BlackjackInfo. Learn more here.\" \/>\n<meta property=\"og:url\" content=\"https:\/\/www.blackjackinfo.com\/es\/maestro-de-juego\/\" \/>\n<meta property=\"og:site_name\" content=\"BlackjackInfo.com\" \/>\n<meta property=\"article:modified_time\" content=\"2018-06-22T07:45:35+00:00\" \/>\n<meta name=\"twitter:label1\" content=\"Tiempo de lectura\" \/>\n\t<meta name=\"twitter:data1\" content=\"3 minutos\" \/>\n<script type=\"application\/ld+json\" class=\"yoast-schema-graph\">{\"@context\":\"https:\/\/schema.org\",\"@graph\":[{\"@type\":\"WebPage\",\"@id\":\"https:\/\/www.blackjackinfo.com\/gamemaster\/\",\"url\":\"https:\/\/www.blackjackinfo.com\/gamemaster\/\",\"name\":\"Who is the \\\"GameMaster\\\"?\",\"isPartOf\":{\"@id\":\"https:\/\/www.blackjackinfo.com\/#website\"},\"datePublished\":\"2014-10-14T01:14:31+00:00\",\"dateModified\":\"2018-06-22T07:45:35+00:00\",\"description\":\"Among many other talents, the GameMaster developed the Blackjack School which is one of our most popular features at BlackjackInfo. Learn more here.\",\"breadcrumb\":{\"@id\":\"https:\/\/www.blackjackinfo.com\/gamemaster\/#breadcrumb\"},\"inLanguage\":\"es\",\"potentialAction\":[{\"@type\":\"ReadAction\",\"target\":[\"https:\/\/www.blackjackinfo.com\/gamemaster\/\"]}]},{\"@type\":\"BreadcrumbList\",\"@id\":\"https:\/\/www.blackjackinfo.com\/gamemaster\/#breadcrumb\",\"itemListElement\":[{\"@type\":\"ListItem\",\"position\":1,\"name\":\"Home\",\"item\":\"https:\/\/www.blackjackinfo.com\/\"},{\"@type\":\"ListItem\",\"position\":2,\"name\":\"Who is the &#8220;GameMaster&#8221;?\"}]},{\"@type\":\"WebSite\",\"@id\":\"https:\/\/www.blackjackinfo.com\/#website\",\"url\":\"https:\/\/www.blackjackinfo.com\/\",\"name\":\"BlackjackInfo.com\",\"description\":\"Because Winning is More Fun!\",\"potentialAction\":[{\"@type\":\"SearchAction\",\"target\":{\"@type\":\"EntryPoint\",\"urlTemplate\":\"https:\/\/www.blackjackinfo.com\/?s={search_term_string}\"},\"query-input\":{\"@type\":\"PropertyValueSpecification\",\"valueRequired\":true,\"valueName\":\"search_term_string\"}}],\"inLanguage\":\"es\"}]}<\/script>\n<!-- \/ Yoast SEO plugin. -->","yoast_head_json":{"title":"\u00bfQui\u00e9n es el \"GameMaster\"?","description":"Entre muchos otros talentos, el GameMaster desarroll\u00f3 la Escuela de Blackjack que es una de nuestras caracter\u00edsticas m\u00e1s populares en BlackjackInfo. Obtenga m\u00e1s informaci\u00f3n aqu\u00ed.","robots":{"index":"index","follow":"follow","max-snippet":"max-snippet:-1","max-image-preview":"max-image-preview:large","max-video-preview":"max-video-preview:-1"},"canonical":"https:\/\/www.blackjackinfo.com\/es\/maestro-de-juego\/","og_locale":"es_ES","og_type":"article","og_title":"Who is the \"GameMaster\"?","og_description":"Among many other talents, the GameMaster developed the Blackjack School which is one of our most popular features at BlackjackInfo. Learn more here.","og_url":"https:\/\/www.blackjackinfo.com\/es\/maestro-de-juego\/","og_site_name":"BlackjackInfo.com","article_modified_time":"2018-06-22T07:45:35+00:00","twitter_misc":{"Tiempo de lectura":"3 minutos"},"schema":{"@context":"https:\/\/schema.org","@graph":[{"@type":"WebPage","@id":"https:\/\/www.blackjackinfo.com\/gamemaster\/","url":"https:\/\/www.blackjackinfo.com\/gamemaster\/","name":"\u00bfQui\u00e9n es el \"GameMaster\"?","isPartOf":{"@id":"https:\/\/www.blackjackinfo.com\/#website"},"datePublished":"2014-10-14T01:14:31+00:00","dateModified":"2018-06-22T07:45:35+00:00","description":"Entre muchos otros talentos, el GameMaster desarroll\u00f3 la Escuela de Blackjack que es una de nuestras caracter\u00edsticas m\u00e1s populares en BlackjackInfo. Obtenga m\u00e1s informaci\u00f3n aqu\u00ed.","breadcrumb":{"@id":"https:\/\/www.blackjackinfo.com\/gamemaster\/#breadcrumb"},"inLanguage":"es","potentialAction":[{"@type":"ReadAction","target":["https:\/\/www.blackjackinfo.com\/gamemaster\/"]}]},{"@type":"BreadcrumbList","@id":"https:\/\/www.blackjackinfo.com\/gamemaster\/#breadcrumb","itemListElement":[{"@type":"ListItem","position":1,"name":"Home","item":"https:\/\/www.blackjackinfo.com\/"},{"@type":"ListItem","position":2,"name":"Who is the &#8220;GameMaster&#8221;?"}]},{"@type":"WebSite","@id":"https:\/\/www.blackjackinfo.com\/#website","url":"https:\/\/www.blackjackinfo.com\/","name":"BlackjackInfo.com","description":"\u00a1Porque ganar es m\u00e1s divertido!","potentialAction":[{"@type":"SearchAction","target":{"@type":"EntryPoint","urlTemplate":"https:\/\/www.blackjackinfo.com\/?s={search_term_string}"},"query-input":{"@type":"PropertyValueSpecification","valueRequired":true,"valueName":"search_term_string"}}],"inLanguage":"es"}]}},"_links":{"self":[{"href":"https:\/\/www.blackjackinfo.com\/es\/wp-json\/wp\/v2\/pages\/655","targetHints":{"allow":["GET"]}}],"collection":[{"href":"https:\/\/www.blackjackinfo.com\/es\/wp-json\/wp\/v2\/pages"}],"about":[{"href":"https:\/\/www.blackjackinfo.com\/es\/wp-json\/wp\/v2\/types\/page"}],"author":[{"embeddable":true,"href":"https:\/\/www.blackjackinfo.com\/es\/wp-json\/wp\/v2\/users\/2"}],"replies":[{"embeddable":true,"href":"https:\/\/www.blackjackinfo.com\/es\/wp-json\/wp\/v2\/comments?post=655"}],"version-history":[{"count":19,"href":"https:\/\/www.blackjackinfo.com\/es\/wp-json\/wp\/v2\/pages\/655\/revisions"}],"predecessor-version":[{"id":1505,"href":"https:\/\/www.blackjackinfo.com\/es\/wp-json\/wp\/v2\/pages\/655\/revisions\/1505"}],"wp:attachment":[{"href":"https:\/\/www.blackjackinfo.com\/es\/wp-json\/wp\/v2\/media?parent=655"}],"wp:term":[{"taxonomy":"post_tag","embeddable":true,"href":"https:\/\/www.blackjackinfo.com\/es\/wp-json\/wp\/v2\/tags?post=655"}],"curies":[{"name":"wp","href":"https:\/\/api.w.org\/{rel}","templated":true}]}}