{"id":697,"date":"2014-10-18T14:58:40","date_gmt":"2014-10-18T19:58:40","guid":{"rendered":"http:\/\/test.blackjackinfo.com\/?page_id=697"},"modified":"2020-02-18T17:53:25","modified_gmt":"2020-02-18T23:53:25","slug":"leccion-03-contar-cartas-lo-basico","status":"publish","type":"page","link":"https:\/\/www.blackjackinfo.com\/es\/blackjack-school\/lesson-03-counting-cards-the-basics\/","title":{"rendered":"Lecci\u00f3n 3 - Contar cartas, lo b\u00e1sico"},"content":{"rendered":"<p class=\"intro\">\n<b>Con esta lecci\u00f3n, voy a desenvolver el velo de misterio que parece rodear el concepto de contar cartas.<\/b>  Aqu\u00ed descubrir\u00e1 que no hace falta ser un genio para llevar la cuenta de todas las cartas de un zapato de seis mazos; basta con conocer algunos secretos de contador de cartas.<\/p>\n<p><b>El primer \"secreto\" es que no memorizamos las cartas de una baraja.<\/b>  En lugar de eso, a cada carta se le asigna un valor en puntos y todo lo que estamos haciendo es sumar esos valores en puntos y convertir esa informaci\u00f3n en una forma utilizable.  El valor de los puntos depende del sistema de recuento que el jugador decida utilizar.  En esta escuela, ense\u00f1ar\u00e9 el sistema \"Alto \/ Bajo\" o \"M\u00e1s \/ Menos\" pero si eliges aprender otro, todo lo que voy a ense\u00f1ar sigue siendo v\u00e1lido.<\/p>\n<p><b>El otro gran \"secreto\" sobre el conteo de cartas es c\u00f3mo lo hacemos en la mesa de Blackjack.<\/b>  Creo que la mayor\u00eda de la gente que ha coqueteado con el conteo puede llegar a dominarlo bien en casa, pero una vez que se encuentran con todas las distracciones de un casino, su capacidad para seguir la pista de las cartas, jugar su mano correctamente y hacer una apuesta en el c\u00edrculo a tiempo se viene abajo.  \u00bfRecuerdas cuando te dije que era IMPRESCINDIBLE que conocieras la estrategia b\u00e1sica tan bien como sabes tu propio nombre?  Ahora empezar\u00e1s a ver por qu\u00e9 es necesario; no necesitas m\u00e1s cosas en las que pensar cuando est\u00e1s \"en el green\".<\/p>\n<div class=\"row\" style=\"margin-bottom:20px\">\n    <div class=\"col-sm-12\">\n                <h2>Los mejores casinos online de EE.UU. <span\n                class=\"flag-icon flag-icon-us\"><\/span><\/h2>\n\n        \n                \n        <div class=\"ranking-table text-center\">\n            <div class=\"row flex ad-row\">\n                <div class=\"col-sm-3\">\n                    <div class=\"row flex\">\n\n                        <div class=\"col-sm-3\">\n                            <div class=\"ranking-number text-center\">\n\n                                1                                \n                            <\/div>\n                        <\/div>\n                        <div class=\"col-sm-9\">\n                            <img decoding=\"async\" src=\"https:\/\/www.blackjackinfo.com\/files\/bovada.png\" data-no-auto-translation=\"\">\n                        <\/div>\n                    <\/div>\n                <\/div>\n                <div class=\"col-sm-4\">\n                    <div class=\"bonus-text text-center\"><span class=\"red\">100% hasta $1.000<\/span><\/div>\n\t\t\t\t\t\n\n                <\/div>\n                <div class=\"col-sm-2\">\n                    <a class=\"btn btn-wire\" href=\"\/es\/casino\/bovada\/\">Revisa<\/a>\n\n                <\/div>\n                <div class=\"col-sm-3\">\n                    <a rel=\"nofollow\" target=\"_blank\" class=\"btn btn-blue\" href=\"\/goto\/goto\/\">Jugar\n                        Ahora<\/a>\n\t\t\t\t\t\t\n\n                <\/div>\n            <\/div>\n        <\/div>\n\n\n\n        \n                \n        <div class=\"ranking-table text-center\">\n            <div class=\"row flex ad-row\">\n                <div class=\"col-sm-3\">\n                    <div class=\"row flex\">\n\n                        <div class=\"col-sm-3\">\n                            <div class=\"ranking-number text-center\">\n\n                                2                                \n                            <\/div>\n                        <\/div>\n                        <div class=\"col-sm-9\">\n                            <img decoding=\"async\" src=\"https:\/\/www.blackjackinfo.com\/files\/ignition-casino-logo.png\" data-no-auto-translation=\"\">\n                        <\/div>\n                    <\/div>\n                <\/div>\n                <div class=\"col-sm-4\">\n                    <div class=\"bonus-text text-center\"><span class=\"red\">100% hasta $1.000<\/span><\/div>\n\t\t\t\t\t\n\n                <\/div>\n                <div class=\"col-sm-2\">\n                    <a class=\"btn btn-wire\" href=\"\/es\/casino\/ignition-casino\/\">Revisa<\/a>\n\n                <\/div>\n                <div class=\"col-sm-3\">\n                    <a rel=\"nofollow\" target=\"_blank\" class=\"btn btn-blue\" href=\"\/goto\/goto\/\">Jugar\n                        Ahora<\/a>\n\t\t\t\t\t\t\n\n                <\/div>\n            <\/div>\n        <\/div>\n\n\n\n        \n                \n        <div class=\"ranking-table text-center\">\n            <div class=\"row flex ad-row\">\n                <div class=\"col-sm-3\">\n                    <div class=\"row flex\">\n\n                        <div class=\"col-sm-3\">\n                            <div class=\"ranking-number text-center\">\n\n                                3                                \n                            <\/div>\n                        <\/div>\n                        <div class=\"col-sm-9\">\n                            <img decoding=\"async\" src=\"https:\/\/www.blackjackinfo.com\/files\/VipSlots-500x250_dark.svg\" data-no-auto-translation=\"\">\n                        <\/div>\n                    <\/div>\n                <\/div>\n                <div class=\"col-sm-4\">\n                    <div class=\"bonus-text text-center\"><span class=\"red\">100 GIROS GRATIS en Secret Life of Cats<\/span><\/div>\n\t\t\t\t\t\n\n                <\/div>\n                <div class=\"col-sm-2\">\n                    <a class=\"btn btn-wire\" href=\"\/es\/casino\/vipslots-casino\/\">Revisa<\/a>\n\n                <\/div>\n                <div class=\"col-sm-3\">\n                    <a rel=\"nofollow\" target=\"_blank\" class=\"btn btn-blue\" href=\"\/goto\/goto\/\">Jugar\n                        Ahora<\/a>\n\t\t\t\t\t\t\n\n                <\/div>\n            <\/div>\n        <\/div>\n\n\n\n        \n                \n        <div class=\"ranking-table text-center\">\n            <div class=\"row flex ad-row\">\n                <div class=\"col-sm-3\">\n                    <div class=\"row flex\">\n\n                        <div class=\"col-sm-3\">\n                            <div class=\"ranking-number text-center\">\n\n                                4                                \n                            <\/div>\n                        <\/div>\n                        <div class=\"col-sm-9\">\n                            <img decoding=\"async\" src=\"https:\/\/www.blackjackinfo.com\/files\/vegas_casino_online.png\" data-no-auto-translation=\"\">\n                        <\/div>\n                    <\/div>\n                <\/div>\n                <div class=\"col-sm-4\">\n                    <div class=\"bonus-text text-center\"><span class=\"red\">300% hasta $3.000<\/span><\/div>\n\t\t\t\t\t\n\n                <\/div>\n                <div class=\"col-sm-2\">\n                    <a class=\"btn btn-wire\" href=\"\/es\/casino\/vegas-casino-online-2\/\">Revisa<\/a>\n\n                <\/div>\n                <div class=\"col-sm-3\">\n                    <a rel=\"nofollow\" target=\"_blank\" class=\"btn btn-blue\" href=\"\/goto\/goto\/\">Jugar\n                        Ahora<\/a>\n\t\t\t\t\t\t\n\n                <\/div>\n            <\/div>\n        <\/div>\n\n\n\n        \n                \n        <div class=\"ranking-table text-center\">\n            <div class=\"row flex ad-row\">\n                <div class=\"col-sm-3\">\n                    <div class=\"row flex\">\n\n                        <div class=\"col-sm-3\">\n                            <div class=\"ranking-number text-center\">\n\n                                5                                \n                            <\/div>\n                        <\/div>\n                        <div class=\"col-sm-9\">\n                            <img decoding=\"async\" src=\"https:\/\/www.blackjackinfo.com\/files\/cafe-casino-logo.svg\" data-no-auto-translation=\"\">\n                        <\/div>\n                    <\/div>\n                <\/div>\n                <div class=\"col-sm-4\">\n                    <div class=\"bonus-text text-center\"><span class=\"red\">250% hasta $1.500<\/span><\/div>\n\t\t\t\t\t\n\n                <\/div>\n                <div class=\"col-sm-2\">\n                    <a class=\"btn btn-wire\" href=\"\/es\/casino\/cafe-casino\/\">Revisa<\/a>\n\n                <\/div>\n                <div class=\"col-sm-3\">\n                    <a rel=\"nofollow\" target=\"_blank\" class=\"btn btn-blue\" href=\"\/goto\/goto\/\">Jugar\n                        Ahora<\/a>\n\t\t\t\t\t\t\n\n                <\/div>\n            <\/div>\n        <\/div>\n\n\n\n            <\/div>\n<\/div>\n<h3>Elija un sistema<\/h3>\n<p><b>Existen muchos sistemas de recuento de cartas y, como casi todo en la vida, cada uno tiene sus ventajas y sus inconvenientes.<\/b>  Intentar\u00e9 clasificar los m\u00e1s populares y ayudarte a elegir el m\u00e1s adecuado para ti.  Probablemente, el factor m\u00e1s importante a la hora de elegir un sistema es el tipo de juego al que jugar\u00e1 la mayor parte del tiempo.  Por ejemplo, si juegas principalmente en la zona de Reno\/Tahoe, deber\u00edas aprender un sistema que funcione bien contra juegos de una sola baraja.  Si juegas en Atlantic City, mi antiguo territorio, querr\u00e1s aprender un sistema que sea potente en juegos de varios mazos.<\/p>\n<p><b>Otro factor importante a la hora de seleccionar un sistema es la cantidad de tiempo que pasas jugando al Blackjack.<\/b>  Esto le va a sorprender, pero un jugador que pretenda pasar mucho tiempo en las mesas deber\u00eda aprender un sistema muy sencillo.  Digo esto porque, aunque realmente es bastante f\u00e1cil, requiere cierta concentraci\u00f3n y cuanto m\u00e1s sencillo sea el sistema, m\u00e1s f\u00e1cil ser\u00e1 concentrarse durante largos periodos de tiempo.  Por otro lado, si s\u00f3lo va a jugar durante 3 o 4 horas a la semana, un sistema m\u00e1s dif\u00edcil puede funcionar bien para usted, ya que un sistema dif\u00edcil suele ser m\u00e1s potente y optimizar\u00e1 el tiempo que pasa en las mesas.  Ahora, algunos de ustedes \"Tipo A\" por ah\u00ed est\u00e1n pensando que van a pasar mucho tiempo en las mesas y utilizar un sistema muy potente (y complicado) para obtener el m\u00e1ximo $$$ de su juego.  El problema es que, en esas circunstancias, los errores empiezan a aparecer y eso puede hacer que pierdas tu ventaja.  Se aplica el principio KISS: <b>\"Mantenlo simple, est\u00fapido<\/b>.  Si realmente quieres sacar el m\u00e1ximo partido al juego, haz lo que yo hice, aprende dos sistemas de recuento.  Yo utilizo uno para los juegos de varios mazos y otro para los de un solo mazo.  No es tan dif\u00edcil y a medida que avancemos en las lecciones sobre c\u00f3mo aprender a contar, ver\u00e1s c\u00f3mo los ejercicios que te ense\u00f1ar\u00e9 pueden poner en pr\u00e1ctica dicha estrategia.<\/p>\n<p><b>Los sistemas de conteo de cartas se clasifican seg\u00fan dos factores principales: Eficacia de apuesta (BE) y Eficacia de juego (PE)<\/b>.  La anomal\u00eda de los sistemas de recuento es que si aumenta el BE, en la mayor\u00eda de los casos disminuye al mismo tiempo el PE.  Esto sucede debido al inusual papel que juega el As en el juego.  A efectos de apuestas, el As es una carta muy poderosa; es el componente principal de un \"natural\" que paga 3 a 2. Pero para jugar una mano, el As tiene un valor algo limitado.  \u00bfCu\u00e1ntas veces ha doblado un 11 y ha obtenido un As?  Ahora tienes un total de 12... emocionante, \u00bfeh?  Acierta un 14, consigue un As y ya tienes 15; nada del otro mundo, \u00bfverdad?  Claro, es genial doblar un 10 y conseguir un As, pero esa es una de las pocas veces en las que el As ayuda en el juego de una mano.<\/p>\n<p><b>La forma en que un sistema de recuento trata al As determina mucho sobre el BE y el PE de ese sistema.<\/b>  Si necesita una alta Eficiencia de Apuesta - como en un juego de varios mazos - entonces elija un sistema que cuente el As como una carta \"grande\"; si su juego de elecci\u00f3n es de un solo mazo, entonces elija un sistema que trate el As como una carta \"neutral\" (y lleve la cuenta de los Ases en un \"recuento lateral\", un truco que le mostrar\u00e9 m\u00e1s adelante).<\/p>\n<p><b>Los juegos con varios mazos se ven superados principalmente por una gran dispersi\u00f3n de apuestas.<\/b>  En pocas palabras, usted apuesta poco cuando la casa tiene ventaja y mucho m\u00e1s cuando usted tiene ventaja.  Un sistema de recuento con un factor BE alto le indica cu\u00e1ndo apostar a lo grande.  En un juego de un solo mazo, en el que la casa sabe que con una gran dispersi\u00f3n ganar\u00e1 el $$$, un PE alto le permite apostar menos y aun as\u00ed ganar.  No lo olvide; los casinos saben que sus juegos son vulnerables y est\u00e1n a la caza de gente que pueda ganarles.  Una gran dispersi\u00f3n en las apuestas es un indicio que utilizan para detectar a los contadores y, dependiendo de d\u00f3nde juegues, ser detectado como contador puede provocar tu expulsi\u00f3n (\"prohibici\u00f3n\") del casino.  Perm\u00edteme subrayar que lo que te estoy ense\u00f1ando es totalmente legal, pero no todo el mundo en el negocio de los casinos piensa como yo.  No hay leyes contra el conteo de cartas y puedes ser el mejor contador del mundo, pero si los casinos no te dejan jugar tu habilidad se desperdicia.<\/p>\n<p><b>Para ayudarte a decidir qu\u00e9 conteo utilizar, visita la serie de art\u00edculos titulada \"Sistemas de conteo\" en la p\u00e1gina del men\u00fa Blackjack de <a href=\"\/gamemaster\/\">GameMaster en l\u00ednea<\/a>  y mira los sistemas que all\u00ed se revisan.<\/b>  Como mencion\u00e9 antes, hablar\u00e9 espec\u00edficamente de la cuenta \"Alta \/ Baja\", pero puedes aprender cualquier cuenta con los m\u00e9todos que usar\u00e9.  Si va a jugar con una sola baraja, la cuenta Hi-Opt 1 es probablemente la mejor para empezar; si va a jugar con varias barajas, utilice la cuenta High \/ Low.  Como voy a ense\u00f1ar \"conteo verdadero\", cualquiera de estos sistemas funcionar\u00e1 bien, independientemente de d\u00f3nde juegues.  La mayor\u00eda de las cuentas \"desequilibradas\" no requieren que aprendas la cuenta real, pero no es un gran problema, as\u00ed que qu\u00e9date con una de las cuentas \"equilibradas\".  Para los que realmente quieran profundizar en el tema, opten por el conteo \"Zen\" de Arnold Snyder, pero deber\u00edan comprar su libro \"Blackbelt in Blackjack\" para complementar lo que estoy ense\u00f1ando.<\/p>\n<p><b>En la pr\u00f3xima lecci\u00f3n<\/b> Le mostrar\u00e9 c\u00f3mo aprender un sistema de recuento con los siguientes valores de \"puntos\":<\/p>\n<p>2, 3, 4, 5, 6 = +1<br \/>\n7, 8, 9 = 0<br \/>\n10, J, Q, K, A = -1<\/p>\n<p><b>Este sistema tiene una eficacia de apuesta de 97% y una eficacia de juego de 51%.<\/b>  El mejor sistema del mundo tendr\u00eda una puntuaci\u00f3n de 98% BE y 70% PE, as\u00ed que lo que vas a aprender es f\u00e1cil de usar durante largos periodos de tiempo, es bueno para estimar tu ventaja a la hora de apostar y est\u00e1 \"bien\" para jugar la mano correctamente.  (Por cierto, hay una tercera clasificaci\u00f3n para los sistemas de recuento y es la Eficiencia del Seguro.  Aunque la estrategia b\u00e1sica dice que nunca hay que tomar un seguro, una vez que la proporci\u00f3n de dieces en la baraja(s) restante(s) alcanza un cierto punto, se convierte en rentable hacer la apuesta de seguro.  El sistema de conteo Alto \/ Bajo tiene una Eficiencia de Seguro de 0,76, lo que significa que aproximadamente 3\/4 de las veces que usted toma el seguro (seg\u00fan lo determinado por el \"conteo verdadero\"), ser\u00e1 la decisi\u00f3n correcta.  Pero... nos estamos adelantando, as\u00ed que copien sus deberes y l\u00e1rguense.<\/p>\n<h3>Deberes<\/h3>\n<ul>\n<li>Siga trabajando con su <b>tarjetas<\/b> al menos media hora al d\u00eda.<\/li>\n<li>Haga al menos una <b>\"Ejercicio b\u00e1sico de reconstrucci\u00f3n de estrategias\"<\/b> cada d\u00eda y sigue trabajando en tu velocidad.<\/li>\n<li>Haga al menos una <b>\"Ejercicio b\u00e1sico de decisi\u00f3n estrat\u00e9gica\" <\/b>cada d\u00eda y conc\u00e9ntrate en hacerlo en menos de 2 minutos.<\/li>\n<li>Trabajar con los tres <b>\"Ejercicios con cartas\"<\/b> y conc\u00e9ntrate en sumar tu mano mientras juegas con una estrategia b\u00e1sica adecuada.<\/li>\n<\/ul>\n<p>Por ahora no hay clase.  Nos vemos aqu\u00ed la pr\u00f3xima vez.<\/p>","protected":false},"excerpt":{"rendered":"<p>With this lesson, I&#8217;m going to unwrap the veil of mystery which seems to surround the concept of card counting. Here you will discover that you don&#8217;t have to be a genius to keep track of all the cards in a six-deck shoe; you just have to know a few card-counter secrets. The first &#8220;secret&#8221; [&hellip;]<\/p>\n","protected":false},"author":2,"featured_media":0,"parent":634,"menu_order":0,"comment_status":"open","ping_status":"open","template":"page-blackjack-school.php","meta":{"_acf_changed":false,"footnotes":""},"tags":[],"class_list":["post-697","page","type-page","status-publish","hentry"],"acf":[],"yoast_head":"<!-- This site is optimized with the Yoast SEO plugin v26.6 - https:\/\/yoast.com\/wordpress\/plugins\/seo\/ -->\n<title>Blackjack School \u1408 Lesson 3 - Counting Cards, The Basics<\/title>\n<meta name=\"description\" content=\"Lesson 3 in the GameMaster&#039;s Free Blackjack School - How and why card counting works.\" \/>\n<meta name=\"robots\" content=\"index, follow, max-snippet:-1, max-image-preview:large, max-video-preview:-1\" \/>\n<link rel=\"canonical\" href=\"https:\/\/www.blackjackinfo.com\/es\/escuela-de-blackjack\/leccion-03-contar-cartas-lo-basico\/\" \/>\n<meta property=\"og:locale\" content=\"es_ES\" \/>\n<meta property=\"og:type\" content=\"article\" \/>\n<meta property=\"og:title\" content=\"Blackjack School \u1408 Lesson 3 - Counting Cards, The Basics\" \/>\n<meta property=\"og:description\" content=\"Lesson 3 in the GameMaster&#039;s Free Blackjack School - How and why card counting works.\" \/>\n<meta property=\"og:url\" content=\"https:\/\/www.blackjackinfo.com\/es\/escuela-de-blackjack\/leccion-03-contar-cartas-lo-basico\/\" \/>\n<meta property=\"og:site_name\" content=\"BlackjackInfo.com\" \/>\n<meta property=\"article:modified_time\" content=\"2020-02-18T23:53:25+00:00\" \/>\n<meta name=\"twitter:label1\" content=\"Tiempo de lectura\" \/>\n\t<meta name=\"twitter:data1\" content=\"7 minutos\" \/>\n<script type=\"application\/ld+json\" class=\"yoast-schema-graph\">{\"@context\":\"https:\/\/schema.org\",\"@graph\":[{\"@type\":\"WebPage\",\"@id\":\"https:\/\/www.blackjackinfo.com\/blackjack-school\/lesson-03-counting-cards-the-basics\/\",\"url\":\"https:\/\/www.blackjackinfo.com\/blackjack-school\/lesson-03-counting-cards-the-basics\/\",\"name\":\"Blackjack School \u1408 Lesson 3 - Counting Cards, The Basics\",\"isPartOf\":{\"@id\":\"https:\/\/www.blackjackinfo.com\/#website\"},\"datePublished\":\"2014-10-18T19:58:40+00:00\",\"dateModified\":\"2020-02-18T23:53:25+00:00\",\"description\":\"Lesson 3 in the GameMaster's Free Blackjack School - How and why card counting works.\",\"breadcrumb\":{\"@id\":\"https:\/\/www.blackjackinfo.com\/blackjack-school\/lesson-03-counting-cards-the-basics\/#breadcrumb\"},\"inLanguage\":\"es\",\"potentialAction\":[{\"@type\":\"ReadAction\",\"target\":[\"https:\/\/www.blackjackinfo.com\/blackjack-school\/lesson-03-counting-cards-the-basics\/\"]}]},{\"@type\":\"BreadcrumbList\",\"@id\":\"https:\/\/www.blackjackinfo.com\/blackjack-school\/lesson-03-counting-cards-the-basics\/#breadcrumb\",\"itemListElement\":[{\"@type\":\"ListItem\",\"position\":1,\"name\":\"Home\",\"item\":\"https:\/\/www.blackjackinfo.com\/\"},{\"@type\":\"ListItem\",\"position\":2,\"name\":\"Blackjack School &#8211; A Free 24-Lesson Class on Card Counting\",\"item\":\"https:\/\/www.blackjackinfo.com\/blackjack-school\/\"},{\"@type\":\"ListItem\",\"position\":3,\"name\":\"Lesson 3 &#8211; Counting Cards, The Basics\"}]},{\"@type\":\"WebSite\",\"@id\":\"https:\/\/www.blackjackinfo.com\/#website\",\"url\":\"https:\/\/www.blackjackinfo.com\/\",\"name\":\"BlackjackInfo.com\",\"description\":\"Because Winning is More Fun!\",\"potentialAction\":[{\"@type\":\"SearchAction\",\"target\":{\"@type\":\"EntryPoint\",\"urlTemplate\":\"https:\/\/www.blackjackinfo.com\/?s={search_term_string}\"},\"query-input\":{\"@type\":\"PropertyValueSpecification\",\"valueRequired\":true,\"valueName\":\"search_term_string\"}}],\"inLanguage\":\"es\"}]}<\/script>\n<!-- \/ Yoast SEO plugin. -->","yoast_head_json":{"title":"Escuela de Blackjack \u1408 Lecci\u00f3n 3 - Contar cartas, lo b\u00e1sico","description":"Lecci\u00f3n 3 de la Escuela Gratuita de Blackjack del GameMaster - C\u00f3mo y por qu\u00e9 funciona el conteo de cartas.","robots":{"index":"index","follow":"follow","max-snippet":"max-snippet:-1","max-image-preview":"max-image-preview:large","max-video-preview":"max-video-preview:-1"},"canonical":"https:\/\/www.blackjackinfo.com\/es\/escuela-de-blackjack\/leccion-03-contar-cartas-lo-basico\/","og_locale":"es_ES","og_type":"article","og_title":"Blackjack School \u1408 Lesson 3 - Counting Cards, The Basics","og_description":"Lesson 3 in the GameMaster's Free Blackjack School - How and why card counting works.","og_url":"https:\/\/www.blackjackinfo.com\/es\/escuela-de-blackjack\/leccion-03-contar-cartas-lo-basico\/","og_site_name":"BlackjackInfo.com","article_modified_time":"2020-02-18T23:53:25+00:00","twitter_misc":{"Tiempo de lectura":"7 minutos"},"schema":{"@context":"https:\/\/schema.org","@graph":[{"@type":"WebPage","@id":"https:\/\/www.blackjackinfo.com\/blackjack-school\/lesson-03-counting-cards-the-basics\/","url":"https:\/\/www.blackjackinfo.com\/blackjack-school\/lesson-03-counting-cards-the-basics\/","name":"Escuela de Blackjack \u1408 Lecci\u00f3n 3 - Contar cartas, lo b\u00e1sico","isPartOf":{"@id":"https:\/\/www.blackjackinfo.com\/#website"},"datePublished":"2014-10-18T19:58:40+00:00","dateModified":"2020-02-18T23:53:25+00:00","description":"Lecci\u00f3n 3 de la Escuela Gratuita de Blackjack del GameMaster - C\u00f3mo y por qu\u00e9 funciona el conteo de cartas.","breadcrumb":{"@id":"https:\/\/www.blackjackinfo.com\/blackjack-school\/lesson-03-counting-cards-the-basics\/#breadcrumb"},"inLanguage":"es","potentialAction":[{"@type":"ReadAction","target":["https:\/\/www.blackjackinfo.com\/blackjack-school\/lesson-03-counting-cards-the-basics\/"]}]},{"@type":"BreadcrumbList","@id":"https:\/\/www.blackjackinfo.com\/blackjack-school\/lesson-03-counting-cards-the-basics\/#breadcrumb","itemListElement":[{"@type":"ListItem","position":1,"name":"Home","item":"https:\/\/www.blackjackinfo.com\/"},{"@type":"ListItem","position":2,"name":"Blackjack School &#8211; A Free 24-Lesson Class on Card Counting","item":"https:\/\/www.blackjackinfo.com\/blackjack-school\/"},{"@type":"ListItem","position":3,"name":"Lesson 3 &#8211; Counting Cards, The Basics"}]},{"@type":"WebSite","@id":"https:\/\/www.blackjackinfo.com\/#website","url":"https:\/\/www.blackjackinfo.com\/","name":"BlackjackInfo.com","description":"\u00a1Porque ganar es m\u00e1s divertido!","potentialAction":[{"@type":"SearchAction","target":{"@type":"EntryPoint","urlTemplate":"https:\/\/www.blackjackinfo.com\/?s={search_term_string}"},"query-input":{"@type":"PropertyValueSpecification","valueRequired":true,"valueName":"search_term_string"}}],"inLanguage":"es"}]}},"_links":{"self":[{"href":"https:\/\/www.blackjackinfo.com\/es\/wp-json\/wp\/v2\/pages\/697","targetHints":{"allow":["GET"]}}],"collection":[{"href":"https:\/\/www.blackjackinfo.com\/es\/wp-json\/wp\/v2\/pages"}],"about":[{"href":"https:\/\/www.blackjackinfo.com\/es\/wp-json\/wp\/v2\/types\/page"}],"author":[{"embeddable":true,"href":"https:\/\/www.blackjackinfo.com\/es\/wp-json\/wp\/v2\/users\/2"}],"replies":[{"embeddable":true,"href":"https:\/\/www.blackjackinfo.com\/es\/wp-json\/wp\/v2\/comments?post=697"}],"version-history":[{"count":4,"href":"https:\/\/www.blackjackinfo.com\/es\/wp-json\/wp\/v2\/pages\/697\/revisions"}],"predecessor-version":[{"id":5453,"href":"https:\/\/www.blackjackinfo.com\/es\/wp-json\/wp\/v2\/pages\/697\/revisions\/5453"}],"up":[{"embeddable":true,"href":"https:\/\/www.blackjackinfo.com\/es\/wp-json\/wp\/v2\/pages\/634"}],"wp:attachment":[{"href":"https:\/\/www.blackjackinfo.com\/es\/wp-json\/wp\/v2\/media?parent=697"}],"wp:term":[{"taxonomy":"post_tag","embeddable":true,"href":"https:\/\/www.blackjackinfo.com\/es\/wp-json\/wp\/v2\/tags?post=697"}],"curies":[{"name":"wp","href":"https:\/\/api.w.org\/{rel}","templated":true}]}}