{"id":720,"date":"2014-10-19T20:00:00","date_gmt":"2014-10-20T01:00:00","guid":{"rendered":"http:\/\/test.blackjackinfo.com\/?page_id=720"},"modified":"2020-02-18T17:55:54","modified_gmt":"2020-02-18T23:55:54","slug":"leccion-07-gestion-del-dinero-parte-1","status":"publish","type":"page","link":"https:\/\/www.blackjackinfo.com\/es\/blackjack-school\/lesson-07-money-management-part-1\/","title":{"rendered":"Lecci\u00f3n 7 - Gesti\u00f3n del dinero - Parte 1"},"content":{"rendered":"<h3>Un serm\u00f3n<\/h3>\n<p><b>De vez en cuando sermoneo un poco en las p\u00e1ginas de The GameMaster Online, principalmente porque detesto pensar que la gente entregue su dinero a los casinos.<\/b>  No digo que no pierda, porque tambi\u00e9n tengo mis d\u00edas malos, pero lo que digo es que los casinos tienen que luchar conmigo por cada c\u00e9ntimo que consiguen.  Tienes que desarrollar ese tipo de actitud y el mero hecho de que est\u00e9s leyendo esto ahora me demuestra que est\u00e1s dispuesto a aprender, as\u00ed que ya tienes un buen comienzo.  Los casinos ganan dinero porque los jugadores les permiten ganar dinero.  Aunque hayas aprendido todo lo que te he ense\u00f1ado hasta ahora, todav\u00eda no est\u00e1s preparado para jugar, as\u00ed que olv\u00eddalo y empieza a construir tu bankroll para el d\u00eda en que S\u00cd est\u00e9s preparado.  No puedes esperar ganar al Blackjack si est\u00e1s apostando el dinero de la renta.  Debes tener una cantidad de dinero \"extra\" reservada, dinero que, en caso de perderlo, no afectar\u00e1 a tu estilo de vida de ninguna manera.   Si lo haces as\u00ed, apostar\u00e1s lo que hay que apostar y jugar\u00e1s las manos como hay que jugarlas.  Eso es lo que consigue el $$$ en el casino.  No hay m\u00e1s que decir.<br \/>\n<div class=\"row\" style=\"margin-bottom:20px\">\n    <div class=\"col-sm-12\">\n                <h2>Los mejores casinos online de EE.UU. <span\n                class=\"flag-icon flag-icon-us\"><\/span><\/h2>\n\n        \n                \n        <div class=\"ranking-table text-center\">\n            <div class=\"row flex ad-row\">\n                <div class=\"col-sm-3\">\n                    <div class=\"row flex\">\n\n                        <div class=\"col-sm-3\">\n                            <div class=\"ranking-number text-center\">\n\n                                1                                \n                            <\/div>\n                        <\/div>\n                        <div class=\"col-sm-9\">\n                            <img decoding=\"async\" src=\"https:\/\/www.blackjackinfo.com\/files\/bovada.png\" data-no-auto-translation=\"\">\n                        <\/div>\n                    <\/div>\n                <\/div>\n                <div class=\"col-sm-4\">\n                    <div class=\"bonus-text text-center\"><span class=\"red\">100% hasta $1.000<\/span><\/div>\n\t\t\t\t\t\n\n                <\/div>\n                <div class=\"col-sm-2\">\n                    <a class=\"btn btn-wire\" href=\"\/es\/casino\/bovada\/\">Revisa<\/a>\n\n                <\/div>\n                <div class=\"col-sm-3\">\n                    <a rel=\"nofollow\" target=\"_blank\" class=\"btn btn-blue\" href=\"\/goto\/goto\/\">Jugar\n                        Ahora<\/a>\n\t\t\t\t\t\t\n\n                <\/div>\n            <\/div>\n        <\/div>\n\n\n\n        \n                \n        <div class=\"ranking-table text-center\">\n            <div class=\"row flex ad-row\">\n                <div class=\"col-sm-3\">\n                    <div class=\"row flex\">\n\n                        <div class=\"col-sm-3\">\n                            <div class=\"ranking-number text-center\">\n\n                                2                                \n                            <\/div>\n                        <\/div>\n                        <div class=\"col-sm-9\">\n                            <img decoding=\"async\" src=\"https:\/\/www.blackjackinfo.com\/files\/ignition-casino-logo.png\" data-no-auto-translation=\"\">\n                        <\/div>\n                    <\/div>\n                <\/div>\n                <div class=\"col-sm-4\">\n                    <div class=\"bonus-text text-center\"><span class=\"red\">100% hasta $1.000<\/span><\/div>\n\t\t\t\t\t\n\n                <\/div>\n                <div class=\"col-sm-2\">\n                    <a class=\"btn btn-wire\" href=\"\/es\/casino\/ignition-casino\/\">Revisa<\/a>\n\n                <\/div>\n                <div class=\"col-sm-3\">\n                    <a rel=\"nofollow\" target=\"_blank\" class=\"btn btn-blue\" href=\"\/goto\/goto\/\">Jugar\n                        Ahora<\/a>\n\t\t\t\t\t\t\n\n                <\/div>\n            <\/div>\n        <\/div>\n\n\n\n        \n                \n        <div class=\"ranking-table text-center\">\n            <div class=\"row flex ad-row\">\n                <div class=\"col-sm-3\">\n                    <div class=\"row flex\">\n\n                        <div class=\"col-sm-3\">\n                            <div class=\"ranking-number text-center\">\n\n                                3                                \n                            <\/div>\n                        <\/div>\n                        <div class=\"col-sm-9\">\n                            <img decoding=\"async\" src=\"https:\/\/www.blackjackinfo.com\/files\/VipSlots-500x250_dark.svg\" data-no-auto-translation=\"\">\n                        <\/div>\n                    <\/div>\n                <\/div>\n                <div class=\"col-sm-4\">\n                    <div class=\"bonus-text text-center\"><span class=\"red\">100 GIROS GRATIS en Secret Life of Cats<\/span><\/div>\n\t\t\t\t\t\n\n                <\/div>\n                <div class=\"col-sm-2\">\n                    <a class=\"btn btn-wire\" href=\"\/es\/casino\/vipslots-casino\/\">Revisa<\/a>\n\n                <\/div>\n                <div class=\"col-sm-3\">\n                    <a rel=\"nofollow\" target=\"_blank\" class=\"btn btn-blue\" href=\"\/goto\/goto\/\">Jugar\n                        Ahora<\/a>\n\t\t\t\t\t\t\n\n                <\/div>\n            <\/div>\n        <\/div>\n\n\n\n        \n                \n        <div class=\"ranking-table text-center\">\n            <div class=\"row flex ad-row\">\n                <div class=\"col-sm-3\">\n                    <div class=\"row flex\">\n\n                        <div class=\"col-sm-3\">\n                            <div class=\"ranking-number text-center\">\n\n                                4                                \n                            <\/div>\n                        <\/div>\n                        <div class=\"col-sm-9\">\n                            <img decoding=\"async\" src=\"https:\/\/www.blackjackinfo.com\/files\/vegas_casino_online.png\" data-no-auto-translation=\"\">\n                        <\/div>\n                    <\/div>\n                <\/div>\n                <div class=\"col-sm-4\">\n                    <div class=\"bonus-text text-center\"><span class=\"red\">300% hasta $3.000<\/span><\/div>\n\t\t\t\t\t\n\n                <\/div>\n                <div class=\"col-sm-2\">\n                    <a class=\"btn btn-wire\" href=\"\/es\/casino\/vegas-casino-online-2\/\">Revisa<\/a>\n\n                <\/div>\n                <div class=\"col-sm-3\">\n                    <a rel=\"nofollow\" target=\"_blank\" class=\"btn btn-blue\" href=\"\/goto\/goto\/\">Jugar\n                        Ahora<\/a>\n\t\t\t\t\t\t\n\n                <\/div>\n            <\/div>\n        <\/div>\n\n\n\n        \n                \n        <div class=\"ranking-table text-center\">\n            <div class=\"row flex ad-row\">\n                <div class=\"col-sm-3\">\n                    <div class=\"row flex\">\n\n                        <div class=\"col-sm-3\">\n                            <div class=\"ranking-number text-center\">\n\n                                5                                \n                            <\/div>\n                        <\/div>\n                        <div class=\"col-sm-9\">\n                            <img decoding=\"async\" src=\"https:\/\/www.blackjackinfo.com\/files\/cafe-casino-logo.svg\" data-no-auto-translation=\"\">\n                        <\/div>\n                    <\/div>\n                <\/div>\n                <div class=\"col-sm-4\">\n                    <div class=\"bonus-text text-center\"><span class=\"red\">250% hasta $1.500<\/span><\/div>\n\t\t\t\t\t\n\n                <\/div>\n                <div class=\"col-sm-2\">\n                    <a class=\"btn btn-wire\" href=\"\/es\/casino\/cafe-casino\/\">Revisa<\/a>\n\n                <\/div>\n                <div class=\"col-sm-3\">\n                    <a rel=\"nofollow\" target=\"_blank\" class=\"btn btn-blue\" href=\"\/goto\/goto\/\">Jugar\n                        Ahora<\/a>\n\t\t\t\t\t\t\n\n                <\/div>\n            <\/div>\n        <\/div>\n\n\n\n            <\/div>\n<\/div><\/p>\n<h3>\u00bfQu\u00e9 es la gesti\u00f3n del dinero?<\/h3>\n<p><b>En lo que se refiere a jugar al Blackjack como contador de cartas, la gesti\u00f3n del dinero es un m\u00e9todo de apuesta que minimizar\u00e1 tus p\u00e9rdidas y maximizar\u00e1 tus ganancias.<\/b>  Jugar al Blackjack conlleva el riesgo de perder.  La ventaja que un contador tiene sobre el casino es peque\u00f1a y las fluctuaciones en el bankroll de un jugador pueden producirse con una rapidez aterradora.  Se requiere una gesti\u00f3n adecuada de sus fondos en todos los aspectos del juego para darle la mejor oportunidad posible de alcanzar ese esquivo \"largo plazo\".  Algunos de ustedes comenzar\u00e1n sus carreras como contadores con una gran victoria y nunca mirar\u00e1n atr\u00e1s.  La mayor\u00eda de ustedes, sin embargo, comenzar\u00e1n con una p\u00e9rdida y tomar\u00e1 m\u00e1s horas de juego antes de que comiencen a mostrar una ganancia; esa es simplemente la realidad de la situaci\u00f3n.  Lo que voy a ense\u00f1arte en las pr\u00f3ximas cuatro o cinco lecciones es c\u00f3mo sobrevivir en el juego hasta que tu ventaja a largo plazo empiece a tener su efecto y entonces te mostrar\u00e9 c\u00f3mo mantener las ganancias que consigas.<\/p>\n<h3>El verdadero recuento<\/h3>\n<p><b>Todas nuestras decisiones de apuesta se tomar\u00e1n sobre la base de lo que se conoce como el \"recuento real\" o, m\u00e1s exactamente, el \"recuento por baraja restante\". <\/b> Aunque la mayor parte de esto se aplica a los que juegan a juegos con varios mazos, los que juegan con un solo mazo tambi\u00e9n deben prestar atenci\u00f3n.     Si salen seis cartas peque\u00f1as en la primera mano de una partida, tendremos una cuenta corriente de 6. Para los jugadores de una sola baraja, tendr\u00e1n una cuenta real de poco m\u00e1s de 6, ya que queda algo menos de una baraja por jugar.  Si est\u00e1s en una partida de seis mazos, el recuento por mazo restante (el recuento verdadero) es un poco m\u00e1s de 1, ya que quedan un poco menos de 6 mazos por jugar.  \u00bfVe c\u00f3mo funciona?  Estamos \"normalizando\" el recuento dividiendo el recuento actual por el n\u00famero total de barajas restantes.  Intentemos otro ejemplo para ver si entiende el concepto.  En un juego de un solo mazo en la primera mano, un recuento corriente de 2 (recuerde que no utilizo \"+\" para indicar un n\u00famero positivo) se convierte en un recuento real de 2, cuando se redondea.  En un juego de seis mazos y una cuenta corriente de 12 despu\u00e9s de la primera mano, la cuenta verdadera se convierte en 2. Ambas cuentas verdaderas son 2 , pero se necesita una cuenta corriente mucho m\u00e1s alta para lograr eso en el juego de seis mazos.<\/p>\n<p><b>PARA DETERMINAR EL RECUENTO REAL, DIVIDA EL RECUENTO \"EN MARCHA\" POR EL N\u00daMERO DE BARAJAS QUE QUEDAN POR JUGAR. <\/b><\/p>\n<p><b>No deje que esta afirmaci\u00f3n le confunda.  Lo que significa es el n\u00famero de barajas que quedan, tanto si se van a jugar como si no.<\/b>  En una partida de seis barajas, el crupier puede cortar una o m\u00e1s barajas, pero eso no significa nada a la hora de calcular el recuento real.  La base para el c\u00e1lculo es el n\u00famero total de barajas en el juego, que se ajusta por el n\u00famero de barajas que se han jugado.  Un ejemplo: en una partida de seis barajas en la que se han jugado dos barajas y se han colocado en el estante de descartes a un lado, un recuento corriente de 8 se traduce en un recuento real de 2 porque quedan cuatro barajas en el zapato.  El crupier puede barajar antes de que se hayan jugado las cuatro barajas restantes, pero para la conversi\u00f3n del recuento real eso no importa.<\/p>\n<p>Haz esta peque\u00f1a prueba conmigo para ver si entiendes el principio.<\/p>\n<div class=\"col-sm-6 col-center\">\n<table class=\"data-table text-center\">\n<tbody>\n<tr>\n<th><\/th>\n<th>Cubierta restante<\/th>\n<th>Recuento<\/th>\n<th>Recuento real<\/th>\n<\/tr>\n<tr>\n<td>1.<\/td>\n<td>4<\/td>\n<td>8<\/td>\n<td>2<\/td>\n<\/tr>\n<tr>\n<td>2.<\/td>\n<td>2<\/td>\n<td>10<\/td>\n<td>5<\/td>\n<\/tr>\n<tr>\n<td>3.<\/td>\n<td>5<\/td>\n<td>5<\/td>\n<td>1<\/td>\n<\/tr>\n<tr>\n<td>4.<\/td>\n<td>3<\/td>\n<td>12<\/td>\n<td>4<\/td>\n<\/tr>\n<\/tbody>\n<\/table>\n<\/div>\n<h3>Estimaci\u00f3n del n\u00famero de cubiertas restantes<\/h3>\n<p><b>Los casinos son muy amables al proporcionarnos un dispositivo para determinar cu\u00e1ntas barajas quedan por jugar en el zapato.  No, ese dispositivo no es el zapato, sino la bandeja de descartes.<\/b> que se puede encontrar en pr\u00e1cticamente todas las mesas donde se juega a varias barajas.  A medida que se usan las cartas, el crupier las coloca ordenadamente en la bandeja de descarte, donde todo el mundo puede verlas, de modo que los contadores usan eso, y un poco de resta, para determinar cu\u00e1ntas barajas quedan por jugar.  En una partida de seis barajas, si hay dos barajas en la bandeja de descarte, tienen que quedar cuatro barajas en el zapato, suponiendo que no haya cartas sobre la mesa.  Lo que pretendemos es tener una precisi\u00f3n de medio mazo en nuestra estimaci\u00f3n.  Exactamente c\u00f3mo entrenar para eso es una de sus tareas, as\u00ed que no se preocupe por ello por el momento.  Lo que es m\u00e1s importante en este momento es la mec\u00e1nica utilizada para calcular el recuento real por ese m\u00e9todo.  Veamos juntos una explicaci\u00f3n sencilla.<\/p>\n<p>Estamos en una partida de seis mazos, la cuenta corriente es M-6 y hay tres mazos en la bandeja de descarte.  Eso significa que quedan tres mazos, as\u00ed que dividimos la cuenta corriente por 3 y nuestra cuenta verdadera es M-2.  S\u00ed, esto tambi\u00e9n funciona con mazos negativos, exactamente igual.  \u00bfLo ha entendido?  Haz esta prueba para comprobarlo.<\/p>\n<p>Supongamos que estamos en una partida de seis barajas. S\u00f3lo te voy a dar las barajas que hay en la bandeja de descarte, as\u00ed que haz el c\u00e1lculo para determinar el n\u00famero de barajas que quedan en el zapato.<\/p>\n<div class=\"col-sm-6 col-center\">\n<table class=\"data-table text-center\">\n<tbody>\n<tr>\n<th><\/th>\n<th>Mazos jugados<\/th>\n<th>Recuento<\/th>\n<th>Recuento real<\/th>\n<\/tr>\n<tr>\n<td><b>1.<\/b><\/td>\n<td>2<\/td>\n<td>4<\/td>\n<td>?<\/td>\n<\/tr>\n<tr>\n<td><b>2.<\/b><\/td>\n<td>4<\/td>\n<td>8<\/td>\n<td>?<\/td>\n<\/tr>\n<tr>\n<td><b>3.<\/b><\/td>\n<td>5<\/td>\n<td>5<\/td>\n<td>?<\/td>\n<\/tr>\n<tr>\n<td><b>4.<\/b><\/td>\n<td>1<\/td>\n<td>5<\/td>\n<td>?<\/td>\n<\/tr>\n<tr>\n<td><b>5.<\/b><\/td>\n<td>2.5<\/td>\n<td>7<\/td>\n<td>?<\/td>\n<\/tr>\n<tr>\n<td><b>6.<\/b><\/td>\n<td>2<\/td>\n<td>0<\/td>\n<td>?<\/td>\n<\/tr>\n<tr>\n<td><b>7.<\/b><\/td>\n<td>3.5<\/td>\n<td>M-5<\/td>\n<td>?<\/td>\n<\/tr>\n<tr>\n<td><b>8.<\/b><\/td>\n<td>1.5<\/td>\n<td>9<\/td>\n<td>?<\/td>\n<\/tr>\n<tr>\n<td><b>9.<\/b><\/td>\n<td>3<\/td>\n<td>M-3<\/td>\n<td>?<\/td>\n<\/tr>\n<tr>\n<td><b>10.<\/b><\/td>\n<td>4.5<\/td>\n<td>2<\/td>\n<td>?<\/td>\n<\/tr>\n<\/tbody>\n<\/table>\n<\/div>\n<p><b>Respuestas<\/b><\/p>\n<p><b>1.<\/b> Uno (2 barajas jugadas, 4 barajas restantes, 4 dividido por 4 = 1)<\/p>\n<p><b>2.<\/b> Cuatro (4 barajas jugadas, 2 barajas restantes, 8 dividido por 2 = 4)<\/p>\n<p><b>3.<\/b> Cinco (Ahora est\u00e1s por tu cuenta, chico.)<\/p>\n<p><b>4.<\/b> Un<\/p>\n<p><b>5.<\/b> Dos<\/p>\n<p><b>6.<\/b> Cero<\/p>\n<p><b>7.<\/b> M-dos<\/p>\n<p><b>8.<\/b> Dos<\/p>\n<p><b>9.<\/b>M-one<\/p>\n<p><b>10.<\/b> Un poco m\u00e1s de uno (pero siempre redondeamos \"hacia abajo\" para ser conservadores, as\u00ed que lo llamar\u00edamos \"uno\").<\/p>\n<p><b>Puedo ver algunos ojos vidriosos por ah\u00ed, as\u00ed que mejor parar por esta semana.<\/b>  Pero no te desanimes; puedes aprenderlo, s\u00f3lo hace falta un poco de pr\u00e1ctica.  Hablando de pr\u00e1ctica, coge tus deberes y practica a \"calibrar\" tus ojos.<\/p>\n<h3>Deberes<\/h3>\n<p>Estimar el n\u00famero de barajas que quedan en una bandeja de descarte es en realidad un ejercicio de mirada repetitiva.  Si miras una baraja de 52 cartas el tiempo suficiente, puedes saber si se le han a\u00f1adido 10 o 12 cartas.  As\u00ed es como calibramos nuestros ojos.  Empieza con una sola baraja y m\u00edrala un rato.  Luego, pon otra baraja encima y m\u00edrala un rato.  Ahora, pon una tercera baraja encima y m\u00edrala un rato.  Por \u00faltimo, retira una baraja (no cuentes las cartas), calcula cu\u00e1nto mide una baraja, ret\u00edrala y cu\u00e9ntala para ver cu\u00e1nto te has acercado.  Ahora, vuelve a poner esa baraja encima y saca dos barajas, cu\u00e9ntalas para ver si has acertado y vuelve a ponerlas encima.  Ahora, aumenta tu pila hasta cinco barajas y retira una baraja y media, luego tres barajas y as\u00ed sucesivamente.  Te sorprender\u00e1 lo r\u00e1pido que empiezas a reconocer cu\u00e1ntas barajas hay en un mont\u00f3n.  Una buena variante de este ejercicio es pedirle a un amigo que prepare pilas de varios tama\u00f1os (con una precisi\u00f3n de medio mazo) mientras t\u00fa est\u00e1s fuera de la habitaci\u00f3n y luego entras y recitas el tama\u00f1o de cada pila.<\/p>\n<p>Sigue haci\u00e9ndolo, porque tienes que ser preciso en esto.  Tu dinero depender\u00e1 de ello.<\/p>\n<p>Nos vemos aqu\u00ed la semana que viene cuando hablemos de c\u00f3mo apostar utilizando el recuento real.<\/p>","protected":false},"excerpt":{"rendered":"<p>A Sermon I do a little bit of preaching on the pages of The GameMaster Online every so often, primarily because I hate to think of people handing their money to casinos. I&#8217;m not saying I don&#8217;t lose, because I have my bad days as well, but what I am saying is that the casinos [&hellip;]<\/p>\n","protected":false},"author":2,"featured_media":0,"parent":634,"menu_order":0,"comment_status":"open","ping_status":"open","template":"page-blackjack-school.php","meta":{"_acf_changed":false,"footnotes":""},"tags":[],"class_list":["post-720","page","type-page","status-publish","hentry"],"acf":[],"yoast_head":"<!-- This site is optimized with the Yoast SEO plugin v26.6 - https:\/\/yoast.com\/wordpress\/plugins\/seo\/ -->\n<title>Blackjack School \u1408 Lesson 7 - Money Management - Part 1<\/title>\n<meta name=\"description\" content=\"Lesson 7 in the GameMaster&#039;s Free Blackjack School - Understanding the true count, and what it means for bet sizing.\" \/>\n<meta name=\"robots\" content=\"index, follow, max-snippet:-1, max-image-preview:large, max-video-preview:-1\" \/>\n<link rel=\"canonical\" href=\"https:\/\/www.blackjackinfo.com\/es\/escuela-de-blackjack\/leccion-07-gestion-del-dinero-parte-1\/\" \/>\n<meta property=\"og:locale\" content=\"es_ES\" \/>\n<meta property=\"og:type\" content=\"article\" \/>\n<meta property=\"og:title\" content=\"Blackjack School \u1408 Lesson 7 - Money Management - Part 1\" \/>\n<meta property=\"og:description\" content=\"Lesson 7 in the GameMaster&#039;s Free Blackjack School - Understanding the true count, and what it means for bet sizing.\" \/>\n<meta property=\"og:url\" content=\"https:\/\/www.blackjackinfo.com\/es\/escuela-de-blackjack\/leccion-07-gestion-del-dinero-parte-1\/\" \/>\n<meta property=\"og:site_name\" content=\"BlackjackInfo.com\" \/>\n<meta property=\"article:modified_time\" content=\"2020-02-18T23:55:54+00:00\" \/>\n<meta name=\"twitter:label1\" content=\"Tiempo de lectura\" \/>\n\t<meta name=\"twitter:data1\" content=\"7 minutos\" \/>\n<script type=\"application\/ld+json\" class=\"yoast-schema-graph\">{\"@context\":\"https:\/\/schema.org\",\"@graph\":[{\"@type\":\"WebPage\",\"@id\":\"https:\/\/www.blackjackinfo.com\/blackjack-school\/lesson-07-money-management-part-1\/\",\"url\":\"https:\/\/www.blackjackinfo.com\/blackjack-school\/lesson-07-money-management-part-1\/\",\"name\":\"Blackjack School \u1408 Lesson 7 - Money Management - Part 1\",\"isPartOf\":{\"@id\":\"https:\/\/www.blackjackinfo.com\/#website\"},\"datePublished\":\"2014-10-20T01:00:00+00:00\",\"dateModified\":\"2020-02-18T23:55:54+00:00\",\"description\":\"Lesson 7 in the GameMaster's Free Blackjack School - Understanding the true count, and what it means for bet sizing.\",\"breadcrumb\":{\"@id\":\"https:\/\/www.blackjackinfo.com\/blackjack-school\/lesson-07-money-management-part-1\/#breadcrumb\"},\"inLanguage\":\"es\",\"potentialAction\":[{\"@type\":\"ReadAction\",\"target\":[\"https:\/\/www.blackjackinfo.com\/blackjack-school\/lesson-07-money-management-part-1\/\"]}]},{\"@type\":\"BreadcrumbList\",\"@id\":\"https:\/\/www.blackjackinfo.com\/blackjack-school\/lesson-07-money-management-part-1\/#breadcrumb\",\"itemListElement\":[{\"@type\":\"ListItem\",\"position\":1,\"name\":\"Home\",\"item\":\"https:\/\/www.blackjackinfo.com\/\"},{\"@type\":\"ListItem\",\"position\":2,\"name\":\"Blackjack School &#8211; A Free 24-Lesson Class on Card Counting\",\"item\":\"https:\/\/www.blackjackinfo.com\/blackjack-school\/\"},{\"@type\":\"ListItem\",\"position\":3,\"name\":\"Lesson 7 &#8211; Money Management &#8211; Part 1\"}]},{\"@type\":\"WebSite\",\"@id\":\"https:\/\/www.blackjackinfo.com\/#website\",\"url\":\"https:\/\/www.blackjackinfo.com\/\",\"name\":\"BlackjackInfo.com\",\"description\":\"Because Winning is More Fun!\",\"potentialAction\":[{\"@type\":\"SearchAction\",\"target\":{\"@type\":\"EntryPoint\",\"urlTemplate\":\"https:\/\/www.blackjackinfo.com\/?s={search_term_string}\"},\"query-input\":{\"@type\":\"PropertyValueSpecification\",\"valueRequired\":true,\"valueName\":\"search_term_string\"}}],\"inLanguage\":\"es\"}]}<\/script>\n<!-- \/ Yoast SEO plugin. -->","yoast_head_json":{"title":"Escuela de Blackjack \u1408 Lecci\u00f3n 7 - Gesti\u00f3n del dinero - Parte 1","description":"Lecci\u00f3n 7 de la Escuela Gratuita de Blackjack del GameMaster - Entender la cuenta real y lo que significa para el tama\u00f1o de las apuestas.","robots":{"index":"index","follow":"follow","max-snippet":"max-snippet:-1","max-image-preview":"max-image-preview:large","max-video-preview":"max-video-preview:-1"},"canonical":"https:\/\/www.blackjackinfo.com\/es\/escuela-de-blackjack\/leccion-07-gestion-del-dinero-parte-1\/","og_locale":"es_ES","og_type":"article","og_title":"Blackjack School \u1408 Lesson 7 - Money Management - Part 1","og_description":"Lesson 7 in the GameMaster's Free Blackjack School - Understanding the true count, and what it means for bet sizing.","og_url":"https:\/\/www.blackjackinfo.com\/es\/escuela-de-blackjack\/leccion-07-gestion-del-dinero-parte-1\/","og_site_name":"BlackjackInfo.com","article_modified_time":"2020-02-18T23:55:54+00:00","twitter_misc":{"Tiempo de lectura":"7 minutos"},"schema":{"@context":"https:\/\/schema.org","@graph":[{"@type":"WebPage","@id":"https:\/\/www.blackjackinfo.com\/blackjack-school\/lesson-07-money-management-part-1\/","url":"https:\/\/www.blackjackinfo.com\/blackjack-school\/lesson-07-money-management-part-1\/","name":"Escuela de Blackjack \u1408 Lecci\u00f3n 7 - Gesti\u00f3n del dinero - Parte 1","isPartOf":{"@id":"https:\/\/www.blackjackinfo.com\/#website"},"datePublished":"2014-10-20T01:00:00+00:00","dateModified":"2020-02-18T23:55:54+00:00","description":"Lecci\u00f3n 7 de la Escuela Gratuita de Blackjack del GameMaster - Entender la cuenta real y lo que significa para el tama\u00f1o de las apuestas.","breadcrumb":{"@id":"https:\/\/www.blackjackinfo.com\/blackjack-school\/lesson-07-money-management-part-1\/#breadcrumb"},"inLanguage":"es","potentialAction":[{"@type":"ReadAction","target":["https:\/\/www.blackjackinfo.com\/blackjack-school\/lesson-07-money-management-part-1\/"]}]},{"@type":"BreadcrumbList","@id":"https:\/\/www.blackjackinfo.com\/blackjack-school\/lesson-07-money-management-part-1\/#breadcrumb","itemListElement":[{"@type":"ListItem","position":1,"name":"Home","item":"https:\/\/www.blackjackinfo.com\/"},{"@type":"ListItem","position":2,"name":"Blackjack School &#8211; A Free 24-Lesson Class on Card Counting","item":"https:\/\/www.blackjackinfo.com\/blackjack-school\/"},{"@type":"ListItem","position":3,"name":"Lesson 7 &#8211; Money Management &#8211; Part 1"}]},{"@type":"WebSite","@id":"https:\/\/www.blackjackinfo.com\/#website","url":"https:\/\/www.blackjackinfo.com\/","name":"BlackjackInfo.com","description":"\u00a1Porque ganar es m\u00e1s divertido!","potentialAction":[{"@type":"SearchAction","target":{"@type":"EntryPoint","urlTemplate":"https:\/\/www.blackjackinfo.com\/?s={search_term_string}"},"query-input":{"@type":"PropertyValueSpecification","valueRequired":true,"valueName":"search_term_string"}}],"inLanguage":"es"}]}},"_links":{"self":[{"href":"https:\/\/www.blackjackinfo.com\/es\/wp-json\/wp\/v2\/pages\/720","targetHints":{"allow":["GET"]}}],"collection":[{"href":"https:\/\/www.blackjackinfo.com\/es\/wp-json\/wp\/v2\/pages"}],"about":[{"href":"https:\/\/www.blackjackinfo.com\/es\/wp-json\/wp\/v2\/types\/page"}],"author":[{"embeddable":true,"href":"https:\/\/www.blackjackinfo.com\/es\/wp-json\/wp\/v2\/users\/2"}],"replies":[{"embeddable":true,"href":"https:\/\/www.blackjackinfo.com\/es\/wp-json\/wp\/v2\/comments?post=720"}],"version-history":[{"count":10,"href":"https:\/\/www.blackjackinfo.com\/es\/wp-json\/wp\/v2\/pages\/720\/revisions"}],"predecessor-version":[{"id":5457,"href":"https:\/\/www.blackjackinfo.com\/es\/wp-json\/wp\/v2\/pages\/720\/revisions\/5457"}],"up":[{"embeddable":true,"href":"https:\/\/www.blackjackinfo.com\/es\/wp-json\/wp\/v2\/pages\/634"}],"wp:attachment":[{"href":"https:\/\/www.blackjackinfo.com\/es\/wp-json\/wp\/v2\/media?parent=720"}],"wp:term":[{"taxonomy":"post_tag","embeddable":true,"href":"https:\/\/www.blackjackinfo.com\/es\/wp-json\/wp\/v2\/tags?post=720"}],"curies":[{"name":"wp","href":"https:\/\/api.w.org\/{rel}","templated":true}]}}