{"id":722,"date":"2014-10-19T20:05:26","date_gmt":"2014-10-20T01:05:26","guid":{"rendered":"http:\/\/test.blackjackinfo.com\/?page_id=722"},"modified":"2020-02-18T17:56:35","modified_gmt":"2020-02-18T23:56:35","slug":"leccion-08-gestion-del-dinero-parte-2","status":"publish","type":"page","link":"https:\/\/www.blackjackinfo.com\/es\/blackjack-school\/lesson-08-money-management-part-2\/","title":{"rendered":"Lecci\u00f3n 8 - Gesti\u00f3n del dinero - Parte 2"},"content":{"rendered":"<h3>Unas palabras sobre la cubierta \u00fanica<\/h3>\n<p><b>En la lecci\u00f3n anterior, le ense\u00f1\u00e9 a calcular el \"recuento real\" para un juego de varios mazos, pero quiero hacer hincapi\u00e9 en que el concepto de recuento real tambi\u00e9n se aplica a los juegos de un solo mazo.<\/b>  La conversi\u00f3n se realiza de forma un poco diferente, pero el resultado es el mismo: se obtiene un recuento estandarizado por mazo restante.  Si ve una sola carta en un juego de un solo mazo, un 5 por ejemplo, ahora tiene un \"recuento corriente\" de 1 y un recuento real de uno.  Esto, por supuesto, se debe a que s\u00f3lo hay una baraja en el juego para empezar y determinamos la cuenta real dividiendo la cuenta corriente por el n\u00famero de barajas restantes.  Si, despu\u00e9s de jugar varias manos, la cuenta corriente es 6 y quedan tres cuartos de baraja por jugar, debemos dividir la cuenta corriente por 0,75 para determinar la cuenta real.  En este caso, la cuenta real es 8. Si estuvi\u00e9ramos en el punto medio de la baraja, la cuenta real ser\u00eda 6 dividido por 0,50 = 12.  \u00bfEntiendes el concepto?  En un juego de un solo mazo, tienes que dividir por fracciones, y eso no es f\u00e1cil de hacer, as\u00ed que todos los contadores de un solo mazo ten\u00e9is que practicar esto para calcularlo correctamente cuando jugu\u00e9is.<br \/>\n<div class=\"row\" style=\"margin-bottom:20px\">\n    <div class=\"col-sm-12\">\n                <h2>Los mejores casinos online de EE.UU. <span\n                class=\"flag-icon flag-icon-us\"><\/span><\/h2>\n\n        \n                \n        <div class=\"ranking-table text-center\">\n            <div class=\"row flex ad-row\">\n                <div class=\"col-sm-3\">\n                    <div class=\"row flex\">\n\n                        <div class=\"col-sm-3\">\n                            <div class=\"ranking-number text-center\">\n\n                                1                                \n                            <\/div>\n                        <\/div>\n                        <div class=\"col-sm-9\">\n                            <img decoding=\"async\" src=\"https:\/\/www.blackjackinfo.com\/files\/bovada.png\" data-no-auto-translation=\"\">\n                        <\/div>\n                    <\/div>\n                <\/div>\n                <div class=\"col-sm-4\">\n                    <div class=\"bonus-text text-center\"><span class=\"red\">100% hasta $1.000<\/span><\/div>\n\t\t\t\t\t\n\n                <\/div>\n                <div class=\"col-sm-2\">\n                    <a class=\"btn btn-wire\" href=\"\/es\/casino\/bovada\/\">Revisa<\/a>\n\n                <\/div>\n                <div class=\"col-sm-3\">\n                    <a rel=\"nofollow\" target=\"_blank\" class=\"btn btn-blue\" href=\"\/goto\/goto\/\">Jugar\n                        Ahora<\/a>\n\t\t\t\t\t\t\n\n                <\/div>\n            <\/div>\n        <\/div>\n\n\n\n        \n                \n        <div class=\"ranking-table text-center\">\n            <div class=\"row flex ad-row\">\n                <div class=\"col-sm-3\">\n                    <div class=\"row flex\">\n\n                        <div class=\"col-sm-3\">\n                            <div class=\"ranking-number text-center\">\n\n                                2                                \n                            <\/div>\n                        <\/div>\n                        <div class=\"col-sm-9\">\n                            <img decoding=\"async\" src=\"https:\/\/www.blackjackinfo.com\/files\/ignition-casino-logo.png\" data-no-auto-translation=\"\">\n                        <\/div>\n                    <\/div>\n                <\/div>\n                <div class=\"col-sm-4\">\n                    <div class=\"bonus-text text-center\"><span class=\"red\">100% hasta $1.000<\/span><\/div>\n\t\t\t\t\t\n\n                <\/div>\n                <div class=\"col-sm-2\">\n                    <a class=\"btn btn-wire\" href=\"\/es\/casino\/ignition-casino\/\">Revisa<\/a>\n\n                <\/div>\n                <div class=\"col-sm-3\">\n                    <a rel=\"nofollow\" target=\"_blank\" class=\"btn btn-blue\" href=\"\/goto\/goto\/\">Jugar\n                        Ahora<\/a>\n\t\t\t\t\t\t\n\n                <\/div>\n            <\/div>\n        <\/div>\n\n\n\n        \n                \n        <div class=\"ranking-table text-center\">\n            <div class=\"row flex ad-row\">\n                <div class=\"col-sm-3\">\n                    <div class=\"row flex\">\n\n                        <div class=\"col-sm-3\">\n                            <div class=\"ranking-number text-center\">\n\n                                3                                \n                            <\/div>\n                        <\/div>\n                        <div class=\"col-sm-9\">\n                            <img decoding=\"async\" src=\"https:\/\/www.blackjackinfo.com\/files\/VipSlots-500x250_dark.svg\" data-no-auto-translation=\"\">\n                        <\/div>\n                    <\/div>\n                <\/div>\n                <div class=\"col-sm-4\">\n                    <div class=\"bonus-text text-center\"><span class=\"red\">100 GIROS GRATIS en Secret Life of Cats<\/span><\/div>\n\t\t\t\t\t\n\n                <\/div>\n                <div class=\"col-sm-2\">\n                    <a class=\"btn btn-wire\" href=\"\/es\/casino\/vipslots-casino\/\">Revisa<\/a>\n\n                <\/div>\n                <div class=\"col-sm-3\">\n                    <a rel=\"nofollow\" target=\"_blank\" class=\"btn btn-blue\" href=\"\/goto\/goto\/\">Jugar\n                        Ahora<\/a>\n\t\t\t\t\t\t\n\n                <\/div>\n            <\/div>\n        <\/div>\n\n\n\n        \n                \n        <div class=\"ranking-table text-center\">\n            <div class=\"row flex ad-row\">\n                <div class=\"col-sm-3\">\n                    <div class=\"row flex\">\n\n                        <div class=\"col-sm-3\">\n                            <div class=\"ranking-number text-center\">\n\n                                4                                \n                            <\/div>\n                        <\/div>\n                        <div class=\"col-sm-9\">\n                            <img decoding=\"async\" src=\"https:\/\/www.blackjackinfo.com\/files\/vegas_casino_online.png\" data-no-auto-translation=\"\">\n                        <\/div>\n                    <\/div>\n                <\/div>\n                <div class=\"col-sm-4\">\n                    <div class=\"bonus-text text-center\"><span class=\"red\">300% hasta $3.000<\/span><\/div>\n\t\t\t\t\t\n\n                <\/div>\n                <div class=\"col-sm-2\">\n                    <a class=\"btn btn-wire\" href=\"\/es\/casino\/vegas-casino-online-2\/\">Revisa<\/a>\n\n                <\/div>\n                <div class=\"col-sm-3\">\n                    <a rel=\"nofollow\" target=\"_blank\" class=\"btn btn-blue\" href=\"\/goto\/goto\/\">Jugar\n                        Ahora<\/a>\n\t\t\t\t\t\t\n\n                <\/div>\n            <\/div>\n        <\/div>\n\n\n\n        \n                \n        <div class=\"ranking-table text-center\">\n            <div class=\"row flex ad-row\">\n                <div class=\"col-sm-3\">\n                    <div class=\"row flex\">\n\n                        <div class=\"col-sm-3\">\n                            <div class=\"ranking-number text-center\">\n\n                                5                                \n                            <\/div>\n                        <\/div>\n                        <div class=\"col-sm-9\">\n                            <img decoding=\"async\" src=\"https:\/\/www.blackjackinfo.com\/files\/cafe-casino-logo.svg\" data-no-auto-translation=\"\">\n                        <\/div>\n                    <\/div>\n                <\/div>\n                <div class=\"col-sm-4\">\n                    <div class=\"bonus-text text-center\"><span class=\"red\">250% hasta $1.500<\/span><\/div>\n\t\t\t\t\t\n\n                <\/div>\n                <div class=\"col-sm-2\">\n                    <a class=\"btn btn-wire\" href=\"\/es\/casino\/cafe-casino\/\">Revisa<\/a>\n\n                <\/div>\n                <div class=\"col-sm-3\">\n                    <a rel=\"nofollow\" target=\"_blank\" class=\"btn btn-blue\" href=\"\/goto\/goto\/\">Jugar\n                        Ahora<\/a>\n\t\t\t\t\t\t\n\n                <\/div>\n            <\/div>\n        <\/div>\n\n\n\n            <\/div>\n<\/div><\/p>\n<h3>Apostar con el recuento real<\/h3>\n<p><b>Por cada aumento de 1 en el recuento real calculado por el m\u00e9todo de recuento Hi \/ Lo, la ventaja del jugador aumenta en aproximadamente 0,5% en la partida media de Blackjack. <\/b> Si el casino tiene una ventaja sobre el jugador de estrategia b\u00e1sica de 0,40% (6 barajas, doble con las dos primeras cartas, doble despu\u00e9s de dividir parejas, el crupier se planta con A-6), se necesita una cuenta real de aproximadamente 1 para estar \"en paz\" con la casa.  Estar en igualdad de condiciones significa que el jugador que utiliza una estrategia b\u00e1sica adecuada ganar\u00e1 tanto como pierda (a largo plazo) con una cuenta real de uno.  Una cuenta verdadera de 2 da al contador una ventaja de .5% sobre la casa; una cuenta verdadera de 3 da al jugador una ventaja de 1% y as\u00ed sucesivamente.<\/p>\n<p><b>Es la ventaja que tiene un jugador en la mano siguiente lo que determina su apuesta.<\/b>  Los contadores apuestan s\u00f3lo una peque\u00f1a parte de su capital en cualquier mano, porque aunque ganar\u00e1n a largo plazo, podr\u00edan perder cualquier mano.  Al apostar una cantidad proporcional a su ventaja (el llamado \"Criterio de Kelly\"), maximizan su potencial y minimizan el riesgo.  Mucha gente malinterpreta el Criterio de Kelly asumiendo que la cantidad apostada es directamente proporcional a la ventaja.  Piensan que si tienes una ventaja de 1%, deber\u00edas apostar 1% de tu \"bankroll\" y eso es incorrecto.  Lo que est\u00e1n olvidando es el doblar y dividir parejas que ocurre en el transcurso de un juego y que aumenta el riesgo o \"varianza\" de una mano.  Para un juego con reglas como las mencionadas anteriormente, la apuesta \u00f3ptima es 76% de la ventaja del jugador.  He aqu\u00ed una tabla de apuestas \u00f3ptimas que funcionar\u00e1 bien para la mayor\u00eda de los juegos de varios mazos:<\/p>\n<div class=\"col-sm-6 col-center\">\n<table class=\"data-table text-center\">\n<tbody>\n<tr>\n<td><b>Recuento real<\/b><\/td>\n<td><b>Ventaja<\/b><\/td>\n<td><b>% Apuesta \u00f3ptima<\/b><\/td>\n<\/tr>\n<tr>\n<td>-1 o inferior<\/td>\n<td>-1,00% o m\u00e1s<\/td>\n<td>0%<\/td>\n<\/tr>\n<tr>\n<td>0<\/td>\n<td>-0.50%<\/td>\n<td>0%<\/td>\n<\/tr>\n<tr>\n<td>1<\/td>\n<td>0%<\/td>\n<td>0%<\/td>\n<\/tr>\n<tr>\n<td>2<\/td>\n<td>0,5%x76%<\/td>\n<td>.38%<\/td>\n<\/tr>\n<tr>\n<td>3<\/td>\n<td>1.0%x76%<\/td>\n<td>.76%<\/td>\n<\/tr>\n<tr>\n<td>4<\/td>\n<td>1,5%x76%<\/td>\n<td>1.14%<\/td>\n<\/tr>\n<tr>\n<td>5<\/td>\n<td>2.0%x76%<\/td>\n<td>1.52%<\/td>\n<\/tr>\n<tr>\n<td>6<\/td>\n<td>2,5%x76%<\/td>\n<td>1.90%<\/td>\n<\/tr>\n<tr>\n<td>7<\/td>\n<td>3.0%x76%<\/td>\n<td>2.28%<\/td>\n<\/tr>\n<\/tbody>\n<\/table>\n<\/div>\n<p>Utilizando esta tabla, puede determinar la apuesta \u00f3ptima para cualquier bankroll; s\u00f3lo tiene que multiplicar la cifra de la \u00faltima columna por el importe del bankroll.  As\u00ed, para un bankroll de $3000, la apuesta \u00f3ptima para un recuento verdadero de 2 es .0038 X $3000 = $11.40.<\/p>\n<h3>Algunas consideraciones pr\u00e1cticas<\/h3>\n<p><b>En primer lugar, no es pr\u00e1ctico apostar en unidades inferiores a $1, por lo que un programa de apuestas debe redondearse.  En segundo lugar, es m\u00e1s apropiado apostar en unidades de $5 para parecerse al apostante medio, adem\u00e1s de reducir los c\u00e1lculos que hay que hacer.<\/b>  Adem\u00e1s, es imposible refigurar su apuesta \u00f3ptima mientras est\u00e1 sentado en la mesa, aunque deber\u00eda recalcularse a medida que el bankroll var\u00eda hacia arriba y hacia abajo.  Por \u00faltimo, simplemente no es posible jugar s\u00f3lo en los zapatos en los que el recuento real es 2 o superior; a veces tendr\u00e1 que hacer apuestas cuando la casa tenga ventaja.  Todos estos redondeos y el juego con mazos negativos reducen su porcentaje de ganancias, pero conociendo las condiciones que pueden costarle dinero, puede tomar medidas para minimizar su impacto en sus ganancias.<\/p>\n<h3>El diferencial de apuestas<\/h3>\n<p><b>Un juego de un solo mazo con reglas decentes en el que se usan treinta y seis cartas o m\u00e1s antes de barajar puede ser superado por una tirada de 1 a 4.<\/b>  Un juego de dos barajas en el que se utilicen setenta cartas o m\u00e1s antes de barajarlas normalmente puede ganarse con una distribuci\u00f3n de 1 a 6. Una partida con cuatro barajas o m\u00e1s requerir\u00e1 una distribuci\u00f3n de 1 a 12 para obtener ventaja.  Un juego con cuatro barajas o m\u00e1s requerir\u00e1 una dispersi\u00f3n de 1 a 12 para obtener ventaja.  Hablaremos de la evaluaci\u00f3n de los juegos en una lecci\u00f3n posterior, pero quer\u00eda sentar las bases para tu gesti\u00f3n del dinero d\u00e1ndote una idea de lo que se necesita para jugar al Blackjack con ganancias.  El spread se expresa en unidades de apuesta, por lo que si juegas con fichas de $5, tendr\u00edas un spread de $5 a $60 en una partida de seis mazos.  Dado que un contador debe tener un bankroll compuesto por un m\u00ednimo de 50 apuestas principales, un spread como \u00e9ste requerir\u00e1 un bankroll de $3000.<\/p>\n<p>Con un bankroll de $3000, un programa de apuestas podr\u00eda tener este aspecto:<\/p>\n<div class=\"col-sm-6 col-center\">\n<table class=\"data-table text-center\">\n<tbody>\n<tr>\n<td><b>Recuento real <\/b><\/td>\n<td><b>Apuesta del jugador<\/b><\/td>\n<td><b>Apuesta \u00f3ptima<\/b><\/td>\n<\/tr>\n<tr>\n<td>0 o inferior<\/td>\n<td>$5<\/td>\n<td>$0<\/td>\n<\/tr>\n<tr>\n<td>1<\/td>\n<td>$5<\/td>\n<td>$0<\/td>\n<\/tr>\n<tr>\n<td>2<\/td>\n<td>$10<\/td>\n<td>$11.20<\/td>\n<\/tr>\n<tr>\n<td>3<\/td>\n<td>$20<\/td>\n<td>$22.80<\/td>\n<\/tr>\n<tr>\n<td>4<\/td>\n<td>$40<\/td>\n<td>$34.20<\/td>\n<\/tr>\n<tr>\n<td>5<\/td>\n<td>$50<\/td>\n<td>$45.60<\/td>\n<\/tr>\n<tr>\n<td>6<\/td>\n<td>$60<\/td>\n<td>$57.00<\/td>\n<\/tr>\n<\/tbody>\n<\/table>\n<\/div>\n<p>Un programa de apuestas de este tipo le permite \"parlay\" sus apuestas a medida que aumenta la cuenta, lo que le hace parecer m\u00e1s un \"apostador\".<\/p>\n<p><b>AHORRAR\u00c1 MUCHO DINERO Y ENCONTRAR\u00c1 SITUACIONES M\u00c1S RENTABLES SI ABANDONA UNA MESA CUANDO LA CUENTA HAYA BAJADO A UN VERDADERO - 1.  PERO ABAND\u00d3NELA S\u00d3LO DESPU\u00c9S DE PERDER UNA MANO; NING\u00daN JUGADOR ABANDONAR\u00cdA UNA MESA DESPU\u00c9S DE GANAR.<br \/>\n<\/b><\/p>\n<p>\u00bfLe he dado vueltas a la cabeza?  Si es as\u00ed, no te lo pierdas, porque en las pr\u00f3ximas semanas lo resumir\u00e9 todo en un paquete f\u00e1cil de entender.  Como siempre, haz los deberes y luego te vas.<\/p>\n<h3>Deberes<\/h3>\n<p>Nada.  \u00bfQu\u00e9 tal un descanso?<\/p>","protected":false},"excerpt":{"rendered":"<p>A Few Words on Single Deck In the previous lesson, I taught you how to figure the &#8220;true count&#8221; for a multi-deck game, but I want to emphasize that the concept of true count also applies to single-deck games as well. The conversion is done a bit differently, but the result is the same; you [&hellip;]<\/p>\n","protected":false},"author":2,"featured_media":0,"parent":634,"menu_order":0,"comment_status":"open","ping_status":"open","template":"page-blackjack-school.php","meta":{"_acf_changed":false,"footnotes":""},"tags":[],"class_list":["post-722","page","type-page","status-publish","hentry"],"acf":[],"yoast_head":"<!-- This site is optimized with the Yoast SEO plugin v26.6 - https:\/\/yoast.com\/wordpress\/plugins\/seo\/ -->\n<title>Blackjack School \u1408 Lesson 8 - Money Management - Part 2<\/title>\n<meta name=\"description\" content=\"Lesson 8 in the GameMaster&#039;s Free Blackjack School - Betting with the true count.\" \/>\n<meta name=\"robots\" content=\"index, follow, max-snippet:-1, max-image-preview:large, max-video-preview:-1\" \/>\n<link rel=\"canonical\" href=\"https:\/\/www.blackjackinfo.com\/es\/escuela-de-blackjack\/leccion-08-gestion-del-dinero-parte-2\/\" \/>\n<meta property=\"og:locale\" content=\"es_ES\" \/>\n<meta property=\"og:type\" content=\"article\" \/>\n<meta property=\"og:title\" content=\"Blackjack School \u1408 Lesson 8 - Money Management - Part 2\" \/>\n<meta property=\"og:description\" content=\"Lesson 8 in the GameMaster&#039;s Free Blackjack School - Betting with the true count.\" \/>\n<meta property=\"og:url\" content=\"https:\/\/www.blackjackinfo.com\/es\/escuela-de-blackjack\/leccion-08-gestion-del-dinero-parte-2\/\" \/>\n<meta property=\"og:site_name\" content=\"BlackjackInfo.com\" \/>\n<meta property=\"article:modified_time\" content=\"2020-02-18T23:56:35+00:00\" \/>\n<meta name=\"twitter:label1\" content=\"Tiempo de lectura\" \/>\n\t<meta name=\"twitter:data1\" content=\"5 minutos\" \/>\n<script type=\"application\/ld+json\" class=\"yoast-schema-graph\">{\"@context\":\"https:\/\/schema.org\",\"@graph\":[{\"@type\":\"WebPage\",\"@id\":\"https:\/\/www.blackjackinfo.com\/blackjack-school\/lesson-08-money-management-part-2\/\",\"url\":\"https:\/\/www.blackjackinfo.com\/blackjack-school\/lesson-08-money-management-part-2\/\",\"name\":\"Blackjack School \u1408 Lesson 8 - Money Management - Part 2\",\"isPartOf\":{\"@id\":\"https:\/\/www.blackjackinfo.com\/#website\"},\"datePublished\":\"2014-10-20T01:05:26+00:00\",\"dateModified\":\"2020-02-18T23:56:35+00:00\",\"description\":\"Lesson 8 in the GameMaster's Free Blackjack School - Betting with the true count.\",\"breadcrumb\":{\"@id\":\"https:\/\/www.blackjackinfo.com\/blackjack-school\/lesson-08-money-management-part-2\/#breadcrumb\"},\"inLanguage\":\"es\",\"potentialAction\":[{\"@type\":\"ReadAction\",\"target\":[\"https:\/\/www.blackjackinfo.com\/blackjack-school\/lesson-08-money-management-part-2\/\"]}]},{\"@type\":\"BreadcrumbList\",\"@id\":\"https:\/\/www.blackjackinfo.com\/blackjack-school\/lesson-08-money-management-part-2\/#breadcrumb\",\"itemListElement\":[{\"@type\":\"ListItem\",\"position\":1,\"name\":\"Home\",\"item\":\"https:\/\/www.blackjackinfo.com\/\"},{\"@type\":\"ListItem\",\"position\":2,\"name\":\"Blackjack School &#8211; A Free 24-Lesson Class on Card Counting\",\"item\":\"https:\/\/www.blackjackinfo.com\/blackjack-school\/\"},{\"@type\":\"ListItem\",\"position\":3,\"name\":\"Lesson 8 &#8211; Money Management &#8211; Part 2\"}]},{\"@type\":\"WebSite\",\"@id\":\"https:\/\/www.blackjackinfo.com\/#website\",\"url\":\"https:\/\/www.blackjackinfo.com\/\",\"name\":\"BlackjackInfo.com\",\"description\":\"Because Winning is More Fun!\",\"potentialAction\":[{\"@type\":\"SearchAction\",\"target\":{\"@type\":\"EntryPoint\",\"urlTemplate\":\"https:\/\/www.blackjackinfo.com\/?s={search_term_string}\"},\"query-input\":{\"@type\":\"PropertyValueSpecification\",\"valueRequired\":true,\"valueName\":\"search_term_string\"}}],\"inLanguage\":\"es\"}]}<\/script>\n<!-- \/ Yoast SEO plugin. -->","yoast_head_json":{"title":"Escuela de Blackjack \u1408 Lecci\u00f3n 8 - Gesti\u00f3n del dinero - Parte 2","description":"Lecci\u00f3n 8 de la Escuela Gratuita de Blackjack del GameMaster - Apostar con la cuenta real.","robots":{"index":"index","follow":"follow","max-snippet":"max-snippet:-1","max-image-preview":"max-image-preview:large","max-video-preview":"max-video-preview:-1"},"canonical":"https:\/\/www.blackjackinfo.com\/es\/escuela-de-blackjack\/leccion-08-gestion-del-dinero-parte-2\/","og_locale":"es_ES","og_type":"article","og_title":"Blackjack School \u1408 Lesson 8 - Money Management - Part 2","og_description":"Lesson 8 in the GameMaster's Free Blackjack School - Betting with the true count.","og_url":"https:\/\/www.blackjackinfo.com\/es\/escuela-de-blackjack\/leccion-08-gestion-del-dinero-parte-2\/","og_site_name":"BlackjackInfo.com","article_modified_time":"2020-02-18T23:56:35+00:00","twitter_misc":{"Tiempo de lectura":"5 minutos"},"schema":{"@context":"https:\/\/schema.org","@graph":[{"@type":"WebPage","@id":"https:\/\/www.blackjackinfo.com\/blackjack-school\/lesson-08-money-management-part-2\/","url":"https:\/\/www.blackjackinfo.com\/blackjack-school\/lesson-08-money-management-part-2\/","name":"Escuela de Blackjack \u1408 Lecci\u00f3n 8 - Gesti\u00f3n del dinero - Parte 2","isPartOf":{"@id":"https:\/\/www.blackjackinfo.com\/#website"},"datePublished":"2014-10-20T01:05:26+00:00","dateModified":"2020-02-18T23:56:35+00:00","description":"Lecci\u00f3n 8 de la Escuela Gratuita de Blackjack del GameMaster - Apostar con la cuenta real.","breadcrumb":{"@id":"https:\/\/www.blackjackinfo.com\/blackjack-school\/lesson-08-money-management-part-2\/#breadcrumb"},"inLanguage":"es","potentialAction":[{"@type":"ReadAction","target":["https:\/\/www.blackjackinfo.com\/blackjack-school\/lesson-08-money-management-part-2\/"]}]},{"@type":"BreadcrumbList","@id":"https:\/\/www.blackjackinfo.com\/blackjack-school\/lesson-08-money-management-part-2\/#breadcrumb","itemListElement":[{"@type":"ListItem","position":1,"name":"Home","item":"https:\/\/www.blackjackinfo.com\/"},{"@type":"ListItem","position":2,"name":"Blackjack School &#8211; A Free 24-Lesson Class on Card Counting","item":"https:\/\/www.blackjackinfo.com\/blackjack-school\/"},{"@type":"ListItem","position":3,"name":"Lesson 8 &#8211; Money Management &#8211; Part 2"}]},{"@type":"WebSite","@id":"https:\/\/www.blackjackinfo.com\/#website","url":"https:\/\/www.blackjackinfo.com\/","name":"BlackjackInfo.com","description":"\u00a1Porque ganar es m\u00e1s divertido!","potentialAction":[{"@type":"SearchAction","target":{"@type":"EntryPoint","urlTemplate":"https:\/\/www.blackjackinfo.com\/?s={search_term_string}"},"query-input":{"@type":"PropertyValueSpecification","valueRequired":true,"valueName":"search_term_string"}}],"inLanguage":"es"}]}},"_links":{"self":[{"href":"https:\/\/www.blackjackinfo.com\/es\/wp-json\/wp\/v2\/pages\/722","targetHints":{"allow":["GET"]}}],"collection":[{"href":"https:\/\/www.blackjackinfo.com\/es\/wp-json\/wp\/v2\/pages"}],"about":[{"href":"https:\/\/www.blackjackinfo.com\/es\/wp-json\/wp\/v2\/types\/page"}],"author":[{"embeddable":true,"href":"https:\/\/www.blackjackinfo.com\/es\/wp-json\/wp\/v2\/users\/2"}],"replies":[{"embeddable":true,"href":"https:\/\/www.blackjackinfo.com\/es\/wp-json\/wp\/v2\/comments?post=722"}],"version-history":[{"count":5,"href":"https:\/\/www.blackjackinfo.com\/es\/wp-json\/wp\/v2\/pages\/722\/revisions"}],"predecessor-version":[{"id":5458,"href":"https:\/\/www.blackjackinfo.com\/es\/wp-json\/wp\/v2\/pages\/722\/revisions\/5458"}],"up":[{"embeddable":true,"href":"https:\/\/www.blackjackinfo.com\/es\/wp-json\/wp\/v2\/pages\/634"}],"wp:attachment":[{"href":"https:\/\/www.blackjackinfo.com\/es\/wp-json\/wp\/v2\/media?parent=722"}],"wp:term":[{"taxonomy":"post_tag","embeddable":true,"href":"https:\/\/www.blackjackinfo.com\/es\/wp-json\/wp\/v2\/tags?post=722"}],"curies":[{"name":"wp","href":"https:\/\/api.w.org\/{rel}","templated":true}]}}