{"id":724,"date":"2014-10-19T20:18:29","date_gmt":"2014-10-20T01:18:29","guid":{"rendered":"http:\/\/test.blackjackinfo.com\/?page_id=724"},"modified":"2020-02-18T17:56:51","modified_gmt":"2020-02-18T23:56:51","slug":"leccion-09-gestion-del-dinero-parte-3","status":"publish","type":"page","link":"https:\/\/www.blackjackinfo.com\/es\/blackjack-school\/lesson-09-money-management-part-3\/","title":{"rendered":"Lecci\u00f3n 9 - Gesti\u00f3n del dinero - Parte 3"},"content":{"rendered":"<h3>Expectativa y desviaci\u00f3n t\u00edpica<\/h3>\n<p class=\"intro\">\nSi lanzas una moneda 100 veces, tu<b> expectativa<\/b> es recibir 50 caras y 50 colas.      Pero la realidad puede ser muy distinta; la medida de esa realidad se llama \"desviaci\u00f3n t\u00edpica\".<\/p>\n<p><b>La desviaci\u00f3n t\u00edpica es un t\u00e9rmino matem\u00e1tico utilizado para predecir el resultado de una situaci\u00f3n.<\/b>  En nuestro ejercicio de lanzar una moneda, esperamos que salga 50 cara y 50 cruz, pero dos tercios de las veces el resultado real estar\u00e1 entre 45 y 55 en cualquier caso.  Es decir, un resultado de 55 cara y 45 cruz o algo intermedio no es inusual; ocurrir\u00e1 el 68,3% de las veces.  Esta medida corresponde a una desviaci\u00f3n est\u00e1ndar de la expectativa y, si realiz\u00e1ramos cientos de \"pruebas\" de 100 tiradas, podr\u00edamos trazar nuestros resultados en una curva de campana y la gran mayor\u00eda de los resultados se situar\u00edan entre 55 y 45 en ambos sentidos.  Lo inusual ser\u00eda que en muchos ensayos el resultado fuera 50-50.  \u00bfTienes ese concepto en la cabeza? Bien.  Necesitar\u00e1s entenderlo para sobrevivir a la confusi\u00f3n mental causada por las p\u00e9rdidas que son inevitables en este juego.<\/p>\n<p><b>Nada ha hecho que los contadores abandonen el Blackjack m\u00e1s que la falta de comprensi\u00f3n sobre la desviaci\u00f3n est\u00e1ndar normal y corriente.<\/b>  Los contadores que han entrenado duro esperan de forma poco realista ganar cada vez que juegan, as\u00ed que cuando tienen varias sesiones perdedoras, olvidan lo que han aprendido.  Lo siguiente que ocurre es que apuestan m\u00e1s de la cuenta y no juegan bien las manos y, cuando despiertan del aturdimiento, su dinero ha desaparecido.<br \/>\n<div class=\"row\" style=\"margin-bottom:20px\">\n    <div class=\"col-sm-12\">\n                <h2>Los mejores casinos online de EE.UU. <span\n                class=\"flag-icon flag-icon-us\"><\/span><\/h2>\n\n        \n                \n        <div class=\"ranking-table text-center\">\n            <div class=\"row flex ad-row\">\n                <div class=\"col-sm-3\">\n                    <div class=\"row flex\">\n\n                        <div class=\"col-sm-3\">\n                            <div class=\"ranking-number text-center\">\n\n                                1                                \n                            <\/div>\n                        <\/div>\n                        <div class=\"col-sm-9\">\n                            <img decoding=\"async\" src=\"https:\/\/www.blackjackinfo.com\/files\/bovada.png\" data-no-auto-translation=\"\">\n                        <\/div>\n                    <\/div>\n                <\/div>\n                <div class=\"col-sm-4\">\n                    <div class=\"bonus-text text-center\"><span class=\"red\">100% hasta $1.000<\/span><\/div>\n\t\t\t\t\t\n\n                <\/div>\n                <div class=\"col-sm-2\">\n                    <a class=\"btn btn-wire\" href=\"\/es\/casino\/bovada\/\">Revisa<\/a>\n\n                <\/div>\n                <div class=\"col-sm-3\">\n                    <a rel=\"nofollow\" target=\"_blank\" class=\"btn btn-blue\" href=\"\/goto\/goto\/\">Jugar\n                        Ahora<\/a>\n\t\t\t\t\t\t\n\n                <\/div>\n            <\/div>\n        <\/div>\n\n\n\n        \n                \n        <div class=\"ranking-table text-center\">\n            <div class=\"row flex ad-row\">\n                <div class=\"col-sm-3\">\n                    <div class=\"row flex\">\n\n                        <div class=\"col-sm-3\">\n                            <div class=\"ranking-number text-center\">\n\n                                2                                \n                            <\/div>\n                        <\/div>\n                        <div class=\"col-sm-9\">\n                            <img decoding=\"async\" src=\"https:\/\/www.blackjackinfo.com\/files\/ignition-casino-logo.png\" data-no-auto-translation=\"\">\n                        <\/div>\n                    <\/div>\n                <\/div>\n                <div class=\"col-sm-4\">\n                    <div class=\"bonus-text text-center\"><span class=\"red\">100% hasta $1.000<\/span><\/div>\n\t\t\t\t\t\n\n                <\/div>\n                <div class=\"col-sm-2\">\n                    <a class=\"btn btn-wire\" href=\"\/es\/casino\/ignition-casino\/\">Revisa<\/a>\n\n                <\/div>\n                <div class=\"col-sm-3\">\n                    <a rel=\"nofollow\" target=\"_blank\" class=\"btn btn-blue\" href=\"\/goto\/goto\/\">Jugar\n                        Ahora<\/a>\n\t\t\t\t\t\t\n\n                <\/div>\n            <\/div>\n        <\/div>\n\n\n\n        \n                \n        <div class=\"ranking-table text-center\">\n            <div class=\"row flex ad-row\">\n                <div class=\"col-sm-3\">\n                    <div class=\"row flex\">\n\n                        <div class=\"col-sm-3\">\n                            <div class=\"ranking-number text-center\">\n\n                                3                                \n                            <\/div>\n                        <\/div>\n                        <div class=\"col-sm-9\">\n                            <img decoding=\"async\" src=\"https:\/\/www.blackjackinfo.com\/files\/VipSlots-500x250_dark.svg\" data-no-auto-translation=\"\">\n                        <\/div>\n                    <\/div>\n                <\/div>\n                <div class=\"col-sm-4\">\n                    <div class=\"bonus-text text-center\"><span class=\"red\">100 GIROS GRATIS en Secret Life of Cats<\/span><\/div>\n\t\t\t\t\t\n\n                <\/div>\n                <div class=\"col-sm-2\">\n                    <a class=\"btn btn-wire\" href=\"\/es\/casino\/vipslots-casino\/\">Revisa<\/a>\n\n                <\/div>\n                <div class=\"col-sm-3\">\n                    <a rel=\"nofollow\" target=\"_blank\" class=\"btn btn-blue\" href=\"\/goto\/goto\/\">Jugar\n                        Ahora<\/a>\n\t\t\t\t\t\t\n\n                <\/div>\n            <\/div>\n        <\/div>\n\n\n\n        \n                \n        <div class=\"ranking-table text-center\">\n            <div class=\"row flex ad-row\">\n                <div class=\"col-sm-3\">\n                    <div class=\"row flex\">\n\n                        <div class=\"col-sm-3\">\n                            <div class=\"ranking-number text-center\">\n\n                                4                                \n                            <\/div>\n                        <\/div>\n                        <div class=\"col-sm-9\">\n                            <img decoding=\"async\" src=\"https:\/\/www.blackjackinfo.com\/files\/vegas_casino_online.png\" data-no-auto-translation=\"\">\n                        <\/div>\n                    <\/div>\n                <\/div>\n                <div class=\"col-sm-4\">\n                    <div class=\"bonus-text text-center\"><span class=\"red\">300% hasta $3.000<\/span><\/div>\n\t\t\t\t\t\n\n                <\/div>\n                <div class=\"col-sm-2\">\n                    <a class=\"btn btn-wire\" href=\"\/es\/casino\/vegas-casino-online-2\/\">Revisa<\/a>\n\n                <\/div>\n                <div class=\"col-sm-3\">\n                    <a rel=\"nofollow\" target=\"_blank\" class=\"btn btn-blue\" href=\"\/goto\/goto\/\">Jugar\n                        Ahora<\/a>\n\t\t\t\t\t\t\n\n                <\/div>\n            <\/div>\n        <\/div>\n\n\n\n        \n                \n        <div class=\"ranking-table text-center\">\n            <div class=\"row flex ad-row\">\n                <div class=\"col-sm-3\">\n                    <div class=\"row flex\">\n\n                        <div class=\"col-sm-3\">\n                            <div class=\"ranking-number text-center\">\n\n                                5                                \n                            <\/div>\n                        <\/div>\n                        <div class=\"col-sm-9\">\n                            <img decoding=\"async\" src=\"https:\/\/www.blackjackinfo.com\/files\/cafe-casino-logo.svg\" data-no-auto-translation=\"\">\n                        <\/div>\n                    <\/div>\n                <\/div>\n                <div class=\"col-sm-4\">\n                    <div class=\"bonus-text text-center\"><span class=\"red\">250% hasta $1.500<\/span><\/div>\n\t\t\t\t\t\n\n                <\/div>\n                <div class=\"col-sm-2\">\n                    <a class=\"btn btn-wire\" href=\"\/es\/casino\/cafe-casino\/\">Revisa<\/a>\n\n                <\/div>\n                <div class=\"col-sm-3\">\n                    <a rel=\"nofollow\" target=\"_blank\" class=\"btn btn-blue\" href=\"\/goto\/goto\/\">Jugar\n                        Ahora<\/a>\n\t\t\t\t\t\t\n\n                <\/div>\n            <\/div>\n        <\/div>\n\n\n\n            <\/div>\n<\/div><\/p>\n<h3>LA PACIENCIA Y LA HABILIDAD GANAN - LAS CORAZONADAS Y LOS DESEOS NO GANAN.  LA ORACI\u00d3N NO FUNCIONA EN EL BLACKJACK.<\/h3>\n<p><b>\u00bfQu\u00e9 se puede esperar? \u00bfQu\u00e9 es lo peor que puede pasar? <\/b> Bueno, puedes perder todo tu dinero, pero si estableces un bankroll de al menos 50 apuestas 'top', juegas con una estrategia b\u00e1sica adecuada en todo momento y no apuestas de m\u00e1s, tienes una buena oportunidad de ganar $$$ en el Blackjack - si el juego en tu casino local es un juego al que se puede ganar.  \u00bfHe dicho alguna vez que fuera f\u00e1cil?<\/p>\n<p><b>La tabla siguiente ilustra los posibles resultados de distintas horas de juego en una partida bastante t\u00edpica.<\/b>  Junto con la expectativa se muestran los posibles resultados en d\u00f3lares medidos con 1 desviaci\u00f3n t\u00edpica (68,3% de las veces) y 2 desviaciones t\u00edpicas que cubren lo que ocurrir\u00e1 95% de las veces.  Tres desviaciones est\u00e1ndar cubren lo que ocurrir\u00e1 el 99,7% de las veces.<\/p>\n<hr>\n<p class=\"text-center\">\n<b>Ganancia esperada \/ Desviaci\u00f3n est\u00e1ndar<\/b><br \/>\nSupuestos: $12 apuesta media, 50 manos por hora,<br \/>\n1,25% de ventaja media.<\/p>\n<div class=\"col-sm-6 col-center\">\n<table class=\"data-table text-center\">\n<tbody>\n<tr>\n<th><\/th>\n<th><\/th>\n<th colspan=\"2\" align=\"center\">Resultados<\/th>\n<\/tr>\n<tr>\n<th>Tiempo<\/th>\n<th>Victoria prevista<\/th>\n<th>68,3% del tiempo<\/th>\n<th>95% del tiempo<\/th>\n<\/tr>\n<tr>\n<td>3 horas<\/td>\n<td>$22.50<\/td>\n<td>+$191 a -$147<\/td>\n<td>+$360 a -$316<\/td>\n<\/tr>\n<tr>\n<td>12 horas<\/td>\n<td>$90.00<\/td>\n<td>+$428 a -$248<\/td>\n<td>+$766 a -$586<\/td>\n<\/tr>\n<tr>\n<td>48 horas<\/td>\n<td>$360.00<\/td>\n<td>+$1,036 a -$316<\/td>\n<td>+$1,710 a -$992<\/td>\n<\/tr>\n<tr>\n<td>90 horas<\/td>\n<td>$675.00<\/td>\n<td>+$1,600 a -$250<\/td>\n<td>+$2,525 a -$1,175<\/td>\n<\/tr>\n<\/tbody>\n<\/table>\n<\/div>\n<hr>\n<p><b>Hablemos un poco de esto.  Si jugaras varios cientos de \"sesiones\" de 3 horas cada una, la ganancia media de esas sesiones ser\u00eda de aproximadamente $22,50.<\/b>  (Esto se debe a la utilizaci\u00f3n de un diferencial de apuestas de $5 a $60, que ya comentamos en lecciones anteriores).  Pero pocas sesiones resultar\u00e1n en una ganancia de exactamente $22,50; aproximadamente dos tercios se situar\u00e1n entre una ganancia de $191 y una p\u00e9rdida de $147.  En la mayor\u00eda de las sesiones restantes podr\u00eda ganar hasta $360 o perder hasta $316, \u00a1y en unas pocas podr\u00eda ganar o perder incluso m\u00e1s!<\/p>\n<p>\u00bfEntiende ahora por qu\u00e9 se necesita un bankroll de $3000 para soportar un diferencial de apuestas de $5 a $60?  Para tener \u00e9xito, debe ser capaz de absorber p\u00e9rdidas varias veces superiores a sus \"expectativas\".  Estas fluctuaciones son reales; le ocurrir\u00e1n en un momento u otro y, si no est\u00e1 preparado para ellas, se frustrar\u00e1 y abandonar\u00e1 o perder\u00e1 la calma y arruinar\u00e1 su capital.<\/p>\n<p><b>Ahora mira los resultados de 90 horas de juego.  La mayor\u00eda de ustedes estar\u00e1n, en el peor de los casos, cerca del umbral de rentabilidad despu\u00e9s de tantas horas.<\/b>  Algunos podr\u00edan estar arriba por $2500, pero algunos de ustedes podr\u00edan estar abajo por $1175 o m\u00e1s.  No me gustar\u00eda o\u00edr los insultos que le dir\u00e9is al GameMaster.  Pero puede suceder y no ser\u00e1 inusual si sucede, as\u00ed que preg\u00fantate ahora mismo si puedes lidiar con jugar un juego disciplinado durante 90 horas, seguir en p\u00e9rdidas y continuar jugando y apostando como te he mostrado.  Es triste, pero la mayor\u00eda de ustedes no podr\u00e1n lidiar con eso y ser\u00e1n otra v\u00edctima de la desviaci\u00f3n est\u00e1ndar.  Por eso no tengo miedo de que los casinos quiebren, aunque todos los jugadores del mundo aprendan a contar cartas, pocos tienen la paciencia para aguantar.  No quiero ser demasiado negativo, pero esa es la realidad.  Sin embargo, si aguantas, los porcentajes empezar\u00e1n a jugar a tu favor.  Como les digo a todos mis alumnos, \"en el Blackjack el dinero viene en 'trozos'\".  No se trata de una forma lenta y constante de ganar dinero; a veces, tus fondos parecer\u00e1n una monta\u00f1a rusa y es dif\u00edcil lidiar con ello desde un punto de vista emocional.<\/p>\n<p><b>Intente comprender el concepto de desviaci\u00f3n t\u00edpica y siga \"calibrando\" sus ojos haciendo ejercicios de estimaci\u00f3n de barajas con seis barajas.<\/b>  Como ya he dicho antes, para calcular el recuento real hay que tener una precisi\u00f3n de medio mazo.<\/p>\n<h3>Deberes<\/h3>\n<p>Eche un vistazo al <a href=\"\/knowledge-base\/\">blackjack base de conocimientos<\/a> en este sitio.  Con m\u00e1s de 200.000 posts sobre blackjack, eso deber\u00eda mantenerte ocupado \ud83d\ude42 .<\/p>","protected":false},"excerpt":{"rendered":"<p>Expectation and Standard Deviation If you flip a coin 100 times, your expectation is to receive 50 heads and 50 tails. But the reality may well be different; the measurement of that reality is called &#8220;standard deviation&#8221;. Standard deviation is a mathematical term used to predict the outcome of a situation. In our coin-flipping exercise, [&hellip;]<\/p>\n","protected":false},"author":2,"featured_media":0,"parent":634,"menu_order":0,"comment_status":"open","ping_status":"open","template":"page-blackjack-school.php","meta":{"_acf_changed":false,"footnotes":""},"tags":[],"class_list":["post-724","page","type-page","status-publish","hentry"],"acf":[],"yoast_head":"<!-- This site is optimized with the Yoast SEO plugin v26.6 - https:\/\/yoast.com\/wordpress\/plugins\/seo\/ -->\n<title>Blackjack School \u1408 Lesson 9 - Money Management - Part 3<\/title>\n<meta name=\"description\" content=\"Lesson 9 in the GameMaster&#039;s Free Blackjack School - Expectation and standard deviation.\" \/>\n<meta name=\"robots\" content=\"index, follow, max-snippet:-1, max-image-preview:large, max-video-preview:-1\" \/>\n<link rel=\"canonical\" href=\"https:\/\/www.blackjackinfo.com\/es\/escuela-de-blackjack\/leccion-09-gestion-del-dinero-parte-3\/\" \/>\n<meta property=\"og:locale\" content=\"es_ES\" \/>\n<meta property=\"og:type\" content=\"article\" \/>\n<meta property=\"og:title\" content=\"Blackjack School \u1408 Lesson 9 - Money Management - Part 3\" \/>\n<meta property=\"og:description\" content=\"Lesson 9 in the GameMaster&#039;s Free Blackjack School - Expectation and standard deviation.\" \/>\n<meta property=\"og:url\" content=\"https:\/\/www.blackjackinfo.com\/es\/escuela-de-blackjack\/leccion-09-gestion-del-dinero-parte-3\/\" \/>\n<meta property=\"og:site_name\" content=\"BlackjackInfo.com\" \/>\n<meta property=\"article:modified_time\" content=\"2020-02-18T23:56:51+00:00\" \/>\n<meta name=\"twitter:label1\" content=\"Tiempo de lectura\" \/>\n\t<meta name=\"twitter:data1\" content=\"4 minutos\" \/>\n<script type=\"application\/ld+json\" class=\"yoast-schema-graph\">{\"@context\":\"https:\/\/schema.org\",\"@graph\":[{\"@type\":\"WebPage\",\"@id\":\"https:\/\/www.blackjackinfo.com\/blackjack-school\/lesson-09-money-management-part-3\/\",\"url\":\"https:\/\/www.blackjackinfo.com\/blackjack-school\/lesson-09-money-management-part-3\/\",\"name\":\"Blackjack School \u1408 Lesson 9 - Money Management - Part 3\",\"isPartOf\":{\"@id\":\"https:\/\/www.blackjackinfo.com\/#website\"},\"datePublished\":\"2014-10-20T01:18:29+00:00\",\"dateModified\":\"2020-02-18T23:56:51+00:00\",\"description\":\"Lesson 9 in the GameMaster's Free Blackjack School - Expectation and standard deviation.\",\"breadcrumb\":{\"@id\":\"https:\/\/www.blackjackinfo.com\/blackjack-school\/lesson-09-money-management-part-3\/#breadcrumb\"},\"inLanguage\":\"es\",\"potentialAction\":[{\"@type\":\"ReadAction\",\"target\":[\"https:\/\/www.blackjackinfo.com\/blackjack-school\/lesson-09-money-management-part-3\/\"]}]},{\"@type\":\"BreadcrumbList\",\"@id\":\"https:\/\/www.blackjackinfo.com\/blackjack-school\/lesson-09-money-management-part-3\/#breadcrumb\",\"itemListElement\":[{\"@type\":\"ListItem\",\"position\":1,\"name\":\"Home\",\"item\":\"https:\/\/www.blackjackinfo.com\/\"},{\"@type\":\"ListItem\",\"position\":2,\"name\":\"Blackjack School &#8211; A Free 24-Lesson Class on Card Counting\",\"item\":\"https:\/\/www.blackjackinfo.com\/blackjack-school\/\"},{\"@type\":\"ListItem\",\"position\":3,\"name\":\"Lesson 9 &#8211; Money Management &#8211; Part 3\"}]},{\"@type\":\"WebSite\",\"@id\":\"https:\/\/www.blackjackinfo.com\/#website\",\"url\":\"https:\/\/www.blackjackinfo.com\/\",\"name\":\"BlackjackInfo.com\",\"description\":\"Because Winning is More Fun!\",\"potentialAction\":[{\"@type\":\"SearchAction\",\"target\":{\"@type\":\"EntryPoint\",\"urlTemplate\":\"https:\/\/www.blackjackinfo.com\/?s={search_term_string}\"},\"query-input\":{\"@type\":\"PropertyValueSpecification\",\"valueRequired\":true,\"valueName\":\"search_term_string\"}}],\"inLanguage\":\"es\"}]}<\/script>\n<!-- \/ Yoast SEO plugin. -->","yoast_head_json":{"title":"Escuela de Blackjack \u1408 Lecci\u00f3n 9 - Gesti\u00f3n del dinero - Parte 3","description":"Lecci\u00f3n 9 de la Escuela Gratuita de Blackjack del GameMaster - Expectativa y desviaci\u00f3n est\u00e1ndar.","robots":{"index":"index","follow":"follow","max-snippet":"max-snippet:-1","max-image-preview":"max-image-preview:large","max-video-preview":"max-video-preview:-1"},"canonical":"https:\/\/www.blackjackinfo.com\/es\/escuela-de-blackjack\/leccion-09-gestion-del-dinero-parte-3\/","og_locale":"es_ES","og_type":"article","og_title":"Blackjack School \u1408 Lesson 9 - Money Management - Part 3","og_description":"Lesson 9 in the GameMaster's Free Blackjack School - Expectation and standard deviation.","og_url":"https:\/\/www.blackjackinfo.com\/es\/escuela-de-blackjack\/leccion-09-gestion-del-dinero-parte-3\/","og_site_name":"BlackjackInfo.com","article_modified_time":"2020-02-18T23:56:51+00:00","twitter_misc":{"Tiempo de lectura":"4 minutos"},"schema":{"@context":"https:\/\/schema.org","@graph":[{"@type":"WebPage","@id":"https:\/\/www.blackjackinfo.com\/blackjack-school\/lesson-09-money-management-part-3\/","url":"https:\/\/www.blackjackinfo.com\/blackjack-school\/lesson-09-money-management-part-3\/","name":"Escuela de Blackjack \u1408 Lecci\u00f3n 9 - Gesti\u00f3n del dinero - Parte 3","isPartOf":{"@id":"https:\/\/www.blackjackinfo.com\/#website"},"datePublished":"2014-10-20T01:18:29+00:00","dateModified":"2020-02-18T23:56:51+00:00","description":"Lecci\u00f3n 9 de la Escuela Gratuita de Blackjack del GameMaster - Expectativa y desviaci\u00f3n est\u00e1ndar.","breadcrumb":{"@id":"https:\/\/www.blackjackinfo.com\/blackjack-school\/lesson-09-money-management-part-3\/#breadcrumb"},"inLanguage":"es","potentialAction":[{"@type":"ReadAction","target":["https:\/\/www.blackjackinfo.com\/blackjack-school\/lesson-09-money-management-part-3\/"]}]},{"@type":"BreadcrumbList","@id":"https:\/\/www.blackjackinfo.com\/blackjack-school\/lesson-09-money-management-part-3\/#breadcrumb","itemListElement":[{"@type":"ListItem","position":1,"name":"Home","item":"https:\/\/www.blackjackinfo.com\/"},{"@type":"ListItem","position":2,"name":"Blackjack School &#8211; A Free 24-Lesson Class on Card Counting","item":"https:\/\/www.blackjackinfo.com\/blackjack-school\/"},{"@type":"ListItem","position":3,"name":"Lesson 9 &#8211; Money Management &#8211; Part 3"}]},{"@type":"WebSite","@id":"https:\/\/www.blackjackinfo.com\/#website","url":"https:\/\/www.blackjackinfo.com\/","name":"BlackjackInfo.com","description":"\u00a1Porque ganar es m\u00e1s divertido!","potentialAction":[{"@type":"SearchAction","target":{"@type":"EntryPoint","urlTemplate":"https:\/\/www.blackjackinfo.com\/?s={search_term_string}"},"query-input":{"@type":"PropertyValueSpecification","valueRequired":true,"valueName":"search_term_string"}}],"inLanguage":"es"}]}},"_links":{"self":[{"href":"https:\/\/www.blackjackinfo.com\/es\/wp-json\/wp\/v2\/pages\/724","targetHints":{"allow":["GET"]}}],"collection":[{"href":"https:\/\/www.blackjackinfo.com\/es\/wp-json\/wp\/v2\/pages"}],"about":[{"href":"https:\/\/www.blackjackinfo.com\/es\/wp-json\/wp\/v2\/types\/page"}],"author":[{"embeddable":true,"href":"https:\/\/www.blackjackinfo.com\/es\/wp-json\/wp\/v2\/users\/2"}],"replies":[{"embeddable":true,"href":"https:\/\/www.blackjackinfo.com\/es\/wp-json\/wp\/v2\/comments?post=724"}],"version-history":[{"count":7,"href":"https:\/\/www.blackjackinfo.com\/es\/wp-json\/wp\/v2\/pages\/724\/revisions"}],"predecessor-version":[{"id":5459,"href":"https:\/\/www.blackjackinfo.com\/es\/wp-json\/wp\/v2\/pages\/724\/revisions\/5459"}],"up":[{"embeddable":true,"href":"https:\/\/www.blackjackinfo.com\/es\/wp-json\/wp\/v2\/pages\/634"}],"wp:attachment":[{"href":"https:\/\/www.blackjackinfo.com\/es\/wp-json\/wp\/v2\/media?parent=724"}],"wp:term":[{"taxonomy":"post_tag","embeddable":true,"href":"https:\/\/www.blackjackinfo.com\/es\/wp-json\/wp\/v2\/tags?post=724"}],"curies":[{"name":"wp","href":"https:\/\/api.w.org\/{rel}","templated":true}]}}