{"id":726,"date":"2014-10-19T20:22:30","date_gmt":"2014-10-20T01:22:30","guid":{"rendered":"http:\/\/test.blackjackinfo.com\/?page_id=726"},"modified":"2020-02-18T17:57:07","modified_gmt":"2020-02-18T23:57:07","slug":"leccion-10-la-actitud-mental-adecuada-2","status":"publish","type":"page","link":"https:\/\/www.blackjackinfo.com\/es\/blackjack-school\/lesson-10-the-proper-mental-attitude\/","title":{"rendered":"Lecci\u00f3n 10 - La actitud mental adecuada"},"content":{"rendered":"<p><b>Siempre hago hincapi\u00e9 en la idea de \"expectativa\" en lo que se refiere a los juegos de casino, porque entender el concepto te ayudar\u00e1 a dejar de apostar y, con suerte, te convertir\u00e1 en un inversor en las mesas.<\/b>  Por definici\u00f3n, un inversor espera obtener beneficios, por lo que no puedes ser un inversor si juegas a juegos en los que existe una expectativa negativa.  Si apuesta $10 en la l\u00ednea de pase en los dados, ganar\u00e1 $10 o perder\u00e1 $10, pero su \"expectativa\" es perder 14 c\u00e9ntimos en cada mano.  Esto se debe a que la casa tiene una ventaja incorporada de 1,4% en esa apuesta y, si juega con frecuencia, su p\u00e9rdida media ser\u00e1 de 14 c\u00e9ntimos por decisi\u00f3n.  A corto plazo, puede que gane mucho dinero, pero si juega el tiempo suficiente, la ventaja de la casa acabar\u00e1 teniendo su efecto.  Dado que la mesa de dados media produce unas 60 decisiones por hora, el coste por hora de apostar $10 en la l\u00ednea de pase ser\u00e1 -a largo plazo- de unos 60 X 14 c\u00e9ntimos = $8,40.<\/p>\n<p><b>Ahora veamos este concepto desde el punto de vista de una situaci\u00f3n de expectativa positiva como contar cartas en el Blackjack.<\/b>  Si su apuesta media es de $12 y la ventaja media que tiene sobre la casa es de 1,25%, su expectativa es ganar $12 X .0125 = $.15 por mano.  S\u00ed, son 15 c\u00e9ntimos por mano.   A un ritmo de 60 manos por hora, puede esperar ganar -a largo plazo- unos 60 X 15 c\u00e9ntimos = $9,00 por hora.  Pero, si puede aumentar el n\u00famero de manos que juega por hora a, digamos, 80 manos, habr\u00e1 aumentado su expectativa a 80 X 15 c\u00e9ntimos = $12,00 por hora.   La \u00fanica otra forma de ganar m\u00e1s dinero es aumentar el tama\u00f1o de su apuesta media o aumentar su ventaja sobre el casino.  El tama\u00f1o de la apuesta es s\u00f3lo una funci\u00f3n de tu bankroll (y de tu capacidad para seguir \"enga\u00f1ando\" al casino haci\u00e9ndole creer que eres un jugador m\u00e1s y no un contador de cartas) y la ventaja es sobre todo una funci\u00f3n de las reglas del casino para su juego de Blackjack.  Abordar\u00e9 estas dos cuestiones en futuras lecciones, as\u00ed que por ahora vamos a centrarnos en aumentar el n\u00famero de manos que juegas en una hora.<br \/>\n<div class=\"row\" style=\"margin-bottom:20px\">\n    <div class=\"col-sm-12\">\n                <h2>Los mejores casinos online de EE.UU. <span\n                class=\"flag-icon flag-icon-us\"><\/span><\/h2>\n\n        \n                \n        <div class=\"ranking-table text-center\">\n            <div class=\"row flex ad-row\">\n                <div class=\"col-sm-3\">\n                    <div class=\"row flex\">\n\n                        <div class=\"col-sm-3\">\n                            <div class=\"ranking-number text-center\">\n\n                                1                                \n                            <\/div>\n                        <\/div>\n                        <div class=\"col-sm-9\">\n                            <img decoding=\"async\" src=\"https:\/\/www.blackjackinfo.com\/files\/bovada.png\" data-no-auto-translation=\"\">\n                        <\/div>\n                    <\/div>\n                <\/div>\n                <div class=\"col-sm-4\">\n                    <div class=\"bonus-text text-center\"><span class=\"red\">100% hasta $1.000<\/span><\/div>\n\t\t\t\t\t\n\n                <\/div>\n                <div class=\"col-sm-2\">\n                    <a class=\"btn btn-wire\" href=\"\/es\/casino\/bovada\/\">Revisa<\/a>\n\n                <\/div>\n                <div class=\"col-sm-3\">\n                    <a rel=\"nofollow\" target=\"_blank\" class=\"btn btn-blue\" href=\"\/goto\/goto\/\">Jugar\n                        Ahora<\/a>\n\t\t\t\t\t\t\n\n                <\/div>\n            <\/div>\n        <\/div>\n\n\n\n        \n                \n        <div class=\"ranking-table text-center\">\n            <div class=\"row flex ad-row\">\n                <div class=\"col-sm-3\">\n                    <div class=\"row flex\">\n\n                        <div class=\"col-sm-3\">\n                            <div class=\"ranking-number text-center\">\n\n                                2                                \n                            <\/div>\n                        <\/div>\n                        <div class=\"col-sm-9\">\n                            <img decoding=\"async\" src=\"https:\/\/www.blackjackinfo.com\/files\/ignition-casino-logo.png\" data-no-auto-translation=\"\">\n                        <\/div>\n                    <\/div>\n                <\/div>\n                <div class=\"col-sm-4\">\n                    <div class=\"bonus-text text-center\"><span class=\"red\">100% hasta $1.000<\/span><\/div>\n\t\t\t\t\t\n\n                <\/div>\n                <div class=\"col-sm-2\">\n                    <a class=\"btn btn-wire\" href=\"\/es\/casino\/ignition-casino\/\">Revisa<\/a>\n\n                <\/div>\n                <div class=\"col-sm-3\">\n                    <a rel=\"nofollow\" target=\"_blank\" class=\"btn btn-blue\" href=\"\/goto\/goto\/\">Jugar\n                        Ahora<\/a>\n\t\t\t\t\t\t\n\n                <\/div>\n            <\/div>\n        <\/div>\n\n\n\n        \n                \n        <div class=\"ranking-table text-center\">\n            <div class=\"row flex ad-row\">\n                <div class=\"col-sm-3\">\n                    <div class=\"row flex\">\n\n                        <div class=\"col-sm-3\">\n                            <div class=\"ranking-number text-center\">\n\n                                3                                \n                            <\/div>\n                        <\/div>\n                        <div class=\"col-sm-9\">\n                            <img decoding=\"async\" src=\"https:\/\/www.blackjackinfo.com\/files\/VipSlots-500x250_dark.svg\" data-no-auto-translation=\"\">\n                        <\/div>\n                    <\/div>\n                <\/div>\n                <div class=\"col-sm-4\">\n                    <div class=\"bonus-text text-center\"><span class=\"red\">100 GIROS GRATIS en Secret Life of Cats<\/span><\/div>\n\t\t\t\t\t\n\n                <\/div>\n                <div class=\"col-sm-2\">\n                    <a class=\"btn btn-wire\" href=\"\/es\/casino\/vipslots-casino\/\">Revisa<\/a>\n\n                <\/div>\n                <div class=\"col-sm-3\">\n                    <a rel=\"nofollow\" target=\"_blank\" class=\"btn btn-blue\" href=\"\/goto\/goto\/\">Jugar\n                        Ahora<\/a>\n\t\t\t\t\t\t\n\n                <\/div>\n            <\/div>\n        <\/div>\n\n\n\n        \n                \n        <div class=\"ranking-table text-center\">\n            <div class=\"row flex ad-row\">\n                <div class=\"col-sm-3\">\n                    <div class=\"row flex\">\n\n                        <div class=\"col-sm-3\">\n                            <div class=\"ranking-number text-center\">\n\n                                4                                \n                            <\/div>\n                        <\/div>\n                        <div class=\"col-sm-9\">\n                            <img decoding=\"async\" src=\"https:\/\/www.blackjackinfo.com\/files\/vegas_casino_online.png\" data-no-auto-translation=\"\">\n                        <\/div>\n                    <\/div>\n                <\/div>\n                <div class=\"col-sm-4\">\n                    <div class=\"bonus-text text-center\"><span class=\"red\">300% hasta $3.000<\/span><\/div>\n\t\t\t\t\t\n\n                <\/div>\n                <div class=\"col-sm-2\">\n                    <a class=\"btn btn-wire\" href=\"\/es\/casino\/vegas-casino-online-2\/\">Revisa<\/a>\n\n                <\/div>\n                <div class=\"col-sm-3\">\n                    <a rel=\"nofollow\" target=\"_blank\" class=\"btn btn-blue\" href=\"\/goto\/goto\/\">Jugar\n                        Ahora<\/a>\n\t\t\t\t\t\t\n\n                <\/div>\n            <\/div>\n        <\/div>\n\n\n\n        \n                \n        <div class=\"ranking-table text-center\">\n            <div class=\"row flex ad-row\">\n                <div class=\"col-sm-3\">\n                    <div class=\"row flex\">\n\n                        <div class=\"col-sm-3\">\n                            <div class=\"ranking-number text-center\">\n\n                                5                                \n                            <\/div>\n                        <\/div>\n                        <div class=\"col-sm-9\">\n                            <img decoding=\"async\" src=\"https:\/\/www.blackjackinfo.com\/files\/cafe-casino-logo.svg\" data-no-auto-translation=\"\">\n                        <\/div>\n                    <\/div>\n                <\/div>\n                <div class=\"col-sm-4\">\n                    <div class=\"bonus-text text-center\"><span class=\"red\">250% hasta $1.500<\/span><\/div>\n\t\t\t\t\t\n\n                <\/div>\n                <div class=\"col-sm-2\">\n                    <a class=\"btn btn-wire\" href=\"\/es\/casino\/cafe-casino\/\">Revisa<\/a>\n\n                <\/div>\n                <div class=\"col-sm-3\">\n                    <a rel=\"nofollow\" target=\"_blank\" class=\"btn btn-blue\" href=\"\/goto\/goto\/\">Jugar\n                        Ahora<\/a>\n\t\t\t\t\t\t\n\n                <\/div>\n            <\/div>\n        <\/div>\n\n\n\n            <\/div>\n<\/div><\/p>\n<h3>M\u00e1s manos significan m\u00e1s dinero<\/h3>\n<p><b>Si eres el \u00fanico jugador en una partida de seis mazos, puedes jugar a un ritmo de unas 200 manos por hora.<\/b>  Si todo lo dem\u00e1s permanece igual, eso aumentar\u00e1 tu expectativa a 200 X 15 c\u00e9ntimos = $30 a la hora - un aumento muy saludable.  El problema aqu\u00ed es que quiero que te levantes y te vayas cada vez que el recuento real caiga por debajo de M1, as\u00ed que 200 manos a la hora s\u00f3lo son posibles si consigues uno de esos zapatos en los que el recuento se mantiene positivo Y si eres lo suficientemente r\u00e1pido para mantener el recuento mientras juegas a este ritmo.  Moverse cuando la baraja va mal es una necesidad, ya que es m\u00e1s barato no jugar en absoluto que jugar en un juego donde la casa tiene una ventaja sobre usted.<\/p>\n<p><b>Pero 200 manos por hora es un objetivo que merece la pena, as\u00ed que siga practicando con su cuenta atr\u00e1s de un solo mazo en un esfuerzo por aumentar su velocidad hasta un punto en el que pueda pasar por un mazo en menos de 20 segundos. <\/b> Cuando pueda hacerlo y calcular la cuenta real y jugar con una estrategia b\u00e1sica perfecta, deber\u00e1 jugar uno contra uno siempre que sea posible.  Eso puede significar que tendr\u00e1s que ir al casino un lunes a las 2 de la madrugada, pero merecer\u00e1 la pena.  S\u00f3lo recuerda que al aumentar tu ritmo de juego aumentar\u00e1 tu desviaci\u00f3n est\u00e1ndar por hora, as\u00ed que no te sorprendas si pierdes $400 o m\u00e1s en una hora de juego; tu riesgo no ha aumentado pero, en efecto, has \"comprimido\" tu factor tiempo.  Los crupieres a menudo me dicen que un jugador \"no puede ganar\" uno contra uno, pero se equivocan.  Su idea err\u00f3nea a este respecto proviene del hecho de que, como se juegan m\u00e1s manos, las oscilaciones son mayores y los crupieres suelen acordarse de los grandes perdedores y olvidarse de los grandes ganadores.  Como inversor, le conviene jugar tantas manos por hora como sea posible, ya que su expectativa es ganar 15 c\u00e9ntimos por mano.<\/p>\n<p class=\"gbs-big\">\n<b>EL OBJETIVO DEL JUGADOR PROFESIONAL ES DEDICAR EL MAYOR TIEMPO POSIBLE AL JUEGO DE CALIDAD; LAS CANTIDADES GANADAS O PERDIDAS SON SECUNDARIAS.  JUGANDO Y APOSTANDO CORRECTAMENTE, EL $$$ VENDR\u00c1 CON EL TIEMPO.<\/b><\/p>\n<h3>Una actitud ganadora<\/h3>\n<p>Como he dicho antes, las ganancias en el Blackjack vienen en 'trozos', as\u00ed que no debes preocuparte cuando tengas una sesi\u00f3n perdedora, ni debes sentirte invencible cuando ganes.  <b>Una actitud mental adecuada elimina los altibajos del juego (lo que lo hace muy aburrido, al menos en mi opini\u00f3n), pero permite jugar un partido s\u00f3lido y sin emociones.<\/b>  Cuando tengo una sesi\u00f3n perdedora (de media, 35% de las veces), simplemente me voy sabiendo que el casino cuidar\u00e1 bien del dinero y que al final volver\u00e9 y lo recuperar\u00e9.   600 manos de juego significan que he \"ganado\" 600 veces mi expectativa por mano, as\u00ed que s\u00f3lo tengo que seguir yendo a trabajar y mi sueldo acabar\u00e1 reflejando mis ganancias.  En pocas palabras, si est\u00e1s jugando a un juego ganador, no es cuesti\u00f3n de \"si\" vas a ganar, sino de \"cu\u00e1ndo\".<\/p>\n<p>As\u00ed que deja que el agua helada empiece a correr por tus venas; como dijo un autor, \"unos ojos azul acero bastar\u00e1n\".  La emoci\u00f3n no tiene cabida en el conteo de cartas; la precisi\u00f3n y la paciencia son los \u00fanicos requisitos para conseguir el $$$.<\/p>\n<h3>Deberes<\/h3>\n<p><b>Coge una vieja baraja de cartas y un rotulador.<\/b>  Para los que jug\u00e1is en juegos de 6 mazos, escribid el n\u00famero \"1\/2\" en el dorso de una carta, \"1\" en la siguiente, \"1 1\/2\" en la tercera y seguid hasta 5 en incrementos de la mitad.  Ahora , numera los dorsos de 20 cartas m\u00e1s individualmente del 1 al 20.  Baraja ambos montones (por separado) boca arriba para que no puedas ver los n\u00fameros y dale la vuelta a la carta superior del primer mont\u00f3n.    Esto representar\u00e1 el n\u00famero de barajas que hay en la bandeja de descarte.  Por ejemplo, si es la carta \"2 1\/2\", representa 2 mazos y medio en la bandeja de descarte, por lo que debe significar que quedan 3 mazos y medio en el zapato.  Ahora empieza a dar la vuelta a las cartas del segundo mont\u00f3n.  \u00c9stas representan la cuenta corriente y queremos practicar el c\u00e1lculo de la cuenta verdadera, as\u00ed que si la primera carta es \"8\", la cuenta verdadera es 8 dividido por 3 1\/2 = 2 (recuerde, redondeamos hacia abajo para ser conservadores).  Sigue pasando por las cartas de la cuenta corriente mientras la carta de \"mazos\" sigue siendo la misma.  Cuando hayas pasado por todas las cartas de recuento, cambia la carta de \"barajas\" y vuelve a hacerlo.<\/p>\n<p><b>Este ejercicio le ayudar\u00e1 a acelerar su capacidad para calcular el recuento real con precisi\u00f3n.<\/b>  Los que vayan a jugar con una sola baraja s\u00f3lo tendr\u00e1n que hacer una tarjeta para 1\/4, 1\/2 y 3\/4 barajas y contar las cartas del 1 al 10, pero practicar\u00e1n de la misma manera.<\/p>\n<p>Al realizar este ejercicio, conc\u00e9ntrese en la precisi\u00f3n y recuerde ser conservador al calcular el recuento real.<\/p>","protected":false},"excerpt":{"rendered":"<p>I always stress the idea of &#8216;expectation&#8217; as it applies to casino gaming because understanding the concept will help you stop gambling and hopefully turn you into an investor at the tables. By definition, an investor expects to make a profit so you cannot be an investor if you play at games where there is [&hellip;]<\/p>\n","protected":false},"author":2,"featured_media":0,"parent":634,"menu_order":0,"comment_status":"open","ping_status":"open","template":"page-blackjack-school.php","meta":{"_acf_changed":false,"footnotes":""},"tags":[],"class_list":["post-726","page","type-page","status-publish","hentry"],"acf":[],"yoast_head":"<!-- This site is optimized with the Yoast SEO plugin v26.6 - https:\/\/yoast.com\/wordpress\/plugins\/seo\/ -->\n<title>Blackjack School \u1408 Lesson 10 - The Proper Mental Attitude<\/title>\n<meta name=\"description\" content=\"Lesson 10 in the GameMaster&#039;s Free Blackjack School - Developing a Winning Attitude\" \/>\n<meta name=\"robots\" content=\"index, follow, max-snippet:-1, max-image-preview:large, max-video-preview:-1\" \/>\n<link rel=\"canonical\" href=\"https:\/\/www.blackjackinfo.com\/es\/escuela-de-blackjack\/leccion-10-la-actitud-mental-adecuada-2\/\" \/>\n<meta property=\"og:locale\" content=\"es_ES\" \/>\n<meta property=\"og:type\" content=\"article\" \/>\n<meta property=\"og:title\" content=\"Blackjack School \u1408 Lesson 10 - The Proper Mental Attitude\" \/>\n<meta property=\"og:description\" content=\"Lesson 10 in the GameMaster&#039;s Free Blackjack School - Developing a Winning Attitude\" \/>\n<meta property=\"og:url\" content=\"https:\/\/www.blackjackinfo.com\/es\/escuela-de-blackjack\/leccion-10-la-actitud-mental-adecuada-2\/\" \/>\n<meta property=\"og:site_name\" content=\"BlackjackInfo.com\" \/>\n<meta property=\"article:modified_time\" content=\"2020-02-18T23:57:07+00:00\" \/>\n<meta name=\"twitter:label1\" content=\"Tiempo de lectura\" \/>\n\t<meta name=\"twitter:data1\" content=\"6 minutos\" \/>\n<script type=\"application\/ld+json\" class=\"yoast-schema-graph\">{\"@context\":\"https:\/\/schema.org\",\"@graph\":[{\"@type\":\"WebPage\",\"@id\":\"https:\/\/www.blackjackinfo.com\/blackjack-school\/lesson-10-the-proper-mental-attitude\/\",\"url\":\"https:\/\/www.blackjackinfo.com\/blackjack-school\/lesson-10-the-proper-mental-attitude\/\",\"name\":\"Blackjack School \u1408 Lesson 10 - The Proper Mental Attitude\",\"isPartOf\":{\"@id\":\"https:\/\/www.blackjackinfo.com\/#website\"},\"datePublished\":\"2014-10-20T01:22:30+00:00\",\"dateModified\":\"2020-02-18T23:57:07+00:00\",\"description\":\"Lesson 10 in the GameMaster's Free Blackjack School - Developing a Winning Attitude\",\"breadcrumb\":{\"@id\":\"https:\/\/www.blackjackinfo.com\/blackjack-school\/lesson-10-the-proper-mental-attitude\/#breadcrumb\"},\"inLanguage\":\"es\",\"potentialAction\":[{\"@type\":\"ReadAction\",\"target\":[\"https:\/\/www.blackjackinfo.com\/blackjack-school\/lesson-10-the-proper-mental-attitude\/\"]}]},{\"@type\":\"BreadcrumbList\",\"@id\":\"https:\/\/www.blackjackinfo.com\/blackjack-school\/lesson-10-the-proper-mental-attitude\/#breadcrumb\",\"itemListElement\":[{\"@type\":\"ListItem\",\"position\":1,\"name\":\"Home\",\"item\":\"https:\/\/www.blackjackinfo.com\/\"},{\"@type\":\"ListItem\",\"position\":2,\"name\":\"Blackjack School &#8211; A Free 24-Lesson Class on Card Counting\",\"item\":\"https:\/\/www.blackjackinfo.com\/blackjack-school\/\"},{\"@type\":\"ListItem\",\"position\":3,\"name\":\"Lesson 10 &#8211; The Proper Mental Attitude\"}]},{\"@type\":\"WebSite\",\"@id\":\"https:\/\/www.blackjackinfo.com\/#website\",\"url\":\"https:\/\/www.blackjackinfo.com\/\",\"name\":\"BlackjackInfo.com\",\"description\":\"Because Winning is More Fun!\",\"potentialAction\":[{\"@type\":\"SearchAction\",\"target\":{\"@type\":\"EntryPoint\",\"urlTemplate\":\"https:\/\/www.blackjackinfo.com\/?s={search_term_string}\"},\"query-input\":{\"@type\":\"PropertyValueSpecification\",\"valueRequired\":true,\"valueName\":\"search_term_string\"}}],\"inLanguage\":\"es\"}]}<\/script>\n<!-- \/ Yoast SEO plugin. -->","yoast_head_json":{"title":"Escuela de Blackjack \u1408 Lecci\u00f3n 10 - La actitud mental adecuada","description":"Lecci\u00f3n 10 de la Escuela Gratuita de Blackjack del GameMaster - Desarrollar una actitud ganadora","robots":{"index":"index","follow":"follow","max-snippet":"max-snippet:-1","max-image-preview":"max-image-preview:large","max-video-preview":"max-video-preview:-1"},"canonical":"https:\/\/www.blackjackinfo.com\/es\/escuela-de-blackjack\/leccion-10-la-actitud-mental-adecuada-2\/","og_locale":"es_ES","og_type":"article","og_title":"Blackjack School \u1408 Lesson 10 - The Proper Mental Attitude","og_description":"Lesson 10 in the GameMaster's Free Blackjack School - Developing a Winning Attitude","og_url":"https:\/\/www.blackjackinfo.com\/es\/escuela-de-blackjack\/leccion-10-la-actitud-mental-adecuada-2\/","og_site_name":"BlackjackInfo.com","article_modified_time":"2020-02-18T23:57:07+00:00","twitter_misc":{"Tiempo de lectura":"6 minutos"},"schema":{"@context":"https:\/\/schema.org","@graph":[{"@type":"WebPage","@id":"https:\/\/www.blackjackinfo.com\/blackjack-school\/lesson-10-the-proper-mental-attitude\/","url":"https:\/\/www.blackjackinfo.com\/blackjack-school\/lesson-10-the-proper-mental-attitude\/","name":"Escuela de Blackjack \u1408 Lecci\u00f3n 10 - La actitud mental adecuada","isPartOf":{"@id":"https:\/\/www.blackjackinfo.com\/#website"},"datePublished":"2014-10-20T01:22:30+00:00","dateModified":"2020-02-18T23:57:07+00:00","description":"Lecci\u00f3n 10 de la Escuela Gratuita de Blackjack del GameMaster - Desarrollar una actitud ganadora","breadcrumb":{"@id":"https:\/\/www.blackjackinfo.com\/blackjack-school\/lesson-10-the-proper-mental-attitude\/#breadcrumb"},"inLanguage":"es","potentialAction":[{"@type":"ReadAction","target":["https:\/\/www.blackjackinfo.com\/blackjack-school\/lesson-10-the-proper-mental-attitude\/"]}]},{"@type":"BreadcrumbList","@id":"https:\/\/www.blackjackinfo.com\/blackjack-school\/lesson-10-the-proper-mental-attitude\/#breadcrumb","itemListElement":[{"@type":"ListItem","position":1,"name":"Home","item":"https:\/\/www.blackjackinfo.com\/"},{"@type":"ListItem","position":2,"name":"Blackjack School &#8211; A Free 24-Lesson Class on Card Counting","item":"https:\/\/www.blackjackinfo.com\/blackjack-school\/"},{"@type":"ListItem","position":3,"name":"Lesson 10 &#8211; The Proper Mental Attitude"}]},{"@type":"WebSite","@id":"https:\/\/www.blackjackinfo.com\/#website","url":"https:\/\/www.blackjackinfo.com\/","name":"BlackjackInfo.com","description":"\u00a1Porque ganar es m\u00e1s divertido!","potentialAction":[{"@type":"SearchAction","target":{"@type":"EntryPoint","urlTemplate":"https:\/\/www.blackjackinfo.com\/?s={search_term_string}"},"query-input":{"@type":"PropertyValueSpecification","valueRequired":true,"valueName":"search_term_string"}}],"inLanguage":"es"}]}},"_links":{"self":[{"href":"https:\/\/www.blackjackinfo.com\/es\/wp-json\/wp\/v2\/pages\/726","targetHints":{"allow":["GET"]}}],"collection":[{"href":"https:\/\/www.blackjackinfo.com\/es\/wp-json\/wp\/v2\/pages"}],"about":[{"href":"https:\/\/www.blackjackinfo.com\/es\/wp-json\/wp\/v2\/types\/page"}],"author":[{"embeddable":true,"href":"https:\/\/www.blackjackinfo.com\/es\/wp-json\/wp\/v2\/users\/2"}],"replies":[{"embeddable":true,"href":"https:\/\/www.blackjackinfo.com\/es\/wp-json\/wp\/v2\/comments?post=726"}],"version-history":[{"count":5,"href":"https:\/\/www.blackjackinfo.com\/es\/wp-json\/wp\/v2\/pages\/726\/revisions"}],"predecessor-version":[{"id":5460,"href":"https:\/\/www.blackjackinfo.com\/es\/wp-json\/wp\/v2\/pages\/726\/revisions\/5460"}],"up":[{"embeddable":true,"href":"https:\/\/www.blackjackinfo.com\/es\/wp-json\/wp\/v2\/pages\/634"}],"wp:attachment":[{"href":"https:\/\/www.blackjackinfo.com\/es\/wp-json\/wp\/v2\/media?parent=726"}],"wp:term":[{"taxonomy":"post_tag","embeddable":true,"href":"https:\/\/www.blackjackinfo.com\/es\/wp-json\/wp\/v2\/tags?post=726"}],"curies":[{"name":"wp","href":"https:\/\/api.w.org\/{rel}","templated":true}]}}