{"id":729,"date":"2014-10-19T20:37:05","date_gmt":"2014-10-20T01:37:05","guid":{"rendered":"http:\/\/test.blackjackinfo.com\/?page_id=729"},"modified":"2020-02-18T17:57:23","modified_gmt":"2020-02-18T23:57:23","slug":"leccion-11-evaluacion-de-juegos","status":"publish","type":"page","link":"https:\/\/www.blackjackinfo.com\/es\/blackjack-school\/lesson-11-evaluating-games\/","title":{"rendered":"Lecci\u00f3n 11 - Evaluaci\u00f3n de juegos"},"content":{"rendered":"<p class=\"intro\">\n<b>Aunque casi todos los juegos de Blackjack se pueden ganar en \u00faltima instancia, las recompensas que se obtienen en situaciones marginales no compensan adecuadamente el tiempo y el riesgo.<\/b>  Por lo tanto, debe evaluar un juego de varias maneras antes de jugarlo.  Dos \u00e1reas principales de preocupaci\u00f3n son las reglas de la casa del juego, incluyendo el n\u00famero de barajas utilizadas y la colocaci\u00f3n de la carta de corte, lo que llamamos \"penetraci\u00f3n\".<\/p>\n<p>Muchos cambios de reglas requieren un cambio en su estrategia b\u00e1sica, as\u00ed que no se olvide de la <a href=\"\/blackjack-basic-strategy-engine\/\">\"Motor de estrategia b\u00e1sica\"<\/a>.  Recuerde que los cambios en las reglas tambi\u00e9n pueden afectar a su programa de apuestas.<br \/>\n<div class=\"row\" style=\"margin-bottom:20px\">\n    <div class=\"col-sm-12\">\n                <h2>Los mejores casinos online de EE.UU. <span\n                class=\"flag-icon flag-icon-us\"><\/span><\/h2>\n\n        \n                \n        <div class=\"ranking-table text-center\">\n            <div class=\"row flex ad-row\">\n                <div class=\"col-sm-3\">\n                    <div class=\"row flex\">\n\n                        <div class=\"col-sm-3\">\n                            <div class=\"ranking-number text-center\">\n\n                                1                                \n                            <\/div>\n                        <\/div>\n                        <div class=\"col-sm-9\">\n                            <img decoding=\"async\" src=\"https:\/\/www.blackjackinfo.com\/files\/bovada.png\" data-no-auto-translation=\"\">\n                        <\/div>\n                    <\/div>\n                <\/div>\n                <div class=\"col-sm-4\">\n                    <div class=\"bonus-text text-center\"><span class=\"red\">100% hasta $1.000<\/span><\/div>\n\t\t\t\t\t\n\n                <\/div>\n                <div class=\"col-sm-2\">\n                    <a class=\"btn btn-wire\" href=\"\/es\/casino\/bovada\/\">Revisa<\/a>\n\n                <\/div>\n                <div class=\"col-sm-3\">\n                    <a rel=\"nofollow\" target=\"_blank\" class=\"btn btn-blue\" href=\"\/goto\/goto\/\">Jugar\n                        Ahora<\/a>\n\t\t\t\t\t\t\n\n                <\/div>\n            <\/div>\n        <\/div>\n\n\n\n        \n                \n        <div class=\"ranking-table text-center\">\n            <div class=\"row flex ad-row\">\n                <div class=\"col-sm-3\">\n                    <div class=\"row flex\">\n\n                        <div class=\"col-sm-3\">\n                            <div class=\"ranking-number text-center\">\n\n                                2                                \n                            <\/div>\n                        <\/div>\n                        <div class=\"col-sm-9\">\n                            <img decoding=\"async\" src=\"https:\/\/www.blackjackinfo.com\/files\/ignition-casino-logo.png\" data-no-auto-translation=\"\">\n                        <\/div>\n                    <\/div>\n                <\/div>\n                <div class=\"col-sm-4\">\n                    <div class=\"bonus-text text-center\"><span class=\"red\">100% hasta $1.000<\/span><\/div>\n\t\t\t\t\t\n\n                <\/div>\n                <div class=\"col-sm-2\">\n                    <a class=\"btn btn-wire\" href=\"\/es\/casino\/ignition-casino\/\">Revisa<\/a>\n\n                <\/div>\n                <div class=\"col-sm-3\">\n                    <a rel=\"nofollow\" target=\"_blank\" class=\"btn btn-blue\" href=\"\/goto\/goto\/\">Jugar\n                        Ahora<\/a>\n\t\t\t\t\t\t\n\n                <\/div>\n            <\/div>\n        <\/div>\n\n\n\n        \n                \n        <div class=\"ranking-table text-center\">\n            <div class=\"row flex ad-row\">\n                <div class=\"col-sm-3\">\n                    <div class=\"row flex\">\n\n                        <div class=\"col-sm-3\">\n                            <div class=\"ranking-number text-center\">\n\n                                3                                \n                            <\/div>\n                        <\/div>\n                        <div class=\"col-sm-9\">\n                            <img decoding=\"async\" src=\"https:\/\/www.blackjackinfo.com\/files\/VipSlots-500x250_dark.svg\" data-no-auto-translation=\"\">\n                        <\/div>\n                    <\/div>\n                <\/div>\n                <div class=\"col-sm-4\">\n                    <div class=\"bonus-text text-center\"><span class=\"red\">100 GIROS GRATIS en Secret Life of Cats<\/span><\/div>\n\t\t\t\t\t\n\n                <\/div>\n                <div class=\"col-sm-2\">\n                    <a class=\"btn btn-wire\" href=\"\/es\/casino\/vipslots-casino\/\">Revisa<\/a>\n\n                <\/div>\n                <div class=\"col-sm-3\">\n                    <a rel=\"nofollow\" target=\"_blank\" class=\"btn btn-blue\" href=\"\/goto\/goto\/\">Jugar\n                        Ahora<\/a>\n\t\t\t\t\t\t\n\n                <\/div>\n            <\/div>\n        <\/div>\n\n\n\n        \n                \n        <div class=\"ranking-table text-center\">\n            <div class=\"row flex ad-row\">\n                <div class=\"col-sm-3\">\n                    <div class=\"row flex\">\n\n                        <div class=\"col-sm-3\">\n                            <div class=\"ranking-number text-center\">\n\n                                4                                \n                            <\/div>\n                        <\/div>\n                        <div class=\"col-sm-9\">\n                            <img decoding=\"async\" src=\"https:\/\/www.blackjackinfo.com\/files\/vegas_casino_online.png\" data-no-auto-translation=\"\">\n                        <\/div>\n                    <\/div>\n                <\/div>\n                <div class=\"col-sm-4\">\n                    <div class=\"bonus-text text-center\"><span class=\"red\">300% hasta $3.000<\/span><\/div>\n\t\t\t\t\t\n\n                <\/div>\n                <div class=\"col-sm-2\">\n                    <a class=\"btn btn-wire\" href=\"\/es\/casino\/vegas-casino-online-2\/\">Revisa<\/a>\n\n                <\/div>\n                <div class=\"col-sm-3\">\n                    <a rel=\"nofollow\" target=\"_blank\" class=\"btn btn-blue\" href=\"\/goto\/goto\/\">Jugar\n                        Ahora<\/a>\n\t\t\t\t\t\t\n\n                <\/div>\n            <\/div>\n        <\/div>\n\n\n\n        \n                \n        <div class=\"ranking-table text-center\">\n            <div class=\"row flex ad-row\">\n                <div class=\"col-sm-3\">\n                    <div class=\"row flex\">\n\n                        <div class=\"col-sm-3\">\n                            <div class=\"ranking-number text-center\">\n\n                                5                                \n                            <\/div>\n                        <\/div>\n                        <div class=\"col-sm-9\">\n                            <img decoding=\"async\" src=\"https:\/\/www.blackjackinfo.com\/files\/cafe-casino-logo.svg\" data-no-auto-translation=\"\">\n                        <\/div>\n                    <\/div>\n                <\/div>\n                <div class=\"col-sm-4\">\n                    <div class=\"bonus-text text-center\"><span class=\"red\">250% hasta $1.500<\/span><\/div>\n\t\t\t\t\t\n\n                <\/div>\n                <div class=\"col-sm-2\">\n                    <a class=\"btn btn-wire\" href=\"\/es\/casino\/cafe-casino\/\">Revisa<\/a>\n\n                <\/div>\n                <div class=\"col-sm-3\">\n                    <a rel=\"nofollow\" target=\"_blank\" class=\"btn btn-blue\" href=\"\/goto\/goto\/\">Jugar\n                        Ahora<\/a>\n\t\t\t\t\t\t\n\n                <\/div>\n            <\/div>\n        <\/div>\n\n\n\n            <\/div>\n<\/div><\/p>\n<h3>Efecto de las variaciones de las reglas en la ventaja del jugador<\/h3>\n<p>(Supongamos 6 barajas, doble en las dos primeras cartas, no se dobla despu\u00e9s de dividir, se vuelven a dividir todas las parejas, excepto los ases, hay seguro disponible y el crupier se planta en el As-6. Esto da una ventaja de -.54% al jugador.  Esto da una ventaja de -.54% al jugador).<\/p>\n<div class=\"col-sm-6 col-center\">\n<table class=\"data-table text-center\">\n<tbody>\n<tr>\n<th>Cambios que ayudan al jugador<\/th>\n<th>Cambio en el borde<\/th>\n<\/tr>\n<tr>\n<td>Doble despu\u00e9s de dividir<\/td>\n<td>+.14%<\/td>\n<\/tr>\n<tr>\n<td>Resplit Aces<\/td>\n<td>+.07%<\/td>\n<\/tr>\n<tr>\n<td>Rendici\u00f3n anticipada frente a todos<\/td>\n<td>+.70%<\/td>\n<\/tr>\n<tr>\n<td>Rendici\u00f3n anticipada vs 10 0nly<\/td>\n<td>+.30%<\/td>\n<\/tr>\n<tr>\n<td>Rendici\u00f3n tard\u00eda<\/td>\n<td>+.08%<\/td>\n<\/tr>\n<tr>\n<td>Cubierta simple<\/td>\n<td>+.50%<\/td>\n<\/tr>\n<tr>\n<td>Dos cubiertas<\/td>\n<td>+.20%<\/td>\n<\/tr>\n<tr>\n<td>Cuatro cubiertas<\/td>\n<td>+.05%<\/td>\n<\/tr>\n<\/tbody>\n<\/table>\n<\/div>\n<div class=\"col-sm-6 col-center\">\n<table class=\"data-table text-center\">\n<tbody>\n<tr>\n<th>Cambios que perjudican al jugador<\/th>\n<th>Cambios en el borde<\/th>\n<\/tr>\n<tr>\n<td>El repartidor golpea A-6<\/td>\n<td>-.20%<\/td>\n<\/tr>\n<tr>\n<td>Doble s\u00f3lo el 11<\/td>\n<td>-.46%<\/td>\n<\/tr>\n<tr>\n<td>Doble s\u00f3lo en 10,11<\/td>\n<td>-.09%<\/td>\n<\/tr>\n<tr>\n<td>Doble s\u00f3lo 9, 10,11<\/td>\n<td>-.09%<\/td>\n<\/tr>\n<tr>\n<td>No volver a dividir los pares<\/td>\n<td>-.04%<\/td>\n<\/tr>\n<tr>\n<td>Sin seguro (si cuenta tarjetas)<\/td>\n<td>-.40%<\/td>\n<\/tr>\n<\/tbody>\n<\/table>\n<\/div>\n<p><b>Para determinar la ventaja del casino sobre usted al principio de un zapato, s\u00f3lo tiene que sumar o restar las variaciones de las reglas del juego \"base\" enumeradas anteriormente. <\/b> Por ejemplo, si juega a un juego de doble baraja que tiene las mismas reglas que el juego base, la ventaja del casino se calcula de la siguiente manera.<\/p>\n<p class=\"text-center gbs-big\">\nJuego base -.54%<br \/>\nDos cubiertas +.20%<br \/>\n_____________________<br \/>\nVentaja del jugador -.34%<\/p>\n<h3>Efecto de la penetraci\u00f3n de la cubierta<\/h3>\n<p><b>La distancia que el crupier introduce en el mazo o mazos antes de barajarlos puede tener un efecto importante en sus ganancias. <\/b> La raz\u00f3n es que con una penetraci\u00f3n poco profunda, los recuentos \"altos\" que le permiten apostar m\u00e1s se producen con menos frecuencia en las barajas en las que se baraja pronto.  La siguiente tabla muestra la frecuencia con la que se producen los recuentos en porcentaje con distintos grados de penetraci\u00f3n.<\/p>\n<div class=\"col-sm-6 col-center\">\n<table class=\"data-table text-center\">\n<tbody>\n<tr>\n<th colspan=\"6\">Porcentaje de ocurrencia en...<\/th>\n<\/tr>\n<tr>\n<td>Recuento real<\/td>\n<td>50%<\/td>\n<td>65%<\/td>\n<td>75%<\/td>\n<td>Penetraci\u00f3n 85%<\/td>\n<\/tr>\n<tr>\n<td>+1<\/td>\n<td>15<\/td>\n<td>15<\/td>\n<td>13<\/td>\n<td>13<\/td>\n<\/tr>\n<tr>\n<td>+2<\/td>\n<td>8<\/td>\n<td>7<\/td>\n<td>8<\/td>\n<td>8<\/td>\n<\/tr>\n<tr>\n<td>+3<\/td>\n<td>3<\/td>\n<td>4<\/td>\n<td>4<\/td>\n<td>5<\/td>\n<\/tr>\n<tr>\n<td>+4<\/td>\n<td>1.5<\/td>\n<td>2.5<\/td>\n<td>3<\/td>\n<td>4<\/td>\n<\/tr>\n<tr>\n<td>+5<\/td>\n<td>1<\/td>\n<td>1<\/td>\n<td>2<\/td>\n<td>2<\/td>\n<\/tr>\n<tr>\n<td>+6<\/td>\n<td>.5<\/td>\n<td>1<\/td>\n<td>2<\/td>\n<td>2<\/td>\n<\/tr>\n<tr>\n<td>+7<\/td>\n<td>0<\/td>\n<td>.5<\/td>\n<td>1<\/td>\n<td>1.5<\/td>\n<\/tr>\n<tr>\n<td>+8<\/td>\n<td>0<\/td>\n<td>0<\/td>\n<td>.5<\/td>\n<td>1<\/td>\n<\/tr>\n<tr>\n<td>+9<\/td>\n<td>0<\/td>\n<td>0<\/td>\n<td>0<\/td>\n<td>.5<\/td>\n<\/tr>\n<tr>\n<td>+10<\/td>\n<td>0<\/td>\n<td>0<\/td>\n<td>0<\/td>\n<td>.5<\/td>\n<\/tr>\n<\/tbody>\n<\/table>\n<\/div>\n<p><b>Examinemos lo que intento decir aqu\u00ed.<\/b>  Si juega en un juego con s\u00f3lo 50% de penetraci\u00f3n, de cada 100 manos, s\u00f3lo 29 tendr\u00e1n, por t\u00e9rmino medio, una cuenta verdadera de 1 o mejor.  Dado que se necesita una cuenta real de 1 para igualar a la casa, s\u00f3lo 14 ser\u00e1n manos en las que tendr\u00e1 ventaja.  Ahora mire las estad\u00edsticas para un juego con 85% de penetraci\u00f3n.  Aqu\u00ed, alrededor del 37,5% de las manos estar\u00e1n en equilibrio o mejor y casi una cuarta parte ser\u00e1n manos en las que usted tiene ventaja.<\/p>\n<h3>EST\u00c1S PERDIENDO EL TIEMPO Y EL DINERO SI JUEGAS EN UN PARTIDO CON MENOS DE 65% DE PENETRACI\u00d3N.<\/h3>\n<p><b>Aunque un juego no ofrezca las mejores reglas, puede ser vencido si se dispone de una buena penetraci\u00f3n. <\/b> Recuerde que debe abandonar una partida cuando la cuenta caiga por debajo de un verdadero de menos 1, de modo que pase la mayor parte de su tiempo de juego haciendo apuestas en lo que yo llamo la \"zona de beneficios\".<\/p>\n<h3>Deberes<\/h3>\n<p>Calcula la ventaja inicial del jugador para lo siguiente:<\/p>\n<ul>\n<li>Una sola baraja, doble s\u00f3lo con 10 y 11 y si el crupier acierta A-6.  Se permiten los redobles (excepto Ases) y se dispone de seguro.<\/li>\n<li>Seis barajas, el crupier se planta en A-6, se dobla cualquiera de las dos primeras cartas, se permite doblar despu\u00e9s de dividir, se permite volver a dividir, incluidos los ases y se dispone de seguro.<\/li>\n<li>Dos barajas, doble en cualquiera de las dos primeras cartas, no se permite volver a repartir las parejas, no se permite doblar despu\u00e9s de repartir, se permite la retirada tard\u00eda y el seguro.<\/li>\n<\/ul>\n<p>Publicar\u00e9 las respuestas correctas a este cuestionario en la pr\u00f3xima lecci\u00f3n.<\/p>","protected":false},"excerpt":{"rendered":"<p>While almost all Blackjack games are ultimately beatable, the rewards to be gained from marginal situations do not adequately compensate you for your time and risk. Therefore, you must evaluate a game in several ways before playing it. Two primary areas of concern are the house rules of the game, including the number of decks [&hellip;]<\/p>\n","protected":false},"author":2,"featured_media":0,"parent":634,"menu_order":0,"comment_status":"open","ping_status":"open","template":"page-blackjack-school.php","meta":{"_acf_changed":false,"footnotes":""},"tags":[],"class_list":["post-729","page","type-page","status-publish","hentry"],"acf":[],"yoast_head":"<!-- This site is optimized with the Yoast SEO plugin v26.6 - https:\/\/yoast.com\/wordpress\/plugins\/seo\/ -->\n<title>Blackjack School \u1408 Lesson 11 - Evaluating Games<\/title>\n<meta name=\"description\" content=\"Lesson 11 in the GameMaster&#039;s Free Blackjack School - How to Evaluate and Choose the Best Games\" \/>\n<meta name=\"robots\" content=\"index, follow, max-snippet:-1, max-image-preview:large, max-video-preview:-1\" \/>\n<link rel=\"canonical\" href=\"https:\/\/www.blackjackinfo.com\/es\/escuela-de-blackjack\/leccion-11-evaluacion-de-juegos\/\" \/>\n<meta property=\"og:locale\" content=\"es_ES\" \/>\n<meta property=\"og:type\" content=\"article\" \/>\n<meta property=\"og:title\" content=\"Blackjack School \u1408 Lesson 11 - Evaluating Games\" \/>\n<meta property=\"og:description\" content=\"Lesson 11 in the GameMaster&#039;s Free Blackjack School - How to Evaluate and Choose the Best Games\" \/>\n<meta property=\"og:url\" content=\"https:\/\/www.blackjackinfo.com\/es\/escuela-de-blackjack\/leccion-11-evaluacion-de-juegos\/\" \/>\n<meta property=\"og:site_name\" content=\"BlackjackInfo.com\" \/>\n<meta property=\"article:modified_time\" content=\"2020-02-18T23:57:23+00:00\" \/>\n<meta name=\"twitter:label1\" content=\"Tiempo de lectura\" \/>\n\t<meta name=\"twitter:data1\" content=\"3 minutos\" \/>\n<script type=\"application\/ld+json\" class=\"yoast-schema-graph\">{\"@context\":\"https:\/\/schema.org\",\"@graph\":[{\"@type\":\"WebPage\",\"@id\":\"https:\/\/www.blackjackinfo.com\/blackjack-school\/lesson-11-evaluating-games\/\",\"url\":\"https:\/\/www.blackjackinfo.com\/blackjack-school\/lesson-11-evaluating-games\/\",\"name\":\"Blackjack School \u1408 Lesson 11 - Evaluating Games\",\"isPartOf\":{\"@id\":\"https:\/\/www.blackjackinfo.com\/#website\"},\"datePublished\":\"2014-10-20T01:37:05+00:00\",\"dateModified\":\"2020-02-18T23:57:23+00:00\",\"description\":\"Lesson 11 in the GameMaster's Free Blackjack School - How to Evaluate and Choose the Best Games\",\"breadcrumb\":{\"@id\":\"https:\/\/www.blackjackinfo.com\/blackjack-school\/lesson-11-evaluating-games\/#breadcrumb\"},\"inLanguage\":\"es\",\"potentialAction\":[{\"@type\":\"ReadAction\",\"target\":[\"https:\/\/www.blackjackinfo.com\/blackjack-school\/lesson-11-evaluating-games\/\"]}]},{\"@type\":\"BreadcrumbList\",\"@id\":\"https:\/\/www.blackjackinfo.com\/blackjack-school\/lesson-11-evaluating-games\/#breadcrumb\",\"itemListElement\":[{\"@type\":\"ListItem\",\"position\":1,\"name\":\"Home\",\"item\":\"https:\/\/www.blackjackinfo.com\/\"},{\"@type\":\"ListItem\",\"position\":2,\"name\":\"Blackjack School &#8211; A Free 24-Lesson Class on Card Counting\",\"item\":\"https:\/\/www.blackjackinfo.com\/blackjack-school\/\"},{\"@type\":\"ListItem\",\"position\":3,\"name\":\"Lesson 11 &#8211; Evaluating Games\"}]},{\"@type\":\"WebSite\",\"@id\":\"https:\/\/www.blackjackinfo.com\/#website\",\"url\":\"https:\/\/www.blackjackinfo.com\/\",\"name\":\"BlackjackInfo.com\",\"description\":\"Because Winning is More Fun!\",\"potentialAction\":[{\"@type\":\"SearchAction\",\"target\":{\"@type\":\"EntryPoint\",\"urlTemplate\":\"https:\/\/www.blackjackinfo.com\/?s={search_term_string}\"},\"query-input\":{\"@type\":\"PropertyValueSpecification\",\"valueRequired\":true,\"valueName\":\"search_term_string\"}}],\"inLanguage\":\"es\"}]}<\/script>\n<!-- \/ Yoast SEO plugin. -->","yoast_head_json":{"title":"Escuela de Blackjack \u1408 Lecci\u00f3n 11 - Evaluaci\u00f3n de juegos","description":"Lecci\u00f3n 11 de la Escuela Gratuita de Blackjack de GameMaster - C\u00f3mo evaluar y elegir los mejores juegos","robots":{"index":"index","follow":"follow","max-snippet":"max-snippet:-1","max-image-preview":"max-image-preview:large","max-video-preview":"max-video-preview:-1"},"canonical":"https:\/\/www.blackjackinfo.com\/es\/escuela-de-blackjack\/leccion-11-evaluacion-de-juegos\/","og_locale":"es_ES","og_type":"article","og_title":"Blackjack School \u1408 Lesson 11 - Evaluating Games","og_description":"Lesson 11 in the GameMaster's Free Blackjack School - How to Evaluate and Choose the Best Games","og_url":"https:\/\/www.blackjackinfo.com\/es\/escuela-de-blackjack\/leccion-11-evaluacion-de-juegos\/","og_site_name":"BlackjackInfo.com","article_modified_time":"2020-02-18T23:57:23+00:00","twitter_misc":{"Tiempo de lectura":"3 minutos"},"schema":{"@context":"https:\/\/schema.org","@graph":[{"@type":"WebPage","@id":"https:\/\/www.blackjackinfo.com\/blackjack-school\/lesson-11-evaluating-games\/","url":"https:\/\/www.blackjackinfo.com\/blackjack-school\/lesson-11-evaluating-games\/","name":"Escuela de Blackjack \u1408 Lecci\u00f3n 11 - Evaluaci\u00f3n de juegos","isPartOf":{"@id":"https:\/\/www.blackjackinfo.com\/#website"},"datePublished":"2014-10-20T01:37:05+00:00","dateModified":"2020-02-18T23:57:23+00:00","description":"Lecci\u00f3n 11 de la Escuela Gratuita de Blackjack de GameMaster - C\u00f3mo evaluar y elegir los mejores juegos","breadcrumb":{"@id":"https:\/\/www.blackjackinfo.com\/blackjack-school\/lesson-11-evaluating-games\/#breadcrumb"},"inLanguage":"es","potentialAction":[{"@type":"ReadAction","target":["https:\/\/www.blackjackinfo.com\/blackjack-school\/lesson-11-evaluating-games\/"]}]},{"@type":"BreadcrumbList","@id":"https:\/\/www.blackjackinfo.com\/blackjack-school\/lesson-11-evaluating-games\/#breadcrumb","itemListElement":[{"@type":"ListItem","position":1,"name":"Home","item":"https:\/\/www.blackjackinfo.com\/"},{"@type":"ListItem","position":2,"name":"Blackjack School &#8211; A Free 24-Lesson Class on Card Counting","item":"https:\/\/www.blackjackinfo.com\/blackjack-school\/"},{"@type":"ListItem","position":3,"name":"Lesson 11 &#8211; Evaluating Games"}]},{"@type":"WebSite","@id":"https:\/\/www.blackjackinfo.com\/#website","url":"https:\/\/www.blackjackinfo.com\/","name":"BlackjackInfo.com","description":"\u00a1Porque ganar es m\u00e1s divertido!","potentialAction":[{"@type":"SearchAction","target":{"@type":"EntryPoint","urlTemplate":"https:\/\/www.blackjackinfo.com\/?s={search_term_string}"},"query-input":{"@type":"PropertyValueSpecification","valueRequired":true,"valueName":"search_term_string"}}],"inLanguage":"es"}]}},"_links":{"self":[{"href":"https:\/\/www.blackjackinfo.com\/es\/wp-json\/wp\/v2\/pages\/729","targetHints":{"allow":["GET"]}}],"collection":[{"href":"https:\/\/www.blackjackinfo.com\/es\/wp-json\/wp\/v2\/pages"}],"about":[{"href":"https:\/\/www.blackjackinfo.com\/es\/wp-json\/wp\/v2\/types\/page"}],"author":[{"embeddable":true,"href":"https:\/\/www.blackjackinfo.com\/es\/wp-json\/wp\/v2\/users\/2"}],"replies":[{"embeddable":true,"href":"https:\/\/www.blackjackinfo.com\/es\/wp-json\/wp\/v2\/comments?post=729"}],"version-history":[{"count":7,"href":"https:\/\/www.blackjackinfo.com\/es\/wp-json\/wp\/v2\/pages\/729\/revisions"}],"predecessor-version":[{"id":5461,"href":"https:\/\/www.blackjackinfo.com\/es\/wp-json\/wp\/v2\/pages\/729\/revisions\/5461"}],"up":[{"embeddable":true,"href":"https:\/\/www.blackjackinfo.com\/es\/wp-json\/wp\/v2\/pages\/634"}],"wp:attachment":[{"href":"https:\/\/www.blackjackinfo.com\/es\/wp-json\/wp\/v2\/media?parent=729"}],"wp:term":[{"taxonomy":"post_tag","embeddable":true,"href":"https:\/\/www.blackjackinfo.com\/es\/wp-json\/wp\/v2\/tags?post=729"}],"curies":[{"name":"wp","href":"https:\/\/api.w.org\/{rel}","templated":true}]}}