{"id":731,"date":"2014-10-19T20:41:43","date_gmt":"2014-10-20T01:41:43","guid":{"rendered":"http:\/\/test.blackjackinfo.com\/?page_id=731"},"modified":"2020-02-18T17:57:34","modified_gmt":"2020-02-18T23:57:34","slug":"leccion-12-tacticas-de-juego-en-el-casino","status":"publish","type":"page","link":"https:\/\/www.blackjackinfo.com\/es\/blackjack-school\/lesson-12-casino-playing-tactics\/","title":{"rendered":"Lecci\u00f3n 12 - T\u00e1cticas de juego en el casino"},"content":{"rendered":"<h3>\u00bfQu\u00e9 son las t\u00e1cticas de juego en el casino?<\/h3>\n<p class=\"intro\">\n<b>Es una triste realidad que al personal de los casinos, especialmente a los supervisores de planta y a los jefes de sala, no les gusta que los contadores de cartas jueguen en sus partidas de Blackjack.<\/b>  Saben que el juego puede ser vencido por un jugador h\u00e1bil, por lo que, dependiendo de lo profunda que sea su paranoia, su reacci\u00f3n ante un jugador que gana y es sospechoso de ser un contador puede variar desde un escrutinio minucioso (\"acoso\") hasta la prohibici\u00f3n total de ese jugador.  En consecuencia, un jugador h\u00e1bil debe ocultar sus habilidades y parecer un \"perdedor\" m\u00e1s mientras gana al juego.  Las t\u00e1cticas de juego adecuadas en el casino ayudan a disimular sus habilidades, lo que le permite seguir jugando.<\/p>\n<h3>El \"perfil\" de un mostrador de casino<\/h3>\n<p>Los supervisores de los casinos creen que tienen perfilados a los contadores de cartas y que pueden detectarlos por sus acciones.  Aunque la lista es larga, he aqu\u00ed algunos de sus prejuicios:<\/p>\n<ol>\n<li>Los contadores de cartas suelen ser hombres j\u00f3venes y blancos (probablemente con barba) que visten de forma demasiado informal para la cantidad de dinero que mueven.<\/li>\n<li>Los contadores de cartas \"exploran\" las mesas en un foso, buscando un buen recuento antes de sentarse.<\/li>\n<li>Un contador cambiar\u00e1 $200-300 en fichas pero luego s\u00f3lo apostar\u00e1 $5 o $10 en la primera mano.<\/li>\n<li>Los contadores no hablan con nadie; miran fijamente la bandeja de descartes y vuelven a examinar la mesa, comprobando el recuento.<\/li>\n<li>Los contadores no fuman ni beben alcohol.<\/li>\n<li>Un contador piensa un rato antes de hacer su apuesta.<\/li>\n<li>Un contador no duda antes de jugar una mano \"dura\".<\/li>\n<li>Un contador nunca toma un seguro con una apuesta m\u00ednima fuera, pero s\u00ed toma un seguro cuando una apuesta grande est\u00e1 fuera, independientemente de su mano.<\/li>\n<li>Un contador var\u00eda su apuesta m\u00e1s all\u00e1 de un \"parlay\".<\/li>\n<li>Los mostradores no dan propina a los croupiers.<\/li>\n<li>Un contador retira una apuesta grande y la baja en un 'push' o cuando el zapato termina.<\/li>\n<li>Un contador siempre hace una apuesta m\u00ednima en la primera mano de un zapato reci\u00e9n barajado.<\/li>\n<\/ol>\n<div class=\"row\" style=\"margin-bottom:20px\">\n    <div class=\"col-sm-12\">\n                <h2>Los mejores casinos online de EE.UU. <span\n                class=\"flag-icon flag-icon-us\"><\/span><\/h2>\n\n        \n                \n        <div class=\"ranking-table text-center\">\n            <div class=\"row flex ad-row\">\n                <div class=\"col-sm-3\">\n                    <div class=\"row flex\">\n\n                        <div class=\"col-sm-3\">\n                            <div class=\"ranking-number text-center\">\n\n                                1                                \n                            <\/div>\n                        <\/div>\n                        <div class=\"col-sm-9\">\n                            <img decoding=\"async\" src=\"https:\/\/www.blackjackinfo.com\/files\/bovada.png\" data-no-auto-translation=\"\">\n                        <\/div>\n                    <\/div>\n                <\/div>\n                <div class=\"col-sm-4\">\n                    <div class=\"bonus-text text-center\"><span class=\"red\">100% hasta $1.000<\/span><\/div>\n\t\t\t\t\t\n\n                <\/div>\n                <div class=\"col-sm-2\">\n                    <a class=\"btn btn-wire\" href=\"\/es\/casino\/bovada\/\">Revisa<\/a>\n\n                <\/div>\n                <div class=\"col-sm-3\">\n                    <a rel=\"nofollow\" target=\"_blank\" class=\"btn btn-blue\" href=\"\/goto\/goto\/\">Jugar\n                        Ahora<\/a>\n\t\t\t\t\t\t\n\n                <\/div>\n            <\/div>\n        <\/div>\n\n\n\n        \n                \n        <div class=\"ranking-table text-center\">\n            <div class=\"row flex ad-row\">\n                <div class=\"col-sm-3\">\n                    <div class=\"row flex\">\n\n                        <div class=\"col-sm-3\">\n                            <div class=\"ranking-number text-center\">\n\n                                2                                \n                            <\/div>\n                        <\/div>\n                        <div class=\"col-sm-9\">\n                            <img decoding=\"async\" src=\"https:\/\/www.blackjackinfo.com\/files\/ignition-casino-logo.png\" data-no-auto-translation=\"\">\n                        <\/div>\n                    <\/div>\n                <\/div>\n                <div class=\"col-sm-4\">\n                    <div class=\"bonus-text text-center\"><span class=\"red\">100% hasta $1.000<\/span><\/div>\n\t\t\t\t\t\n\n                <\/div>\n                <div class=\"col-sm-2\">\n                    <a class=\"btn btn-wire\" href=\"\/es\/casino\/ignition-casino\/\">Revisa<\/a>\n\n                <\/div>\n                <div class=\"col-sm-3\">\n                    <a rel=\"nofollow\" target=\"_blank\" class=\"btn btn-blue\" href=\"\/goto\/goto\/\">Jugar\n                        Ahora<\/a>\n\t\t\t\t\t\t\n\n                <\/div>\n            <\/div>\n        <\/div>\n\n\n\n        \n                \n        <div class=\"ranking-table text-center\">\n            <div class=\"row flex ad-row\">\n                <div class=\"col-sm-3\">\n                    <div class=\"row flex\">\n\n                        <div class=\"col-sm-3\">\n                            <div class=\"ranking-number text-center\">\n\n                                3                                \n                            <\/div>\n                        <\/div>\n                        <div class=\"col-sm-9\">\n                            <img decoding=\"async\" src=\"https:\/\/www.blackjackinfo.com\/files\/VipSlots-500x250_dark.svg\" data-no-auto-translation=\"\">\n                        <\/div>\n                    <\/div>\n                <\/div>\n                <div class=\"col-sm-4\">\n                    <div class=\"bonus-text text-center\"><span class=\"red\">100 GIROS GRATIS en Secret Life of Cats<\/span><\/div>\n\t\t\t\t\t\n\n                <\/div>\n                <div class=\"col-sm-2\">\n                    <a class=\"btn btn-wire\" href=\"\/es\/casino\/vipslots-casino\/\">Revisa<\/a>\n\n                <\/div>\n                <div class=\"col-sm-3\">\n                    <a rel=\"nofollow\" target=\"_blank\" class=\"btn btn-blue\" href=\"\/goto\/goto\/\">Jugar\n                        Ahora<\/a>\n\t\t\t\t\t\t\n\n                <\/div>\n            <\/div>\n        <\/div>\n\n\n\n        \n                \n        <div class=\"ranking-table text-center\">\n            <div class=\"row flex ad-row\">\n                <div class=\"col-sm-3\">\n                    <div class=\"row flex\">\n\n                        <div class=\"col-sm-3\">\n                            <div class=\"ranking-number text-center\">\n\n                                4                                \n                            <\/div>\n                        <\/div>\n                        <div class=\"col-sm-9\">\n                            <img decoding=\"async\" src=\"https:\/\/www.blackjackinfo.com\/files\/vegas_casino_online.png\" data-no-auto-translation=\"\">\n                        <\/div>\n                    <\/div>\n                <\/div>\n                <div class=\"col-sm-4\">\n                    <div class=\"bonus-text text-center\"><span class=\"red\">300% hasta $3.000<\/span><\/div>\n\t\t\t\t\t\n\n                <\/div>\n                <div class=\"col-sm-2\">\n                    <a class=\"btn btn-wire\" href=\"\/es\/casino\/vegas-casino-online-2\/\">Revisa<\/a>\n\n                <\/div>\n                <div class=\"col-sm-3\">\n                    <a rel=\"nofollow\" target=\"_blank\" class=\"btn btn-blue\" href=\"\/goto\/goto\/\">Jugar\n                        Ahora<\/a>\n\t\t\t\t\t\t\n\n                <\/div>\n            <\/div>\n        <\/div>\n\n\n\n        \n                \n        <div class=\"ranking-table text-center\">\n            <div class=\"row flex ad-row\">\n                <div class=\"col-sm-3\">\n                    <div class=\"row flex\">\n\n                        <div class=\"col-sm-3\">\n                            <div class=\"ranking-number text-center\">\n\n                                5                                \n                            <\/div>\n                        <\/div>\n                        <div class=\"col-sm-9\">\n                            <img decoding=\"async\" src=\"https:\/\/www.blackjackinfo.com\/files\/cafe-casino-logo.svg\" data-no-auto-translation=\"\">\n                        <\/div>\n                    <\/div>\n                <\/div>\n                <div class=\"col-sm-4\">\n                    <div class=\"bonus-text text-center\"><span class=\"red\">250% hasta $1.500<\/span><\/div>\n\t\t\t\t\t\n\n                <\/div>\n                <div class=\"col-sm-2\">\n                    <a class=\"btn btn-wire\" href=\"\/es\/casino\/cafe-casino\/\">Revisa<\/a>\n\n                <\/div>\n                <div class=\"col-sm-3\">\n                    <a rel=\"nofollow\" target=\"_blank\" class=\"btn btn-blue\" href=\"\/goto\/goto\/\">Jugar\n                        Ahora<\/a>\n\t\t\t\t\t\t\n\n                <\/div>\n            <\/div>\n        <\/div>\n\n\n\n            <\/div>\n<\/div>\n<h3>Contador de tarjetas Camuflaje<\/h3>\n<p><b>Para ganar dinero en el Blackjack, debes mantener tu bienvenida en los casinos.<\/b>  Pero aunque las primeras veces que juegues como contador sientas que tienes una gran \"C\" roja en la frente, en realidad no es as\u00ed y si evitas algunos de los errores de los \"novatos\", es probable que los supervisores del casino no te presten ninguna atenci\u00f3n.<\/p>\n<p><b>Si juegas con apuestas altas, llamar\u00e1s la atenci\u00f3n tanto si ganas como si pierdes; los jugadores con apuestas altas siempre llaman la atenci\u00f3n.<\/b>  Pero, si est\u00e1s empezando con el spread de $5 a $60 que yo recomiendo, probablemente no se te notar\u00e1 en absoluto.  La frecuencia con la que juegas en un casino en particular tiene mucho que ver con esto.  Recuerde que la mayor\u00eda de los casinos tienen al menos dos turnos, as\u00ed que intente repartir su juego entre casinos y turnos.<b> EVITAR PASAR DE UN TURNO A OTRO<\/b>.  Si las sesiones son cortas, tardar\u00e1n mucho tiempo en entender lo que est\u00e1s haciendo.<\/p>\n<p>La verdadera clave para enga\u00f1ar al personal del casino es aparentar ser un jugador m\u00e1s.  He aqu\u00ed algunas t\u00e9cnicas que yo utilizo.<\/p>\n<ol>\n<li>V\u00edstase adecuadamente para su nivel de apuestas.  Un \"gran apostador\" debe tener aspecto de persona pr\u00f3spera y no, como dijo un autor, \"de profesor sustituto de escuela sin trabajo\".  Si va a un casino local en el turno de d\u00eda durante la semana, v\u00edstase como una persona de negocios que est\u00e1 haciendo novillos en la oficina.  NO te vistas como un turista (un disfraz muy eficaz) si van a volver a verte la semana que viene.<\/li>\n<li>Cuando entres en un casino, ve directamente a una mesa en la que el crupier est\u00e9 barajando y si\u00e9ntate.  Habla con el croupier, o al menos sal\u00fadale.<\/li>\n<li>Si juega con una apuesta m\u00ednima de $5, compre por menos de $100, pero m\u00e1s de $40.  No utilice t\u00e9rminos como \"rojo\" o \"verde\", \"monedas de cinco c\u00e9ntimos\" o \"monedas de 25 c\u00e9ntimos\".  Llame a las fichas $5 o $25.<\/li>\n<li>No pidas nada a los camareros de c\u00f3cteles; son demasiado lentos y esperar a que te sirvan una bebida puede hacer que juegues con una baraja negativa mientras esperas.  En su lugar, pide bebidas sin alcohol en el bar (O'Doul's, zumo de naranja, cualquier cosa con lima) y ll\u00e9valas contigo.<\/li>\n<li>Intente tener siempre una apuesta en su c\u00edrculo de apuestas.  Recuerde, s\u00f3lo los contadores piensan en cu\u00e1nto apostar; los jugadores s\u00f3lo ponen algo.  Si se le ha pasado la mano o ha conseguido un Blackjack, haga su siguiente apuesta mientras el crupier est\u00e1 jugando su mano.  Con la pr\u00e1ctica, su apuesta ser\u00e1 la cantidad correcta, pero no parecer\u00e1 que haya tenido que pensar mucho cu\u00e1nto apostar.<\/li>\n<li>Los jugadores NUNCA abandonan una mesa despu\u00e9s de ganar.  Si la cuenta ha ca\u00eddo por debajo de -1, siga jugando con la apuesta m\u00ednima hasta que pierda una mano.<\/li>\n<li>Dudar antes de acertar una mano \"dura\".  Hablar con las cartas ayuda.<\/li>\n<li>Ocasionalmente, asegure su Blackjack contra el As del crupier cuando tenga la apuesta m\u00ednima fuera.  No pida \"dinero parejo\"; siga el procedimiento como si no supiera c\u00f3mo funciona todo.  Esto tambi\u00e9n har\u00e1 que el crupier vaya m\u00e1s despacio al pedir el seguro en el futuro, lo que te dar\u00e1 m\u00e1s tiempo para calcular la cuenta real.  Es mejor hacer esta apuesta de seguro \"m\u00ednima\" cuando un supervisor de sala est\u00e1 mirando.<\/li>\n<li>Si va a dar propina al crupier (algo que deber\u00eda hacer con moderaci\u00f3n), espere a que el recuento sea alto y tenga una apuesta grande.  Hacer una apuesta para el crupier en ese momento har\u00e1 que parezca que quieres que te ayude a ganar.<\/li>\n<li>Una o dos veces en cada sesi\u00f3n, comience un nuevo zapato con una apuesta de 2 \u00f3 3 veces el m\u00ednimo.<\/li>\n<li>No se desv\u00ede de la estrategia b\u00e1sica adecuada como forma de camuflaje; de todos modos, la mayor\u00eda del personal del casino no sabr\u00eda jugar bien.  De hecho, los jugadores con una estrategia b\u00e1sica perfecta parecen idiotas: \u00a1dar un 12 contra un 2 \u00f3 3 o doblar un A-7 contra un 4 es de locos! (Para ellos.)<\/li>\n<li>No hables con otros en la mesa sobre tus habilidades; no ayudes a otros a jugar sus manos correctamente.  Nunca admitas que has entendido un libro sobre Blackjack.  No te muestres confiado, pero no act\u00faes como un perdedor cuando es evidente que est\u00e1s ganando: \u00a1a los jugadores les encanta ganar!<\/li>\n<li>No me atrevo a llevar una, pero una ri\u00f1onera es uno de los objetos m\u00e1s desarmantes que puede llevar un contador.  Con eso y un par de gafas puestas, muy pocos supervisores pensar\u00e1n que eres un destructor de casinos de sangre fr\u00eda, contador de cartas y ojos de acero.  Pero supongo que si mi actuaci\u00f3n habitual empieza a agotarse, me comprar\u00e9 una y me la pondr\u00e9.  Prefiero ser rico que guay.<\/li>\n<\/ol>\n<h3>Deberes<\/h3>\n<p>Aqu\u00ed est\u00e1n las respuestas a la tarea de la semana pasada.<\/p>\n<p>Calcula la ventaja inicial del casino para los siguientes juegos:<\/p>\n<ul>\n<li>Una baraja, doble s\u00f3lo 10 u 11, el crupier acierta A-6. <b>Respuesta: .33%<\/b><\/li>\n<li>Seis barajas, doble en cualquiera de las dos primeras cartas, el crupier se planta en A-6, pares resplit, incl. Ases, doble despu\u00e9s de split permitido. <b>Respuesta: .33%<\/b><\/li>\n<li>Dos barajas, se dobla con las dos primeras cartas, no se vuelven a dividir las parejas, no se dobla despu\u00e9s de dividir, el crupier se planta con A-6, entrega tard\u00eda.<b> Respuesta: .30% (No he especificado si el crupier se planta o acierta con A-6; esta cifra es para una partida en la que se planta).<\/b><\/li>\n<\/ul>","protected":false},"excerpt":{"rendered":"<p>What Are Casino Playing Tactics? It&#8217;s a sad fact of life that casino personnel, especially floor supervisors and pit bosses do not like card counters playing at their Blackjack games. They know the game can be beaten by a skilled player, so depending upon how deep their paranoia runs, their reaction to a player who [&hellip;]<\/p>\n","protected":false},"author":2,"featured_media":0,"parent":634,"menu_order":0,"comment_status":"open","ping_status":"open","template":"page-blackjack-school.php","meta":{"_acf_changed":false,"footnotes":""},"tags":[],"class_list":["post-731","page","type-page","status-publish","hentry"],"acf":[],"yoast_head":"<!-- This site is optimized with the Yoast SEO plugin v26.6 - https:\/\/yoast.com\/wordpress\/plugins\/seo\/ -->\n<title>Blackjack School \u1408 Lesson 12 - Casino Playing Tactics<\/title>\n<meta name=\"description\" content=\"Lesson 12 in the GameMaster&#039;s Free Blackjack School - How to behave in the casino to stay welcome.\" \/>\n<meta name=\"robots\" content=\"index, follow, max-snippet:-1, max-image-preview:large, max-video-preview:-1\" \/>\n<link rel=\"canonical\" href=\"https:\/\/www.blackjackinfo.com\/es\/escuela-de-blackjack\/leccion-12-tacticas-de-juego-en-el-casino\/\" \/>\n<meta property=\"og:locale\" content=\"es_ES\" \/>\n<meta property=\"og:type\" content=\"article\" \/>\n<meta property=\"og:title\" content=\"Blackjack School \u1408 Lesson 12 - Casino Playing Tactics\" \/>\n<meta property=\"og:description\" content=\"Lesson 12 in the GameMaster&#039;s Free Blackjack School - How to behave in the casino to stay welcome.\" \/>\n<meta property=\"og:url\" content=\"https:\/\/www.blackjackinfo.com\/es\/escuela-de-blackjack\/leccion-12-tacticas-de-juego-en-el-casino\/\" \/>\n<meta property=\"og:site_name\" content=\"BlackjackInfo.com\" \/>\n<meta property=\"article:modified_time\" content=\"2020-02-18T23:57:34+00:00\" \/>\n<meta name=\"twitter:label1\" content=\"Tiempo de lectura\" \/>\n\t<meta name=\"twitter:data1\" content=\"6 minutos\" \/>\n<script type=\"application\/ld+json\" class=\"yoast-schema-graph\">{\"@context\":\"https:\/\/schema.org\",\"@graph\":[{\"@type\":\"WebPage\",\"@id\":\"https:\/\/www.blackjackinfo.com\/blackjack-school\/lesson-12-casino-playing-tactics\/\",\"url\":\"https:\/\/www.blackjackinfo.com\/blackjack-school\/lesson-12-casino-playing-tactics\/\",\"name\":\"Blackjack School \u1408 Lesson 12 - Casino Playing Tactics\",\"isPartOf\":{\"@id\":\"https:\/\/www.blackjackinfo.com\/#website\"},\"datePublished\":\"2014-10-20T01:41:43+00:00\",\"dateModified\":\"2020-02-18T23:57:34+00:00\",\"description\":\"Lesson 12 in the GameMaster's Free Blackjack School - How to behave in the casino to stay welcome.\",\"breadcrumb\":{\"@id\":\"https:\/\/www.blackjackinfo.com\/blackjack-school\/lesson-12-casino-playing-tactics\/#breadcrumb\"},\"inLanguage\":\"es\",\"potentialAction\":[{\"@type\":\"ReadAction\",\"target\":[\"https:\/\/www.blackjackinfo.com\/blackjack-school\/lesson-12-casino-playing-tactics\/\"]}]},{\"@type\":\"BreadcrumbList\",\"@id\":\"https:\/\/www.blackjackinfo.com\/blackjack-school\/lesson-12-casino-playing-tactics\/#breadcrumb\",\"itemListElement\":[{\"@type\":\"ListItem\",\"position\":1,\"name\":\"Home\",\"item\":\"https:\/\/www.blackjackinfo.com\/\"},{\"@type\":\"ListItem\",\"position\":2,\"name\":\"Blackjack School &#8211; A Free 24-Lesson Class on Card Counting\",\"item\":\"https:\/\/www.blackjackinfo.com\/blackjack-school\/\"},{\"@type\":\"ListItem\",\"position\":3,\"name\":\"Lesson 12 &#8211; Casino Playing Tactics\"}]},{\"@type\":\"WebSite\",\"@id\":\"https:\/\/www.blackjackinfo.com\/#website\",\"url\":\"https:\/\/www.blackjackinfo.com\/\",\"name\":\"BlackjackInfo.com\",\"description\":\"Because Winning is More Fun!\",\"potentialAction\":[{\"@type\":\"SearchAction\",\"target\":{\"@type\":\"EntryPoint\",\"urlTemplate\":\"https:\/\/www.blackjackinfo.com\/?s={search_term_string}\"},\"query-input\":{\"@type\":\"PropertyValueSpecification\",\"valueRequired\":true,\"valueName\":\"search_term_string\"}}],\"inLanguage\":\"es\"}]}<\/script>\n<!-- \/ Yoast SEO plugin. -->","yoast_head_json":{"title":"Escuela de Blackjack \u1408 Lecci\u00f3n 12 - T\u00e1cticas de juego en el casino","description":"Lecci\u00f3n 12 de la Escuela Gratuita de Blackjack del GameMaster - C\u00f3mo comportarse en el casino para seguir siendo bienvenido.","robots":{"index":"index","follow":"follow","max-snippet":"max-snippet:-1","max-image-preview":"max-image-preview:large","max-video-preview":"max-video-preview:-1"},"canonical":"https:\/\/www.blackjackinfo.com\/es\/escuela-de-blackjack\/leccion-12-tacticas-de-juego-en-el-casino\/","og_locale":"es_ES","og_type":"article","og_title":"Blackjack School \u1408 Lesson 12 - Casino Playing Tactics","og_description":"Lesson 12 in the GameMaster's Free Blackjack School - How to behave in the casino to stay welcome.","og_url":"https:\/\/www.blackjackinfo.com\/es\/escuela-de-blackjack\/leccion-12-tacticas-de-juego-en-el-casino\/","og_site_name":"BlackjackInfo.com","article_modified_time":"2020-02-18T23:57:34+00:00","twitter_misc":{"Tiempo de lectura":"6 minutos"},"schema":{"@context":"https:\/\/schema.org","@graph":[{"@type":"WebPage","@id":"https:\/\/www.blackjackinfo.com\/blackjack-school\/lesson-12-casino-playing-tactics\/","url":"https:\/\/www.blackjackinfo.com\/blackjack-school\/lesson-12-casino-playing-tactics\/","name":"Escuela de Blackjack \u1408 Lecci\u00f3n 12 - T\u00e1cticas de juego en el casino","isPartOf":{"@id":"https:\/\/www.blackjackinfo.com\/#website"},"datePublished":"2014-10-20T01:41:43+00:00","dateModified":"2020-02-18T23:57:34+00:00","description":"Lecci\u00f3n 12 de la Escuela Gratuita de Blackjack del GameMaster - C\u00f3mo comportarse en el casino para seguir siendo bienvenido.","breadcrumb":{"@id":"https:\/\/www.blackjackinfo.com\/blackjack-school\/lesson-12-casino-playing-tactics\/#breadcrumb"},"inLanguage":"es","potentialAction":[{"@type":"ReadAction","target":["https:\/\/www.blackjackinfo.com\/blackjack-school\/lesson-12-casino-playing-tactics\/"]}]},{"@type":"BreadcrumbList","@id":"https:\/\/www.blackjackinfo.com\/blackjack-school\/lesson-12-casino-playing-tactics\/#breadcrumb","itemListElement":[{"@type":"ListItem","position":1,"name":"Home","item":"https:\/\/www.blackjackinfo.com\/"},{"@type":"ListItem","position":2,"name":"Blackjack School &#8211; A Free 24-Lesson Class on Card Counting","item":"https:\/\/www.blackjackinfo.com\/blackjack-school\/"},{"@type":"ListItem","position":3,"name":"Lesson 12 &#8211; Casino Playing Tactics"}]},{"@type":"WebSite","@id":"https:\/\/www.blackjackinfo.com\/#website","url":"https:\/\/www.blackjackinfo.com\/","name":"BlackjackInfo.com","description":"\u00a1Porque ganar es m\u00e1s divertido!","potentialAction":[{"@type":"SearchAction","target":{"@type":"EntryPoint","urlTemplate":"https:\/\/www.blackjackinfo.com\/?s={search_term_string}"},"query-input":{"@type":"PropertyValueSpecification","valueRequired":true,"valueName":"search_term_string"}}],"inLanguage":"es"}]}},"_links":{"self":[{"href":"https:\/\/www.blackjackinfo.com\/es\/wp-json\/wp\/v2\/pages\/731","targetHints":{"allow":["GET"]}}],"collection":[{"href":"https:\/\/www.blackjackinfo.com\/es\/wp-json\/wp\/v2\/pages"}],"about":[{"href":"https:\/\/www.blackjackinfo.com\/es\/wp-json\/wp\/v2\/types\/page"}],"author":[{"embeddable":true,"href":"https:\/\/www.blackjackinfo.com\/es\/wp-json\/wp\/v2\/users\/2"}],"replies":[{"embeddable":true,"href":"https:\/\/www.blackjackinfo.com\/es\/wp-json\/wp\/v2\/comments?post=731"}],"version-history":[{"count":3,"href":"https:\/\/www.blackjackinfo.com\/es\/wp-json\/wp\/v2\/pages\/731\/revisions"}],"predecessor-version":[{"id":5462,"href":"https:\/\/www.blackjackinfo.com\/es\/wp-json\/wp\/v2\/pages\/731\/revisions\/5462"}],"up":[{"embeddable":true,"href":"https:\/\/www.blackjackinfo.com\/es\/wp-json\/wp\/v2\/pages\/634"}],"wp:attachment":[{"href":"https:\/\/www.blackjackinfo.com\/es\/wp-json\/wp\/v2\/media?parent=731"}],"wp:term":[{"taxonomy":"post_tag","embeddable":true,"href":"https:\/\/www.blackjackinfo.com\/es\/wp-json\/wp\/v2\/tags?post=731"}],"curies":[{"name":"wp","href":"https:\/\/api.w.org\/{rel}","templated":true}]}}