{"id":733,"date":"2014-10-19T20:46:28","date_gmt":"2014-10-20T01:46:28","guid":{"rendered":"http:\/\/test.blackjackinfo.com\/?page_id=733"},"modified":"2020-02-18T17:57:47","modified_gmt":"2020-02-18T23:57:47","slug":"leccion-13-curso-avanzado-parte-1","status":"publish","type":"page","link":"https:\/\/www.blackjackinfo.com\/es\/blackjack-school\/lesson-13-advanced-course-part-1\/","title":{"rendered":"Lecci\u00f3n 13 - El curso avanzado - Parte 1"},"content":{"rendered":"<p class=\"intro\">\n<b>El medio m\u00e1s poderoso (legal) de superar la ventaja del casino en el Blackjack es variar tus apuestas seg\u00fan la cuenta real.<\/b>  Las ganancias adicionales de 0,2 a 0,3% est\u00e1n disponibles para aquellos que tambi\u00e9n var\u00edan el juego de sus manos de acuerdo con el recuento real.  Sin duda ha tenido situaciones en las que el recuento estaba por las nubes y sab\u00eda que pedir ese 12 contra el 3 del crupier le iba a dar una carta con la cara.  Hay un punto, medido por el recuento real, en el que plantarse con un 12 contra un 3 es m\u00e1s rentable que pedir carta.  Esto se llama \"variaci\u00f3n de estrategia b\u00e1sica\" y aprender\u00e1 muchas de ellas en esta serie.<\/p>\n<h3>Variaciones de la estrategia b\u00e1sica<\/h3>\n<p><b>Modificar el juego de su mano de acuerdo con el recuento real ocurrir\u00e1 aproximadamente 10% de las veces.  Si el recuento disminuye, doblar\u00e1 menos, jugar\u00e1 m\u00e1s manos \"duras\" y dividir\u00e1 las parejas con menos frecuencia.<\/b>  A medida que aumente la cuenta, doblar\u00e1 m\u00e1s a menudo, golpear\u00e1 menos a los \"fiambres\" y dividir\u00e1 m\u00e1s las parejas.  Para cada jugada de estrategia b\u00e1sica, s\u00f3lo hay una variaci\u00f3n.  Por ejemplo, la variaci\u00f3n para la mano 10, 6 contra 10 es plantarse en lugar de pedir; nunca doblar\u00eda y obviamente no dividir\u00eda.  Otro ejemplo es 5,4 contra 2.  La estrategia b\u00e1sica dice que hay que pedir, pero si la cuenta es lo suficientemente alta, doblar\u00eda esta mano.  Un buen ejemplo en el lado negativo es A-2 contra 5; la estrategia b\u00e1sica dice que dobles, pero si la cuenta est\u00e1 por debajo de 0, deber\u00edas simplemente pedir.  La forma f\u00e1cil de recordar algo as\u00ed es \"Doblar As-2 contra 5 en 0 o superior\".  Desglosado en la \"taquigraf\u00eda\" de una flashcard es A-2 contra 5 = 0. (S\u00ed, volveremos a nuestros viejos amigos, las flashcards).<\/p>\n<h3>El poder de las variaciones de la estrategia b\u00e1sica<\/h3>\n<p><b>El valor de cualquier variaci\u00f3n viene determinado por la frecuencia media con la que se utilizar\u00e1. <\/b> Si juegas 100.000 manos de Blackjack al a\u00f1o (unas 20 horas a la semana, durante todo el a\u00f1o), puedes esperar ver una mano de 16 contra 10 unas 3.500 veces (3,5%).  Esa es en realidad la situaci\u00f3n n\u00famero 1 de no-seguro.  Cualquier variaci\u00f3n aqu\u00ed tiene un valor considerable, simplemente porque la utilizar\u00e1 con relativa frecuencia.  Por el contrario, recibir\u00e1 9,9 frente a 2 s\u00f3lo 43 veces en esa muestra de 100.000 manos, por lo que la variaci\u00f3n aqu\u00ed tiene poco valor, porque rara vez la utilizar\u00e1.  La frecuencia de manos nos permite priorizar el aprendizaje de las variaciones de estrategia b\u00e1sicas.<\/p>\n<p><b>Una de las variaciones m\u00e1s importantes de la estrategia b\u00e1sica es la apuesta de seguro.<\/b>  Dado que el crupier mostrar\u00e1 un as como carta alta aproximadamente el 7,5% de las veces, saber cu\u00e1ndo es rentable tomar un seguro es muy importante.  Si est\u00e1 jugando en una partida de seis barajas, el seguro merece la pena cuando la cuenta real es 3 o superior.  Siempre debe hacer la apuesta de seguro en ese momento, independientemente de las cartas que tenga, ya que no tiene relaci\u00f3n con su mano.  El sistema de conteo High\/Low tiene una 'Eficiencia de Seguro' de 80% lo que significa que 8 de cada 10 veces estar\u00e1s haciendo lo correcto cuando hagas una apuesta de seguro basada en el conteo verdadero.<\/p>\n<p>Como he mencionado antes, <b>se obtiene un valor considerable aprendiendo aquellas variaciones que implican manos iniciales de 12-16 contra cualquier carta alta, ya que son las manos que ver\u00e1s m\u00e1s a menudo<\/b>.  De hecho, el 54% de todas sus manos ser\u00e1n \"r\u00edgidas\" en alg\u00fan momento del juego.  Este es un buen momento para hacer una observaci\u00f3n importante: las variaciones b\u00e1sicas de estrategia se aplican no s\u00f3lo a sus manos iniciales, sino tambi\u00e9n a las manos compuestas por 3 o m\u00e1s cartas.   Se plantar\u00e1 en A, 2, 10, 3 contra 10 si la cuenta es 0 o superior, as\u00ed como en una mano de 10, 6. Doblar (o no doblar) es lo siguiente en importancia y dividir\/no dividir parejas es lo menos importante.<br \/>\n<div class=\"row\" style=\"margin-bottom:20px\">\n    <div class=\"col-sm-12\">\n                <h2>Los mejores casinos online de EE.UU. <span\n                class=\"flag-icon flag-icon-us\"><\/span><\/h2>\n\n        \n                \n        <div class=\"ranking-table text-center\">\n            <div class=\"row flex ad-row\">\n                <div class=\"col-sm-3\">\n                    <div class=\"row flex\">\n\n                        <div class=\"col-sm-3\">\n                            <div class=\"ranking-number text-center\">\n\n                                1                                \n                            <\/div>\n                        <\/div>\n                        <div class=\"col-sm-9\">\n                            <img decoding=\"async\" src=\"https:\/\/www.blackjackinfo.com\/files\/bovada.png\" data-no-auto-translation=\"\">\n                        <\/div>\n                    <\/div>\n                <\/div>\n                <div class=\"col-sm-4\">\n                    <div class=\"bonus-text text-center\"><span class=\"red\">100% hasta $1.000<\/span><\/div>\n\t\t\t\t\t\n\n                <\/div>\n                <div class=\"col-sm-2\">\n                    <a class=\"btn btn-wire\" href=\"\/es\/casino\/bovada\/\">Revisa<\/a>\n\n                <\/div>\n                <div class=\"col-sm-3\">\n                    <a rel=\"nofollow\" target=\"_blank\" class=\"btn btn-blue\" href=\"\/goto\/goto\/\">Jugar\n                        Ahora<\/a>\n\t\t\t\t\t\t\n\n                <\/div>\n            <\/div>\n        <\/div>\n\n\n\n        \n                \n        <div class=\"ranking-table text-center\">\n            <div class=\"row flex ad-row\">\n                <div class=\"col-sm-3\">\n                    <div class=\"row flex\">\n\n                        <div class=\"col-sm-3\">\n                            <div class=\"ranking-number text-center\">\n\n                                2                                \n                            <\/div>\n                        <\/div>\n                        <div class=\"col-sm-9\">\n                            <img decoding=\"async\" src=\"https:\/\/www.blackjackinfo.com\/files\/ignition-casino-logo.png\" data-no-auto-translation=\"\">\n                        <\/div>\n                    <\/div>\n                <\/div>\n                <div class=\"col-sm-4\">\n                    <div class=\"bonus-text text-center\"><span class=\"red\">100% hasta $1.000<\/span><\/div>\n\t\t\t\t\t\n\n                <\/div>\n                <div class=\"col-sm-2\">\n                    <a class=\"btn btn-wire\" href=\"\/es\/casino\/ignition-casino\/\">Revisa<\/a>\n\n                <\/div>\n                <div class=\"col-sm-3\">\n                    <a rel=\"nofollow\" target=\"_blank\" class=\"btn btn-blue\" href=\"\/goto\/goto\/\">Jugar\n                        Ahora<\/a>\n\t\t\t\t\t\t\n\n                <\/div>\n            <\/div>\n        <\/div>\n\n\n\n        \n                \n        <div class=\"ranking-table text-center\">\n            <div class=\"row flex ad-row\">\n                <div class=\"col-sm-3\">\n                    <div class=\"row flex\">\n\n                        <div class=\"col-sm-3\">\n                            <div class=\"ranking-number text-center\">\n\n                                3                                \n                            <\/div>\n                        <\/div>\n                        <div class=\"col-sm-9\">\n                            <img decoding=\"async\" src=\"https:\/\/www.blackjackinfo.com\/files\/vegas_casino_online.png\" data-no-auto-translation=\"\">\n                        <\/div>\n                    <\/div>\n                <\/div>\n                <div class=\"col-sm-4\">\n                    <div class=\"bonus-text text-center\"><span class=\"red\">300% hasta $3.000<\/span><\/div>\n\t\t\t\t\t\n\n                <\/div>\n                <div class=\"col-sm-2\">\n                    <a class=\"btn btn-wire\" href=\"\/es\/casino\/vegas-casino-online-2\/\">Revisa<\/a>\n\n                <\/div>\n                <div class=\"col-sm-3\">\n                    <a rel=\"nofollow\" target=\"_blank\" class=\"btn btn-blue\" href=\"\/goto\/goto\/\">Jugar\n                        Ahora<\/a>\n\t\t\t\t\t\t\n\n                <\/div>\n            <\/div>\n        <\/div>\n\n\n\n        \n                \n        <div class=\"ranking-table text-center\">\n            <div class=\"row flex ad-row\">\n                <div class=\"col-sm-3\">\n                    <div class=\"row flex\">\n\n                        <div class=\"col-sm-3\">\n                            <div class=\"ranking-number text-center\">\n\n                                4                                \n                            <\/div>\n                        <\/div>\n                        <div class=\"col-sm-9\">\n                            <img decoding=\"async\" src=\"https:\/\/www.blackjackinfo.com\/files\/VipSlots-500x250_dark.svg\" data-no-auto-translation=\"\">\n                        <\/div>\n                    <\/div>\n                <\/div>\n                <div class=\"col-sm-4\">\n                    <div class=\"bonus-text text-center\"><span class=\"red\">100 GIROS GRATIS en Secret Life of Cats<\/span><\/div>\n\t\t\t\t\t\n\n                <\/div>\n                <div class=\"col-sm-2\">\n                    <a class=\"btn btn-wire\" href=\"\/es\/casino\/vipslots-casino\/\">Revisa<\/a>\n\n                <\/div>\n                <div class=\"col-sm-3\">\n                    <a rel=\"nofollow\" target=\"_blank\" class=\"btn btn-blue\" href=\"\/goto\/goto\/\">Jugar\n                        Ahora<\/a>\n\t\t\t\t\t\t\n\n                <\/div>\n            <\/div>\n        <\/div>\n\n\n\n        \n                \n        <div class=\"ranking-table text-center\">\n            <div class=\"row flex ad-row\">\n                <div class=\"col-sm-3\">\n                    <div class=\"row flex\">\n\n                        <div class=\"col-sm-3\">\n                            <div class=\"ranking-number text-center\">\n\n                                5                                \n                            <\/div>\n                        <\/div>\n                        <div class=\"col-sm-9\">\n                            <img decoding=\"async\" src=\"https:\/\/www.blackjackinfo.com\/files\/cafe-casino-logo.svg\" data-no-auto-translation=\"\">\n                        <\/div>\n                    <\/div>\n                <\/div>\n                <div class=\"col-sm-4\">\n                    <div class=\"bonus-text text-center\"><span class=\"red\">250% hasta $1.500<\/span><\/div>\n\t\t\t\t\t\n\n                <\/div>\n                <div class=\"col-sm-2\">\n                    <a class=\"btn btn-wire\" href=\"\/es\/casino\/cafe-casino\/\">Revisa<\/a>\n\n                <\/div>\n                <div class=\"col-sm-3\">\n                    <a rel=\"nofollow\" target=\"_blank\" class=\"btn btn-blue\" href=\"\/goto\/goto\/\">Jugar\n                        Ahora<\/a>\n\t\t\t\t\t\t\n\n                <\/div>\n            <\/div>\n        <\/div>\n\n\n\n            <\/div>\n<\/div><\/p>\n<h3>El valor de las variaciones de la estrategia b\u00e1sica<\/h3>\n<p><b>Es seguro decir que la utilizaci\u00f3n de estas variaciones aumentar\u00e1 sus ganancias en 10% en el juego de seis mazos. <\/b> Pero tambi\u00e9n tienen un importante beneficio secundario.  Al utilizar estas variantes, parecer\u00e1 m\u00e1s un \"jugador\" en el casino.  Apostar 16 contra 10 algunas veces y no hacerlo en otras ocasiones es el comportamiento t\u00edpico de un jugador.   Para los supervisores del casino que conocen la estrategia b\u00e1sica adecuada (\u00a1muy pocos!), verle doblar A,7 contra 2 es una locura, igual que plantarse con 15 contra un 10 es de 'gallinas'.  Sin embargo, todas ellas son -en determinadas cuentas- la jugada correcta.<\/p>\n<p>Si juegas en un juego de un solo mazo, el valor de las variaciones de la estrategia b\u00e1sica se dispara a 25% o m\u00e1s.  Si pasas alg\u00fan tiempo en esos juegos, debes aprenderlas.<\/p>\n<p>En la pr\u00f3xima lecci\u00f3n, te mostrar\u00e9 c\u00f3mo aprender estas variaciones<\/p>","protected":false},"excerpt":{"rendered":"<p>The most powerful (legal) means of overcoming the casino&#8217;s edge in Blackjack is to vary your bets according to the true count. Additional gains of .2 to .3% are available to those who also vary the play of their hands according to the true count. You undoubtedly have had situations where the count was sky-high [&hellip;]<\/p>\n","protected":false},"author":2,"featured_media":0,"parent":634,"menu_order":0,"comment_status":"open","ping_status":"open","template":"page-blackjack-school.php","meta":{"_acf_changed":false,"footnotes":""},"tags":[],"class_list":["post-733","page","type-page","status-publish","hentry"],"acf":[],"yoast_head":"<!-- This site is optimized with the Yoast SEO plugin v26.6 - https:\/\/yoast.com\/wordpress\/plugins\/seo\/ -->\n<title>Blackjack School \u1408 Lesson 13 - The Advanced Course - Part 1<\/title>\n<meta name=\"description\" content=\"Lesson 13 in the GameMaster&#039;s Free Blackjack School - Understanding when to deviate from basic strategy.\" \/>\n<meta name=\"robots\" content=\"index, follow, max-snippet:-1, max-image-preview:large, max-video-preview:-1\" \/>\n<link rel=\"canonical\" href=\"https:\/\/www.blackjackinfo.com\/es\/escuela-de-blackjack\/leccion-13-curso-avanzado-parte-1\/\" \/>\n<meta property=\"og:locale\" content=\"es_ES\" \/>\n<meta property=\"og:type\" content=\"article\" \/>\n<meta property=\"og:title\" content=\"Blackjack School \u1408 Lesson 13 - The Advanced Course - Part 1\" \/>\n<meta property=\"og:description\" content=\"Lesson 13 in the GameMaster&#039;s Free Blackjack School - Understanding when to deviate from basic strategy.\" \/>\n<meta property=\"og:url\" content=\"https:\/\/www.blackjackinfo.com\/es\/escuela-de-blackjack\/leccion-13-curso-avanzado-parte-1\/\" \/>\n<meta property=\"og:site_name\" content=\"BlackjackInfo.com\" \/>\n<meta property=\"article:modified_time\" content=\"2020-02-18T23:57:47+00:00\" \/>\n<meta name=\"twitter:label1\" content=\"Tiempo de lectura\" \/>\n\t<meta name=\"twitter:data1\" content=\"4 minutos\" \/>\n<script type=\"application\/ld+json\" class=\"yoast-schema-graph\">{\"@context\":\"https:\/\/schema.org\",\"@graph\":[{\"@type\":\"WebPage\",\"@id\":\"https:\/\/www.blackjackinfo.com\/blackjack-school\/lesson-13-advanced-course-part-1\/\",\"url\":\"https:\/\/www.blackjackinfo.com\/blackjack-school\/lesson-13-advanced-course-part-1\/\",\"name\":\"Blackjack School \u1408 Lesson 13 - The Advanced Course - Part 1\",\"isPartOf\":{\"@id\":\"https:\/\/www.blackjackinfo.com\/#website\"},\"datePublished\":\"2014-10-20T01:46:28+00:00\",\"dateModified\":\"2020-02-18T23:57:47+00:00\",\"description\":\"Lesson 13 in the GameMaster's Free Blackjack School - Understanding when to deviate from basic strategy.\",\"breadcrumb\":{\"@id\":\"https:\/\/www.blackjackinfo.com\/blackjack-school\/lesson-13-advanced-course-part-1\/#breadcrumb\"},\"inLanguage\":\"es\",\"potentialAction\":[{\"@type\":\"ReadAction\",\"target\":[\"https:\/\/www.blackjackinfo.com\/blackjack-school\/lesson-13-advanced-course-part-1\/\"]}]},{\"@type\":\"BreadcrumbList\",\"@id\":\"https:\/\/www.blackjackinfo.com\/blackjack-school\/lesson-13-advanced-course-part-1\/#breadcrumb\",\"itemListElement\":[{\"@type\":\"ListItem\",\"position\":1,\"name\":\"Home\",\"item\":\"https:\/\/www.blackjackinfo.com\/\"},{\"@type\":\"ListItem\",\"position\":2,\"name\":\"Blackjack School &#8211; A Free 24-Lesson Class on Card Counting\",\"item\":\"https:\/\/www.blackjackinfo.com\/blackjack-school\/\"},{\"@type\":\"ListItem\",\"position\":3,\"name\":\"Lesson 13 &#8211; The Advanced Course &#8211; Part 1\"}]},{\"@type\":\"WebSite\",\"@id\":\"https:\/\/www.blackjackinfo.com\/#website\",\"url\":\"https:\/\/www.blackjackinfo.com\/\",\"name\":\"BlackjackInfo.com\",\"description\":\"Because Winning is More Fun!\",\"potentialAction\":[{\"@type\":\"SearchAction\",\"target\":{\"@type\":\"EntryPoint\",\"urlTemplate\":\"https:\/\/www.blackjackinfo.com\/?s={search_term_string}\"},\"query-input\":{\"@type\":\"PropertyValueSpecification\",\"valueRequired\":true,\"valueName\":\"search_term_string\"}}],\"inLanguage\":\"es\"}]}<\/script>\n<!-- \/ Yoast SEO plugin. -->","yoast_head_json":{"title":"Escuela de Blackjack \u1408 Lecci\u00f3n 13 - El curso avanzado - Parte 1","description":"Lecci\u00f3n 13 de la Escuela Gratuita de Blackjack del GameMaster - Entender cu\u00e1ndo desviarse de la estrategia b\u00e1sica.","robots":{"index":"index","follow":"follow","max-snippet":"max-snippet:-1","max-image-preview":"max-image-preview:large","max-video-preview":"max-video-preview:-1"},"canonical":"https:\/\/www.blackjackinfo.com\/es\/escuela-de-blackjack\/leccion-13-curso-avanzado-parte-1\/","og_locale":"es_ES","og_type":"article","og_title":"Blackjack School \u1408 Lesson 13 - The Advanced Course - Part 1","og_description":"Lesson 13 in the GameMaster's Free Blackjack School - Understanding when to deviate from basic strategy.","og_url":"https:\/\/www.blackjackinfo.com\/es\/escuela-de-blackjack\/leccion-13-curso-avanzado-parte-1\/","og_site_name":"BlackjackInfo.com","article_modified_time":"2020-02-18T23:57:47+00:00","twitter_misc":{"Tiempo de lectura":"4 minutos"},"schema":{"@context":"https:\/\/schema.org","@graph":[{"@type":"WebPage","@id":"https:\/\/www.blackjackinfo.com\/blackjack-school\/lesson-13-advanced-course-part-1\/","url":"https:\/\/www.blackjackinfo.com\/blackjack-school\/lesson-13-advanced-course-part-1\/","name":"Escuela de Blackjack \u1408 Lecci\u00f3n 13 - El curso avanzado - Parte 1","isPartOf":{"@id":"https:\/\/www.blackjackinfo.com\/#website"},"datePublished":"2014-10-20T01:46:28+00:00","dateModified":"2020-02-18T23:57:47+00:00","description":"Lecci\u00f3n 13 de la Escuela Gratuita de Blackjack del GameMaster - Entender cu\u00e1ndo desviarse de la estrategia b\u00e1sica.","breadcrumb":{"@id":"https:\/\/www.blackjackinfo.com\/blackjack-school\/lesson-13-advanced-course-part-1\/#breadcrumb"},"inLanguage":"es","potentialAction":[{"@type":"ReadAction","target":["https:\/\/www.blackjackinfo.com\/blackjack-school\/lesson-13-advanced-course-part-1\/"]}]},{"@type":"BreadcrumbList","@id":"https:\/\/www.blackjackinfo.com\/blackjack-school\/lesson-13-advanced-course-part-1\/#breadcrumb","itemListElement":[{"@type":"ListItem","position":1,"name":"Home","item":"https:\/\/www.blackjackinfo.com\/"},{"@type":"ListItem","position":2,"name":"Blackjack School &#8211; A Free 24-Lesson Class on Card Counting","item":"https:\/\/www.blackjackinfo.com\/blackjack-school\/"},{"@type":"ListItem","position":3,"name":"Lesson 13 &#8211; The Advanced Course &#8211; Part 1"}]},{"@type":"WebSite","@id":"https:\/\/www.blackjackinfo.com\/#website","url":"https:\/\/www.blackjackinfo.com\/","name":"BlackjackInfo.com","description":"\u00a1Porque ganar es m\u00e1s divertido!","potentialAction":[{"@type":"SearchAction","target":{"@type":"EntryPoint","urlTemplate":"https:\/\/www.blackjackinfo.com\/?s={search_term_string}"},"query-input":{"@type":"PropertyValueSpecification","valueRequired":true,"valueName":"search_term_string"}}],"inLanguage":"es"}]}},"_links":{"self":[{"href":"https:\/\/www.blackjackinfo.com\/es\/wp-json\/wp\/v2\/pages\/733","targetHints":{"allow":["GET"]}}],"collection":[{"href":"https:\/\/www.blackjackinfo.com\/es\/wp-json\/wp\/v2\/pages"}],"about":[{"href":"https:\/\/www.blackjackinfo.com\/es\/wp-json\/wp\/v2\/types\/page"}],"author":[{"embeddable":true,"href":"https:\/\/www.blackjackinfo.com\/es\/wp-json\/wp\/v2\/users\/2"}],"replies":[{"embeddable":true,"href":"https:\/\/www.blackjackinfo.com\/es\/wp-json\/wp\/v2\/comments?post=733"}],"version-history":[{"count":3,"href":"https:\/\/www.blackjackinfo.com\/es\/wp-json\/wp\/v2\/pages\/733\/revisions"}],"predecessor-version":[{"id":5463,"href":"https:\/\/www.blackjackinfo.com\/es\/wp-json\/wp\/v2\/pages\/733\/revisions\/5463"}],"up":[{"embeddable":true,"href":"https:\/\/www.blackjackinfo.com\/es\/wp-json\/wp\/v2\/pages\/634"}],"wp:attachment":[{"href":"https:\/\/www.blackjackinfo.com\/es\/wp-json\/wp\/v2\/media?parent=733"}],"wp:term":[{"taxonomy":"post_tag","embeddable":true,"href":"https:\/\/www.blackjackinfo.com\/es\/wp-json\/wp\/v2\/tags?post=733"}],"curies":[{"name":"wp","href":"https:\/\/api.w.org\/{rel}","templated":true}]}}