{"id":735,"date":"2014-10-19T20:50:58","date_gmt":"2014-10-20T01:50:58","guid":{"rendered":"http:\/\/test.blackjackinfo.com\/?page_id=735"},"modified":"2020-02-18T17:58:06","modified_gmt":"2020-02-18T23:58:06","slug":"leccion-14-curso-avanzado-parte-2","status":"publish","type":"page","link":"https:\/\/www.blackjackinfo.com\/es\/blackjack-school\/lesson-14-advanced-course-part-2\/","title":{"rendered":"Lecci\u00f3n 14 - El curso avanzado - Parte 2"},"content":{"rendered":"<h3>Variantes de la estrategia b\u00e1sica: \u00bfGolpear o plantarse?<\/h3>\n<p><b>La decisi\u00f3n m\u00e1s com\u00fan que cualquier jugador toma en el Blackjack es si golpear o plantarse, en consecuencia esta ser\u00e1 la variaci\u00f3n de estrategia b\u00e1sica m\u00e1s com\u00fan y deber\u00edas aprender todas las importantes.<\/b>  La primera es con una mano de 16 contra una carta de 10 de la banca.  Debe plantarse si la cuenta es 0 o superior y pedir carta si es inferior a 0. Esto significa que si la cuenta corriente es 0 o superior, debe plantarse.  Dado que el n\u00famero de \"decisi\u00f3n\" es 0, no es necesario calcular el recuento real: el recuento corriente es suficiente en esta situaci\u00f3n.  No se confunda.  Casi todas las variaciones de estrategias b\u00e1sicas se basan en el recuento real, pero para aquellas en las que el n\u00famero de decisi\u00f3n es 0, el recuento corriente ser\u00e1 suficiente.<\/p>\n<p>La siguiente mano m\u00e1s importante es 15 contra el 10 del crupier.  El n\u00famero de decisi\u00f3n es una cuenta verdadera de 4, si usted est\u00e1 jugando en un juego de cuatro barajas o m\u00e1s.  Esta variante y las dem\u00e1s pueden aprenderse f\u00e1cilmente si se hace un juego de fichas.  No hace falta que sean sofisticadas, s\u00f3lo precisas.  Corta unos cuadrados de 5 cm de una carpeta de papel manila y te servir\u00e1n.  Una tarjeta t\u00edpica debe tener este aspecto<\/p>\n<div class=\"text-center\">\n<img loading=\"lazy\" decoding=\"async\" src=\"\/files\/Blackjack-School\/flashcard1.jpg\" width=\"144\" height=\"144\" alt=\"Flash Card 1\" data-no-auto-translation=\"\"><\/div>\n<p>Si imaginas el 10 y el 16 colocados en la l\u00ednea central de un cuadrado de 2\u2033 X 2\u2033, el 0 est\u00e1 desplazado para que tu pulgar izquierdo cubra el n\u00famero.  A medida que recorres la pila, recita \"diecis\u00e9is contra 10, p\u00e1rate en el cero\" (o superior).  Para una mano de 15 contra 10, una carta tendr\u00e1 este aspecto<\/p>\n<div class=\"text-center\">\n<img loading=\"lazy\" decoding=\"async\" src=\"\/files\/Blackjack-School\/flashcard2.jpg\" width=\"144\" height=\"144\" alt=\"Flash Card 2\" data-no-auto-translation=\"\"><\/div>\n<p>Cuando llegues a esta carta, recitar\u00e1s \"15 contra 10; p\u00e1rate en 4\".<\/p>\n<p>A medida que pase el tiempo, no necesitar\u00e1s recordarte que debes estar con el 15 contra el 10, as\u00ed que recitar\u00e1s \"15 contra 10 es 4\".<\/p>\n<p>\u00bfTe haces una idea?<\/p>\n<div class=\"row\" style=\"margin-bottom:20px\">\n    <div class=\"col-sm-12\">\n                <h2>Los mejores casinos online de EE.UU. <span\n                class=\"flag-icon flag-icon-us\"><\/span><\/h2>\n\n        \n                \n        <div class=\"ranking-table text-center\">\n            <div class=\"row flex ad-row\">\n                <div class=\"col-sm-3\">\n                    <div class=\"row flex\">\n\n                        <div class=\"col-sm-3\">\n                            <div class=\"ranking-number text-center\">\n\n                                1                                \n                            <\/div>\n                        <\/div>\n                        <div class=\"col-sm-9\">\n                            <img decoding=\"async\" src=\"https:\/\/www.blackjackinfo.com\/files\/bovada.png\" data-no-auto-translation=\"\">\n                        <\/div>\n                    <\/div>\n                <\/div>\n                <div class=\"col-sm-4\">\n                    <div class=\"bonus-text text-center\"><span class=\"red\">100% hasta $1.000<\/span><\/div>\n\t\t\t\t\t\n\n                <\/div>\n                <div class=\"col-sm-2\">\n                    <a class=\"btn btn-wire\" href=\"\/es\/casino\/bovada\/\">Revisa<\/a>\n\n                <\/div>\n                <div class=\"col-sm-3\">\n                    <a rel=\"nofollow\" target=\"_blank\" class=\"btn btn-blue\" href=\"\/goto\/goto\/\">Jugar\n                        Ahora<\/a>\n\t\t\t\t\t\t\n\n                <\/div>\n            <\/div>\n        <\/div>\n\n\n\n        \n                \n        <div class=\"ranking-table text-center\">\n            <div class=\"row flex ad-row\">\n                <div class=\"col-sm-3\">\n                    <div class=\"row flex\">\n\n                        <div class=\"col-sm-3\">\n                            <div class=\"ranking-number text-center\">\n\n                                2                                \n                            <\/div>\n                        <\/div>\n                        <div class=\"col-sm-9\">\n                            <img decoding=\"async\" src=\"https:\/\/www.blackjackinfo.com\/files\/ignition-casino-logo.png\" data-no-auto-translation=\"\">\n                        <\/div>\n                    <\/div>\n                <\/div>\n                <div class=\"col-sm-4\">\n                    <div class=\"bonus-text text-center\"><span class=\"red\">100% hasta $1.000<\/span><\/div>\n\t\t\t\t\t\n\n                <\/div>\n                <div class=\"col-sm-2\">\n                    <a class=\"btn btn-wire\" href=\"\/es\/casino\/ignition-casino\/\">Revisa<\/a>\n\n                <\/div>\n                <div class=\"col-sm-3\">\n                    <a rel=\"nofollow\" target=\"_blank\" class=\"btn btn-blue\" href=\"\/goto\/goto\/\">Jugar\n                        Ahora<\/a>\n\t\t\t\t\t\t\n\n                <\/div>\n            <\/div>\n        <\/div>\n\n\n\n        \n                \n        <div class=\"ranking-table text-center\">\n            <div class=\"row flex ad-row\">\n                <div class=\"col-sm-3\">\n                    <div class=\"row flex\">\n\n                        <div class=\"col-sm-3\">\n                            <div class=\"ranking-number text-center\">\n\n                                3                                \n                            <\/div>\n                        <\/div>\n                        <div class=\"col-sm-9\">\n                            <img decoding=\"async\" src=\"https:\/\/www.blackjackinfo.com\/files\/VipSlots-500x250_dark.svg\" data-no-auto-translation=\"\">\n                        <\/div>\n                    <\/div>\n                <\/div>\n                <div class=\"col-sm-4\">\n                    <div class=\"bonus-text text-center\"><span class=\"red\">100 GIROS GRATIS en Secret Life of Cats<\/span><\/div>\n\t\t\t\t\t\n\n                <\/div>\n                <div class=\"col-sm-2\">\n                    <a class=\"btn btn-wire\" href=\"\/es\/casino\/vipslots-casino\/\">Revisa<\/a>\n\n                <\/div>\n                <div class=\"col-sm-3\">\n                    <a rel=\"nofollow\" target=\"_blank\" class=\"btn btn-blue\" href=\"\/goto\/goto\/\">Jugar\n                        Ahora<\/a>\n\t\t\t\t\t\t\n\n                <\/div>\n            <\/div>\n        <\/div>\n\n\n\n        \n                \n        <div class=\"ranking-table text-center\">\n            <div class=\"row flex ad-row\">\n                <div class=\"col-sm-3\">\n                    <div class=\"row flex\">\n\n                        <div class=\"col-sm-3\">\n                            <div class=\"ranking-number text-center\">\n\n                                4                                \n                            <\/div>\n                        <\/div>\n                        <div class=\"col-sm-9\">\n                            <img decoding=\"async\" src=\"https:\/\/www.blackjackinfo.com\/files\/vegas_casino_online.png\" data-no-auto-translation=\"\">\n                        <\/div>\n                    <\/div>\n                <\/div>\n                <div class=\"col-sm-4\">\n                    <div class=\"bonus-text text-center\"><span class=\"red\">300% hasta $3.000<\/span><\/div>\n\t\t\t\t\t\n\n                <\/div>\n                <div class=\"col-sm-2\">\n                    <a class=\"btn btn-wire\" href=\"\/es\/casino\/vegas-casino-online-2\/\">Revisa<\/a>\n\n                <\/div>\n                <div class=\"col-sm-3\">\n                    <a rel=\"nofollow\" target=\"_blank\" class=\"btn btn-blue\" href=\"\/goto\/goto\/\">Jugar\n                        Ahora<\/a>\n\t\t\t\t\t\t\n\n                <\/div>\n            <\/div>\n        <\/div>\n\n\n\n        \n                \n        <div class=\"ranking-table text-center\">\n            <div class=\"row flex ad-row\">\n                <div class=\"col-sm-3\">\n                    <div class=\"row flex\">\n\n                        <div class=\"col-sm-3\">\n                            <div class=\"ranking-number text-center\">\n\n                                5                                \n                            <\/div>\n                        <\/div>\n                        <div class=\"col-sm-9\">\n                            <img decoding=\"async\" src=\"https:\/\/www.blackjackinfo.com\/files\/cafe-casino-logo.svg\" data-no-auto-translation=\"\">\n                        <\/div>\n                    <\/div>\n                <\/div>\n                <div class=\"col-sm-4\">\n                    <div class=\"bonus-text text-center\"><span class=\"red\">250% hasta $1.500<\/span><\/div>\n\t\t\t\t\t\n\n                <\/div>\n                <div class=\"col-sm-2\">\n                    <a class=\"btn btn-wire\" href=\"\/es\/casino\/cafe-casino\/\">Revisa<\/a>\n\n                <\/div>\n                <div class=\"col-sm-3\">\n                    <a rel=\"nofollow\" target=\"_blank\" class=\"btn btn-blue\" href=\"\/goto\/goto\/\">Jugar\n                        Ahora<\/a>\n\t\t\t\t\t\t\n\n                <\/div>\n            <\/div>\n        <\/div>\n\n\n\n            <\/div>\n<\/div>\n<p><b>Estas son las cifras que tendr\u00e1s que aprender.<\/b>  Estos n\u00fameros pueden variar un poco de los que ver\u00e1s publicados en libros como \"Professional Blackjack\" de Stanford Wong porque los que yo utilizo son espec\u00edficamente para un juego de seis mazos en el que el crupier se planta en A-6 y algunos han sido modificados bas\u00e1ndome en la teor\u00eda del juego \"averso al riesgo\" que se desarroll\u00f3 hace unos 15 a\u00f1os.  Estos n\u00fameros funcionan bien; han sido probados en miles de horas de juego real de casino por m\u00ed y mis estudiantes.  Sin embargo, NO los utilice para juegos de un solo mazo. El juego con un solo mazo requiere n\u00fameros diferentes y se tratar\u00e1 en una lecci\u00f3n futura.<\/p>\n<div class=\"bji-note\">\nNota del editor de BlackjackInfo.com:<\/p>\n<p>Hay ligeras diferencias en los n\u00fameros de \u00edndice del GameMaster publicados aqu\u00ed y los n\u00fameros optimizados en BlackjackInfo <a href=\"http:\/\/www.amazon.com\/dp\/0982119178\/?tag=theblackjacbasic\">Cartas de estrategia avanzada para Blackjack<\/a>.<\/p>\n<p>Estas diferencias suelen deberse al uso de c\u00e1lculos de aversi\u00f3n al riesgo por parte del GameMaster.  Yo sostengo que para la mayor\u00eda de los jugadores (que no est\u00e1n jugando cerca de la fracci\u00f3n Kelly m\u00e1xima de su bankroll), los \u00edndices rectos son preferibles a los ajustados al riesgo. En cualquier caso en el que los \u00edndices de aversi\u00f3n al riesgo difieran de los \u00edndices simples, incluso por varios puntos, las decisiones son bastante parecidas y el efecto de elegir un estilo de \u00edndice sobre otro es m\u00ednimo.<\/p>\n<\/div>\n<hr>\n<p class=\"text-center\">\n<b>Variantes de estrategia b\u00e1sica: 6 barajas, la banca se planta en A-6<\/b><\/p>\n<div class=\"row\">\n<div class=\"col-sm-10 col-center\">\n<div class=\"overflow-scroll\">\n<table class=\"data-table\">\n<tbody>\n<tr>\n<td>12 contra 2<\/td>\n<td>Stand a 3 o superior<\/td>\n<\/tr>\n<tr>\n<td>12 contra 3<\/td>\n<td>Stand a 2 o superior<\/td>\n<\/tr>\n<tr>\n<td>12 contra 4<\/td>\n<td>Stand en 0 o superior<\/td>\n<td width=\"50%\">(\u00a1\u00a1\u00a1S\u00ed, si la cuenta corriente est\u00e1 a menos, le das a 12 contra un 4. Vuelve locos a los otros jugadores de la mesa!!!)<\/td>\n<\/tr>\n<tr>\n<td>12 contra 5<\/td>\n<td>Pararse en -1 o superior<\/td>\n<td>(Esto significa que aciertas si la cuenta es MENOR que -1).<\/td>\n<\/tr>\n<tr>\n<td>13 contra 2<\/td>\n<td>Pararse en -1 o superior<\/td>\n<\/tr>\n<tr>\n<td>14 contra As<\/td>\n<td>Ponte a 9 o m\u00e1s<\/td>\n<\/tr>\n<tr>\n<td>15 contra 7<\/td>\n<td>P\u00e1rese en 10 o m\u00e1s<\/td>\n<\/tr>\n<tr>\n<td>15 contra 8<\/td>\n<td>P\u00e1rese en 10 o m\u00e1s<\/td>\n<\/tr>\n<tr>\n<td>15 contra 9<\/td>\n<td>Ponte a 8 o m\u00e1s<\/td>\n<\/tr>\n<tr>\n<td>15 contra 10<\/td>\n<td>P\u00e1rese en 4 o superior<\/td>\n<\/tr>\n<tr>\n<td>15 contra As<\/td>\n<td>Ponte a 9 o m\u00e1s<\/td>\n<\/tr>\n<tr>\n<td>16 contra 7<\/td>\n<td>Ponte a 9 o m\u00e1s<\/td>\n<\/tr>\n<tr>\n<td>16 contra 8<\/td>\n<td>Estar a 7 o m\u00e1s<\/td>\n<\/tr>\n<tr>\n<td>16 contra 9<\/td>\n<td>P\u00e1rate en 5 o superior<\/td>\n<\/tr>\n<tr>\n<td>16 contra 10<\/td>\n<td>Stand en 0 o superior<\/td>\n<\/tr>\n<tr>\n<td>16 contra As<\/td>\n<td>Ponte a 8 o m\u00e1s<\/td>\n<\/tr>\n<\/tbody>\n<\/table>\n<\/div>\n<\/div>\n<\/div>\n<hr>\n<p>Y para terminar, una jugada rara: Plantarse con A-7 contra As a 1 o superior.<\/p>\n<h3>Deberes<\/h3>\n<p>Hazte con un juego de fichas y empieza a aprender estas variaciones.<\/p>","protected":false},"excerpt":{"rendered":"<p>Basic Strategy Variations: Hit or Stand? The most common decision any player makes at Blackjack is whether to hit or stand, consequently this will be the most common basic strategy variation and you should learn all the important ones. The first is with a hand of 16 against a dealer&#8217;s up card of 10. You [&hellip;]<\/p>\n","protected":false},"author":2,"featured_media":0,"parent":634,"menu_order":0,"comment_status":"open","ping_status":"open","template":"page-blackjack-school.php","meta":{"_acf_changed":false,"footnotes":""},"tags":[],"class_list":["post-735","page","type-page","status-publish","hentry"],"acf":[],"yoast_head":"<!-- This site is optimized with the Yoast SEO plugin v26.6 - https:\/\/yoast.com\/wordpress\/plugins\/seo\/ -->\n<title>Blackjack School \u1408 Lesson 14 - The Advanced Course - Part 2<\/title>\n<meta name=\"description\" content=\"Lesson 14 in the GameMaster&#039;s Free Blackjack School - The most important strategy variations in blackjack.\" \/>\n<meta name=\"robots\" content=\"index, follow, max-snippet:-1, max-image-preview:large, max-video-preview:-1\" \/>\n<link rel=\"canonical\" href=\"https:\/\/www.blackjackinfo.com\/es\/escuela-de-blackjack\/leccion-14-curso-avanzado-parte-2\/\" \/>\n<meta property=\"og:locale\" content=\"es_ES\" \/>\n<meta property=\"og:type\" content=\"article\" \/>\n<meta property=\"og:title\" content=\"Blackjack School \u1408 Lesson 14 - The Advanced Course - Part 2\" \/>\n<meta property=\"og:description\" content=\"Lesson 14 in the GameMaster&#039;s Free Blackjack School - The most important strategy variations in blackjack.\" \/>\n<meta property=\"og:url\" content=\"https:\/\/www.blackjackinfo.com\/es\/escuela-de-blackjack\/leccion-14-curso-avanzado-parte-2\/\" \/>\n<meta property=\"og:site_name\" content=\"BlackjackInfo.com\" \/>\n<meta property=\"article:modified_time\" content=\"2020-02-18T23:58:06+00:00\" \/>\n<meta name=\"twitter:label1\" content=\"Tiempo de lectura\" \/>\n\t<meta name=\"twitter:data1\" content=\"3 minutos\" \/>\n<script type=\"application\/ld+json\" class=\"yoast-schema-graph\">{\"@context\":\"https:\/\/schema.org\",\"@graph\":[{\"@type\":\"WebPage\",\"@id\":\"https:\/\/www.blackjackinfo.com\/blackjack-school\/lesson-14-advanced-course-part-2\/\",\"url\":\"https:\/\/www.blackjackinfo.com\/blackjack-school\/lesson-14-advanced-course-part-2\/\",\"name\":\"Blackjack School \u1408 Lesson 14 - The Advanced Course - Part 2\",\"isPartOf\":{\"@id\":\"https:\/\/www.blackjackinfo.com\/#website\"},\"datePublished\":\"2014-10-20T01:50:58+00:00\",\"dateModified\":\"2020-02-18T23:58:06+00:00\",\"description\":\"Lesson 14 in the GameMaster's Free Blackjack School - The most important strategy variations in blackjack.\",\"breadcrumb\":{\"@id\":\"https:\/\/www.blackjackinfo.com\/blackjack-school\/lesson-14-advanced-course-part-2\/#breadcrumb\"},\"inLanguage\":\"es\",\"potentialAction\":[{\"@type\":\"ReadAction\",\"target\":[\"https:\/\/www.blackjackinfo.com\/blackjack-school\/lesson-14-advanced-course-part-2\/\"]}]},{\"@type\":\"BreadcrumbList\",\"@id\":\"https:\/\/www.blackjackinfo.com\/blackjack-school\/lesson-14-advanced-course-part-2\/#breadcrumb\",\"itemListElement\":[{\"@type\":\"ListItem\",\"position\":1,\"name\":\"Home\",\"item\":\"https:\/\/www.blackjackinfo.com\/\"},{\"@type\":\"ListItem\",\"position\":2,\"name\":\"Blackjack School &#8211; A Free 24-Lesson Class on Card Counting\",\"item\":\"https:\/\/www.blackjackinfo.com\/blackjack-school\/\"},{\"@type\":\"ListItem\",\"position\":3,\"name\":\"Lesson 14 &#8211; The Advanced Course &#8211; Part 2\"}]},{\"@type\":\"WebSite\",\"@id\":\"https:\/\/www.blackjackinfo.com\/#website\",\"url\":\"https:\/\/www.blackjackinfo.com\/\",\"name\":\"BlackjackInfo.com\",\"description\":\"Because Winning is More Fun!\",\"potentialAction\":[{\"@type\":\"SearchAction\",\"target\":{\"@type\":\"EntryPoint\",\"urlTemplate\":\"https:\/\/www.blackjackinfo.com\/?s={search_term_string}\"},\"query-input\":{\"@type\":\"PropertyValueSpecification\",\"valueRequired\":true,\"valueName\":\"search_term_string\"}}],\"inLanguage\":\"es\"}]}<\/script>\n<!-- \/ Yoast SEO plugin. -->","yoast_head_json":{"title":"Escuela de Blackjack \u1408 Lecci\u00f3n 14 - El curso avanzado - Parte 2","description":"Lecci\u00f3n 14 de la Escuela Gratuita de Blackjack del GameMaster - Las variaciones de estrategia m\u00e1s importantes en el blackjack.","robots":{"index":"index","follow":"follow","max-snippet":"max-snippet:-1","max-image-preview":"max-image-preview:large","max-video-preview":"max-video-preview:-1"},"canonical":"https:\/\/www.blackjackinfo.com\/es\/escuela-de-blackjack\/leccion-14-curso-avanzado-parte-2\/","og_locale":"es_ES","og_type":"article","og_title":"Blackjack School \u1408 Lesson 14 - The Advanced Course - Part 2","og_description":"Lesson 14 in the GameMaster's Free Blackjack School - The most important strategy variations in blackjack.","og_url":"https:\/\/www.blackjackinfo.com\/es\/escuela-de-blackjack\/leccion-14-curso-avanzado-parte-2\/","og_site_name":"BlackjackInfo.com","article_modified_time":"2020-02-18T23:58:06+00:00","twitter_misc":{"Tiempo de lectura":"3 minutos"},"schema":{"@context":"https:\/\/schema.org","@graph":[{"@type":"WebPage","@id":"https:\/\/www.blackjackinfo.com\/blackjack-school\/lesson-14-advanced-course-part-2\/","url":"https:\/\/www.blackjackinfo.com\/blackjack-school\/lesson-14-advanced-course-part-2\/","name":"Escuela de Blackjack \u1408 Lecci\u00f3n 14 - El curso avanzado - Parte 2","isPartOf":{"@id":"https:\/\/www.blackjackinfo.com\/#website"},"datePublished":"2014-10-20T01:50:58+00:00","dateModified":"2020-02-18T23:58:06+00:00","description":"Lecci\u00f3n 14 de la Escuela Gratuita de Blackjack del GameMaster - Las variaciones de estrategia m\u00e1s importantes en el blackjack.","breadcrumb":{"@id":"https:\/\/www.blackjackinfo.com\/blackjack-school\/lesson-14-advanced-course-part-2\/#breadcrumb"},"inLanguage":"es","potentialAction":[{"@type":"ReadAction","target":["https:\/\/www.blackjackinfo.com\/blackjack-school\/lesson-14-advanced-course-part-2\/"]}]},{"@type":"BreadcrumbList","@id":"https:\/\/www.blackjackinfo.com\/blackjack-school\/lesson-14-advanced-course-part-2\/#breadcrumb","itemListElement":[{"@type":"ListItem","position":1,"name":"Home","item":"https:\/\/www.blackjackinfo.com\/"},{"@type":"ListItem","position":2,"name":"Blackjack School &#8211; A Free 24-Lesson Class on Card Counting","item":"https:\/\/www.blackjackinfo.com\/blackjack-school\/"},{"@type":"ListItem","position":3,"name":"Lesson 14 &#8211; The Advanced Course &#8211; Part 2"}]},{"@type":"WebSite","@id":"https:\/\/www.blackjackinfo.com\/#website","url":"https:\/\/www.blackjackinfo.com\/","name":"BlackjackInfo.com","description":"\u00a1Porque ganar es m\u00e1s divertido!","potentialAction":[{"@type":"SearchAction","target":{"@type":"EntryPoint","urlTemplate":"https:\/\/www.blackjackinfo.com\/?s={search_term_string}"},"query-input":{"@type":"PropertyValueSpecification","valueRequired":true,"valueName":"search_term_string"}}],"inLanguage":"es"}]}},"_links":{"self":[{"href":"https:\/\/www.blackjackinfo.com\/es\/wp-json\/wp\/v2\/pages\/735","targetHints":{"allow":["GET"]}}],"collection":[{"href":"https:\/\/www.blackjackinfo.com\/es\/wp-json\/wp\/v2\/pages"}],"about":[{"href":"https:\/\/www.blackjackinfo.com\/es\/wp-json\/wp\/v2\/types\/page"}],"author":[{"embeddable":true,"href":"https:\/\/www.blackjackinfo.com\/es\/wp-json\/wp\/v2\/users\/2"}],"replies":[{"embeddable":true,"href":"https:\/\/www.blackjackinfo.com\/es\/wp-json\/wp\/v2\/comments?post=735"}],"version-history":[{"count":22,"href":"https:\/\/www.blackjackinfo.com\/es\/wp-json\/wp\/v2\/pages\/735\/revisions"}],"predecessor-version":[{"id":5464,"href":"https:\/\/www.blackjackinfo.com\/es\/wp-json\/wp\/v2\/pages\/735\/revisions\/5464"}],"up":[{"embeddable":true,"href":"https:\/\/www.blackjackinfo.com\/es\/wp-json\/wp\/v2\/pages\/634"}],"wp:attachment":[{"href":"https:\/\/www.blackjackinfo.com\/es\/wp-json\/wp\/v2\/media?parent=735"}],"wp:term":[{"taxonomy":"post_tag","embeddable":true,"href":"https:\/\/www.blackjackinfo.com\/es\/wp-json\/wp\/v2\/tags?post=735"}],"curies":[{"name":"wp","href":"https:\/\/api.w.org\/{rel}","templated":true}]}}