{"id":746,"date":"2014-10-19T21:07:45","date_gmt":"2014-10-20T02:07:45","guid":{"rendered":"http:\/\/test.blackjackinfo.com\/?page_id=746"},"modified":"2020-02-18T17:58:23","modified_gmt":"2020-02-18T23:58:23","slug":"leccion-15-curso-avanzado-parte-3","status":"publish","type":"page","link":"https:\/\/www.blackjackinfo.com\/es\/blackjack-school\/lesson-15-advanced-course-part-3\/","title":{"rendered":"Lecci\u00f3n 15 - El curso avanzado - Parte 3"},"content":{"rendered":"<h3>Variaciones de la estrategia b\u00e1sica: \u00bfDoble?<\/h3>\n<p><b>La oportunidad de doblar su apuesta a cambio de aceptar s\u00f3lo una carta m\u00e1s es una opci\u00f3n muy poderosa para el jugador, si se utiliza correctamente.<\/b>  No sabe cu\u00e1ntas veces he visto a jugadores doblar manos como 7 u 8 contra una carta de 6 del crupier y luego lamentar su suerte cuando pierden.  S\u00ed, el crupier es muy vulnerable con un 6, pero hacer una apuesta extra cambia las matem\u00e1ticas de la mano, por lo que todos los doblajes deben ser bien considerados.  Por ejemplo, en una partida de seis mazos en la que el crupier se planta con un A-6, doblar una mano de 8 contra el 6 del crupier tiene un rendimiento total de 10,3%, mientras que pedir la mano devuelve 12,3%, \u00a1y el riesgo es menor!<\/p>\n<p><b>Dicho esto, llega un momento en el que merece la pena doblar un 8 contra un 6 del crupier y es cuando queda una proporci\u00f3n m\u00e1s alta de lo normal de 10s en la baraja.<\/b>  Ese punto viene determinado, por supuesto, por el recuento real.  A medida que el recuento real es m\u00e1s positivo, es m\u00e1s rentable doblar.  Por el contrario, a medida que el recuento se vuelve negativo, es mejor jugar algunas manos en lugar de doblar.<br \/>\n<div class=\"row\" style=\"margin-bottom:20px\">\n    <div class=\"col-sm-12\">\n                <h2>Los mejores casinos online de EE.UU. <span\n                class=\"flag-icon flag-icon-us\"><\/span><\/h2>\n\n        \n                \n        <div class=\"ranking-table text-center\">\n            <div class=\"row flex ad-row\">\n                <div class=\"col-sm-3\">\n                    <div class=\"row flex\">\n\n                        <div class=\"col-sm-3\">\n                            <div class=\"ranking-number text-center\">\n\n                                1                                \n                            <\/div>\n                        <\/div>\n                        <div class=\"col-sm-9\">\n                            <img decoding=\"async\" src=\"https:\/\/www.blackjackinfo.com\/files\/bovada.png\" data-no-auto-translation=\"\">\n                        <\/div>\n                    <\/div>\n                <\/div>\n                <div class=\"col-sm-4\">\n                    <div class=\"bonus-text text-center\"><span class=\"red\">100% hasta $1.000<\/span><\/div>\n\t\t\t\t\t\n\n                <\/div>\n                <div class=\"col-sm-2\">\n                    <a class=\"btn btn-wire\" href=\"\/es\/casino\/bovada\/\">Revisa<\/a>\n\n                <\/div>\n                <div class=\"col-sm-3\">\n                    <a rel=\"nofollow\" target=\"_blank\" class=\"btn btn-blue\" href=\"\/goto\/goto\/\">Jugar\n                        Ahora<\/a>\n\t\t\t\t\t\t\n\n                <\/div>\n            <\/div>\n        <\/div>\n\n\n\n        \n                \n        <div class=\"ranking-table text-center\">\n            <div class=\"row flex ad-row\">\n                <div class=\"col-sm-3\">\n                    <div class=\"row flex\">\n\n                        <div class=\"col-sm-3\">\n                            <div class=\"ranking-number text-center\">\n\n                                2                                \n                            <\/div>\n                        <\/div>\n                        <div class=\"col-sm-9\">\n                            <img decoding=\"async\" src=\"https:\/\/www.blackjackinfo.com\/files\/ignition-casino-logo.png\" data-no-auto-translation=\"\">\n                        <\/div>\n                    <\/div>\n                <\/div>\n                <div class=\"col-sm-4\">\n                    <div class=\"bonus-text text-center\"><span class=\"red\">100% hasta $1.000<\/span><\/div>\n\t\t\t\t\t\n\n                <\/div>\n                <div class=\"col-sm-2\">\n                    <a class=\"btn btn-wire\" href=\"\/es\/casino\/ignition-casino\/\">Revisa<\/a>\n\n                <\/div>\n                <div class=\"col-sm-3\">\n                    <a rel=\"nofollow\" target=\"_blank\" class=\"btn btn-blue\" href=\"\/goto\/goto\/\">Jugar\n                        Ahora<\/a>\n\t\t\t\t\t\t\n\n                <\/div>\n            <\/div>\n        <\/div>\n\n\n\n        \n                \n        <div class=\"ranking-table text-center\">\n            <div class=\"row flex ad-row\">\n                <div class=\"col-sm-3\">\n                    <div class=\"row flex\">\n\n                        <div class=\"col-sm-3\">\n                            <div class=\"ranking-number text-center\">\n\n                                3                                \n                            <\/div>\n                        <\/div>\n                        <div class=\"col-sm-9\">\n                            <img decoding=\"async\" src=\"https:\/\/www.blackjackinfo.com\/files\/VipSlots-500x250_dark.svg\" data-no-auto-translation=\"\">\n                        <\/div>\n                    <\/div>\n                <\/div>\n                <div class=\"col-sm-4\">\n                    <div class=\"bonus-text text-center\"><span class=\"red\">100 GIROS GRATIS en Secret Life of Cats<\/span><\/div>\n\t\t\t\t\t\n\n                <\/div>\n                <div class=\"col-sm-2\">\n                    <a class=\"btn btn-wire\" href=\"\/es\/casino\/vipslots-casino\/\">Revisa<\/a>\n\n                <\/div>\n                <div class=\"col-sm-3\">\n                    <a rel=\"nofollow\" target=\"_blank\" class=\"btn btn-blue\" href=\"\/goto\/goto\/\">Jugar\n                        Ahora<\/a>\n\t\t\t\t\t\t\n\n                <\/div>\n            <\/div>\n        <\/div>\n\n\n\n        \n                \n        <div class=\"ranking-table text-center\">\n            <div class=\"row flex ad-row\">\n                <div class=\"col-sm-3\">\n                    <div class=\"row flex\">\n\n                        <div class=\"col-sm-3\">\n                            <div class=\"ranking-number text-center\">\n\n                                4                                \n                            <\/div>\n                        <\/div>\n                        <div class=\"col-sm-9\">\n                            <img decoding=\"async\" src=\"https:\/\/www.blackjackinfo.com\/files\/vegas_casino_online.png\" data-no-auto-translation=\"\">\n                        <\/div>\n                    <\/div>\n                <\/div>\n                <div class=\"col-sm-4\">\n                    <div class=\"bonus-text text-center\"><span class=\"red\">300% hasta $3.000<\/span><\/div>\n\t\t\t\t\t\n\n                <\/div>\n                <div class=\"col-sm-2\">\n                    <a class=\"btn btn-wire\" href=\"\/es\/casino\/vegas-casino-online-2\/\">Revisa<\/a>\n\n                <\/div>\n                <div class=\"col-sm-3\">\n                    <a rel=\"nofollow\" target=\"_blank\" class=\"btn btn-blue\" href=\"\/goto\/goto\/\">Jugar\n                        Ahora<\/a>\n\t\t\t\t\t\t\n\n                <\/div>\n            <\/div>\n        <\/div>\n\n\n\n        \n                \n        <div class=\"ranking-table text-center\">\n            <div class=\"row flex ad-row\">\n                <div class=\"col-sm-3\">\n                    <div class=\"row flex\">\n\n                        <div class=\"col-sm-3\">\n                            <div class=\"ranking-number text-center\">\n\n                                5                                \n                            <\/div>\n                        <\/div>\n                        <div class=\"col-sm-9\">\n                            <img decoding=\"async\" src=\"https:\/\/www.blackjackinfo.com\/files\/cafe-casino-logo.svg\" data-no-auto-translation=\"\">\n                        <\/div>\n                    <\/div>\n                <\/div>\n                <div class=\"col-sm-4\">\n                    <div class=\"bonus-text text-center\"><span class=\"red\">250% hasta $1.500<\/span><\/div>\n\t\t\t\t\t\n\n                <\/div>\n                <div class=\"col-sm-2\">\n                    <a class=\"btn btn-wire\" href=\"\/es\/casino\/cafe-casino\/\">Revisa<\/a>\n\n                <\/div>\n                <div class=\"col-sm-3\">\n                    <a rel=\"nofollow\" target=\"_blank\" class=\"btn btn-blue\" href=\"\/goto\/goto\/\">Jugar\n                        Ahora<\/a>\n\t\t\t\t\t\t\n\n                <\/div>\n            <\/div>\n        <\/div>\n\n\n\n            <\/div>\n<\/div><\/p>\n<p><b>Del mismo modo que utilizas tarjetas para aprender las variaciones de golpear y pararse, inventa un juego para doblar.<\/b> Aqu\u00ed tienes los n\u00fameros que necesitas:<\/p>\n<h3>Variantes de estrategia b\u00e1sica Seis barajas, el crupier se planta con A-6<\/h3>\n<div class=\"bji-note\">\nNota del editor de BlackjackInfo.com:<\/p>\n<p>Hay ligeras diferencias en los n\u00fameros de \u00edndice del GameMaster publicados aqu\u00ed y los n\u00fameros optimizados en el<br \/>\nBlackjackInfo <a href=\"http:\/\/www.amazon.com\/dp\/0982119178\/?tag=theblackjacbasic\">Cartas de estrategia avanzada para Blackjack<\/a>.<\/p>\n<p>Estas diferencias suelen deberse al uso de c\u00e1lculos poco arriesgados por parte del GameMaster.  Mantengo que para la mayor\u00eda<br \/>\nde jugadores (que no est\u00e1n jugando cerca de la fracci\u00f3n Kelly m\u00e1xima de su bankroll), los \u00edndices rectos son preferibles a los \u00edndices<br \/>\nlos ajustados al riesgo. En cualquier caso, los \u00edndices aversos al riesgo difieren de los \u00edndices rectos, incluso en varios puntos,<br \/>\nlas decisiones son bastante parecidas y el efecto de elegir un estilo de \u00edndice sobre otro es m\u00ednimo.<\/p>\n<\/div>\n<h2 class=\"text-center\">Doblado suave<\/h2>\n<div class=\"row\">\n<div class=\"col-sm-10 col-center\">\n<div class=\"overflow-scroll\">\n<table class=\"data-table\" border=\"1\" cellspacing=\"0\" cellpadding=\"0\" style=\"border-spacing:0px\">\n<tbody>\n<tr>\n<td>A-2 contra 4<\/td>\n<td>Doble a las 3.<\/td>\n<td width=\"50%\">(\u00bfEntiendes esto?  La estrategia b\u00e1sica dice que hay que PEGAR A-2 contra un 4, pero si la cuenta verdadera es 3 o m\u00e1s, deber\u00edas doblar).<\/td>\n<\/tr>\n<tr>\n<td>A-2 contra 5<\/td>\n<td>Doble a 0.<\/td>\n<td>(No se confunda.  La estrategia b\u00e1sica dice DOBLAR A-2 contra un 5, pero si la cuenta es negativa, simplemente dale; dobla s\u00f3lo cuando la cuenta sea 0 o superior).<\/td>\n<\/tr>\n<tr>\n<td>A-2 contra 6<\/td>\n<td>Doble a -1.<\/td>\n<td>(o superior. Mientras el recuento se mantenga por encima de -1, doblar\u00e1s; una vez que baje de -1, simplemente golpear\u00e1s - y luego, con suerte, dejar\u00e1s la mesa si el recuento no mejora).<\/td>\n<\/tr>\n<tr>\n<td>A-3 contra 4<\/td>\n<td>Doble a la una.<\/td>\n<\/tr>\n<tr>\n<td>A-3 contra 5<\/td>\n<td>Doble a -1.<\/td>\n<\/tr>\n<tr>\n<td>A-4 contra 4<\/td>\n<td>Doble a 0.<\/td>\n<\/tr>\n<tr>\n<td>A-7 contra 2<\/td>\n<td>Doble a la una.<\/td>\n<\/tr>\n<tr>\n<td>A-8 contra 4<\/td>\n<td>Doble a las 5.<\/td>\n<\/tr>\n<tr>\n<td>A-8 contra 5<\/td>\n<td>Doble a las 2.<\/td>\n<\/tr>\n<tr>\n<td>A-8 contra 6<\/td>\n<td>Doble a la una.<\/td>\n<\/tr>\n<tr>\n<td>A-9 contra 5<\/td>\n<td>Doble a las 6.<\/td>\n<\/tr>\n<tr>\n<td>A-9 contra 6<\/td>\n<td>Doble a las 5.<\/td>\n<\/tr>\n<\/tbody>\n<\/table>\n<\/div>\n<\/div>\n<\/div>\n<h2 class=\"text-center\">Duplicaci\u00f3n dura<\/h2>\n<div class=\"row\">\n<div class=\"col-sm-10 col-center\">\n<div class=\"overflow-scroll\">\n<table class=\"data-table text-center\">\n<tbody>\n<tr>\n<td>8 contra 5<\/td>\n<td>Doble a las 6.<\/td>\n<\/tr>\n<tr>\n<td>8 contra 6<\/td>\n<td>Doble a las 3.<\/td>\n<\/tr>\n<tr>\n<td>9 contra 2<\/td>\n<td>Doble a las 2.<\/td>\n<\/tr>\n<tr>\n<td>9 contra 3<\/td>\n<td>Doble a 0.<\/td>\n<\/tr>\n<tr>\n<td>9 contra 7<\/td>\n<td>Doble a las 6.<\/td>\n<\/tr>\n<tr>\n<td>10 contra 9<\/td>\n<td>Doble a -2.<\/td>\n<\/tr>\n<tr>\n<td>11 contra A<\/td>\n<td>Doble a la una.<\/td>\n<\/tr>\n<\/tbody>\n<\/table>\n<\/div>\n<\/div>\n<\/div>\n<h3>Deberes<\/h3>\n<p>Hazte con un juego de fichas para estas variaciones y empieza a incorporarlas a tu juego.<\/p>","protected":false},"excerpt":{"rendered":"<p>Basic Strategy Variations: Double? The opportunity to double your bet in return for agreeing to accept only one more card is a very powerful option for the player, if it&#8217;s utilized correctly. I can&#8217;t tell you how often I see players double hands like 7 or 8 against a dealer&#8217;s up card of 6 and [&hellip;]<\/p>\n","protected":false},"author":2,"featured_media":0,"parent":634,"menu_order":0,"comment_status":"open","ping_status":"open","template":"page-blackjack-school.php","meta":{"_acf_changed":false,"footnotes":""},"tags":[],"class_list":["post-746","page","type-page","status-publish","hentry"],"acf":[],"yoast_head":"<!-- This site is optimized with the Yoast SEO plugin v26.6 - https:\/\/yoast.com\/wordpress\/plugins\/seo\/ -->\n<title>Blackjack School \u1408 Lesson 15 - The Advanced Course - Part 3<\/title>\n<meta name=\"description\" content=\"Lesson 15 in the GameMaster&#039;s Free Blackjack School - Double down strategy variations.\" \/>\n<meta name=\"robots\" content=\"index, follow, max-snippet:-1, max-image-preview:large, max-video-preview:-1\" \/>\n<link rel=\"canonical\" href=\"https:\/\/www.blackjackinfo.com\/es\/escuela-de-blackjack\/leccion-15-curso-avanzado-parte-3\/\" \/>\n<meta property=\"og:locale\" content=\"es_ES\" \/>\n<meta property=\"og:type\" content=\"article\" \/>\n<meta property=\"og:title\" content=\"Blackjack School \u1408 Lesson 15 - The Advanced Course - Part 3\" \/>\n<meta property=\"og:description\" content=\"Lesson 15 in the GameMaster&#039;s Free Blackjack School - Double down strategy variations.\" \/>\n<meta property=\"og:url\" content=\"https:\/\/www.blackjackinfo.com\/es\/escuela-de-blackjack\/leccion-15-curso-avanzado-parte-3\/\" \/>\n<meta property=\"og:site_name\" content=\"BlackjackInfo.com\" \/>\n<meta property=\"article:modified_time\" content=\"2020-02-18T23:58:23+00:00\" \/>\n<meta name=\"twitter:label1\" content=\"Tiempo de lectura\" \/>\n\t<meta name=\"twitter:data1\" content=\"3 minutos\" \/>\n<script type=\"application\/ld+json\" class=\"yoast-schema-graph\">{\"@context\":\"https:\/\/schema.org\",\"@graph\":[{\"@type\":\"WebPage\",\"@id\":\"https:\/\/www.blackjackinfo.com\/blackjack-school\/lesson-15-advanced-course-part-3\/\",\"url\":\"https:\/\/www.blackjackinfo.com\/blackjack-school\/lesson-15-advanced-course-part-3\/\",\"name\":\"Blackjack School \u1408 Lesson 15 - The Advanced Course - Part 3\",\"isPartOf\":{\"@id\":\"https:\/\/www.blackjackinfo.com\/#website\"},\"datePublished\":\"2014-10-20T02:07:45+00:00\",\"dateModified\":\"2020-02-18T23:58:23+00:00\",\"description\":\"Lesson 15 in the GameMaster's Free Blackjack School - Double down strategy variations.\",\"breadcrumb\":{\"@id\":\"https:\/\/www.blackjackinfo.com\/blackjack-school\/lesson-15-advanced-course-part-3\/#breadcrumb\"},\"inLanguage\":\"es\",\"potentialAction\":[{\"@type\":\"ReadAction\",\"target\":[\"https:\/\/www.blackjackinfo.com\/blackjack-school\/lesson-15-advanced-course-part-3\/\"]}]},{\"@type\":\"BreadcrumbList\",\"@id\":\"https:\/\/www.blackjackinfo.com\/blackjack-school\/lesson-15-advanced-course-part-3\/#breadcrumb\",\"itemListElement\":[{\"@type\":\"ListItem\",\"position\":1,\"name\":\"Home\",\"item\":\"https:\/\/www.blackjackinfo.com\/\"},{\"@type\":\"ListItem\",\"position\":2,\"name\":\"Blackjack School &#8211; A Free 24-Lesson Class on Card Counting\",\"item\":\"https:\/\/www.blackjackinfo.com\/blackjack-school\/\"},{\"@type\":\"ListItem\",\"position\":3,\"name\":\"Lesson 15 &#8211; The Advanced Course &#8211; Part 3\"}]},{\"@type\":\"WebSite\",\"@id\":\"https:\/\/www.blackjackinfo.com\/#website\",\"url\":\"https:\/\/www.blackjackinfo.com\/\",\"name\":\"BlackjackInfo.com\",\"description\":\"Because Winning is More Fun!\",\"potentialAction\":[{\"@type\":\"SearchAction\",\"target\":{\"@type\":\"EntryPoint\",\"urlTemplate\":\"https:\/\/www.blackjackinfo.com\/?s={search_term_string}\"},\"query-input\":{\"@type\":\"PropertyValueSpecification\",\"valueRequired\":true,\"valueName\":\"search_term_string\"}}],\"inLanguage\":\"es\"}]}<\/script>\n<!-- \/ Yoast SEO plugin. -->","yoast_head_json":{"title":"Escuela de Blackjack \u1408 Lecci\u00f3n 15 - El curso avanzado - Parte 3","description":"Lecci\u00f3n 15 de la Escuela Gratuita de Blackjack del GameMaster - Variaciones de la estrategia de doblar.","robots":{"index":"index","follow":"follow","max-snippet":"max-snippet:-1","max-image-preview":"max-image-preview:large","max-video-preview":"max-video-preview:-1"},"canonical":"https:\/\/www.blackjackinfo.com\/es\/escuela-de-blackjack\/leccion-15-curso-avanzado-parte-3\/","og_locale":"es_ES","og_type":"article","og_title":"Blackjack School \u1408 Lesson 15 - The Advanced Course - Part 3","og_description":"Lesson 15 in the GameMaster's Free Blackjack School - Double down strategy variations.","og_url":"https:\/\/www.blackjackinfo.com\/es\/escuela-de-blackjack\/leccion-15-curso-avanzado-parte-3\/","og_site_name":"BlackjackInfo.com","article_modified_time":"2020-02-18T23:58:23+00:00","twitter_misc":{"Tiempo de lectura":"3 minutos"},"schema":{"@context":"https:\/\/schema.org","@graph":[{"@type":"WebPage","@id":"https:\/\/www.blackjackinfo.com\/blackjack-school\/lesson-15-advanced-course-part-3\/","url":"https:\/\/www.blackjackinfo.com\/blackjack-school\/lesson-15-advanced-course-part-3\/","name":"Escuela de Blackjack \u1408 Lecci\u00f3n 15 - El curso avanzado - Parte 3","isPartOf":{"@id":"https:\/\/www.blackjackinfo.com\/#website"},"datePublished":"2014-10-20T02:07:45+00:00","dateModified":"2020-02-18T23:58:23+00:00","description":"Lecci\u00f3n 15 de la Escuela Gratuita de Blackjack del GameMaster - Variaciones de la estrategia de doblar.","breadcrumb":{"@id":"https:\/\/www.blackjackinfo.com\/blackjack-school\/lesson-15-advanced-course-part-3\/#breadcrumb"},"inLanguage":"es","potentialAction":[{"@type":"ReadAction","target":["https:\/\/www.blackjackinfo.com\/blackjack-school\/lesson-15-advanced-course-part-3\/"]}]},{"@type":"BreadcrumbList","@id":"https:\/\/www.blackjackinfo.com\/blackjack-school\/lesson-15-advanced-course-part-3\/#breadcrumb","itemListElement":[{"@type":"ListItem","position":1,"name":"Home","item":"https:\/\/www.blackjackinfo.com\/"},{"@type":"ListItem","position":2,"name":"Blackjack School &#8211; A Free 24-Lesson Class on Card Counting","item":"https:\/\/www.blackjackinfo.com\/blackjack-school\/"},{"@type":"ListItem","position":3,"name":"Lesson 15 &#8211; The Advanced Course &#8211; Part 3"}]},{"@type":"WebSite","@id":"https:\/\/www.blackjackinfo.com\/#website","url":"https:\/\/www.blackjackinfo.com\/","name":"BlackjackInfo.com","description":"\u00a1Porque ganar es m\u00e1s divertido!","potentialAction":[{"@type":"SearchAction","target":{"@type":"EntryPoint","urlTemplate":"https:\/\/www.blackjackinfo.com\/?s={search_term_string}"},"query-input":{"@type":"PropertyValueSpecification","valueRequired":true,"valueName":"search_term_string"}}],"inLanguage":"es"}]}},"_links":{"self":[{"href":"https:\/\/www.blackjackinfo.com\/es\/wp-json\/wp\/v2\/pages\/746","targetHints":{"allow":["GET"]}}],"collection":[{"href":"https:\/\/www.blackjackinfo.com\/es\/wp-json\/wp\/v2\/pages"}],"about":[{"href":"https:\/\/www.blackjackinfo.com\/es\/wp-json\/wp\/v2\/types\/page"}],"author":[{"embeddable":true,"href":"https:\/\/www.blackjackinfo.com\/es\/wp-json\/wp\/v2\/users\/2"}],"replies":[{"embeddable":true,"href":"https:\/\/www.blackjackinfo.com\/es\/wp-json\/wp\/v2\/comments?post=746"}],"version-history":[{"count":18,"href":"https:\/\/www.blackjackinfo.com\/es\/wp-json\/wp\/v2\/pages\/746\/revisions"}],"predecessor-version":[{"id":5465,"href":"https:\/\/www.blackjackinfo.com\/es\/wp-json\/wp\/v2\/pages\/746\/revisions\/5465"}],"up":[{"embeddable":true,"href":"https:\/\/www.blackjackinfo.com\/es\/wp-json\/wp\/v2\/pages\/634"}],"wp:attachment":[{"href":"https:\/\/www.blackjackinfo.com\/es\/wp-json\/wp\/v2\/media?parent=746"}],"wp:term":[{"taxonomy":"post_tag","embeddable":true,"href":"https:\/\/www.blackjackinfo.com\/es\/wp-json\/wp\/v2\/tags?post=746"}],"curies":[{"name":"wp","href":"https:\/\/api.w.org\/{rel}","templated":true}]}}