{"id":748,"date":"2014-10-19T21:12:17","date_gmt":"2014-10-20T02:12:17","guid":{"rendered":"http:\/\/test.blackjackinfo.com\/?page_id=748"},"modified":"2020-02-18T17:58:35","modified_gmt":"2020-02-18T23:58:35","slug":"leccion-16-curso-avanzado-parte-4","status":"publish","type":"page","link":"https:\/\/www.blackjackinfo.com\/es\/blackjack-school\/lesson-16-advanced-course-part-4\/","title":{"rendered":"Lecci\u00f3n 16 - El curso avanzado - Parte 4"},"content":{"rendered":"<h2>Variaciones de la estrategia b\u00e1sica: Dividir o no dividir<\/h2>\n<p><b>El principal factor a tener en cuenta a la hora de dividir parejas es si el casino de su elecci\u00f3n permite o no doblar despu\u00e9s de dividir (DAS).<\/b>  Si se permite el DAS, debes tener memorizada la estrategia b\u00e1sica adecuada.  Veo que los jugadores cometen muchos errores al dividir las parejas, principalmente con una mano de 8, 8. La mayor\u00eda sabe que una pareja de 8 debe dividirse contra todas las cartas altas.  La mayor\u00eda sabe que una pareja de 8 debe dividirse contra todas las cartas altas, pero la mayor\u00eda se planta cuando la tiene contra el 10 del crupier.  El coste de ese error no es enorme, simplemente porque una mano de 8,8 es bastante rara.  Pero al plantarse, un jugador tiene una expectativa de -.537% y al dividir (si se permite DAS), se realiza una expectativa de -.483%.  Por lo tanto, el dinero extra que se arriesga da, a largo plazo, un mejor rendimiento.  Pi\u00e9nselo de esta manera.  \u00bfPreferir\u00edas plantarte con un 16 contra un 10 o acertar un 8 contra un 10?  Por cierto, los n\u00fameros tambi\u00e9n indican que la divisi\u00f3n es mejor cuando no se permite DAS, aunque no hay tanta diferencia.<br \/>\n<div class=\"row\" style=\"margin-bottom:20px\">\n    <div class=\"col-sm-12\">\n                <h2>Los mejores casinos online de EE.UU. <span\n                class=\"flag-icon flag-icon-us\"><\/span><\/h2>\n\n        \n                \n        <div class=\"ranking-table text-center\">\n            <div class=\"row flex ad-row\">\n                <div class=\"col-sm-3\">\n                    <div class=\"row flex\">\n\n                        <div class=\"col-sm-3\">\n                            <div class=\"ranking-number text-center\">\n\n                                1                                \n                            <\/div>\n                        <\/div>\n                        <div class=\"col-sm-9\">\n                            <img decoding=\"async\" src=\"https:\/\/www.blackjackinfo.com\/files\/bovada.png\" data-no-auto-translation=\"\">\n                        <\/div>\n                    <\/div>\n                <\/div>\n                <div class=\"col-sm-4\">\n                    <div class=\"bonus-text text-center\"><span class=\"red\">100% hasta $1.000<\/span><\/div>\n\t\t\t\t\t\n\n                <\/div>\n                <div class=\"col-sm-2\">\n                    <a class=\"btn btn-wire\" href=\"\/es\/casino\/bovada\/\">Revisa<\/a>\n\n                <\/div>\n                <div class=\"col-sm-3\">\n                    <a rel=\"nofollow\" target=\"_blank\" class=\"btn btn-blue\" href=\"\/goto\/goto\/\">Jugar\n                        Ahora<\/a>\n\t\t\t\t\t\t\n\n                <\/div>\n            <\/div>\n        <\/div>\n\n\n\n        \n                \n        <div class=\"ranking-table text-center\">\n            <div class=\"row flex ad-row\">\n                <div class=\"col-sm-3\">\n                    <div class=\"row flex\">\n\n                        <div class=\"col-sm-3\">\n                            <div class=\"ranking-number text-center\">\n\n                                2                                \n                            <\/div>\n                        <\/div>\n                        <div class=\"col-sm-9\">\n                            <img decoding=\"async\" src=\"https:\/\/www.blackjackinfo.com\/files\/ignition-casino-logo.png\" data-no-auto-translation=\"\">\n                        <\/div>\n                    <\/div>\n                <\/div>\n                <div class=\"col-sm-4\">\n                    <div class=\"bonus-text text-center\"><span class=\"red\">100% hasta $1.000<\/span><\/div>\n\t\t\t\t\t\n\n                <\/div>\n                <div class=\"col-sm-2\">\n                    <a class=\"btn btn-wire\" href=\"\/es\/casino\/ignition-casino\/\">Revisa<\/a>\n\n                <\/div>\n                <div class=\"col-sm-3\">\n                    <a rel=\"nofollow\" target=\"_blank\" class=\"btn btn-blue\" href=\"\/goto\/goto\/\">Jugar\n                        Ahora<\/a>\n\t\t\t\t\t\t\n\n                <\/div>\n            <\/div>\n        <\/div>\n\n\n\n        \n                \n        <div class=\"ranking-table text-center\">\n            <div class=\"row flex ad-row\">\n                <div class=\"col-sm-3\">\n                    <div class=\"row flex\">\n\n                        <div class=\"col-sm-3\">\n                            <div class=\"ranking-number text-center\">\n\n                                3                                \n                            <\/div>\n                        <\/div>\n                        <div class=\"col-sm-9\">\n                            <img decoding=\"async\" src=\"https:\/\/www.blackjackinfo.com\/files\/VipSlots-500x250_dark.svg\" data-no-auto-translation=\"\">\n                        <\/div>\n                    <\/div>\n                <\/div>\n                <div class=\"col-sm-4\">\n                    <div class=\"bonus-text text-center\"><span class=\"red\">100 GIROS GRATIS en Secret Life of Cats<\/span><\/div>\n\t\t\t\t\t\n\n                <\/div>\n                <div class=\"col-sm-2\">\n                    <a class=\"btn btn-wire\" href=\"\/es\/casino\/vipslots-casino\/\">Revisa<\/a>\n\n                <\/div>\n                <div class=\"col-sm-3\">\n                    <a rel=\"nofollow\" target=\"_blank\" class=\"btn btn-blue\" href=\"\/goto\/goto\/\">Jugar\n                        Ahora<\/a>\n\t\t\t\t\t\t\n\n                <\/div>\n            <\/div>\n        <\/div>\n\n\n\n        \n                \n        <div class=\"ranking-table text-center\">\n            <div class=\"row flex ad-row\">\n                <div class=\"col-sm-3\">\n                    <div class=\"row flex\">\n\n                        <div class=\"col-sm-3\">\n                            <div class=\"ranking-number text-center\">\n\n                                4                                \n                            <\/div>\n                        <\/div>\n                        <div class=\"col-sm-9\">\n                            <img decoding=\"async\" src=\"https:\/\/www.blackjackinfo.com\/files\/vegas_casino_online.png\" data-no-auto-translation=\"\">\n                        <\/div>\n                    <\/div>\n                <\/div>\n                <div class=\"col-sm-4\">\n                    <div class=\"bonus-text text-center\"><span class=\"red\">300% hasta $3.000<\/span><\/div>\n\t\t\t\t\t\n\n                <\/div>\n                <div class=\"col-sm-2\">\n                    <a class=\"btn btn-wire\" href=\"\/es\/casino\/vegas-casino-online-2\/\">Revisa<\/a>\n\n                <\/div>\n                <div class=\"col-sm-3\">\n                    <a rel=\"nofollow\" target=\"_blank\" class=\"btn btn-blue\" href=\"\/goto\/goto\/\">Jugar\n                        Ahora<\/a>\n\t\t\t\t\t\t\n\n                <\/div>\n            <\/div>\n        <\/div>\n\n\n\n        \n                \n        <div class=\"ranking-table text-center\">\n            <div class=\"row flex ad-row\">\n                <div class=\"col-sm-3\">\n                    <div class=\"row flex\">\n\n                        <div class=\"col-sm-3\">\n                            <div class=\"ranking-number text-center\">\n\n                                5                                \n                            <\/div>\n                        <\/div>\n                        <div class=\"col-sm-9\">\n                            <img decoding=\"async\" src=\"https:\/\/www.blackjackinfo.com\/files\/cafe-casino-logo.svg\" data-no-auto-translation=\"\">\n                        <\/div>\n                    <\/div>\n                <\/div>\n                <div class=\"col-sm-4\">\n                    <div class=\"bonus-text text-center\"><span class=\"red\">250% hasta $1.500<\/span><\/div>\n\t\t\t\t\t\n\n                <\/div>\n                <div class=\"col-sm-2\">\n                    <a class=\"btn btn-wire\" href=\"\/es\/casino\/cafe-casino\/\">Revisa<\/a>\n\n                <\/div>\n                <div class=\"col-sm-3\">\n                    <a rel=\"nofollow\" target=\"_blank\" class=\"btn btn-blue\" href=\"\/goto\/goto\/\">Jugar\n                        Ahora<\/a>\n\t\t\t\t\t\t\n\n                <\/div>\n            <\/div>\n        <\/div>\n\n\n\n            <\/div>\n<\/div><br \/>\n<b>A medida que aumente el recuento real, dividir\u00e1s m\u00e1s y a medida que disminuya, dividir\u00e1s menos.<\/b>  Una jugada que se justifica por un recuento alto es la divisi\u00f3n de 10s.  Por ejemplo, puede llegar un momento en el que merezca la pena dividir un par de cartas de cara contra un 6. Aconsejo a mis alumnos que eviten esa jugada, ya que provoca una reacci\u00f3n muy negativa por parte de los dem\u00e1s jugadores de la mesa.  En realidad, no me importa lo que piensen los dem\u00e1s de la mesa sobre mi juego, pero si el personal de sala se entera de lo que he hecho, su sospecha inicial puede ser que soy un contador.  Si me han visto jugar con una buena estrategia b\u00e1sica y de repente me sale una gran apuesta y hago algo como dividir 10s contra un 6, van a pensar que soy o muy est\u00fapido o muy listo.  Supongo que todo depende de la imagen que proyectes en el casino; si es la de un \"hombre salvaje\", adelante.  Pero si eres tranquilo, educado y no bebes, te aconsejo que no juegues.<\/p>\n<p><b>Todas las dem\u00e1s situaciones de divisi\u00f3n deben seguirse al pie de la letra; especialmente la de dividir 4s contra un 5 o 6 (si se permite DAS).<\/b>  La mayor\u00eda de la gente no tiene la parte de las parejas de la estrategia b\u00e1sica memorizada a la perfecci\u00f3n, por lo que no sabr\u00e1n lo que est\u00e1 bien o mal cuando lo hagas y la mayor\u00eda piensa que est\u00e1 mal dividir 4s.  No hay nada como hacer la jugada correcta y quedar como un tonto cuando la haces.<\/p>\n<p>Al repasar los n\u00fameros sobre la divisi\u00f3n de parejas, ver\u00e1s que algunos no coinciden con los publicados por Stanford Wong y otros autores.  Como ya he explicado antes, algunos han sido modificados a ra\u00edz del estudio de Friedman sobre el juego con aversi\u00f3n al riesgo, y creo que no te quitan ninguna ventaja, aunque s\u00ed reducen algo el riesgo.<\/p>\n<hr>\n<div class=\"bji-note\">\nNota del editor de BlackjackInfo.com:<\/p>\n<p>Hay ligeras diferencias en los n\u00fameros de \u00edndice del GameMaster publicados aqu\u00ed y los n\u00fameros optimizados en el<br \/>\nBlackjackInfo <a href=\"http:\/\/www.amazon.com\/dp\/0982119178\/?tag=theblackjacbasic\">Cartas de estrategia avanzada para Blackjack<\/a>.<\/p>\n<p>Estas diferencias suelen deberse al uso de c\u00e1lculos poco arriesgados por parte del GameMaster.  Mantengo que para la mayor\u00eda<br \/>\nde jugadores (que no est\u00e1n jugando cerca de la fracci\u00f3n Kelly m\u00e1xima de su bankroll), los \u00edndices rectos son preferibles a los \u00edndices<br \/>\nlos ajustados al riesgo. En cualquier caso, los \u00edndices aversos al riesgo difieren de los \u00edndices rectos, incluso en varios puntos,<br \/>\nlas decisiones son bastante parecidas y el efecto de elegir un estilo de \u00edndice sobre otro es m\u00ednimo.<\/p>\n<\/div>\n<hr>\n<div class=\"row\">\n<div class=\"col-sm-10 col-center\">\n<div class=\"overflow-scroll\">\n<table class=\"data-table\">\n<thead>\n<tr>\n<th colspan=\"3\">Variaciones de la estrategia b\u00e1sica:<br \/>\nSe permite doblar despu\u00e9s de dividir.<\/th>\n<\/tr>\n<\/thead>\n<tbody>\n<tr>\n<td>3,3 contra 2<\/td>\n<td>Golpe en 0 o inferior.<\/td>\n<td>(En lugar de dividir.)<\/td>\n<\/tr>\n<tr>\n<td>4,4 contra 5<\/td>\n<td>Golpea a -1 o menos.<\/td>\n<td>(En lugar de dividir.)<\/td>\n<\/tr>\n<tr>\n<td>4,4 vs. 6<\/td>\n<td>Golpea a -2 o menos.<\/td>\n<td>(En lugar de dividir.)<\/td>\n<\/tr>\n<tr>\n<td>6,6 contra 2<\/td>\n<td>Golpea a -1 o menos.<\/td>\n<td>(En lugar de dividir.)<\/td>\n<\/tr>\n<tr>\n<td>8,8 vs. 10<\/td>\n<td>Ponte a las 8.<\/td>\n<td>(Si la cuenta es muy alta, te paras en vez de golpear).<\/td>\n<\/tr>\n<tr>\n<td>9,9 contra 7<\/td>\n<td>Dividido a las 6.<\/td>\n<td>Se trata de un juego de \"aversi\u00f3n al riesgo\".<\/td>\n<\/tr>\n<\/tbody>\n<\/table>\n<\/div>\n<\/div>\n<\/div>","protected":false},"excerpt":{"rendered":"<p>Basic Strategy Variations: To Split or Not To Split The primary factor to consider when splitting pairs is whether or not your casino of choice allows doubling after splitting (DAS). If DAS is allowed, you must have the proper basic strategy memorized. I see players make a lot of errors in splitting pairs, primarily with [&hellip;]<\/p>\n","protected":false},"author":2,"featured_media":0,"parent":634,"menu_order":0,"comment_status":"open","ping_status":"open","template":"page-blackjack-school.php","meta":{"_acf_changed":false,"footnotes":""},"tags":[],"class_list":["post-748","page","type-page","status-publish","hentry"],"acf":[],"yoast_head":"<!-- This site is optimized with the Yoast SEO plugin v26.6 - https:\/\/yoast.com\/wordpress\/plugins\/seo\/ -->\n<title>Blackjack School \u1408 Lesson 16 - The Advanced Course - Part 4<\/title>\n<meta name=\"description\" content=\"Lesson 16 in the GameMaster&#039;s Free Blackjack School - Splitting strategy variations in blackjack.\" \/>\n<meta name=\"robots\" content=\"index, follow, max-snippet:-1, max-image-preview:large, max-video-preview:-1\" \/>\n<link rel=\"canonical\" href=\"https:\/\/www.blackjackinfo.com\/es\/escuela-de-blackjack\/leccion-16-curso-avanzado-parte-4\/\" \/>\n<meta property=\"og:locale\" content=\"es_ES\" \/>\n<meta property=\"og:type\" content=\"article\" \/>\n<meta property=\"og:title\" content=\"Blackjack School \u1408 Lesson 16 - The Advanced Course - Part 4\" \/>\n<meta property=\"og:description\" content=\"Lesson 16 in the GameMaster&#039;s Free Blackjack School - Splitting strategy variations in blackjack.\" \/>\n<meta property=\"og:url\" content=\"https:\/\/www.blackjackinfo.com\/es\/escuela-de-blackjack\/leccion-16-curso-avanzado-parte-4\/\" \/>\n<meta property=\"og:site_name\" content=\"BlackjackInfo.com\" \/>\n<meta property=\"article:modified_time\" content=\"2020-02-18T23:58:35+00:00\" \/>\n<meta name=\"twitter:label1\" content=\"Tiempo de lectura\" \/>\n\t<meta name=\"twitter:data1\" content=\"3 minutos\" \/>\n<script type=\"application\/ld+json\" class=\"yoast-schema-graph\">{\"@context\":\"https:\/\/schema.org\",\"@graph\":[{\"@type\":\"WebPage\",\"@id\":\"https:\/\/www.blackjackinfo.com\/blackjack-school\/lesson-16-advanced-course-part-4\/\",\"url\":\"https:\/\/www.blackjackinfo.com\/blackjack-school\/lesson-16-advanced-course-part-4\/\",\"name\":\"Blackjack School \u1408 Lesson 16 - The Advanced Course - Part 4\",\"isPartOf\":{\"@id\":\"https:\/\/www.blackjackinfo.com\/#website\"},\"datePublished\":\"2014-10-20T02:12:17+00:00\",\"dateModified\":\"2020-02-18T23:58:35+00:00\",\"description\":\"Lesson 16 in the GameMaster's Free Blackjack School - Splitting strategy variations in blackjack.\",\"breadcrumb\":{\"@id\":\"https:\/\/www.blackjackinfo.com\/blackjack-school\/lesson-16-advanced-course-part-4\/#breadcrumb\"},\"inLanguage\":\"es\",\"potentialAction\":[{\"@type\":\"ReadAction\",\"target\":[\"https:\/\/www.blackjackinfo.com\/blackjack-school\/lesson-16-advanced-course-part-4\/\"]}]},{\"@type\":\"BreadcrumbList\",\"@id\":\"https:\/\/www.blackjackinfo.com\/blackjack-school\/lesson-16-advanced-course-part-4\/#breadcrumb\",\"itemListElement\":[{\"@type\":\"ListItem\",\"position\":1,\"name\":\"Home\",\"item\":\"https:\/\/www.blackjackinfo.com\/\"},{\"@type\":\"ListItem\",\"position\":2,\"name\":\"Blackjack School &#8211; A Free 24-Lesson Class on Card Counting\",\"item\":\"https:\/\/www.blackjackinfo.com\/blackjack-school\/\"},{\"@type\":\"ListItem\",\"position\":3,\"name\":\"Lesson 16 &#8211; The Advanced Course &#8211; Part 4\"}]},{\"@type\":\"WebSite\",\"@id\":\"https:\/\/www.blackjackinfo.com\/#website\",\"url\":\"https:\/\/www.blackjackinfo.com\/\",\"name\":\"BlackjackInfo.com\",\"description\":\"Because Winning is More Fun!\",\"potentialAction\":[{\"@type\":\"SearchAction\",\"target\":{\"@type\":\"EntryPoint\",\"urlTemplate\":\"https:\/\/www.blackjackinfo.com\/?s={search_term_string}\"},\"query-input\":{\"@type\":\"PropertyValueSpecification\",\"valueRequired\":true,\"valueName\":\"search_term_string\"}}],\"inLanguage\":\"es\"}]}<\/script>\n<!-- \/ Yoast SEO plugin. -->","yoast_head_json":{"title":"Escuela de Blackjack \u1408 Lecci\u00f3n 16 - El curso avanzado - Parte 4","description":"Lecci\u00f3n 16 de la Escuela Gratuita de Blackjack del GameMaster - Variaciones de la estrategia de divisi\u00f3n en el blackjack.","robots":{"index":"index","follow":"follow","max-snippet":"max-snippet:-1","max-image-preview":"max-image-preview:large","max-video-preview":"max-video-preview:-1"},"canonical":"https:\/\/www.blackjackinfo.com\/es\/escuela-de-blackjack\/leccion-16-curso-avanzado-parte-4\/","og_locale":"es_ES","og_type":"article","og_title":"Blackjack School \u1408 Lesson 16 - The Advanced Course - Part 4","og_description":"Lesson 16 in the GameMaster's Free Blackjack School - Splitting strategy variations in blackjack.","og_url":"https:\/\/www.blackjackinfo.com\/es\/escuela-de-blackjack\/leccion-16-curso-avanzado-parte-4\/","og_site_name":"BlackjackInfo.com","article_modified_time":"2020-02-18T23:58:35+00:00","twitter_misc":{"Tiempo de lectura":"3 minutos"},"schema":{"@context":"https:\/\/schema.org","@graph":[{"@type":"WebPage","@id":"https:\/\/www.blackjackinfo.com\/blackjack-school\/lesson-16-advanced-course-part-4\/","url":"https:\/\/www.blackjackinfo.com\/blackjack-school\/lesson-16-advanced-course-part-4\/","name":"Escuela de Blackjack \u1408 Lecci\u00f3n 16 - El curso avanzado - Parte 4","isPartOf":{"@id":"https:\/\/www.blackjackinfo.com\/#website"},"datePublished":"2014-10-20T02:12:17+00:00","dateModified":"2020-02-18T23:58:35+00:00","description":"Lecci\u00f3n 16 de la Escuela Gratuita de Blackjack del GameMaster - Variaciones de la estrategia de divisi\u00f3n en el blackjack.","breadcrumb":{"@id":"https:\/\/www.blackjackinfo.com\/blackjack-school\/lesson-16-advanced-course-part-4\/#breadcrumb"},"inLanguage":"es","potentialAction":[{"@type":"ReadAction","target":["https:\/\/www.blackjackinfo.com\/blackjack-school\/lesson-16-advanced-course-part-4\/"]}]},{"@type":"BreadcrumbList","@id":"https:\/\/www.blackjackinfo.com\/blackjack-school\/lesson-16-advanced-course-part-4\/#breadcrumb","itemListElement":[{"@type":"ListItem","position":1,"name":"Home","item":"https:\/\/www.blackjackinfo.com\/"},{"@type":"ListItem","position":2,"name":"Blackjack School &#8211; A Free 24-Lesson Class on Card Counting","item":"https:\/\/www.blackjackinfo.com\/blackjack-school\/"},{"@type":"ListItem","position":3,"name":"Lesson 16 &#8211; The Advanced Course &#8211; Part 4"}]},{"@type":"WebSite","@id":"https:\/\/www.blackjackinfo.com\/#website","url":"https:\/\/www.blackjackinfo.com\/","name":"BlackjackInfo.com","description":"\u00a1Porque ganar es m\u00e1s divertido!","potentialAction":[{"@type":"SearchAction","target":{"@type":"EntryPoint","urlTemplate":"https:\/\/www.blackjackinfo.com\/?s={search_term_string}"},"query-input":{"@type":"PropertyValueSpecification","valueRequired":true,"valueName":"search_term_string"}}],"inLanguage":"es"}]}},"_links":{"self":[{"href":"https:\/\/www.blackjackinfo.com\/es\/wp-json\/wp\/v2\/pages\/748","targetHints":{"allow":["GET"]}}],"collection":[{"href":"https:\/\/www.blackjackinfo.com\/es\/wp-json\/wp\/v2\/pages"}],"about":[{"href":"https:\/\/www.blackjackinfo.com\/es\/wp-json\/wp\/v2\/types\/page"}],"author":[{"embeddable":true,"href":"https:\/\/www.blackjackinfo.com\/es\/wp-json\/wp\/v2\/users\/2"}],"replies":[{"embeddable":true,"href":"https:\/\/www.blackjackinfo.com\/es\/wp-json\/wp\/v2\/comments?post=748"}],"version-history":[{"count":12,"href":"https:\/\/www.blackjackinfo.com\/es\/wp-json\/wp\/v2\/pages\/748\/revisions"}],"predecessor-version":[{"id":5466,"href":"https:\/\/www.blackjackinfo.com\/es\/wp-json\/wp\/v2\/pages\/748\/revisions\/5466"}],"up":[{"embeddable":true,"href":"https:\/\/www.blackjackinfo.com\/es\/wp-json\/wp\/v2\/pages\/634"}],"wp:attachment":[{"href":"https:\/\/www.blackjackinfo.com\/es\/wp-json\/wp\/v2\/media?parent=748"}],"wp:term":[{"taxonomy":"post_tag","embeddable":true,"href":"https:\/\/www.blackjackinfo.com\/es\/wp-json\/wp\/v2\/tags?post=748"}],"curies":[{"name":"wp","href":"https:\/\/api.w.org\/{rel}","templated":true}]}}