{"id":750,"date":"2014-10-19T21:14:38","date_gmt":"2014-10-20T02:14:38","guid":{"rendered":"http:\/\/test.blackjackinfo.com\/?page_id=750"},"modified":"2019-04-09T00:38:15","modified_gmt":"2019-04-09T05:38:15","slug":"leccion-17-curso-avanzado-parte-5","status":"publish","type":"page","link":"https:\/\/www.blackjackinfo.com\/es\/blackjack-school\/lesson-17-advanced-course-part-5\/","title":{"rendered":"Lecci\u00f3n 17 - El Curso Avanzado - Parte 5"},"content":{"rendered":"<h3>Variaciones de la Estrategia B\u00e1sica:  Ponte a prueba<\/h3>\n<p class=\"intro\">\nAl colgar mis clases en Internet, s\u00e9 que llego a un p\u00fablico mucho mayor del que nunca llegu\u00e9 cuando impart\u00eda clases presenciales, pero echo de menos la posibilidad de ver c\u00f3mo os va a todos en el aprendizaje del material.  En mis clases \"presenciales\", siempre pon\u00eda a prueba a mis alumnos para medir su progreso y determinar as\u00ed la eficacia de mis m\u00e9todos de ense\u00f1anza.  Aqu\u00ed no podemos hacer eso, pero quiero que te pongas a prueba con los m\u00e9todos que voy a ense\u00f1arte, aunque s\u00f3lo sea por el hecho de que aumentar\u00e1 tu confianza cuando veas cu\u00e1nto sabes realmente.  Al igual que hicimos cuando aprendimos la estrategia b\u00e1sica adecuada, primero debes completar una copia del test directamente a partir del material que te ense\u00f1\u00e9, para tener una hoja de respuestas que te sirva para corregir los tests posteriores.<\/p>\n<p><b>Esta prueba s\u00f3lo te pide que \"rellenes los espacios en blanco\" con el n\u00famero \u00edndice correcto de -2 a +10.  Imprime tantas copias como quieras.<\/b><\/p>\n<div class=\"col-sm-10 col-center\">\n<div class=\"overflow-scroll\">\n<table class=\"data-table\">\n<tbody>\n<tr>\n<th colspan=\"11\">Matriz de Pr\u00e1cticas del Curso Avanzado<\/th>\n<\/tr>\n<tr>\n<th>Carta boca arriba del repartidor<\/th>\n<th>2<\/th>\n<th>3<\/th>\n<th>4<\/th>\n<th>5<\/th>\n<th>6<\/th>\n<th>7<\/th>\n<th>8<\/th>\n<th>9<\/th>\n<th>10<\/th>\n<th>A<\/th>\n<\/tr>\n<tr>\n<td>Mano del jugador A,2<\/td>\n<td>H<\/td>\n<td>H<\/td>\n<td>__<\/td>\n<td>__<\/td>\n<td>__<\/td>\n<td>H<\/td>\n<td>H<\/td>\n<td>H<\/td>\n<td>H<\/td>\n<td>H<\/td>\n<\/tr>\n<tr>\n<td>Mano del jugador A,3<\/td>\n<td>H<\/td>\n<td>H<\/td>\n<td>__<\/td>\n<td>__<\/td>\n<td>D<\/td>\n<td>H<\/td>\n<td>H<\/td>\n<td>H<\/td>\n<td>H<\/td>\n<td>H<\/td>\n<\/tr>\n<tr>\n<td>Mano del jugador A,4<\/td>\n<td>H<\/td>\n<td>H<\/td>\n<td>__<\/td>\n<td>D<\/td>\n<td>D<\/td>\n<td>H<\/td>\n<td>H<\/td>\n<td>H<\/td>\n<td>H<\/td>\n<td>H<\/td>\n<\/tr>\n<tr>\n<td>Mano del jugador A,5<\/td>\n<td>H<\/td>\n<td>H<\/td>\n<td>D<\/td>\n<td>D<\/td>\n<td>D<\/td>\n<td>H<\/td>\n<td>H<\/td>\n<td>H<\/td>\n<td>H<\/td>\n<td>H<\/td>\n<\/tr>\n<tr>\n<td>Mano del jugador A,6<\/td>\n<td>H<\/td>\n<td>D<\/td>\n<td>D<\/td>\n<td>D<\/td>\n<td>D<\/td>\n<td>H<\/td>\n<td>H<\/td>\n<td>H<\/td>\n<td>H<\/td>\n<td>H<\/td>\n<\/tr>\n<tr>\n<td>Mano del jugador A,7<\/td>\n<td>__<\/td>\n<td>D<\/td>\n<td>D<\/td>\n<td>D<\/td>\n<td>D<\/td>\n<td>S<\/td>\n<td>S<\/td>\n<td>H<\/td>\n<td>H<\/td>\n<td>__<\/td>\n<\/tr>\n<tr>\n<td>Mano del jugador A,8<\/td>\n<td>S<\/td>\n<td>S<\/td>\n<td>__<\/td>\n<td>__<\/td>\n<td>__<\/td>\n<td>S<\/td>\n<td>S<\/td>\n<td>S<\/td>\n<td>S<\/td>\n<td>S<\/td>\n<\/tr>\n<tr>\n<td>Mano del jugador A,9<\/td>\n<td>S<\/td>\n<td>S<\/td>\n<td>S<\/td>\n<td>__<\/td>\n<td>__<\/td>\n<td>S<\/td>\n<td>S<\/td>\n<td>S<\/td>\n<td>S<\/td>\n<td>S<\/td>\n<\/tr>\n<tr>\n<td>Mano del jugador 8<\/td>\n<td>H<\/td>\n<td>H<\/td>\n<td>H<\/td>\n<td>__<\/td>\n<td>__<\/td>\n<td>H<\/td>\n<td>H<\/td>\n<td>H<\/td>\n<td>H<\/td>\n<td>H<\/td>\n<\/tr>\n<tr>\n<td>Mano del jugador 9<\/td>\n<td>__<\/td>\n<td>__<\/td>\n<td>D<\/td>\n<td>D<\/td>\n<td>D<\/td>\n<td>__<\/td>\n<td>H<\/td>\n<td>H<\/td>\n<td>H<\/td>\n<td>H<\/td>\n<\/tr>\n<tr>\n<td>Mano del jugador 10<\/td>\n<td>D<\/td>\n<td>D<\/td>\n<td>D<\/td>\n<td>D<\/td>\n<td>D<\/td>\n<td>D<\/td>\n<td>D<\/td>\n<td>__<\/td>\n<td>H<\/td>\n<td>H<\/td>\n<\/tr>\n<tr>\n<td>Mano del jugador 11<\/td>\n<td>D<\/td>\n<td>D<\/td>\n<td>D<\/td>\n<td>D<\/td>\n<td>D<\/td>\n<td>D<\/td>\n<td>D<\/td>\n<td>D<\/td>\n<td>D<\/td>\n<td>__<\/td>\n<\/tr>\n<tr>\n<td>Mano del jugador 12<\/td>\n<td>__<\/td>\n<td>__<\/td>\n<td>__<\/td>\n<td>__<\/td>\n<td>S<\/td>\n<td>H<\/td>\n<td>H<\/td>\n<td>H<\/td>\n<td>H<\/td>\n<td>H<\/td>\n<\/tr>\n<tr>\n<td>Mano del jugador 13<\/td>\n<td>__<\/td>\n<td>S<\/td>\n<td>S<\/td>\n<td>S<\/td>\n<td>S<\/td>\n<td>H<\/td>\n<td>H<\/td>\n<td>H<\/td>\n<td>H<\/td>\n<td>H<\/td>\n<\/tr>\n<tr>\n<td>Mano del jugador 14<\/td>\n<td>S<\/td>\n<td>S<\/td>\n<td>S<\/td>\n<td>S<\/td>\n<td>S<\/td>\n<td>H<\/td>\n<td>H<\/td>\n<td>H<\/td>\n<td>H<\/td>\n<td>__<\/td>\n<\/tr>\n<tr>\n<td>Mano del jugador 15<\/td>\n<td>S<\/td>\n<td>S<\/td>\n<td>S<\/td>\n<td>S<\/td>\n<td>S<\/td>\n<td>__<\/td>\n<td>__<\/td>\n<td>__<\/td>\n<td>__<\/td>\n<td>__<\/td>\n<\/tr>\n<tr>\n<td>Mano del jugador 16<\/td>\n<td>S<\/td>\n<td>S<\/td>\n<td>S<\/td>\n<td>S<\/td>\n<td>S<\/td>\n<td>__<\/td>\n<td>__<\/td>\n<td>__<\/td>\n<td>__<\/td>\n<td>__<\/td>\n<\/tr>\n<tr>\n<td>Mano del jugador 17 o m\u00e1s<\/td>\n<td>S<\/td>\n<td>S<\/td>\n<td>S<\/td>\n<td>S<\/td>\n<td>S<\/td>\n<td>S<\/td>\n<td>S<\/td>\n<td>S<\/td>\n<td>S<\/td>\n<td>S<\/td>\n<\/tr>\n<tr>\n<td>Mano del jugador 2,2<\/td>\n<td>P<\/td>\n<td>P<\/td>\n<td>P<\/td>\n<td>P<\/td>\n<td>P<\/td>\n<td>P<\/td>\n<td>H<\/td>\n<td>H<\/td>\n<td>H<\/td>\n<td>H<\/td>\n<\/tr>\n<tr>\n<td>Mano del jugador 3,3<\/td>\n<td>__<\/td>\n<td>P<\/td>\n<td>P<\/td>\n<td>P<\/td>\n<td>P<\/td>\n<td>P<\/td>\n<td>H<\/td>\n<td>H<\/td>\n<td>H<\/td>\n<td>H<\/td>\n<\/tr>\n<tr>\n<td>Mano del jugador 4,4<\/td>\n<td>H<\/td>\n<td>H<\/td>\n<td>H<\/td>\n<td>__<\/td>\n<td>__<\/td>\n<td>H<\/td>\n<td>H<\/td>\n<td>H<\/td>\n<td>H<\/td>\n<td>H<\/td>\n<\/tr>\n<tr>\n<td>Mano del jugador 5,5<\/td>\n<td colspan=\"10\">NUNCA DIVIDIR; TRATAR COMO '10<\/td>\n<\/tr>\n<tr>\n<td>Mano del jugador 6,6<\/td>\n<td>__<\/td>\n<td>P<\/td>\n<td>P<\/td>\n<td>P<\/td>\n<td>P<\/td>\n<td>H<\/td>\n<td>H<\/td>\n<td>H<\/td>\n<td>H<\/td>\n<td>H<\/td>\n<\/tr>\n<tr>\n<td>Mano del jugador 7,7<\/td>\n<td>P<\/td>\n<td>P<\/td>\n<td>P<\/td>\n<td>P<\/td>\n<td>P<\/td>\n<td>P<\/td>\n<td>H<\/td>\n<td>H<\/td>\n<td>H<\/td>\n<td>H<\/td>\n<\/tr>\n<tr>\n<td>Mano del jugador 8,8<\/td>\n<td>P<\/td>\n<td>P<\/td>\n<td>P<\/td>\n<td>P<\/td>\n<td>P<\/td>\n<td>P<\/td>\n<td>P<\/td>\n<td>P<\/td>\n<td>__<\/td>\n<td>P<\/td>\n<\/tr>\n<tr>\n<td>Mano del jugador 9,9<\/td>\n<td>P<\/td>\n<td>P<\/td>\n<td>P<\/td>\n<td>P<\/td>\n<td>P<\/td>\n<td>__<\/td>\n<td>P<\/td>\n<td>P<\/td>\n<td>S<\/td>\n<td>__<\/td>\n<\/tr>\n<tr>\n<td>Mano del jugador 10,10<\/td>\n<td>S<\/td>\n<td>S<\/td>\n<td>S<\/td>\n<td>S<\/td>\n<td>S<\/td>\n<td>S<\/td>\n<td>S<\/td>\n<td>S<\/td>\n<td>S<\/td>\n<td>S<\/td>\n<\/tr>\n<tr>\n<td>Mano del jugador A,A<\/td>\n<td>P<\/td>\n<td>P<\/td>\n<td>P<\/td>\n<td>P<\/td>\n<td>P<\/td>\n<td>P<\/td>\n<td>P<\/td>\n<td>P<\/td>\n<td>P<\/td>\n<td>P<\/td>\n<\/tr>\n<\/tbody>\n<\/table>\n<\/div>\n<\/div>\n<p><b>ESTA MATRIZ SUPONE QUE SE PERMITE DUPLICAR DESPU\u00c9S DE DIVIDIR Y SUPONE TAMBI\u00c9N QUE NO SE OPTA POR DIVIDIR 10s.<\/b><\/p>\n<h3>Deberes<\/h3>\n<p>Empieza con esto e intenta hacer uno al d\u00eda durante las pr\u00f3ximas dos semanas.<\/p>\n<p>Nos vemos en la pr\u00f3xima lecci\u00f3n.<\/p>","protected":false},"excerpt":{"rendered":"<p>Basic Strategy Variations: Test Yourself By putting my classes up on the internet, I know I&#8217;m reaching a much larger audience than I ever had while teaching classes in person, but I do miss the ability to see how you all are doing in learning the material. In my &#8216;in-person&#8217; classes, I always tested my [&hellip;]<\/p>\n","protected":false},"author":2,"featured_media":0,"parent":634,"menu_order":0,"comment_status":"open","ping_status":"open","template":"page-blackjack-school.php","meta":{"_acf_changed":false,"footnotes":""},"tags":[],"class_list":["post-750","page","type-page","status-publish","hentry"],"acf":[],"yoast_head":"<!-- This site is optimized with the Yoast SEO plugin v26.6 - https:\/\/yoast.com\/wordpress\/plugins\/seo\/ -->\n<title>Blackjack School \u1408 Lesson 17 - The Advanced Course - Part 5<\/title>\n<meta name=\"description\" content=\"Lesson 17 in the GameMaster&#039;s Free Blackjack School - a quiz on basic strategy variations.\" \/>\n<meta name=\"robots\" content=\"index, follow, max-snippet:-1, max-image-preview:large, max-video-preview:-1\" \/>\n<link rel=\"canonical\" href=\"https:\/\/www.blackjackinfo.com\/es\/escuela-de-blackjack\/leccion-17-curso-avanzado-parte-5\/\" \/>\n<meta property=\"og:locale\" content=\"es_ES\" \/>\n<meta property=\"og:type\" content=\"article\" \/>\n<meta property=\"og:title\" content=\"Blackjack School \u1408 Lesson 17 - The Advanced Course - Part 5\" \/>\n<meta property=\"og:description\" content=\"Lesson 17 in the GameMaster&#039;s Free Blackjack School - a quiz on basic strategy variations.\" \/>\n<meta property=\"og:url\" content=\"https:\/\/www.blackjackinfo.com\/es\/escuela-de-blackjack\/leccion-17-curso-avanzado-parte-5\/\" \/>\n<meta property=\"og:site_name\" content=\"BlackjackInfo.com\" \/>\n<meta property=\"article:modified_time\" content=\"2019-04-09T05:38:15+00:00\" \/>\n<meta name=\"twitter:label1\" content=\"Tiempo de lectura\" \/>\n\t<meta name=\"twitter:data1\" content=\"3 minutos\" \/>\n<script type=\"application\/ld+json\" class=\"yoast-schema-graph\">{\"@context\":\"https:\/\/schema.org\",\"@graph\":[{\"@type\":\"WebPage\",\"@id\":\"https:\/\/www.blackjackinfo.com\/blackjack-school\/lesson-17-advanced-course-part-5\/\",\"url\":\"https:\/\/www.blackjackinfo.com\/blackjack-school\/lesson-17-advanced-course-part-5\/\",\"name\":\"Blackjack School \u1408 Lesson 17 - The Advanced Course - Part 5\",\"isPartOf\":{\"@id\":\"https:\/\/www.blackjackinfo.com\/#website\"},\"datePublished\":\"2014-10-20T02:14:38+00:00\",\"dateModified\":\"2019-04-09T05:38:15+00:00\",\"description\":\"Lesson 17 in the GameMaster's Free Blackjack School - a quiz on basic strategy variations.\",\"breadcrumb\":{\"@id\":\"https:\/\/www.blackjackinfo.com\/blackjack-school\/lesson-17-advanced-course-part-5\/#breadcrumb\"},\"inLanguage\":\"es\",\"potentialAction\":[{\"@type\":\"ReadAction\",\"target\":[\"https:\/\/www.blackjackinfo.com\/blackjack-school\/lesson-17-advanced-course-part-5\/\"]}]},{\"@type\":\"BreadcrumbList\",\"@id\":\"https:\/\/www.blackjackinfo.com\/blackjack-school\/lesson-17-advanced-course-part-5\/#breadcrumb\",\"itemListElement\":[{\"@type\":\"ListItem\",\"position\":1,\"name\":\"Home\",\"item\":\"https:\/\/www.blackjackinfo.com\/\"},{\"@type\":\"ListItem\",\"position\":2,\"name\":\"Blackjack School &#8211; A Free 24-Lesson Class on Card Counting\",\"item\":\"https:\/\/www.blackjackinfo.com\/blackjack-school\/\"},{\"@type\":\"ListItem\",\"position\":3,\"name\":\"Lesson 17 &#8211; The Advanced Course &#8211; Part 5\"}]},{\"@type\":\"WebSite\",\"@id\":\"https:\/\/www.blackjackinfo.com\/#website\",\"url\":\"https:\/\/www.blackjackinfo.com\/\",\"name\":\"BlackjackInfo.com\",\"description\":\"Because Winning is More Fun!\",\"potentialAction\":[{\"@type\":\"SearchAction\",\"target\":{\"@type\":\"EntryPoint\",\"urlTemplate\":\"https:\/\/www.blackjackinfo.com\/?s={search_term_string}\"},\"query-input\":{\"@type\":\"PropertyValueSpecification\",\"valueRequired\":true,\"valueName\":\"search_term_string\"}}],\"inLanguage\":\"es\"}]}<\/script>\n<!-- \/ Yoast SEO plugin. -->","yoast_head_json":{"title":"Escuela de Blackjack \u1408 Lecci\u00f3n 17 - El Curso Avanzado - Parte 5","description":"Lecci\u00f3n 17 de la Escuela Gratuita de Blackjack del GameMaster: un cuestionario sobre las variaciones b\u00e1sicas de estrategia.","robots":{"index":"index","follow":"follow","max-snippet":"max-snippet:-1","max-image-preview":"max-image-preview:large","max-video-preview":"max-video-preview:-1"},"canonical":"https:\/\/www.blackjackinfo.com\/es\/escuela-de-blackjack\/leccion-17-curso-avanzado-parte-5\/","og_locale":"es_ES","og_type":"article","og_title":"Blackjack School \u1408 Lesson 17 - The Advanced Course - Part 5","og_description":"Lesson 17 in the GameMaster's Free Blackjack School - a quiz on basic strategy variations.","og_url":"https:\/\/www.blackjackinfo.com\/es\/escuela-de-blackjack\/leccion-17-curso-avanzado-parte-5\/","og_site_name":"BlackjackInfo.com","article_modified_time":"2019-04-09T05:38:15+00:00","twitter_misc":{"Tiempo de lectura":"3 minutos"},"schema":{"@context":"https:\/\/schema.org","@graph":[{"@type":"WebPage","@id":"https:\/\/www.blackjackinfo.com\/blackjack-school\/lesson-17-advanced-course-part-5\/","url":"https:\/\/www.blackjackinfo.com\/blackjack-school\/lesson-17-advanced-course-part-5\/","name":"Escuela de Blackjack \u1408 Lecci\u00f3n 17 - El Curso Avanzado - Parte 5","isPartOf":{"@id":"https:\/\/www.blackjackinfo.com\/#website"},"datePublished":"2014-10-20T02:14:38+00:00","dateModified":"2019-04-09T05:38:15+00:00","description":"Lecci\u00f3n 17 de la Escuela Gratuita de Blackjack del GameMaster: un cuestionario sobre las variaciones b\u00e1sicas de estrategia.","breadcrumb":{"@id":"https:\/\/www.blackjackinfo.com\/blackjack-school\/lesson-17-advanced-course-part-5\/#breadcrumb"},"inLanguage":"es","potentialAction":[{"@type":"ReadAction","target":["https:\/\/www.blackjackinfo.com\/blackjack-school\/lesson-17-advanced-course-part-5\/"]}]},{"@type":"BreadcrumbList","@id":"https:\/\/www.blackjackinfo.com\/blackjack-school\/lesson-17-advanced-course-part-5\/#breadcrumb","itemListElement":[{"@type":"ListItem","position":1,"name":"Home","item":"https:\/\/www.blackjackinfo.com\/"},{"@type":"ListItem","position":2,"name":"Blackjack School &#8211; A Free 24-Lesson Class on Card Counting","item":"https:\/\/www.blackjackinfo.com\/blackjack-school\/"},{"@type":"ListItem","position":3,"name":"Lesson 17 &#8211; The Advanced Course &#8211; Part 5"}]},{"@type":"WebSite","@id":"https:\/\/www.blackjackinfo.com\/#website","url":"https:\/\/www.blackjackinfo.com\/","name":"BlackjackInfo.com","description":"\u00a1Porque ganar es m\u00e1s divertido!","potentialAction":[{"@type":"SearchAction","target":{"@type":"EntryPoint","urlTemplate":"https:\/\/www.blackjackinfo.com\/?s={search_term_string}"},"query-input":{"@type":"PropertyValueSpecification","valueRequired":true,"valueName":"search_term_string"}}],"inLanguage":"es"}]}},"_links":{"self":[{"href":"https:\/\/www.blackjackinfo.com\/es\/wp-json\/wp\/v2\/pages\/750","targetHints":{"allow":["GET"]}}],"collection":[{"href":"https:\/\/www.blackjackinfo.com\/es\/wp-json\/wp\/v2\/pages"}],"about":[{"href":"https:\/\/www.blackjackinfo.com\/es\/wp-json\/wp\/v2\/types\/page"}],"author":[{"embeddable":true,"href":"https:\/\/www.blackjackinfo.com\/es\/wp-json\/wp\/v2\/users\/2"}],"replies":[{"embeddable":true,"href":"https:\/\/www.blackjackinfo.com\/es\/wp-json\/wp\/v2\/comments?post=750"}],"version-history":[{"count":5,"href":"https:\/\/www.blackjackinfo.com\/es\/wp-json\/wp\/v2\/pages\/750\/revisions"}],"predecessor-version":[{"id":5315,"href":"https:\/\/www.blackjackinfo.com\/es\/wp-json\/wp\/v2\/pages\/750\/revisions\/5315"}],"up":[{"embeddable":true,"href":"https:\/\/www.blackjackinfo.com\/es\/wp-json\/wp\/v2\/pages\/634"}],"wp:attachment":[{"href":"https:\/\/www.blackjackinfo.com\/es\/wp-json\/wp\/v2\/media?parent=750"}],"wp:term":[{"taxonomy":"post_tag","embeddable":true,"href":"https:\/\/www.blackjackinfo.com\/es\/wp-json\/wp\/v2\/tags?post=750"}],"curies":[{"name":"wp","href":"https:\/\/api.w.org\/{rel}","templated":true}]}}