{"id":752,"date":"2014-10-19T21:16:40","date_gmt":"2014-10-20T02:16:40","guid":{"rendered":"http:\/\/test.blackjackinfo.com\/?page_id=752"},"modified":"2020-02-18T17:59:11","modified_gmt":"2020-02-18T23:59:11","slug":"leccion-18-blackjack-avanzado-de-una-sola-baraja-parte-1","status":"publish","type":"page","link":"https:\/\/www.blackjackinfo.com\/es\/blackjack-school\/lesson-18-advanced-single-deck-blackjack-part-1\/","title":{"rendered":"Lecci\u00f3n 18 - Blackjack avanzado de un solo mazo - Parte 1"},"content":{"rendered":"<p class=\"intro\">\nAunque gran parte del recuento de cartas es una ciencia -la ciencia de las matem\u00e1ticas-, todo adquiere algo de arte cuando se juega con un solo mazo.  <b>La conversi\u00f3n del recuento real es dif\u00edcil de hacer r\u00e1pidamente, los grandes m\u00e1rgenes de apuestas (m\u00e1s de 4 a 1) son dif\u00edciles de obtener y es dif\u00edcil mantener un recuento preciso en un juego que se reparte boca abajo cuando se est\u00e1 acostumbrado a contar cuando todas las cartas est\u00e1n boca arriba.<\/b>  A pesar de ello, te animo a que aprendas a jugar con una sola baraja y, en lugar de golpearte la cabeza contra los juegos de m\u00faltiples barajas de tu zona, ahorres tu dinero y hagas 2 \u00f3 3 viajes a Reno cada a\u00f1o.  No, no soy empleado de la C\u00e1mara de Comercio de Reno, pero puedo decirte que es un lugar estupendo para hacer $$$ en las mesas de Blackjack, es relativamente barato y normalmente muy f\u00e1cil de llegar desde todos los Estados Unidos.  Claro que sus reglas, en su mayor parte, son p\u00e9simas (s\u00f3lo se dobla con 10 y 11, no se dobla despu\u00e9s de dividir y el crupier tiene A-6) y eso da a los casinos la misma ventaja de 0,5% con la que est\u00e1s luchando ahora, pero s\u00f3lo hace falta una carta +1 para igualarte con la casa y \u00e9se es el verdadero atractivo del single-deck.  Debo mencionar que algunos casinos en Reno (as\u00ed como en Tahoe y Laughlin) permiten doblar en cualquiera de las dos primeras cartas, por lo que la ventaja del casino se reduce a unos 0,2% y es un juego muy batible.<\/p>\n<p><b>La clave para evaluar un buen juego con un solo mazo es cu\u00e1ntas cartas ver\u00e1 antes de barajar.<\/b>  Si puedes encontrar un juego con una penetraci\u00f3n de 60% y salirte con la tuya con un margen de apuestas de 5 a 1, es bastante f\u00e1cil obtener una tasa de ganancias a largo plazo de 1,5% de todo el dinero que apuestes, simplemente jugando con una estrategia b\u00e1sica y variando tus apuestas seg\u00fan el recuento.  Si adem\u00e1s modificas el juego de tu mano seg\u00fan el recuento real, es posible obtener una tasa de ganancias que se acerque a 2%.  Eso es mucho dinero para los aficionados al Blackjack, as\u00ed que el esfuerzo merece la pena.<br \/>\n<div class=\"row\" style=\"margin-bottom:20px\">\n    <div class=\"col-sm-12\">\n                <h2>Los mejores casinos online de EE.UU. <span\n                class=\"flag-icon flag-icon-us\"><\/span><\/h2>\n\n        \n                \n        <div class=\"ranking-table text-center\">\n            <div class=\"row flex ad-row\">\n                <div class=\"col-sm-3\">\n                    <div class=\"row flex\">\n\n                        <div class=\"col-sm-3\">\n                            <div class=\"ranking-number text-center\">\n\n                                1                                \n                            <\/div>\n                        <\/div>\n                        <div class=\"col-sm-9\">\n                            <img decoding=\"async\" src=\"https:\/\/www.blackjackinfo.com\/files\/bovada.png\" data-no-auto-translation=\"\">\n                        <\/div>\n                    <\/div>\n                <\/div>\n                <div class=\"col-sm-4\">\n                    <div class=\"bonus-text text-center\"><span class=\"red\">100% hasta $1.000<\/span><\/div>\n\t\t\t\t\t\n\n                <\/div>\n                <div class=\"col-sm-2\">\n                    <a class=\"btn btn-wire\" href=\"\/es\/casino\/bovada\/\">Revisa<\/a>\n\n                <\/div>\n                <div class=\"col-sm-3\">\n                    <a rel=\"nofollow\" target=\"_blank\" class=\"btn btn-blue\" href=\"\/goto\/goto\/\">Jugar\n                        Ahora<\/a>\n\t\t\t\t\t\t\n\n                <\/div>\n            <\/div>\n        <\/div>\n\n\n\n        \n                \n        <div class=\"ranking-table text-center\">\n            <div class=\"row flex ad-row\">\n                <div class=\"col-sm-3\">\n                    <div class=\"row flex\">\n\n                        <div class=\"col-sm-3\">\n                            <div class=\"ranking-number text-center\">\n\n                                2                                \n                            <\/div>\n                        <\/div>\n                        <div class=\"col-sm-9\">\n                            <img decoding=\"async\" src=\"https:\/\/www.blackjackinfo.com\/files\/ignition-casino-logo.png\" data-no-auto-translation=\"\">\n                        <\/div>\n                    <\/div>\n                <\/div>\n                <div class=\"col-sm-4\">\n                    <div class=\"bonus-text text-center\"><span class=\"red\">100% hasta $1.000<\/span><\/div>\n\t\t\t\t\t\n\n                <\/div>\n                <div class=\"col-sm-2\">\n                    <a class=\"btn btn-wire\" href=\"\/es\/casino\/ignition-casino\/\">Revisa<\/a>\n\n                <\/div>\n                <div class=\"col-sm-3\">\n                    <a rel=\"nofollow\" target=\"_blank\" class=\"btn btn-blue\" href=\"\/goto\/goto\/\">Jugar\n                        Ahora<\/a>\n\t\t\t\t\t\t\n\n                <\/div>\n            <\/div>\n        <\/div>\n\n\n\n        \n                \n        <div class=\"ranking-table text-center\">\n            <div class=\"row flex ad-row\">\n                <div class=\"col-sm-3\">\n                    <div class=\"row flex\">\n\n                        <div class=\"col-sm-3\">\n                            <div class=\"ranking-number text-center\">\n\n                                3                                \n                            <\/div>\n                        <\/div>\n                        <div class=\"col-sm-9\">\n                            <img decoding=\"async\" src=\"https:\/\/www.blackjackinfo.com\/files\/VipSlots-500x250_dark.svg\" data-no-auto-translation=\"\">\n                        <\/div>\n                    <\/div>\n                <\/div>\n                <div class=\"col-sm-4\">\n                    <div class=\"bonus-text text-center\"><span class=\"red\">100 GIROS GRATIS en Secret Life of Cats<\/span><\/div>\n\t\t\t\t\t\n\n                <\/div>\n                <div class=\"col-sm-2\">\n                    <a class=\"btn btn-wire\" href=\"\/es\/casino\/vipslots-casino\/\">Revisa<\/a>\n\n                <\/div>\n                <div class=\"col-sm-3\">\n                    <a rel=\"nofollow\" target=\"_blank\" class=\"btn btn-blue\" href=\"\/goto\/goto\/\">Jugar\n                        Ahora<\/a>\n\t\t\t\t\t\t\n\n                <\/div>\n            <\/div>\n        <\/div>\n\n\n\n        \n                \n        <div class=\"ranking-table text-center\">\n            <div class=\"row flex ad-row\">\n                <div class=\"col-sm-3\">\n                    <div class=\"row flex\">\n\n                        <div class=\"col-sm-3\">\n                            <div class=\"ranking-number text-center\">\n\n                                4                                \n                            <\/div>\n                        <\/div>\n                        <div class=\"col-sm-9\">\n                            <img decoding=\"async\" src=\"https:\/\/www.blackjackinfo.com\/files\/vegas_casino_online.png\" data-no-auto-translation=\"\">\n                        <\/div>\n                    <\/div>\n                <\/div>\n                <div class=\"col-sm-4\">\n                    <div class=\"bonus-text text-center\"><span class=\"red\">300% hasta $3.000<\/span><\/div>\n\t\t\t\t\t\n\n                <\/div>\n                <div class=\"col-sm-2\">\n                    <a class=\"btn btn-wire\" href=\"\/es\/casino\/vegas-casino-online-2\/\">Revisa<\/a>\n\n                <\/div>\n                <div class=\"col-sm-3\">\n                    <a rel=\"nofollow\" target=\"_blank\" class=\"btn btn-blue\" href=\"\/goto\/goto\/\">Jugar\n                        Ahora<\/a>\n\t\t\t\t\t\t\n\n                <\/div>\n            <\/div>\n        <\/div>\n\n\n\n        \n                \n        <div class=\"ranking-table text-center\">\n            <div class=\"row flex ad-row\">\n                <div class=\"col-sm-3\">\n                    <div class=\"row flex\">\n\n                        <div class=\"col-sm-3\">\n                            <div class=\"ranking-number text-center\">\n\n                                5                                \n                            <\/div>\n                        <\/div>\n                        <div class=\"col-sm-9\">\n                            <img decoding=\"async\" src=\"https:\/\/www.blackjackinfo.com\/files\/cafe-casino-logo.svg\" data-no-auto-translation=\"\">\n                        <\/div>\n                    <\/div>\n                <\/div>\n                <div class=\"col-sm-4\">\n                    <div class=\"bonus-text text-center\"><span class=\"red\">250% hasta $1.500<\/span><\/div>\n\t\t\t\t\t\n\n                <\/div>\n                <div class=\"col-sm-2\">\n                    <a class=\"btn btn-wire\" href=\"\/es\/casino\/cafe-casino\/\">Revisa<\/a>\n\n                <\/div>\n                <div class=\"col-sm-3\">\n                    <a rel=\"nofollow\" target=\"_blank\" class=\"btn btn-blue\" href=\"\/goto\/goto\/\">Jugar\n                        Ahora<\/a>\n\t\t\t\t\t\t\n\n                <\/div>\n            <\/div>\n        <\/div>\n\n\n\n            <\/div>\n<\/div><\/p>\n<h3>\u00bfQu\u00e9 sistema de recuento?<\/h3>\n<p><b>Utilizo dos sistemas diferentes para contar las cartas: el Hi\/Lo para el juego con varios mazos y el sistema 'Hi-Opt 1' para el juego con un solo mazo.<\/b>  Este \u00faltimo cuenta 3-6 como +1; 7,8,9 y as como 0 con 10s como -1.  Dado que s\u00f3lo hay cuatro ases para contabilizar en un juego de una sola baraja, creo que omitir el as en el recuento mejora el juego de la mano, aunque todav\u00eda puedo \"ajustar\" el recuento para las apuestas.  Hablemos de un recuento lateral de ases por un momento.  Esperamos ver un as por cuarto de mazo jugado en una distribuci\u00f3n normal, pero por supuesto eso no siempre ocurre.  Por ejemplo, si se ha jugado un cuarto de baraja y no ha salido ning\u00fan as, la baraja restante es \"rica\" en un as.  Puedo -a efectos de apuestas- a\u00f1adir temporalmente +1 al recuento, pero a efectos de juego el recuento real sin ajuste es correcto.  \u00bfEntiende el concepto?  Si se ha jugado un cuarto de baraja y han salido 2 ases, la baraja restante es \"pobre\" en un as, por lo que reducir\u00eda la cuenta en 1 (es decir, \"a\u00f1adir\u00eda\" un menos 1 a la cuenta) s\u00f3lo a efectos de apuestas, ya que mi oportunidad de recibir un natural ha disminuido.  Esta es una adici\u00f3n muy poderosa a su juego, pero mi consejo es utilizarla s\u00f3lo en el juego de un solo mazo porque un ajuste de as es muy agotador, mentalmente.<\/p>\n<p>Si quiere aprender la cuenta Hi-Opt, utilice las mismas t\u00e9cnicas que le mostr\u00e9 para aprender la cuenta Hi\/Lo.  Sin embargo, todas mis t\u00e9cnicas avanzadas se basar\u00e1n en el sistema Hi\/Lo, ya que parece ser el m\u00e9todo que la mayor\u00eda de ustedes utiliza.<\/p>\n<p><b>El aspecto m\u00e1s dif\u00edcil del juego con un solo mazo es calcular la cuenta real.<\/b>  Primero debe \"calibrar\" sus ojos para medir el n\u00famero de cartas que se han jugado.  Hoy en d\u00eda, la mayor\u00eda de los casinos hacen que el crupier coloque los descartes en un estante a un lado; a diferencia de los \"viejos\" tiempos, cuando los colocaban debajo, por lo que la estimaci\u00f3n de la baraja es m\u00e1s f\u00e1cil.  La parte realmente dif\u00edcil es la divisi\u00f3n que se requiere.  En un juego de varios mazos, casi siempre estamos dividiendo un n\u00famero entero (la cuenta corriente) por otro n\u00famero que es al menos 1. Hay que admitir que algunas personas tienen el problema de dividir 17 por 2,5 r\u00e1pidamente, pero no se tarda mucho en acostumbrarse.  En una sola baraja, siempre est\u00e1s dividiendo por una fracci\u00f3n o un decimal y eso no es f\u00e1cil.  Por ejemplo, si est\u00e1s en una partida de una sola baraja y se ha jugado un cuarto de baraja, con un recuento de 3, el recuento real es 3 dividido por 0,75 = 4. Este es un ejemplo f\u00e1cil.  En realidad es un ejemplo f\u00e1cil.  Intente dividir un recuento de 5 entre 0,5. La respuesta es, por supuesto, 10.  La respuesta es, por supuesto, 10, pero \u00bfcu\u00e1ntos de ustedes quer\u00edan decir 2,5 o 1?  S\u00f3lo la pr\u00e1ctica har\u00e1 que esto se convierta en un proceso autom\u00e1tico.<\/p>\n<h3>Deberes<\/h3>\n<p>Contin\u00fae aprendiendo los n\u00fameros de decisi\u00f3n para las variaciones de estrategia b\u00e1sica Hi\/Lo en los juegos de varias barajas.  Para los \"superdotados\", empiece a aprender la cuenta Hi-Opt 1.<\/p>","protected":false},"excerpt":{"rendered":"<p>While much of card-counting is a science &#8212; the science of mathematics &#8212; it all takes on something of an art form when playing at a single-deck game. True count conversion is difficult to do quickly, large bet spreads (over 4 to 1) are difficult to obtain and it&#8217;s hard to keep an accurate count [&hellip;]<\/p>\n","protected":false},"author":2,"featured_media":0,"parent":634,"menu_order":0,"comment_status":"open","ping_status":"open","template":"page-blackjack-school.php","meta":{"_acf_changed":false,"footnotes":""},"tags":[],"class_list":["post-752","page","type-page","status-publish","hentry"],"acf":[],"yoast_head":"<!-- This site is optimized with the Yoast SEO plugin v26.6 - https:\/\/yoast.com\/wordpress\/plugins\/seo\/ -->\n<title>Blackjack School \u1408 Lesson 18 - Advanced Single-Deck Blackjack - Part 1<\/title>\n<meta name=\"description\" content=\"Lesson 18 in the GameMaster&#039;s Free Blackjack School - Single deck blackjack.\" \/>\n<meta name=\"robots\" content=\"index, follow, max-snippet:-1, max-image-preview:large, max-video-preview:-1\" \/>\n<link rel=\"canonical\" href=\"https:\/\/www.blackjackinfo.com\/es\/escuela-de-blackjack\/leccion-18-blackjack-avanzado-de-una-sola-baraja-parte-1\/\" \/>\n<meta property=\"og:locale\" content=\"es_ES\" \/>\n<meta property=\"og:type\" content=\"article\" \/>\n<meta property=\"og:title\" content=\"Blackjack School \u1408 Lesson 18 - Advanced Single-Deck Blackjack - Part 1\" \/>\n<meta property=\"og:description\" content=\"Lesson 18 in the GameMaster&#039;s Free Blackjack School - Single deck blackjack.\" \/>\n<meta property=\"og:url\" content=\"https:\/\/www.blackjackinfo.com\/es\/escuela-de-blackjack\/leccion-18-blackjack-avanzado-de-una-sola-baraja-parte-1\/\" \/>\n<meta property=\"og:site_name\" content=\"BlackjackInfo.com\" \/>\n<meta property=\"article:modified_time\" content=\"2020-02-18T23:59:11+00:00\" \/>\n<meta name=\"twitter:label1\" content=\"Tiempo de lectura\" \/>\n\t<meta name=\"twitter:data1\" content=\"4 minutos\" \/>\n<script type=\"application\/ld+json\" class=\"yoast-schema-graph\">{\"@context\":\"https:\/\/schema.org\",\"@graph\":[{\"@type\":\"WebPage\",\"@id\":\"https:\/\/www.blackjackinfo.com\/blackjack-school\/lesson-18-advanced-single-deck-blackjack-part-1\/\",\"url\":\"https:\/\/www.blackjackinfo.com\/blackjack-school\/lesson-18-advanced-single-deck-blackjack-part-1\/\",\"name\":\"Blackjack School \u1408 Lesson 18 - Advanced Single-Deck Blackjack - Part 1\",\"isPartOf\":{\"@id\":\"https:\/\/www.blackjackinfo.com\/#website\"},\"datePublished\":\"2014-10-20T02:16:40+00:00\",\"dateModified\":\"2020-02-18T23:59:11+00:00\",\"description\":\"Lesson 18 in the GameMaster's Free Blackjack School - Single deck blackjack.\",\"breadcrumb\":{\"@id\":\"https:\/\/www.blackjackinfo.com\/blackjack-school\/lesson-18-advanced-single-deck-blackjack-part-1\/#breadcrumb\"},\"inLanguage\":\"es\",\"potentialAction\":[{\"@type\":\"ReadAction\",\"target\":[\"https:\/\/www.blackjackinfo.com\/blackjack-school\/lesson-18-advanced-single-deck-blackjack-part-1\/\"]}]},{\"@type\":\"BreadcrumbList\",\"@id\":\"https:\/\/www.blackjackinfo.com\/blackjack-school\/lesson-18-advanced-single-deck-blackjack-part-1\/#breadcrumb\",\"itemListElement\":[{\"@type\":\"ListItem\",\"position\":1,\"name\":\"Home\",\"item\":\"https:\/\/www.blackjackinfo.com\/\"},{\"@type\":\"ListItem\",\"position\":2,\"name\":\"Blackjack School &#8211; A Free 24-Lesson Class on Card Counting\",\"item\":\"https:\/\/www.blackjackinfo.com\/blackjack-school\/\"},{\"@type\":\"ListItem\",\"position\":3,\"name\":\"Lesson 18 &#8211; Advanced Single-Deck Blackjack &#8211; Part 1\"}]},{\"@type\":\"WebSite\",\"@id\":\"https:\/\/www.blackjackinfo.com\/#website\",\"url\":\"https:\/\/www.blackjackinfo.com\/\",\"name\":\"BlackjackInfo.com\",\"description\":\"Because Winning is More Fun!\",\"potentialAction\":[{\"@type\":\"SearchAction\",\"target\":{\"@type\":\"EntryPoint\",\"urlTemplate\":\"https:\/\/www.blackjackinfo.com\/?s={search_term_string}\"},\"query-input\":{\"@type\":\"PropertyValueSpecification\",\"valueRequired\":true,\"valueName\":\"search_term_string\"}}],\"inLanguage\":\"es\"}]}<\/script>\n<!-- \/ Yoast SEO plugin. -->","yoast_head_json":{"title":"Escuela de Blackjack \u1408 Lecci\u00f3n 18 - Blackjack avanzado de un solo mazo - Parte 1","description":"Lecci\u00f3n 18 de la Escuela Gratuita de Blackjack del GameMaster - Blackjack de una sola baraja.","robots":{"index":"index","follow":"follow","max-snippet":"max-snippet:-1","max-image-preview":"max-image-preview:large","max-video-preview":"max-video-preview:-1"},"canonical":"https:\/\/www.blackjackinfo.com\/es\/escuela-de-blackjack\/leccion-18-blackjack-avanzado-de-una-sola-baraja-parte-1\/","og_locale":"es_ES","og_type":"article","og_title":"Blackjack School \u1408 Lesson 18 - Advanced Single-Deck Blackjack - Part 1","og_description":"Lesson 18 in the GameMaster's Free Blackjack School - Single deck blackjack.","og_url":"https:\/\/www.blackjackinfo.com\/es\/escuela-de-blackjack\/leccion-18-blackjack-avanzado-de-una-sola-baraja-parte-1\/","og_site_name":"BlackjackInfo.com","article_modified_time":"2020-02-18T23:59:11+00:00","twitter_misc":{"Tiempo de lectura":"4 minutos"},"schema":{"@context":"https:\/\/schema.org","@graph":[{"@type":"WebPage","@id":"https:\/\/www.blackjackinfo.com\/blackjack-school\/lesson-18-advanced-single-deck-blackjack-part-1\/","url":"https:\/\/www.blackjackinfo.com\/blackjack-school\/lesson-18-advanced-single-deck-blackjack-part-1\/","name":"Escuela de Blackjack \u1408 Lecci\u00f3n 18 - Blackjack avanzado de un solo mazo - Parte 1","isPartOf":{"@id":"https:\/\/www.blackjackinfo.com\/#website"},"datePublished":"2014-10-20T02:16:40+00:00","dateModified":"2020-02-18T23:59:11+00:00","description":"Lecci\u00f3n 18 de la Escuela Gratuita de Blackjack del GameMaster - Blackjack de una sola baraja.","breadcrumb":{"@id":"https:\/\/www.blackjackinfo.com\/blackjack-school\/lesson-18-advanced-single-deck-blackjack-part-1\/#breadcrumb"},"inLanguage":"es","potentialAction":[{"@type":"ReadAction","target":["https:\/\/www.blackjackinfo.com\/blackjack-school\/lesson-18-advanced-single-deck-blackjack-part-1\/"]}]},{"@type":"BreadcrumbList","@id":"https:\/\/www.blackjackinfo.com\/blackjack-school\/lesson-18-advanced-single-deck-blackjack-part-1\/#breadcrumb","itemListElement":[{"@type":"ListItem","position":1,"name":"Home","item":"https:\/\/www.blackjackinfo.com\/"},{"@type":"ListItem","position":2,"name":"Blackjack School &#8211; A Free 24-Lesson Class on Card Counting","item":"https:\/\/www.blackjackinfo.com\/blackjack-school\/"},{"@type":"ListItem","position":3,"name":"Lesson 18 &#8211; Advanced Single-Deck Blackjack &#8211; Part 1"}]},{"@type":"WebSite","@id":"https:\/\/www.blackjackinfo.com\/#website","url":"https:\/\/www.blackjackinfo.com\/","name":"BlackjackInfo.com","description":"\u00a1Porque ganar es m\u00e1s divertido!","potentialAction":[{"@type":"SearchAction","target":{"@type":"EntryPoint","urlTemplate":"https:\/\/www.blackjackinfo.com\/?s={search_term_string}"},"query-input":{"@type":"PropertyValueSpecification","valueRequired":true,"valueName":"search_term_string"}}],"inLanguage":"es"}]}},"_links":{"self":[{"href":"https:\/\/www.blackjackinfo.com\/es\/wp-json\/wp\/v2\/pages\/752","targetHints":{"allow":["GET"]}}],"collection":[{"href":"https:\/\/www.blackjackinfo.com\/es\/wp-json\/wp\/v2\/pages"}],"about":[{"href":"https:\/\/www.blackjackinfo.com\/es\/wp-json\/wp\/v2\/types\/page"}],"author":[{"embeddable":true,"href":"https:\/\/www.blackjackinfo.com\/es\/wp-json\/wp\/v2\/users\/2"}],"replies":[{"embeddable":true,"href":"https:\/\/www.blackjackinfo.com\/es\/wp-json\/wp\/v2\/comments?post=752"}],"version-history":[{"count":2,"href":"https:\/\/www.blackjackinfo.com\/es\/wp-json\/wp\/v2\/pages\/752\/revisions"}],"predecessor-version":[{"id":5467,"href":"https:\/\/www.blackjackinfo.com\/es\/wp-json\/wp\/v2\/pages\/752\/revisions\/5467"}],"up":[{"embeddable":true,"href":"https:\/\/www.blackjackinfo.com\/es\/wp-json\/wp\/v2\/pages\/634"}],"wp:attachment":[{"href":"https:\/\/www.blackjackinfo.com\/es\/wp-json\/wp\/v2\/media?parent=752"}],"wp:term":[{"taxonomy":"post_tag","embeddable":true,"href":"https:\/\/www.blackjackinfo.com\/es\/wp-json\/wp\/v2\/tags?post=752"}],"curies":[{"name":"wp","href":"https:\/\/api.w.org\/{rel}","templated":true}]}}