{"id":765,"date":"2014-10-20T14:54:21","date_gmt":"2014-10-20T19:54:21","guid":{"rendered":"http:\/\/test.blackjackinfo.com\/?page_id=765"},"modified":"2020-02-18T18:00:12","modified_gmt":"2020-02-19T00:00:12","slug":"leccion-21-vencer-el-juego-de-la-baraja-doble-parte-1","status":"publish","type":"page","link":"https:\/\/www.blackjackinfo.com\/es\/blackjack-school\/lesson-21-beating-the-double-deck-game-part-1\/","title":{"rendered":"Lecci\u00f3n 21 - Vencer el juego de doble baraja - Parte 1"},"content":{"rendered":"<p class=\"intro\">\n<b>A primera vista, parecer\u00eda l\u00f3gico que un jugador inteligente fuera mejor en un juego que utiliza menos barajas, pero no siempre es as\u00ed cuando se comparan los juegos de dos barajas con los de seis.<\/b>  Entran en juego muchas variables, entre las que destacan las reglas de los juegos, el tama\u00f1o m\u00ednimo de apuesta requerido y la cantidad de escrutinio que reciben los juegos por parte del personal supervisor del casino.  Si no cuenta cartas, es muy probable que le convenga evitar los juegos de dos barajas.  S\u00e9 que a algunos de ustedes les puede sorprender este comentario, pero lo hago bas\u00e1ndome en el hecho de que muchos casinos tienen reglas menos liberales en sus juegos de doble baraja, aunque exigen apuestas m\u00ednimas m\u00e1s altas.  Como resultado, la ventaja global del casino puede ser similar a la de su juego de seis mazos, pero usted tendr\u00e1 que apostar m\u00e1s en cada mano por el privilegio de jugar.  Dado que un no contador no puede obtener una ventaja a largo plazo sobre el casino, usted simplemente apostar\u00e1 m\u00e1s de forma constante y el casino acabar\u00e1 obteniendo su $$$.<\/p>\n<p>No me malinterpreten; <b>si las reglas son las mismas, un juego que utilice dos barajas tendr\u00e1 una ventaja de casino menor que uno que utilice seis barajas, aunque las estrategias sean casi id\u00e9nticas.<\/b>  Si las apuestas m\u00ednimas son las mismas (o al menos est\u00e1n dentro de su nivel de comodidad), entonces opte por la de 2 pisos.  Este es un punto clave, por cierto.  La Estrategia B\u00e1sica adecuada para un juego de dos mazos se parece mucho a la de un juego de cuatro o seis mazos, mucho m\u00e1s que la de un juego de un solo mazo.  Las pocas diferencias entre una partida de dos y seis mazos con las mismas reglas (el crupier acierta o se planta con un 17 blando, se permite doblar despu\u00e9s de dividir, etc.) radican principalmente en dividir parejas y, dado que las parejas son las manos m\u00e1s raras que se pueden conseguir, el impacto es insignificante.  Puede que me equivoque, as\u00ed que compru\u00e9belo, pero creo que el \u00fanico cambio es dividir una pareja de 7 contra un 8 del crupier en una partida de dos mazos.  En una de seis mazos, eso no se hace.  No es una mano que vayas a ver todos los d\u00edas.<\/p>\n<div class=\"bji-note\">\n<b>Nota del editor de BlackjackInfo.com:<\/b><br \/>\nDe hecho, s\u00f3lo hay un pu\u00f1ado de cambios en la estrategia entre el juego de 6 mazos y el de 2 mazos.  En un juego S17 de 2 mazos: Dividir 77v8, Dividir 66v7, y Doble 9v2.  Si el juego es H17, tambi\u00e9n doble A3v4.<\/div>\n<p><b>Lo que quiero decir es que puedes ir y venir entre juegos DD y 6D y no preocuparte de que est\u00e9s jugando de forma inadecuada, pero la gran pregunta es si deber\u00edas hacerlo o no.<\/b>  Ya hemos tratado la situaci\u00f3n de los que no cuentan, as\u00ed que centr\u00e9monos en los que s\u00ed lo hacen.  Incluso en esta situaci\u00f3n, el juego de dos mazos no es necesariamente la mejor opci\u00f3n, y te mostrar\u00e9 por qu\u00e9 a medida que avancemos.<\/p>\n<p><b>Por alguna raz\u00f3n, muchos casinos tratan sus juegos de dos pisos como juegos \"premium\",<\/b> por lo que tienen apuestas m\u00ednimas m\u00e1s altas, pueden tener reglas menos liberales, una penetraci\u00f3n menos favorable y suelen estar m\u00e1s vigilados por los \"pit critters\", como los llamamos cari\u00f1osamente aqu\u00ed.   Algunos casinos parecen pensar que los contadores acuden en masa a sus juegos DD y se llevan fichas a montones, pero no es necesariamente as\u00ed.  S\u00e9 de algunos juegos que son muy f\u00e1ciles de ganar, pero son pocos y distantes entre s\u00ed.  <b>La realidad es que vencer al doble piso requiere un esfuerzo adicional y un juego agudo por parte del contador. <\/b> Pero viniste aqu\u00ed en busca de respuestas y las tengo.<\/p>\n<p><b>La principal ventaja de jugar con dos barajas es la volatilidad del recuento.<\/b>  A diferencia de un juego de 4 o 6 mazos, el recuento corriente, que se convierte en el Recuento Verdadero (recuento por mazo restante) en un juego DD puede subir o bajar r\u00e1pidamente, pero se va casi igual de r\u00e1pido, debido al barajado.  Eso es obviamente bueno cuando el recuento es negativo, pero nada divertido cuando el recuento \"sube\".  Las cosas suceden r\u00e1pidamente en un juego DD y el contador sabio toma ventaja, pero requiere buenas habilidades en la conversi\u00f3n a la Cuenta Verdadera y casi necesita cierta habilidad para anticipar lo que va a suceder, recordando que nunca hacemos conjeturas al contar.<br \/>\n<div class=\"row\" style=\"margin-bottom:20px\">\n    <div class=\"col-sm-12\">\n                <h2>Los mejores casinos online de EE.UU. <span\n                class=\"flag-icon flag-icon-us\"><\/span><\/h2>\n\n        \n                \n        <div class=\"ranking-table text-center\">\n            <div class=\"row flex ad-row\">\n                <div class=\"col-sm-3\">\n                    <div class=\"row flex\">\n\n                        <div class=\"col-sm-3\">\n                            <div class=\"ranking-number text-center\">\n\n                                1                                \n                            <\/div>\n                        <\/div>\n                        <div class=\"col-sm-9\">\n                            <img decoding=\"async\" src=\"https:\/\/www.blackjackinfo.com\/files\/bovada.png\" data-no-auto-translation=\"\">\n                        <\/div>\n                    <\/div>\n                <\/div>\n                <div class=\"col-sm-4\">\n                    <div class=\"bonus-text text-center\"><span class=\"red\">100% hasta $1.000<\/span><\/div>\n\t\t\t\t\t\n\n                <\/div>\n                <div class=\"col-sm-2\">\n                    <a class=\"btn btn-wire\" href=\"\/es\/casino\/bovada\/\">Revisa<\/a>\n\n                <\/div>\n                <div class=\"col-sm-3\">\n                    <a rel=\"nofollow\" target=\"_blank\" class=\"btn btn-blue\" href=\"\/goto\/goto\/\">Jugar\n                        Ahora<\/a>\n\t\t\t\t\t\t\n\n                <\/div>\n            <\/div>\n        <\/div>\n\n\n\n        \n                \n        <div class=\"ranking-table text-center\">\n            <div class=\"row flex ad-row\">\n                <div class=\"col-sm-3\">\n                    <div class=\"row flex\">\n\n                        <div class=\"col-sm-3\">\n                            <div class=\"ranking-number text-center\">\n\n                                2                                \n                            <\/div>\n                        <\/div>\n                        <div class=\"col-sm-9\">\n                            <img decoding=\"async\" src=\"https:\/\/www.blackjackinfo.com\/files\/ignition-casino-logo.png\" data-no-auto-translation=\"\">\n                        <\/div>\n                    <\/div>\n                <\/div>\n                <div class=\"col-sm-4\">\n                    <div class=\"bonus-text text-center\"><span class=\"red\">100% hasta $1.000<\/span><\/div>\n\t\t\t\t\t\n\n                <\/div>\n                <div class=\"col-sm-2\">\n                    <a class=\"btn btn-wire\" href=\"\/es\/casino\/ignition-casino\/\">Revisa<\/a>\n\n                <\/div>\n                <div class=\"col-sm-3\">\n                    <a rel=\"nofollow\" target=\"_blank\" class=\"btn btn-blue\" href=\"\/goto\/goto\/\">Jugar\n                        Ahora<\/a>\n\t\t\t\t\t\t\n\n                <\/div>\n            <\/div>\n        <\/div>\n\n\n\n        \n                \n        <div class=\"ranking-table text-center\">\n            <div class=\"row flex ad-row\">\n                <div class=\"col-sm-3\">\n                    <div class=\"row flex\">\n\n                        <div class=\"col-sm-3\">\n                            <div class=\"ranking-number text-center\">\n\n                                3                                \n                            <\/div>\n                        <\/div>\n                        <div class=\"col-sm-9\">\n                            <img decoding=\"async\" src=\"https:\/\/www.blackjackinfo.com\/files\/VipSlots-500x250_dark.svg\" data-no-auto-translation=\"\">\n                        <\/div>\n                    <\/div>\n                <\/div>\n                <div class=\"col-sm-4\">\n                    <div class=\"bonus-text text-center\"><span class=\"red\">100 GIROS GRATIS en Secret Life of Cats<\/span><\/div>\n\t\t\t\t\t\n\n                <\/div>\n                <div class=\"col-sm-2\">\n                    <a class=\"btn btn-wire\" href=\"\/es\/casino\/vipslots-casino\/\">Revisa<\/a>\n\n                <\/div>\n                <div class=\"col-sm-3\">\n                    <a rel=\"nofollow\" target=\"_blank\" class=\"btn btn-blue\" href=\"\/goto\/goto\/\">Jugar\n                        Ahora<\/a>\n\t\t\t\t\t\t\n\n                <\/div>\n            <\/div>\n        <\/div>\n\n\n\n        \n                \n        <div class=\"ranking-table text-center\">\n            <div class=\"row flex ad-row\">\n                <div class=\"col-sm-3\">\n                    <div class=\"row flex\">\n\n                        <div class=\"col-sm-3\">\n                            <div class=\"ranking-number text-center\">\n\n                                4                                \n                            <\/div>\n                        <\/div>\n                        <div class=\"col-sm-9\">\n                            <img decoding=\"async\" src=\"https:\/\/www.blackjackinfo.com\/files\/vegas_casino_online.png\" data-no-auto-translation=\"\">\n                        <\/div>\n                    <\/div>\n                <\/div>\n                <div class=\"col-sm-4\">\n                    <div class=\"bonus-text text-center\"><span class=\"red\">300% hasta $3.000<\/span><\/div>\n\t\t\t\t\t\n\n                <\/div>\n                <div class=\"col-sm-2\">\n                    <a class=\"btn btn-wire\" href=\"\/es\/casino\/vegas-casino-online-2\/\">Revisa<\/a>\n\n                <\/div>\n                <div class=\"col-sm-3\">\n                    <a rel=\"nofollow\" target=\"_blank\" class=\"btn btn-blue\" href=\"\/goto\/goto\/\">Jugar\n                        Ahora<\/a>\n\t\t\t\t\t\t\n\n                <\/div>\n            <\/div>\n        <\/div>\n\n\n\n        \n                \n        <div class=\"ranking-table text-center\">\n            <div class=\"row flex ad-row\">\n                <div class=\"col-sm-3\">\n                    <div class=\"row flex\">\n\n                        <div class=\"col-sm-3\">\n                            <div class=\"ranking-number text-center\">\n\n                                5                                \n                            <\/div>\n                        <\/div>\n                        <div class=\"col-sm-9\">\n                            <img decoding=\"async\" src=\"https:\/\/www.blackjackinfo.com\/files\/cafe-casino-logo.svg\" data-no-auto-translation=\"\">\n                        <\/div>\n                    <\/div>\n                <\/div>\n                <div class=\"col-sm-4\">\n                    <div class=\"bonus-text text-center\"><span class=\"red\">250% hasta $1.500<\/span><\/div>\n\t\t\t\t\t\n\n                <\/div>\n                <div class=\"col-sm-2\">\n                    <a class=\"btn btn-wire\" href=\"\/es\/casino\/cafe-casino\/\">Revisa<\/a>\n\n                <\/div>\n                <div class=\"col-sm-3\">\n                    <a rel=\"nofollow\" target=\"_blank\" class=\"btn btn-blue\" href=\"\/goto\/goto\/\">Jugar\n                        Ahora<\/a>\n\t\t\t\t\t\t\n\n                <\/div>\n            <\/div>\n        <\/div>\n\n\n\n            <\/div>\n<\/div><\/p>\n<h3>La Clave: Penetraci\u00f3n<\/h3>\n<p><b>Dado que un juego DD utiliza s\u00f3lo 104 cartas, frente a las 312 de un juego 6D, s\u00f3lo unas pocas cartas extra de penetraci\u00f3n pueden marcar una gran diferencia en lo bien que te puede ir en el juego. <\/b> En mis lecciones de la Escuela de Blackjack, te digo que est\u00e1s perdiendo el tiempo si juegas en una partida de 6 mazos en la que se reparten menos de 65% de las cartas antes de barajar.  <b>En una situaci\u00f3n DD, una penetraci\u00f3n de 65% es muy aceptable, 75% es fant\u00e1stica y 80% o m\u00e1s es fenomenal.<\/b>  Lo m\u00e1s probable es que encuentres una penetraci\u00f3n en el rango 50%.  \u00a1S\u00ed, juntan dos cubiertas y luego usan s\u00f3lo una de ellas!  Odio cuando pasa eso.<\/p>\n<p><b>Pero la penetraci\u00f3n es realmente importante, as\u00ed que es algo con lo que tienes que familiarizarte.<\/b>  Si juegas una partida DD en la que el crupier saca A-6, puedes doblar en cualquiera de las dos primeras cartas, doblar despu\u00e9s de dividir, etc. y utilizas una \"dispersi\u00f3n\" de apuestas 1-8 (lo explicar\u00e9 m\u00e1s adelante) y el casino reparte s\u00f3lo 50% de las cartas, tu ventaja a largo plazo, seg\u00fan determinaron las simulaciones que realic\u00e9 en Statistical Blackjack Analyzer, ser\u00e1 de aproximadamente 0,64%.  Si la penetraci\u00f3n aumenta a 60%, la ventaja del jugador sube a 0,95% y con una penetraci\u00f3n de 75% es de 1,47%.  No est\u00e1 nada mal.<\/p>\n<p><b>Recapitulemos<\/b> para que se quede contigo:<\/p>\n<div class=\"col-sm-6 col-center\">\n<table class=\"data-table text-center\">\n<tbody>\n<tr>\n<th colspan=\"2\">Impacto de la penetraci\u00f3n en un juego de dos barajas<\/th>\n<\/tr>\n<tr>\n<td>Porcentaje de penetraci\u00f3n<\/td>\n<td>Ventaja te\u00f3rica del jugador<\/td>\n<\/tr>\n<tr>\n<td>50%<\/td>\n<td>0.64%<\/td>\n<\/tr>\n<tr>\n<td>60%<\/td>\n<td>0.95%<\/td>\n<\/tr>\n<tr>\n<td>66%<\/td>\n<td>1.14%<\/td>\n<\/tr>\n<tr>\n<td>75%<\/td>\n<td>1.47%<\/td>\n<\/tr>\n<\/tbody>\n<\/table>\n<\/div>\n<p>Un \"truco\" que destaco en mis clases es abandonar la mesa cuando el recuento real baja a -1 o menos, si es posible.  Eso puede ser bastante f\u00e1cil de hacer en partidas de 6 mazos y no tanto en partidas DD. <b> Por lo tanto, tienes que aceptar bastante bien el hecho de que vas a jugar en todos los recuentos, lo que hace que el factor de penetraci\u00f3n sea a\u00fan m\u00e1s importante.<\/b>  A esto lo llamamos \"jugar todo\" y las cifras anteriores se calcularon en esas condiciones.  Por cierto, hay que recordar que el software de simulaci\u00f3n juega al Blackjack a la perfecci\u00f3n y nosotros, los humanos, no.  Por eso utilizo el t\u00e9rmino ventaja del jugador \"te\u00f3rica\", que es lo mejor que se puede obtener, pero que es 10% menos para la realidad.<\/p>\n<h3>Primeros pasos<\/h3>\n<p>Si nunca has jugado a juegos DD como contador, primero tienes que hacer una planificaci\u00f3n b\u00e1sica.  Aunque no son un mundo aparte de los juegos 6D, aqu\u00ed hay algunas diferencias a tener en cuenta:<\/p>\n<ul>\n<li>En muchos juegos DD, aunque no en todos, las cartas se reparten boca abajo, lo que obliga a contarlas de otra manera.<\/li>\n<li>Como ser\u00e1 dif\u00edcil abandonar la mesa cuando baje la cuenta, tendr\u00e1 que aprender m\u00e1s variantes \"negativas\" de la Estrategia B\u00e1sica.<\/li>\n<li>Muchos juegos DD requieren que el crupier golpee 17 suave (voy a suponer que a lo largo de esta serie), por lo que hay algunos cambios de estrategia b\u00e1sica necesarios.  Puedes conseguirlos en www.blackjackinfo.com<\/li>\n<li>Dado que la penetraci\u00f3n es un factor tan crucial, lo primero que debes hacer es comprobar tu juego local para ver si merece la pena.  Verifica las reglas mientras est\u00e1s all\u00ed.<\/li>\n<\/ul>\n<p>As\u00ed que empieza a hacer tus deberes sobre esto y volver\u00e9 la pr\u00f3xima vez con un plan sobre c\u00f3mo apostar en este juego.<\/p>","protected":false},"excerpt":{"rendered":"<p>At first glance, it would seem only logical that a smart player will do better at a game that uses fewer decks, but that&#8217;s not always the case when you compare double-deck games with six-deck games. A lot of variables come into play, not the least of which are the rules of the games, the [&hellip;]<\/p>\n","protected":false},"author":2,"featured_media":0,"parent":634,"menu_order":0,"comment_status":"open","ping_status":"open","template":"page-blackjack-school.php","meta":{"_acf_changed":false,"footnotes":""},"tags":[],"class_list":["post-765","page","type-page","status-publish","hentry"],"acf":[],"yoast_head":"<!-- This site is optimized with the Yoast SEO plugin v26.6 - https:\/\/yoast.com\/wordpress\/plugins\/seo\/ -->\n<title>Blackjack School \u1408 Lesson 21 - Beating the Double-Deck Game - Part 1<\/title>\n<meta name=\"description\" content=\"Lesson 21 in the GameMaster&#039;s Free Blackjack School - Attacking the Double-Deck Game.\" \/>\n<meta name=\"robots\" content=\"index, follow, max-snippet:-1, max-image-preview:large, max-video-preview:-1\" \/>\n<link rel=\"canonical\" href=\"https:\/\/www.blackjackinfo.com\/es\/escuela-de-blackjack\/leccion-21-vencer-el-juego-de-la-baraja-doble-parte-1\/\" \/>\n<meta property=\"og:locale\" content=\"es_ES\" \/>\n<meta property=\"og:type\" content=\"article\" \/>\n<meta property=\"og:title\" content=\"Blackjack School \u1408 Lesson 21 - Beating the Double-Deck Game - Part 1\" \/>\n<meta property=\"og:description\" content=\"Lesson 21 in the GameMaster&#039;s Free Blackjack School - Attacking the Double-Deck Game.\" \/>\n<meta property=\"og:url\" content=\"https:\/\/www.blackjackinfo.com\/es\/escuela-de-blackjack\/leccion-21-vencer-el-juego-de-la-baraja-doble-parte-1\/\" \/>\n<meta property=\"og:site_name\" content=\"BlackjackInfo.com\" \/>\n<meta property=\"article:modified_time\" content=\"2020-02-19T00:00:12+00:00\" \/>\n<meta name=\"twitter:label1\" content=\"Tiempo de lectura\" \/>\n\t<meta name=\"twitter:data1\" content=\"6 minutos\" \/>\n<script type=\"application\/ld+json\" class=\"yoast-schema-graph\">{\"@context\":\"https:\/\/schema.org\",\"@graph\":[{\"@type\":\"WebPage\",\"@id\":\"https:\/\/www.blackjackinfo.com\/blackjack-school\/lesson-21-beating-the-double-deck-game-part-1\/\",\"url\":\"https:\/\/www.blackjackinfo.com\/blackjack-school\/lesson-21-beating-the-double-deck-game-part-1\/\",\"name\":\"Blackjack School \u1408 Lesson 21 - Beating the Double-Deck Game - Part 1\",\"isPartOf\":{\"@id\":\"https:\/\/www.blackjackinfo.com\/#website\"},\"datePublished\":\"2014-10-20T19:54:21+00:00\",\"dateModified\":\"2020-02-19T00:00:12+00:00\",\"description\":\"Lesson 21 in the GameMaster's Free Blackjack School - Attacking the Double-Deck Game.\",\"breadcrumb\":{\"@id\":\"https:\/\/www.blackjackinfo.com\/blackjack-school\/lesson-21-beating-the-double-deck-game-part-1\/#breadcrumb\"},\"inLanguage\":\"es\",\"potentialAction\":[{\"@type\":\"ReadAction\",\"target\":[\"https:\/\/www.blackjackinfo.com\/blackjack-school\/lesson-21-beating-the-double-deck-game-part-1\/\"]}]},{\"@type\":\"BreadcrumbList\",\"@id\":\"https:\/\/www.blackjackinfo.com\/blackjack-school\/lesson-21-beating-the-double-deck-game-part-1\/#breadcrumb\",\"itemListElement\":[{\"@type\":\"ListItem\",\"position\":1,\"name\":\"Home\",\"item\":\"https:\/\/www.blackjackinfo.com\/\"},{\"@type\":\"ListItem\",\"position\":2,\"name\":\"Blackjack School &#8211; A Free 24-Lesson Class on Card Counting\",\"item\":\"https:\/\/www.blackjackinfo.com\/blackjack-school\/\"},{\"@type\":\"ListItem\",\"position\":3,\"name\":\"Lesson 21 &#8211; Beating the Double-Deck Game &#8211; Part 1\"}]},{\"@type\":\"WebSite\",\"@id\":\"https:\/\/www.blackjackinfo.com\/#website\",\"url\":\"https:\/\/www.blackjackinfo.com\/\",\"name\":\"BlackjackInfo.com\",\"description\":\"Because Winning is More Fun!\",\"potentialAction\":[{\"@type\":\"SearchAction\",\"target\":{\"@type\":\"EntryPoint\",\"urlTemplate\":\"https:\/\/www.blackjackinfo.com\/?s={search_term_string}\"},\"query-input\":{\"@type\":\"PropertyValueSpecification\",\"valueRequired\":true,\"valueName\":\"search_term_string\"}}],\"inLanguage\":\"es\"}]}<\/script>\n<!-- \/ Yoast SEO plugin. -->","yoast_head_json":{"title":"Escuela de Blackjack \u1408 Lecci\u00f3n 21 - Vencer el juego de doble baraja - Parte 1","description":"Lecci\u00f3n 21 de la Escuela Gratuita de Blackjack del GameMaster - Atacar el juego de doble baraja.","robots":{"index":"index","follow":"follow","max-snippet":"max-snippet:-1","max-image-preview":"max-image-preview:large","max-video-preview":"max-video-preview:-1"},"canonical":"https:\/\/www.blackjackinfo.com\/es\/escuela-de-blackjack\/leccion-21-vencer-el-juego-de-la-baraja-doble-parte-1\/","og_locale":"es_ES","og_type":"article","og_title":"Blackjack School \u1408 Lesson 21 - Beating the Double-Deck Game - Part 1","og_description":"Lesson 21 in the GameMaster's Free Blackjack School - Attacking the Double-Deck Game.","og_url":"https:\/\/www.blackjackinfo.com\/es\/escuela-de-blackjack\/leccion-21-vencer-el-juego-de-la-baraja-doble-parte-1\/","og_site_name":"BlackjackInfo.com","article_modified_time":"2020-02-19T00:00:12+00:00","twitter_misc":{"Tiempo de lectura":"6 minutos"},"schema":{"@context":"https:\/\/schema.org","@graph":[{"@type":"WebPage","@id":"https:\/\/www.blackjackinfo.com\/blackjack-school\/lesson-21-beating-the-double-deck-game-part-1\/","url":"https:\/\/www.blackjackinfo.com\/blackjack-school\/lesson-21-beating-the-double-deck-game-part-1\/","name":"Escuela de Blackjack \u1408 Lecci\u00f3n 21 - Vencer el juego de doble baraja - Parte 1","isPartOf":{"@id":"https:\/\/www.blackjackinfo.com\/#website"},"datePublished":"2014-10-20T19:54:21+00:00","dateModified":"2020-02-19T00:00:12+00:00","description":"Lecci\u00f3n 21 de la Escuela Gratuita de Blackjack del GameMaster - Atacar el juego de doble baraja.","breadcrumb":{"@id":"https:\/\/www.blackjackinfo.com\/blackjack-school\/lesson-21-beating-the-double-deck-game-part-1\/#breadcrumb"},"inLanguage":"es","potentialAction":[{"@type":"ReadAction","target":["https:\/\/www.blackjackinfo.com\/blackjack-school\/lesson-21-beating-the-double-deck-game-part-1\/"]}]},{"@type":"BreadcrumbList","@id":"https:\/\/www.blackjackinfo.com\/blackjack-school\/lesson-21-beating-the-double-deck-game-part-1\/#breadcrumb","itemListElement":[{"@type":"ListItem","position":1,"name":"Home","item":"https:\/\/www.blackjackinfo.com\/"},{"@type":"ListItem","position":2,"name":"Blackjack School &#8211; A Free 24-Lesson Class on Card Counting","item":"https:\/\/www.blackjackinfo.com\/blackjack-school\/"},{"@type":"ListItem","position":3,"name":"Lesson 21 &#8211; Beating the Double-Deck Game &#8211; Part 1"}]},{"@type":"WebSite","@id":"https:\/\/www.blackjackinfo.com\/#website","url":"https:\/\/www.blackjackinfo.com\/","name":"BlackjackInfo.com","description":"\u00a1Porque ganar es m\u00e1s divertido!","potentialAction":[{"@type":"SearchAction","target":{"@type":"EntryPoint","urlTemplate":"https:\/\/www.blackjackinfo.com\/?s={search_term_string}"},"query-input":{"@type":"PropertyValueSpecification","valueRequired":true,"valueName":"search_term_string"}}],"inLanguage":"es"}]}},"_links":{"self":[{"href":"https:\/\/www.blackjackinfo.com\/es\/wp-json\/wp\/v2\/pages\/765","targetHints":{"allow":["GET"]}}],"collection":[{"href":"https:\/\/www.blackjackinfo.com\/es\/wp-json\/wp\/v2\/pages"}],"about":[{"href":"https:\/\/www.blackjackinfo.com\/es\/wp-json\/wp\/v2\/types\/page"}],"author":[{"embeddable":true,"href":"https:\/\/www.blackjackinfo.com\/es\/wp-json\/wp\/v2\/users\/2"}],"replies":[{"embeddable":true,"href":"https:\/\/www.blackjackinfo.com\/es\/wp-json\/wp\/v2\/comments?post=765"}],"version-history":[{"count":6,"href":"https:\/\/www.blackjackinfo.com\/es\/wp-json\/wp\/v2\/pages\/765\/revisions"}],"predecessor-version":[{"id":5470,"href":"https:\/\/www.blackjackinfo.com\/es\/wp-json\/wp\/v2\/pages\/765\/revisions\/5470"}],"up":[{"embeddable":true,"href":"https:\/\/www.blackjackinfo.com\/es\/wp-json\/wp\/v2\/pages\/634"}],"wp:attachment":[{"href":"https:\/\/www.blackjackinfo.com\/es\/wp-json\/wp\/v2\/media?parent=765"}],"wp:term":[{"taxonomy":"post_tag","embeddable":true,"href":"https:\/\/www.blackjackinfo.com\/es\/wp-json\/wp\/v2\/tags?post=765"}],"curies":[{"name":"wp","href":"https:\/\/api.w.org\/{rel}","templated":true}]}}