{"id":776,"date":"2014-10-20T15:29:49","date_gmt":"2014-10-20T20:29:49","guid":{"rendered":"http:\/\/test.blackjackinfo.com\/?page_id=776"},"modified":"2020-02-18T18:01:18","modified_gmt":"2020-02-19T00:01:18","slug":"leccion-23-vencer-el-juego-de-la-baraja-doble-parte-3","status":"publish","type":"page","link":"https:\/\/www.blackjackinfo.com\/es\/blackjack-school\/lesson-23-beating-the-double-deck-game-part-3\/","title":{"rendered":"Lecci\u00f3n 23 - Vencer el juego de doble baraja - Parte 3"},"content":{"rendered":"<h3>Variantes de la estrategia b\u00e1sica de la baraja doble<\/h3>\n<p><b>Para vencer al juego de Blackjack de dos barajas, primero debe encontrar un juego que ofrezca una penetraci\u00f3n decente y una apuesta m\u00ednima que le permita repartir sus apuestas de 1 a 8,<\/b> Sin embargo, mant\u00e9ngase dentro de unos principios razonables de gesti\u00f3n del dinero basados en su bankroll total.  Otra \"flecha en tu carcaj\", por as\u00ed decirlo, es variar el juego de tu mano seg\u00fan el recuento.<\/p>\n<p><b>Si sabe contar cartas, puede utilizar el recuento para saber cu\u00e1nto apostar en cada mano, pero tambi\u00e9n puede utilizar el recuento para ayudarle a jugar cada mano con m\u00e1s precisi\u00f3n.<\/b>  Si has estudiado mi curso hasta este punto, sabr\u00e1s que uno de los factores clave para jugar una partida ganadora de Blackjack es abandonar la mesa cuando el True Count baja a -1 o menos, pero esa t\u00e1ctica no es muy pr\u00e1ctica en la mayor\u00eda de las partidas de dos mazos porque se reparten menos rondas de manos antes de barajar, en comparaci\u00f3n con una partida de seis mazos.<\/p>\n<p><b>En consecuencia, hay que sentarse ante muchas m\u00e1s barajas \"negativas\", pero lo bueno es que una barajada nunca est\u00e1 demasiado lejos.<\/b>  Sin embargo, al mismo tiempo, todos sabemos que la ventaja del casino aumenta a medida que disminuye la cuenta, por lo que queremos neutralizar los efectos de esto tanto como sea posible.  Dado que es probable que tenga que pasar por muchas m\u00e1s cuentas negativas en un juego de doble mazo, lo que tenemos que hacer es aprender las jugadas para manos como pedir 12 contra el 5 del crupier, etc\u00e9tera.  Tambi\u00e9n queremos evitar doblar y dividir parejas en cuentas bajas y en su lugar golpearemos.  Pero no queremos adivinar jugadas importantes como esas, as\u00ed que tendremos que aprender variaciones de Estrategia B\u00e1sica para n\u00fameros \"bajos\", como -2, -3, etc.  <b>Un rango realista para la mayor\u00eda de los juegos de doble mazo es un True Count de -6 a +6 y eso cubrir\u00e1 85% de todas las manos que jugar\u00e1s, asumiendo una penetraci\u00f3n de 50-60%. <\/b><br \/>\n<div class=\"row\" style=\"margin-bottom:20px\">\n    <div class=\"col-sm-12\">\n                <h2>Los mejores casinos online de EE.UU. <span\n                class=\"flag-icon flag-icon-us\"><\/span><\/h2>\n\n        \n                \n        <div class=\"ranking-table text-center\">\n            <div class=\"row flex ad-row\">\n                <div class=\"col-sm-3\">\n                    <div class=\"row flex\">\n\n                        <div class=\"col-sm-3\">\n                            <div class=\"ranking-number text-center\">\n\n                                1                                \n                            <\/div>\n                        <\/div>\n                        <div class=\"col-sm-9\">\n                            <img decoding=\"async\" src=\"https:\/\/www.blackjackinfo.com\/files\/bovada.png\" data-no-auto-translation=\"\">\n                        <\/div>\n                    <\/div>\n                <\/div>\n                <div class=\"col-sm-4\">\n                    <div class=\"bonus-text text-center\"><span class=\"red\">100% hasta $1.000<\/span><\/div>\n\t\t\t\t\t\n\n                <\/div>\n                <div class=\"col-sm-2\">\n                    <a class=\"btn btn-wire\" href=\"\/es\/casino\/bovada\/\">Revisa<\/a>\n\n                <\/div>\n                <div class=\"col-sm-3\">\n                    <a rel=\"nofollow\" target=\"_blank\" class=\"btn btn-blue\" href=\"\/goto\/goto\/\">Jugar\n                        Ahora<\/a>\n\t\t\t\t\t\t\n\n                <\/div>\n            <\/div>\n        <\/div>\n\n\n\n        \n                \n        <div class=\"ranking-table text-center\">\n            <div class=\"row flex ad-row\">\n                <div class=\"col-sm-3\">\n                    <div class=\"row flex\">\n\n                        <div class=\"col-sm-3\">\n                            <div class=\"ranking-number text-center\">\n\n                                2                                \n                            <\/div>\n                        <\/div>\n                        <div class=\"col-sm-9\">\n                            <img decoding=\"async\" src=\"https:\/\/www.blackjackinfo.com\/files\/ignition-casino-logo.png\" data-no-auto-translation=\"\">\n                        <\/div>\n                    <\/div>\n                <\/div>\n                <div class=\"col-sm-4\">\n                    <div class=\"bonus-text text-center\"><span class=\"red\">100% hasta $1.000<\/span><\/div>\n\t\t\t\t\t\n\n                <\/div>\n                <div class=\"col-sm-2\">\n                    <a class=\"btn btn-wire\" href=\"\/es\/casino\/ignition-casino\/\">Revisa<\/a>\n\n                <\/div>\n                <div class=\"col-sm-3\">\n                    <a rel=\"nofollow\" target=\"_blank\" class=\"btn btn-blue\" href=\"\/goto\/goto\/\">Jugar\n                        Ahora<\/a>\n\t\t\t\t\t\t\n\n                <\/div>\n            <\/div>\n        <\/div>\n\n\n\n        \n                \n        <div class=\"ranking-table text-center\">\n            <div class=\"row flex ad-row\">\n                <div class=\"col-sm-3\">\n                    <div class=\"row flex\">\n\n                        <div class=\"col-sm-3\">\n                            <div class=\"ranking-number text-center\">\n\n                                3                                \n                            <\/div>\n                        <\/div>\n                        <div class=\"col-sm-9\">\n                            <img decoding=\"async\" src=\"https:\/\/www.blackjackinfo.com\/files\/VipSlots-500x250_dark.svg\" data-no-auto-translation=\"\">\n                        <\/div>\n                    <\/div>\n                <\/div>\n                <div class=\"col-sm-4\">\n                    <div class=\"bonus-text text-center\"><span class=\"red\">100 GIROS GRATIS en Secret Life of Cats<\/span><\/div>\n\t\t\t\t\t\n\n                <\/div>\n                <div class=\"col-sm-2\">\n                    <a class=\"btn btn-wire\" href=\"\/es\/casino\/vipslots-casino\/\">Revisa<\/a>\n\n                <\/div>\n                <div class=\"col-sm-3\">\n                    <a rel=\"nofollow\" target=\"_blank\" class=\"btn btn-blue\" href=\"\/goto\/goto\/\">Jugar\n                        Ahora<\/a>\n\t\t\t\t\t\t\n\n                <\/div>\n            <\/div>\n        <\/div>\n\n\n\n        \n                \n        <div class=\"ranking-table text-center\">\n            <div class=\"row flex ad-row\">\n                <div class=\"col-sm-3\">\n                    <div class=\"row flex\">\n\n                        <div class=\"col-sm-3\">\n                            <div class=\"ranking-number text-center\">\n\n                                4                                \n                            <\/div>\n                        <\/div>\n                        <div class=\"col-sm-9\">\n                            <img decoding=\"async\" src=\"https:\/\/www.blackjackinfo.com\/files\/vegas_casino_online.png\" data-no-auto-translation=\"\">\n                        <\/div>\n                    <\/div>\n                <\/div>\n                <div class=\"col-sm-4\">\n                    <div class=\"bonus-text text-center\"><span class=\"red\">300% hasta $3.000<\/span><\/div>\n\t\t\t\t\t\n\n                <\/div>\n                <div class=\"col-sm-2\">\n                    <a class=\"btn btn-wire\" href=\"\/es\/casino\/vegas-casino-online-2\/\">Revisa<\/a>\n\n                <\/div>\n                <div class=\"col-sm-3\">\n                    <a rel=\"nofollow\" target=\"_blank\" class=\"btn btn-blue\" href=\"\/goto\/goto\/\">Jugar\n                        Ahora<\/a>\n\t\t\t\t\t\t\n\n                <\/div>\n            <\/div>\n        <\/div>\n\n\n\n        \n                \n        <div class=\"ranking-table text-center\">\n            <div class=\"row flex ad-row\">\n                <div class=\"col-sm-3\">\n                    <div class=\"row flex\">\n\n                        <div class=\"col-sm-3\">\n                            <div class=\"ranking-number text-center\">\n\n                                5                                \n                            <\/div>\n                        <\/div>\n                        <div class=\"col-sm-9\">\n                            <img decoding=\"async\" src=\"https:\/\/www.blackjackinfo.com\/files\/cafe-casino-logo.svg\" data-no-auto-translation=\"\">\n                        <\/div>\n                    <\/div>\n                <\/div>\n                <div class=\"col-sm-4\">\n                    <div class=\"bonus-text text-center\"><span class=\"red\">250% hasta $1.500<\/span><\/div>\n\t\t\t\t\t\n\n                <\/div>\n                <div class=\"col-sm-2\">\n                    <a class=\"btn btn-wire\" href=\"\/es\/casino\/cafe-casino\/\">Revisa<\/a>\n\n                <\/div>\n                <div class=\"col-sm-3\">\n                    <a rel=\"nofollow\" target=\"_blank\" class=\"btn btn-blue\" href=\"\/goto\/goto\/\">Jugar\n                        Ahora<\/a>\n\t\t\t\t\t\t\n\n                <\/div>\n            <\/div>\n        <\/div>\n\n\n\n            <\/div>\n<\/div><\/p>\n<p>Algunos jugadores prefieren aprender s\u00f3lo los \u00edndices de las manos m\u00e1s comunes, con la idea de que tendr\u00e1n una mano como A, 4 contra un 5 menos de 100 veces en cada 100.000 manos de juego, pero tendr\u00e1n un 16 contra un 10 mucho m\u00e1s a menudo.  En su libro, \"<a href=\"http:\/\/www.amazon.com\/dp\/0910575207\/?tag=theblackjacbasic\">Ataque de Blackjack<\/a>\", Don Schlesinger dedic\u00f3 un cap\u00edtulo a lo que \u00e9l llama \"Las 18 Ilustres\" que son, en su opini\u00f3n, las variantes m\u00e1s importantes de la Estrategia B\u00e1sica.  No soy partidario de reproducir las obras originales de otros autores, as\u00ed que le remitir\u00e9 al libro para obtener una lista completa si cree que prefiere no memorizar todas las variaciones que he enumerado aqu\u00ed.  Otra idea que vale la pena considerar es no aprender los \u00edndices por debajo de -2, con el razonamiento de que probablemente apostar\u00e1 el m\u00ednimo en una cuenta as\u00ed, por lo que cualquier error de juego, a la larga, le costar\u00e1 muy poco. O puede que quiera aprender s\u00f3lo los \u00edndices en los que vaya a poner apuestas extra en la mesa, como en dobles y splits, con la idea de que, si voy a poner m\u00e1s $$$ en la mesa, seguro que voy a jugar la mano correctamente.<\/p>\n<p>Pero soy de la opini\u00f3n de que si se puede aprender algo sobre este juego, se debe aprender.  (Vale, ya s\u00e9 que soy un fan\u00e1tico de estas cosas, pero qu\u00e9 le voy a hacer).  <b>Si va a pasar la mayor parte de su tiempo en juegos de dos barajas, probablemente merezca la pena memorizar todos los \u00edndices que se presentan aqu\u00ed. <\/b> Pero si este no es su juego principal, un rango de -2 a +6 con alguna edici\u00f3n juiciosa probablemente ser\u00e1 suficiente.  No olvide que la mayor\u00eda de estos \u00edndices son similares a los de un juego de seis mazos, por lo que no partir\u00e1 de cero.  <b>Apr\u00e9ndete los n\u00fameros que consideres importantes para d\u00f3nde y c\u00f3mo juegas.<\/b><\/p>\n<p>En lugar de explicarle las variaciones de cada mano, como hice en la secci\u00f3n de varios mazos, lo que he hecho aqu\u00ed es elaborar una Matriz de estrategia b\u00e1sica que muestra un n\u00famero \"\u00edndice\" para cada jugada apropiada.  No te preocupes si tienes problemas para entenderla, porque te lo explicar\u00e9 todo al final.<\/p>\n<p><b>Matriz de variaciones de la estrategia b\u00e1sica<\/b><br \/>\nDouble Deck, H17, Da2, no das, no surrender<br \/>\n<b><a href=\"\/files\/Blackjack-School\/DD-BS-Variations.htm\">Ver la matriz. (Utilice el bot\u00f3n de retroceso para volver aqu\u00ed).<\/a><\/b><\/p>\n<h3>Utilizaci\u00f3n de la matriz<\/h3>\n<p>(Nota del GM: La estrategia b\u00e1sica para este juego est\u00e1 disponible en BlackjackInfo.com: <a href=\"\/blackjack-basic-strategy-engine\/?numdecks=2&amp;soft17=h17&amp;dbl=all&amp;das=no&amp;surr=ns&amp;peek=yes\">2D, H17, DA2, NDAS Estrategia b\u00e1sica<\/a>)<\/p>\n<p><b>Es mucho m\u00e1s f\u00e1cil usar esta matriz si has memorizado la Estrategia B\u00e1sica para este juego y si a\u00fan no lo has hecho, realmente deber\u00edas aprenderla antes de entrar en este modo avanzado de juego.<\/b>  Para cada combinaci\u00f3n de mano del jugador y carta boca arriba del crupier ver\u00e1 una acci\u00f3n espec\u00edfica, como pedir, plantarse, doblar, etc., o un n\u00famero.  El n\u00famero es un \"punto de acci\u00f3n\" basado en el recuento real y determina la variaci\u00f3n.  En cuanto a cu\u00e1l es la variaci\u00f3n adecuada para una situaci\u00f3n, puede resultar un poco confuso, pero si estudia la mano en cuesti\u00f3n, normalmente podr\u00e1 averiguarlo.  Un buen ejemplo de esto es A,7 contra el 2 del crupier. En la matriz, ver\u00e1 el n\u00famero 2 en ese lugar, as\u00ed que \u00bfpide o se planta o hace otra cosa?  Bueno, \"otra cosa\" es la respuesta, as\u00ed que debe doblar, igual que hace con A,7 contra 3, 4, 5 y 6. La l\u00f3gica juega un papel aqu\u00ed, as\u00ed que debe doblar.  La l\u00f3gica juega un papel aqu\u00ed, as\u00ed que si una jugada suena il\u00f3gica, probablemente sea la equivocada.  \u00bfRealmente jugar\u00edas A,7 contra un 2?  Por supuesto, podr\u00eda plantarse, pero esa ya es la jugada de la Estrategia B\u00e1sica, as\u00ed que doblar es todo lo que queda.  En consecuencia, lo que esto le est\u00e1 diciendo es que debe doblar A,7 contra una carta 2 del crupier cuando la cuenta real sea 2 o m\u00e1s.  Si la cuenta real es inferior a 2, utilice la estrategia b\u00e1sica, que consiste en plantarse.  Contra un 3, la Estrategia B\u00e1sica dice doblar A,7.  Pero el \u00edndice para eso es -2, as\u00ed que eso te est\u00e1 diciendo que dobles A,7 contra 3 s\u00f3lo si el True Count es -2 o m\u00e1s.  Si no lo es, entonces deber\u00edas plantarte.  Hablemos de otra variaci\u00f3n que puede causar confusi\u00f3n: 8, 8 vs. 10.  La anotaci\u00f3n en esa casilla es \"Stand@6\", por lo que si el True Count es 6 o m\u00e1s, no doblar\u00e1 los 8, sino que se plantar\u00e1.<\/p>\n<p>La regla general para entender la Matriz de Variaciones de Estrategias B\u00e1sicas es la siguiente: <b>Si el n\u00famero en una ranura es 0 o un menos, entonces esa jugada es una jugada de Estrategia B\u00e1sica que debes hacer siempre y cuando la cuenta sea mayor que el n\u00famero mostrado.<\/b>  Por ejemplo, con A,4 contra 4, doblar\u00e1s siempre que la cuenta sea 0 o superior.  Si la cuenta es menos, simplemente golpea.  En el caso de 9 contra 4, doblar\u00e1s siempre que la cuenta sea -3 o superior (recuerda que -1 es \"superior\" a -2).<\/p>\n<p>No quiero que te vayas sin que te cuente la variaci\u00f3n m\u00e1s importante de todas, que es la apuesta Seguro.  <b>Es de esperar que sepas que la Estrategia B\u00e1sica correcta nos dice que nunca tomemos un seguro (incluso cuando tienes una carta \"natural\" y la carta descubierta del crupier es un As, a pesar de lo que todo el mundo te diga).<\/b>Sin embargo, en una partida con dos barajas, la apuesta de seguro resulta rentable a partir de un recuento real de 2 (en realidad 2,4 si puede alcanzar ese grado de precisi\u00f3n).<\/p>\n<h3>Aprender las variaciones b\u00e1sicas de la estrategia<\/h3>\n<p><b>Una vez que hayas elegido las variantes de la Estrategia B\u00e1sica que quieres aprender, debes hacer un juego de fichas para ellas.<\/b>  En la Lecci\u00f3n 14 de \"The GameMaster's Blackjack School\" se explica exactamente c\u00f3mo hacerlo y no puedo dejar de insistir en su valor.  Hazte con un juego y ll\u00e9valos contigo, o al menos est\u00fadialos atentamente antes de cada sesi\u00f3n de juego si el Blackjack de dos mazos no es tu juego \"principal\".<\/p>","protected":false},"excerpt":{"rendered":"<p>Double Deck Basic Strategy Variations Beating the double-deck Blackjack game requires that you first find a game that offers decent penetration and a minimum bet that will allow you to spread your bets from 1 to 8, yet still stay within reasonable money management principles based upon your total bankroll. Another &#8220;arrow in your quiver&#8221;, [&hellip;]<\/p>\n","protected":false},"author":2,"featured_media":0,"parent":634,"menu_order":0,"comment_status":"open","ping_status":"open","template":"page-blackjack-school.php","meta":{"_acf_changed":false,"footnotes":""},"tags":[],"class_list":["post-776","page","type-page","status-publish","hentry"],"acf":[],"yoast_head":"<!-- This site is optimized with the Yoast SEO plugin v26.6 - https:\/\/yoast.com\/wordpress\/plugins\/seo\/ -->\n<title>Blackjack School \u1408 Lesson 23 - Beating the Double-Deck Game - Part 3<\/title>\n<meta name=\"description\" content=\"Lesson 23 in the GameMaster&#039;s Free Blackjack School - Strategy variations for the double-deck game.\" \/>\n<meta name=\"robots\" content=\"index, follow, max-snippet:-1, max-image-preview:large, max-video-preview:-1\" \/>\n<link rel=\"canonical\" href=\"https:\/\/www.blackjackinfo.com\/es\/escuela-de-blackjack\/leccion-23-vencer-el-juego-de-la-baraja-doble-parte-3\/\" \/>\n<meta property=\"og:locale\" content=\"es_ES\" \/>\n<meta property=\"og:type\" content=\"article\" \/>\n<meta property=\"og:title\" content=\"Blackjack School \u1408 Lesson 23 - Beating the Double-Deck Game - Part 3\" \/>\n<meta property=\"og:description\" content=\"Lesson 23 in the GameMaster&#039;s Free Blackjack School - Strategy variations for the double-deck game.\" \/>\n<meta property=\"og:url\" content=\"https:\/\/www.blackjackinfo.com\/es\/escuela-de-blackjack\/leccion-23-vencer-el-juego-de-la-baraja-doble-parte-3\/\" \/>\n<meta property=\"og:site_name\" content=\"BlackjackInfo.com\" \/>\n<meta property=\"article:modified_time\" content=\"2020-02-19T00:01:18+00:00\" \/>\n<meta name=\"twitter:label1\" content=\"Tiempo de lectura\" \/>\n\t<meta name=\"twitter:data1\" content=\"6 minutos\" \/>\n<script type=\"application\/ld+json\" class=\"yoast-schema-graph\">{\"@context\":\"https:\/\/schema.org\",\"@graph\":[{\"@type\":\"WebPage\",\"@id\":\"https:\/\/www.blackjackinfo.com\/blackjack-school\/lesson-23-beating-the-double-deck-game-part-3\/\",\"url\":\"https:\/\/www.blackjackinfo.com\/blackjack-school\/lesson-23-beating-the-double-deck-game-part-3\/\",\"name\":\"Blackjack School \u1408 Lesson 23 - Beating the Double-Deck Game - Part 3\",\"isPartOf\":{\"@id\":\"https:\/\/www.blackjackinfo.com\/#website\"},\"datePublished\":\"2014-10-20T20:29:49+00:00\",\"dateModified\":\"2020-02-19T00:01:18+00:00\",\"description\":\"Lesson 23 in the GameMaster's Free Blackjack School - Strategy variations for the double-deck game.\",\"breadcrumb\":{\"@id\":\"https:\/\/www.blackjackinfo.com\/blackjack-school\/lesson-23-beating-the-double-deck-game-part-3\/#breadcrumb\"},\"inLanguage\":\"es\",\"potentialAction\":[{\"@type\":\"ReadAction\",\"target\":[\"https:\/\/www.blackjackinfo.com\/blackjack-school\/lesson-23-beating-the-double-deck-game-part-3\/\"]}]},{\"@type\":\"BreadcrumbList\",\"@id\":\"https:\/\/www.blackjackinfo.com\/blackjack-school\/lesson-23-beating-the-double-deck-game-part-3\/#breadcrumb\",\"itemListElement\":[{\"@type\":\"ListItem\",\"position\":1,\"name\":\"Home\",\"item\":\"https:\/\/www.blackjackinfo.com\/\"},{\"@type\":\"ListItem\",\"position\":2,\"name\":\"Blackjack School &#8211; A Free 24-Lesson Class on Card Counting\",\"item\":\"https:\/\/www.blackjackinfo.com\/blackjack-school\/\"},{\"@type\":\"ListItem\",\"position\":3,\"name\":\"Lesson 23 &#8211; Beating the Double-Deck Game &#8211; Part 3\"}]},{\"@type\":\"WebSite\",\"@id\":\"https:\/\/www.blackjackinfo.com\/#website\",\"url\":\"https:\/\/www.blackjackinfo.com\/\",\"name\":\"BlackjackInfo.com\",\"description\":\"Because Winning is More Fun!\",\"potentialAction\":[{\"@type\":\"SearchAction\",\"target\":{\"@type\":\"EntryPoint\",\"urlTemplate\":\"https:\/\/www.blackjackinfo.com\/?s={search_term_string}\"},\"query-input\":{\"@type\":\"PropertyValueSpecification\",\"valueRequired\":true,\"valueName\":\"search_term_string\"}}],\"inLanguage\":\"es\"}]}<\/script>\n<!-- \/ Yoast SEO plugin. -->","yoast_head_json":{"title":"Escuela de Blackjack \u1408 Lecci\u00f3n 23 - Vencer el juego de doble baraja - Parte 3","description":"Lecci\u00f3n 23 de la GameMaster's Free Blackjack School - Variaciones de estrategia para el juego de doble baraja.","robots":{"index":"index","follow":"follow","max-snippet":"max-snippet:-1","max-image-preview":"max-image-preview:large","max-video-preview":"max-video-preview:-1"},"canonical":"https:\/\/www.blackjackinfo.com\/es\/escuela-de-blackjack\/leccion-23-vencer-el-juego-de-la-baraja-doble-parte-3\/","og_locale":"es_ES","og_type":"article","og_title":"Blackjack School \u1408 Lesson 23 - Beating the Double-Deck Game - Part 3","og_description":"Lesson 23 in the GameMaster's Free Blackjack School - Strategy variations for the double-deck game.","og_url":"https:\/\/www.blackjackinfo.com\/es\/escuela-de-blackjack\/leccion-23-vencer-el-juego-de-la-baraja-doble-parte-3\/","og_site_name":"BlackjackInfo.com","article_modified_time":"2020-02-19T00:01:18+00:00","twitter_misc":{"Tiempo de lectura":"6 minutos"},"schema":{"@context":"https:\/\/schema.org","@graph":[{"@type":"WebPage","@id":"https:\/\/www.blackjackinfo.com\/blackjack-school\/lesson-23-beating-the-double-deck-game-part-3\/","url":"https:\/\/www.blackjackinfo.com\/blackjack-school\/lesson-23-beating-the-double-deck-game-part-3\/","name":"Escuela de Blackjack \u1408 Lecci\u00f3n 23 - Vencer el juego de doble baraja - Parte 3","isPartOf":{"@id":"https:\/\/www.blackjackinfo.com\/#website"},"datePublished":"2014-10-20T20:29:49+00:00","dateModified":"2020-02-19T00:01:18+00:00","description":"Lecci\u00f3n 23 de la GameMaster's Free Blackjack School - Variaciones de estrategia para el juego de doble baraja.","breadcrumb":{"@id":"https:\/\/www.blackjackinfo.com\/blackjack-school\/lesson-23-beating-the-double-deck-game-part-3\/#breadcrumb"},"inLanguage":"es","potentialAction":[{"@type":"ReadAction","target":["https:\/\/www.blackjackinfo.com\/blackjack-school\/lesson-23-beating-the-double-deck-game-part-3\/"]}]},{"@type":"BreadcrumbList","@id":"https:\/\/www.blackjackinfo.com\/blackjack-school\/lesson-23-beating-the-double-deck-game-part-3\/#breadcrumb","itemListElement":[{"@type":"ListItem","position":1,"name":"Home","item":"https:\/\/www.blackjackinfo.com\/"},{"@type":"ListItem","position":2,"name":"Blackjack School &#8211; A Free 24-Lesson Class on Card Counting","item":"https:\/\/www.blackjackinfo.com\/blackjack-school\/"},{"@type":"ListItem","position":3,"name":"Lesson 23 &#8211; Beating the Double-Deck Game &#8211; Part 3"}]},{"@type":"WebSite","@id":"https:\/\/www.blackjackinfo.com\/#website","url":"https:\/\/www.blackjackinfo.com\/","name":"BlackjackInfo.com","description":"\u00a1Porque ganar es m\u00e1s divertido!","potentialAction":[{"@type":"SearchAction","target":{"@type":"EntryPoint","urlTemplate":"https:\/\/www.blackjackinfo.com\/?s={search_term_string}"},"query-input":{"@type":"PropertyValueSpecification","valueRequired":true,"valueName":"search_term_string"}}],"inLanguage":"es"}]}},"_links":{"self":[{"href":"https:\/\/www.blackjackinfo.com\/es\/wp-json\/wp\/v2\/pages\/776","targetHints":{"allow":["GET"]}}],"collection":[{"href":"https:\/\/www.blackjackinfo.com\/es\/wp-json\/wp\/v2\/pages"}],"about":[{"href":"https:\/\/www.blackjackinfo.com\/es\/wp-json\/wp\/v2\/types\/page"}],"author":[{"embeddable":true,"href":"https:\/\/www.blackjackinfo.com\/es\/wp-json\/wp\/v2\/users\/2"}],"replies":[{"embeddable":true,"href":"https:\/\/www.blackjackinfo.com\/es\/wp-json\/wp\/v2\/comments?post=776"}],"version-history":[{"count":9,"href":"https:\/\/www.blackjackinfo.com\/es\/wp-json\/wp\/v2\/pages\/776\/revisions"}],"predecessor-version":[{"id":5472,"href":"https:\/\/www.blackjackinfo.com\/es\/wp-json\/wp\/v2\/pages\/776\/revisions\/5472"}],"up":[{"embeddable":true,"href":"https:\/\/www.blackjackinfo.com\/es\/wp-json\/wp\/v2\/pages\/634"}],"wp:attachment":[{"href":"https:\/\/www.blackjackinfo.com\/es\/wp-json\/wp\/v2\/media?parent=776"}],"wp:term":[{"taxonomy":"post_tag","embeddable":true,"href":"https:\/\/www.blackjackinfo.com\/es\/wp-json\/wp\/v2\/tags?post=776"}],"curies":[{"name":"wp","href":"https:\/\/api.w.org\/{rel}","templated":true}]}}