{"id":780,"date":"2014-10-20T15:53:43","date_gmt":"2014-10-20T20:53:43","guid":{"rendered":"http:\/\/test.blackjackinfo.com\/?page_id=780"},"modified":"2018-01-23T05:36:42","modified_gmt":"2018-01-23T11:36:42","slug":"escuela-de-blackjack-descargas","status":"publish","type":"page","link":"https:\/\/www.blackjackinfo.com\/es\/blackjack-school\/blackjack-school-downloads\/","title":{"rendered":"Descargas de la Escuela de Blackjack"},"content":{"rendered":"<p><b>Bienvenido a la p\u00e1gina de descarga de \"The GameMaster's Blackjack School\".<br \/>\nEstos recursos pueden descargarse para utilizarlos junto con las lecciones escritas.<\/b><\/p>\n<h3><a href=\"\/blackjack-school\/lesson-01-basic-strategy\/\">Lecci\u00f3n 1<\/a>. Estrategia b\u00e1sica<\/h3>\n<ul>\n<li><a href=\"\/files\/Blackjack-School\/BasicStrategyMatrix.html\">Matriz de estrategia b\u00e1sica<\/a> - Desarrollado para un juego bastante com\u00fan (como se describe en la lecci\u00f3n 1): Seis barajas, doble en cualquiera de las dos primeras cartas, se permite doble despu\u00e9s de dividir parejas y el crupier se planta en A-6 y no se permite rendirse.<\/li>\n<li><a href=\"\/files\/Blackjack-School\/BasicStrategyMatrix.pdf\">Matriz de estrategia b\u00e1sica<\/a><img loading=\"lazy\" decoding=\"async\" src=\"\/img\/PDFLogo.gif\" width=\"32\" height=\"32\" alt=\"\" data-no-auto-translation=\"\"> en formato PDF.<\/li>\n<li>Puedes crear una Matriz de Estrategia B\u00e1sica espec\u00edfica para cualquier juego de Blackjack en el <a href=\"\/blackjack-basic-strategy-engine\/\">Motor de Estrategia B\u00e1sica del Blackjack<\/a>.<\/li>\n<li><a href=\"\/files\/Blackjack-School\/BasicStrategyDecisionChart.html\">Cuadro de decisiones de estrategia b\u00e1sica<\/a> - Esta es la Estrategia B\u00e1sica condensada en reglas f\u00e1ciles de recordar para la mano de cada jugador, usando estas reglas (como se especifica en la Lecci\u00f3n 1): 6 Mazos,S17, DA2, DAS, sin rendici\u00f3n.<\/li>\n<li><a href=\"\/files\/Blackjack-School\/BasicStrategyDecisionChart.pdf\">Cuadro de decisiones de estrategia b\u00e1sica<\/a><img loading=\"lazy\" decoding=\"async\" src=\"\/img\/PDFLogo.gif\" width=\"32\" height=\"32\" alt=\"\" data-no-auto-translation=\"\"> en formato PDF.<\/li>\n<\/ul>\n<h3><a href=\"\/blackjack-school\/lesson-02-learning-basic-strategy\/\">Lecci\u00f3n 2<\/a>: Aprender la estrategia b\u00e1sica<\/h3>\n<ul>\n<li><a href=\"\/files\/Blackjack-School\/BasicStrategyReconstructionChart.html\">Gr\u00e1fico de reconstrucci\u00f3n de la estrategia b\u00e1sica<\/a> - Este enlace cargar\u00e1 la p\u00e1gina en su ordenador y podr\u00e1 imprimir tantas como desee. Observar\u00e1 que se trata simplemente de un \"espacio en blanco\" de la Tabla de decisiones de estrategia b\u00e1sica que utilizamos en la Lecci\u00f3n 1 para crear las reglas para cada una de las manos iniciales del jugador. El objetivo aqu\u00ed es escribir la regla para cada mano y luego comprobar su exactitud. Tome el tiempo mientras lo hace y vea si puede conseguir menos de 60 segundos con una precisi\u00f3n de 100%.<\/li>\n<li><a href=\"\/files\/Blackjack-School\/BasicStrategyReconstructionChart.pdf\">Gr\u00e1fico de reconstrucci\u00f3n de la estrategia b\u00e1sica<\/a><img loading=\"lazy\" decoding=\"async\" src=\"\/img\/PDFLogo.gif\" width=\"32\" height=\"32\" alt=\"\" data-no-auto-translation=\"\"> en formato PDF.<\/li>\n<li><a href=\"\/files\/Blackjack-School\/BasicStrategyDecisionExercise.html\">Ejercicio b\u00e1sico de decisi\u00f3n estrat\u00e9gica<\/a>. - Aqu\u00ed he inventado un mont\u00f3n de manos iniciales de jugadores junto con una carta inicial del crupier. Utilice su \"Matriz de estrategia b\u00e1sica\" de la Lecci\u00f3n 1 para hacer una \"copia de correcci\u00f3n\" y m\u00e1rquela como tal en la parte superior. A continuaci\u00f3n, baje por las columnas de otra copia y rellene la jugada correcta. Utilice su copia de correcci\u00f3n para comprobar la exactitud. La velocidad es esencial, as\u00ed que esfu\u00e9rzate por completarlo en menos de 60 segundos con una precisi\u00f3n de 100%. Este enlace cargar\u00e1 la p\u00e1gina en tu ordenador y podr\u00e1s imprimir todas las que quieras.<\/li>\n<li><a href=\"\/files\/Blackjack-School\/BasicStrategyDecisionExercise.pdf\">Ejercicio b\u00e1sico de decisi\u00f3n estrat\u00e9gica<\/a><img loading=\"lazy\" decoding=\"async\" src=\"\/img\/PDFLogo.gif\" width=\"32\" height=\"32\" alt=\"\" data-no-auto-translation=\"\"> en formato PDF.<\/li>\n<li><a href=\"\/files\/Blackjack-School\/BasicStrategyDecisionTest.html\">Prueba b\u00e1sica de decisi\u00f3n estrat\u00e9gica<\/a>. He aqu\u00ed una prueba final para que verifiques tus conocimientos b\u00e1sicos de estrategia. Un tiempo de realizaci\u00f3n de 2 minutos es muy razonable. Este enlace cargar\u00e1 la prueba en su ordenador y podr\u00e1 imprimir tantas como desee.<\/li>\n<li><a href=\"\/files\/Blackjack-School\/BasicStrategyDecisionTest.pdf\">Prueba b\u00e1sica de decisi\u00f3n estrat\u00e9gica<\/a><img loading=\"lazy\" decoding=\"async\" src=\"\/img\/PDFLogo.gif\" width=\"32\" height=\"32\" alt=\"\" data-no-auto-translation=\"\"> en formato PDF.<\/li>\n<\/ul>\n<h3><a href=\"\/blackjack-school\/lesson-03-counting-cards-the-basics\/\">Lecci\u00f3n 3<\/a>: Contar cartas: Conceptos b\u00e1sicos<\/h3>\n<ul>\n<li><a href=\"\/files\/Blackjack-School\/Hi-LoCount-PointValues.html\">Sistema de recuento Hi\/Lo-Valores de punto<\/a> - El sistema de conteo Hi\/Lo asigna un valor en \"puntos\" a cada tipo de carta de la baraja.  El primer paso para contar cartas es memorizar esos valores. Este enlace cargar\u00e1 la p\u00e1gina en su ordenador y podr\u00e1 imprimir una copia.<\/li>\n<\/ul>\n<h3><a href=\"\/blackjack-school\/lesson-08-money-management-part-2\/\">Lecci\u00f3n 8<\/a>. Gesti\u00f3n del dinero - Parte 2<\/h3>\n<ul>\n<li><a href=\"\/files\/Blackjack-School\/OptimumBetChart.html\">La tabla de la apuesta \u00f3ptima<\/a> - Utilizando esta informaci\u00f3n, puede determinar la apuesta \u00f3ptima para cualquier bankroll; s\u00f3lo tiene que multiplicar la cifra de la \u00faltima columna por el importe del bankroll.  As\u00ed, para un bankroll de $3000, la apuesta \u00f3ptima para una cuenta verdadera de 2 es .0038 X $3000 = $11.40. Este enlace cargar\u00e1 la p\u00e1gina en su ordenador y podr\u00e1 imprimir una copia.<\/li>\n<li><a href=\"\/files\/Blackjack-School\/OptimumBetChart.pdf\">La tabla de la apuesta \u00f3ptima<\/a><img loading=\"lazy\" decoding=\"async\" src=\"\/img\/PDFLogo.gif\" width=\"32\" height=\"32\" alt=\"\" data-no-auto-translation=\"\"> en formato PDF.<\/li>\n<\/ul>","protected":false},"excerpt":{"rendered":"<p>Welcome to the Download Page for &#8220;The GameMaster&#8217;s Blackjack School&#8221;. These resources can be downloaded for use in conjunction with the written lessons. Lesson 1. Basic Strategy Basic Strategy Matrix &#8211; Developed for a fairly common game (as described in lesson 1): Six decks, double on any first two cards, double after splitting pairs is [&hellip;]<\/p>\n","protected":false},"author":2,"featured_media":0,"parent":634,"menu_order":0,"comment_status":"open","ping_status":"open","template":"page-blackjack-school.php","meta":{"_acf_changed":false,"footnotes":""},"tags":[],"class_list":["post-780","page","type-page","status-publish","hentry"],"acf":[],"yoast_head":"<!-- This site is optimized with the Yoast SEO plugin v26.6 - https:\/\/yoast.com\/wordpress\/plugins\/seo\/ -->\n<title>Blackjack School Downloads<\/title>\n<meta name=\"description\" content=\"Downloadable resources from the GameMaster&#039;s Free Blackjack School.\" \/>\n<meta name=\"robots\" content=\"index, follow, max-snippet:-1, max-image-preview:large, max-video-preview:-1\" \/>\n<link rel=\"canonical\" href=\"https:\/\/www.blackjackinfo.com\/es\/escuela-de-blackjack\/escuela-de-blackjack-descargas\/\" \/>\n<meta property=\"og:locale\" content=\"es_ES\" \/>\n<meta property=\"og:type\" content=\"article\" \/>\n<meta property=\"og:title\" content=\"Blackjack School Downloads\" \/>\n<meta property=\"og:description\" content=\"Downloadable resources from the GameMaster&#039;s Free Blackjack School.\" \/>\n<meta property=\"og:url\" content=\"https:\/\/www.blackjackinfo.com\/es\/escuela-de-blackjack\/escuela-de-blackjack-descargas\/\" \/>\n<meta property=\"og:site_name\" content=\"BlackjackInfo.com\" \/>\n<meta property=\"article:modified_time\" content=\"2018-01-23T11:36:42+00:00\" \/>\n<meta name=\"twitter:label1\" content=\"Tiempo de lectura\" \/>\n\t<meta name=\"twitter:data1\" content=\"3 minutos\" \/>\n<script type=\"application\/ld+json\" class=\"yoast-schema-graph\">{\"@context\":\"https:\/\/schema.org\",\"@graph\":[{\"@type\":\"WebPage\",\"@id\":\"https:\/\/www.blackjackinfo.com\/blackjack-school\/blackjack-school-downloads\/\",\"url\":\"https:\/\/www.blackjackinfo.com\/blackjack-school\/blackjack-school-downloads\/\",\"name\":\"Blackjack School Downloads\",\"isPartOf\":{\"@id\":\"https:\/\/www.blackjackinfo.com\/#website\"},\"datePublished\":\"2014-10-20T20:53:43+00:00\",\"dateModified\":\"2018-01-23T11:36:42+00:00\",\"description\":\"Downloadable resources from the GameMaster's Free Blackjack School.\",\"breadcrumb\":{\"@id\":\"https:\/\/www.blackjackinfo.com\/blackjack-school\/blackjack-school-downloads\/#breadcrumb\"},\"inLanguage\":\"es\",\"potentialAction\":[{\"@type\":\"ReadAction\",\"target\":[\"https:\/\/www.blackjackinfo.com\/blackjack-school\/blackjack-school-downloads\/\"]}]},{\"@type\":\"BreadcrumbList\",\"@id\":\"https:\/\/www.blackjackinfo.com\/blackjack-school\/blackjack-school-downloads\/#breadcrumb\",\"itemListElement\":[{\"@type\":\"ListItem\",\"position\":1,\"name\":\"Home\",\"item\":\"https:\/\/www.blackjackinfo.com\/\"},{\"@type\":\"ListItem\",\"position\":2,\"name\":\"Blackjack School &#8211; A Free 24-Lesson Class on Card Counting\",\"item\":\"https:\/\/www.blackjackinfo.com\/blackjack-school\/\"},{\"@type\":\"ListItem\",\"position\":3,\"name\":\"Blackjack School Downloads\"}]},{\"@type\":\"WebSite\",\"@id\":\"https:\/\/www.blackjackinfo.com\/#website\",\"url\":\"https:\/\/www.blackjackinfo.com\/\",\"name\":\"BlackjackInfo.com\",\"description\":\"Because Winning is More Fun!\",\"potentialAction\":[{\"@type\":\"SearchAction\",\"target\":{\"@type\":\"EntryPoint\",\"urlTemplate\":\"https:\/\/www.blackjackinfo.com\/?s={search_term_string}\"},\"query-input\":{\"@type\":\"PropertyValueSpecification\",\"valueRequired\":true,\"valueName\":\"search_term_string\"}}],\"inLanguage\":\"es\"}]}<\/script>\n<!-- \/ Yoast SEO plugin. -->","yoast_head_json":{"title":"Descargas de la Escuela de Blackjack","description":"Recursos descargables de la GameMaster's Free Blackjack School.","robots":{"index":"index","follow":"follow","max-snippet":"max-snippet:-1","max-image-preview":"max-image-preview:large","max-video-preview":"max-video-preview:-1"},"canonical":"https:\/\/www.blackjackinfo.com\/es\/escuela-de-blackjack\/escuela-de-blackjack-descargas\/","og_locale":"es_ES","og_type":"article","og_title":"Blackjack School Downloads","og_description":"Downloadable resources from the GameMaster's Free Blackjack School.","og_url":"https:\/\/www.blackjackinfo.com\/es\/escuela-de-blackjack\/escuela-de-blackjack-descargas\/","og_site_name":"BlackjackInfo.com","article_modified_time":"2018-01-23T11:36:42+00:00","twitter_misc":{"Tiempo de lectura":"3 minutos"},"schema":{"@context":"https:\/\/schema.org","@graph":[{"@type":"WebPage","@id":"https:\/\/www.blackjackinfo.com\/blackjack-school\/blackjack-school-downloads\/","url":"https:\/\/www.blackjackinfo.com\/blackjack-school\/blackjack-school-downloads\/","name":"Descargas de la Escuela de Blackjack","isPartOf":{"@id":"https:\/\/www.blackjackinfo.com\/#website"},"datePublished":"2014-10-20T20:53:43+00:00","dateModified":"2018-01-23T11:36:42+00:00","description":"Recursos descargables de la GameMaster's Free Blackjack School.","breadcrumb":{"@id":"https:\/\/www.blackjackinfo.com\/blackjack-school\/blackjack-school-downloads\/#breadcrumb"},"inLanguage":"es","potentialAction":[{"@type":"ReadAction","target":["https:\/\/www.blackjackinfo.com\/blackjack-school\/blackjack-school-downloads\/"]}]},{"@type":"BreadcrumbList","@id":"https:\/\/www.blackjackinfo.com\/blackjack-school\/blackjack-school-downloads\/#breadcrumb","itemListElement":[{"@type":"ListItem","position":1,"name":"Home","item":"https:\/\/www.blackjackinfo.com\/"},{"@type":"ListItem","position":2,"name":"Blackjack School &#8211; A Free 24-Lesson Class on Card Counting","item":"https:\/\/www.blackjackinfo.com\/blackjack-school\/"},{"@type":"ListItem","position":3,"name":"Blackjack School Downloads"}]},{"@type":"WebSite","@id":"https:\/\/www.blackjackinfo.com\/#website","url":"https:\/\/www.blackjackinfo.com\/","name":"BlackjackInfo.com","description":"\u00a1Porque ganar es m\u00e1s divertido!","potentialAction":[{"@type":"SearchAction","target":{"@type":"EntryPoint","urlTemplate":"https:\/\/www.blackjackinfo.com\/?s={search_term_string}"},"query-input":{"@type":"PropertyValueSpecification","valueRequired":true,"valueName":"search_term_string"}}],"inLanguage":"es"}]}},"_links":{"self":[{"href":"https:\/\/www.blackjackinfo.com\/es\/wp-json\/wp\/v2\/pages\/780","targetHints":{"allow":["GET"]}}],"collection":[{"href":"https:\/\/www.blackjackinfo.com\/es\/wp-json\/wp\/v2\/pages"}],"about":[{"href":"https:\/\/www.blackjackinfo.com\/es\/wp-json\/wp\/v2\/types\/page"}],"author":[{"embeddable":true,"href":"https:\/\/www.blackjackinfo.com\/es\/wp-json\/wp\/v2\/users\/2"}],"replies":[{"embeddable":true,"href":"https:\/\/www.blackjackinfo.com\/es\/wp-json\/wp\/v2\/comments?post=780"}],"version-history":[{"count":14,"href":"https:\/\/www.blackjackinfo.com\/es\/wp-json\/wp\/v2\/pages\/780\/revisions"}],"predecessor-version":[{"id":800,"href":"https:\/\/www.blackjackinfo.com\/es\/wp-json\/wp\/v2\/pages\/780\/revisions\/800"}],"up":[{"embeddable":true,"href":"https:\/\/www.blackjackinfo.com\/es\/wp-json\/wp\/v2\/pages\/634"}],"wp:attachment":[{"href":"https:\/\/www.blackjackinfo.com\/es\/wp-json\/wp\/v2\/media?parent=780"}],"wp:term":[{"taxonomy":"post_tag","embeddable":true,"href":"https:\/\/www.blackjackinfo.com\/es\/wp-json\/wp\/v2\/tags?post=780"}],"curies":[{"name":"wp","href":"https:\/\/api.w.org\/{rel}","templated":true}]}}