{"id":8270,"date":"2025-04-17T05:44:58","date_gmt":"2025-04-17T10:44:58","guid":{"rendered":"https:\/\/www.blackjackinfo.com\/?page_id=8270"},"modified":"2025-05-13T06:07:01","modified_gmt":"2025-05-13T11:07:01","slug":"presentar-una-denuncia","status":"publish","type":"page","link":"https:\/\/www.blackjackinfo.com\/es\/submit-a-complaint\/","title":{"rendered":"Presentar una reclamaci\u00f3n contra un casino en l\u00ednea"},"content":{"rendered":"<h2 class=\"wp-block-heading\">Directrices para presentar una denuncia<\/h2>\n\n\n\n<p>Utilice nuestro servicio de presentaci\u00f3n de reclamaciones para informar de problemas como retrasos en los pagos, pr\u00e1cticas desleales, problemas con las bonificaciones o litigios sobre cuentas. <\/p>\n\n\n\n<p>Una vez enviada, su disputa se notificar\u00e1 inmediatamente al representante del casino en l\u00ednea y mediaremos en el proceso para lograr una resoluci\u00f3n justa.<\/p>\n\n\n\n<p>Nuestro objetivo es ayudarle a obtener un resultado justo al tiempo que fomentamos mejores pr\u00e1cticas y transparencia con los casinos.<\/p>\n\n\n\n<p>Para garantizar un proceso sin problemas, siga estos pasos antes de presentar una queja.<\/p>\n\n\n\n<ol class=\"wp-block-list\">\n<li>Ponte en contacto con el equipo de asistencia del casino para intentar resolver el problema.<\/li>\n\n\n\n<li>Compruebe que no ha infringido ninguna de las condiciones del casino.<\/li>\n\n\n\n<li>Si ha hecho lo anterior y no ha llegado a una resoluci\u00f3n justa, contin\u00fae publicando sus circunstancias en el siguiente formulario<\/li>\n\n\n\n<li>Aseg\u00farese de incluir su nombre de usuario del casino, ayudar\u00e1 a acelerar el proceso para todos.<\/li>\n<\/ol>\n\n\n\n<h2 class=\"wp-block-heading\">\u00bfCu\u00e1nto cuesta este servicio?<\/h2>\n\n\n\n<p>Es completamente gratis. En <a href=\"https:\/\/www.blackjackinfo.com\/about\/\">expertos del sector<\/a>Entendemos que a veces puede ser frustrante resolver problemas, por no hablar de ponerse en contacto con los casinos en l\u00ednea. Por eso hemos creado este servicio gratuito, con la esperanza de eliminar dudas, mejorar la transparencia y ayudar a salvar la distancia entre jugadores y operadores.<\/p>\n\n\n\n<p>Nota: No podemos garantizar un resultado favorable, pero haremos todo lo posible por mediar en la situaci\u00f3n y obtener un resultado justo.<\/p>","protected":false},"excerpt":{"rendered":"<p>Guidelines for Submitting a Complaint Use our complaint submission service to report issues such as delayed payments, unfair practices, bonus problems, or account disputes. Once submitted, your dispute will notify the online casino rep immediately and we will mediate the process for a fair resolution. Our goal is to help you get a fair outcome [&hellip;]<\/p>\n","protected":false},"author":4,"featured_media":0,"parent":0,"menu_order":0,"comment_status":"open","ping_status":"closed","template":"page-online-casino-comments.php","meta":{"_acf_changed":false,"footnotes":""},"tags":[],"class_list":["post-8270","page","type-page","status-publish","hentry"],"acf":[],"yoast_head":"<!-- This site is optimized with the Yoast SEO plugin v26.6 - https:\/\/yoast.com\/wordpress\/plugins\/seo\/ -->\n<title>Submit a Complaint against an Online Casino<\/title>\n<meta name=\"description\" content=\"Guidelines for Submitting a Complaint Use our complaint submission service to report issues such as delayed payments, unfair practices, bonus problems, or\" \/>\n<meta name=\"robots\" content=\"index, follow, max-snippet:-1, max-image-preview:large, max-video-preview:-1\" \/>\n<link rel=\"canonical\" href=\"https:\/\/www.blackjackinfo.com\/es\/presentar-una-denuncia\/\" \/>\n<meta property=\"og:locale\" content=\"es_ES\" \/>\n<meta property=\"og:type\" content=\"article\" \/>\n<meta property=\"og:title\" content=\"Submit a Complaint against an Online Casino\" \/>\n<meta property=\"og:description\" content=\"Guidelines for Submitting a Complaint Use our complaint submission service to report issues such as delayed payments, unfair practices, bonus problems, or\" \/>\n<meta property=\"og:url\" content=\"https:\/\/www.blackjackinfo.com\/es\/presentar-una-denuncia\/\" \/>\n<meta property=\"og:site_name\" content=\"BlackjackInfo.com\" \/>\n<meta property=\"article:modified_time\" content=\"2025-05-13T11:07:01+00:00\" \/>\n<meta name=\"twitter:label1\" content=\"Tiempo de lectura\" \/>\n\t<meta name=\"twitter:data1\" content=\"1 minuto\" \/>\n<script type=\"application\/ld+json\" class=\"yoast-schema-graph\">{\"@context\":\"https:\/\/schema.org\",\"@graph\":[{\"@type\":\"WebPage\",\"@id\":\"https:\/\/www.blackjackinfo.com\/submit-a-complaint\/\",\"url\":\"https:\/\/www.blackjackinfo.com\/submit-a-complaint\/\",\"name\":\"Submit a Complaint against an Online Casino\",\"isPartOf\":{\"@id\":\"https:\/\/www.blackjackinfo.com\/#website\"},\"datePublished\":\"2025-04-17T10:44:58+00:00\",\"dateModified\":\"2025-05-13T11:07:01+00:00\",\"description\":\"Guidelines for Submitting a Complaint Use our complaint submission service to report issues such as delayed payments, unfair practices, bonus problems, or\",\"breadcrumb\":{\"@id\":\"https:\/\/www.blackjackinfo.com\/submit-a-complaint\/#breadcrumb\"},\"inLanguage\":\"es\",\"potentialAction\":[{\"@type\":\"ReadAction\",\"target\":[\"https:\/\/www.blackjackinfo.com\/submit-a-complaint\/\"]}]},{\"@type\":\"BreadcrumbList\",\"@id\":\"https:\/\/www.blackjackinfo.com\/submit-a-complaint\/#breadcrumb\",\"itemListElement\":[{\"@type\":\"ListItem\",\"position\":1,\"name\":\"Home\",\"item\":\"https:\/\/www.blackjackinfo.com\/\"},{\"@type\":\"ListItem\",\"position\":2,\"name\":\"Submit a Complaint against an Online Casino\"}]},{\"@type\":\"WebSite\",\"@id\":\"https:\/\/www.blackjackinfo.com\/#website\",\"url\":\"https:\/\/www.blackjackinfo.com\/\",\"name\":\"BlackjackInfo.com\",\"description\":\"Because Winning is More Fun!\",\"potentialAction\":[{\"@type\":\"SearchAction\",\"target\":{\"@type\":\"EntryPoint\",\"urlTemplate\":\"https:\/\/www.blackjackinfo.com\/?s={search_term_string}\"},\"query-input\":{\"@type\":\"PropertyValueSpecification\",\"valueRequired\":true,\"valueName\":\"search_term_string\"}}],\"inLanguage\":\"es\"}]}<\/script>\n<!-- \/ Yoast SEO plugin. -->","yoast_head_json":{"title":"Presentar una reclamaci\u00f3n contra un casino en l\u00ednea","description":"Directrices para presentar una reclamaci\u00f3n Utilice nuestro servicio de presentaci\u00f3n de reclamaciones para informar de problemas como retrasos en los pagos, pr\u00e1cticas desleales, problemas con las bonificaciones o","robots":{"index":"index","follow":"follow","max-snippet":"max-snippet:-1","max-image-preview":"max-image-preview:large","max-video-preview":"max-video-preview:-1"},"canonical":"https:\/\/www.blackjackinfo.com\/es\/presentar-una-denuncia\/","og_locale":"es_ES","og_type":"article","og_title":"Submit a Complaint against an Online Casino","og_description":"Guidelines for Submitting a Complaint Use our complaint submission service to report issues such as delayed payments, unfair practices, bonus problems, or","og_url":"https:\/\/www.blackjackinfo.com\/es\/presentar-una-denuncia\/","og_site_name":"BlackjackInfo.com","article_modified_time":"2025-05-13T11:07:01+00:00","twitter_misc":{"Tiempo de lectura":"1 minuto"},"schema":{"@context":"https:\/\/schema.org","@graph":[{"@type":"WebPage","@id":"https:\/\/www.blackjackinfo.com\/submit-a-complaint\/","url":"https:\/\/www.blackjackinfo.com\/submit-a-complaint\/","name":"Presentar una reclamaci\u00f3n contra un casino en l\u00ednea","isPartOf":{"@id":"https:\/\/www.blackjackinfo.com\/#website"},"datePublished":"2025-04-17T10:44:58+00:00","dateModified":"2025-05-13T11:07:01+00:00","description":"Directrices para presentar una reclamaci\u00f3n Utilice nuestro servicio de presentaci\u00f3n de reclamaciones para informar de problemas como retrasos en los pagos, pr\u00e1cticas desleales, problemas con las bonificaciones o","breadcrumb":{"@id":"https:\/\/www.blackjackinfo.com\/submit-a-complaint\/#breadcrumb"},"inLanguage":"es","potentialAction":[{"@type":"ReadAction","target":["https:\/\/www.blackjackinfo.com\/submit-a-complaint\/"]}]},{"@type":"BreadcrumbList","@id":"https:\/\/www.blackjackinfo.com\/submit-a-complaint\/#breadcrumb","itemListElement":[{"@type":"ListItem","position":1,"name":"Home","item":"https:\/\/www.blackjackinfo.com\/"},{"@type":"ListItem","position":2,"name":"Submit a Complaint against an Online Casino"}]},{"@type":"WebSite","@id":"https:\/\/www.blackjackinfo.com\/#website","url":"https:\/\/www.blackjackinfo.com\/","name":"BlackjackInfo.com","description":"\u00a1Porque ganar es m\u00e1s divertido!","potentialAction":[{"@type":"SearchAction","target":{"@type":"EntryPoint","urlTemplate":"https:\/\/www.blackjackinfo.com\/?s={search_term_string}"},"query-input":{"@type":"PropertyValueSpecification","valueRequired":true,"valueName":"search_term_string"}}],"inLanguage":"es"}]}},"_links":{"self":[{"href":"https:\/\/www.blackjackinfo.com\/es\/wp-json\/wp\/v2\/pages\/8270","targetHints":{"allow":["GET"]}}],"collection":[{"href":"https:\/\/www.blackjackinfo.com\/es\/wp-json\/wp\/v2\/pages"}],"about":[{"href":"https:\/\/www.blackjackinfo.com\/es\/wp-json\/wp\/v2\/types\/page"}],"author":[{"embeddable":true,"href":"https:\/\/www.blackjackinfo.com\/es\/wp-json\/wp\/v2\/users\/4"}],"replies":[{"embeddable":true,"href":"https:\/\/www.blackjackinfo.com\/es\/wp-json\/wp\/v2\/comments?post=8270"}],"version-history":[{"count":7,"href":"https:\/\/www.blackjackinfo.com\/es\/wp-json\/wp\/v2\/pages\/8270\/revisions"}],"predecessor-version":[{"id":8476,"href":"https:\/\/www.blackjackinfo.com\/es\/wp-json\/wp\/v2\/pages\/8270\/revisions\/8476"}],"wp:attachment":[{"href":"https:\/\/www.blackjackinfo.com\/es\/wp-json\/wp\/v2\/media?parent=8270"}],"wp:term":[{"taxonomy":"post_tag","embeddable":true,"href":"https:\/\/www.blackjackinfo.com\/es\/wp-json\/wp\/v2\/tags?post=8270"}],"curies":[{"name":"wp","href":"https:\/\/api.w.org\/{rel}","templated":true}]}}