{"id":837,"date":"2014-10-21T16:53:50","date_gmt":"2014-10-21T21:53:50","guid":{"rendered":"http:\/\/test.blackjackinfo.com\/?page_id=837"},"modified":"2018-06-22T02:30:44","modified_gmt":"2018-06-22T07:30:44","slug":"tarjeta","status":"publish","type":"page","link":"https:\/\/www.blackjackinfo.com\/es\/card\/","title":{"rendered":"Cartas de estrategia de blackjack, b\u00e1sicas y avanzadas"},"content":{"rendered":"<p class=\"intro\">Ofrecemos dos juegos diferentes de cartas de estrategia de blackjack de la m\u00e1s alta calidad. Nuestras Cartas de Estrategia B\u00e1sica de Blackjack proporcionan estrategias b\u00e1sicas perfectamente optimizadas para todas las variaciones de reglas comunes, mientras que nuestras Cartas de Estrategia Avanzada de Blackjack a\u00f1aden tambi\u00e9n n\u00fameros \u00edndices \u00f3ptimos de conteo de cartas Hi-Lo.<\/p>\n<p><img loading=\"lazy\" decoding=\"async\" class=\"aligncenter size-full wp-image-847\" src=\"\/files\/strategy-cards-600x480.jpg\" alt=\"strategy-cards-600x480\" width=\"600\" height=\"480\" srcset=\"https:\/\/www.blackjackinfo.com\/files\/strategy-cards-600x480.jpg 600w, https:\/\/www.blackjackinfo.com\/files\/strategy-cards-600x480-300x240.jpg 300w\" sizes=\"auto, (max-width: 600px) 100vw, 600px\" data-no-auto-translation=\"\" \/><\/p>\n<div style=\"border: 1px solid black; margin: 15px 0; padding: 8px;\">\n<h3>Blackjack Cartas de Estrategia B\u00e1sica:<\/h3>\n<p><img loading=\"lazy\" decoding=\"async\" src=\"\/files\/SetOfSixCover-186x300.jpg\" alt=\"Set of Six Blackjack Strategy Cards\" width=\"186\" height=\"300\" class=\"alignright size-medium wp-image-856\" srcset=\"https:\/\/www.blackjackinfo.com\/files\/SetOfSixCover-186x300.jpg 186w, https:\/\/www.blackjackinfo.com\/files\/SetOfSixCover.jpg 240w\" sizes=\"auto, (max-width: 186px) 100vw, 186px\" data-no-auto-translation=\"\" \/><\/p>\n<h4 class=\"text-center\"><a href=\"\/card\/basic-strategy-card-instructions\/\">Ver instrucciones<\/a><\/h4>\n<p>\tEste <a href=\"http:\/\/www.amazon.com\/dp\/098211916X\/?tag=theblackjacbasic\">juego de seis tarjetas tama\u00f1o cartera<\/a> muestra la estrategia b\u00e1sica \u00f3ptima para cada uno de estos juegos:<\/p>\n<ul>\n<li><a href=\"http:\/\/www.amazon.com\/dp\/0982119100\/?tag=theblackjacbasic\">1 baraja, el repartidor se planta en todos los 17s<\/a><\/li>\n<li><a href=\"http:\/\/www.amazon.com\/dp\/0982119119\/?tag=theblackjacbasic\">1 baraja, el repartidor acierta un 17 suave<\/a><\/li>\n<li><a href=\"http:\/\/www.amazon.com\/dp\/0982119127\/?tag=theblackjacbasic\">2 barajas, el repartidor se planta en todos los 17s<\/a><\/li>\n<li><a href=\"http:\/\/www.amazon.com\/dp\/0982119135\/?tag=theblackjacbasic\">2 barajas, el repartidor acierta un 17 suave<\/a><\/li>\n<li><a href=\"http:\/\/www.amazon.com\/dp\/0982119143\/?tag=theblackjacbasic\">4\/6\/8 barajas, el repartidor se planta en todos los 17s<\/a><\/li>\n<li><a href=\"http:\/\/www.amazon.com\/dp\/0982119151\/?tag=theblackjacbasic\">4\/6\/8 barajas, la banca acierta un 17 suave<\/a><\/li>\n<\/ul>\n<p>\tCada carta presenta la estrategia b\u00e1sica perfecta de BlackjackInfo.com y est\u00e1 hecha de pl\u00e1stico s\u00f3lido y resistente.  Las cartas tienen el tama\u00f1o de una tarjeta de cr\u00e9dito para que quepan f\u00e1cilmente en tu cartera.<\/p>\n<h4 class=\"text-center\"><a href=\"http:\/\/www.amazon.com\/dp\/098211916X\/?tag=theblackjacbasic\">Comprar ahora<\/a><\/h4>\n<\/div>\n<div style=\"border: 1px solid black; margin: 15px 0; padding: 8px;\">\n<h3>Blackjack Cartas de Estrategia Avanzada:<\/h3>\n<p><img loading=\"lazy\" decoding=\"async\" src=\"\/files\/blackjack-advanced-strategy-cards-cover-221x336-197x300.jpg\" alt=\"Blackjack Advanced Strategy Cards\" width=\"197\" height=\"300\" class=\"alignright size-medium wp-image-871\" srcset=\"https:\/\/www.blackjackinfo.com\/files\/blackjack-advanced-strategy-cards-cover-221x336-197x300.jpg 197w, https:\/\/www.blackjackinfo.com\/files\/blackjack-advanced-strategy-cards-cover-221x336.jpg 221w\" sizes=\"auto, (max-width: 197px) 100vw, 197px\" data-no-auto-translation=\"\" \/><\/p>\n<h4 class=\"text-center\"><a href=\"\/card\/advanced-strategy-card-instructions\/\">Ver instrucciones<\/a><\/h4>\n<p>\tEste <a href=\"http:\/\/www.amazon.com\/dp\/0982119178\/?tag=theblackjacbasic\">juego de doce tarjetas de bolsillo<\/a> incluye las mismas estrategias b\u00e1sicas perfectas que el juego b\u00e1sico, pero luego a\u00f1ade el sistema de conteo de cartas Hi-Lo n\u00fameros \u00edndice de -5 a +5.<\/p>\n<p>\tPara cada juego, el juego incluye dos tarjetas de pl\u00e1stico diferentes.  Una tarjeta muestra los n\u00fameros del \u00edndice Hi-Lo impresos como peque\u00f1os n\u00fameros en la esquina de la casilla de decisi\u00f3n.  Una segunda versi\u00f3n \"oculta\" de cada tarjeta codifica los n\u00fameros \u00edndice mediante una serie de peque\u00f1os puntos negros.<\/p>\n<p>\tCada tarjeta tiene tama\u00f1o de bolsillo y est\u00e1 fabricada en pl\u00e1stico s\u00f3lido y resistente.<\/p>\n<h4 class=\"text-center\"><a href=\"http:\/\/www.amazon.com\/dp\/0982119178\/?tag=theblackjacbasic\">Comprar ahora<\/a><\/h4>\n<\/div>","protected":false},"excerpt":{"rendered":"<p>We offer two different sets of the highest quality blackjack strategy cards. Our Blackjack Basic Strategy Cards provide perfectly optimized basic strategies for all the common rule variations, while our Blackjack Advanced Strategy Cards add optimal Hi-Lo card counting index numbers as well. Blackjack Basic Strategy Cards: View Instructions This set of six wallet-size cards [&hellip;]<\/p>\n","protected":false},"author":2,"featured_media":0,"parent":0,"menu_order":0,"comment_status":"open","ping_status":"closed","template":"","meta":{"_acf_changed":false,"footnotes":""},"tags":[],"class_list":["post-837","page","type-page","status-publish","hentry"],"acf":[],"yoast_head":"<!-- This site is optimized with the Yoast SEO plugin v26.6 - https:\/\/yoast.com\/wordpress\/plugins\/seo\/ -->\n<title>Blackjack Strategy Cards, Basic and Advanced<\/title>\n<meta name=\"description\" content=\"We offer the highest quality blackjack strategy cards, in a wallet-size set for basic strategy, and also an advanced card set for card counting.\" \/>\n<meta name=\"robots\" content=\"index, follow, max-snippet:-1, max-image-preview:large, max-video-preview:-1\" \/>\n<link rel=\"canonical\" href=\"https:\/\/www.blackjackinfo.com\/es\/tarjeta\/\" \/>\n<meta property=\"og:locale\" content=\"es_ES\" \/>\n<meta property=\"og:type\" content=\"article\" \/>\n<meta property=\"og:title\" content=\"Blackjack Strategy Cards, Basic and Advanced\" \/>\n<meta property=\"og:description\" content=\"We offer the highest quality blackjack strategy cards, in a wallet-size set for basic strategy, and also an advanced card set for card counting.\" \/>\n<meta property=\"og:url\" content=\"https:\/\/www.blackjackinfo.com\/es\/tarjeta\/\" \/>\n<meta property=\"og:site_name\" content=\"BlackjackInfo.com\" \/>\n<meta property=\"article:modified_time\" content=\"2018-06-22T07:30:44+00:00\" \/>\n<meta name=\"twitter:label1\" content=\"Tiempo de lectura\" \/>\n\t<meta name=\"twitter:data1\" content=\"1 minuto\" \/>\n<script type=\"application\/ld+json\" class=\"yoast-schema-graph\">{\"@context\":\"https:\/\/schema.org\",\"@graph\":[{\"@type\":\"WebPage\",\"@id\":\"https:\/\/www.blackjackinfo.com\/card\/\",\"url\":\"https:\/\/www.blackjackinfo.com\/card\/\",\"name\":\"Blackjack Strategy Cards, Basic and Advanced\",\"isPartOf\":{\"@id\":\"https:\/\/www.blackjackinfo.com\/#website\"},\"datePublished\":\"2014-10-21T21:53:50+00:00\",\"dateModified\":\"2018-06-22T07:30:44+00:00\",\"description\":\"We offer the highest quality blackjack strategy cards, in a wallet-size set for basic strategy, and also an advanced card set for card counting.\",\"breadcrumb\":{\"@id\":\"https:\/\/www.blackjackinfo.com\/card\/#breadcrumb\"},\"inLanguage\":\"es\",\"potentialAction\":[{\"@type\":\"ReadAction\",\"target\":[\"https:\/\/www.blackjackinfo.com\/card\/\"]}]},{\"@type\":\"BreadcrumbList\",\"@id\":\"https:\/\/www.blackjackinfo.com\/card\/#breadcrumb\",\"itemListElement\":[{\"@type\":\"ListItem\",\"position\":1,\"name\":\"Home\",\"item\":\"https:\/\/www.blackjackinfo.com\/\"},{\"@type\":\"ListItem\",\"position\":2,\"name\":\"Blackjack Strategy Cards, Basic and Advanced\"}]},{\"@type\":\"WebSite\",\"@id\":\"https:\/\/www.blackjackinfo.com\/#website\",\"url\":\"https:\/\/www.blackjackinfo.com\/\",\"name\":\"BlackjackInfo.com\",\"description\":\"Because Winning is More Fun!\",\"potentialAction\":[{\"@type\":\"SearchAction\",\"target\":{\"@type\":\"EntryPoint\",\"urlTemplate\":\"https:\/\/www.blackjackinfo.com\/?s={search_term_string}\"},\"query-input\":{\"@type\":\"PropertyValueSpecification\",\"valueRequired\":true,\"valueName\":\"search_term_string\"}}],\"inLanguage\":\"es\"}]}<\/script>\n<!-- \/ Yoast SEO plugin. -->","yoast_head_json":{"title":"Cartas de estrategia de blackjack, b\u00e1sicas y avanzadas","description":"Ofrecemos las cartas de estrategia de blackjack de mayor calidad, en un juego de tama\u00f1o cartera para la estrategia b\u00e1sica, y tambi\u00e9n un juego de cartas avanzado para el conteo de cartas.","robots":{"index":"index","follow":"follow","max-snippet":"max-snippet:-1","max-image-preview":"max-image-preview:large","max-video-preview":"max-video-preview:-1"},"canonical":"https:\/\/www.blackjackinfo.com\/es\/tarjeta\/","og_locale":"es_ES","og_type":"article","og_title":"Blackjack Strategy Cards, Basic and Advanced","og_description":"We offer the highest quality blackjack strategy cards, in a wallet-size set for basic strategy, and also an advanced card set for card counting.","og_url":"https:\/\/www.blackjackinfo.com\/es\/tarjeta\/","og_site_name":"BlackjackInfo.com","article_modified_time":"2018-06-22T07:30:44+00:00","twitter_misc":{"Tiempo de lectura":"1 minuto"},"schema":{"@context":"https:\/\/schema.org","@graph":[{"@type":"WebPage","@id":"https:\/\/www.blackjackinfo.com\/card\/","url":"https:\/\/www.blackjackinfo.com\/card\/","name":"Cartas de estrategia de blackjack, b\u00e1sicas y avanzadas","isPartOf":{"@id":"https:\/\/www.blackjackinfo.com\/#website"},"datePublished":"2014-10-21T21:53:50+00:00","dateModified":"2018-06-22T07:30:44+00:00","description":"Ofrecemos las cartas de estrategia de blackjack de mayor calidad, en un juego de tama\u00f1o cartera para la estrategia b\u00e1sica, y tambi\u00e9n un juego de cartas avanzado para el conteo de cartas.","breadcrumb":{"@id":"https:\/\/www.blackjackinfo.com\/card\/#breadcrumb"},"inLanguage":"es","potentialAction":[{"@type":"ReadAction","target":["https:\/\/www.blackjackinfo.com\/card\/"]}]},{"@type":"BreadcrumbList","@id":"https:\/\/www.blackjackinfo.com\/card\/#breadcrumb","itemListElement":[{"@type":"ListItem","position":1,"name":"Home","item":"https:\/\/www.blackjackinfo.com\/"},{"@type":"ListItem","position":2,"name":"Blackjack Strategy Cards, Basic and Advanced"}]},{"@type":"WebSite","@id":"https:\/\/www.blackjackinfo.com\/#website","url":"https:\/\/www.blackjackinfo.com\/","name":"BlackjackInfo.com","description":"\u00a1Porque ganar es m\u00e1s divertido!","potentialAction":[{"@type":"SearchAction","target":{"@type":"EntryPoint","urlTemplate":"https:\/\/www.blackjackinfo.com\/?s={search_term_string}"},"query-input":{"@type":"PropertyValueSpecification","valueRequired":true,"valueName":"search_term_string"}}],"inLanguage":"es"}]}},"_links":{"self":[{"href":"https:\/\/www.blackjackinfo.com\/es\/wp-json\/wp\/v2\/pages\/837","targetHints":{"allow":["GET"]}}],"collection":[{"href":"https:\/\/www.blackjackinfo.com\/es\/wp-json\/wp\/v2\/pages"}],"about":[{"href":"https:\/\/www.blackjackinfo.com\/es\/wp-json\/wp\/v2\/types\/page"}],"author":[{"embeddable":true,"href":"https:\/\/www.blackjackinfo.com\/es\/wp-json\/wp\/v2\/users\/2"}],"replies":[{"embeddable":true,"href":"https:\/\/www.blackjackinfo.com\/es\/wp-json\/wp\/v2\/comments?post=837"}],"version-history":[{"count":30,"href":"https:\/\/www.blackjackinfo.com\/es\/wp-json\/wp\/v2\/pages\/837\/revisions"}],"predecessor-version":[{"id":1765,"href":"https:\/\/www.blackjackinfo.com\/es\/wp-json\/wp\/v2\/pages\/837\/revisions\/1765"}],"wp:attachment":[{"href":"https:\/\/www.blackjackinfo.com\/es\/wp-json\/wp\/v2\/media?parent=837"}],"wp:term":[{"taxonomy":"post_tag","embeddable":true,"href":"https:\/\/www.blackjackinfo.com\/es\/wp-json\/wp\/v2\/tags?post=837"}],"curies":[{"name":"wp","href":"https:\/\/api.w.org\/{rel}","templated":true}]}}