{"id":875,"date":"2014-10-22T12:30:01","date_gmt":"2014-10-22T17:30:01","guid":{"rendered":"http:\/\/test.blackjackinfo.com\/?page_id=875"},"modified":"2018-06-22T02:31:04","modified_gmt":"2018-06-22T07:31:04","slug":"instrucciones-de-la-tarjeta-de-estrategia-basica","status":"publish","type":"page","link":"https:\/\/www.blackjackinfo.com\/es\/card\/basic-strategy-card-instructions\/","title":{"rendered":"Blackjack Estrategia B\u00e1sica Instrucciones de Cartas"},"content":{"rendered":"<p><img loading=\"lazy\" decoding=\"async\" src=\"\/files\/SixCards-300x198.jpg\" alt=\"Set of Six Cards\" width=\"300\" height=\"198\" class=\"alignright size-full wp-image-878\" data-no-auto-translation=\"\" \/><\/p>\n<p class=\"intro\">Tarjetas de estrategia de blackjack de tama\u00f1o cartera adaptadas espec\u00edficamente a cada conjunto de reglas. Disponibles individualmente o en un juego de las seis.<\/p>\n<p>En <a href=\"http:\/\/www.amazon.com\/dp\/098211916X\/?tag=theblackjacbasic\">juego completo de 6 cartas<\/a> incluye:<\/p>\n<ul>\n<li><a href=\"http:\/\/www.amazon.com\/dp\/0982119100\/?tag=theblackjacbasic\">1 baraja, el repartidor se planta en todos los 17s<\/a><\/li>\n<li><a href=\"http:\/\/www.amazon.com\/dp\/0982119119\/?tag=theblackjacbasic\">1 baraja, el repartidor acierta un 17 suave<\/a><\/li>\n<li><a href=\"http:\/\/www.amazon.com\/dp\/0982119127\/?tag=theblackjacbasic\">2 barajas, el repartidor se planta en todos los 17s<\/a><\/li>\n<li><a href=\"http:\/\/www.amazon.com\/dp\/0982119135\/?tag=theblackjacbasic\">2 barajas, el repartidor acierta un 17 suave<\/a><\/li>\n<li><a href=\"http:\/\/www.amazon.com\/dp\/0982119143\/?tag=theblackjacbasic\">4\/6\/8 barajas, el repartidor se planta en todos los 17s<\/a><\/li>\n<li><a href=\"http:\/\/www.amazon.com\/dp\/0982119151\/?tag=theblackjacbasic\">4\/6\/8 barajas, la banca acierta un 17 suave<\/a><\/li>\n<\/ul>\n<ul>\n<li>Cada carta presenta la estrategia b\u00e1sica perfecta de BlackjackInfo.com<\/li>\n<li>Peque\u00f1as cartas del tama\u00f1o de una tarjeta de cr\u00e9dito para facilitar su uso en la mesa del casino.<\/li>\n<li>Pl\u00e1stico s\u00f3lido para mayor durabilidad, lo suficientemente peque\u00f1o como para caber en la cartera.<\/li>\n<\/ul>\n<p>Tambi\u00e9n est\u00e1n disponibles aqu\u00ed <a href=\"\/card\/advanced-strategy-card-instructions\/\">Cartas de estrategia avanzada<\/a>que incluyen n\u00fameros \u00edndices para contar tarjetas.<\/p>\n<hr>\n<h2>Instrucciones:<\/h2>\n<div style=\"border: 1px solid black; margin: 15px 0; padding: 10px;\" class=\"clearfix\">\n<h3>Paso 1: Elija la tarjeta de estrategia correcta.<\/h3>\n<p><img loading=\"lazy\" decoding=\"async\" src=\"\/files\/2dh17.gif\" alt=\"2dh17\" width=\"300\" height=\"458\" class=\"alignright size-full wp-image-849\" data-no-auto-translation=\"\" \/><\/p>\n<p>        <b>N\u00famero de cubiertas:<\/b><br \/>\n        Determine cu\u00e1ntas barajas se utilizan en el juego concreto al que est\u00e1 jugando.  Si no est\u00e1 seguro, pregunte al crupier.<\/p>\n<p>        Nuestras cartas de estrategia vienen en versiones de 1 mazo, 2 mazos y 4\/6\/8 mazos.  Utilice la carta de 4\/6\/8 barajas para cualquier n\u00famero de barajas superior a dos. Por ejemplo, algunos juegos de barajado continuo utilizan 5 barajas.<\/p>\n<p>        <b>\u00bfLa banca acierta o se planta con un 17 blando?<\/b><br \/>\n        Algunos casinos ofrecen juegos en los que el crupier debe plantarse en todos los 17s, mientras que otros requieren que el crupier tome otra carta si tiene un \"17 suave\". El fieltro de mesa debe incluir un texto que diga \"El crupier se planta con todos los 17\" o \"El crupier tiene un 17 blando\".  Utilice esta informaci\u00f3n para elegir la carta de estrategia correcta.<\/p>\n<blockquote><p><b>\u00bfQu\u00e9 es un soft 17?<\/b>  Una mano \"blanda\" es una mano que incluye un As y no puede pasarse si coge otra carta.  Una mano de (As,6) es un 17 blando.<br \/>\n          Una mano de (3,As,3) tambi\u00e9n es un 17 blando.  Sin embargo, la mano (3,Diez,As,3) no es un 17 suave aunque incluya un As.\n          <\/p><\/blockquote>\n<p>        Para nuestro ejemplo, vamos a suponer que usted est\u00e1 jugando un juego de 2 barajas, y el texto en la mesa indica que el distribuidor golpea suave 17.\n<\/p><\/div>\n<div style=\"border: 1px solid black; margin: 15px 0; padding: 10px;\" class=\"clearfix\">\n<h3>Paso 2: Busque la fila correspondiente a su mano en la tarjeta.<\/h3>\n<p><a class=\"alignright\" href=\"\/files\/hard12.gif\"><img loading=\"lazy\" decoding=\"async\" src=\"\/files\/hard12.gif\" alt=\"hard12\" width=\"300\" height=\"458\" class=\"alignnone size-full wp-image-889\" data-no-auto-translation=\"\" \/><\/a><br \/>\n        Una vez que haya elegido la carta de estrategia adecuada, cons\u00faltela siempre que se encuentre con una mano para la que no est\u00e9 seguro de cu\u00e1l es la mejor estrategia.  Cada tarjeta est\u00e1 dividida en tres secciones principales.  En el anverso de la tarjeta encontrar\u00e1 secciones para manos totales duras y blandas que no sean parejas.  En el reverso de la tarjeta encontrar\u00e1 consejos completos para jugar manos que son parejas.<\/p>\n<p>        Si su mano de dos cartas es una pareja de dos cartas del mismo valor, consulte la secci\u00f3n \"Parejas\" en el reverso de la tarjeta.  Si su mano de dos cartas incluye un As, consulte la secci\u00f3n \"Totales suaves\" del anverso de la tarjeta.  Si su mano de dos cartas no incluye un As, busque el total de su mano en la secci\u00f3n \"Totales Duros\".  En cada caso, busque la fila que corresponda a su mano.<\/p>\n<p>        Por ejemplo, supongamos que se le reparte la mano (9,3) y el crupier muestra un tres.  Como su mano no es una pareja, y no incluye un As, busque su total (9+3 = 12) en la secci\u00f3n de Totales Duros, como se indica aqu\u00ed.\n<\/p><\/div>\n<div style=\"border: 1px solid black; margin: 15px 0; padding: 10px;\" class=\"clearfix\">\n<h3>Paso 3: Busque la columna de la carta descubierta del crupier.<\/h3>\n<p><img loading=\"lazy\" decoding=\"async\" src=\"\/files\/dealer3.gif\" alt=\"Dealer Upcard of 3\" width=\"300\" height=\"458\" class=\"alignright size-full wp-image-893\" data-no-auto-translation=\"\" \/><br \/>\n        Ahora busque la carta descubierta del crupier para identificar la columna que debe utilizar.  En nuestro ejemplo, el crupier tiene un tres.  Las cartas del crupier con un as se muestran como \"A\" en las cartas.  Las cartas del crupier con diez, jota, reina y rey se tratan como un valor de diez, indicado en nuestras cartas como una \"T\".<\/p>\n<p>        Nuestro ejemplo es para el crupier que tiene un tres como carta inicial.\n<\/p><\/div>\n<div style=\"border: 1px solid black; margin: 15px 0; padding: 10px;\" class=\"clearfix\">\n<h3>Paso 4: Localizar la estrategia en la intersecci\u00f3n.<\/h3>\n<p><img loading=\"lazy\" decoding=\"async\" src=\"\/files\/93v3.gif\" alt=\"(9,3) vs 3\" width=\"300\" height=\"458\" class=\"alignright size-full wp-image-896\" data-no-auto-translation=\"\" \/><br \/>\n        Ahora que ha localizado la fila (su mano) y la columna (la carta descubierta del crupier) adecuadas, aparece la estrategia apropiada en la intersecci\u00f3n.<\/p>\n<p>        Para nuestra mano de ejemplo de (9,3) contra un 3 del crupier, es aqu\u00ed:<\/p>\n<p>        Hay muchos valores posibles indicados en el gr\u00e1fico de estrategia, por lo que veremos cada notaci\u00f3n posible:<br \/>\n<img loading=\"lazy\" decoding=\"async\" src=\"\/files\/strategykey.gif\" alt=\"Strategy Key\" width=\"307\" height=\"210\" class=\"size-full wp-image-897\" data-no-auto-translation=\"\" \/><\/p>\n<ul>\n<li><b>Hit<\/b>: Golpea tu mano (pide otra carta).<\/li>\n<li><b>Stand<\/b>: Lev\u00e1ntate y mant\u00e9n tu mano actual.<\/li>\n<li><b>Doble<\/b>: Double Down (doble su apuesta original y reciba una carta m\u00e1s).<br \/>\n           Observe las dos variedades D y DS, que indican qu\u00e9 hacer si no se permite la duplicaci\u00f3n.<\/li>\n<li><b>R\u00edndete<\/b>: R\u00edndete y retira tu mano para recibir la mitad de tu apuesta.<\/li>\n<li><b>Dividir<\/b>: Divide tus dos cartas iniciales del mismo rango para formar dos manos separadas.<br \/>\n           Tenga en cuenta que algunas divisiones s\u00f3lo son apropiadas si se permite la divisi\u00f3n doble despu\u00e9s de la divisi\u00f3n (DAS).<br \/>\n           (Las impresiones recientes de las tarjetas tienen tablas separadas para DAS y No DAS, lo que simplifica a\u00fan m\u00e1s esta tarea).<\/li>\n<\/ul>\n<\/div>\n<h3><a href=\"http:\/\/www.amazon.com\/dp\/098211916X\/?tag=theblackjacbasic\">Compre ahora un juego de tarjetas de estrategia b\u00e1sica.<\/a><\/h3>\n<hr>\n<p>\u00bfPreparado para llevar su juego al siguiente nivel?  Consulte nuestro <a href=\"\/card\/advanced-strategy-card-instructions\/\">Cartas de estrategia avanzada para Blackjack<\/a>que incluyen n\u00fameros de \u00edndice de recuento de cartas Hi-Lo \u00f3ptimos directamente en la carta.<\/p>","protected":false},"excerpt":{"rendered":"<p>Wallet-size blackjack strategy cards tailored specifically for each set of rules. Available individually, or in a set of all six. The full 6-card set includes: 1 Deck, Dealer Stands on all 17s 1 Deck, Dealer Hits Soft 17 2 Decks, Dealer Stands on all 17s 2 Decks, Dealer Hits Soft 17 4\/6\/8 Decks, Dealer Stands [&hellip;]<\/p>\n","protected":false},"author":2,"featured_media":0,"parent":837,"menu_order":0,"comment_status":"open","ping_status":"closed","template":"","meta":{"_acf_changed":false,"footnotes":""},"tags":[],"class_list":["post-875","page","type-page","status-publish","hentry"],"acf":[],"yoast_head":"<!-- This site is optimized with the Yoast SEO plugin v26.6 - https:\/\/yoast.com\/wordpress\/plugins\/seo\/ -->\n<title>Blackjack Basic Strategy Card Instructions<\/title>\n<meta name=\"description\" content=\"Our credit-card-sized blackjack strategy cards are durable solid plastic, and offer optimized strategies for six different sets of casino rules.\" \/>\n<meta name=\"robots\" content=\"index, follow, max-snippet:-1, max-image-preview:large, max-video-preview:-1\" \/>\n<link rel=\"canonical\" href=\"https:\/\/www.blackjackinfo.com\/es\/tarjeta\/instrucciones-de-la-tarjeta-de-estrategia-basica\/\" \/>\n<meta property=\"og:locale\" content=\"es_ES\" \/>\n<meta property=\"og:type\" content=\"article\" \/>\n<meta property=\"og:title\" content=\"Blackjack Basic Strategy Card Instructions\" \/>\n<meta property=\"og:description\" content=\"Our credit-card-sized blackjack strategy cards are durable solid plastic, and offer optimized strategies for six different sets of casino rules.\" \/>\n<meta property=\"og:url\" content=\"https:\/\/www.blackjackinfo.com\/es\/tarjeta\/instrucciones-de-la-tarjeta-de-estrategia-basica\/\" \/>\n<meta property=\"og:site_name\" content=\"BlackjackInfo.com\" \/>\n<meta property=\"article:modified_time\" content=\"2018-06-22T07:31:04+00:00\" \/>\n<meta name=\"twitter:label1\" content=\"Tiempo de lectura\" \/>\n\t<meta name=\"twitter:data1\" content=\"4 minutos\" \/>\n<script type=\"application\/ld+json\" class=\"yoast-schema-graph\">{\"@context\":\"https:\/\/schema.org\",\"@graph\":[{\"@type\":\"WebPage\",\"@id\":\"https:\/\/www.blackjackinfo.com\/card\/basic-strategy-card-instructions\/\",\"url\":\"https:\/\/www.blackjackinfo.com\/card\/basic-strategy-card-instructions\/\",\"name\":\"Blackjack Basic Strategy Card Instructions\",\"isPartOf\":{\"@id\":\"https:\/\/www.blackjackinfo.com\/#website\"},\"datePublished\":\"2014-10-22T17:30:01+00:00\",\"dateModified\":\"2018-06-22T07:31:04+00:00\",\"description\":\"Our credit-card-sized blackjack strategy cards are durable solid plastic, and offer optimized strategies for six different sets of casino rules.\",\"breadcrumb\":{\"@id\":\"https:\/\/www.blackjackinfo.com\/card\/basic-strategy-card-instructions\/#breadcrumb\"},\"inLanguage\":\"es\",\"potentialAction\":[{\"@type\":\"ReadAction\",\"target\":[\"https:\/\/www.blackjackinfo.com\/card\/basic-strategy-card-instructions\/\"]}]},{\"@type\":\"BreadcrumbList\",\"@id\":\"https:\/\/www.blackjackinfo.com\/card\/basic-strategy-card-instructions\/#breadcrumb\",\"itemListElement\":[{\"@type\":\"ListItem\",\"position\":1,\"name\":\"Home\",\"item\":\"https:\/\/www.blackjackinfo.com\/\"},{\"@type\":\"ListItem\",\"position\":2,\"name\":\"Blackjack Strategy Cards, Basic and Advanced\",\"item\":\"https:\/\/www.blackjackinfo.com\/card\/\"},{\"@type\":\"ListItem\",\"position\":3,\"name\":\"Blackjack Basic Strategy Card Instructions\"}]},{\"@type\":\"WebSite\",\"@id\":\"https:\/\/www.blackjackinfo.com\/#website\",\"url\":\"https:\/\/www.blackjackinfo.com\/\",\"name\":\"BlackjackInfo.com\",\"description\":\"Because Winning is More Fun!\",\"potentialAction\":[{\"@type\":\"SearchAction\",\"target\":{\"@type\":\"EntryPoint\",\"urlTemplate\":\"https:\/\/www.blackjackinfo.com\/?s={search_term_string}\"},\"query-input\":{\"@type\":\"PropertyValueSpecification\",\"valueRequired\":true,\"valueName\":\"search_term_string\"}}],\"inLanguage\":\"es\"}]}<\/script>\n<!-- \/ Yoast SEO plugin. -->","yoast_head_json":{"title":"Blackjack Estrategia B\u00e1sica Instrucciones de Cartas","description":"Nuestras tarjetas de estrategia de blackjack del tama\u00f1o de una tarjeta de cr\u00e9dito son de pl\u00e1stico s\u00f3lido y duradero, y ofrecen estrategias optimizadas para seis conjuntos diferentes de reglas de casino.","robots":{"index":"index","follow":"follow","max-snippet":"max-snippet:-1","max-image-preview":"max-image-preview:large","max-video-preview":"max-video-preview:-1"},"canonical":"https:\/\/www.blackjackinfo.com\/es\/tarjeta\/instrucciones-de-la-tarjeta-de-estrategia-basica\/","og_locale":"es_ES","og_type":"article","og_title":"Blackjack Basic Strategy Card Instructions","og_description":"Our credit-card-sized blackjack strategy cards are durable solid plastic, and offer optimized strategies for six different sets of casino rules.","og_url":"https:\/\/www.blackjackinfo.com\/es\/tarjeta\/instrucciones-de-la-tarjeta-de-estrategia-basica\/","og_site_name":"BlackjackInfo.com","article_modified_time":"2018-06-22T07:31:04+00:00","twitter_misc":{"Tiempo de lectura":"4 minutos"},"schema":{"@context":"https:\/\/schema.org","@graph":[{"@type":"WebPage","@id":"https:\/\/www.blackjackinfo.com\/card\/basic-strategy-card-instructions\/","url":"https:\/\/www.blackjackinfo.com\/card\/basic-strategy-card-instructions\/","name":"Blackjack Estrategia B\u00e1sica Instrucciones de Cartas","isPartOf":{"@id":"https:\/\/www.blackjackinfo.com\/#website"},"datePublished":"2014-10-22T17:30:01+00:00","dateModified":"2018-06-22T07:31:04+00:00","description":"Nuestras tarjetas de estrategia de blackjack del tama\u00f1o de una tarjeta de cr\u00e9dito son de pl\u00e1stico s\u00f3lido y duradero, y ofrecen estrategias optimizadas para seis conjuntos diferentes de reglas de casino.","breadcrumb":{"@id":"https:\/\/www.blackjackinfo.com\/card\/basic-strategy-card-instructions\/#breadcrumb"},"inLanguage":"es","potentialAction":[{"@type":"ReadAction","target":["https:\/\/www.blackjackinfo.com\/card\/basic-strategy-card-instructions\/"]}]},{"@type":"BreadcrumbList","@id":"https:\/\/www.blackjackinfo.com\/card\/basic-strategy-card-instructions\/#breadcrumb","itemListElement":[{"@type":"ListItem","position":1,"name":"Home","item":"https:\/\/www.blackjackinfo.com\/"},{"@type":"ListItem","position":2,"name":"Blackjack Strategy Cards, Basic and Advanced","item":"https:\/\/www.blackjackinfo.com\/card\/"},{"@type":"ListItem","position":3,"name":"Blackjack Basic Strategy Card Instructions"}]},{"@type":"WebSite","@id":"https:\/\/www.blackjackinfo.com\/#website","url":"https:\/\/www.blackjackinfo.com\/","name":"BlackjackInfo.com","description":"\u00a1Porque ganar es m\u00e1s divertido!","potentialAction":[{"@type":"SearchAction","target":{"@type":"EntryPoint","urlTemplate":"https:\/\/www.blackjackinfo.com\/?s={search_term_string}"},"query-input":{"@type":"PropertyValueSpecification","valueRequired":true,"valueName":"search_term_string"}}],"inLanguage":"es"}]}},"_links":{"self":[{"href":"https:\/\/www.blackjackinfo.com\/es\/wp-json\/wp\/v2\/pages\/875","targetHints":{"allow":["GET"]}}],"collection":[{"href":"https:\/\/www.blackjackinfo.com\/es\/wp-json\/wp\/v2\/pages"}],"about":[{"href":"https:\/\/www.blackjackinfo.com\/es\/wp-json\/wp\/v2\/types\/page"}],"author":[{"embeddable":true,"href":"https:\/\/www.blackjackinfo.com\/es\/wp-json\/wp\/v2\/users\/2"}],"replies":[{"embeddable":true,"href":"https:\/\/www.blackjackinfo.com\/es\/wp-json\/wp\/v2\/comments?post=875"}],"version-history":[{"count":26,"href":"https:\/\/www.blackjackinfo.com\/es\/wp-json\/wp\/v2\/pages\/875\/revisions"}],"predecessor-version":[{"id":1763,"href":"https:\/\/www.blackjackinfo.com\/es\/wp-json\/wp\/v2\/pages\/875\/revisions\/1763"}],"up":[{"embeddable":true,"href":"https:\/\/www.blackjackinfo.com\/es\/wp-json\/wp\/v2\/pages\/837"}],"wp:attachment":[{"href":"https:\/\/www.blackjackinfo.com\/es\/wp-json\/wp\/v2\/media?parent=875"}],"wp:term":[{"taxonomy":"post_tag","embeddable":true,"href":"https:\/\/www.blackjackinfo.com\/es\/wp-json\/wp\/v2\/tags?post=875"}],"curies":[{"name":"wp","href":"https:\/\/api.w.org\/{rel}","templated":true}]}}