{"id":908,"date":"2014-10-22T14:31:10","date_gmt":"2014-10-22T19:31:10","guid":{"rendered":"http:\/\/test.blackjackinfo.com\/?page_id=908"},"modified":"2018-06-22T02:30:53","modified_gmt":"2018-06-22T07:30:53","slug":"instrucciones-de-la-tarjeta-de-estrategia-avanzada","status":"publish","type":"page","link":"https:\/\/www.blackjackinfo.com\/es\/card\/advanced-strategy-card-instructions\/","title":{"rendered":"Instrucciones de la tarjeta de estrategia avanzada"},"content":{"rendered":"<p><a href=\"\/files\/blackjack-advanced-strategy-cards-cover-221x336.jpg\"><img loading=\"lazy\" decoding=\"async\" src=\"\/files\/blackjack-advanced-strategy-cards-cover-221x336.jpg\" alt=\"Blackjack Advanced Strategy Cards\" width=\"221\" height=\"336\" class=\"alignright size-full wp-image-871\" srcset=\"https:\/\/www.blackjackinfo.com\/files\/blackjack-advanced-strategy-cards-cover-221x336.jpg 221w, https:\/\/www.blackjackinfo.com\/files\/blackjack-advanced-strategy-cards-cover-221x336-197x300.jpg 197w\" sizes=\"auto, (max-width: 221px) 100vw, 221px\" data-no-auto-translation=\"\" \/><\/a><\/p>\n<p class=\"intro\">Las innovadoras Cartas de Estrategia Avanzada de Blackjack de BlackjackInfo proporcionan por primera vez una combinaci\u00f3n de las mejores estrategias b\u00e1sicas posibles, con <b>n\u00fameros \u00edndice de recuento \u00f3ptimo de tarjetas<\/b> justo en la tarjeta.<\/p>\n<p>En <a href=\"http:\/\/www.amazon.com\/dp\/0982119178\/?tag=theblackjacbasic\">Juego de 12 cartas<\/a> incluye dos tarjetas para cada una de estas variaciones de las reglas:<\/p>\n<ul>\n<li>1 baraja, el repartidor se planta en todos los 17s<\/li>\n<li>1 baraja, el repartidor acierta un 17 suave<\/li>\n<li>2 barajas, el repartidor se planta en todos los 17s<\/li>\n<li>2 barajas, el repartidor acierta un 17 suave<\/li>\n<li>4\/6\/8 barajas, el repartidor se planta en todos los 17s<\/li>\n<li>4\/6\/8 barajas, la banca acierta un 17 suave<\/li>\n<\/ul>\n<p>Una tarjeta de cada variaci\u00f3n muestra los n\u00fameros del \u00edndice de recuento de cartas como un peque\u00f1o n\u00famero impreso.  Una segunda versi\u00f3n \"oculta\" de cada tarjeta codifica los \u00edndices de recuento mediante una serie de puntos negros en forma de esfera de reloj.<\/p>\n<p>Caracter\u00edsticas:<\/p>\n<ul>\n<li>Estrategia b\u00e1sica perfecta para cada juego<\/li>\n<li>N\u00fameros de \u00edndice de recuento de cartas Hi-Lo optimizados de -5 a +5<\/li>\n<li>Cartas de bolsillo para facilitar su uso en la mesa del casino.<\/li>\n<li>Pl\u00e1stico s\u00f3lido para mayor durabilidad, no tarjetas laminadas baratas.<\/li>\n<\/ul>\n<h4><a href=\"http:\/\/www.amazon.com\/dp\/0982119178\/?tag=theblackjacbasic\">Compre su Juego de Cartas de Estrategia Avanzada de Blackjack haciendo clic aqu\u00ed.<\/a><\/h4>\n<hr>\n<h2 class=\"text-center\">Instrucciones<\/h2>\n<p>Estas tarjetas incluyen informaci\u00f3n completa de estrategia b\u00e1sica como nuestros productos de Tarjetas de Estrategia B\u00e1sica.  Para obtener una explicaci\u00f3n de c\u00f3mo leer la parte de estrategia b\u00e1sica de las tarjetas, puede consultar la p\u00e1gina <a href=\"\/card\/basic-strategy-card-instructions\/\">instrucciones para nuestras tarjetas de estrategia b\u00e1sica<\/a>.<\/p>\n<p>Las instrucciones cubren \u00fanicamente las caracter\u00edsticas avanzadas del juego de cartas, los n\u00fameros \u00edndice de conteo de cartas Hi-Lo.<\/p>\n<p>Para aquellos usuarios que ya entienden lo que significan los n\u00fameros de \u00edndice Hi-Lo, comenzaremos con una ilustraci\u00f3n de c\u00f3mo se representan los \u00edndices en las tarjetas.  No te preocupes, dentro de un momento te explicar\u00e9 c\u00f3mo utilizar los n\u00fameros.<\/p>\n<h2 class=\"text-center\">La versi\u00f3n num\u00e9rica<\/h4>\n<p>En la versi\u00f3n de \u00edndice num\u00e9rico de cada carta, el \u00edndice de conteo de cartas Hi-Lo para cada decisi\u00f3n est\u00e1 impreso en la esquina inferior derecha de cada casilla.  Por ejemplo, esta secci\u00f3n de la tarjeta muestra manos de jugador de 9 duros contra un dealer de 2 a 6.<\/p>\n<p><img loading=\"lazy\" decoding=\"async\" style=\"display: block;margin: 0 auto;\" src=\"\/files\/HiLoExample-Numeric.png\" alt=\"Hi Lo Index Example - Numeric\" width=\"531\" height=\"78\" class=\"aligncenter size-full wp-image-913\" srcset=\"https:\/\/www.blackjackinfo.com\/files\/HiLoExample-Numeric.png 531w, https:\/\/www.blackjackinfo.com\/files\/HiLoExample-Numeric-300x44.png 300w\" sizes=\"auto, (max-width: 531px) 100vw, 531px\" data-no-auto-translation=\"\" \/><\/p>\n<p>Con 9 contra dealer 2, la estrategia b\u00e1sica es Pegar y el n\u00famero de \u00edndice Hi-Lo es +1. (Esto significa que debe doblar si el recuento verdadero actual es +1 o superior, y Pegar en caso contrario.  M\u00e1s adelante le dar\u00e9 m\u00e1s detalles sobre c\u00f3mo usar los n\u00fameros).<\/p>\n<p>Con 9 contra dealer 3, 4 y 5, la estrategia b\u00e1sica es doblar, y los n\u00fameros \u00edndice son -1, -3 y -4 respectivamente.<\/p>\n<p>Con 9 contra 6, la estrategia b\u00e1sica es doblar y no se muestra ning\u00fan n\u00famero \u00edndice porque el \u00edndice ser\u00eda menor que -5, el \u00edndice m\u00e1s bajo mostrado en las cartas.<\/p>\n<h2 class=\"text-center\">La versi\u00f3n furtiva<\/h2>\n<p>Si le preocupa utilizar las tarjetas con n\u00fameros de \u00edndice impresos en el casino, puede utilizar en su lugar la versi\u00f3n \"oculta\" de cada tarjeta, que codifica los n\u00fameros de \u00edndice de recuento de tarjetas mediante una serie de puntos negros en un patr\u00f3n de esfera de reloj.<\/p>\n<p>Cada \u00edndice de -5 a +5 est\u00e1 representado por una posici\u00f3n diferente en el cuadrado de decisi\u00f3n.  Un punto negro en la parte superior central del cuadrado representa un \u00edndice de cero.  A medida que se desplaza desde cero en el sentido de las agujas del reloj, los \u00edndices aumentan de +1 a +5.  A medida que se desplaza desde cero en sentido contrario a las agujas del reloj, los \u00edndices disminuyen de -1 a -5. Aqu\u00ed tiene un mapa de los valores de los \u00edndices:<\/p>\n<p><img loading=\"lazy\" decoding=\"async\" style=\"display: block;margin: 0 auto;\" src=\"\/files\/hi-lo-index-encoding.png\" alt=\"Hi-Lo Index Number Encoding\" width=\"384\" height=\"301\" class=\"aligncenter size-full wp-image-915\" srcset=\"https:\/\/www.blackjackinfo.com\/files\/hi-lo-index-encoding.png 384w, https:\/\/www.blackjackinfo.com\/files\/hi-lo-index-encoding-300x235.png 300w\" sizes=\"auto, (max-width: 384px) 100vw, 384px\" data-no-auto-translation=\"\" \/><\/p>\n<p>Aqu\u00ed est\u00e1 el mismo ejemplo de un 9 duro contra un 2-6 de la banca:<\/p>\n<p><img loading=\"lazy\" decoding=\"async\" style=\"display: block;margin: 0 auto;\" src=\"\/files\/HiLoExample-Dots.png\" alt=\"Hi Lo Index Example - Dots\" width=\"531\" height=\"78\" class=\"aligncenter size-full wp-image-916\" srcset=\"https:\/\/www.blackjackinfo.com\/files\/HiLoExample-Dots.png 531w, https:\/\/www.blackjackinfo.com\/files\/HiLoExample-Dots-300x44.png 300w\" sizes=\"auto, (max-width: 531px) 100vw, 531px\" data-no-auto-translation=\"\" \/><\/p>\n<p>Los valores del \u00edndice son los mismos que antes: +1, -1, -3, -4 y ninguno.<\/p>\n<p>Adem\u00e1s de ocultar la naturaleza de las cartas, esta representaci\u00f3n visual tambi\u00e9n puede servir como \u00fatil ayuda para la memoria.<\/p>\n<p>Si ya sabe c\u00f3mo utilizar los n\u00fameros de \u00edndice con la cuenta Hi-Lo, est\u00e1 todo listo.  Para aquellos que necesiten ayuda para entender qu\u00e9 significa todo esto, sigan leyendo.<\/p>\n<hr>\n<h2 class=\"text-center\">Introducci\u00f3n al conteo de cartas con el sistema Hi-Lo<\/h2>\n<p>El conteo de cartas explota el hecho de que las cartas peque\u00f1as son malas para el jugador, mientras que las cartas de valor diez y los Ases son favorables para el jugador.  El popular recuento Hi-Lo permite al jugador saber si en la baraja restante quedan m\u00e1s o menos cartas altas de lo habitual.  A medida que se reparten las cartas en el juego, el jugador lleva un recuento de m\u00e1s\/menos utilizando los siguientes valores de cartas:<\/p>\n<p>\tLos valores de las cartas 2, 3, 4, 5 y 6 se cuentan como <b>+1<\/b>.<br \/>\n\tLos valores de las cartas T, J, Q, K y As se cuentan como <b>-1<\/b>.<br \/>\n\tLos valores de tarjeta 7, 8 y 9 se ignoran.<\/p>\n<p>El recuento se inicia despu\u00e9s de cada barajada con un cero y se va sumando o restando a medida que se reparten o descubren las cartas.<\/p>\n<p>Cuando el recuento es positivo, el mazo restante tiene m\u00e1s cartas altas que bajas. (\u00a1Eso es bueno!) Cuando el recuento es negativo, el mazo restante tiene un exceso de cartas peque\u00f1as.  (Eso es malo.)<\/p>\n<p>Antes de que pueda utilizar el recuento para tomar una decisi\u00f3n de apuesta o de juego, hay otro paso importante. Debe convertir su recuento corriente en el recuento \"verdadero\" actual, dividi\u00e9ndolo por el n\u00famero de barajas no vistas que quedan en el zapato.<\/p>\n<p>Un recuento continuo de +6 es mucho m\u00e1s significativo si s\u00f3lo queda una baraja en el zapato de seis mazos que si s\u00f3lo llevamos una o dos manos con seis mazos reci\u00e9n barajados.  Por eso es importante la conversi\u00f3n del recuento real. En el caso de que s\u00f3lo quede una baraja, el recuento de +6 dividido por 1 baraja restante da un recuento real de +6. En el caso de que queden casi todas las seis barajas en el zapato, el mismo recuento de +6 se convierte en un recuento real de poco m\u00e1s de +1.<\/p>\n<p>Apostando m\u00e1s en situaciones positivas y lo menos posible en situaciones negativas, un jugador puede inclinar las probabilidades del juego a su favor y tener una ventaja positiva a largo plazo sobre el casino.<\/p>\n<p>Obviamente, esta es una explicaci\u00f3n muy abreviada de c\u00f3mo contar cartas.  Te recomiendo encarecidamente que leas los detalles mucho m\u00e1s detallados de nuestra publicaci\u00f3n gratuita <a href=\"\/blackjack-school\/\">escuela de blackjack<\/a>.\t<\/p>\n<hr>\n<h2 class=\"text-center\">\u00bfQu\u00e9 son los n\u00fameros de \u00edndice Hi-Lo?<\/h2>\n<p>La mayor parte del beneficio del conteo de cartas proviene de apostar m\u00e1s cuando la baraja es favorable. Sin embargo, como sabe algo sobre la composici\u00f3n de la baraja restante, tambi\u00e9n puede utilizar esa informaci\u00f3n para cambiar su estrategia de juego cuando sea apropiado.  Por ejemplo, supongamos que tiene una mano de (Diez,2) y el crupier tiene un 2 en la mano.  <b>La estrategia b\u00e1sica dice que usted debe golpear 12v2.<\/b><\/p>\n<p>Si hay suficientes cartas altas extra en los mazos restantes, es mejor plantarse con 12v2.  \u00bfCu\u00e1ntas cartas altas \"extra\" son \"suficientes\"?  Ah\u00ed es donde entran en juego los n\u00fameros \u00edndice.  <b>Si el recuento verdadero Hi-Lo es +3 o superior, deber\u00edas pararte con 12v2 en lugar de golpearlo.<\/b>  Si el recuento verdadero Hi-Lo es +2 o inferior, entonces debe golpear 12v2, tal y como dice la estrategia b\u00e1sica normal.<\/p>\n<p>El \"+3\" en este caso es un \"n\u00famero \u00edndice\", que dicta el punto en el que cambia la mejor estrategia de juego para una decisi\u00f3n espec\u00edfica.<\/p>\n<p>Repetir\u00e9 mi consejo... Esto es un resumen muy breve.  Si estos conceptos son nuevos para usted, consulte los detalles en profundidad en nuestro <a href=\"\/blackjack-school\/\">escuela de blackjack<\/a>.<\/p>\n<hr>\n<h2 class=\"text-center\">\u00bfCu\u00e1les son los distintos tipos de n\u00fameros \u00edndice?<\/h2>\n<p>Las fichas incluyen varios tipos distintos de n\u00fameros \u00edndice:<\/p>\n<table class=\"data-table\">\n<tr>\n<th>Tipo de mano<\/th>\n<th>Tipo de \u00edndice<\/th>\n<th>Qu\u00e9 significa el \u00cdndice<\/th>\n<\/tr>\n<tr>\n<td>Duro 8-11<\/td>\n<td><b>Doble<\/b> o <b>Hit<\/b><\/td>\n<td>Doble si la cuenta verdadera actual es &gt;= el \u00edndice.  En caso contrario, hit.<\/td>\n<\/tr>\n<tr>\n<td>Duro 12-16<\/td>\n<td><b>Stand<\/b> o <b>Hit<\/b><\/td>\n<td>Stand si el recuento verdadero actual es &gt;= el \u00edndice.  Si no, golpea.<\/td>\n<\/tr>\n<tr>\n<td>Suave A2-A6<\/td>\n<td><b>Doble<\/b> o <b>Hit<\/b><\/td>\n<td>Doble si la cuenta verdadera actual es &gt;= el \u00edndice.  En caso contrario, hit.<\/td>\n<\/tr>\n<tr>\n<td>Suave A7-A9<\/td>\n<td><b>Doble<\/b> o <b>Stand<\/b><\/td>\n<td>Doble si la cuenta verdadera actual es &gt;= el \u00edndice.  En caso contrario, stand.<\/td>\n<\/tr>\n<tr>\n<td>Pares 22-AA<\/td>\n<td><b>Dividir<\/b> o <b>Sin divisi\u00f3n<\/b><\/td>\n<td>Dividir si el recuento verdadero actual es &gt;= el \u00edndice.  En caso contrario, no dividir.<\/td>\n<\/tr>\n<\/table>\n<p>Adem\u00e1s, hay un \u00edndice importante que no figura en la tarjeta:<br \/>\n\tSi la cuenta real es +3 o superior, debe comprar un seguro cuando el crupier tenga un as.<br \/>\n\t(En los juegos de una sola baraja, se puede asegurar a +2 o m\u00e1s).<\/p>\n<hr>\n<h2 class=\"text-center\">Reflexiones finales<\/h2>\n<p>Esta es la explicaci\u00f3n m\u00e1s breve posible sobre el conteo de cartas y los n\u00fameros \u00edndices. \u00bfTe he dicho que puedes encontrar una explicaci\u00f3n mucho m\u00e1s completa en nuestro <a href=\"\/blackjack-school\/\">escuela de blackjack gratis<\/a>?<\/p>\n<p>Pues s\u00ed, lo hice \ud83d\ude42 .<\/p>\n<p>Quiero dejar un punto especialmente claro.  Si tiene alguna duda sobre c\u00f3mo aplicar un n\u00famero \u00edndice, o si no est\u00e1 seguro de si el recuento real es suficiente para una jugada concreta, utilice la estrategia b\u00e1sica habitual.  Es mucho m\u00e1s peligroso aplicar estas ideas de forma inexacta que no utilizarlas en absoluto.<\/p>\n<p>No hace falta ser Rainman para contar cartas, pero s\u00ed requiere pr\u00e1ctica y disciplina.  Hasta que se sienta c\u00f3modo con el proceso, lim\u00edtese a la estrategia b\u00e1sica.  Incluso despu\u00e9s de aprender a contar cartas, es \u00fatil jugar s\u00f3lo con la estrategia b\u00e1sica variando el tama\u00f1o de las apuestas durante un tiempo.  Una vez que el proceso de contar cartas se convierta en algo natural, puede a\u00f1adir los n\u00fameros \u00edndice y las variaciones de estrategia a su juego.<\/p>\n<p>Y por \u00faltimo, debo recordarte que jugar al blackjack con ventaja no significa que no puedas perder.  Ni mucho menos.  Tendr\u00e1s ligeramente m\u00e1s sesiones ganadoras que perdedoras si utilizas con precisi\u00f3n el sistema de conteo Hi-Lo, pero tu ventaja es peque\u00f1a.  No apueste dinero que no pueda permitirse perder.  Y por favor, si tienes un problema con el juego, <a href=\"\/gambling-problem\/\" title=\"\u00bfProblemas con el juego?\">obtener ayuda<\/a> de una de las muchas organizaciones que abordan el problema de la ludopat\u00eda.<\/p>\n<hr>\n<p>\u00bfA\u00fan no tiene un juego de nuestras tarjetas avanzadas?  Puede <a href=\"http:\/\/www.amazon.com\/dp\/0982119178\/?tag=theblackjacbasic\">compre un juego aqu\u00ed<\/a>.<\/p>\n<p>Y si a\u00fan no est\u00e1s preparado para las cartas de estrategia avanzada y el conteo de cartas, consulta nuestro <a href=\"\/card\/basic-strategy-card-instructions\/\">Cartas de estrategia b\u00e1sica<\/a> en su lugar.<\/p>","protected":false},"excerpt":{"rendered":"<p>The innovative Advanced Blackjack Strategy Cards from BlackjackInfo provide a first-ever pairing of the best possible basic strategies, with optimal card counting index numbers right on the card. The 12-card set includes two cards each for these rule variations: 1 Deck, Dealer Stands on all 17s 1 Deck, Dealer Hits Soft 17 2 Decks, Dealer [&hellip;]<\/p>\n","protected":false},"author":2,"featured_media":0,"parent":837,"menu_order":0,"comment_status":"open","ping_status":"closed","template":"","meta":{"_acf_changed":false,"footnotes":""},"tags":[],"class_list":["post-908","page","type-page","status-publish","hentry"],"acf":[],"yoast_head":"<!-- This site is optimized with the Yoast SEO plugin v26.6 - https:\/\/yoast.com\/wordpress\/plugins\/seo\/ -->\n<title>Advanced Strategy Card Instructions<\/title>\n<meta name=\"description\" content=\"Our Advanced Blackjack Strategy Cards offer optimal basic strategy, and also index numbers for the most popular card counting system, Hi-Lo.\" \/>\n<meta name=\"robots\" content=\"index, follow, max-snippet:-1, max-image-preview:large, max-video-preview:-1\" \/>\n<link rel=\"canonical\" href=\"https:\/\/www.blackjackinfo.com\/es\/tarjeta\/instrucciones-de-la-tarjeta-de-estrategia-avanzada\/\" \/>\n<meta property=\"og:locale\" content=\"es_ES\" \/>\n<meta property=\"og:type\" content=\"article\" \/>\n<meta property=\"og:title\" content=\"Advanced Strategy Card Instructions\" \/>\n<meta property=\"og:description\" content=\"Our Advanced Blackjack Strategy Cards offer optimal basic strategy, and also index numbers for the most popular card counting system, Hi-Lo.\" \/>\n<meta property=\"og:url\" content=\"https:\/\/www.blackjackinfo.com\/es\/tarjeta\/instrucciones-de-la-tarjeta-de-estrategia-avanzada\/\" \/>\n<meta property=\"og:site_name\" content=\"BlackjackInfo.com\" \/>\n<meta property=\"article:modified_time\" content=\"2018-06-22T07:30:53+00:00\" \/>\n<meta name=\"twitter:label1\" content=\"Tiempo de lectura\" \/>\n\t<meta name=\"twitter:data1\" content=\"8 minutos\" \/>\n<script type=\"application\/ld+json\" class=\"yoast-schema-graph\">{\"@context\":\"https:\/\/schema.org\",\"@graph\":[{\"@type\":\"WebPage\",\"@id\":\"https:\/\/www.blackjackinfo.com\/card\/advanced-strategy-card-instructions\/\",\"url\":\"https:\/\/www.blackjackinfo.com\/card\/advanced-strategy-card-instructions\/\",\"name\":\"Advanced Strategy Card Instructions\",\"isPartOf\":{\"@id\":\"https:\/\/www.blackjackinfo.com\/#website\"},\"datePublished\":\"2014-10-22T19:31:10+00:00\",\"dateModified\":\"2018-06-22T07:30:53+00:00\",\"description\":\"Our Advanced Blackjack Strategy Cards offer optimal basic strategy, and also index numbers for the most popular card counting system, Hi-Lo.\",\"breadcrumb\":{\"@id\":\"https:\/\/www.blackjackinfo.com\/card\/advanced-strategy-card-instructions\/#breadcrumb\"},\"inLanguage\":\"es\",\"potentialAction\":[{\"@type\":\"ReadAction\",\"target\":[\"https:\/\/www.blackjackinfo.com\/card\/advanced-strategy-card-instructions\/\"]}]},{\"@type\":\"BreadcrumbList\",\"@id\":\"https:\/\/www.blackjackinfo.com\/card\/advanced-strategy-card-instructions\/#breadcrumb\",\"itemListElement\":[{\"@type\":\"ListItem\",\"position\":1,\"name\":\"Home\",\"item\":\"https:\/\/www.blackjackinfo.com\/\"},{\"@type\":\"ListItem\",\"position\":2,\"name\":\"Blackjack Strategy Cards, Basic and Advanced\",\"item\":\"https:\/\/www.blackjackinfo.com\/card\/\"},{\"@type\":\"ListItem\",\"position\":3,\"name\":\"Advanced Strategy Card Instructions\"}]},{\"@type\":\"WebSite\",\"@id\":\"https:\/\/www.blackjackinfo.com\/#website\",\"url\":\"https:\/\/www.blackjackinfo.com\/\",\"name\":\"BlackjackInfo.com\",\"description\":\"Because Winning is More Fun!\",\"potentialAction\":[{\"@type\":\"SearchAction\",\"target\":{\"@type\":\"EntryPoint\",\"urlTemplate\":\"https:\/\/www.blackjackinfo.com\/?s={search_term_string}\"},\"query-input\":{\"@type\":\"PropertyValueSpecification\",\"valueRequired\":true,\"valueName\":\"search_term_string\"}}],\"inLanguage\":\"es\"}]}<\/script>\n<!-- \/ Yoast SEO plugin. -->","yoast_head_json":{"title":"Instrucciones de la tarjeta de estrategia avanzada","description":"Nuestras Cartas de Estrategia Avanzada de Blackjack ofrecen una estrategia b\u00e1sica \u00f3ptima, y tambi\u00e9n n\u00fameros \u00edndice para el sistema de conteo de cartas m\u00e1s popular, Hi-Lo.","robots":{"index":"index","follow":"follow","max-snippet":"max-snippet:-1","max-image-preview":"max-image-preview:large","max-video-preview":"max-video-preview:-1"},"canonical":"https:\/\/www.blackjackinfo.com\/es\/tarjeta\/instrucciones-de-la-tarjeta-de-estrategia-avanzada\/","og_locale":"es_ES","og_type":"article","og_title":"Advanced Strategy Card Instructions","og_description":"Our Advanced Blackjack Strategy Cards offer optimal basic strategy, and also index numbers for the most popular card counting system, Hi-Lo.","og_url":"https:\/\/www.blackjackinfo.com\/es\/tarjeta\/instrucciones-de-la-tarjeta-de-estrategia-avanzada\/","og_site_name":"BlackjackInfo.com","article_modified_time":"2018-06-22T07:30:53+00:00","twitter_misc":{"Tiempo de lectura":"8 minutos"},"schema":{"@context":"https:\/\/schema.org","@graph":[{"@type":"WebPage","@id":"https:\/\/www.blackjackinfo.com\/card\/advanced-strategy-card-instructions\/","url":"https:\/\/www.blackjackinfo.com\/card\/advanced-strategy-card-instructions\/","name":"Instrucciones de la tarjeta de estrategia avanzada","isPartOf":{"@id":"https:\/\/www.blackjackinfo.com\/#website"},"datePublished":"2014-10-22T19:31:10+00:00","dateModified":"2018-06-22T07:30:53+00:00","description":"Nuestras Cartas de Estrategia Avanzada de Blackjack ofrecen una estrategia b\u00e1sica \u00f3ptima, y tambi\u00e9n n\u00fameros \u00edndice para el sistema de conteo de cartas m\u00e1s popular, Hi-Lo.","breadcrumb":{"@id":"https:\/\/www.blackjackinfo.com\/card\/advanced-strategy-card-instructions\/#breadcrumb"},"inLanguage":"es","potentialAction":[{"@type":"ReadAction","target":["https:\/\/www.blackjackinfo.com\/card\/advanced-strategy-card-instructions\/"]}]},{"@type":"BreadcrumbList","@id":"https:\/\/www.blackjackinfo.com\/card\/advanced-strategy-card-instructions\/#breadcrumb","itemListElement":[{"@type":"ListItem","position":1,"name":"Home","item":"https:\/\/www.blackjackinfo.com\/"},{"@type":"ListItem","position":2,"name":"Blackjack Strategy Cards, Basic and Advanced","item":"https:\/\/www.blackjackinfo.com\/card\/"},{"@type":"ListItem","position":3,"name":"Advanced Strategy Card Instructions"}]},{"@type":"WebSite","@id":"https:\/\/www.blackjackinfo.com\/#website","url":"https:\/\/www.blackjackinfo.com\/","name":"BlackjackInfo.com","description":"\u00a1Porque ganar es m\u00e1s divertido!","potentialAction":[{"@type":"SearchAction","target":{"@type":"EntryPoint","urlTemplate":"https:\/\/www.blackjackinfo.com\/?s={search_term_string}"},"query-input":{"@type":"PropertyValueSpecification","valueRequired":true,"valueName":"search_term_string"}}],"inLanguage":"es"}]}},"_links":{"self":[{"href":"https:\/\/www.blackjackinfo.com\/es\/wp-json\/wp\/v2\/pages\/908","targetHints":{"allow":["GET"]}}],"collection":[{"href":"https:\/\/www.blackjackinfo.com\/es\/wp-json\/wp\/v2\/pages"}],"about":[{"href":"https:\/\/www.blackjackinfo.com\/es\/wp-json\/wp\/v2\/types\/page"}],"author":[{"embeddable":true,"href":"https:\/\/www.blackjackinfo.com\/es\/wp-json\/wp\/v2\/users\/2"}],"replies":[{"embeddable":true,"href":"https:\/\/www.blackjackinfo.com\/es\/wp-json\/wp\/v2\/comments?post=908"}],"version-history":[{"count":18,"href":"https:\/\/www.blackjackinfo.com\/es\/wp-json\/wp\/v2\/pages\/908\/revisions"}],"predecessor-version":[{"id":3687,"href":"https:\/\/www.blackjackinfo.com\/es\/wp-json\/wp\/v2\/pages\/908\/revisions\/3687"}],"up":[{"embeddable":true,"href":"https:\/\/www.blackjackinfo.com\/es\/wp-json\/wp\/v2\/pages\/837"}],"wp:attachment":[{"href":"https:\/\/www.blackjackinfo.com\/es\/wp-json\/wp\/v2\/media?parent=908"}],"wp:term":[{"taxonomy":"post_tag","embeddable":true,"href":"https:\/\/www.blackjackinfo.com\/es\/wp-json\/wp\/v2\/tags?post=908"}],"curies":[{"name":"wp","href":"https:\/\/api.w.org\/{rel}","templated":true}]}}