{"id":9111,"date":"2025-09-19T08:46:38","date_gmt":"2025-09-19T13:46:38","guid":{"rendered":"https:\/\/www.blackjackinfo.com\/?page_id=9111"},"modified":"2025-09-19T09:20:31","modified_gmt":"2025-09-19T14:20:31","slug":"sticky-bet-que-es","status":"publish","type":"page","link":"https:\/\/www.blackjackinfo.com\/es\/sticky-bet-what-is-it\/","title":{"rendered":"Explicaci\u00f3n de Sticky Bet"},"content":{"rendered":"<h3 class=\"wp-block-heading\" id=\"so-what-the-heck-is-a-sticky-bet\">\u00bfQu\u00e9 diablos es una \u201cSticky Bet\u201d?<\/h3>\n\n\n\n<div class=\"tim-toc-wrapper\"><div class=\"tim-toc-header\"><div class=\"tim-toc-title\">\u00cdndice<\/div><div class=\"tim-toc-toggle\">Ver m\u00e1s<\/div><\/div><ul class=\"tim-toc-list collapsed\"><li class=\"tim-toc-h3\"><a href=\"#so-what-the-heck-is-a-sticky-bet\">\u00bfQu\u00e9 diablos es una \u201cSticky Bet\u201d?<\/a><\/li><li class=\"tim-toc-h3\"><a href=\"#why-do-they-do-this\">\u00bfPor qu\u00e9 lo hacen?<\/a><\/li><li class=\"tim-toc-h3\"><a href=\"#could-it-mean-something-else\">\u00bfPodr\u00eda significar otra cosa?<\/a><\/li><li class=\"tim-toc-h3 hidden\"><a href=\"#so-are-they-good-or-bad\">Entonces, \u00bfson buenas o malas?<\/a><\/li><\/ul><\/div>\n\n\n\n<p>De acuerdo, ha o\u00eddo hablar de la \u201capuesta pegajosa\u201d y ahora est\u00e1 aqu\u00ed, intentando averiguar qu\u00e9 es en realidad. Buena decisi\u00f3n. Es una de esas frases que usan los sitios de apuestas, y no siempre es muy clara. Puede ser un poco confuso.<\/p>\n\n\n\n<p>Dej\u00e9monos de jerga.<\/p>\n\n\n\n<p>La mayor\u00eda de las veces, cuando alguien dice \u201csticky bet\u201d, se refiere a un tipo de bono o apuesta gratuita. Pero es un tipo espec\u00edfico. La parte \u201cpegajosa\u201d es la clave.<\/p>\n\n\n\n<p><strong>Pi\u00e9nsalo como un cup\u00f3n para una tienda.<\/strong><\/p>\n\n\n\n<p>Imagina que una tienda te da un cup\u00f3n de \u201c$10 de descuento\u201d. Puedes entrar, comprar una camiseta de $25 y pagar s\u00f3lo $15. Has utilizado el valor del cup\u00f3n, pero no puedes acercarte a la cajera y pedirle que te d\u00e9 $10 en efectivo por el cup\u00f3n. El valor se lo queda la tienda.<\/p>\n\n\n\n<p>Una apuesta fija funciona de la misma manera.<\/p>\n\n\n\n<p>Una casa de apuestas deportivas puede darle una \u201c$10 Sticky Bet\u201d. Puedes utilizar ese $10 para realizar una apuesta.<\/p>\n\n\n\n<p>Digamos que usted apuesta que $10 a un equipo para ganar a +200 probabilidades.<\/p>\n\n\n\n<ul class=\"wp-block-list\">\n<li><strong>Si ganas:<\/strong>\u00a0Obtienes las ganancias, que ser\u00edan $20. Pero NO recupera la apuesta original de $10. As\u00ed que tu cuenta recibe un aumento de $20. El \u201ccup\u00f3n\u201d original de $10 se ha utilizado y desaparece.<\/li>\n\n\n\n<li><strong>Si pierdes:<\/strong>\u00a0La apuesta pegajosa $10 desaparece. As\u00ed de sencillo. No has perdido nada de tu propio dinero.<\/li>\n<\/ul>\n\n\n\n<p>Esta es la principal diferencia con otras \u201capuestas gratuitas\u201d en las que, si gana, recupera las ganancias Y la apuesta. Con una apuesta fija, la apuesta nunca es realmente suya. Es s\u00f3lo cr\u00e9dito para jugar.<\/p>\n\n\n\n<h3 class=\"wp-block-heading\" id=\"why-do-they-do-this\">\u00bfPor qu\u00e9 lo hacen?<\/h3>\n\n\n\n<p>Simple. Quieren que sigas jugando. Al ofrecerte una apuesta que no puedes retirar, te obligan a interactuar con su plataforma, realizar una apuesta y, con suerte, quedarte y depositar tu propio dinero m\u00e1s tarde. Es una herramienta de marketing. No es mala, pero hay que saber de qu\u00e9 se trata.<\/p>\n\n\n\n<h3 class=\"wp-block-heading\" id=\"could-it-mean-something-else\">\u00bfPodr\u00eda significar otra cosa?<\/h3>\n\n\n\n<p>S\u00ed, posiblemente. El lenguaje es raro.<\/p>\n\n\n\n<p>A veces, una persona puede decir que una apuesta est\u00e1 \u201catascada\u201d si tarda mucho tiempo en liquidarse en su cuenta despu\u00e9s de un partido. Como si estuviera \u201catascada\u201d en un estado pendiente. Normalmente se trata de un retraso mientras se esperan las estad\u00edsticas oficiales, pero puede ser un quebradero de cabeza.<\/p>\n\n\n\n<p>O puede que oigas a un amigo decirlo de una forma completamente distinta. Como: \u201cT\u00edo, que ganen los Packers es mi apuesta pegajosa de la semana\u201d. En ese caso, lo que quieren decir es que es una apuesta en la que se sienten muy seguros y con la que est\u00e1n \u201cpegados\u201d. Eso es s\u00f3lo jerga, y no lo que los sportsbooks quieren decir con ello.<\/p>\n\n\n\n<h3 class=\"wp-block-heading\" id=\"so-are-they-good-or-bad\">Entonces, \u00bfson buenas o malas?<\/h3>\n\n\n\n<p>Ni lo uno ni lo otro. Es algo que tienes que entender.<\/p>\n\n\n\n<p>Una apuesta fija es b\u00e1sicamente una oportunidad sin riesgo de ganar dinero. No puedes perder nada de tu propio dinero. Eso es bueno.<\/p>\n\n\n\n<p>La clave est\u00e1 en leer siempre, y digo siempre, los t\u00e9rminos y condiciones que acompa\u00f1an a cualquier bonificaci\u00f3n. Te explicar\u00e1n exactamente c\u00f3mo funciona. Dado que la apuesta desaparece en caso de victoria, a algunas personas les gusta utilizar estas apuestas fijas a largo plazo. Ya que de todos modos s\u00f3lo vas a obtener el beneficio, es mejor que intentes que \u00e9ste sea lo mayor posible, \u00bfno?<\/p>\n\n\n\n<p>As\u00ed que la pr\u00f3xima vez que vea \u201cSticky Bet\u201d o \u201cSticky Bonus\u201d, ya lo sabr\u00e1. No es dinero en efectivo. Es un cup\u00f3n. \u00dasalo para intentar ganar, pero nunca pienses que es tu propio dinero.<\/p>","protected":false},"excerpt":{"rendered":"<p>So, What the Heck is a \u201cSticky Bet\u201d? Alright, so you&#8217;ve come across the term &#8220;sticky bet&#8221; and now you&#8217;re here, trying to figure out what it actually is. Good call. It&#8217;s one of those phrases that betting sites use, and it&#8217;s not always super clear. It can be a bit confusing. Let&#8217;s cut through [&hellip;]<\/p>\n","protected":false},"author":4,"featured_media":0,"parent":0,"menu_order":0,"comment_status":"closed","ping_status":"closed","template":"","meta":{"_acf_changed":false,"footnotes":""},"tags":[],"class_list":["post-9111","page","type-page","status-publish","hentry"],"acf":[],"yoast_head":"<!-- This site is optimized with the Yoast SEO plugin v26.6 - https:\/\/yoast.com\/wordpress\/plugins\/seo\/ -->\n<title>Sticky Bet Explained<\/title>\n<meta name=\"description\" content=\"So, What the Heck is a \u201cSticky Bet\u201d? Alright, so you&#039;ve come across the term &quot;sticky bet&quot; and now you&#039;re here, trying to figure out what it actually is.\" \/>\n<meta name=\"robots\" content=\"index, follow, max-snippet:-1, max-image-preview:large, max-video-preview:-1\" \/>\n<link rel=\"canonical\" href=\"https:\/\/www.blackjackinfo.com\/es\/sticky-bet-que-es\/\" \/>\n<meta property=\"og:locale\" content=\"es_ES\" \/>\n<meta property=\"og:type\" content=\"article\" \/>\n<meta property=\"og:title\" content=\"Sticky Bet Explained\" \/>\n<meta property=\"og:description\" content=\"So, What the Heck is a \u201cSticky Bet\u201d? Alright, so you&#039;ve come across the term &quot;sticky bet&quot; and now you&#039;re here, trying to figure out what it actually is.\" \/>\n<meta property=\"og:url\" content=\"https:\/\/www.blackjackinfo.com\/es\/sticky-bet-que-es\/\" \/>\n<meta property=\"og:site_name\" content=\"BlackjackInfo.com\" \/>\n<meta property=\"article:modified_time\" content=\"2025-09-19T14:20:31+00:00\" \/>\n<meta name=\"twitter:label1\" content=\"Tiempo de lectura\" \/>\n\t<meta name=\"twitter:data1\" content=\"3 minutos\" \/>\n<script type=\"application\/ld+json\" class=\"yoast-schema-graph\">{\"@context\":\"https:\/\/schema.org\",\"@graph\":[{\"@type\":\"WebPage\",\"@id\":\"https:\/\/www.blackjackinfo.com\/sticky-bet-what-is-it\/\",\"url\":\"https:\/\/www.blackjackinfo.com\/sticky-bet-what-is-it\/\",\"name\":\"Sticky Bet Explained\",\"isPartOf\":{\"@id\":\"https:\/\/www.blackjackinfo.com\/#website\"},\"datePublished\":\"2025-09-19T13:46:38+00:00\",\"dateModified\":\"2025-09-19T14:20:31+00:00\",\"description\":\"So, What the Heck is a \u201cSticky Bet\u201d? Alright, so you've come across the term \\\"sticky bet\\\" and now you're here, trying to figure out what it actually is.\",\"breadcrumb\":{\"@id\":\"https:\/\/www.blackjackinfo.com\/sticky-bet-what-is-it\/#breadcrumb\"},\"inLanguage\":\"es\",\"potentialAction\":[{\"@type\":\"ReadAction\",\"target\":[\"https:\/\/www.blackjackinfo.com\/sticky-bet-what-is-it\/\"]}]},{\"@type\":\"BreadcrumbList\",\"@id\":\"https:\/\/www.blackjackinfo.com\/sticky-bet-what-is-it\/#breadcrumb\",\"itemListElement\":[{\"@type\":\"ListItem\",\"position\":1,\"name\":\"Home\",\"item\":\"https:\/\/www.blackjackinfo.com\/\"},{\"@type\":\"ListItem\",\"position\":2,\"name\":\"Sticky Bet Explained\"}]},{\"@type\":\"WebSite\",\"@id\":\"https:\/\/www.blackjackinfo.com\/#website\",\"url\":\"https:\/\/www.blackjackinfo.com\/\",\"name\":\"BlackjackInfo.com\",\"description\":\"Because Winning is More Fun!\",\"potentialAction\":[{\"@type\":\"SearchAction\",\"target\":{\"@type\":\"EntryPoint\",\"urlTemplate\":\"https:\/\/www.blackjackinfo.com\/?s={search_term_string}\"},\"query-input\":{\"@type\":\"PropertyValueSpecification\",\"valueRequired\":true,\"valueName\":\"search_term_string\"}}],\"inLanguage\":\"es\"}]}<\/script>\n<!-- \/ Yoast SEO plugin. -->","yoast_head_json":{"title":"Explicaci\u00f3n de Sticky Bet","description":"\u00bfQu\u00e9 diablos es una \u201cSticky Bet\u201d? Muy bien, as\u00ed que te has encontrado con el t\u00e9rmino \"sticky bet\" y ahora est\u00e1s aqu\u00ed, tratando de averiguar lo que realmente es.","robots":{"index":"index","follow":"follow","max-snippet":"max-snippet:-1","max-image-preview":"max-image-preview:large","max-video-preview":"max-video-preview:-1"},"canonical":"https:\/\/www.blackjackinfo.com\/es\/sticky-bet-que-es\/","og_locale":"es_ES","og_type":"article","og_title":"Sticky Bet Explained","og_description":"So, What the Heck is a \u201cSticky Bet\u201d? Alright, so you've come across the term \"sticky bet\" and now you're here, trying to figure out what it actually is.","og_url":"https:\/\/www.blackjackinfo.com\/es\/sticky-bet-que-es\/","og_site_name":"BlackjackInfo.com","article_modified_time":"2025-09-19T14:20:31+00:00","twitter_misc":{"Tiempo de lectura":"3 minutos"},"schema":{"@context":"https:\/\/schema.org","@graph":[{"@type":"WebPage","@id":"https:\/\/www.blackjackinfo.com\/sticky-bet-what-is-it\/","url":"https:\/\/www.blackjackinfo.com\/sticky-bet-what-is-it\/","name":"Explicaci\u00f3n de Sticky Bet","isPartOf":{"@id":"https:\/\/www.blackjackinfo.com\/#website"},"datePublished":"2025-09-19T13:46:38+00:00","dateModified":"2025-09-19T14:20:31+00:00","description":"\u00bfQu\u00e9 diablos es una \u201cSticky Bet\u201d? Muy bien, as\u00ed que te has encontrado con el t\u00e9rmino \"sticky bet\" y ahora est\u00e1s aqu\u00ed, tratando de averiguar lo que realmente es.","breadcrumb":{"@id":"https:\/\/www.blackjackinfo.com\/sticky-bet-what-is-it\/#breadcrumb"},"inLanguage":"es","potentialAction":[{"@type":"ReadAction","target":["https:\/\/www.blackjackinfo.com\/sticky-bet-what-is-it\/"]}]},{"@type":"BreadcrumbList","@id":"https:\/\/www.blackjackinfo.com\/sticky-bet-what-is-it\/#breadcrumb","itemListElement":[{"@type":"ListItem","position":1,"name":"Home","item":"https:\/\/www.blackjackinfo.com\/"},{"@type":"ListItem","position":2,"name":"Sticky Bet Explained"}]},{"@type":"WebSite","@id":"https:\/\/www.blackjackinfo.com\/#website","url":"https:\/\/www.blackjackinfo.com\/","name":"BlackjackInfo.com","description":"\u00a1Porque ganar es m\u00e1s divertido!","potentialAction":[{"@type":"SearchAction","target":{"@type":"EntryPoint","urlTemplate":"https:\/\/www.blackjackinfo.com\/?s={search_term_string}"},"query-input":{"@type":"PropertyValueSpecification","valueRequired":true,"valueName":"search_term_string"}}],"inLanguage":"es"}]}},"_links":{"self":[{"href":"https:\/\/www.blackjackinfo.com\/es\/wp-json\/wp\/v2\/pages\/9111","targetHints":{"allow":["GET"]}}],"collection":[{"href":"https:\/\/www.blackjackinfo.com\/es\/wp-json\/wp\/v2\/pages"}],"about":[{"href":"https:\/\/www.blackjackinfo.com\/es\/wp-json\/wp\/v2\/types\/page"}],"author":[{"embeddable":true,"href":"https:\/\/www.blackjackinfo.com\/es\/wp-json\/wp\/v2\/users\/4"}],"replies":[{"embeddable":true,"href":"https:\/\/www.blackjackinfo.com\/es\/wp-json\/wp\/v2\/comments?post=9111"}],"version-history":[{"count":3,"href":"https:\/\/www.blackjackinfo.com\/es\/wp-json\/wp\/v2\/pages\/9111\/revisions"}],"predecessor-version":[{"id":9115,"href":"https:\/\/www.blackjackinfo.com\/es\/wp-json\/wp\/v2\/pages\/9111\/revisions\/9115"}],"wp:attachment":[{"href":"https:\/\/www.blackjackinfo.com\/es\/wp-json\/wp\/v2\/media?parent=9111"}],"wp:term":[{"taxonomy":"post_tag","embeddable":true,"href":"https:\/\/www.blackjackinfo.com\/es\/wp-json\/wp\/v2\/tags?post=9111"}],"curies":[{"name":"wp","href":"https:\/\/api.w.org\/{rel}","templated":true}]}}