{"id":9152,"date":"2025-10-28T04:27:34","date_gmt":"2025-10-28T09:27:34","guid":{"rendered":"https:\/\/www.blackjackinfo.com\/?page_id=9152"},"modified":"2025-10-30T10:35:05","modified_gmt":"2025-10-30T15:35:05","slug":"blackjack-estrategia-basica-app","status":"publish","type":"page","link":"https:\/\/www.blackjackinfo.com\/es\/blackjack-basic-strategy-app\/","title":{"rendered":"Blackjack Estrategia B\u00e1sica App"},"content":{"rendered":"<p>Despu\u00e9s de m\u00e1s de dos d\u00e9cadas de ayudar a los jugadores a dominar la estrategia del blackjack, BlackjackInfo.com se enorgullece de presentar nuestra p\u00e1gina oficial <strong>Blackjack Basic Strategy Trainer App<\/strong> - la forma m\u00e1s f\u00e1cil de practicar y perfeccionar tus decisiones de blackjack sobre la marcha.<\/p>\n\n\n\n<p>Tanto si te preparas para tu pr\u00f3xima visita al casino como si quieres afinar tu punter\u00eda en el juego online, esta aplicaci\u00f3n gratuita te permite entrenarte utilizando las mismas estrategias de eficacia probada que ense\u00f1amos en nuestro sitio web. Actualmente solo est\u00e1 disponible en Android (la versi\u00f3n para iOS llegar\u00e1 pronto).<\/p>\n\n\n\n<div class=\"wp-block-group wpg-simple-box p40\"><div class=\"wp-block-group__inner-container is-layout-constrained wp-block-group-is-layout-constrained\">\n<h2 class=\"wp-block-heading has-text-align-center\">Descargar el Entrenador de Estrategias de Blackjack en Google Play<\/h2>\n\n\n<div class=\"wp-block-image\">\n<figure class=\"aligncenter size-full\"><a href=\"https:\/\/play.google.com\/store\/apps\/details?id=com.blackjackinfo.strategytrainer&amp;hl=en\"><img loading=\"lazy\" decoding=\"async\" width=\"270\" height=\"80\" src=\"https:\/\/www.blackjackinfo.com\/files\/GetItOnGooglePlay_Badge_Web_color_English.png\" alt=\"\" class=\"wp-image-9090\" srcset=\"https:\/\/www.blackjackinfo.com\/files\/GetItOnGooglePlay_Badge_Web_color_English.png 270w, https:\/\/www.blackjackinfo.com\/files\/GetItOnGooglePlay_Badge_Web_color_English-18x5.png 18w\" sizes=\"auto, (max-width: 270px) 100vw, 270px\" data-no-auto-translation=\"\" \/><\/a><\/figure>\n<\/div>\n\n\n<figure class=\"wp-block-gallery has-nested-images columns-7 wp-block-gallery-1 is-layout-flex wp-block-gallery-is-layout-flex\">\n<figure class=\"wp-block-image size-large\"><img loading=\"lazy\" decoding=\"async\" width=\"523\" height=\"1024\" data-id=\"9162\" src=\"https:\/\/www.blackjackinfo.com\/files\/Screenshot_20250627_140925_Expo-Go-523x1024.jpg\" alt=\"\" class=\"wp-image-9162\" srcset=\"https:\/\/www.blackjackinfo.com\/files\/Screenshot_20250627_140925_Expo-Go-523x1024.jpg 523w, https:\/\/www.blackjackinfo.com\/files\/Screenshot_20250627_140925_Expo-Go-153x300.jpg 153w, https:\/\/www.blackjackinfo.com\/files\/Screenshot_20250627_140925_Expo-Go-768x1504.jpg 768w, https:\/\/www.blackjackinfo.com\/files\/Screenshot_20250627_140925_Expo-Go-784x1536.jpg 784w, https:\/\/www.blackjackinfo.com\/files\/Screenshot_20250627_140925_Expo-Go-1046x2048.jpg 1046w, https:\/\/www.blackjackinfo.com\/files\/Screenshot_20250627_140925_Expo-Go-6x12.jpg 6w, https:\/\/www.blackjackinfo.com\/files\/Screenshot_20250627_140925_Expo-Go.jpg 1080w\" sizes=\"auto, (max-width: 523px) 100vw, 523px\" data-no-auto-translation=\"\" \/><\/figure>\n\n\n\n<figure class=\"wp-block-image size-large\"><img loading=\"lazy\" decoding=\"async\" width=\"523\" height=\"1024\" data-id=\"9161\" src=\"https:\/\/www.blackjackinfo.com\/files\/Screenshot_20250627_140907_Expo-Go-523x1024.jpg\" alt=\"\" class=\"wp-image-9161\" srcset=\"https:\/\/www.blackjackinfo.com\/files\/Screenshot_20250627_140907_Expo-Go-523x1024.jpg 523w, https:\/\/www.blackjackinfo.com\/files\/Screenshot_20250627_140907_Expo-Go-153x300.jpg 153w, https:\/\/www.blackjackinfo.com\/files\/Screenshot_20250627_140907_Expo-Go-768x1504.jpg 768w, https:\/\/www.blackjackinfo.com\/files\/Screenshot_20250627_140907_Expo-Go-784x1536.jpg 784w, https:\/\/www.blackjackinfo.com\/files\/Screenshot_20250627_140907_Expo-Go-1046x2048.jpg 1046w, https:\/\/www.blackjackinfo.com\/files\/Screenshot_20250627_140907_Expo-Go-6x12.jpg 6w, https:\/\/www.blackjackinfo.com\/files\/Screenshot_20250627_140907_Expo-Go.jpg 1080w\" sizes=\"auto, (max-width: 523px) 100vw, 523px\" data-no-auto-translation=\"\" \/><\/figure>\n\n\n\n<figure class=\"wp-block-image size-large\"><img loading=\"lazy\" decoding=\"async\" width=\"523\" height=\"1024\" data-id=\"9160\" src=\"https:\/\/www.blackjackinfo.com\/files\/Screenshot_20250627_140902_Expo-Go-523x1024.jpg\" alt=\"\" class=\"wp-image-9160\" srcset=\"https:\/\/www.blackjackinfo.com\/files\/Screenshot_20250627_140902_Expo-Go-523x1024.jpg 523w, https:\/\/www.blackjackinfo.com\/files\/Screenshot_20250627_140902_Expo-Go-153x300.jpg 153w, https:\/\/www.blackjackinfo.com\/files\/Screenshot_20250627_140902_Expo-Go-768x1504.jpg 768w, https:\/\/www.blackjackinfo.com\/files\/Screenshot_20250627_140902_Expo-Go-784x1536.jpg 784w, https:\/\/www.blackjackinfo.com\/files\/Screenshot_20250627_140902_Expo-Go-1046x2048.jpg 1046w, https:\/\/www.blackjackinfo.com\/files\/Screenshot_20250627_140902_Expo-Go-6x12.jpg 6w, https:\/\/www.blackjackinfo.com\/files\/Screenshot_20250627_140902_Expo-Go.jpg 1080w\" sizes=\"auto, (max-width: 523px) 100vw, 523px\" data-no-auto-translation=\"\" \/><\/figure>\n\n\n\n<figure class=\"wp-block-image size-large\"><img loading=\"lazy\" decoding=\"async\" width=\"523\" height=\"1024\" data-id=\"9159\" src=\"https:\/\/www.blackjackinfo.com\/files\/Screenshot_20250627_140853_Expo-Go-523x1024.jpg\" alt=\"\" class=\"wp-image-9159\" srcset=\"https:\/\/www.blackjackinfo.com\/files\/Screenshot_20250627_140853_Expo-Go-523x1024.jpg 523w, https:\/\/www.blackjackinfo.com\/files\/Screenshot_20250627_140853_Expo-Go-153x300.jpg 153w, https:\/\/www.blackjackinfo.com\/files\/Screenshot_20250627_140853_Expo-Go-768x1504.jpg 768w, https:\/\/www.blackjackinfo.com\/files\/Screenshot_20250627_140853_Expo-Go-784x1536.jpg 784w, https:\/\/www.blackjackinfo.com\/files\/Screenshot_20250627_140853_Expo-Go-1046x2048.jpg 1046w, https:\/\/www.blackjackinfo.com\/files\/Screenshot_20250627_140853_Expo-Go-6x12.jpg 6w, https:\/\/www.blackjackinfo.com\/files\/Screenshot_20250627_140853_Expo-Go.jpg 1080w\" sizes=\"auto, (max-width: 523px) 100vw, 523px\" data-no-auto-translation=\"\" \/><\/figure>\n\n\n\n<figure class=\"wp-block-image size-large\"><img loading=\"lazy\" decoding=\"async\" width=\"523\" height=\"1024\" data-id=\"9158\" src=\"https:\/\/www.blackjackinfo.com\/files\/Screenshot_20250627_140830_Expo-Go-523x1024.jpg\" alt=\"\" class=\"wp-image-9158\" srcset=\"https:\/\/www.blackjackinfo.com\/files\/Screenshot_20250627_140830_Expo-Go-523x1024.jpg 523w, https:\/\/www.blackjackinfo.com\/files\/Screenshot_20250627_140830_Expo-Go-153x300.jpg 153w, https:\/\/www.blackjackinfo.com\/files\/Screenshot_20250627_140830_Expo-Go-768x1504.jpg 768w, https:\/\/www.blackjackinfo.com\/files\/Screenshot_20250627_140830_Expo-Go-784x1536.jpg 784w, https:\/\/www.blackjackinfo.com\/files\/Screenshot_20250627_140830_Expo-Go-1046x2048.jpg 1046w, https:\/\/www.blackjackinfo.com\/files\/Screenshot_20250627_140830_Expo-Go-6x12.jpg 6w, https:\/\/www.blackjackinfo.com\/files\/Screenshot_20250627_140830_Expo-Go.jpg 1080w\" sizes=\"auto, (max-width: 523px) 100vw, 523px\" data-no-auto-translation=\"\" \/><\/figure>\n\n\n\n<figure class=\"wp-block-image size-large\"><img loading=\"lazy\" decoding=\"async\" width=\"523\" height=\"1024\" data-id=\"9157\" src=\"https:\/\/www.blackjackinfo.com\/files\/Screenshot_20250627_140813_Expo-Go-523x1024.jpg\" alt=\"\" class=\"wp-image-9157\" srcset=\"https:\/\/www.blackjackinfo.com\/files\/Screenshot_20250627_140813_Expo-Go-523x1024.jpg 523w, https:\/\/www.blackjackinfo.com\/files\/Screenshot_20250627_140813_Expo-Go-153x300.jpg 153w, https:\/\/www.blackjackinfo.com\/files\/Screenshot_20250627_140813_Expo-Go-768x1504.jpg 768w, https:\/\/www.blackjackinfo.com\/files\/Screenshot_20250627_140813_Expo-Go-784x1536.jpg 784w, https:\/\/www.blackjackinfo.com\/files\/Screenshot_20250627_140813_Expo-Go-1046x2048.jpg 1046w, https:\/\/www.blackjackinfo.com\/files\/Screenshot_20250627_140813_Expo-Go-6x12.jpg 6w, https:\/\/www.blackjackinfo.com\/files\/Screenshot_20250627_140813_Expo-Go.jpg 1080w\" sizes=\"auto, (max-width: 523px) 100vw, 523px\" data-no-auto-translation=\"\" \/><\/figure>\n\n\n\n<figure class=\"wp-block-image size-large\"><img loading=\"lazy\" decoding=\"async\" width=\"523\" height=\"1024\" data-id=\"9156\" src=\"https:\/\/www.blackjackinfo.com\/files\/Screenshot_20250627_141231_Expo-Go-523x1024.jpg\" alt=\"\" class=\"wp-image-9156\" srcset=\"https:\/\/www.blackjackinfo.com\/files\/Screenshot_20250627_141231_Expo-Go-523x1024.jpg 523w, https:\/\/www.blackjackinfo.com\/files\/Screenshot_20250627_141231_Expo-Go-153x300.jpg 153w, https:\/\/www.blackjackinfo.com\/files\/Screenshot_20250627_141231_Expo-Go-768x1504.jpg 768w, https:\/\/www.blackjackinfo.com\/files\/Screenshot_20250627_141231_Expo-Go-784x1536.jpg 784w, https:\/\/www.blackjackinfo.com\/files\/Screenshot_20250627_141231_Expo-Go-1046x2048.jpg 1046w, https:\/\/www.blackjackinfo.com\/files\/Screenshot_20250627_141231_Expo-Go-6x12.jpg 6w, https:\/\/www.blackjackinfo.com\/files\/Screenshot_20250627_141231_Expo-Go.jpg 1080w\" sizes=\"auto, (max-width: 523px) 100vw, 523px\" data-no-auto-translation=\"\" \/><\/figure>\n<\/figure>\n\n\n\n<p class=\"has-text-align-center\">Si no conoce la estrategia b\u00e1sica, empiece por consultar nuestro <a href=\"https:\/\/www.blackjackinfo.com\/blackjack-basic-strategy-engine\/\">Gu\u00eda de estrategia b\u00e1sica del blackjack<\/a><\/p>\n<\/div><\/div>\n\n\n\n<div class=\"wp-block-group is-nowrap is-layout-flex wp-container-core-group-is-layout-ad2f72ca wp-block-group-is-layout-flex\">\n<div class=\"wp-block-columns is-layout-flex wp-container-core-columns-is-layout-9d6595d7 wp-block-columns-is-layout-flex\">\n<div class=\"wp-block-column wpg-simple-box p40 is-layout-flow wp-block-column-is-layout-flow\">\n<h2 class=\"wp-block-heading\"><strong>Por qu\u00e9 todo jugador debe conocer la estrategia b\u00e1sica<\/strong><\/h2>\n\n\n\n<p>La estrategia b\u00e1sica es la forma matem\u00e1ticamente correcta de jugar todas las manos posibles en el blackjack.<br>Sigui\u00e9ndola, reduces la ventaja de la casa a menos de la mitad del uno por ciento, la mejor probabilidad que puedes obtener en un juego de casino.<\/p>\n\n\n\n<p>Muchos jugadores <em>piense en<\/em> conocen el movimiento correcto, pero el verdadero dominio viene de la repetici\u00f3n y la retroalimentaci\u00f3n.<br>Eso es exactamente lo que ofrece la aplicaci\u00f3n Blackjack Strategy Trainer, una forma de interiorizar las jugadas correctas hasta que se conviertan en autom\u00e1ticas.<\/p>\n<\/div>\n\n\n\n<div class=\"wp-block-column wpg-simple-box p40 is-layout-flow wp-block-column-is-layout-flow\">\n<h2 class=\"wp-block-heading\"><strong>C\u00f3mo funciona el formador<\/strong><\/h2>\n\n\n\n<p>La aplicaci\u00f3n te reparte manos de blackjack al azar y te pide que elijas tu jugada: <strong>Golpear, Parar, Doblar, Dividir o Rendirse.<\/strong><br>Cada vez, obtendr\u00e1 <strong>respuesta instant\u00e1nea<\/strong> explicando la decisi\u00f3n correcta en funci\u00f3n de las reglas que hayas seleccionado.<\/p>\n\n\n\n<p>Puedes practicar en condiciones realistas:<\/p>\n\n\n\n<ul class=\"wp-block-list\">\n<li>Elija entre los conjuntos de reglas habituales (H17, S17, DAS, etc.)<\/li>\n\n\n\n<li>Controla tu rendimiento a medida que mejoras<\/li>\n\n\n\n<li>Consulta estad\u00edsticas detalladas sobre tu precisi\u00f3n por tipo de mano<\/li>\n\n\n\n<li>Juega todo el tiempo que quieras - sin anuncios, sin distracciones, sin paywalls<\/li>\n<\/ul>\n\n\n\n<p>Es la forma m\u00e1s r\u00e1pida de desarrollar la memoria muscular y la confianza que necesitas en la mesa.<\/p>\n<\/div>\n<\/div>\n<\/div>\n\n\n\n<div class=\"wp-block-group wpg-simple-box p40 mT30\"><div class=\"wp-block-group__inner-container is-layout-constrained wp-block-group-is-layout-constrained\">\n<h2 class=\"wp-block-heading mT30\"><strong>Caracter\u00edsticas<\/strong><\/h2>\n\n\n\n<ul class=\"wp-block-list\">\n<li><strong>Formaci\u00f3n estrat\u00e9gica interactiva<\/strong> - Practique todas las manos posibles y vea d\u00f3nde se equivoca.<\/li>\n\n\n\n<li><strong>Seguimiento del rendimiento<\/strong> - Supervise sus progresos e identifique los puntos d\u00e9biles.<\/li>\n\n\n\n<li><strong>Explicaciones detalladas<\/strong> - Conozca la <em>por qu\u00e9<\/em> detr\u00e1s de cada jugada correcta.<\/li>\n\n\n\n<li><strong>M\u00faltiples conjuntos de reglas<\/strong> - Entrena en condiciones reales de casino en todo el mundo.<\/li>\n\n\n\n<li><strong>Modo sin conexi\u00f3n<\/strong> - Practica en cualquier momento, incluso sin Internet.<\/li>\n\n\n\n<li><strong>Completamente gratis<\/strong> - Sin anuncios, sin suscripciones, sin trucos.<\/li>\n<\/ul>\n\n\n\n<h2 class=\"wp-block-heading\"><strong>A qui\u00e9n va dirigida esta aplicaci\u00f3n<\/strong><\/h2>\n\n\n\n<p>Este entrenador fue dise\u00f1ado para:<\/p>\n\n\n\n<ul class=\"wp-block-list\">\n<li>Principiantes que quieran aprender a jugar al blackjack correctamente.<\/li>\n\n\n\n<li>Jugadores en l\u00ednea que buscan una ventaja antes de apostar dinero real.<\/li>\n\n\n\n<li>Visitantes de casinos que quieran repasar antes de su pr\u00f3ximo viaje.<\/li>\n\n\n\n<li>Jugadores experimentados que buscan mantenerse en forma entre sesiones.<\/li>\n<\/ul>\n\n\n\n<p>Si te tomas en serio mejorar tus resultados en el blackjack, esta es la herramienta para hacerlo.<\/p>\n<\/div><\/div>\n\n\n\n<div class=\"wp-block-group wpg-simple-box p40\"><div class=\"wp-block-group__inner-container is-layout-constrained wp-block-group-is-layout-constrained\">\n<h2 class=\"wp-block-heading\"><strong>Creado por el equipo de BlackjackInfo.com<\/strong><\/h2>\n\n\n\n<p>Durante m\u00e1s de 20 a\u00f1os, BlackjackInfo ha sido la fuente l\u00edder en Internet de estrategias fiables de blackjack, gu\u00edas de conteo de cartas y an\u00e1lisis de las reglas del casino.<br>Esta aplicaci\u00f3n se ha creado con la misma filosof\u00eda que ha guiado nuestro sitio web desde el primer d\u00eda:<br><strong>ense\u00f1ar la verdad sobre el blackjack usando matem\u00e1ticas reales, no mitos.<\/strong><\/p>\n\n\n\n<p>Cada regla, mano y correcci\u00f3n de la aplicaci\u00f3n se basa en una estrategia s\u00f3lida y probada, sin atajos, \u201csistemas\u201d ni informaci\u00f3n err\u00f3nea.<\/p>\n\n\n\n<p>Cuando utiliza el Entrenador de Estrategias de BlackjackInfo, est\u00e1 aprendiendo la misma estrategia que utilizan los profesionales en las mesas.<\/p>\n<\/div><\/div>","protected":false},"excerpt":{"rendered":"<p>After more than two decades of helping players master blackjack strategy, BlackjackInfo.com is proud to introduce our official Blackjack Basic Strategy Trainer App &#8211; the easiest way to practice and perfect your blackjack decisions on the go. Whether you\u2019re preparing for your next trip to the casino or sharpening your edge for online play, this [&hellip;]<\/p>\n","protected":false},"author":4,"featured_media":9242,"parent":0,"menu_order":0,"comment_status":"open","ping_status":"closed","template":"","meta":{"_acf_changed":false,"footnotes":""},"tags":[2293],"class_list":["post-9152","page","type-page","status-publish","has-post-thumbnail","hentry","tag-blackjack-tool"],"acf":[],"yoast_head":"<!-- This site is optimized with the Yoast SEO plugin v26.6 - https:\/\/yoast.com\/wordpress\/plugins\/seo\/ -->\n<title>Best Blackjack Basic Strategy App - BlackjackInfo<\/title>\n<meta name=\"description\" content=\"After more than two decades of helping players master blackjack strategy, BlackjackInfo.com is proud to introduce our official Blackjack Basic Strategy\" \/>\n<meta name=\"robots\" content=\"index, follow, max-snippet:-1, max-image-preview:large, max-video-preview:-1\" \/>\n<link rel=\"canonical\" href=\"https:\/\/www.blackjackinfo.com\/es\/blackjack-estrategia-basica-app\/\" \/>\n<meta property=\"og:locale\" content=\"es_ES\" \/>\n<meta property=\"og:type\" content=\"article\" \/>\n<meta property=\"og:title\" content=\"Best Blackjack Basic Strategy App - BlackjackInfo\" \/>\n<meta property=\"og:description\" content=\"After more than two decades of helping players master blackjack strategy, BlackjackInfo.com is proud to introduce our official Blackjack Basic Strategy\" \/>\n<meta property=\"og:url\" content=\"https:\/\/www.blackjackinfo.com\/es\/blackjack-estrategia-basica-app\/\" \/>\n<meta property=\"og:site_name\" content=\"BlackjackInfo.com\" \/>\n<meta property=\"article:modified_time\" content=\"2025-10-30T15:35:05+00:00\" \/>\n<meta property=\"og:image\" content=\"https:\/\/www.blackjackinfo.com\/files\/BLACKJACK-STRATEGY-APP.png\" \/>\n\t<meta property=\"og:image:width\" content=\"1200\" \/>\n\t<meta property=\"og:image:height\" content=\"630\" \/>\n\t<meta property=\"og:image:type\" content=\"image\/png\" \/>\n<meta name=\"twitter:label1\" content=\"Tiempo de lectura\" \/>\n\t<meta name=\"twitter:data1\" content=\"3 minutos\" \/>\n<script type=\"application\/ld+json\" class=\"yoast-schema-graph\">{\"@context\":\"https:\/\/schema.org\",\"@graph\":[{\"@type\":\"WebPage\",\"@id\":\"https:\/\/www.blackjackinfo.com\/blackjack-basic-strategy-app\/\",\"url\":\"https:\/\/www.blackjackinfo.com\/blackjack-basic-strategy-app\/\",\"name\":\"Best Blackjack Basic Strategy App - BlackjackInfo\",\"isPartOf\":{\"@id\":\"https:\/\/www.blackjackinfo.com\/#website\"},\"primaryImageOfPage\":{\"@id\":\"https:\/\/www.blackjackinfo.com\/blackjack-basic-strategy-app\/#primaryimage\"},\"image\":{\"@id\":\"https:\/\/www.blackjackinfo.com\/blackjack-basic-strategy-app\/#primaryimage\"},\"thumbnailUrl\":\"https:\/\/www.blackjackinfo.com\/files\/BLACKJACK-STRATEGY-APP.png\",\"datePublished\":\"2025-10-28T09:27:34+00:00\",\"dateModified\":\"2025-10-30T15:35:05+00:00\",\"description\":\"After more than two decades of helping players master blackjack strategy, BlackjackInfo.com is proud to introduce our official Blackjack Basic Strategy\",\"breadcrumb\":{\"@id\":\"https:\/\/www.blackjackinfo.com\/blackjack-basic-strategy-app\/#breadcrumb\"},\"inLanguage\":\"es\",\"potentialAction\":[{\"@type\":\"ReadAction\",\"target\":[\"https:\/\/www.blackjackinfo.com\/blackjack-basic-strategy-app\/\"]}]},{\"@type\":\"ImageObject\",\"inLanguage\":\"es\",\"@id\":\"https:\/\/www.blackjackinfo.com\/blackjack-basic-strategy-app\/#primaryimage\",\"url\":\"https:\/\/www.blackjackinfo.com\/files\/BLACKJACK-STRATEGY-APP.png\",\"contentUrl\":\"https:\/\/www.blackjackinfo.com\/files\/BLACKJACK-STRATEGY-APP.png\",\"width\":1200,\"height\":630},{\"@type\":\"BreadcrumbList\",\"@id\":\"https:\/\/www.blackjackinfo.com\/blackjack-basic-strategy-app\/#breadcrumb\",\"itemListElement\":[{\"@type\":\"ListItem\",\"position\":1,\"name\":\"Home\",\"item\":\"https:\/\/www.blackjackinfo.com\/\"},{\"@type\":\"ListItem\",\"position\":2,\"name\":\"Blackjack Basic Strategy App\"}]},{\"@type\":\"WebSite\",\"@id\":\"https:\/\/www.blackjackinfo.com\/#website\",\"url\":\"https:\/\/www.blackjackinfo.com\/\",\"name\":\"BlackjackInfo.com\",\"description\":\"Because Winning is More Fun!\",\"potentialAction\":[{\"@type\":\"SearchAction\",\"target\":{\"@type\":\"EntryPoint\",\"urlTemplate\":\"https:\/\/www.blackjackinfo.com\/?s={search_term_string}\"},\"query-input\":{\"@type\":\"PropertyValueSpecification\",\"valueRequired\":true,\"valueName\":\"search_term_string\"}}],\"inLanguage\":\"es\"}]}<\/script>\n<!-- \/ Yoast SEO plugin. -->","yoast_head_json":{"title":"Mejor Blackjack Estrategia B\u00e1sica App - BlackjackInfo","description":"Despu\u00e9s de m\u00e1s de dos d\u00e9cadas ayudando a los jugadores a dominar la estrategia del blackjack, BlackjackInfo.com se enorgullece de presentar nuestra Estrategia B\u00e1sica de Blackjack oficial","robots":{"index":"index","follow":"follow","max-snippet":"max-snippet:-1","max-image-preview":"max-image-preview:large","max-video-preview":"max-video-preview:-1"},"canonical":"https:\/\/www.blackjackinfo.com\/es\/blackjack-estrategia-basica-app\/","og_locale":"es_ES","og_type":"article","og_title":"Best Blackjack Basic Strategy App - BlackjackInfo","og_description":"After more than two decades of helping players master blackjack strategy, BlackjackInfo.com is proud to introduce our official Blackjack Basic Strategy","og_url":"https:\/\/www.blackjackinfo.com\/es\/blackjack-estrategia-basica-app\/","og_site_name":"BlackjackInfo.com","article_modified_time":"2025-10-30T15:35:05+00:00","og_image":[{"width":1200,"height":630,"url":"https:\/\/www.blackjackinfo.com\/files\/BLACKJACK-STRATEGY-APP.png","type":"image\/png"}],"twitter_misc":{"Tiempo de lectura":"3 minutos"},"schema":{"@context":"https:\/\/schema.org","@graph":[{"@type":"WebPage","@id":"https:\/\/www.blackjackinfo.com\/blackjack-basic-strategy-app\/","url":"https:\/\/www.blackjackinfo.com\/blackjack-basic-strategy-app\/","name":"Mejor Blackjack Estrategia B\u00e1sica App - BlackjackInfo","isPartOf":{"@id":"https:\/\/www.blackjackinfo.com\/#website"},"primaryImageOfPage":{"@id":"https:\/\/www.blackjackinfo.com\/blackjack-basic-strategy-app\/#primaryimage"},"image":{"@id":"https:\/\/www.blackjackinfo.com\/blackjack-basic-strategy-app\/#primaryimage"},"thumbnailUrl":"https:\/\/www.blackjackinfo.com\/files\/BLACKJACK-STRATEGY-APP.png","datePublished":"2025-10-28T09:27:34+00:00","dateModified":"2025-10-30T15:35:05+00:00","description":"Despu\u00e9s de m\u00e1s de dos d\u00e9cadas ayudando a los jugadores a dominar la estrategia del blackjack, BlackjackInfo.com se enorgullece de presentar nuestra Estrategia B\u00e1sica de Blackjack oficial","breadcrumb":{"@id":"https:\/\/www.blackjackinfo.com\/blackjack-basic-strategy-app\/#breadcrumb"},"inLanguage":"es","potentialAction":[{"@type":"ReadAction","target":["https:\/\/www.blackjackinfo.com\/blackjack-basic-strategy-app\/"]}]},{"@type":"ImageObject","inLanguage":"es","@id":"https:\/\/www.blackjackinfo.com\/blackjack-basic-strategy-app\/#primaryimage","url":"https:\/\/www.blackjackinfo.com\/files\/BLACKJACK-STRATEGY-APP.png","contentUrl":"https:\/\/www.blackjackinfo.com\/files\/BLACKJACK-STRATEGY-APP.png","width":1200,"height":630},{"@type":"BreadcrumbList","@id":"https:\/\/www.blackjackinfo.com\/blackjack-basic-strategy-app\/#breadcrumb","itemListElement":[{"@type":"ListItem","position":1,"name":"Home","item":"https:\/\/www.blackjackinfo.com\/"},{"@type":"ListItem","position":2,"name":"Blackjack Basic Strategy App"}]},{"@type":"WebSite","@id":"https:\/\/www.blackjackinfo.com\/#website","url":"https:\/\/www.blackjackinfo.com\/","name":"BlackjackInfo.com","description":"\u00a1Porque ganar es m\u00e1s divertido!","potentialAction":[{"@type":"SearchAction","target":{"@type":"EntryPoint","urlTemplate":"https:\/\/www.blackjackinfo.com\/?s={search_term_string}"},"query-input":{"@type":"PropertyValueSpecification","valueRequired":true,"valueName":"search_term_string"}}],"inLanguage":"es"}]}},"_links":{"self":[{"href":"https:\/\/www.blackjackinfo.com\/es\/wp-json\/wp\/v2\/pages\/9152","targetHints":{"allow":["GET"]}}],"collection":[{"href":"https:\/\/www.blackjackinfo.com\/es\/wp-json\/wp\/v2\/pages"}],"about":[{"href":"https:\/\/www.blackjackinfo.com\/es\/wp-json\/wp\/v2\/types\/page"}],"author":[{"embeddable":true,"href":"https:\/\/www.blackjackinfo.com\/es\/wp-json\/wp\/v2\/users\/4"}],"replies":[{"embeddable":true,"href":"https:\/\/www.blackjackinfo.com\/es\/wp-json\/wp\/v2\/comments?post=9152"}],"version-history":[{"count":35,"href":"https:\/\/www.blackjackinfo.com\/es\/wp-json\/wp\/v2\/pages\/9152\/revisions"}],"predecessor-version":[{"id":9198,"href":"https:\/\/www.blackjackinfo.com\/es\/wp-json\/wp\/v2\/pages\/9152\/revisions\/9198"}],"wp:featuredmedia":[{"embeddable":true,"href":"https:\/\/www.blackjackinfo.com\/es\/wp-json\/wp\/v2\/media\/9242"}],"wp:attachment":[{"href":"https:\/\/www.blackjackinfo.com\/es\/wp-json\/wp\/v2\/media?parent=9152"}],"wp:term":[{"taxonomy":"post_tag","embeddable":true,"href":"https:\/\/www.blackjackinfo.com\/es\/wp-json\/wp\/v2\/tags?post=9152"}],"curies":[{"name":"wp","href":"https:\/\/api.w.org\/{rel}","templated":true}]}}