{"id":937,"date":"2014-11-15T14:18:05","date_gmt":"2014-11-15T20:18:05","guid":{"rendered":"http:\/\/test.blackjackinfo.com\/?page_id=937"},"modified":"2020-02-18T18:26:00","modified_gmt":"2020-02-19T00:26:00","slug":"conteo-de-cartas","status":"publish","type":"page","link":"https:\/\/www.blackjackinfo.com\/es\/card-counting\/","title":{"rendered":"Contar cartas"},"content":{"rendered":"<p><img loading=\"lazy\" decoding=\"async\" class=\"alignright size-medium wp-image-940\" src=\"\/files\/Blackjack-300x205.jpg\" alt=\"Blackjack\" width=\"300\" height=\"205\" srcset=\"https:\/\/www.blackjackinfo.com\/files\/Blackjack-300x205.jpg 300w, https:\/\/www.blackjackinfo.com\/files\/Blackjack.jpg 1000w\" sizes=\"auto, (max-width: 300px) 100vw, 300px\" data-no-auto-translation=\"\" \/><\/p>\n<p class=\"intro\">El Blackjack tiene una diferencia importante en comparaci\u00f3n con la mayor\u00eda de los otros juegos del casino.<\/p>\n<p style=\"text-align: center;\">Es <strong>batible<\/strong>.<\/p>\n<p>Dado que se reparten varias manos del juego a los jugadores entre barajadas, un jugador inteligente puede utilizar informaci\u00f3n sobre las cartas que ya se han repartido para predecir algo sobre las cartas que vendr\u00e1n.<\/p>\n<p>A diferencia de juegos como la ruleta o los dados, donde las tiradas o tiradas anteriores no tienen ning\u00fan impacto en las decisiones futuras, cada mano en el blackjack agota la baraja restante de las cartas que se utilizaron. De ese simple hecho surge la idea del conteo de cartas, un m\u00e9todo de juego de ventaja legal que puede proporcionar al jugador una ventaja matem\u00e1tica real sobre el casino.<\/p>\n<p>Si las cartas que quedan por repartir tienen una proporci\u00f3n de dieces y ases superior a la normal en comparaci\u00f3n con las cartas m\u00e1s peque\u00f1as, aumenta la ventaja del jugador. Por lo tanto, contar cartas es simplemente un m\u00e9todo para determinar cu\u00e1ndo la baraja restante es favorable al jugador. Cuando la baraja es \"rica\" en dieces y ases, el contador de cartas hace apuestas correspondientemente mayores. En cambio, cuando la baraja tiene m\u00e1s cartas peque\u00f1as, como de dos a seis, el contador de cartas apostar\u00e1 lo menos posible o abandonar\u00e1 la mesa.<\/p>\n<p>Con la ayuda de los art\u00edculos y debates que se enumeran a continuaci\u00f3n, descubrir\u00e1 que el conteo de cartas no es s\u00f3lo para genios de las matem\u00e1ticas, a pesar de las representaciones enga\u00f1osas de los medios de comunicaci\u00f3n como las pel\u00edculas <i>Rain Man<\/i> o <i>\u201c21\u201d<\/i>. En cambio, la mayor\u00eda de los jugadores que est\u00e1n dispuestos a dedicar algo de tiempo y esfuerzo pueden aprender a vencer en el juego del blackjack.<br \/>\n<div class=\"row\" style=\"margin-bottom:20px\">\n    <div class=\"col-sm-12\">\n                <h2>Los mejores casinos online de EE.UU. <span\n                class=\"flag-icon flag-icon-us\"><\/span><\/h2>\n\n        \n                \n        <div class=\"ranking-table text-center\">\n            <div class=\"row flex ad-row\">\n                <div class=\"col-sm-3\">\n                    <div class=\"row flex\">\n\n                        <div class=\"col-sm-3\">\n                            <div class=\"ranking-number text-center\">\n\n                                1                                \n                            <\/div>\n                        <\/div>\n                        <div class=\"col-sm-9\">\n                            <img decoding=\"async\" src=\"https:\/\/www.blackjackinfo.com\/files\/bovada.png\" data-no-auto-translation=\"\">\n                        <\/div>\n                    <\/div>\n                <\/div>\n                <div class=\"col-sm-4\">\n                    <div class=\"bonus-text text-center\"><span class=\"red\">100% hasta $1.000<\/span><\/div>\n\t\t\t\t\t\n\n                <\/div>\n                <div class=\"col-sm-2\">\n                    <a class=\"btn btn-wire\" href=\"\/es\/casino\/bovada\/\">Revisa<\/a>\n\n                <\/div>\n                <div class=\"col-sm-3\">\n                    <a rel=\"nofollow\" target=\"_blank\" class=\"btn btn-blue\" href=\"\/goto\/goto\/\">Jugar\n                        Ahora<\/a>\n\t\t\t\t\t\t\n\n                <\/div>\n            <\/div>\n        <\/div>\n\n\n\n        \n                \n        <div class=\"ranking-table text-center\">\n            <div class=\"row flex ad-row\">\n                <div class=\"col-sm-3\">\n                    <div class=\"row flex\">\n\n                        <div class=\"col-sm-3\">\n                            <div class=\"ranking-number text-center\">\n\n                                2                                \n                            <\/div>\n                        <\/div>\n                        <div class=\"col-sm-9\">\n                            <img decoding=\"async\" src=\"https:\/\/www.blackjackinfo.com\/files\/ignition-casino-logo.png\" data-no-auto-translation=\"\">\n                        <\/div>\n                    <\/div>\n                <\/div>\n                <div class=\"col-sm-4\">\n                    <div class=\"bonus-text text-center\"><span class=\"red\">100% hasta $1.000<\/span><\/div>\n\t\t\t\t\t\n\n                <\/div>\n                <div class=\"col-sm-2\">\n                    <a class=\"btn btn-wire\" href=\"\/es\/casino\/ignition-casino\/\">Revisa<\/a>\n\n                <\/div>\n                <div class=\"col-sm-3\">\n                    <a rel=\"nofollow\" target=\"_blank\" class=\"btn btn-blue\" href=\"\/goto\/goto\/\">Jugar\n                        Ahora<\/a>\n\t\t\t\t\t\t\n\n                <\/div>\n            <\/div>\n        <\/div>\n\n\n\n        \n                \n        <div class=\"ranking-table text-center\">\n            <div class=\"row flex ad-row\">\n                <div class=\"col-sm-3\">\n                    <div class=\"row flex\">\n\n                        <div class=\"col-sm-3\">\n                            <div class=\"ranking-number text-center\">\n\n                                3                                \n                            <\/div>\n                        <\/div>\n                        <div class=\"col-sm-9\">\n                            <img decoding=\"async\" src=\"https:\/\/www.blackjackinfo.com\/files\/VipSlots-500x250_dark.svg\" data-no-auto-translation=\"\">\n                        <\/div>\n                    <\/div>\n                <\/div>\n                <div class=\"col-sm-4\">\n                    <div class=\"bonus-text text-center\"><span class=\"red\">100 GIROS GRATIS en Secret Life of Cats<\/span><\/div>\n\t\t\t\t\t\n\n                <\/div>\n                <div class=\"col-sm-2\">\n                    <a class=\"btn btn-wire\" href=\"\/es\/casino\/vipslots-casino\/\">Revisa<\/a>\n\n                <\/div>\n                <div class=\"col-sm-3\">\n                    <a rel=\"nofollow\" target=\"_blank\" class=\"btn btn-blue\" href=\"\/goto\/goto\/\">Jugar\n                        Ahora<\/a>\n\t\t\t\t\t\t\n\n                <\/div>\n            <\/div>\n        <\/div>\n\n\n\n        \n                \n        <div class=\"ranking-table text-center\">\n            <div class=\"row flex ad-row\">\n                <div class=\"col-sm-3\">\n                    <div class=\"row flex\">\n\n                        <div class=\"col-sm-3\">\n                            <div class=\"ranking-number text-center\">\n\n                                4                                \n                            <\/div>\n                        <\/div>\n                        <div class=\"col-sm-9\">\n                            <img decoding=\"async\" src=\"https:\/\/www.blackjackinfo.com\/files\/vegas_casino_online.png\" data-no-auto-translation=\"\">\n                        <\/div>\n                    <\/div>\n                <\/div>\n                <div class=\"col-sm-4\">\n                    <div class=\"bonus-text text-center\"><span class=\"red\">300% hasta $3.000<\/span><\/div>\n\t\t\t\t\t\n\n                <\/div>\n                <div class=\"col-sm-2\">\n                    <a class=\"btn btn-wire\" href=\"\/es\/casino\/vegas-casino-online-2\/\">Revisa<\/a>\n\n                <\/div>\n                <div class=\"col-sm-3\">\n                    <a rel=\"nofollow\" target=\"_blank\" class=\"btn btn-blue\" href=\"\/goto\/goto\/\">Jugar\n                        Ahora<\/a>\n\t\t\t\t\t\t\n\n                <\/div>\n            <\/div>\n        <\/div>\n\n\n\n        \n                \n        <div class=\"ranking-table text-center\">\n            <div class=\"row flex ad-row\">\n                <div class=\"col-sm-3\">\n                    <div class=\"row flex\">\n\n                        <div class=\"col-sm-3\">\n                            <div class=\"ranking-number text-center\">\n\n                                5                                \n                            <\/div>\n                        <\/div>\n                        <div class=\"col-sm-9\">\n                            <img decoding=\"async\" src=\"https:\/\/www.blackjackinfo.com\/files\/cafe-casino-logo.svg\" data-no-auto-translation=\"\">\n                        <\/div>\n                    <\/div>\n                <\/div>\n                <div class=\"col-sm-4\">\n                    <div class=\"bonus-text text-center\"><span class=\"red\">250% hasta $1.500<\/span><\/div>\n\t\t\t\t\t\n\n                <\/div>\n                <div class=\"col-sm-2\">\n                    <a class=\"btn btn-wire\" href=\"\/es\/casino\/cafe-casino\/\">Revisa<\/a>\n\n                <\/div>\n                <div class=\"col-sm-3\">\n                    <a rel=\"nofollow\" target=\"_blank\" class=\"btn btn-blue\" href=\"\/goto\/goto\/\">Jugar\n                        Ahora<\/a>\n\t\t\t\t\t\t\n\n                <\/div>\n            <\/div>\n        <\/div>\n\n\n\n            <\/div>\n<\/div><\/p>\n<h2 style=\"text-align: center;\">Art\u00edculos sobre el conteo de cartas<\/h2>\n<ul>\n<li>\n<p>\n<a href=\"\/knowledge-base\/blackjack-card-counting\/an-introduction-to-card-counting\/\">Introducci\u00f3n al conteo de cartas<\/a>: Una introducci\u00f3n r\u00e1pida y \u00fatil de ICountNTrack, uno de nuestros moderadores del foro.\n<\/p>\n<\/li>\n<li>\n<p>\n<a href=\"\/knowledge-base\/blackjack-card-counting\/frequently-asked-questions\/\">Preguntas frecuentes<\/a>: Una selecci\u00f3n de preguntas comunes de los jugadores que son nuevos en el blackjack y el conteo.\n<\/p>\n<\/li>\n<li>\n<a href=\"\/worlds-greatest-job\/\">El mejor trabajo del mundo<\/a>: Life as a full-time blackjack pro, por Kevin Blackwood.<\/p>\n<blockquote><p>Kevin ha ganado m\u00e1s de un mill\u00f3n de d\u00f3lares en los casinos como contador de cartas, y es autor de varios libros, entre ellos <a href=\"http:\/\/www.amazon.com\/dp\/0060731125\/?tag=theblackjacbasic\">Juega al blackjack como los profesionales<\/a> y <a href=\"http:\/\/www.amazon.com\/dp\/047175286X\/?tag=theblackjacbasic\">Juegos de Casino para Dummies<\/a>.<\/p><\/blockquote>\n<\/li>\n<li>\n<a href=\"\/blackjack-school\/\">Escuela de Blackjack del GameMaster<\/a>: Un curso gratuito de 24 lecciones sobre blackjack y conteo de cartas.<\/p>\n<blockquote><p>Bill Channels, alias \"The GameMaster\", desarroll\u00f3 originalmente esta serie de lecciones de blackjack para utilizarlas durante sus clases particulares en persona sobre el juego. Con su permiso, los materiales de su curso est\u00e1n ahora disponibles de forma gratuita en nuestra versi\u00f3n online.<\/p><\/blockquote>\n<\/li>\n<\/ul>\n<h2 style=\"text-align: center;\">Recursos para contar cartas<\/h2>\n<ul>\n<li>\n<p>\n<a href=\"\/knowledge-base\/blackjack-card-counting\/free-counting-resources-on-web\/\">Recursos gratuitos de recuento en Internet<\/a>: Una lista \u00fatil de muchos sitios y recursos para contadores de cartas.\n<\/p>\n<\/li>\n<li>\n<p>\n<a href=\"\/card-counting-efficiency-calculator\/\">Calculadora de eficiencia del sistema de recuento de tarjetas<\/a>: Determinar la Eficiencia de Juego (PE), Correlaci\u00f3n de Apuestas (BC) y Correlaci\u00f3n de Seguros (IC) para cualquier sistema de conteo de cartas.\n<\/p>\n<\/li>\n<\/ul>","protected":false},"excerpt":{"rendered":"<p>Blackjack has one important difference when compared to most other games in the casino. It is beatable. Since multiple hands of the game are dealt to players between shuffles, a smart player can use information about the cards that have already been dealt to predict something about the cards to come. Unlike games like roulette [&hellip;]<\/p>\n","protected":false},"author":2,"featured_media":0,"parent":0,"menu_order":0,"comment_status":"open","ping_status":"closed","template":"","meta":{"_acf_changed":false,"footnotes":""},"tags":[],"class_list":["post-937","page","type-page","status-publish","hentry"],"acf":[],"yoast_head":"<!-- This site is optimized with the Yoast SEO plugin v26.6 - https:\/\/yoast.com\/wordpress\/plugins\/seo\/ -->\n<title>Card Counting<\/title>\n<meta name=\"description\" content=\"Blackjack is a beatable game. Learn how to count cards and turn the tables on the casino, with a solid mathematical edge over the house.\" \/>\n<meta name=\"robots\" content=\"index, follow, max-snippet:-1, max-image-preview:large, max-video-preview:-1\" \/>\n<link rel=\"canonical\" href=\"https:\/\/www.blackjackinfo.com\/es\/conteo-de-cartas\/\" \/>\n<meta property=\"og:locale\" content=\"es_ES\" \/>\n<meta property=\"og:type\" content=\"article\" \/>\n<meta property=\"og:title\" content=\"Card Counting\" \/>\n<meta property=\"og:description\" content=\"Blackjack is a beatable game. Learn how to count cards and turn the tables on the casino, with a solid mathematical edge over the house.\" \/>\n<meta property=\"og:url\" content=\"https:\/\/www.blackjackinfo.com\/es\/conteo-de-cartas\/\" \/>\n<meta property=\"og:site_name\" content=\"BlackjackInfo.com\" \/>\n<meta property=\"article:modified_time\" content=\"2020-02-19T00:26:00+00:00\" \/>\n<meta name=\"twitter:label1\" content=\"Tiempo de lectura\" \/>\n\t<meta name=\"twitter:data1\" content=\"2 minutos\" \/>\n<script type=\"application\/ld+json\" class=\"yoast-schema-graph\">{\"@context\":\"https:\/\/schema.org\",\"@graph\":[{\"@type\":\"WebPage\",\"@id\":\"https:\/\/www.blackjackinfo.com\/card-counting\/\",\"url\":\"https:\/\/www.blackjackinfo.com\/card-counting\/\",\"name\":\"Card Counting\",\"isPartOf\":{\"@id\":\"https:\/\/www.blackjackinfo.com\/#website\"},\"datePublished\":\"2014-11-15T20:18:05+00:00\",\"dateModified\":\"2020-02-19T00:26:00+00:00\",\"description\":\"Blackjack is a beatable game. Learn how to count cards and turn the tables on the casino, with a solid mathematical edge over the house.\",\"breadcrumb\":{\"@id\":\"https:\/\/www.blackjackinfo.com\/card-counting\/#breadcrumb\"},\"inLanguage\":\"es\",\"potentialAction\":[{\"@type\":\"ReadAction\",\"target\":[\"https:\/\/www.blackjackinfo.com\/card-counting\/\"]}]},{\"@type\":\"BreadcrumbList\",\"@id\":\"https:\/\/www.blackjackinfo.com\/card-counting\/#breadcrumb\",\"itemListElement\":[{\"@type\":\"ListItem\",\"position\":1,\"name\":\"Home\",\"item\":\"https:\/\/www.blackjackinfo.com\/\"},{\"@type\":\"ListItem\",\"position\":2,\"name\":\"Card Counting\"}]},{\"@type\":\"WebSite\",\"@id\":\"https:\/\/www.blackjackinfo.com\/#website\",\"url\":\"https:\/\/www.blackjackinfo.com\/\",\"name\":\"BlackjackInfo.com\",\"description\":\"Because Winning is More Fun!\",\"potentialAction\":[{\"@type\":\"SearchAction\",\"target\":{\"@type\":\"EntryPoint\",\"urlTemplate\":\"https:\/\/www.blackjackinfo.com\/?s={search_term_string}\"},\"query-input\":{\"@type\":\"PropertyValueSpecification\",\"valueRequired\":true,\"valueName\":\"search_term_string\"}}],\"inLanguage\":\"es\"}]}<\/script>\n<!-- \/ Yoast SEO plugin. -->","yoast_head_json":{"title":"Contar cartas","description":"El blackjack es un juego al que se puede ganar. Aprenda a contar cartas y a darle la vuelta a la tortilla, con una s\u00f3lida ventaja matem\u00e1tica sobre la casa.","robots":{"index":"index","follow":"follow","max-snippet":"max-snippet:-1","max-image-preview":"max-image-preview:large","max-video-preview":"max-video-preview:-1"},"canonical":"https:\/\/www.blackjackinfo.com\/es\/conteo-de-cartas\/","og_locale":"es_ES","og_type":"article","og_title":"Card Counting","og_description":"Blackjack is a beatable game. Learn how to count cards and turn the tables on the casino, with a solid mathematical edge over the house.","og_url":"https:\/\/www.blackjackinfo.com\/es\/conteo-de-cartas\/","og_site_name":"BlackjackInfo.com","article_modified_time":"2020-02-19T00:26:00+00:00","twitter_misc":{"Tiempo de lectura":"2 minutos"},"schema":{"@context":"https:\/\/schema.org","@graph":[{"@type":"WebPage","@id":"https:\/\/www.blackjackinfo.com\/card-counting\/","url":"https:\/\/www.blackjackinfo.com\/card-counting\/","name":"Contar cartas","isPartOf":{"@id":"https:\/\/www.blackjackinfo.com\/#website"},"datePublished":"2014-11-15T20:18:05+00:00","dateModified":"2020-02-19T00:26:00+00:00","description":"El blackjack es un juego al que se puede ganar. Aprenda a contar cartas y a darle la vuelta a la tortilla, con una s\u00f3lida ventaja matem\u00e1tica sobre la casa.","breadcrumb":{"@id":"https:\/\/www.blackjackinfo.com\/card-counting\/#breadcrumb"},"inLanguage":"es","potentialAction":[{"@type":"ReadAction","target":["https:\/\/www.blackjackinfo.com\/card-counting\/"]}]},{"@type":"BreadcrumbList","@id":"https:\/\/www.blackjackinfo.com\/card-counting\/#breadcrumb","itemListElement":[{"@type":"ListItem","position":1,"name":"Home","item":"https:\/\/www.blackjackinfo.com\/"},{"@type":"ListItem","position":2,"name":"Card Counting"}]},{"@type":"WebSite","@id":"https:\/\/www.blackjackinfo.com\/#website","url":"https:\/\/www.blackjackinfo.com\/","name":"BlackjackInfo.com","description":"\u00a1Porque ganar es m\u00e1s divertido!","potentialAction":[{"@type":"SearchAction","target":{"@type":"EntryPoint","urlTemplate":"https:\/\/www.blackjackinfo.com\/?s={search_term_string}"},"query-input":{"@type":"PropertyValueSpecification","valueRequired":true,"valueName":"search_term_string"}}],"inLanguage":"es"}]}},"_links":{"self":[{"href":"https:\/\/www.blackjackinfo.com\/es\/wp-json\/wp\/v2\/pages\/937","targetHints":{"allow":["GET"]}}],"collection":[{"href":"https:\/\/www.blackjackinfo.com\/es\/wp-json\/wp\/v2\/pages"}],"about":[{"href":"https:\/\/www.blackjackinfo.com\/es\/wp-json\/wp\/v2\/types\/page"}],"author":[{"embeddable":true,"href":"https:\/\/www.blackjackinfo.com\/es\/wp-json\/wp\/v2\/users\/2"}],"replies":[{"embeddable":true,"href":"https:\/\/www.blackjackinfo.com\/es\/wp-json\/wp\/v2\/comments?post=937"}],"version-history":[{"count":24,"href":"https:\/\/www.blackjackinfo.com\/es\/wp-json\/wp\/v2\/pages\/937\/revisions"}],"predecessor-version":[{"id":5475,"href":"https:\/\/www.blackjackinfo.com\/es\/wp-json\/wp\/v2\/pages\/937\/revisions\/5475"}],"wp:attachment":[{"href":"https:\/\/www.blackjackinfo.com\/es\/wp-json\/wp\/v2\/media?parent=937"}],"wp:term":[{"taxonomy":"post_tag","embeddable":true,"href":"https:\/\/www.blackjackinfo.com\/es\/wp-json\/wp\/v2\/tags?post=937"}],"curies":[{"name":"wp","href":"https:\/\/api.w.org\/{rel}","templated":true}]}}