{"id":1038,"date":"2014-11-27T17:32:20","date_gmt":"2014-11-27T23:32:20","guid":{"rendered":"http:\/\/test.blackjackinfo.com\/?page_id=1038"},"modified":"2018-06-22T02:33:03","modified_gmt":"2018-06-22T07:33:03","slug":"calculatrice-de-lefficacite-du-comptage-des-cartes","status":"publish","type":"page","link":"https:\/\/www.blackjackinfo.com\/fr\/card-counting-efficiency-calculator\/","title":{"rendered":"Calculateur d'efficacit\u00e9 du comptage des cartes"},"content":{"rendered":"<p class=\"intro\">This calculator allows you to determine the Playing Efficiency (PE), Betting Correlation (BC) and Insurance Correlation (IC) of any card counting system.<\/p>\n<p>Just plug in the tag values for each card rank and click Calculate.<\/p>\n<div class=\"panel\">For example, for the popular Hi-Lo counting system, you would input the tag value -1 for Ace and Ten, and tag value +1 for 2-6.  That shows the Hi-Lo count yields PE=0.5114, BC=0.9682, and IC=0.7601.<\/div>\n<div class=\"text-center\">\n<object classid=\"clsid:D27CDB6E-AE6D-11cf-96B8-444553540000\" width=\"660\" height=\"480\"><param name=\"movie\" value=\"\/swf\/EfficiencyCalculator.swf\" \/><!--[if !IE]>--><br \/>\n        <object type=\"application\/x-shockwave-flash\" data=\"\/swf\/EfficiencyCalculator.swf\" width=\"650\" height=\"300\"><!--<![endif]--><\/p>\n<div class=\"panel callout radius text-left\">\n<p>Sorry, but the Efficiency Calculator currently requires Flash, and your device doesn&#8217;t support that.<\/p>\n<p>We hope to eventually publish a new version that will work on all devices.  Subscribe to the mailing list if you want to be notified when it arrives.<\/p>\n<\/p><\/div>\n<p>        <!--[if !IE]>--><\/object><br \/>\n        <!--<![endif]--><\/object>\n<\/div>\n<hr>\n<ul>\n<li><b>Playing Efficiency (PE)<\/b>: This is a measure of how effectively a counting system can be used to vary strategy. 0.70 is an approximate cap on the highest possible PE for a single parameter counting system.<\/li>\n<li><b>Betting Correlation (BC)<\/b>: This is a measure of how effective a system is in detecting the player&#8217;s advantage based on the remaining cards. It is based on how closely the card counting tags match up with the effect of removal of each card rank. Good BC values can approach 1.00.<\/li>\n<li><b>Insurance Correlation (IC)<\/b>: This is a measure of how well a counting system indicates correct insurance betting decisions.<\/li>\n<\/ul>\n<p>For much more on the technical details of card counting system efficiencies, see Peter Griffin&#8217;s book <a href=\"http:\/\/www.amazon.com\/dp\/0929712137\/?tag=theblackjacbasic\">The Theory of Blackjack: The Compleat Card Counter&#8217;s Guide to the Casino Game of 21<?a><\/p>\n","protected":false},"excerpt":{"rendered":"<p>This calculator allows you to determine the Playing Efficiency (PE), Betting Correlation (BC) and Insurance Correlation (IC) of any card counting system. Just plug in the tag values for each card rank and click Calculate. For example, for the popular Hi-Lo counting system, you would input the tag value -1 for Ace and Ten, and [&hellip;]<\/p>\n","protected":false},"author":2,"featured_media":0,"parent":0,"menu_order":0,"comment_status":"open","ping_status":"closed","template":"","meta":{"_acf_changed":false,"footnotes":""},"tags":[],"class_list":["post-1038","page","type-page","status-publish","hentry"],"acf":[],"yoast_head":"<!-- This site is optimized with the Yoast SEO plugin v26.6 - https:\/\/yoast.com\/wordpress\/plugins\/seo\/ -->\n<title>Card Counting Efficiency Calculator<\/title>\n<meta name=\"description\" content=\"A Flash-based calculator to determine the Playing Efficiency and Betting Efficiency of a card counting system. Input the tag values, and see the results.\" \/>\n<meta name=\"robots\" content=\"index, follow, max-snippet:-1, max-image-preview:large, max-video-preview:-1\" \/>\n<link rel=\"canonical\" href=\"https:\/\/www.blackjackinfo.com\/fr\/calculatrice-de-lefficacite-du-comptage-des-cartes\/\" \/>\n<meta property=\"og:locale\" content=\"fr_FR\" \/>\n<meta property=\"og:type\" content=\"article\" \/>\n<meta property=\"og:title\" content=\"Card Counting Efficiency Calculator\" \/>\n<meta property=\"og:description\" content=\"A Flash-based calculator to determine the Playing Efficiency and Betting Efficiency of a card counting system. Input the tag values, and see the results.\" \/>\n<meta property=\"og:url\" content=\"https:\/\/www.blackjackinfo.com\/fr\/calculatrice-de-lefficacite-du-comptage-des-cartes\/\" \/>\n<meta property=\"og:site_name\" content=\"BlackjackInfo.com\" \/>\n<meta property=\"article:modified_time\" content=\"2018-06-22T07:33:03+00:00\" \/>\n<meta name=\"twitter:label1\" content=\"Dur\u00e9e de lecture estim\u00e9e\" \/>\n\t<meta name=\"twitter:data1\" content=\"1 minute\" \/>\n<script type=\"application\/ld+json\" class=\"yoast-schema-graph\">{\"@context\":\"https:\/\/schema.org\",\"@graph\":[{\"@type\":\"WebPage\",\"@id\":\"https:\/\/www.blackjackinfo.com\/card-counting-efficiency-calculator\/\",\"url\":\"https:\/\/www.blackjackinfo.com\/card-counting-efficiency-calculator\/\",\"name\":\"Card Counting Efficiency Calculator\",\"isPartOf\":{\"@id\":\"https:\/\/www.blackjackinfo.com\/#website\"},\"datePublished\":\"2014-11-27T23:32:20+00:00\",\"dateModified\":\"2018-06-22T07:33:03+00:00\",\"description\":\"A Flash-based calculator to determine the Playing Efficiency and Betting Efficiency of a card counting system. Input the tag values, and see the results.\",\"breadcrumb\":{\"@id\":\"https:\/\/www.blackjackinfo.com\/card-counting-efficiency-calculator\/#breadcrumb\"},\"inLanguage\":\"fr-FR\",\"potentialAction\":[{\"@type\":\"ReadAction\",\"target\":[\"https:\/\/www.blackjackinfo.com\/card-counting-efficiency-calculator\/\"]}]},{\"@type\":\"BreadcrumbList\",\"@id\":\"https:\/\/www.blackjackinfo.com\/card-counting-efficiency-calculator\/#breadcrumb\",\"itemListElement\":[{\"@type\":\"ListItem\",\"position\":1,\"name\":\"Home\",\"item\":\"https:\/\/www.blackjackinfo.com\/\"},{\"@type\":\"ListItem\",\"position\":2,\"name\":\"Card Counting Efficiency Calculator\"}]},{\"@type\":\"WebSite\",\"@id\":\"https:\/\/www.blackjackinfo.com\/#website\",\"url\":\"https:\/\/www.blackjackinfo.com\/\",\"name\":\"BlackjackInfo.com\",\"description\":\"Because Winning is More Fun!\",\"potentialAction\":[{\"@type\":\"SearchAction\",\"target\":{\"@type\":\"EntryPoint\",\"urlTemplate\":\"https:\/\/www.blackjackinfo.com\/?s={search_term_string}\"},\"query-input\":{\"@type\":\"PropertyValueSpecification\",\"valueRequired\":true,\"valueName\":\"search_term_string\"}}],\"inLanguage\":\"fr-FR\"}]}<\/script>\n<!-- \/ Yoast SEO plugin. -->","yoast_head_json":{"title":"Calculateur d'efficacit\u00e9 du comptage des cartes","description":"Une calculatrice bas\u00e9e sur Flash pour d\u00e9terminer l'efficacit\u00e9 de jeu et l'efficacit\u00e9 de mise d'un syst\u00e8me de comptage de cartes. Saisissez les valeurs de l'\u00e9tiquette et voyez les r\u00e9sultats.","robots":{"index":"index","follow":"follow","max-snippet":"max-snippet:-1","max-image-preview":"max-image-preview:large","max-video-preview":"max-video-preview:-1"},"canonical":"https:\/\/www.blackjackinfo.com\/fr\/calculatrice-de-lefficacite-du-comptage-des-cartes\/","og_locale":"fr_FR","og_type":"article","og_title":"Card Counting Efficiency Calculator","og_description":"A Flash-based calculator to determine the Playing Efficiency and Betting Efficiency of a card counting system. Input the tag values, and see the results.","og_url":"https:\/\/www.blackjackinfo.com\/fr\/calculatrice-de-lefficacite-du-comptage-des-cartes\/","og_site_name":"BlackjackInfo.com","article_modified_time":"2018-06-22T07:33:03+00:00","twitter_misc":{"Dur\u00e9e de lecture estim\u00e9e":"1 minute"},"schema":{"@context":"https:\/\/schema.org","@graph":[{"@type":"WebPage","@id":"https:\/\/www.blackjackinfo.com\/card-counting-efficiency-calculator\/","url":"https:\/\/www.blackjackinfo.com\/card-counting-efficiency-calculator\/","name":"Calculateur d'efficacit\u00e9 du comptage des cartes","isPartOf":{"@id":"https:\/\/www.blackjackinfo.com\/#website"},"datePublished":"2014-11-27T23:32:20+00:00","dateModified":"2018-06-22T07:33:03+00:00","description":"Une calculatrice bas\u00e9e sur Flash pour d\u00e9terminer l'efficacit\u00e9 de jeu et l'efficacit\u00e9 de mise d'un syst\u00e8me de comptage de cartes. Saisissez les valeurs de l'\u00e9tiquette et voyez les r\u00e9sultats.","breadcrumb":{"@id":"https:\/\/www.blackjackinfo.com\/card-counting-efficiency-calculator\/#breadcrumb"},"inLanguage":"fr-FR","potentialAction":[{"@type":"ReadAction","target":["https:\/\/www.blackjackinfo.com\/card-counting-efficiency-calculator\/"]}]},{"@type":"BreadcrumbList","@id":"https:\/\/www.blackjackinfo.com\/card-counting-efficiency-calculator\/#breadcrumb","itemListElement":[{"@type":"ListItem","position":1,"name":"Home","item":"https:\/\/www.blackjackinfo.com\/"},{"@type":"ListItem","position":2,"name":"Card Counting Efficiency Calculator"}]},{"@type":"WebSite","@id":"https:\/\/www.blackjackinfo.com\/#website","url":"https:\/\/www.blackjackinfo.com\/","name":"BlackjackInfo.com","description":"Parce que gagner, c'est plus amusant !","potentialAction":[{"@type":"SearchAction","target":{"@type":"EntryPoint","urlTemplate":"https:\/\/www.blackjackinfo.com\/?s={search_term_string}"},"query-input":{"@type":"PropertyValueSpecification","valueRequired":true,"valueName":"search_term_string"}}],"inLanguage":"fr-FR"}]}},"_links":{"self":[{"href":"https:\/\/www.blackjackinfo.com\/fr\/wp-json\/wp\/v2\/pages\/1038","targetHints":{"allow":["GET"]}}],"collection":[{"href":"https:\/\/www.blackjackinfo.com\/fr\/wp-json\/wp\/v2\/pages"}],"about":[{"href":"https:\/\/www.blackjackinfo.com\/fr\/wp-json\/wp\/v2\/types\/page"}],"author":[{"embeddable":true,"href":"https:\/\/www.blackjackinfo.com\/fr\/wp-json\/wp\/v2\/users\/2"}],"replies":[{"embeddable":true,"href":"https:\/\/www.blackjackinfo.com\/fr\/wp-json\/wp\/v2\/comments?post=1038"}],"version-history":[{"count":6,"href":"https:\/\/www.blackjackinfo.com\/fr\/wp-json\/wp\/v2\/pages\/1038\/revisions"}],"predecessor-version":[{"id":3705,"href":"https:\/\/www.blackjackinfo.com\/fr\/wp-json\/wp\/v2\/pages\/1038\/revisions\/3705"}],"wp:attachment":[{"href":"https:\/\/www.blackjackinfo.com\/fr\/wp-json\/wp\/v2\/media?parent=1038"}],"wp:term":[{"taxonomy":"post_tag","embeddable":true,"href":"https:\/\/www.blackjackinfo.com\/fr\/wp-json\/wp\/v2\/tags?post=1038"}],"curies":[{"name":"wp","href":"https:\/\/api.w.org\/{rel}","templated":true}]}}