{"id":1043,"date":"2014-11-27T18:07:42","date_gmt":"2014-11-28T00:07:42","guid":{"rendered":"http:\/\/test.blackjackinfo.com\/?page_id=1043"},"modified":"2021-01-08T23:37:26","modified_gmt":"2021-01-09T05:37:26","slug":"analyseur-combinatoire-gratuit-du-blackjack","status":"publish","type":"page","link":"https:\/\/www.blackjackinfo.com\/fr\/free-blackjack-combinatorial-analyzer\/","title":{"rendered":"Analyseur combinatoire gratuit pour le Blackjack"},"content":{"rendered":"<p><strong>Mise \u00e0 jour<\/strong>:Le code de ce logiciel est d\u00e9sormais en libre acc\u00e8s et peut \u00eatre consult\u00e9 \u00e0 l'adresse suivante <a href=\"https:\/\/github.com\/Neurobaby\/MGPs-BJ-CA\">ici<\/a><\/p>\n<p>MGP, membre de la communaut\u00e9 BlackjackInfo, a gentiment publi\u00e9 son logiciel d'analyse combinatoire du blackjack pour Windows en tant que freeware.<\/p>\n<p>T\u00e9l\u00e9chargez le fichier zip ici : <a href=\"\/files\/MGP_BJCA_Setup.zip\">MGP_BJCA_Setup.zip<\/a> (7.6 MB).<\/p>\n<p>Les <a href=\"\/files\/MGP_BJCA_LICENSE.txt\">licence de logiciel<\/a> accorde la gratuit\u00e9 pour un usage priv\u00e9 et non commercial.<\/p>\n<p>D\u00e9compressez le fichier t\u00e9l\u00e9charg\u00e9 et ex\u00e9cutez le fichier Setup.exe inclus. Le logiciel n\u00e9cessite Microsoft Windows XP ou une version ult\u00e9rieure.<\/p>\n<p>Il n\u00e9cessite \u00e9galement la version 1.1 du cadre .Net. Il s'agit tr\u00e8s certainement d'une version plus ancienne de .Net que celle que vous poss\u00e9dez d\u00e9j\u00e0, vous devrez donc \u00e9galement installer ce paquet.<\/p>\n<p>Vous trouverez la version 1.1 sur le site Microsoft.com : <a href=\"http:\/\/www.microsoft.com\/download\/en\/details.aspx?id=26\">.Net Framework v1.1 Redistributable Package<\/a> (23 MB).<\/p>\n<p>Merci \u00e0 la MGP pour ce programme exceptionnel !<\/p>\n<p>Captures d'\u00e9cran (cliquer pour agrandir) :<br \/>\n<a href=\"\/files\/BJCA_MainScreen.gif\"><img loading=\"lazy\" decoding=\"async\" class=\"aligncenter size-medium wp-image-1045\" src=\"\/files\/BJCA_MainScreen-300x250.gif\" alt=\"BJCA Main Screen\" width=\"300\" height=\"250\" data-no-auto-translation=\"\" \/><\/a><\/p>\n<p><a href=\"\/files\/BJCA_Results.gif\"><img loading=\"lazy\" decoding=\"async\" class=\"aligncenter size-medium wp-image-1047\" src=\"\/files\/BJCA_Results-300x248.gif\" alt=\"BJCA Results\" width=\"300\" height=\"248\" data-no-auto-translation=\"\" \/><\/a><\/p>\n<p><a href=\"\/files\/BJCA_Strategy.gif\"><img loading=\"lazy\" decoding=\"async\" class=\"aligncenter size-medium wp-image-1048\" src=\"\/files\/BJCA_Strategy-300x248.gif\" alt=\"BJCA Strategy\" width=\"300\" height=\"248\" data-no-auto-translation=\"\" \/><\/a><\/p>\n<h2 style=\"text-align: center;\">Qu'est-ce que l'analyse combinatoire ?<\/h2>\n<p>L'analyse combinatoire est une m\u00e9thode algorithmique qui permet de d\u00e9terminer le nombre de fa\u00e7ons diff\u00e9rentes de disposer les choses. Appliqu\u00e9e au jeu de blackjack, cette m\u00e9thode comporte quatre \u00e9tapes :<\/p>\n<ul>\n<li>Examinez toutes les mains possibles.<\/li>\n<li>\u00c9valuer le r\u00e9sultat de chaque choix strat\u00e9gique possible \u00e0 chaque point de d\u00e9cision.<\/li>\n<li>Pond\u00e9rer ces r\u00e9sultats par la probabilit\u00e9 d'occurrence appropri\u00e9e.<\/li>\n<li>Enfin, faites la somme de tous ces r\u00e9sultats pour obtenir le rendement attendu du jeu.<\/li>\n<\/ul>\n<p>Il s'agit d'un processus enti\u00e8rement d\u00e9terministe. Il n'y a pas de simulation ou de s\u00e9lection al\u00e9atoire de Monte Carlo \u00e0 l'\u0153uvre ici. Il s'agit au contraire d'un examen brutal de tous les ordres possibles des cartes du jeu m\u00e9lang\u00e9.<\/p>","protected":false},"excerpt":{"rendered":"<p>Update:The code for this software is now open-sourced and can be found here BlackjackInfo community member MGP has kindly released his blackjack combinatorial analyzer software for Windows as freeware. Download the zip file here: MGP_BJCA_Setup.zip (7.6 MB). The software license grants free usage for private, non-commercial use. Unzip the downloaded file and run the included [&hellip;]<\/p>\n","protected":false},"author":2,"featured_media":0,"parent":0,"menu_order":0,"comment_status":"open","ping_status":"closed","template":"","meta":{"_acf_changed":false,"footnotes":""},"tags":[],"class_list":["post-1043","page","type-page","status-publish","hentry"],"acf":[],"yoast_head":"<!-- This site is optimized with the Yoast SEO plugin v26.6 - https:\/\/yoast.com\/wordpress\/plugins\/seo\/ -->\n<title>Free Blackjack Combinatorial Analyzer<\/title>\n<meta name=\"description\" content=\"This amazingly useful software for analyzing any blackjack game is offered as freeware for Microsoft Windows, thanks to our generous community member MGP.\" \/>\n<meta name=\"robots\" content=\"index, follow, max-snippet:-1, max-image-preview:large, max-video-preview:-1\" \/>\n<link rel=\"canonical\" href=\"https:\/\/www.blackjackinfo.com\/fr\/analyseur-combinatoire-gratuit-du-blackjack\/\" \/>\n<meta property=\"og:locale\" content=\"fr_FR\" \/>\n<meta property=\"og:type\" content=\"article\" \/>\n<meta property=\"og:title\" content=\"Free Blackjack Combinatorial Analyzer\" \/>\n<meta property=\"og:description\" content=\"This amazingly useful software for analyzing any blackjack game is offered as freeware for Microsoft Windows, thanks to our generous community member MGP.\" \/>\n<meta property=\"og:url\" content=\"https:\/\/www.blackjackinfo.com\/fr\/analyseur-combinatoire-gratuit-du-blackjack\/\" \/>\n<meta property=\"og:site_name\" content=\"BlackjackInfo.com\" \/>\n<meta property=\"article:modified_time\" content=\"2021-01-09T05:37:26+00:00\" \/>\n<meta name=\"twitter:label1\" content=\"Dur\u00e9e de lecture estim\u00e9e\" \/>\n\t<meta name=\"twitter:data1\" content=\"1 minute\" \/>\n<script type=\"application\/ld+json\" class=\"yoast-schema-graph\">{\"@context\":\"https:\/\/schema.org\",\"@graph\":[{\"@type\":\"WebPage\",\"@id\":\"https:\/\/www.blackjackinfo.com\/free-blackjack-combinatorial-analyzer\/\",\"url\":\"https:\/\/www.blackjackinfo.com\/free-blackjack-combinatorial-analyzer\/\",\"name\":\"Free Blackjack Combinatorial Analyzer\",\"isPartOf\":{\"@id\":\"https:\/\/www.blackjackinfo.com\/#website\"},\"datePublished\":\"2014-11-28T00:07:42+00:00\",\"dateModified\":\"2021-01-09T05:37:26+00:00\",\"description\":\"This amazingly useful software for analyzing any blackjack game is offered as freeware for Microsoft Windows, thanks to our generous community member MGP.\",\"breadcrumb\":{\"@id\":\"https:\/\/www.blackjackinfo.com\/free-blackjack-combinatorial-analyzer\/#breadcrumb\"},\"inLanguage\":\"fr-FR\",\"potentialAction\":[{\"@type\":\"ReadAction\",\"target\":[\"https:\/\/www.blackjackinfo.com\/free-blackjack-combinatorial-analyzer\/\"]}]},{\"@type\":\"BreadcrumbList\",\"@id\":\"https:\/\/www.blackjackinfo.com\/free-blackjack-combinatorial-analyzer\/#breadcrumb\",\"itemListElement\":[{\"@type\":\"ListItem\",\"position\":1,\"name\":\"Home\",\"item\":\"https:\/\/www.blackjackinfo.com\/\"},{\"@type\":\"ListItem\",\"position\":2,\"name\":\"Free Blackjack Combinatorial Analyzer\"}]},{\"@type\":\"WebSite\",\"@id\":\"https:\/\/www.blackjackinfo.com\/#website\",\"url\":\"https:\/\/www.blackjackinfo.com\/\",\"name\":\"BlackjackInfo.com\",\"description\":\"Because Winning is More Fun!\",\"potentialAction\":[{\"@type\":\"SearchAction\",\"target\":{\"@type\":\"EntryPoint\",\"urlTemplate\":\"https:\/\/www.blackjackinfo.com\/?s={search_term_string}\"},\"query-input\":{\"@type\":\"PropertyValueSpecification\",\"valueRequired\":true,\"valueName\":\"search_term_string\"}}],\"inLanguage\":\"fr-FR\"}]}<\/script>\n<!-- \/ Yoast SEO plugin. -->","yoast_head_json":{"title":"Analyseur combinatoire gratuit pour le Blackjack","description":"Ce logiciel incroyablement utile pour analyser n'importe quel jeu de blackjack est offert en tant que logiciel gratuit pour Microsoft Windows, gr\u00e2ce \u00e0 notre g\u00e9n\u00e9reux membre de la communaut\u00e9 MGP.","robots":{"index":"index","follow":"follow","max-snippet":"max-snippet:-1","max-image-preview":"max-image-preview:large","max-video-preview":"max-video-preview:-1"},"canonical":"https:\/\/www.blackjackinfo.com\/fr\/analyseur-combinatoire-gratuit-du-blackjack\/","og_locale":"fr_FR","og_type":"article","og_title":"Free Blackjack Combinatorial Analyzer","og_description":"This amazingly useful software for analyzing any blackjack game is offered as freeware for Microsoft Windows, thanks to our generous community member MGP.","og_url":"https:\/\/www.blackjackinfo.com\/fr\/analyseur-combinatoire-gratuit-du-blackjack\/","og_site_name":"BlackjackInfo.com","article_modified_time":"2021-01-09T05:37:26+00:00","twitter_misc":{"Dur\u00e9e de lecture estim\u00e9e":"1 minute"},"schema":{"@context":"https:\/\/schema.org","@graph":[{"@type":"WebPage","@id":"https:\/\/www.blackjackinfo.com\/free-blackjack-combinatorial-analyzer\/","url":"https:\/\/www.blackjackinfo.com\/free-blackjack-combinatorial-analyzer\/","name":"Analyseur combinatoire gratuit pour le Blackjack","isPartOf":{"@id":"https:\/\/www.blackjackinfo.com\/#website"},"datePublished":"2014-11-28T00:07:42+00:00","dateModified":"2021-01-09T05:37:26+00:00","description":"Ce logiciel incroyablement utile pour analyser n'importe quel jeu de blackjack est offert en tant que logiciel gratuit pour Microsoft Windows, gr\u00e2ce \u00e0 notre g\u00e9n\u00e9reux membre de la communaut\u00e9 MGP.","breadcrumb":{"@id":"https:\/\/www.blackjackinfo.com\/free-blackjack-combinatorial-analyzer\/#breadcrumb"},"inLanguage":"fr-FR","potentialAction":[{"@type":"ReadAction","target":["https:\/\/www.blackjackinfo.com\/free-blackjack-combinatorial-analyzer\/"]}]},{"@type":"BreadcrumbList","@id":"https:\/\/www.blackjackinfo.com\/free-blackjack-combinatorial-analyzer\/#breadcrumb","itemListElement":[{"@type":"ListItem","position":1,"name":"Home","item":"https:\/\/www.blackjackinfo.com\/"},{"@type":"ListItem","position":2,"name":"Free Blackjack Combinatorial Analyzer"}]},{"@type":"WebSite","@id":"https:\/\/www.blackjackinfo.com\/#website","url":"https:\/\/www.blackjackinfo.com\/","name":"BlackjackInfo.com","description":"Parce que gagner, c'est plus amusant !","potentialAction":[{"@type":"SearchAction","target":{"@type":"EntryPoint","urlTemplate":"https:\/\/www.blackjackinfo.com\/?s={search_term_string}"},"query-input":{"@type":"PropertyValueSpecification","valueRequired":true,"valueName":"search_term_string"}}],"inLanguage":"fr-FR"}]}},"_links":{"self":[{"href":"https:\/\/www.blackjackinfo.com\/fr\/wp-json\/wp\/v2\/pages\/1043","targetHints":{"allow":["GET"]}}],"collection":[{"href":"https:\/\/www.blackjackinfo.com\/fr\/wp-json\/wp\/v2\/pages"}],"about":[{"href":"https:\/\/www.blackjackinfo.com\/fr\/wp-json\/wp\/v2\/types\/page"}],"author":[{"embeddable":true,"href":"https:\/\/www.blackjackinfo.com\/fr\/wp-json\/wp\/v2\/users\/2"}],"replies":[{"embeddable":true,"href":"https:\/\/www.blackjackinfo.com\/fr\/wp-json\/wp\/v2\/comments?post=1043"}],"version-history":[{"count":8,"href":"https:\/\/www.blackjackinfo.com\/fr\/wp-json\/wp\/v2\/pages\/1043\/revisions"}],"predecessor-version":[{"id":5860,"href":"https:\/\/www.blackjackinfo.com\/fr\/wp-json\/wp\/v2\/pages\/1043\/revisions\/5860"}],"wp:attachment":[{"href":"https:\/\/www.blackjackinfo.com\/fr\/wp-json\/wp\/v2\/media?parent=1043"}],"wp:term":[{"taxonomy":"post_tag","embeddable":true,"href":"https:\/\/www.blackjackinfo.com\/fr\/wp-json\/wp\/v2\/tags?post=1043"}],"curies":[{"name":"wp","href":"https:\/\/api.w.org\/{rel}","templated":true}]}}