{"id":1052,"date":"2014-11-27T19:44:07","date_gmt":"2014-11-28T01:44:07","guid":{"rendered":"http:\/\/test.blackjackinfo.com\/?page_id=1052"},"modified":"2025-11-04T08:40:23","modified_gmt":"2025-11-04T14:40:23","slug":"tournois-de-blackjack","status":"publish","type":"page","link":"https:\/\/www.blackjackinfo.com\/fr\/blackjack-tournaments\/","title":{"rendered":"Strat\u00e9gie de tournoi de blackjack"},"content":{"rendered":"<p class=\"intro\">Tournois de Blackjack, si <a href=\"https:\/\/www.blackjackinfo.com\/online-blackjack\/tournaments\/\">jou\u00e9 en ligne<\/a> ou dans les casinos terrestres, offrent l'une des meilleures valeurs dans le monde du jeu. \u00c9tant donn\u00e9 que les joueurs de tournois s'affrontent entre eux plut\u00f4t qu'avec le casino, un joueur intelligent peut obtenir un avantage consid\u00e9rable en apprenant \u00e0 mieux jouer que le joueur moyen.<\/p>\n<h2 style=\"text-align: center;\">Articles sur les tournois de blackjack<\/h2>\n<table class=\"data-table\">\n<tbody>\n<tr>\n<th style=\"text-align: center;\" colspan=\"2\">Articles d'introduction aux tournois de blackjack<\/th>\n<\/tr>\n<tr>\n<td><a href=\"\/blackjack-tournaments\/introduction-to-tournaments\/\">Introduction<\/a><\/td>\n<td>Introduction aux tournois de blackjack<\/td>\n<\/tr>\n<tr>\n<td><a href=\"\/blackjack-tournaments\/tournament-strategy-basics\/\">Les bases de la strat\u00e9gie<\/a><\/td>\n<td>Concepts de base de la strat\u00e9gie de tournoi<\/td>\n<\/tr>\n<tr>\n<th style=\"text-align: center;\" colspan=\"2\">Strat\u00e9gies de tournoi de blackjack<\/th>\n<\/tr>\n<tr>\n<td><a href=\"\/blackjack-tournaments\/tournament-position\/\">Position<\/a><\/td>\n<td>Explique l'importance de la position du si\u00e8ge dans la strat\u00e9gie de tournoi<\/td>\n<\/tr>\n<tr>\n<td><a href=\"\/blackjack-tournaments\/catch-up-bets\/\">Paris de rattrapage<\/a><\/td>\n<td>Comment et quand faire une mise de rattrapage pour prendre le chip lead ?<\/td>\n<\/tr>\n<tr>\n<td><a href=\"\/blackjack-tournaments\/free-hits\/\">Hits gratuits<\/a><\/td>\n<td>Obtenir quelque chose pour rien - Les \"coups gratuits\" au blackjack de tournoi<\/td>\n<\/tr>\n<tr>\n<td><a href=\"\/blackjack-tournaments\/doubling-for-less\/\">Doubler pour moins cher<\/a><\/td>\n<td>Une strat\u00e9gie puissante \u00e0 utiliser dans les tournois<\/td>\n<\/tr>\n<tr>\n<td><a href=\"\/blackjack-tournaments\/the-rule-of-2-4-and-5\/\">La r\u00e8gle des 2, 4 et 5<\/a><\/td>\n<td>Un raccourci pour trouver un pari optimal dans l'urgence<\/td>\n<\/tr>\n<tr>\n<td><a href=\"https:\/\/www.blackjackinfo.com\/blackjack-tournaments\/beyond-wong-tournament-tips-uncle-stanford-never-told-you\/\">Au-del\u00e0 de Wong<\/a><\/td>\n<td>Conseils pour les tournois que l'oncle Stanford ne vous a jamais dit, par Anthony Curtis<\/td>\n<\/tr>\n<tr>\n<th style=\"text-align: center;\" colspan=\"2\">Outils pour les d\u00e9cisions strat\u00e9giques<\/th>\n<\/tr>\n<tr>\n<td><a href=\"\/dealer-outcome-probabilities\/\">Graphiques des r\u00e9sultats des concessionnaires<\/a><\/td>\n<td>Tableau des probabilit\u00e9s exactes des r\u00e9sultats des croupiers<\/td>\n<\/tr>\n<tr>\n<td><a href=\"\/double-down-probabilities\/\">Probabilit\u00e9s de Double Down<\/a><\/td>\n<td>Tableau des probabilit\u00e9s exactes pour doubler n'importe quelle main de 2 cartes<\/td>\n<\/tr>\n<\/tbody>\n<\/table>\n<h2 style=\"text-align: center;\">Autres conseils de Ken Smith pour les tournois<\/h2>\n<p><a href=\"http:\/\/www.bjinsider.com\/BuyHowToWin\"><img loading=\"lazy\" decoding=\"async\" class=\"alignright size-medium wp-image-1064\" src=\"\/files\/Ebook-cover-201x300.jpg\" alt=\"How to Win More Blackjack Tournaments E-book\" width=\"201\" height=\"300\" srcset=\"https:\/\/www.blackjackinfo.com\/files\/Ebook-cover-201x300.jpg 201w, https:\/\/www.blackjackinfo.com\/files\/Ebook-cover.jpg 250w\" sizes=\"auto, (max-width: 201px) 100vw, 201px\" data-no-auto-translation=\"\" \/><\/a><\/p>\n<p class=\"intro\"><b>Vous voulez d'autres conseils de l'expert en tournois Ken Smith ?<\/b><\/p>\n<p>Ken a \u00e9crit un livre \u00e9lectronique qui contient une mine d'informations sur les tournois, ainsi que des conseils et des strat\u00e9gies efficaces pour participer aux comp\u00e9titions.<\/p>\n<p>Disponible en t\u00e9l\u00e9chargement imm\u00e9diat au prix de $14.95, <a href=\"http:\/\/www.bjinsider.com\/BuyHowToWin\">Comment gagner plus de tournois de blackjack - Volume I<\/a> est un ouvrage professionnel de 98 pages d'informations qui vous permettront de booster votre jeu.<\/p>\n<p>Ce livre \u00e9lectronique contient tout ce dont vous avez besoin pour faire passer votre jeu de tournoi au niveau sup\u00e9rieur. Avec du mat\u00e9riel pour tous les niveaux de comp\u00e9tence, et de nombreux concepts qui n'ont jamais \u00e9t\u00e9 publi\u00e9s auparavant, c'est un livre \u00e0 lire absolument si vous \u00eates s\u00e9rieux au sujet des tournois de blackjack.<\/p>\n<p>Le livre PDF de 98 pages peut \u00eatre t\u00e9l\u00e9charg\u00e9 imm\u00e9diatement apr\u00e8s l'achat.<\/p>\n<p>Un deuxi\u00e8me livre est \u00e9galement disponible : <a href=\"http:\/\/deepnettech.com\/estore\/index.php?main_page=product_info&amp;products_id=84\">Comment gagner encore plus de tournois de blackjack - Volume II<\/a>, \u00e9galement au prix de $14.95. Vous pouvez \u00e9galement obtenir un <a href=\"http:\/\/deepnettech.com\/estore\/index.php?main_page=product_info&amp;products_id=85\">offre group\u00e9e des deux livres \u00e9lectroniques<\/a> pour $24.95.<\/p>\n<h2 style=\"text-align: center;\">Plus d'informations disponibles \u00e0 l'adresse suivante <a href=\"https:\/\/www.blackjacktournaments.com\/\">BlackjackTournaments.com<\/a><\/h2>\n<p class=\"intro\">Notre site fr\u00e8re <a href=\"https:\/\/www.blackjacktournaments.com\/\">BlackjackTournaments.com<\/a> est l'endroit id\u00e9al pour discuter des tournois de jeux de table et de la strat\u00e9gie des tournois. Un grand nombre des meilleurs joueurs du monde participent au forum de discussion actif qui s'y trouve. Il existe \u00e9galement une liste gratuite des tournois de blackjack \u00e0 venir dans tout le pays, avec litt\u00e9ralement des milliers d'\u00e9v\u00e9nements r\u00e9pertori\u00e9s. C'est une mine d'or d'informations sur les tournois.<\/p>\n<h2 style=\"text-align: center;\">\u00c0 propos de Ken Smith<\/h2>\n<p class=\"intro\">Ken Smith participe \u00e0 des tournois de blackjack et \u00e9crit sur le sujet depuis 1994. Comme beaucoup de joueurs passionn\u00e9s de tournois, il a eu beaucoup de succ\u00e8s au d\u00e9but, gagnant une somme d'argent consid\u00e9rable dans des \u00e9v\u00e9nements d\u00e8s sa premi\u00e8re ann\u00e9e de comp\u00e9tition. Ken vit dans le sud du Mississippi, pr\u00e8s de la c\u00f4te du Golfe, o\u00f9 l'industrie des casinos \u00e9tait encore toute nouvelle au milieu des ann\u00e9es 90. \u00c0 cette \u00e9poque, les casinos du Mississippi se faisaient concurrence et il y avait des tournois hebdomadaires de blackjack litt\u00e9ralement tous les soirs de la semaine dans les diff\u00e9rents casinos. Lors de ces \u00e9v\u00e9nements hebdomadaires, les joueurs pouvaient payer un droit d'entr\u00e9e de 1 4T50 et concourir pour un prix de 1 4T10 000. Des \u00e9v\u00e9nements plus importants \u00e9taient organis\u00e9s plusieurs fois par an.<\/p>\n<p>Les tournois \u00e9tant nouveaux dans la r\u00e9gion, de nombreux joueurs ne connaissaient pas les strat\u00e9gies appropri\u00e9es et \u00e9taient fortement d\u00e9savantag\u00e9s par rapport aux joueurs plus habiles. Semaine apr\u00e8s semaine, les m\u00eames noms apparaissaient \u00e0 la table finale, et Ken en faisait partie. Il jouait souvent, apprenait beaucoup et gagnait un revenu compl\u00e9mentaire int\u00e9ressant.<\/p>\n<p>Les apparitions de Ken dans les tournois de blackjack t\u00e9l\u00e9vis\u00e9s comprennent les quatre saisons des World Series of Blackjack sur GSN, l'Ultimate Blackjack Tour sur CBS, et le Las Vegas Hilton Million Dollar Blackjack Tournament sur Travel Channel.<\/p>\n<p>Plus d'informations sur Ken sont disponibles <a href=\"\/ken-smith\/\">ici<\/a>.<\/p>","protected":false},"excerpt":{"rendered":"<p>Blackjack Tournaments, whether played online or at land-based casinos, offer one of the best values in the gambling world. Since tournament players are competing against each other instead of against the casino, a smart player can get a big edge by learning to play better than the average gambler. Articles about Blackjack Tournament Play Blackjack [&hellip;]<\/p>\n","protected":false},"author":2,"featured_media":0,"parent":0,"menu_order":0,"comment_status":"open","ping_status":"closed","template":"","meta":{"_acf_changed":false,"footnotes":""},"tags":[],"class_list":["post-1052","page","type-page","status-publish","hentry"],"acf":[],"yoast_head":"<!-- This site is optimized with the Yoast SEO plugin v26.6 - https:\/\/yoast.com\/wordpress\/plugins\/seo\/ -->\n<title>Blackjack Tournament Strategy<\/title>\n<meta name=\"description\" content=\"These articles on blackjack tournament strategy from leading expert Ken Smith will give you a big edge at the table.\" \/>\n<meta name=\"robots\" content=\"index, follow, max-snippet:-1, max-image-preview:large, max-video-preview:-1\" \/>\n<link rel=\"canonical\" href=\"https:\/\/www.blackjackinfo.com\/fr\/tournois-de-blackjack\/\" \/>\n<meta property=\"og:locale\" content=\"fr_FR\" \/>\n<meta property=\"og:type\" content=\"article\" \/>\n<meta property=\"og:title\" content=\"Blackjack Tournament Strategy\" \/>\n<meta property=\"og:description\" content=\"These articles on blackjack tournament strategy from leading expert Ken Smith will give you a big edge at the table.\" \/>\n<meta property=\"og:url\" content=\"https:\/\/www.blackjackinfo.com\/fr\/tournois-de-blackjack\/\" \/>\n<meta property=\"og:site_name\" content=\"BlackjackInfo.com\" \/>\n<meta property=\"article:modified_time\" content=\"2025-11-04T14:40:23+00:00\" \/>\n<meta name=\"twitter:label1\" content=\"Dur\u00e9e de lecture estim\u00e9e\" \/>\n\t<meta name=\"twitter:data1\" content=\"3 minutes\" \/>\n<script type=\"application\/ld+json\" class=\"yoast-schema-graph\">{\"@context\":\"https:\/\/schema.org\",\"@graph\":[{\"@type\":\"WebPage\",\"@id\":\"https:\/\/www.blackjackinfo.com\/blackjack-tournaments\/\",\"url\":\"https:\/\/www.blackjackinfo.com\/blackjack-tournaments\/\",\"name\":\"Blackjack Tournament Strategy\",\"isPartOf\":{\"@id\":\"https:\/\/www.blackjackinfo.com\/#website\"},\"datePublished\":\"2014-11-28T01:44:07+00:00\",\"dateModified\":\"2025-11-04T14:40:23+00:00\",\"description\":\"These articles on blackjack tournament strategy from leading expert Ken Smith will give you a big edge at the table.\",\"breadcrumb\":{\"@id\":\"https:\/\/www.blackjackinfo.com\/blackjack-tournaments\/#breadcrumb\"},\"inLanguage\":\"fr-FR\",\"potentialAction\":[{\"@type\":\"ReadAction\",\"target\":[\"https:\/\/www.blackjackinfo.com\/blackjack-tournaments\/\"]}]},{\"@type\":\"BreadcrumbList\",\"@id\":\"https:\/\/www.blackjackinfo.com\/blackjack-tournaments\/#breadcrumb\",\"itemListElement\":[{\"@type\":\"ListItem\",\"position\":1,\"name\":\"Home\",\"item\":\"https:\/\/www.blackjackinfo.com\/\"},{\"@type\":\"ListItem\",\"position\":2,\"name\":\"Blackjack Tournament Strategy\"}]},{\"@type\":\"WebSite\",\"@id\":\"https:\/\/www.blackjackinfo.com\/#website\",\"url\":\"https:\/\/www.blackjackinfo.com\/\",\"name\":\"BlackjackInfo.com\",\"description\":\"Because Winning is More Fun!\",\"potentialAction\":[{\"@type\":\"SearchAction\",\"target\":{\"@type\":\"EntryPoint\",\"urlTemplate\":\"https:\/\/www.blackjackinfo.com\/?s={search_term_string}\"},\"query-input\":{\"@type\":\"PropertyValueSpecification\",\"valueRequired\":true,\"valueName\":\"search_term_string\"}}],\"inLanguage\":\"fr-FR\"}]}<\/script>\n<!-- \/ Yoast SEO plugin. -->","yoast_head_json":{"title":"Strat\u00e9gie de tournoi de blackjack","description":"Ces articles sur la strat\u00e9gie de tournoi de blackjack de l'expert Ken Smith vous donneront un avantage consid\u00e9rable \u00e0 la table.","robots":{"index":"index","follow":"follow","max-snippet":"max-snippet:-1","max-image-preview":"max-image-preview:large","max-video-preview":"max-video-preview:-1"},"canonical":"https:\/\/www.blackjackinfo.com\/fr\/tournois-de-blackjack\/","og_locale":"fr_FR","og_type":"article","og_title":"Blackjack Tournament Strategy","og_description":"These articles on blackjack tournament strategy from leading expert Ken Smith will give you a big edge at the table.","og_url":"https:\/\/www.blackjackinfo.com\/fr\/tournois-de-blackjack\/","og_site_name":"BlackjackInfo.com","article_modified_time":"2025-11-04T14:40:23+00:00","twitter_misc":{"Dur\u00e9e de lecture estim\u00e9e":"3 minutes"},"schema":{"@context":"https:\/\/schema.org","@graph":[{"@type":"WebPage","@id":"https:\/\/www.blackjackinfo.com\/blackjack-tournaments\/","url":"https:\/\/www.blackjackinfo.com\/blackjack-tournaments\/","name":"Strat\u00e9gie de tournoi de blackjack","isPartOf":{"@id":"https:\/\/www.blackjackinfo.com\/#website"},"datePublished":"2014-11-28T01:44:07+00:00","dateModified":"2025-11-04T14:40:23+00:00","description":"Ces articles sur la strat\u00e9gie de tournoi de blackjack de l'expert Ken Smith vous donneront un avantage consid\u00e9rable \u00e0 la table.","breadcrumb":{"@id":"https:\/\/www.blackjackinfo.com\/blackjack-tournaments\/#breadcrumb"},"inLanguage":"fr-FR","potentialAction":[{"@type":"ReadAction","target":["https:\/\/www.blackjackinfo.com\/blackjack-tournaments\/"]}]},{"@type":"BreadcrumbList","@id":"https:\/\/www.blackjackinfo.com\/blackjack-tournaments\/#breadcrumb","itemListElement":[{"@type":"ListItem","position":1,"name":"Home","item":"https:\/\/www.blackjackinfo.com\/"},{"@type":"ListItem","position":2,"name":"Blackjack Tournament Strategy"}]},{"@type":"WebSite","@id":"https:\/\/www.blackjackinfo.com\/#website","url":"https:\/\/www.blackjackinfo.com\/","name":"BlackjackInfo.com","description":"Parce que gagner, c'est plus amusant !","potentialAction":[{"@type":"SearchAction","target":{"@type":"EntryPoint","urlTemplate":"https:\/\/www.blackjackinfo.com\/?s={search_term_string}"},"query-input":{"@type":"PropertyValueSpecification","valueRequired":true,"valueName":"search_term_string"}}],"inLanguage":"fr-FR"}]}},"_links":{"self":[{"href":"https:\/\/www.blackjackinfo.com\/fr\/wp-json\/wp\/v2\/pages\/1052","targetHints":{"allow":["GET"]}}],"collection":[{"href":"https:\/\/www.blackjackinfo.com\/fr\/wp-json\/wp\/v2\/pages"}],"about":[{"href":"https:\/\/www.blackjackinfo.com\/fr\/wp-json\/wp\/v2\/types\/page"}],"author":[{"embeddable":true,"href":"https:\/\/www.blackjackinfo.com\/fr\/wp-json\/wp\/v2\/users\/2"}],"replies":[{"embeddable":true,"href":"https:\/\/www.blackjackinfo.com\/fr\/wp-json\/wp\/v2\/comments?post=1052"}],"version-history":[{"count":32,"href":"https:\/\/www.blackjackinfo.com\/fr\/wp-json\/wp\/v2\/pages\/1052\/revisions"}],"predecessor-version":[{"id":9255,"href":"https:\/\/www.blackjackinfo.com\/fr\/wp-json\/wp\/v2\/pages\/1052\/revisions\/9255"}],"wp:attachment":[{"href":"https:\/\/www.blackjackinfo.com\/fr\/wp-json\/wp\/v2\/media?parent=1052"}],"wp:term":[{"taxonomy":"post_tag","embeddable":true,"href":"https:\/\/www.blackjackinfo.com\/fr\/wp-json\/wp\/v2\/tags?post=1052"}],"curies":[{"name":"wp","href":"https:\/\/api.w.org\/{rel}","templated":true}]}}