{"id":1097,"date":"2014-12-09T14:03:52","date_gmt":"2014-12-09T20:03:52","guid":{"rendered":"http:\/\/test.blackjackinfo.com\/?page_id=1097"},"modified":"2018-11-12T21:24:57","modified_gmt":"2018-11-13T03:24:57","slug":"entretiens","status":"publish","type":"page","link":"https:\/\/www.blackjackinfo.com\/fr\/interviews\/","title":{"rendered":"Interviews"},"content":{"rendered":"<p class=\"intro\">D\u00e9couvrez l'histoire de certains des plus grands noms du blackjack, des compteurs de cartes aux personnes qui ont cr\u00e9\u00e9 des syst\u00e8mes puissants pour vaincre le jeu.<\/p>\n<p>Nos interviews :<\/p>\n<h2><a href=\"https:\/\/www.blackjackinfo.com\/interviews\/interview-with-geoff-hall\/\">Geoff Hall<\/a><\/h2>\n<p><img loading=\"lazy\" decoding=\"async\" src=\"\/files\/geoff_hall_thumbnail-150x150.jpg\" alt=\"\" width=\"150\" height=\"150\" class=\"pull-right img-responsive thumbnail\" data-no-auto-translation=\"\" \/>Si vous avez d\u00e9j\u00e0 jou\u00e9 en ligne \u00e0 un <a href=\"https:\/\/www.blackjackinfo.com\/software\/playtech\/\">Casino Playtech<\/a> ou sur le Strip de Las Vegas, vous avez peut-\u00eatre remarqu\u00e9 un jeu appel\u00e9 Blackjack Switch.  Geoff Hall est le cerveau de cette cr\u00e9ation et a invent\u00e9 le jeu en 2000, qui est rapidement devenu suffisamment populaire pour \u00eatre pr\u00e9sent\u00e9 dans de nombreux casinos.  Depuis, il a cr\u00e9\u00e9 Free Bet Blackjack, Zombie Blackjack et Zappit.<\/p>\n<p><a href=\"https:\/\/www.blackjackinfo.com\/interviews\/interview-with-geoff-hall\/\">Voici une interview r\u00e9alis\u00e9e par Mike \"Wizard of Odds\" Shackleford, qui d\u00e9taille les exp\u00e9riences de Geoff en mati\u00e8re de comptage de cartes, d'invention de variantes de blackjack et bien plus encore.<\/a><\/p>\n<hr>\n<h2><a href=\"\/interviews\/stanford-wong\/\">Stanford Wong<\/a><\/h2>\n<p><img loading=\"lazy\" decoding=\"async\" src=\"\/files\/stanford_wong-150x150.png\" alt=\"\" width=\"150\" height=\"150\" class=\"pull-right img-responsive thumbnail\" data-no-auto-translation=\"\" \/>Lorsque le Blackjack Hall of Fame a \u00e9t\u00e9 cr\u00e9\u00e9, Stanford Wong a \u00e9t\u00e9 l'un des premiers intronis\u00e9s, et pour une bonne raison. Ses livres ont probablement introduit plus de joueurs dans le monde du blackjack avantageux que n'importe quel autre auteur de jeux de hasard. Son best-seller <a href=\"http:\/\/www.amazon.com\/dp\/0935926216\/?tag=theblackjacbasic\">Blackjack professionnel<\/a> est un guide complet sur le comptage des cartes. Il comprend deux syst\u00e8mes de comptage distincts : le syst\u00e8me le plus populaire, le Hi-Lo, et un syst\u00e8me avanc\u00e9 appel\u00e9 le comptage des moiti\u00e9s de Wong.<\/p>\n<p><a href=\"\/interviews\/stanford-wong\/\">Lire l'entretien avec Stanford Wong.<\/a><\/p>\n<hr>\n<h2><a href=\"\/interviews\/mit-mike-aponte\/\">Mike Aponte<\/a><\/h2>\n<p><img loading=\"lazy\" decoding=\"async\" src=\"\/files\/mike_aponte-150x150.png\" alt=\"\" width=\"150\" height=\"150\" class=\"pull-right img-responsive thumbnail\" data-no-auto-translation=\"\" \/>\"MIT Mike\" Aponte \u00e9tait l'un des membres de la MIT Blackjack Team, un groupe d'\u00e9tudiants du MIT qui a pris d'assaut Las Vegas \u00e0 la fin des ann\u00e9es 1990, soutirant des millions de dollars de b\u00e9n\u00e9fices aux casinos gr\u00e2ce \u00e0 des strat\u00e9gies de jeu en \u00e9quipe tr\u00e8s efficaces.<\/p>\n<p>Mike a \u00e9t\u00e9 champion des World Series of Blackjack en 2004, la premi\u00e8re ann\u00e9e o\u00f9 le r\u00e9seau c\u00e2bl\u00e9 GSN a produit la s\u00e9rie. Avec son partenaire Dave Irvine, il a produit du mat\u00e9riel d'\u00e9tude pour advantage blackjack, disponible sur leur site. <a href=\"http:\/\/www.blackjackinstitute.com\/\">BlackjackInstitute.com<\/a>.<\/p>\n<p><a href=\"\/interviews\/mit-mike-aponte\/\">Lire l'entretien avec le MIT Mike Aponte.<\/a><\/p>\n<hr>\n<h2><a href=\"\/interviews\/lv-bear\/\">Ours LV<\/a><\/h2>\n<p><img loading=\"lazy\" decoding=\"async\" src=\"\/files\/lv_bear-150x150.png\" alt=\"\" width=\"150\" height=\"150\" class=\"pull-right img-responsive thumbnail\" data-no-auto-translation=\"\" \/>\"LV Bear\" est le pseudonyme d'un joueur d'avantage exp\u00e9riment\u00e9 qui exerce son m\u00e9tier dans tout le pays. En outre, il s'en prend r\u00e9guli\u00e8rement aux casinos et \u00e0 leur direction sur son blog. <a href=\"http:\/\/www.thebeargrowls.com\/\">L'ours grogne<\/a>.  Il est \u00e9galement mod\u00e9rateur et membre actif de l'association <a href=\"https:\/\/www.blackjackinfo.com\/community\/\">forum<\/a><\/p>\n<p>Bear raconte comment il s'est lanc\u00e9 dans le jeu \u00e0 l'avantage, l'\u00e9tat actuel du paysage de l'AP et d'autres sujets de sa vie aux tables.<\/p>\n<p><a href=\"\/interviews\/lv-bear\/\">Lire l'entretien avec LV Bear.<\/a><\/p>\n<hr>\n<h2><a href=\"\/files\/ZGInterview.pdf\">Zengrifter<\/a><\/h2>\n<p><img loading=\"lazy\" decoding=\"async\" src=\"\/files\/zengrifter-150x150.png\" alt=\"\" width=\"150\" height=\"150\" class=\"pull-right img-responsive thumbnail\" data-no-auto-translation=\"\" \/>Praticien controvers\u00e9 et irr\u00e9v\u00e9rencieux parmi les joueurs de blackjack, Zengrifter est \u00e9galement un contributeur prolifique \u00e0 notre <a href=\"\/community\/\">forum blackjack<\/a>. Cette interview de ZG a \u00e9t\u00e9 \u00e9crite par \"Barfarkel\", l'auteur de <a href=\"http:\/\/deepnettech.com\/estore\/index.php?main_page=product_info&#038;products_id=62\">\"You've Got Heat\"<\/a>Le livre d\u00e9crit les voyages de l'auteur \u00e0 Vegas en tant que joueur de poker \u00e0 faible enjeu.<\/p>\n<p><a href=\"\/interviews\/zengrifter\/\">Lire l'entretien avec Zengrifter.<\/a> <\/p>\n<hr>\n<h2><a href=\"\/interviews\/hollywood-dave-stann\/\">Hollywood Dave Stann<\/a><\/h2>\n<p><img loading=\"lazy\" decoding=\"async\" src=\"\/files\/hollywood_dave_stann-150x150.png\" alt=\"\" width=\"150\" height=\"150\" class=\"pull-right img-responsive thumbnail\" data-no-auto-translation=\"\" \/>Dave Stann, mieux connu sous le nom de \"Hollywood\" Dave, devrait \u00eatre familier \u00e0 tous ceux qui ont regard\u00e9 des tournois de blackjack \u00e0 la t\u00e9l\u00e9vision.  Son personnage \"fait pour la t\u00e9l\u00e9vision\" de \"Bad Boy of Blackjack\" l'a rendu \u00e0 la fois m\u00e9morable et commercialisable, ce qui lui convient parfaitement.  Il n'y a pas de mal \u00e0 ce qu'il ait un jeu qui aille de pair avec son attitude.  Consultez notre entretien avec Holly D pour vous faire une id\u00e9e du monde de Dave.<\/p>\n<p><a href=\"\/interviews\/hollywood-dave-stann\/\">Lire l'interview de Dave Stann \u00e0 Hollywood.<\/a><\/p>\n<hr>\n<h2><a href=\"\/interviews\/sam-vaughn\/\">Sam Vaughn<\/a><\/h2>\n<p><img loading=\"lazy\" decoding=\"async\" src=\"\/files\/sam_vaughn-150x150.png\" alt=\"\" width=\"150\" height=\"150\" class=\"pull-right img-responsive thumbnail\" data-no-auto-translation=\"\" \/>Sam a gagn\u00e9 un million de dollars en remportant la premi\u00e8re place du Las Vegas Hilton Million Dollar Blackjack Tournament III en mai 2005.  Ce qui est encore plus impressionnant, c'est qu'il avait atteint la table finale du m\u00eame \u00e9v\u00e9nement un an auparavant !  Consid\u00e9r\u00e9 par beaucoup comme l'un des meilleurs joueurs de la profession, Sam a toujours \u00e9t\u00e9 un ambassadeur sympathique du jeu.<\/p>\n<p><a href=\"\/interviews\/sam-vaughn\/\">Lire l'interview de Sam Vaughn.<\/a><\/p>","protected":false},"excerpt":{"rendered":"<p>Get the story behind some of the most notable names in blackjack, from card counters to guys who created powerful systems for beating the game. Our Interviews: Geoff Hall If you&#8217;ve ever played online at a Playtech casino or on the Las Vegas Strip, you might have noticed a game called Blackjack Switch. Geoff Hall [&hellip;]<\/p>\n","protected":false},"author":2,"featured_media":0,"parent":0,"menu_order":0,"comment_status":"open","ping_status":"closed","template":"","meta":{"_acf_changed":false,"footnotes":""},"tags":[],"class_list":["post-1097","page","type-page","status-publish","hentry"],"acf":[],"yoast_head":"<!-- This site is optimized with the Yoast SEO plugin v26.6 - https:\/\/yoast.com\/wordpress\/plugins\/seo\/ -->\n<title>Interviews with Notable Blackjack Card Counters<\/title>\n<meta name=\"description\" content=\"Get the story behind some of the most notable names in blackjack, from card counters to guys who created powerful systems for beating the game.\" \/>\n<meta name=\"robots\" content=\"index, follow, max-snippet:-1, max-image-preview:large, max-video-preview:-1\" \/>\n<link rel=\"canonical\" href=\"https:\/\/www.blackjackinfo.com\/fr\/entretiens\/\" \/>\n<meta property=\"og:locale\" content=\"fr_FR\" \/>\n<meta property=\"og:type\" content=\"article\" \/>\n<meta property=\"og:title\" content=\"Interviews with Notable Blackjack Card Counters\" \/>\n<meta property=\"og:description\" content=\"Get the story behind some of the most notable names in blackjack, from card counters to guys who created powerful systems for beating the game.\" \/>\n<meta property=\"og:url\" content=\"https:\/\/www.blackjackinfo.com\/fr\/entretiens\/\" \/>\n<meta property=\"og:site_name\" content=\"BlackjackInfo.com\" \/>\n<meta property=\"article:modified_time\" content=\"2018-11-13T03:24:57+00:00\" \/>\n<meta name=\"twitter:label1\" content=\"Dur\u00e9e de lecture estim\u00e9e\" \/>\n\t<meta name=\"twitter:data1\" content=\"3 minutes\" \/>\n<script type=\"application\/ld+json\" class=\"yoast-schema-graph\">{\"@context\":\"https:\/\/schema.org\",\"@graph\":[{\"@type\":\"WebPage\",\"@id\":\"https:\/\/www.blackjackinfo.com\/interviews\/\",\"url\":\"https:\/\/www.blackjackinfo.com\/interviews\/\",\"name\":\"Interviews with Notable Blackjack Card Counters\",\"isPartOf\":{\"@id\":\"https:\/\/www.blackjackinfo.com\/#website\"},\"datePublished\":\"2014-12-09T20:03:52+00:00\",\"dateModified\":\"2018-11-13T03:24:57+00:00\",\"description\":\"Get the story behind some of the most notable names in blackjack, from card counters to guys who created powerful systems for beating the game.\",\"breadcrumb\":{\"@id\":\"https:\/\/www.blackjackinfo.com\/interviews\/#breadcrumb\"},\"inLanguage\":\"fr-FR\",\"potentialAction\":[{\"@type\":\"ReadAction\",\"target\":[\"https:\/\/www.blackjackinfo.com\/interviews\/\"]}]},{\"@type\":\"BreadcrumbList\",\"@id\":\"https:\/\/www.blackjackinfo.com\/interviews\/#breadcrumb\",\"itemListElement\":[{\"@type\":\"ListItem\",\"position\":1,\"name\":\"Home\",\"item\":\"https:\/\/www.blackjackinfo.com\/\"},{\"@type\":\"ListItem\",\"position\":2,\"name\":\"Interviews\"}]},{\"@type\":\"WebSite\",\"@id\":\"https:\/\/www.blackjackinfo.com\/#website\",\"url\":\"https:\/\/www.blackjackinfo.com\/\",\"name\":\"BlackjackInfo.com\",\"description\":\"Because Winning is More Fun!\",\"potentialAction\":[{\"@type\":\"SearchAction\",\"target\":{\"@type\":\"EntryPoint\",\"urlTemplate\":\"https:\/\/www.blackjackinfo.com\/?s={search_term_string}\"},\"query-input\":{\"@type\":\"PropertyValueSpecification\",\"valueRequired\":true,\"valueName\":\"search_term_string\"}}],\"inLanguage\":\"fr-FR\"}]}<\/script>\n<!-- \/ Yoast SEO plugin. -->","yoast_head_json":{"title":"Interviews de grands compteurs de cartes de Blackjack","description":"D\u00e9couvrez l'histoire de certains des plus grands noms du blackjack, des compteurs de cartes aux personnes qui ont cr\u00e9\u00e9 des syst\u00e8mes puissants pour vaincre le jeu.","robots":{"index":"index","follow":"follow","max-snippet":"max-snippet:-1","max-image-preview":"max-image-preview:large","max-video-preview":"max-video-preview:-1"},"canonical":"https:\/\/www.blackjackinfo.com\/fr\/entretiens\/","og_locale":"fr_FR","og_type":"article","og_title":"Interviews with Notable Blackjack Card Counters","og_description":"Get the story behind some of the most notable names in blackjack, from card counters to guys who created powerful systems for beating the game.","og_url":"https:\/\/www.blackjackinfo.com\/fr\/entretiens\/","og_site_name":"BlackjackInfo.com","article_modified_time":"2018-11-13T03:24:57+00:00","twitter_misc":{"Dur\u00e9e de lecture estim\u00e9e":"3 minutes"},"schema":{"@context":"https:\/\/schema.org","@graph":[{"@type":"WebPage","@id":"https:\/\/www.blackjackinfo.com\/interviews\/","url":"https:\/\/www.blackjackinfo.com\/interviews\/","name":"Interviews de grands compteurs de cartes de Blackjack","isPartOf":{"@id":"https:\/\/www.blackjackinfo.com\/#website"},"datePublished":"2014-12-09T20:03:52+00:00","dateModified":"2018-11-13T03:24:57+00:00","description":"D\u00e9couvrez l'histoire de certains des plus grands noms du blackjack, des compteurs de cartes aux personnes qui ont cr\u00e9\u00e9 des syst\u00e8mes puissants pour vaincre le jeu.","breadcrumb":{"@id":"https:\/\/www.blackjackinfo.com\/interviews\/#breadcrumb"},"inLanguage":"fr-FR","potentialAction":[{"@type":"ReadAction","target":["https:\/\/www.blackjackinfo.com\/interviews\/"]}]},{"@type":"BreadcrumbList","@id":"https:\/\/www.blackjackinfo.com\/interviews\/#breadcrumb","itemListElement":[{"@type":"ListItem","position":1,"name":"Home","item":"https:\/\/www.blackjackinfo.com\/"},{"@type":"ListItem","position":2,"name":"Interviews"}]},{"@type":"WebSite","@id":"https:\/\/www.blackjackinfo.com\/#website","url":"https:\/\/www.blackjackinfo.com\/","name":"BlackjackInfo.com","description":"Parce que gagner, c'est plus amusant !","potentialAction":[{"@type":"SearchAction","target":{"@type":"EntryPoint","urlTemplate":"https:\/\/www.blackjackinfo.com\/?s={search_term_string}"},"query-input":{"@type":"PropertyValueSpecification","valueRequired":true,"valueName":"search_term_string"}}],"inLanguage":"fr-FR"}]}},"_links":{"self":[{"href":"https:\/\/www.blackjackinfo.com\/fr\/wp-json\/wp\/v2\/pages\/1097","targetHints":{"allow":["GET"]}}],"collection":[{"href":"https:\/\/www.blackjackinfo.com\/fr\/wp-json\/wp\/v2\/pages"}],"about":[{"href":"https:\/\/www.blackjackinfo.com\/fr\/wp-json\/wp\/v2\/types\/page"}],"author":[{"embeddable":true,"href":"https:\/\/www.blackjackinfo.com\/fr\/wp-json\/wp\/v2\/users\/2"}],"replies":[{"embeddable":true,"href":"https:\/\/www.blackjackinfo.com\/fr\/wp-json\/wp\/v2\/comments?post=1097"}],"version-history":[{"count":32,"href":"https:\/\/www.blackjackinfo.com\/fr\/wp-json\/wp\/v2\/pages\/1097\/revisions"}],"predecessor-version":[{"id":5078,"href":"https:\/\/www.blackjackinfo.com\/fr\/wp-json\/wp\/v2\/pages\/1097\/revisions\/5078"}],"wp:attachment":[{"href":"https:\/\/www.blackjackinfo.com\/fr\/wp-json\/wp\/v2\/media?parent=1097"}],"wp:term":[{"taxonomy":"post_tag","embeddable":true,"href":"https:\/\/www.blackjackinfo.com\/fr\/wp-json\/wp\/v2\/tags?post=1097"}],"curies":[{"name":"wp","href":"https:\/\/api.w.org\/{rel}","templated":true}]}}