{"id":1161,"date":"2014-12-09T22:51:47","date_gmt":"2014-12-10T03:51:47","guid":{"rendered":"http:\/\/test.blackjackinfo.com\/?page_id=1161"},"modified":"2018-09-24T04:55:39","modified_gmt":"2018-09-24T09:55:39","slug":"sam-vaughn","status":"publish","type":"page","link":"https:\/\/www.blackjackinfo.com\/fr\/interviews\/sam-vaughn\/","title":{"rendered":"Entretien avec Sam Vaughn"},"content":{"rendered":"<div class=\"bji-byline\">par Rick Swogger, pour BlackjackTournaments.com<\/div>\n<p><img loading=\"lazy\" decoding=\"async\" src=\"\/files\/sam_vaughn.png\" alt=\"\" width=\"300\" height=\"300\" class=\"pull-right img-responsive img-shadow-box\" data-no-auto-translation=\"\" \/>Cet entretien a \u00e9t\u00e9 publi\u00e9 \u00e0 l'origine sur notre site fr\u00e8re <a href=\"https:\/\/www.blackjacktournaments.com\/\">BlackjackTournaments.com<\/a>.  Qui de mieux pour la premi\u00e8re interview que l'homme qui a battu les pronostics deux ann\u00e9es de suite lors du Las Vegas Hilton Million Dollar Blackjack Tournament ?  Lors de la deuxi\u00e8me et de la troisi\u00e8me \u00e9dition de cet \u00e9v\u00e9nement (2004 et 2005), Sam Vaughn s'est hiss\u00e9 jusqu'\u00e0 la table finale de 7 joueurs en lice pour le premier prix de $1 million.  La deuxi\u00e8me fois, il l'a remport\u00e9, \u00e0 la grande joie de la communaut\u00e9 du tournoi qui savait que cela ne pouvait pas arriver \u00e0 un joueur plus m\u00e9ritant.<\/p>\n<hr>\n<p class=\"intro\">Sam Vaughn a pris sa retraite de la Poste en 1992 apr\u00e8s 25 ans de service.  Il a d\u00e9m\u00e9nag\u00e9 \u00e0 Las Vegas, dans le Nevada, en 1995, pour s'\u00e9loigner de l'explosion d\u00e9mographique de Phoenix.  Heureusement, il a d\u00e9m\u00e9nag\u00e9 suffisamment loin de Las Vegas, dans une ville de 4 000 habitants, pour que les limites de la ville ne l'atteignent pas encore.  Pendant de nombreuses ann\u00e9es, alors qu'il vivait \u00e0 Phoenix, Sam conduisait sa camionnette Ford 1982 jusqu'\u00e0 Las Vegas pour les tournois.  Sam a achet\u00e9 la camionnette de 1982 en 1986 et a parcouru 300 000 miles en 17 ans en faisant des allers-retours \u00e0 Las Vegas.  Lors de ces voyages, Sam partait pour Las Vegas et s'arr\u00eatait pour la nuit \u00e0 Laughlin.  Il garait la camionnette pr\u00e8s de la rivi\u00e8re o\u00f9 il dormait pour la nuit.  Les \"bons vieux gar\u00e7ons\" essayaient d'obtenir une chambre pour Sam, ou au moins de le laisser utiliser leur douche.  Lorsqu'il faisait trop chaud en \u00e9t\u00e9, Sam garait la camionnette dans les montagnes.  C'est \u00e0 cette \u00e9poque, en compagnie de ses amis John, Mike, Joe et Gene Crancer, que Sam a acquis les comp\u00e9tences n\u00e9cessaires pour devenir un joueur de tournoi de classe mondiale.  J'ai parl\u00e9 avec Sam au d\u00e9but de l'ann\u00e9e 2006...<\/p>\n<hr>\n<p><strong>RS : Quand avez-vous d\u00e9couvert les tournois de blackjack ?<\/strong><\/p>\n<p><strong>SV :<\/strong> J'ai particip\u00e9 \u00e0 des tournois de craps dans les ann\u00e9es 1980 et lorsque les casinos ont cess\u00e9 de les organiser, ils m'ont convaincu de participer \u00e0 un tournoi de blackjack au Four Queens en 1989.   J'ai gagn\u00e9 mon premier tournoi et $50,000...<em>C'\u00e9tait donc un bon d\u00e9but.<\/em><\/p>\n<p><strong>RS : Comment avez-vous appris la strat\u00e9gie du tournoi de blackjack ?<\/strong><\/p>\n<p><strong>SV<\/strong>: Je connaissais la gestion de l'argent gr\u00e2ce \u00e0 tous les tournois de craps que j'ai jou\u00e9s, et c'\u00e9tait un grand avantage.  \u00c0 l'\u00e9poque, personne ne savait ce qu'\u00e9tait \"prendre le plus bas\". Pour la plupart des gens, le \"low\" signifiait miser cinq dollars.  Ceux d'entre nous qui savaient comment g\u00e9rer leur argent avaient un \u00e9norme avantage \u00e0 l'\u00e9poque. Des amis comme John Ressman et d'autres r\u00e9pondaient \u00e0 toutes mes questions sur la meilleure fa\u00e7on de jouer dans certaines situations.  John et beaucoup d'autres \u00e9taient des experts en tournois avant <a href=\"http:\/\/www.amazon.com\/dp\/0935926224\/?tag=theblackjacbasic\">Le livre Stanford Wong's Tournament Strategy (en anglais)<\/a> est sorti.<\/p>\n<p><strong>RS : Combien de tournois avez-vous disput\u00e9s \u00e0 ce jour ? <\/strong><\/p>\n<p><strong>SV :<\/strong> J'ai jou\u00e9 r\u00e9guli\u00e8rement depuis 1989, plus de 100 tournois, et j'ai gagn\u00e9 de l'argent chaque ann\u00e9e, un peu plus de 1,25 million de dollars au total, jusqu'\u00e0 ce que le calendrier bascule en 2000.  J'ai alors pass\u00e9 trois ans et demi sans rien gagner. Il s'agit l\u00e0 de vrais dollars, pas de ce que ces autres gars balancent aujourd'hui.<\/p>\n<p><strong>RS : Parlez-nous du mois de juillet 2004.<\/strong><\/p>\n<p><strong>SV :<\/strong> C'\u00e9tait un tr\u00e8s bon mois.  J'ai remport\u00e9 le tournoi Reno-Atlantis \"Winner-Take-All\" la m\u00eame semaine que j'ai gagn\u00e9 la qualification mensuelle pour le Hilton Million Dollar III Blackjack Tournament.  Le tournoi de l'Atlantis valait $45 000 et celui du Hilton de Las Vegas $20 000.  Dans le tournoi de Reno, j'\u00e9tais \"all in\" avec sept mains \u00e0 jouer, mais lors de la derni\u00e8re main (o\u00f9 j'\u00e9tais chip leader et dernier \u00e0 miser), j'avais \"the high and the low\" sur la personne en deuxi\u00e8me position. J'\u00e9tais en excellente position.<\/p>\n<p><strong>RS : Vous \u00eates la seule personne \u00e0 avoir atteint la table finale des Hilton Million Dollar II et III.  Dans quelle \u00e9preuve avez-vous \u00e9t\u00e9 le plus proche de l'\u00e9limination ?<\/strong><\/p>\n<p><strong>SV :<\/strong> C'\u00e9tait le deuxi\u00e8me tour du MDIII, et j'\u00e9tais tellement en retrait sur la derni\u00e8re main que ce type m'avait couvert en haut et en bas.  J'allais devoir le balancer (battre le croupier et faire en sorte que le croupier le batte).  Puis il a fait une erreur et s'est rendu, ce qui m'a permis de doubler la mise.  Lorsque le croupier a perdu, j'ai pu passer au tour suivant.<\/p>\n<div class=\"panel\">En l'espace de deux ans, lors des Hilton Million Dollar Tournaments, Sam Vaughn a jou\u00e9 un total de 18 tours, progressant dans tous les tours sauf deux.  Arr\u00eatez-vous un instant pour r\u00e9fl\u00e9chir \u00e0 cet exploit !\n<\/div>\n<p><strong>RS : Ok, parlons de la table finale du Hilton MDIII.  Un \"chop\" (une r\u00e9partition plus \u00e9quitable de l'argent) a-t-il \u00e9t\u00e9 envisag\u00e9 ?<\/strong><\/p>\n<p><strong>SV :<\/strong> Non, j'ai conclu quelques accords parall\u00e8les avant la table finale, mais personne \u00e0 la table finale n'a manifest\u00e9 d'int\u00e9r\u00eat pour un partage.  Avec le tirage au sort des wild cards pour la table finale, il n'y avait pas beaucoup de temps pour conclure un accord.  J'ai conclu un accord au Hilton MDII, mais avec une seule personne. Les autres joueurs ne savaient pas de quoi je parlais quand je disais split.  <\/p>\n<p><strong>RS : Cinq derni\u00e8res mains pour $1,000,000.  Main # 24, vous \u00eates quatri\u00e8me en jetons, vous misez en premier, plus de la moiti\u00e9 d'une mise maximale derri\u00e8re, pourquoi avez-vous mis\u00e9 le minimum ?<\/strong><\/p>\n<p><strong>SV :<\/strong> Mon raisonnement dans cette situation \u00e9tait d'essayer d'emp\u00eacher les meneurs de miser gros et d'avoir plus d'une mise maximale d'avance sur moi.  Si je misais petit, ils pourraient tous suivre de pr\u00e8s, et me permettre de faire un mouvement sur la main suivante lorsque je devais miser en dernier.  J'ai re\u00e7u 16 et j'ai perdu, mais mon id\u00e9e a fonctionn\u00e9.<\/p>\n<p><strong>RS : Main # 25, vous sortez avec une mise maximale.<\/strong><\/p>\n<p><strong>SV :<\/strong> Je fais un move avec une mise max et j'obtiens un autre 16, et je suis maintenant pr\u00eat \u00e0 faire mes valises et \u00e0 rentrer \u00e0 la maison.  J'ai pens\u00e9 \u00e0 doubler le hard 16 \u00e0 ce moment-l\u00e0. J'avais encore assez d'argent pour perdre cette main et avoir une chance de gagner le million.  C'est pourquoi j'ai d\u00e9cid\u00e9 de frapper, et j'ai attrap\u00e9 un as pour 17, et j'ai pouss\u00e9 le croupier.<\/p>\n<p><strong>RS : Main # 26, tout le monde devant vous a mis\u00e9 gros, \u00e0 l'exception du chef de file (BR1).  S'il avait \u00e9galement mis\u00e9 gros, auriez-vous quand m\u00eame fait une mise maximale ?<\/strong><\/p>\n<p><strong>SV :<\/strong> Oui, \u00e0 ce moment-l\u00e0, j'ai senti que je devais rester avec tout le monde pour garder la main.  J'ai fini par obtenir un 12 contre un 10 pour le croupier.<\/p>\n<p><strong>RS : C'est maintenant que le plaisir commence.  Vous avez fini par doubler votre 12 contre un 10 pour le croupier, avez-vous r\u00e9fl\u00e9chi \u00e0 cette d\u00e9cision ?<\/strong><\/p>\n<p><strong>SV :<\/strong> Non, pas \u00e0 ce moment-l\u00e0. Plusieurs personnes que je respecte m'ont dit : \"Oui, mais si tu veux recommencer ?\".  Ils supposaient que j'allais recommencer, sans faire de bust, et battre le croupier.  J'ai simplement continu\u00e9, j'ai doubl\u00e9 la mise et j'ai attrap\u00e9 un deux.  Si j'avais frapp\u00e9 deux fois, j'aurais perdu. Le croupier aurait alors perdu derri\u00e8re moi, \u00e9liminant ainsi toute chance de gagner.<\/p>\n<p><strong>RS : Main # 27, l'avant-derni\u00e8re main, finit par \u00eatre la main la plus int\u00e9ressante de tout le tournoi.  Vous \u00eates le chip leader (BR1) et vos poursuivants les plus proches ont tous fait des mises maximales en m\u00eame temps que vous.  Vous recevez 4-5 et BR3 re\u00e7oit un blackjack, ce qui le place en t\u00eate.  M\u00eame si vous allez miser apr\u00e8s ce joueur, vous avez d\u00e9cid\u00e9 de doubler votre 9 contre un 10 du croupier.  Pourquoi ?<br \/>\n<\/strong><\/p>\n<p><strong>SV :<\/strong> Je me disais que si je perdais cette main, c'\u00e9tait fini.  Je jouais pour un million de dollars sur cette main.  Je ne voulais pas gagner la main et rester BR2, j'ai donc d\u00e9cid\u00e9 de la doubler.  J'ai attrap\u00e9 le 10 et le croupier a retourn\u00e9 le 18.  Cela n'aurait pas pu mieux se passer.<\/p>\n<p><strong>RS : Main # 28, il n'y a qu'une seule personne \u00e0 moins d'une mise maximum de vous \u00e0 ce stade.  Vous devez vous sentir bien dans votre position.  Parlez-nous en.<\/strong><\/p>\n<p><strong>SV :<\/strong> Je suis en bonne position \u00e0 la fois en termes de jetons et d'ordre de jeu.  J'ai simplement \u00e9gal\u00e9 leurs mises maximales et j'ai attendu.  BR2 a doubl\u00e9 et \u00e9tait stiff, BR3 a doubl\u00e9 avec un 17, et j'avais 18.  Si le croupier obtient une main, je gagnerai $1,000,000. Je me suis dit que le croupier n'avait pas retourn\u00e9 un dix depuis un bon moment et qu'il \u00e9tait en retard.  (Le croupier avait un sept.) Le dix a \u00e9t\u00e9 retourn\u00e9 et le tournoi \u00e9tait termin\u00e9.<\/p>\n<p><strong>RS : Comment le Hilton vous a-t-il pay\u00e9 les $1 000 000 ?<\/strong><\/p>\n<p><strong>SV :<\/strong> Ils voulaient me donner un rack de mille jetons $1 000. Vous me voyez marcher dans le casino comme \u00e7a ?  J'ai pr\u00e9f\u00e9r\u00e9 prendre un ch\u00e8que.<\/p>\n<p><strong>RS : Juste par curiosit\u00e9, combien avez-vous donn\u00e9 de pourboire au concessionnaire ?<\/strong><\/p>\n<p><strong>SV :<\/strong> Je voulais que le ch\u00e8que soit libell\u00e9 \u00e0 $1.000.000.  Mon ami avait donc 1,4 million de dollars et moi 1,4 million de dollars, et c'est ce que je leur ai donn\u00e9.  Cela aurait pu \u00eatre plus, mais il semble que le personnel du Hilton voulait simplement que nous sortions de l\u00e0.<\/p>\n<p><strong>RS : Qu'avez-vous fait de l'argent ?<\/strong><\/p>\n<p><strong>SV :<\/strong> Je n'ai pas encore fini de les compter.  Non, en fait, j'ai partag\u00e9 $10 000 avec une personne de l'ann\u00e9e derni\u00e8re, $10 000 avec un ami au troisi\u00e8me tour, $20 000 avec une autre personne en demi-finale, et mon bon ami, Fred (Heilmann) a obtenu $500 000.  Plus tard, Miss Vicky et moi sommes partis en voyage en Australie, en Nouvelle-Z\u00e9lande et aux Fidji.<\/p>\n<p><strong>RS : D\u00e9crivez votre situation avec Fred.<\/strong><\/p>\n<p><strong>SV :<\/strong> La premi\u00e8re ann\u00e9e du Hilton Million Dollar Blackjack Tournament, nous \u00e9tions quatre \u00e0 y participer ensemble.  Comme nous n'avions pas les fonds n\u00e9cessaires pour jouer chaque mois, nous avons jou\u00e9 \u00e0 tour de r\u00f4le.  La deuxi\u00e8me ann\u00e9e du Hilton, nous n'\u00e9tions plus que trois : moi, Fred et son beau-fils.  Les deux autres voulaient jouer tous les mois, alors ils se sont retir\u00e9s du groupe.  La derni\u00e8re ann\u00e9e, il n'y avait que Fred et moi dans l'accord.<\/p>\n<p><strong>RS : Enfin, quels conseils ou astuces pouvez-vous donner \u00e0 nos membres qui d\u00e9couvrent le blackjack en tournoi ?<\/strong><\/p>\n<p><strong>SV :<\/strong> Jouez tous les mini-tournois et autant de tournois que possible.  Si vous \u00eates \u00e9limin\u00e9, restez \u00e0 regarder la table et \u00e9valuez son jeu.  Parlez \u00e0 d'autres joueurs que vous respectez de tout ce que vous ne comprenez pas.  <\/p>\n<div class=\"panel\">\nPour ceux qui ne connaissent pas le tournoi Hilton MDBJ III, le bankroll de d\u00e9part \u00e9tait de $5 000 avec une mise minimale de $100 et une mise maximale de $2 500.  Sam a termin\u00e9 avec $18 250.  Cela repr\u00e9sente 7,3 fois la mise maximale apr\u00e8s 28 mains. Les cinq derni\u00e8res mains du tournoi pour Sam : perte, push, victoire, victoire, victoire.  Le point important est le fait qu'il a perdu une mise minimale, gagn\u00e9 une mise maximale et gagn\u00e9 deux doubles mises maximales.\n<\/div>\n<div class=\"panel\">\nJ'ai le regret de vous annoncer le d\u00e9c\u00e8s de Sam Vaughn en 2011.  C'est ainsi que dispara\u00eet l'une des personnalit\u00e9s les plus uniques et les plus attachantes du monde des tournois.  Il n'y aura jamais un autre joueur comme lui.  RIP Sam.\n<\/div>\n<p><a href=\"\/interviews\/\">\u2190 Retour aux interviews sur le blackjack<\/a><\/p>","protected":false},"excerpt":{"rendered":"<p>by Rick Swogger, for BlackjackTournaments.com This interview originally appeared at our sister site BlackjackTournaments.com. Who better for the first interview there than the man who beat long odds two years running in the Las Vegas Hilton Million Dollar Blackjack Tournament? In both the second and third year of that event (2004 and 2005), Sam Vaughn [&hellip;]<\/p>\n","protected":false},"author":2,"featured_media":0,"parent":1097,"menu_order":0,"comment_status":"open","ping_status":"open","template":"","meta":{"_acf_changed":false,"footnotes":""},"tags":[],"class_list":["post-1161","page","type-page","status-publish","hentry"],"acf":[],"yoast_head":"<!-- This site is optimized with the Yoast SEO plugin v26.6 - https:\/\/yoast.com\/wordpress\/plugins\/seo\/ -->\n<title>Interview with Sam Vaughn<\/title>\n<meta name=\"description\" content=\"Sam Vaughn was a popular and successful tournament player, even before he won $1 million in the Las Vegas Hilton Million Dollar Blackjack Tournament.\" \/>\n<meta name=\"robots\" content=\"index, follow, max-snippet:-1, max-image-preview:large, max-video-preview:-1\" \/>\n<link rel=\"canonical\" href=\"https:\/\/www.blackjackinfo.com\/fr\/entretiens\/sam-vaughn\/\" \/>\n<meta property=\"og:locale\" content=\"fr_FR\" \/>\n<meta property=\"og:type\" content=\"article\" \/>\n<meta property=\"og:title\" content=\"Interview with Sam Vaughn\" \/>\n<meta property=\"og:description\" content=\"Sam Vaughn was a popular and successful tournament player, even before he won $1 million in the Las Vegas Hilton Million Dollar Blackjack Tournament.\" \/>\n<meta property=\"og:url\" content=\"https:\/\/www.blackjackinfo.com\/fr\/entretiens\/sam-vaughn\/\" \/>\n<meta property=\"og:site_name\" content=\"BlackjackInfo.com\" \/>\n<meta property=\"article:modified_time\" content=\"2018-09-24T09:55:39+00:00\" \/>\n<meta name=\"twitter:label1\" content=\"Dur\u00e9e de lecture estim\u00e9e\" \/>\n\t<meta name=\"twitter:data1\" content=\"9 minutes\" \/>\n<script type=\"application\/ld+json\" class=\"yoast-schema-graph\">{\"@context\":\"https:\/\/schema.org\",\"@graph\":[{\"@type\":\"WebPage\",\"@id\":\"https:\/\/www.blackjackinfo.com\/interviews\/sam-vaughn\/\",\"url\":\"https:\/\/www.blackjackinfo.com\/interviews\/sam-vaughn\/\",\"name\":\"Interview with Sam Vaughn\",\"isPartOf\":{\"@id\":\"https:\/\/www.blackjackinfo.com\/#website\"},\"datePublished\":\"2014-12-10T03:51:47+00:00\",\"dateModified\":\"2018-09-24T09:55:39+00:00\",\"description\":\"Sam Vaughn was a popular and successful tournament player, even before he won $1 million in the Las Vegas Hilton Million Dollar Blackjack Tournament.\",\"breadcrumb\":{\"@id\":\"https:\/\/www.blackjackinfo.com\/interviews\/sam-vaughn\/#breadcrumb\"},\"inLanguage\":\"fr-FR\",\"potentialAction\":[{\"@type\":\"ReadAction\",\"target\":[\"https:\/\/www.blackjackinfo.com\/interviews\/sam-vaughn\/\"]}]},{\"@type\":\"BreadcrumbList\",\"@id\":\"https:\/\/www.blackjackinfo.com\/interviews\/sam-vaughn\/#breadcrumb\",\"itemListElement\":[{\"@type\":\"ListItem\",\"position\":1,\"name\":\"Home\",\"item\":\"https:\/\/www.blackjackinfo.com\/\"},{\"@type\":\"ListItem\",\"position\":2,\"name\":\"Interviews\",\"item\":\"https:\/\/www.blackjackinfo.com\/interviews\/\"},{\"@type\":\"ListItem\",\"position\":3,\"name\":\"Interview with Sam Vaughn\"}]},{\"@type\":\"WebSite\",\"@id\":\"https:\/\/www.blackjackinfo.com\/#website\",\"url\":\"https:\/\/www.blackjackinfo.com\/\",\"name\":\"BlackjackInfo.com\",\"description\":\"Because Winning is More Fun!\",\"potentialAction\":[{\"@type\":\"SearchAction\",\"target\":{\"@type\":\"EntryPoint\",\"urlTemplate\":\"https:\/\/www.blackjackinfo.com\/?s={search_term_string}\"},\"query-input\":{\"@type\":\"PropertyValueSpecification\",\"valueRequired\":true,\"valueName\":\"search_term_string\"}}],\"inLanguage\":\"fr-FR\"}]}<\/script>\n<!-- \/ Yoast SEO plugin. -->","yoast_head_json":{"title":"Entretien avec Sam Vaughn","description":"Sam Vaughn \u00e9tait un joueur de tournoi populaire et prosp\u00e8re, m\u00eame avant qu'il ne remporte $1 million dans le Las Vegas Hilton Million Dollar Blackjack Tournament.","robots":{"index":"index","follow":"follow","max-snippet":"max-snippet:-1","max-image-preview":"max-image-preview:large","max-video-preview":"max-video-preview:-1"},"canonical":"https:\/\/www.blackjackinfo.com\/fr\/entretiens\/sam-vaughn\/","og_locale":"fr_FR","og_type":"article","og_title":"Interview with Sam Vaughn","og_description":"Sam Vaughn was a popular and successful tournament player, even before he won $1 million in the Las Vegas Hilton Million Dollar Blackjack Tournament.","og_url":"https:\/\/www.blackjackinfo.com\/fr\/entretiens\/sam-vaughn\/","og_site_name":"BlackjackInfo.com","article_modified_time":"2018-09-24T09:55:39+00:00","twitter_misc":{"Dur\u00e9e de lecture estim\u00e9e":"9 minutes"},"schema":{"@context":"https:\/\/schema.org","@graph":[{"@type":"WebPage","@id":"https:\/\/www.blackjackinfo.com\/interviews\/sam-vaughn\/","url":"https:\/\/www.blackjackinfo.com\/interviews\/sam-vaughn\/","name":"Entretien avec Sam Vaughn","isPartOf":{"@id":"https:\/\/www.blackjackinfo.com\/#website"},"datePublished":"2014-12-10T03:51:47+00:00","dateModified":"2018-09-24T09:55:39+00:00","description":"Sam Vaughn \u00e9tait un joueur de tournoi populaire et prosp\u00e8re, m\u00eame avant qu'il ne remporte $1 million dans le Las Vegas Hilton Million Dollar Blackjack Tournament.","breadcrumb":{"@id":"https:\/\/www.blackjackinfo.com\/interviews\/sam-vaughn\/#breadcrumb"},"inLanguage":"fr-FR","potentialAction":[{"@type":"ReadAction","target":["https:\/\/www.blackjackinfo.com\/interviews\/sam-vaughn\/"]}]},{"@type":"BreadcrumbList","@id":"https:\/\/www.blackjackinfo.com\/interviews\/sam-vaughn\/#breadcrumb","itemListElement":[{"@type":"ListItem","position":1,"name":"Home","item":"https:\/\/www.blackjackinfo.com\/"},{"@type":"ListItem","position":2,"name":"Interviews","item":"https:\/\/www.blackjackinfo.com\/interviews\/"},{"@type":"ListItem","position":3,"name":"Interview with Sam Vaughn"}]},{"@type":"WebSite","@id":"https:\/\/www.blackjackinfo.com\/#website","url":"https:\/\/www.blackjackinfo.com\/","name":"BlackjackInfo.com","description":"Parce que gagner, c'est plus amusant !","potentialAction":[{"@type":"SearchAction","target":{"@type":"EntryPoint","urlTemplate":"https:\/\/www.blackjackinfo.com\/?s={search_term_string}"},"query-input":{"@type":"PropertyValueSpecification","valueRequired":true,"valueName":"search_term_string"}}],"inLanguage":"fr-FR"}]}},"_links":{"self":[{"href":"https:\/\/www.blackjackinfo.com\/fr\/wp-json\/wp\/v2\/pages\/1161","targetHints":{"allow":["GET"]}}],"collection":[{"href":"https:\/\/www.blackjackinfo.com\/fr\/wp-json\/wp\/v2\/pages"}],"about":[{"href":"https:\/\/www.blackjackinfo.com\/fr\/wp-json\/wp\/v2\/types\/page"}],"author":[{"embeddable":true,"href":"https:\/\/www.blackjackinfo.com\/fr\/wp-json\/wp\/v2\/users\/2"}],"replies":[{"embeddable":true,"href":"https:\/\/www.blackjackinfo.com\/fr\/wp-json\/wp\/v2\/comments?post=1161"}],"version-history":[{"count":8,"href":"https:\/\/www.blackjackinfo.com\/fr\/wp-json\/wp\/v2\/pages\/1161\/revisions"}],"predecessor-version":[{"id":4872,"href":"https:\/\/www.blackjackinfo.com\/fr\/wp-json\/wp\/v2\/pages\/1161\/revisions\/4872"}],"up":[{"embeddable":true,"href":"https:\/\/www.blackjackinfo.com\/fr\/wp-json\/wp\/v2\/pages\/1097"}],"wp:attachment":[{"href":"https:\/\/www.blackjackinfo.com\/fr\/wp-json\/wp\/v2\/media?parent=1161"}],"wp:term":[{"taxonomy":"post_tag","embeddable":true,"href":"https:\/\/www.blackjackinfo.com\/fr\/wp-json\/wp\/v2\/tags?post=1161"}],"curies":[{"name":"wp","href":"https:\/\/api.w.org\/{rel}","templated":true}]}}