{"id":1219,"date":"2014-12-10T21:49:52","date_gmt":"2014-12-11T02:49:52","guid":{"rendered":"http:\/\/test.blackjackinfo.com\/?page_id=1219"},"modified":"2018-06-22T01:10:48","modified_gmt":"2018-06-22T06:10:48","slug":"les-bases-du-casino","status":"publish","type":"page","link":"https:\/\/www.blackjackinfo.com\/fr\/blackjack-rules\/casino-basics\/","title":{"rendered":"R\u00e8gles du Blackjack : Partie 1 - Notions de base sur le casino"},"content":{"rendered":"<div class=\"bji-byline\">par <a href=\"\/ken-smith\/\">Kenneth R Smith<\/a><\/div>\n<h2 class=\"text-center\">Choisir une table<\/h2>\n<p>Si vous \u00eates novice en la mati\u00e8re, il y a quelques \u00e9l\u00e9ments \u00e0 prendre en compte lors de la recherche d'un jeu...<\/p>\n<p>L'\u00e9l\u00e9ment le plus important est le panneau indiquant les limites de mise. Si vous lisez ceci, vous n'avez probablement pas envie de vous asseoir \u00e0 une table qui exige une mise minimale de $100 !  Les mises minimales et maximales autoris\u00e9es doivent \u00eatre indiqu\u00e9es sur un panneau plac\u00e9 sur le plateau de la table. Regardez autour de vous pour trouver une table qui corresponde \u00e0 la taille de vos mises.<\/p>\n<p>Assurez-vous que la table que vous avez choisie est bien une table de blackjack, et non un autre des nombreux types de jeux de table propos\u00e9s par les casinos. Recherchez sur la table la mention \"<i>Le blackjack rapporte 3 contre 2<\/i>\".  Evitez les jeux qui disent \"<i>Le blackjack rapporte 6 contre 5<\/i>\"\u00e0 la place. (Voir <a href=\"\/no-6-to-5-blackjack\/\">Blackjack \u00e0 6 contre 5 ? Dites simplement non !<\/a>.)<\/p>\n<p>Ensuite, regardez comment le jeu est distribu\u00e9.  Il existe deux styles de distribution diff\u00e9rents :<\/p>\n<ul>\n<li><strong>Jeux de chaussures<\/strong>: Le croupier distribue les cartes \u00e0 partir d'un sabot et les cartes des joueurs sont toutes distribu\u00e9es face visible.  Ces jeux utilisent g\u00e9n\u00e9ralement 6 ou 8 jeux de cartes.<\/li>\n<li><strong>Jeux portables<\/strong>: Le croupier tient les cartes en main et distribue g\u00e9n\u00e9ralement les cartes des joueurs face cach\u00e9e.  Ces jeux utilisent g\u00e9n\u00e9ralement 1 ou 2 jeux de cartes.<\/li>\n<\/ul>\n<p>Les d\u00e9butants devraient commencer par jouer aux jeux de sabot.  L'avantage de ce style de jeu est que toutes les cartes des joueurs sont distribu\u00e9es face visible, de sorte que le croupier et les autres joueurs peuvent facilement vous aider \u00e0 r\u00e9pondre \u00e0 vos questions et \u00e0 prendre des d\u00e9cisions. Une fois que vous aurez acquis une bonne ma\u00eetrise du jeu, vous voudrez peut-\u00eatre passer \u00e0 un jeu avec moins de jeux, car cela r\u00e9duit l'avantage du casino.<\/p>\n<hr>\n<h2 class=\"text-center\">Achat de chips<\/h2>\n<p>Pour jouer, vous devez \u00e9changer de l'argent contre des jetons du croupier.<\/p>\n<p>Attendez une pause dans l'action et placez votre argent devant vous sur la table.<\/p>\n<p>Quelques r\u00e8gles d'\u00e9tiquette s'appliquent ici :<\/p>\n<ul>\n<li>N'essayez pas de donner votre argent au croupier.  Pour des raisons de s\u00e9curit\u00e9, il ne peut rien prendre de vos mains.  Posez-le plut\u00f4t sur la table.<\/li>\n<li>Ne le mettez pas dans le cercle des mises, car certains casinos autorisent les mises en esp\u00e8ces et le croupier peut penser que vous voulez tout miser !<\/li>\n<li>Achetez au moins assez d'argent pour jouer plusieurs mains.  Un joueur typique de $5 peut s'engager pour $40 environ.<\/li>\n<\/ul>\n<p>Le croupier \u00e9change le montant total de l'argent contre l'\u00e9quivalent en jetons et d\u00e9pose l'argent dans une bo\u00eete sur la table.<\/p>\n<p>Examinez rapidement les puces pour vous assurer que vous connaissez la valeur de chaque couleur.  Les couleurs les plus courantes sont le rouge pour $5, le vert pour $25 et le noir pour $100.<\/p>\n<p>Si vous avez des questions, posez-les au croupier.  Une partie de son travail consiste \u00e0 aider les joueurs \u00e0 apprendre le jeu.<\/p>\n<hr>\n<h2 class=\"text-center\">Placer un pari<\/h2>\n<p>Lorsque vous \u00eates pr\u00eat \u00e0 placer une mise, attendez que la main en cours soit termin\u00e9e, puis placez votre mise dans le cercle de mise.<\/p>\n<p>Vos jetons doivent \u00eatre plac\u00e9s en une seule pile.  Si vous misez plusieurs d\u00e9nominations de jetons, placez les jetons de plus grande valeur en bas de la pile, et les jetons de plus petite valeur sur le dessus.<\/p>\n<p>Une fois les cartes distribu\u00e9es, vous n'\u00eates pas autoris\u00e9 \u00e0 toucher \u00e0 la mise dans le cercle.  Si vous avez besoin de savoir combien vous avez mis\u00e9 pour doubler ou diviser (expliqu\u00e9 plus loin), le croupier comptera les jetons pour vous.<\/p>\n<p>Une fois la main termin\u00e9e, le croupier se d\u00e9placera autour de la table \u00e0 chaque position \u00e0 tour de r\u00f4le, payant les mains gagnantes et ramassant les jetons des mains perdantes. Une fois que le croupier vous a pay\u00e9, vous pouvez retirer vos jetons du cercle et placer votre prochaine mise.<\/p>\n<p>Si vous voulez laisser vos gains, vous devrez former une pile de jetons \u00e0 partir des deux piles ou plus sur la table apr\u00e8s que le croupier vous ait pay\u00e9. Rappelez-vous que les jetons de plus grande valeur doivent \u00eatre plac\u00e9s au bas de la pile.<\/p>\n<hr>\n<h2 class=\"text-center\">Encaissement des jetons<\/h2>\n<p>Lorsque vous \u00eates pr\u00eat \u00e0 quitter la table, vous n'encaissez pas vos jetons de la m\u00eame mani\u00e8re que vous les avez achet\u00e9s.  Le croupier ne peut pas vous donner d'argent pour les jetons de la table.  Pour ce faire, vous devez apporter les jetons \u00e0 la caisse du casino.<\/p>\n<p>Si vous avez beaucoup de jetons de faible valeur devant vous \u00e0 la table, vous devriez les \u00e9changer contre des jetons \u00e9quivalents de valeur sup\u00e9rieure.  Entre deux mains, dites simplement au croupier que vous voulez \"colorer\", et il vous demandera de pousser vos jetons au milieu de la table.  Il les comptera et vous donnera une plus petite pile de jetons de m\u00eame valeur.  Cela vous permet de les transporter plus facilement et au croupier de conserver des jetons plus petits.<\/p>\n<p>Vous pouvez maintenant apporter ces jetons \u00e0 une autre table pour jouer davantage, ou vous rendre \u00e0 la caisse du casino o\u00f9 vous pourrez les \u00e9changer contre de l'argent.<\/p>\n<hr>\n<p class=\"left\">\u2190 Retour \u00e0 <a href=\"\/blackjack-rules\/\" rel=\"prev\">R\u00e8gles du Blackjack<\/a><\/p>\n<p class=\"right\">Partie 2 - <a href=\"\/blackjack-rules\/blackjack-basics\" rel=\"next\">Les bases du blackjack<\/a> \u2192<\/p>","protected":false},"excerpt":{"rendered":"<p>by Kenneth R Smith Choosing a table If you are new to the game, there are a few items you should notice when looking for a game&#8230; The most important item is the sign declaring betting limits. If you are reading this, you probably don&#8217;t want to sit down at a table that requires a [&hellip;]<\/p>\n","protected":false},"author":2,"featured_media":0,"parent":1174,"menu_order":1,"comment_status":"open","ping_status":"open","template":"","meta":{"_acf_changed":false,"footnotes":""},"tags":[],"class_list":["post-1219","page","type-page","status-publish","hentry"],"acf":[],"yoast_head":"<!-- This site is optimized with the Yoast SEO plugin v26.6 - https:\/\/yoast.com\/wordpress\/plugins\/seo\/ -->\n<title>Blackjack Rules: Part 1 - Casino Basics<\/title>\n<meta name=\"description\" content=\"Casino table games can be intimidating to a beginner. We will show you what to expect, and how to handle the basics, from buying in to cashing out.\" \/>\n<meta name=\"robots\" content=\"index, follow, max-snippet:-1, max-image-preview:large, max-video-preview:-1\" \/>\n<link rel=\"canonical\" href=\"https:\/\/www.blackjackinfo.com\/fr\/regles-du-blackjack\/\" \/>\n<meta property=\"og:locale\" content=\"fr_FR\" \/>\n<meta property=\"og:type\" content=\"article\" \/>\n<meta property=\"og:title\" content=\"Blackjack Rules: Part 1 - Casino Basics\" \/>\n<meta property=\"og:description\" content=\"Casino table games can be intimidating to a beginner. We will show you what to expect, and how to handle the basics, from buying in to cashing out.\" \/>\n<meta property=\"og:url\" content=\"https:\/\/www.blackjackinfo.com\/fr\/regles-du-blackjack\/\" \/>\n<meta property=\"og:site_name\" content=\"BlackjackInfo.com\" \/>\n<meta property=\"article:modified_time\" content=\"2018-06-22T06:10:48+00:00\" \/>\n<meta name=\"twitter:label1\" content=\"Dur\u00e9e de lecture estim\u00e9e\" \/>\n\t<meta name=\"twitter:data1\" content=\"4 minutes\" \/>\n<script type=\"application\/ld+json\" class=\"yoast-schema-graph\">{\"@context\":\"https:\/\/schema.org\",\"@graph\":[{\"@type\":\"WebPage\",\"@id\":\"https:\/\/www.blackjackinfo.com\/blackjack-rules\/casino-basics\/\",\"url\":\"https:\/\/www.blackjackinfo.com\/blackjack-rules\/\",\"name\":\"Blackjack Rules: Part 1 - Casino Basics\",\"isPartOf\":{\"@id\":\"https:\/\/www.blackjackinfo.com\/#website\"},\"datePublished\":\"2014-12-11T02:49:52+00:00\",\"dateModified\":\"2018-06-22T06:10:48+00:00\",\"description\":\"Casino table games can be intimidating to a beginner. We will show you what to expect, and how to handle the basics, from buying in to cashing out.\",\"breadcrumb\":{\"@id\":\"https:\/\/www.blackjackinfo.com\/blackjack-rules\/#breadcrumb\"},\"inLanguage\":\"fr-FR\",\"potentialAction\":[{\"@type\":\"ReadAction\",\"target\":[\"https:\/\/www.blackjackinfo.com\/blackjack-rules\/\"]}]},{\"@type\":\"BreadcrumbList\",\"@id\":\"https:\/\/www.blackjackinfo.com\/blackjack-rules\/#breadcrumb\",\"itemListElement\":[{\"@type\":\"ListItem\",\"position\":1,\"name\":\"Home\",\"item\":\"https:\/\/www.blackjackinfo.com\/\"},{\"@type\":\"ListItem\",\"position\":2,\"name\":\"Casino Blackjack: Rules of the Game\",\"item\":\"https:\/\/www.blackjackinfo.com\/blackjack-rules\/\"},{\"@type\":\"ListItem\",\"position\":3,\"name\":\"Blackjack Rules: Part 1 &#8211; Casino Basics\"}]},{\"@type\":\"WebSite\",\"@id\":\"https:\/\/www.blackjackinfo.com\/#website\",\"url\":\"https:\/\/www.blackjackinfo.com\/\",\"name\":\"BlackjackInfo.com\",\"description\":\"Because Winning is More Fun!\",\"potentialAction\":[{\"@type\":\"SearchAction\",\"target\":{\"@type\":\"EntryPoint\",\"urlTemplate\":\"https:\/\/www.blackjackinfo.com\/?s={search_term_string}\"},\"query-input\":{\"@type\":\"PropertyValueSpecification\",\"valueRequired\":true,\"valueName\":\"search_term_string\"}}],\"inLanguage\":\"fr-FR\"}]}<\/script>\n<!-- \/ Yoast SEO plugin. -->","yoast_head_json":{"title":"R\u00e8gles du Blackjack : Partie 1 - Notions de base sur le casino","description":"Les jeux de table de casino peuvent \u00eatre intimidants pour un d\u00e9butant. Nous vous montrerons \u00e0 quoi vous attendre et comment g\u00e9rer les principes de base, de l'achat \u00e0 l'encaissement.","robots":{"index":"index","follow":"follow","max-snippet":"max-snippet:-1","max-image-preview":"max-image-preview:large","max-video-preview":"max-video-preview:-1"},"canonical":"https:\/\/www.blackjackinfo.com\/fr\/regles-du-blackjack\/","og_locale":"fr_FR","og_type":"article","og_title":"Blackjack Rules: Part 1 - Casino Basics","og_description":"Casino table games can be intimidating to a beginner. We will show you what to expect, and how to handle the basics, from buying in to cashing out.","og_url":"https:\/\/www.blackjackinfo.com\/fr\/regles-du-blackjack\/","og_site_name":"BlackjackInfo.com","article_modified_time":"2018-06-22T06:10:48+00:00","twitter_misc":{"Dur\u00e9e de lecture estim\u00e9e":"4 minutes"},"schema":{"@context":"https:\/\/schema.org","@graph":[{"@type":"WebPage","@id":"https:\/\/www.blackjackinfo.com\/blackjack-rules\/casino-basics\/","url":"https:\/\/www.blackjackinfo.com\/blackjack-rules\/","name":"R\u00e8gles du Blackjack : Partie 1 - Notions de base sur le casino","isPartOf":{"@id":"https:\/\/www.blackjackinfo.com\/#website"},"datePublished":"2014-12-11T02:49:52+00:00","dateModified":"2018-06-22T06:10:48+00:00","description":"Les jeux de table de casino peuvent \u00eatre intimidants pour un d\u00e9butant. Nous vous montrerons \u00e0 quoi vous attendre et comment g\u00e9rer les principes de base, de l'achat \u00e0 l'encaissement.","breadcrumb":{"@id":"https:\/\/www.blackjackinfo.com\/blackjack-rules\/#breadcrumb"},"inLanguage":"fr-FR","potentialAction":[{"@type":"ReadAction","target":["https:\/\/www.blackjackinfo.com\/blackjack-rules\/"]}]},{"@type":"BreadcrumbList","@id":"https:\/\/www.blackjackinfo.com\/blackjack-rules\/#breadcrumb","itemListElement":[{"@type":"ListItem","position":1,"name":"Home","item":"https:\/\/www.blackjackinfo.com\/"},{"@type":"ListItem","position":2,"name":"Casino Blackjack: Rules of the Game","item":"https:\/\/www.blackjackinfo.com\/blackjack-rules\/"},{"@type":"ListItem","position":3,"name":"Blackjack Rules: Part 1 &#8211; Casino Basics"}]},{"@type":"WebSite","@id":"https:\/\/www.blackjackinfo.com\/#website","url":"https:\/\/www.blackjackinfo.com\/","name":"BlackjackInfo.com","description":"Parce que gagner, c'est plus amusant !","potentialAction":[{"@type":"SearchAction","target":{"@type":"EntryPoint","urlTemplate":"https:\/\/www.blackjackinfo.com\/?s={search_term_string}"},"query-input":{"@type":"PropertyValueSpecification","valueRequired":true,"valueName":"search_term_string"}}],"inLanguage":"fr-FR"}]}},"_links":{"self":[{"href":"https:\/\/www.blackjackinfo.com\/fr\/wp-json\/wp\/v2\/pages\/1219","targetHints":{"allow":["GET"]}}],"collection":[{"href":"https:\/\/www.blackjackinfo.com\/fr\/wp-json\/wp\/v2\/pages"}],"about":[{"href":"https:\/\/www.blackjackinfo.com\/fr\/wp-json\/wp\/v2\/types\/page"}],"author":[{"embeddable":true,"href":"https:\/\/www.blackjackinfo.com\/fr\/wp-json\/wp\/v2\/users\/2"}],"replies":[{"embeddable":true,"href":"https:\/\/www.blackjackinfo.com\/fr\/wp-json\/wp\/v2\/comments?post=1219"}],"version-history":[{"count":23,"href":"https:\/\/www.blackjackinfo.com\/fr\/wp-json\/wp\/v2\/pages\/1219\/revisions"}],"predecessor-version":[{"id":1654,"href":"https:\/\/www.blackjackinfo.com\/fr\/wp-json\/wp\/v2\/pages\/1219\/revisions\/1654"}],"up":[{"embeddable":true,"href":"https:\/\/www.blackjackinfo.com\/fr\/wp-json\/wp\/v2\/pages\/1174"}],"wp:attachment":[{"href":"https:\/\/www.blackjackinfo.com\/fr\/wp-json\/wp\/v2\/media?parent=1219"}],"wp:term":[{"taxonomy":"post_tag","embeddable":true,"href":"https:\/\/www.blackjackinfo.com\/fr\/wp-json\/wp\/v2\/tags?post=1219"}],"curies":[{"name":"wp","href":"https:\/\/api.w.org\/{rel}","templated":true}]}}