{"id":1226,"date":"2014-12-10T21:57:43","date_gmt":"2014-12-11T02:57:43","guid":{"rendered":"http:\/\/test.blackjackinfo.com\/?page_id=1226"},"modified":"2018-06-22T01:13:46","modified_gmt":"2018-06-22T06:13:46","slug":"les-bases-du-blackjack","status":"publish","type":"page","link":"https:\/\/www.blackjackinfo.com\/fr\/blackjack-rules\/blackjack-basics\/","title":{"rendered":"R\u00e8gles du Blackjack : Partie 2 - Les bases du Blackjack"},"content":{"rendered":"<div class=\"bji-byline\">par <a href=\"\/ken-smith\/\">Kenneth R Smith<\/a><\/div>\n<h2 class=\"text-center\">Pr\u00e9misses du jeu<\/h2>\n<p>Le Blackjack est assez simple.  Le principe de base du jeu est que vous voulez avoir une main dont la valeur est plus proche de 21 que celle du croupier, sans d\u00e9passer 21. Les autres joueurs pr\u00e9sents \u00e0 la table ne sont pas concern\u00e9s. Votre main n'est en concurrence qu'avec celle du croupier.<\/p>\n<p>Les r\u00e8gles du jeu pour le croupier sont strictement dict\u00e9es, ne laissant aucune d\u00e9cision au croupier. Il n'y a donc aucun probl\u00e8me \u00e0 ce que le croupier ou les autres joueurs de la table voient les cartes que vous avez en main. En fait, si vous jouez \u00e0 un jeu de sabot, les cartes des joueurs sont toutes distribu\u00e9es face visible.<\/p>\n<p>Quoi qu'il en soit, lorsque vous apprenez \u00e0 jouer, n'h\u00e9sitez pas \u00e0 montrer vos cartes au croupier ou aux autres joueurs et \u00e0 poser des questions.<\/p>\n<hr>\n<h2 class=\"text-center\">Valeurs des cartes<\/h2>\n<p>Au blackjack, les cartes sont \u00e9valu\u00e9es comme suit :<\/p>\n<ul>\n<li>Un As peut compter pour 1 ou 11, comme expliqu\u00e9 ci-dessous.<\/li>\n<li>Les cartes de 2 \u00e0 9 sont \u00e9valu\u00e9es \u00e0 leur valeur nominale.<\/li>\n<li>Le 10, le valet, la reine et le roi valent tous 10.<\/li>\n<\/ul>\n<p>Les couleurs des cartes n'ont aucune signification dans le jeu. La valeur d'une main est simplement la somme des points de chaque carte de la main.  Quelques exemples :<\/p>\n<p><img loading=\"lazy\" decoding=\"async\" class=\"card\" src=\"\/img\/cards\/5c.gif\" width=\"79\" height=\"96\" alt=\"Five of Clubs\" data-no-auto-translation=\"\"><img loading=\"lazy\" decoding=\"async\" class=\"card\" src=\"\/img\/cards\/7h.gif\" width=\"79\" height=\"96\" alt=\"Seven of Hearts\" data-no-auto-translation=\"\"><img loading=\"lazy\" decoding=\"async\" class=\"card\" src=\"\/img\/cards\/9d.gif\" width=\"79\" height=\"96\" alt=\"Nine of Diamonds\" data-no-auto-translation=\"\"><br \/>\n5 + 7 + 9 = 21, cette main a donc une valeur de 21.<\/p>\n<p><img loading=\"lazy\" decoding=\"async\" class=\"card\" src=\"\/img\/cards\/jd.gif\" width=\"79\" height=\"96\" alt=\"Jack of Diamonds\" data-no-auto-translation=\"\"><img loading=\"lazy\" decoding=\"async\" class=\"card\" src=\"\/img\/cards\/ts.gif\" width=\"79\" height=\"96\" alt=\"Ten of Spades\" data-no-auto-translation=\"\"><br \/>\n10 + 10 = 20, cette main a donc une valeur de 20.<\/p>\n<p><img loading=\"lazy\" decoding=\"async\" class=\"card\" src=\"\/img\/cards\/9s.gif\" width=\"79\" height=\"96\" alt=\"Nine of Spades\" data-no-auto-translation=\"\"><img loading=\"lazy\" decoding=\"async\" class=\"card\" src=\"\/img\/cards\/3s.gif\" width=\"79\" height=\"96\" alt=\"Three of Spades\" data-no-auto-translation=\"\"><img loading=\"lazy\" decoding=\"async\" class=\"card\" src=\"\/img\/cards\/qh.gif\" width=\"79\" height=\"96\" alt=\"Queen of Hearts\" data-no-auto-translation=\"\"><br \/>\n9 + 3 + 10 = 22, cette main est donc un \"bust\".  Toute main qui d\u00e9passe 21 est \"cass\u00e9e\", ou \"busted\", et est automatiquement perdante.<\/p>\n<p>C'est assez facile, non ?<\/p>\n<p>L'As ajoute une nouvelle touche...<\/p>\n<p>Un As peut \u00eatre compt\u00e9 comme 1 ou 11. Il n'est pas n\u00e9cessaire de pr\u00e9ciser la valeur de l'As. On suppose qu'il a la valeur qui permet d'obtenir la meilleure main, et cette valeur peut changer au fur et \u00e0 mesure que d'autres cartes sont ajout\u00e9es \u00e0 la main.<\/p>\n<p><img loading=\"lazy\" decoding=\"async\" class=\"card\" src=\"\/img\/cards\/ac.gif\" width=\"79\" height=\"96\" alt=\"Ace of Clubs\" data-no-auto-translation=\"\"><img loading=\"lazy\" decoding=\"async\" class=\"card\" src=\"\/img\/cards\/6d.gif\" width=\"79\" height=\"96\" alt=\"Six of Diamonds\" data-no-auto-translation=\"\"><br \/>\nCette main a une valeur de 7 ou 17, \u00e9galement connue sous le nom de 17 \"doux\".<\/p>\n<p>Une main molle est une main dans laquelle un As peut \u00eatre compt\u00e9 comme 1 ou 11 sans d\u00e9passer 21.  Le nom refl\u00e8te le fait que la main ne peut pas se briser si vous tirez une autre carte.  Il s'agit d'une main \"molle\".<\/p>\n<p>Tirons une autre carte :<br \/>\n<img loading=\"lazy\" decoding=\"async\" class=\"card\" src=\"\/img\/cards\/ac.gif\" width=\"79\" height=\"96\" alt=\"Ace of Clubs\" data-no-auto-translation=\"\"><img loading=\"lazy\" decoding=\"async\" class=\"card\" src=\"\/img\/cards\/6d.gif\" width=\"79\" height=\"96\" alt=\"Six of Diamonds\" data-no-auto-translation=\"\"><img loading=\"lazy\" decoding=\"async\" class=\"card\" src=\"\/img\/cards\/ks.gif\" width=\"79\" height=\"96\" alt=\"King of Spades\" data-no-auto-translation=\"\"><\/p>\n<p>Notre main est maintenant 17, puisque 1 + 6 + 10 = 17.  Nous n'avons plus la possibilit\u00e9 de compter l'As comme 11, car cela d\u00e9passerait 21.  (Cette main est maintenant un 17 dur, malgr\u00e9 la pr\u00e9sence d'un As).<\/p>\n<p>Revenons en arri\u00e8re et tirons une autre carte \u00e0 la place :<br \/>\n<img loading=\"lazy\" decoding=\"async\" class=\"card\" src=\"\/img\/cards\/ac.gif\" width=\"79\" height=\"96\" alt=\"Ace of Clubs\" data-no-auto-translation=\"\"><img loading=\"lazy\" decoding=\"async\" class=\"card\" src=\"\/img\/cards\/6d.gif\" width=\"79\" height=\"96\" alt=\"Six of Diamonds\" data-no-auto-translation=\"\"><img loading=\"lazy\" decoding=\"async\" class=\"card\" src=\"\/img\/cards\/3d.gif\" width=\"79\" height=\"96\" alt=\"Three of Diamonds\" data-no-auto-translation=\"\"><\/p>\n<p>Notre main est \"10 ou 20\", un 20 doux.  Vingt est une excellente main, nous nous arr\u00eaterons donc l\u00e0.<\/p>\n<hr>\n<h2 class=\"text-center\">La distribution des cartes<\/h2>\n<p>Une fois toutes les mises plac\u00e9es, le croupier distribue les cartes aux joueurs. Il fait deux tours de table en commen\u00e7ant par sa gauche (votre droite) afin que les joueurs et le croupier aient chacun deux cartes.  Le croupier retourne l'une de ses cartes, exposant ainsi sa valeur en tant que \"carte sup\u00e9rieure du croupier\".<\/p>\n<p>(Dans certaines parties du monde, le croupier peut ne recevoir qu'une seule carte.  Ce point est abord\u00e9 dans la section <a href=\"\/blackjack-rules\/rule-variations\/\">Variations des r\u00e8gles<\/a>plus loin dans cette s\u00e9rie).<\/p>\n<p>Dans les jeux distribu\u00e9s \u00e0 partir d'un sabot, les cartes des joueurs sont face visible et les joueurs ne sont pas autoris\u00e9s \u00e0 les toucher. Si vous d\u00e9butez, c'est le meilleur type de jeu, car vous n'avez pas \u00e0 vous soucier de la manipulation des cartes.<\/p>\n<div class=\"panel\">\nLes jeux de poche sont l\u00e9g\u00e8rement diff\u00e9rents.  Dans ces jeux, les cartes des joueurs sont distribu\u00e9es face cach\u00e9e et les joueurs les ramassent. Lorsque vous manipulez les cartes dans un jeu de poche, voici quelques points importants \u00e0 ne pas oublier.<\/p>\n<ul>\n<li>Vous ne devez toucher les cartes que d'une seule main. Si vous \u00eates un joueur de poker, cela peut vous demander un certain effort pour vous d\u00e9faire de vos vieilles habitudes !<\/li>\n<li>Vous devez garder les cartes au-dessus de la table.  Ne les rapprochez pas de votre corps.<\/li>\n<li>Les cartes que le croupier distribue ensuite \u00e0 votre main sont laiss\u00e9es sur la table et ne sont pas ajout\u00e9es aux cartes que vous avez en main.<\/li>\n<\/ul>\n<\/div>\n<p>Une fois les premi\u00e8res mains distribu\u00e9es, le jeu se d\u00e9roule autour de la table en commen\u00e7ant par le premier si\u00e8ge \u00e0 la gauche du croupier, \u00e9galement appel\u00e9 \"premi\u00e8re base\". \u00c0 tour de r\u00f4le, chaque joueur indique au croupier comment il souhaite jouer la main. (Tous ces choix sont expliqu\u00e9s dans la prochaine partie de cette s\u00e9rie).<\/p>\n<p>Une fois que tous les joueurs ont termin\u00e9 leur main, le croupier termine la sienne, puis paie les mises gagnantes et r\u00e9cup\u00e8re les mises perdantes.<\/p>\n<hr>\n<h2 class=\"text-center\">Comment le croupier joue sa main<\/h2>\n<p>Le croupier retourne d'abord la \"carte cach\u00e9e\" pour r\u00e9v\u00e9ler sa main de d\u00e9part compos\u00e9e de deux cartes.  Le croupier doit ensuite jouer sa main d'une mani\u00e8re tr\u00e8s pr\u00e9cise, sans pouvoir faire de choix.<\/p>\n<p>Il doit tirer des cartes jusqu'\u00e0 ce qu'il ait un total de 17 ou plus.  Le croupier n'a pas le choix de jouer la main.  Il doit continuer \u00e0 prendre des cartes jusqu'\u00e0 ce que son total soit d'au moins 17.<\/p>\n<p>(Je discuterai d'une l\u00e9g\u00e8re variation de cette r\u00e8gle dans la section <a href=\"\/blackjack-rules\/rule-variations\/\">Variations des r\u00e8gles<\/a> de cette s\u00e9rie).<\/p>\n<p>Examinons une main possible du croupier :<\/p>\n<p><img loading=\"lazy\" decoding=\"async\" class=\"card\" src=\"\/img\/cards\/ac.gif\" width=\"79\" height=\"96\" alt=\"Ace of Clubs\" data-no-auto-translation=\"\"><img loading=\"lazy\" decoding=\"async\" class=\"card\" src=\"\/img\/cards\/5h.gif\" width=\"79\" height=\"96\" alt=\"Five of Hearts\" data-no-auto-translation=\"\"><img loading=\"lazy\" decoding=\"async\" class=\"card\" src=\"\/img\/cards\/7d.gif\" width=\"79\" height=\"96\" alt=\"Seven of Diamonds\" data-no-auto-translation=\"\"><img loading=\"lazy\" decoding=\"async\" class=\"card\" src=\"\/img\/cards\/6c.gif\" width=\"79\" height=\"96\" alt=\"Six of Clubs\" data-no-auto-translation=\"\"><\/p>\n<p>Apr\u00e8s avoir retourn\u00e9 la carte cach\u00e9e, la main du croupier \u00e9tait (As, 5).  La valeur de sa main est donc de 16, et il doit donc tirer une autre carte.<\/p>\n<p>Il a tir\u00e9 un 7, ce qui donne \u00e0 sa main une valeur de 13 (l'As ne peut plus \u00eatre compt\u00e9 comme 11).  Avec un total de 13, il doit \u00e0 nouveau tirer.<\/p>\n<p>Il a tir\u00e9 un 6, ce qui donne un total de 19.  Comme il s'agit de \"17 ou plus\", le croupier s'arr\u00eate avec un total final de 19.<\/p>\n<hr>\n<h2 class=\"text-center\">Victoires, d\u00e9faites et matchs nuls<\/h2>\n<p>Une fois la main termin\u00e9e, comment le croupier d\u00e9cide-t-il des mises \u00e0 payer et des mises \u00e0 collecter ?<\/p>\n<p>Si vous tirez une carte qui fait passer le total de votre main au-dessus de 21, votre main est un \u00e9chec.  C'est un perdant automatique.  Le croupier r\u00e9cup\u00e8re imm\u00e9diatement votre mise et se d\u00e9barrasse de votre main.<\/p>\n<p>Si vous n'avez pas perdu, le croupier jouera sa main \u00e0 la fin.  S'il perd en d\u00e9passant 21, tous les joueurs restants remportent leur mise.<\/p>\n<p>Si ni vous ni le croupier n'avez fait le \"buste\", le croupier comparera son total final au v\u00f4tre.<\/p>\n<p>Si son total est sup\u00e9rieur au v\u00f4tre, vous perdez la mise, et il r\u00e9cup\u00e8re votre mise et met les jetons dans son plateau.<\/p>\n<p>Si votre total est sup\u00e9rieur au sien, vous remportez le pari et il vous paiera la totalit\u00e9 du montant que vous avez mis\u00e9.  Une fois qu'il vous aura pay\u00e9, vous disposerez de votre mise initiale plus le montant que vous avez gagn\u00e9 dans le cercle.<\/p>\n<p>Alors, que se passe-t-il si vous et le croupier \u00eates \u00e0 \u00e9galit\u00e9, avec le m\u00eame total ?  Rien du tout.  Une \u00e9galit\u00e9 est appel\u00e9e \"push\", et vous ne gagnez ni ne perdez votre mise.  Vos jetons restent dans le cercle de mise o\u00f9 vous pouvez les laisser pour la prochaine main si vous le souhaitez, ou vous pouvez les ajouter ou les retirer comme vous le souhaitez avant la prochaine main.<\/p>\n<hr>\n<h2 class=\"text-center\">Qu'est-ce qu'un Blackjack, ou Natural ?<\/h2>\n<p>Un blackjack, ou naturel, est un total de 21 dans les deux premi\u00e8res cartes. Un blackjack est donc constitu\u00e9 d'un as et d'une carte de valeur dix, \u00e0 condition qu'il s'agisse de vos deux premi\u00e8res cartes. Si vous s\u00e9parez une paire d'as, par exemple, et que vous tirez une carte de valeur dix sur l'un des as, il ne s'agit pas d'un blackjack, mais d'un total de 21.<\/p>\n<p>La distinction est importante, car un blackjack gagnant paie le joueur \u00e0 3 contre 2. Une mise de $10 gagne $15 si le joueur tire un blackjack. Un blackjack du joueur bat tout total du croupier autre qu'un blackjack, y compris le 21 \u00e0 trois cartes ou plus du croupier. Si le joueur et le croupier ont tous deux un blackjack, la main est une \u00e9galit\u00e9 ou une pouss\u00e9e.<\/p>\n<p>Le croupier paie g\u00e9n\u00e9ralement votre mise de blackjack gagnante imm\u00e9diatement lorsque c'est \u00e0 votre tour de jouer. Dans les jeux face cach\u00e9e, cela signifie que vous devez montrer le blackjack au croupier \u00e0 ce moment-l\u00e0. Certains casinos peuvent retarder le paiement du blackjack jusqu'\u00e0 ce que la main soit termin\u00e9e si le croupier a une carte 10 et n'a pas v\u00e9rifi\u00e9 pour un blackjack du croupier. D'autres casinos v\u00e9rifient les cartes 10 et As du croupier et paient donc le blackjack imm\u00e9diatement.<\/p>\n<p>Quoi qu'il en soit, lorsque vous recevez un blackjack, retournez les cartes face visible et souriez. Cela n'arrive qu'une fois toutes les 21 mains, mais c'est ce qui rend le jeu si amusant. <\/p>\n<hr>\n<p class=\"left\">\u2190 Partie 1 - <a href=\"\/blackjack-rules\/casino-basics\/\" rel=\"prev\">Notions de base sur les casinos<\/a><\/p>\n<p class=\"right\">Partie 3 - <a href=\"\/blackjack-rules\/player-choices\/\" rel=\"next\">Choix des joueurs<\/a> \u2192<\/p>","protected":false},"excerpt":{"rendered":"<p>by Kenneth R Smith Premise of the Game Blackjack is pretty simple. The basic premise of the game is that you want to have a hand value that is closer to 21 than that of the dealer, without going over 21. Other players at the table are of no concern. Your hand competes only against [&hellip;]<\/p>\n","protected":false},"author":2,"featured_media":0,"parent":1174,"menu_order":2,"comment_status":"open","ping_status":"open","template":"","meta":{"_acf_changed":false,"footnotes":""},"tags":[],"class_list":["post-1226","page","type-page","status-publish","hentry"],"acf":[],"yoast_head":"<!-- This site is optimized with the Yoast SEO plugin v26.6 - https:\/\/yoast.com\/wordpress\/plugins\/seo\/ -->\n<title>Blackjack Rules: Part 2 - Blackjack Basics<\/title>\n<meta name=\"description\" content=\"We continue our explanation of casino blackjack with thorough coverage of the basics, from the value of the cards to how the dealer plays his hand.\" \/>\n<meta name=\"robots\" content=\"index, follow, max-snippet:-1, max-image-preview:large, max-video-preview:-1\" \/>\n<link rel=\"canonical\" href=\"https:\/\/www.blackjackinfo.com\/fr\/regles-du-blackjack\/\" \/>\n<meta property=\"og:locale\" content=\"fr_FR\" \/>\n<meta property=\"og:type\" content=\"article\" \/>\n<meta property=\"og:title\" content=\"Blackjack Rules: Part 2 - Blackjack Basics\" \/>\n<meta property=\"og:description\" content=\"We continue our explanation of casino blackjack with thorough coverage of the basics, from the value of the cards to how the dealer plays his hand.\" \/>\n<meta property=\"og:url\" content=\"https:\/\/www.blackjackinfo.com\/fr\/regles-du-blackjack\/\" \/>\n<meta property=\"og:site_name\" content=\"BlackjackInfo.com\" \/>\n<meta property=\"article:modified_time\" content=\"2018-06-22T06:13:46+00:00\" \/>\n<meta name=\"twitter:label1\" content=\"Dur\u00e9e de lecture estim\u00e9e\" \/>\n\t<meta name=\"twitter:data1\" content=\"7 minutes\" \/>\n<script type=\"application\/ld+json\" class=\"yoast-schema-graph\">{\"@context\":\"https:\/\/schema.org\",\"@graph\":[{\"@type\":\"WebPage\",\"@id\":\"https:\/\/www.blackjackinfo.com\/blackjack-rules\/blackjack-basics\/\",\"url\":\"https:\/\/www.blackjackinfo.com\/blackjack-rules\/\",\"name\":\"Blackjack Rules: Part 2 - Blackjack Basics\",\"isPartOf\":{\"@id\":\"https:\/\/www.blackjackinfo.com\/#website\"},\"datePublished\":\"2014-12-11T02:57:43+00:00\",\"dateModified\":\"2018-06-22T06:13:46+00:00\",\"description\":\"We continue our explanation of casino blackjack with thorough coverage of the basics, from the value of the cards to how the dealer plays his hand.\",\"breadcrumb\":{\"@id\":\"https:\/\/www.blackjackinfo.com\/blackjack-rules\/#breadcrumb\"},\"inLanguage\":\"fr-FR\",\"potentialAction\":[{\"@type\":\"ReadAction\",\"target\":[\"https:\/\/www.blackjackinfo.com\/blackjack-rules\/\"]}]},{\"@type\":\"BreadcrumbList\",\"@id\":\"https:\/\/www.blackjackinfo.com\/blackjack-rules\/#breadcrumb\",\"itemListElement\":[{\"@type\":\"ListItem\",\"position\":1,\"name\":\"Home\",\"item\":\"https:\/\/www.blackjackinfo.com\/\"},{\"@type\":\"ListItem\",\"position\":2,\"name\":\"Casino Blackjack: Rules of the Game\",\"item\":\"https:\/\/www.blackjackinfo.com\/blackjack-rules\/\"},{\"@type\":\"ListItem\",\"position\":3,\"name\":\"Blackjack Rules: Part 2 &#8211; Blackjack Basics\"}]},{\"@type\":\"WebSite\",\"@id\":\"https:\/\/www.blackjackinfo.com\/#website\",\"url\":\"https:\/\/www.blackjackinfo.com\/\",\"name\":\"BlackjackInfo.com\",\"description\":\"Because Winning is More Fun!\",\"potentialAction\":[{\"@type\":\"SearchAction\",\"target\":{\"@type\":\"EntryPoint\",\"urlTemplate\":\"https:\/\/www.blackjackinfo.com\/?s={search_term_string}\"},\"query-input\":{\"@type\":\"PropertyValueSpecification\",\"valueRequired\":true,\"valueName\":\"search_term_string\"}}],\"inLanguage\":\"fr-FR\"}]}<\/script>\n<!-- \/ Yoast SEO plugin. -->","yoast_head_json":{"title":"R\u00e8gles du Blackjack : Partie 2 - Les bases du Blackjack","description":"Nous poursuivons notre explication du blackjack de casino en abordant les principes de base, de la valeur des cartes \u00e0 la fa\u00e7on dont le croupier joue sa main.","robots":{"index":"index","follow":"follow","max-snippet":"max-snippet:-1","max-image-preview":"max-image-preview:large","max-video-preview":"max-video-preview:-1"},"canonical":"https:\/\/www.blackjackinfo.com\/fr\/regles-du-blackjack\/","og_locale":"fr_FR","og_type":"article","og_title":"Blackjack Rules: Part 2 - Blackjack Basics","og_description":"We continue our explanation of casino blackjack with thorough coverage of the basics, from the value of the cards to how the dealer plays his hand.","og_url":"https:\/\/www.blackjackinfo.com\/fr\/regles-du-blackjack\/","og_site_name":"BlackjackInfo.com","article_modified_time":"2018-06-22T06:13:46+00:00","twitter_misc":{"Dur\u00e9e de lecture estim\u00e9e":"7 minutes"},"schema":{"@context":"https:\/\/schema.org","@graph":[{"@type":"WebPage","@id":"https:\/\/www.blackjackinfo.com\/blackjack-rules\/blackjack-basics\/","url":"https:\/\/www.blackjackinfo.com\/blackjack-rules\/","name":"R\u00e8gles du Blackjack : Partie 2 - Les bases du Blackjack","isPartOf":{"@id":"https:\/\/www.blackjackinfo.com\/#website"},"datePublished":"2014-12-11T02:57:43+00:00","dateModified":"2018-06-22T06:13:46+00:00","description":"Nous poursuivons notre explication du blackjack de casino en abordant les principes de base, de la valeur des cartes \u00e0 la fa\u00e7on dont le croupier joue sa main.","breadcrumb":{"@id":"https:\/\/www.blackjackinfo.com\/blackjack-rules\/#breadcrumb"},"inLanguage":"fr-FR","potentialAction":[{"@type":"ReadAction","target":["https:\/\/www.blackjackinfo.com\/blackjack-rules\/"]}]},{"@type":"BreadcrumbList","@id":"https:\/\/www.blackjackinfo.com\/blackjack-rules\/#breadcrumb","itemListElement":[{"@type":"ListItem","position":1,"name":"Home","item":"https:\/\/www.blackjackinfo.com\/"},{"@type":"ListItem","position":2,"name":"Casino Blackjack: Rules of the Game","item":"https:\/\/www.blackjackinfo.com\/blackjack-rules\/"},{"@type":"ListItem","position":3,"name":"Blackjack Rules: Part 2 &#8211; Blackjack Basics"}]},{"@type":"WebSite","@id":"https:\/\/www.blackjackinfo.com\/#website","url":"https:\/\/www.blackjackinfo.com\/","name":"BlackjackInfo.com","description":"Parce que gagner, c'est plus amusant !","potentialAction":[{"@type":"SearchAction","target":{"@type":"EntryPoint","urlTemplate":"https:\/\/www.blackjackinfo.com\/?s={search_term_string}"},"query-input":{"@type":"PropertyValueSpecification","valueRequired":true,"valueName":"search_term_string"}}],"inLanguage":"fr-FR"}]}},"_links":{"self":[{"href":"https:\/\/www.blackjackinfo.com\/fr\/wp-json\/wp\/v2\/pages\/1226","targetHints":{"allow":["GET"]}}],"collection":[{"href":"https:\/\/www.blackjackinfo.com\/fr\/wp-json\/wp\/v2\/pages"}],"about":[{"href":"https:\/\/www.blackjackinfo.com\/fr\/wp-json\/wp\/v2\/types\/page"}],"author":[{"embeddable":true,"href":"https:\/\/www.blackjackinfo.com\/fr\/wp-json\/wp\/v2\/users\/2"}],"replies":[{"embeddable":true,"href":"https:\/\/www.blackjackinfo.com\/fr\/wp-json\/wp\/v2\/comments?post=1226"}],"version-history":[{"count":43,"href":"https:\/\/www.blackjackinfo.com\/fr\/wp-json\/wp\/v2\/pages\/1226\/revisions"}],"predecessor-version":[{"id":1655,"href":"https:\/\/www.blackjackinfo.com\/fr\/wp-json\/wp\/v2\/pages\/1226\/revisions\/1655"}],"up":[{"embeddable":true,"href":"https:\/\/www.blackjackinfo.com\/fr\/wp-json\/wp\/v2\/pages\/1174"}],"wp:attachment":[{"href":"https:\/\/www.blackjackinfo.com\/fr\/wp-json\/wp\/v2\/media?parent=1226"}],"wp:term":[{"taxonomy":"post_tag","embeddable":true,"href":"https:\/\/www.blackjackinfo.com\/fr\/wp-json\/wp\/v2\/tags?post=1226"}],"curies":[{"name":"wp","href":"https:\/\/api.w.org\/{rel}","templated":true}]}}