{"id":1290,"date":"2014-12-12T15:20:15","date_gmt":"2014-12-12T20:20:15","guid":{"rendered":"http:\/\/test.blackjackinfo.com\/?page_id=1290"},"modified":"2018-06-22T01:14:55","modified_gmt":"2018-06-22T06:14:55","slug":"choix-du-joueur","status":"publish","type":"page","link":"https:\/\/www.blackjackinfo.com\/fr\/blackjack-rules\/player-choices\/","title":{"rendered":"R\u00e8gles du Blackjack : Partie 3 - Choix des joueurs"},"content":{"rendered":"<div class=\"bji-byline\">par <a href=\"\/ken-smith\/\">Kenneth R Smith<\/a><\/div>\n<h2 class=\"text-center\">Frapper et se tenir debout<\/h2>\n<p>La d\u00e9cision la plus courante qu'un joueur doit prendre au cours du jeu est de savoir s'il doit tirer une nouvelle carte (\"hit\") ou s'arr\u00eater au total actuel (\"stand\").<\/p>\n<p>Vous devrez faire des signes de la main au lieu de simplement annoncer \"hit\" ou \"stand\" au croupier.  Ceci afin d'\u00e9liminer toute confusion ou ambigu\u00eft\u00e9 dans votre choix, et aussi pour le b\u00e9n\u00e9fice des cam\u00e9ras de surveillance omnipr\u00e9sentes.  Si vous d\u00e9passez 21, ou si vous \u00eates \"bust\", le croupier encaissera votre mise et retirera imm\u00e9diatement vos cartes de la table.<\/p>\n<p>La fa\u00e7on dont vous signalez votre intention au croupier d\u00e9pend du style de jeu auquel vous jouez :<\/p>\n<h3 class=\"text-center\">Signaux des mains au jeu de la chaussure<\/h3>\n<p>Dans le jeu du sabot face visible, vous indiquez que vous voulez une autre carte en tapant du doigt sur la table derri\u00e8re vos cartes.<\/p>\n<p>Lorsque vous d\u00e9cidez de vous lever, il vous suffit de faire un mouvement horizontal de la main au-dessus de vos cartes.<\/p>\n<p>N'oubliez pas que vous n'avez pas le droit de toucher les cartes dans ce type de jeu.<\/p>\n<h3 class=\"text-center\">Signes de la main dans le jeu \u00e0 main<\/h3>\n<p>Dans le jeu face cach\u00e9e, les choses sont un peu diff\u00e9rentes. Vous tiendrez les deux premi\u00e8res cartes d'une seule main.<\/p>\n<p>Pour indiquer au croupier que vous voulez tirer une autre carte dans votre main, grattez l\u00e9g\u00e8rement la table avec le bas de vos cartes. Observez d'abord un autre joueur pour voir comment cela fonctionne. Le croupier distribuera vos cartes suppl\u00e9mentaires sur la table en face de votre mise. Laissez ces cartes sur la table, mais ajoutez-les mentalement \u00e0 la valeur totale de votre main. Si vous d\u00e9passez 21, jetez simplement les deux cartes de votre main face visible sur la table. Le croupier r\u00e9cup\u00e8re votre mise et rejette votre main.<\/p>\n<p>Lorsque vous d\u00e9cidez de vous arr\u00eater, placez les deux cartes que vous avez en main, face cach\u00e9e, sous les jetons de votre cercle de mise. Cela peut \u00eatre un peu difficile les premi\u00e8res fois. Ne prenez pas la mise pour placer les cartes en dessous. N'oubliez pas qu'une fois les cartes distribu\u00e9es, vous ne pouvez plus toucher les jetons du cercle. Faites simplement glisser le coin des cartes sous les jetons.<\/p>\n<p>La description de ces mouvements semble compliqu\u00e9e.  Ce n'est pas le cas.  Il suffit de pr\u00eater attention \u00e0 ce que font les autres joueurs et vous vous int\u00e9grerez parfaitement. <\/p>\n<hr>\n<h2 class=\"text-center\">Doubler la mise<\/h2>\n<p>Une grande partie de l'excitation et du profit au blackjack vient des mains o\u00f9 vous pouvez \"doubler\".  Cette option n'est disponible que pour une main \u00e0 deux cartes, avant qu'une autre carte n'ait \u00e9t\u00e9 tir\u00e9e. Le doublement vous permet de doubler votre mise et de recevoir une (et une seule) carte suppl\u00e9mentaire dans votre main.<\/p>\n<p>Un bon exemple d'opportunit\u00e9 de doubler est lorsque vous d\u00e9tenez un total de 11, comme un (6,5) contre une carte montante de 5 du croupier. Dans ce cas, vous avez de bonnes chances de gagner la main en tirant une carte suppl\u00e9mentaire, vous devriez donc augmenter votre mise dans cette situation avantageuse en doublant.<\/p>\n<p>Si vous jouez \u00e0 un jeu manuel, il vous suffit de jeter vos deux cartes originales face visible sur la table devant votre mise.<\/p>\n<p>Dans l'un ou l'autre type de jeu, ajoutez une mise suppl\u00e9mentaire au cercle de pari. Placez la mise suppl\u00e9mentaire \u00e0 c\u00f4t\u00e9 de la mise initiale, et non au-dessus.<\/p>\n<p>Le croupier distribue une carte suppl\u00e9mentaire \u00e0 la main. Dans un jeu avec sabot, il distribuera probablement la carte de c\u00f4t\u00e9 pour indiquer qu'il s'agit d'un double down.  Dans un jeu manuel, la carte sera cach\u00e9e face cach\u00e9e sous votre mise et sera r\u00e9v\u00e9l\u00e9e une fois la main termin\u00e9e.  En fonction de ce que le croupier fait avec sa main, l'attente de la r\u00e9v\u00e9lation de cette carte \u00e0 la fin de la partie peut s'av\u00e9rer passionnante !<\/p>\n<p>Vous \u00eates autoris\u00e9 \u00e0 doubler pour n'importe quel montant jusqu'\u00e0 celui de votre mise initiale, vous pouvez donc doubler pour un montant inf\u00e9rieur si vous le souhaitez. Mais ce n'est pas une bonne id\u00e9e.  N'oubliez pas que vous renoncez \u00e0 quelque chose en \u00e9tant autoris\u00e9 \u00e0 augmenter votre mise : la possibilit\u00e9 de tirer plus d'une carte suppl\u00e9mentaire. Si le jeu correct consiste \u00e0 doubler, vous devez toujours doubler pour le montant total, si possible.<\/p>\n<p>Et \u00e0 quel moment faut-il doubler la mise, demandez-vous ?  Pour le savoir, il vous suffit d'utiliser notre <a href=\"\/blackjack-basic-strategy-engine\/\">Moteur de strat\u00e9gie de base pour le blackjack<\/a>.<\/p>\n<hr>\n<h3 class=\"text-center\">S\u00e9paration des paires<\/h3>\n<p>Lorsque vous recevez une paire de cartes de m\u00eame valeur, vous pouvez la diviser en deux mains distinctes et les jouer ind\u00e9pendamment l'une de l'autre. Supposons qu'on vous distribue une paire de huit pour un total de seize. Seize est la pire main possible pour un joueur, car il est peu probable qu'elle gagne telle quelle, mais il y a de fortes chances qu'elle soit perdue si vous tirez dessus. Voici une excellente occasion d'am\u00e9liorer une mauvaise situation.<\/p>\n<p>Si vous jouez \u00e0 un jeu manuel, lancez les cartes face visible devant votre mise, comme pour un double down. Ensuite, quel que soit le type de jeu, placez une mise \u00e9quivalente \u00e0 c\u00f4t\u00e9 de la mise initiale dans le cercle. Notez que vous devez miser le m\u00eame montant sur un split, contrairement \u00e0 un double down o\u00f9 vous \u00eates autoris\u00e9 \u00e0 doubler pour un montant inf\u00e9rieur.<\/p>\n<p>Le croupier s\u00e9parera les deux cartes et les traitera comme deux mains ind\u00e9pendantes.  Il distribue une deuxi\u00e8me carte sur le premier huit, et vous jouez cette main de deux cartes jusqu'au bout.  (De nombreux casinos vous permettent de doubler cette main de deux cartes si vous le souhaitez.  Je parlerai de l'option \"Doubler apr\u00e8s le partage\" dans la section <a href=\"\/blackjack-rules\/rule-variations\/\">Variations des r\u00e8gles<\/a>.)<\/p>\n<p>Peu importe ce qui se passe lors de votre premi\u00e8re main, lorsque vous avez termin\u00e9, le croupier distribue une deuxi\u00e8me carte \u00e0 votre prochaine main et le processus recommence.<\/p>\n<h3 class=\"text-center\">Redivision<\/h3>\n<p>Si vous obtenez des paires suppl\u00e9mentaires dans les deux premi\u00e8res cartes d'une main, la plupart des casinos vous autoriseront \u00e0 vous s\u00e9parer \u00e0 nouveau, pour obtenir une autre main. En g\u00e9n\u00e9ral, un joueur est autoris\u00e9 \u00e0 se s\u00e9parer jusqu'\u00e0 3 fois, ce qui donne 4 mains distinctes, avec 4 mises distinctes. Si le double apr\u00e8s le split est autoris\u00e9, vous pouvez avoir jusqu'\u00e0 8 fois votre mise initiale sur la table !<\/p>\n<h3 class=\"text-center\">Fractionnement des dizaines<\/h3>\n<p>Notez que vous avez le droit de s\u00e9parer n'importe quelle carte de valeur 10, vous pouvez donc s\u00e9parer une main (Valet, Dame). Cependant, il s'agit g\u00e9n\u00e9ralement d'un mauvais jeu.  Gardez le 20.  Vous gagnerez plus d'argent avec la carte 20 qu'en essayant d'en faire deux bonnes mains.<\/p>\n<p>Vous n'\u00eates pas convaincu ?  J'ai \u00e9crit un billet \u00e0 ce sujet : <a href=\"\/why-splitting-tens-is-a-bad-move\/\">Pourquoi diviser les dizaines n'est pas une bonne id\u00e9e<\/a>.<\/p>\n<h3 class=\"text-center\">As divis\u00e9s<\/h3>\n<p>Une autre bizarrerie survient lorsque l'on s\u00e9pare les As. Le casino vous limite donc \u00e0 tirer une seule carte suppl\u00e9mentaire sur chaque As. De plus, si vous tirez une carte de valeur dix sur l'un de vos As s\u00e9par\u00e9s, la main n'est pas consid\u00e9r\u00e9e comme un Blackjack, mais comme un 21 normal, et ne permet donc pas d'obtenir un gain de 3:2.<\/p>\n<p>Certains casinos autorisent la r\u00e9p\u00e9tition des As si vous en tirez un autre, mais beaucoup ne le font pas.<\/p>\n<p>Compte tenu de toutes ces limitations, vous pouvez vous demander s'il est judicieux de diviser les As.<br \/>\nLa r\u00e9ponse est sans appel <strong>OUI<\/strong>.  <strong>Toujours s\u00e9parer les As<\/strong>.<\/p>\n<p>Pour obtenir des conseils pr\u00e9cis sur les autres paires que vous devriez scinder, consultez la rubrique <a href=\"\/blackjack-basic-strategy-engine\/\">Moteur de strat\u00e9gie de base pour le blackjack<\/a>.<\/p>\n<hr>\n<p class=\"left\">\u2190 Partie 2 - <a href=\"\/blackjack-rules\/blackjack-basics\/\" rel=\"prev\">Les bases du blackjack<\/a><\/p>\n<p class=\"right\">Partie 4 - <a href=\"\/blackjack-rules\/insurance-and-surrender\/\" rel=\"next\">Assurance et rachat<\/a> \u2192<\/p>","protected":false},"excerpt":{"rendered":"<p>by Kenneth R Smith Hitting and Standing The most common decision a player must make during the game is whether to draw another card to the hand (&#8220;hit&#8221;), or stop at the current total (&#8220;stand&#8221;). You will be required to make hand signals rather than just announcing &#8220;hit&#8221; or &#8220;stand&#8221; to the dealer. This is [&hellip;]<\/p>\n","protected":false},"author":2,"featured_media":0,"parent":1174,"menu_order":3,"comment_status":"open","ping_status":"open","template":"","meta":{"_acf_changed":false,"footnotes":""},"tags":[],"class_list":["post-1290","page","type-page","status-publish","hentry"],"acf":[],"yoast_head":"<!-- This site is optimized with the Yoast SEO plugin v26.6 - https:\/\/yoast.com\/wordpress\/plugins\/seo\/ -->\n<title>Blackjack Rules: Part 3 - Player Choices<\/title>\n<meta name=\"description\" content=\"The player&#039;s choices are the most important part of blackjack. We cover all the details of hitting, standing, doubling down, and splitting.\" \/>\n<meta name=\"robots\" content=\"index, follow, max-snippet:-1, max-image-preview:large, max-video-preview:-1\" \/>\n<link rel=\"canonical\" href=\"https:\/\/www.blackjackinfo.com\/fr\/regles-du-blackjack\/\" \/>\n<meta property=\"og:locale\" content=\"fr_FR\" \/>\n<meta property=\"og:type\" content=\"article\" \/>\n<meta property=\"og:title\" content=\"Blackjack Rules: Part 3 - Player Choices\" \/>\n<meta property=\"og:description\" content=\"The player&#039;s choices are the most important part of blackjack. We cover all the details of hitting, standing, doubling down, and splitting.\" \/>\n<meta property=\"og:url\" content=\"https:\/\/www.blackjackinfo.com\/fr\/regles-du-blackjack\/\" \/>\n<meta property=\"og:site_name\" content=\"BlackjackInfo.com\" \/>\n<meta property=\"article:modified_time\" content=\"2018-06-22T06:14:55+00:00\" \/>\n<meta name=\"twitter:label1\" content=\"Dur\u00e9e de lecture estim\u00e9e\" \/>\n\t<meta name=\"twitter:data1\" content=\"6 minutes\" \/>\n<script type=\"application\/ld+json\" class=\"yoast-schema-graph\">{\"@context\":\"https:\/\/schema.org\",\"@graph\":[{\"@type\":\"WebPage\",\"@id\":\"https:\/\/www.blackjackinfo.com\/blackjack-rules\/player-choices\/\",\"url\":\"https:\/\/www.blackjackinfo.com\/blackjack-rules\/\",\"name\":\"Blackjack Rules: Part 3 - Player Choices\",\"isPartOf\":{\"@id\":\"https:\/\/www.blackjackinfo.com\/#website\"},\"datePublished\":\"2014-12-12T20:20:15+00:00\",\"dateModified\":\"2018-06-22T06:14:55+00:00\",\"description\":\"The player's choices are the most important part of blackjack. We cover all the details of hitting, standing, doubling down, and splitting.\",\"breadcrumb\":{\"@id\":\"https:\/\/www.blackjackinfo.com\/blackjack-rules\/#breadcrumb\"},\"inLanguage\":\"fr-FR\",\"potentialAction\":[{\"@type\":\"ReadAction\",\"target\":[\"https:\/\/www.blackjackinfo.com\/blackjack-rules\/\"]}]},{\"@type\":\"BreadcrumbList\",\"@id\":\"https:\/\/www.blackjackinfo.com\/blackjack-rules\/#breadcrumb\",\"itemListElement\":[{\"@type\":\"ListItem\",\"position\":1,\"name\":\"Home\",\"item\":\"https:\/\/www.blackjackinfo.com\/\"},{\"@type\":\"ListItem\",\"position\":2,\"name\":\"Casino Blackjack: Rules of the Game\",\"item\":\"https:\/\/www.blackjackinfo.com\/blackjack-rules\/\"},{\"@type\":\"ListItem\",\"position\":3,\"name\":\"Blackjack Rules: Part 3 &#8211; Player Choices\"}]},{\"@type\":\"WebSite\",\"@id\":\"https:\/\/www.blackjackinfo.com\/#website\",\"url\":\"https:\/\/www.blackjackinfo.com\/\",\"name\":\"BlackjackInfo.com\",\"description\":\"Because Winning is More Fun!\",\"potentialAction\":[{\"@type\":\"SearchAction\",\"target\":{\"@type\":\"EntryPoint\",\"urlTemplate\":\"https:\/\/www.blackjackinfo.com\/?s={search_term_string}\"},\"query-input\":{\"@type\":\"PropertyValueSpecification\",\"valueRequired\":true,\"valueName\":\"search_term_string\"}}],\"inLanguage\":\"fr-FR\"}]}<\/script>\n<!-- \/ Yoast SEO plugin. -->","yoast_head_json":{"title":"R\u00e8gles du Blackjack : Partie 3 - Choix des joueurs","description":"Les choix du joueur sont la partie la plus importante du blackjack. Nous couvrons tous les d\u00e9tails de la frappe, de l'attente, du doublement et du fractionnement.","robots":{"index":"index","follow":"follow","max-snippet":"max-snippet:-1","max-image-preview":"max-image-preview:large","max-video-preview":"max-video-preview:-1"},"canonical":"https:\/\/www.blackjackinfo.com\/fr\/regles-du-blackjack\/","og_locale":"fr_FR","og_type":"article","og_title":"Blackjack Rules: Part 3 - Player Choices","og_description":"The player's choices are the most important part of blackjack. We cover all the details of hitting, standing, doubling down, and splitting.","og_url":"https:\/\/www.blackjackinfo.com\/fr\/regles-du-blackjack\/","og_site_name":"BlackjackInfo.com","article_modified_time":"2018-06-22T06:14:55+00:00","twitter_misc":{"Dur\u00e9e de lecture estim\u00e9e":"6 minutes"},"schema":{"@context":"https:\/\/schema.org","@graph":[{"@type":"WebPage","@id":"https:\/\/www.blackjackinfo.com\/blackjack-rules\/player-choices\/","url":"https:\/\/www.blackjackinfo.com\/blackjack-rules\/","name":"R\u00e8gles du Blackjack : Partie 3 - Choix des joueurs","isPartOf":{"@id":"https:\/\/www.blackjackinfo.com\/#website"},"datePublished":"2014-12-12T20:20:15+00:00","dateModified":"2018-06-22T06:14:55+00:00","description":"Les choix du joueur sont la partie la plus importante du blackjack. Nous couvrons tous les d\u00e9tails de la frappe, de l'attente, du doublement et du fractionnement.","breadcrumb":{"@id":"https:\/\/www.blackjackinfo.com\/blackjack-rules\/#breadcrumb"},"inLanguage":"fr-FR","potentialAction":[{"@type":"ReadAction","target":["https:\/\/www.blackjackinfo.com\/blackjack-rules\/"]}]},{"@type":"BreadcrumbList","@id":"https:\/\/www.blackjackinfo.com\/blackjack-rules\/#breadcrumb","itemListElement":[{"@type":"ListItem","position":1,"name":"Home","item":"https:\/\/www.blackjackinfo.com\/"},{"@type":"ListItem","position":2,"name":"Casino Blackjack: Rules of the Game","item":"https:\/\/www.blackjackinfo.com\/blackjack-rules\/"},{"@type":"ListItem","position":3,"name":"Blackjack Rules: Part 3 &#8211; Player Choices"}]},{"@type":"WebSite","@id":"https:\/\/www.blackjackinfo.com\/#website","url":"https:\/\/www.blackjackinfo.com\/","name":"BlackjackInfo.com","description":"Parce que gagner, c'est plus amusant !","potentialAction":[{"@type":"SearchAction","target":{"@type":"EntryPoint","urlTemplate":"https:\/\/www.blackjackinfo.com\/?s={search_term_string}"},"query-input":{"@type":"PropertyValueSpecification","valueRequired":true,"valueName":"search_term_string"}}],"inLanguage":"fr-FR"}]}},"_links":{"self":[{"href":"https:\/\/www.blackjackinfo.com\/fr\/wp-json\/wp\/v2\/pages\/1290","targetHints":{"allow":["GET"]}}],"collection":[{"href":"https:\/\/www.blackjackinfo.com\/fr\/wp-json\/wp\/v2\/pages"}],"about":[{"href":"https:\/\/www.blackjackinfo.com\/fr\/wp-json\/wp\/v2\/types\/page"}],"author":[{"embeddable":true,"href":"https:\/\/www.blackjackinfo.com\/fr\/wp-json\/wp\/v2\/users\/2"}],"replies":[{"embeddable":true,"href":"https:\/\/www.blackjackinfo.com\/fr\/wp-json\/wp\/v2\/comments?post=1290"}],"version-history":[{"count":31,"href":"https:\/\/www.blackjackinfo.com\/fr\/wp-json\/wp\/v2\/pages\/1290\/revisions"}],"predecessor-version":[{"id":1656,"href":"https:\/\/www.blackjackinfo.com\/fr\/wp-json\/wp\/v2\/pages\/1290\/revisions\/1656"}],"up":[{"embeddable":true,"href":"https:\/\/www.blackjackinfo.com\/fr\/wp-json\/wp\/v2\/pages\/1174"}],"wp:attachment":[{"href":"https:\/\/www.blackjackinfo.com\/fr\/wp-json\/wp\/v2\/media?parent=1290"}],"wp:term":[{"taxonomy":"post_tag","embeddable":true,"href":"https:\/\/www.blackjackinfo.com\/fr\/wp-json\/wp\/v2\/tags?post=1290"}],"curies":[{"name":"wp","href":"https:\/\/api.w.org\/{rel}","templated":true}]}}