{"id":1292,"date":"2014-12-12T15:20:51","date_gmt":"2014-12-12T20:20:51","guid":{"rendered":"http:\/\/test.blackjackinfo.com\/?page_id=1292"},"modified":"2018-06-22T01:16:41","modified_gmt":"2018-06-22T06:16:41","slug":"variations-des-regles","status":"publish","type":"page","link":"https:\/\/www.blackjackinfo.com\/fr\/blackjack-rules\/rule-variations\/","title":{"rendered":"R\u00e8gles du Blackjack : Partie 5 - Variations des r\u00e8gles"},"content":{"rendered":"<div class=\"bji-byline\">par <a href=\"\/ken-smith\/\">Kenneth R Smith<\/a><\/div>\n<p>Il existe quelques r\u00e8gles au blackjack qui peuvent varier l\u00e9g\u00e8rement d'un casino \u00e0 l'autre.<\/p>\n<h2 class=\"text-center\">Le croupier obtient un 17 mou<\/h2>\n<p>En r\u00e8gle g\u00e9n\u00e9rale, au blackjack, le croupier doit toucher s'il a un total de 16 ou moins, et rester sur place s'il a 17 ou plus.<\/p>\n<p>Mais \u00e0 certains jeux, il y a une exception lorsque le croupier a une main \"molle\" de 17.<\/p>\n<p>Si vous regardez la table, vous verrez l'une des deux phrases suivantes sur le feutre :<\/p>\n<ul>\n<li><strong>Le croupier s'arr\u00eate sur les 17<\/strong>: Il s'agit de la version la plus simple.  Le croupier s'arr\u00eatera avec un total de 17 ou plus, que ce total soit \"mou\" ou non.  (Cette r\u00e8gle est abr\u00e9g\u00e9e S17. Le S est pour Stand, pas Soft !)<\/li>\n<li><strong>Le croupier obtient un 17 mou<\/strong>: Dans les casinos appliquant cette r\u00e8gle, le croupier reste debout avec n'importe quel 17 dur, mais tire une autre carte s'il a un 17 mou, tel que (As, 2, 4).  (Cette r\u00e8gle est abr\u00e9g\u00e9e H17.)<\/li>\n<\/ul>\n<p>Le 17 est une main faible, donc si le croupier est autoris\u00e9 \u00e0 essayer d'am\u00e9liorer les mains 17 molles, cela rend le jeu plus difficile.  Lorsque le croupier est autoris\u00e9 \u00e0 toucher le 17 mou, cela ajoute environ 0,2% \u00e0 l'avantage de la maison.<\/p>\n<p>Il y a quelques ann\u00e9es, les seuls jeux \"Hit Soft 17\" aux \u00c9tats-Unis se trouvaient \u00e0 Reno, au Nevada, et dans ses environs.  Presque toutes les autres r\u00e9gions utilisaient la meilleure r\u00e8gle qui consiste \u00e0 se tenir debout sur tous les 17.  Au fil des ans, de plus en plus de casinos ont adopt\u00e9 la r\u00e8gle du 17 souple, et il y a maintenant beaucoup plus de jeux H17 que de jeux S17.<\/p>\n<p>Vous pouvez encore trouver des jeux o\u00f9 le croupier s'arr\u00eate sur tous les 17, m\u00eame dans les casinos o\u00f9 certaines tables utilisent la r\u00e8gle H17.  Regardez autour de vous !<\/p>\n<hr>\n<h2 class=\"text-center\">Double apr\u00e8s fractionnement<\/h2>\n<p>Apr\u00e8s avoir partag\u00e9 une paire, de nombreux casinos vous permettront de doubler sur une main de deux cartes r\u00e9sultant du partage.  Par exemple, si vous s\u00e9parez une paire de huit et que vous tirez un 3 sur la premi\u00e8re main, il est int\u00e9ressant de pouvoir doubler sur la main de 11 qui en r\u00e9sulte.<\/p>\n<p>Cette r\u00e8gle est assez courante et aide le joueur d'environ 0,12%.<\/p>\n<hr>\n<h2 class=\"text-center\">R\u00e9p\u00e9tition des As<\/h2>\n<p>Comme mentionn\u00e9 dans la section pr\u00e9c\u00e9dente sur le fractionnement des paires, il y a plusieurs restrictions communes sur le fractionnement des As.  Vous ne recevrez qu'une seule carte sur chaque As apr\u00e8s le splitting.<\/p>\n<p>Certains casinos vous autoriseront \u00e0 refaire une paire si vous tirez un autre As, et d'autres non.  Cela est vrai m\u00eame si le casino autorise les resplits pour toutes les autres paires.<\/p>\n<p>Lorsque le casino autorise le resplitting des As, il aide le joueur d'environ 0,08%.<\/p>\n<p>Cette r\u00e8gle est rarement affich\u00e9e \u00e0 la table.  Si vous \u00eates curieux, vous devrez demander au croupier.<\/p>\n<hr>\n<h2 class=\"text-center\">Peek ou No-Peek, carte trou\u00e9e ou pas carte trou\u00e9e<\/h2>\n<p>De nombreux casinos en Europe, et certains dans d'autres parties du monde, traitent diff\u00e9remment la deuxi\u00e8me carte du croupier.  Dans ces jeux \"European No Hole Card\", le croupier ne distribue qu'une seule carte au d\u00e9but du tour.  Une fois que tous les joueurs ont termin\u00e9 leur main, il distribue sa propre deuxi\u00e8me carte et termine la main.<\/p>\n<p>Cela contraste avec le style de jeu habituel aux \u00c9tats-Unis.  L\u00e0, si le croupier a un dix ou un as, il v\u00e9rifie imm\u00e9diatement l'autre carte pour voir s'il a un blackjack.  Si c'est le cas, la main est termin\u00e9e.  Ce processus consistant \u00e0 \"jeter un coup d'\u0153il\" sous la carte cach\u00e9e pour v\u00e9rifier s'il y a un blackjack signifie que les joueurs ne peuvent perdre qu'une seule mise par main si le croupier a un blackjack.<\/p>\n<p>Dans un jeu de cartes sans trou, un joueur peut effectuer un split ou un double et risquer plusieurs mises face \u00e0 un blackjack du croupier, car ce dernier ne peut pas v\u00e9rifier \u00e0 l'avance.  Cela modifie la strat\u00e9gie optimale et signifie que les joueurs ne devraient g\u00e9n\u00e9ralement pas se s\u00e9parer ou doubler contre un dix ou un as du croupier.  (Une exception est le partage des As contre un dix du croupier).<\/p>\n<p>Notez qu'il existe quelques jeux sans carte cach\u00e9e dont les r\u00e8gles stipulent sp\u00e9cifiquement qu'une seule mise sera collect\u00e9e aupr\u00e8s d'un joueur si le croupier a un blackjack.  Dans ces jeux, bien qu'il n'y ait pas de carte cach\u00e9e, vous pouvez jouer comme s'il y en avait une.  (Cela signifie que vous devez le jouer comme un jeu de Peek, m\u00eame s'il n'y a pas vraiment de Peek !)  Tout cela est un peu confus.<\/p>\n<p>Lorsque la r\u00e8gle de la carte sans trou est utilis\u00e9e et que toutes les mises sont expos\u00e9es au risque d'un blackjack du croupier, cela co\u00fbte au joueur 0,11%, et les joueurs doivent revoir leur strat\u00e9gie en cons\u00e9quence.  (Utilisez l'option \"No-Peek\" sur notre site Web. <a href=\"\/blackjack-basic-strategy-engine\/\">Moteur de strat\u00e9gie<\/a>.)<\/p>\n<hr>\n<h2 class=\"text-center\">Prochaines \u00e9tapes<\/h2>\n<p>Si vous \u00eates arriv\u00e9 jusqu'ici, je vous f\u00e9licite.  Vous devriez avoir une bonne id\u00e9e de ce qui vous attend lorsque vous vous asseyez \u00e0 une table de blackjack au casino.<\/p>\n<p>Ce dont nous n'avons pas parl\u00e9, c'est de la mani\u00e8re de prendre les meilleures d\u00e9cisions pendant le jeu.  C'est un sujet \u00e0 part enti\u00e8re.  Pour avoir les meilleures chances de gagner, vous devez apprendre et mettre en pratique la \"strat\u00e9gie de base\", qui est la meilleure fa\u00e7on math\u00e9matique de jouer chaque main contre chaque carte montante possible du croupier.<\/p>\n<p>Pour obtenir un tableau gratuit indiquant le bon jeu dans chaque cas, consultez notre site web <a href=\"\/blackjack-basic-strategy-engine\/\">Moteur de strat\u00e9gie de base pour le blackjack<\/a>.<\/p>\n<p>Vous \u00eates sur la bonne voie.<\/p>\n<hr>\n<p class=\"left\">\u2190 Partie 4 - <a href=\"\/blackjack-rules\/insurance-and-surrender\/\" rel=\"prev\">Assurance et rachat<\/a><\/p>\n<p class=\"right\">Retour en haut de la page - <a href=\"\/blackjack-rules\/\">R\u00e8gles du Blackjack<\/a> \u2192<\/p>","protected":false},"excerpt":{"rendered":"<p>by Kenneth R Smith There are a few rules in blackjack that can vary slightly from casino to casino. Dealer Hits Soft 17 Generally, the dealer in blackjack must hit if he has a total of 16 or less, and stand if he has 17 or more. But at some games there is an exception [&hellip;]<\/p>\n","protected":false},"author":2,"featured_media":0,"parent":1174,"menu_order":5,"comment_status":"open","ping_status":"open","template":"","meta":{"_acf_changed":false,"footnotes":""},"tags":[],"class_list":["post-1292","page","type-page","status-publish","hentry"],"acf":[],"yoast_head":"<!-- This site is optimized with the Yoast SEO plugin v26.6 - https:\/\/yoast.com\/wordpress\/plugins\/seo\/ -->\n<title>Blackjack Rules: Part 5 - Rule Variations<\/title>\n<meta name=\"description\" content=\"The rules of casino blackjack can vary from one casino to another. We discuss the rules that can change, and how you can pick the best games.\" \/>\n<meta name=\"robots\" content=\"index, follow, max-snippet:-1, max-image-preview:large, max-video-preview:-1\" \/>\n<link rel=\"canonical\" href=\"https:\/\/www.blackjackinfo.com\/fr\/regles-du-blackjack\/\" \/>\n<meta property=\"og:locale\" content=\"fr_FR\" \/>\n<meta property=\"og:type\" content=\"article\" \/>\n<meta property=\"og:title\" content=\"Blackjack Rules: Part 5 - Rule Variations\" \/>\n<meta property=\"og:description\" content=\"The rules of casino blackjack can vary from one casino to another. We discuss the rules that can change, and how you can pick the best games.\" \/>\n<meta property=\"og:url\" content=\"https:\/\/www.blackjackinfo.com\/fr\/regles-du-blackjack\/\" \/>\n<meta property=\"og:site_name\" content=\"BlackjackInfo.com\" \/>\n<meta property=\"article:modified_time\" content=\"2018-06-22T06:16:41+00:00\" \/>\n<meta name=\"twitter:label1\" content=\"Dur\u00e9e de lecture estim\u00e9e\" \/>\n\t<meta name=\"twitter:data1\" content=\"4 minutes\" \/>\n<script type=\"application\/ld+json\" class=\"yoast-schema-graph\">{\"@context\":\"https:\/\/schema.org\",\"@graph\":[{\"@type\":\"WebPage\",\"@id\":\"https:\/\/www.blackjackinfo.com\/blackjack-rules\/rule-variations\/\",\"url\":\"https:\/\/www.blackjackinfo.com\/blackjack-rules\/\",\"name\":\"Blackjack Rules: Part 5 - Rule Variations\",\"isPartOf\":{\"@id\":\"https:\/\/www.blackjackinfo.com\/#website\"},\"datePublished\":\"2014-12-12T20:20:51+00:00\",\"dateModified\":\"2018-06-22T06:16:41+00:00\",\"description\":\"The rules of casino blackjack can vary from one casino to another. We discuss the rules that can change, and how you can pick the best games.\",\"breadcrumb\":{\"@id\":\"https:\/\/www.blackjackinfo.com\/blackjack-rules\/#breadcrumb\"},\"inLanguage\":\"fr-FR\",\"potentialAction\":[{\"@type\":\"ReadAction\",\"target\":[\"https:\/\/www.blackjackinfo.com\/blackjack-rules\/\"]}]},{\"@type\":\"BreadcrumbList\",\"@id\":\"https:\/\/www.blackjackinfo.com\/blackjack-rules\/#breadcrumb\",\"itemListElement\":[{\"@type\":\"ListItem\",\"position\":1,\"name\":\"Home\",\"item\":\"https:\/\/www.blackjackinfo.com\/\"},{\"@type\":\"ListItem\",\"position\":2,\"name\":\"Casino Blackjack: Rules of the Game\",\"item\":\"https:\/\/www.blackjackinfo.com\/blackjack-rules\/\"},{\"@type\":\"ListItem\",\"position\":3,\"name\":\"Blackjack Rules: Part 5 &#8211; Rule Variations\"}]},{\"@type\":\"WebSite\",\"@id\":\"https:\/\/www.blackjackinfo.com\/#website\",\"url\":\"https:\/\/www.blackjackinfo.com\/\",\"name\":\"BlackjackInfo.com\",\"description\":\"Because Winning is More Fun!\",\"potentialAction\":[{\"@type\":\"SearchAction\",\"target\":{\"@type\":\"EntryPoint\",\"urlTemplate\":\"https:\/\/www.blackjackinfo.com\/?s={search_term_string}\"},\"query-input\":{\"@type\":\"PropertyValueSpecification\",\"valueRequired\":true,\"valueName\":\"search_term_string\"}}],\"inLanguage\":\"fr-FR\"}]}<\/script>\n<!-- \/ Yoast SEO plugin. -->","yoast_head_json":{"title":"R\u00e8gles du Blackjack : Partie 5 - Variations des r\u00e8gles","description":"Les r\u00e8gles du blackjack de casino peuvent varier d'un casino \u00e0 l'autre. Nous discutons des r\u00e8gles qui peuvent changer et de la mani\u00e8re dont vous pouvez choisir les meilleurs jeux.","robots":{"index":"index","follow":"follow","max-snippet":"max-snippet:-1","max-image-preview":"max-image-preview:large","max-video-preview":"max-video-preview:-1"},"canonical":"https:\/\/www.blackjackinfo.com\/fr\/regles-du-blackjack\/","og_locale":"fr_FR","og_type":"article","og_title":"Blackjack Rules: Part 5 - Rule Variations","og_description":"The rules of casino blackjack can vary from one casino to another. We discuss the rules that can change, and how you can pick the best games.","og_url":"https:\/\/www.blackjackinfo.com\/fr\/regles-du-blackjack\/","og_site_name":"BlackjackInfo.com","article_modified_time":"2018-06-22T06:16:41+00:00","twitter_misc":{"Dur\u00e9e de lecture estim\u00e9e":"4 minutes"},"schema":{"@context":"https:\/\/schema.org","@graph":[{"@type":"WebPage","@id":"https:\/\/www.blackjackinfo.com\/blackjack-rules\/rule-variations\/","url":"https:\/\/www.blackjackinfo.com\/blackjack-rules\/","name":"R\u00e8gles du Blackjack : Partie 5 - Variations des r\u00e8gles","isPartOf":{"@id":"https:\/\/www.blackjackinfo.com\/#website"},"datePublished":"2014-12-12T20:20:51+00:00","dateModified":"2018-06-22T06:16:41+00:00","description":"Les r\u00e8gles du blackjack de casino peuvent varier d'un casino \u00e0 l'autre. Nous discutons des r\u00e8gles qui peuvent changer et de la mani\u00e8re dont vous pouvez choisir les meilleurs jeux.","breadcrumb":{"@id":"https:\/\/www.blackjackinfo.com\/blackjack-rules\/#breadcrumb"},"inLanguage":"fr-FR","potentialAction":[{"@type":"ReadAction","target":["https:\/\/www.blackjackinfo.com\/blackjack-rules\/"]}]},{"@type":"BreadcrumbList","@id":"https:\/\/www.blackjackinfo.com\/blackjack-rules\/#breadcrumb","itemListElement":[{"@type":"ListItem","position":1,"name":"Home","item":"https:\/\/www.blackjackinfo.com\/"},{"@type":"ListItem","position":2,"name":"Casino Blackjack: Rules of the Game","item":"https:\/\/www.blackjackinfo.com\/blackjack-rules\/"},{"@type":"ListItem","position":3,"name":"Blackjack Rules: Part 5 &#8211; Rule Variations"}]},{"@type":"WebSite","@id":"https:\/\/www.blackjackinfo.com\/#website","url":"https:\/\/www.blackjackinfo.com\/","name":"BlackjackInfo.com","description":"Parce que gagner, c'est plus amusant !","potentialAction":[{"@type":"SearchAction","target":{"@type":"EntryPoint","urlTemplate":"https:\/\/www.blackjackinfo.com\/?s={search_term_string}"},"query-input":{"@type":"PropertyValueSpecification","valueRequired":true,"valueName":"search_term_string"}}],"inLanguage":"fr-FR"}]}},"_links":{"self":[{"href":"https:\/\/www.blackjackinfo.com\/fr\/wp-json\/wp\/v2\/pages\/1292","targetHints":{"allow":["GET"]}}],"collection":[{"href":"https:\/\/www.blackjackinfo.com\/fr\/wp-json\/wp\/v2\/pages"}],"about":[{"href":"https:\/\/www.blackjackinfo.com\/fr\/wp-json\/wp\/v2\/types\/page"}],"author":[{"embeddable":true,"href":"https:\/\/www.blackjackinfo.com\/fr\/wp-json\/wp\/v2\/users\/2"}],"replies":[{"embeddable":true,"href":"https:\/\/www.blackjackinfo.com\/fr\/wp-json\/wp\/v2\/comments?post=1292"}],"version-history":[{"count":17,"href":"https:\/\/www.blackjackinfo.com\/fr\/wp-json\/wp\/v2\/pages\/1292\/revisions"}],"predecessor-version":[{"id":1658,"href":"https:\/\/www.blackjackinfo.com\/fr\/wp-json\/wp\/v2\/pages\/1292\/revisions\/1658"}],"up":[{"embeddable":true,"href":"https:\/\/www.blackjackinfo.com\/fr\/wp-json\/wp\/v2\/pages\/1174"}],"wp:attachment":[{"href":"https:\/\/www.blackjackinfo.com\/fr\/wp-json\/wp\/v2\/media?parent=1292"}],"wp:term":[{"taxonomy":"post_tag","embeddable":true,"href":"https:\/\/www.blackjackinfo.com\/fr\/wp-json\/wp\/v2\/tags?post=1292"}],"curies":[{"name":"wp","href":"https:\/\/api.w.org\/{rel}","templated":true}]}}