{"id":1348,"date":"2014-12-12T18:27:00","date_gmt":"2014-12-12T23:27:00","guid":{"rendered":"http:\/\/test.blackjackinfo.com\/?page_id=1348"},"modified":"2018-06-22T01:15:34","modified_gmt":"2018-06-22T06:15:34","slug":"assurance-et-rachat","status":"publish","type":"page","link":"https:\/\/www.blackjackinfo.com\/fr\/blackjack-rules\/insurance-and-surrender\/","title":{"rendered":"R\u00e8gles du Blackjack : Partie 4 - Assurance et abandon"},"content":{"rendered":"<div class=\"bji-byline\">par <a href=\"\/ken-smith\/\">Kenneth R Smith<\/a><\/div>\n<h2 class=\"text-center\">Assurance<\/h2>\n<p>L'assurance au blackjack est souvent mal comprise par les joueurs, alors qu'elle rapporte beaucoup d'argent aux casinos.  Le nom \"assurance\" donn\u00e9 \u00e0 ce pari lat\u00e9ral \u00e9tait un brillant stratag\u00e8me de marketing, et certains joueurs, par ailleurs tr\u00e8s solides, font souvent ce mauvais pari pour \"s'assurer\" lorsqu'ils ont une bonne main.  En r\u00e9alit\u00e9, l'assurance n'est pas toujours un mauvais pari.  Pour les joueurs qui savent reconna\u00eetre quand le jeu restant est riche en cartes de valeur dix, il peut s'agir d'un pari lat\u00e9ral rentable.<\/p>\n<p>Qu'est-ce que l'\"assurance\" au blackjack ?<\/p>\n<p>L'assurance est une proposition de pari qui n'est disponible que lorsque la carte sup\u00e9rieure du croupier est un As.<\/p>\n<p>Lorsque le croupier sort un As, il offre une \"Assurance\" aux joueurs.  Les paris sur l'assurance peuvent \u00eatre faits en misant jusqu'\u00e0 la moiti\u00e9 du montant de votre pari initial dans la bande de pari sur l'assurance en face de votre pari.<\/p>\n<p>Le croupier v\u00e9rifiera s'il a une carte de valeur 10 sous son As, et s'il a un Blackjack, votre mise d'assurance gagnante sera pay\u00e9e \u00e0 une cote de 2:1. Vous perdrez tout de m\u00eame votre mise initiale (\u00e0 moins que vous n'ayez \u00e9galement un Blackjack), ce qui vous permet de rentrer dans vos frais (en supposant que vous ayez mis\u00e9 la totalit\u00e9 de la moiti\u00e9 de la mise pour l'assurance). Bien s\u00fbr, si le croupier n'a pas de blackjack, vous perdrez la mise d'assurance et devrez toujours jouer la mise initiale.<\/p>\n<p>L'assurance est simplement un pari lat\u00e9ral offrant 2 chances sur 1 que le croupier poss\u00e8de une carte de valeur 10 sous son As.  Il n'est pas surprenant que le casino ait un avantage substantiel sur ce pari.  Dans un jeu \u00e0 un seul jeu, il y a 16 cartes de valeur 10. En supposant que vous ne voyez aucune autre carte, y compris la v\u00f4tre, les dix composent 16 des 51 cartes restantes apr\u00e8s que l'As du croupier a \u00e9t\u00e9 retir\u00e9. Pour que le pari sur l'assurance soit rentable, il faudrait que la carte cach\u00e9e soit un dix une fois sur trois, mais 16\/51 ne repr\u00e9sente qu'une fois sur 3,1875.<\/p>\n<p>Cela cr\u00e9e un avantage de 5,88% sur la mise d'assurance en jeu simple.  C'est encore pire \u00e0 six jeux, avec un avantage de 7,40%.<\/p>\n<p>Les compteurs de cartes peuvent toujours battre la mise d'assurance en ne la faisant que lorsqu'ils savent que plus d'un tiers des cartes restantes sont des dizaines.<\/p>\n<p>\u00c0 moins que vous ne soyez un compteur de cartes et que vous sachiez que le jeu est suffisamment d\u00e9s\u00e9quilibr\u00e9, ignorez simplement la mise d'assurance.  Peu importe que vous ayez une bonne ou une mauvaise main.<\/p>\n<hr>\n<h2 class=\"text-center\">Prendre une somme \u00e9gale au Blackjack<\/h2>\n<p>Si vous avez un blackjack lorsque le croupier sort un as, il est probable qu'il vous offre un \"even money\" au lieu d'une mise d'assurance.  Si vous acceptez, le croupier vous paiera le montant de votre mise initiale et se d\u00e9barrassera de votre main de blackjack, avant m\u00eame de v\u00e9rifier sous son As s'il n'a pas lui aussi un blackjack.<\/p>\n<p>De nombreux joueurs pensent qu'il s'agit d'une bonne affaire, garantissant un profit m\u00eame si le croupier a un blackjack.  Mais ce profit garanti a un prix.  Vous gagnerez plus d'argent sur le long terme en attendant le paiement complet du $15 lorsque le croupier n'a pas de blackjack, m\u00eame si vous finirez parfois les mains vides.<\/p>\n<p>Le \"Even money\" n'est rien d'autre qu'une mise d'assurance sur votre blackjack, ni plus ni moins.  Laissez-moi vous montrer comment cela fonctionne :<\/p>\n<p>Supposons que vous misiez $10 et que vous obteniez un Blackjack. Vous devriez normalement recevoir $15 pour cela, \u00e0 moins que le croupier n'ait \u00e9galement un Blackjack, auquel cas vous poussez ou faites match nul.  Supposons que le croupier ait un As et que vous d\u00e9cidiez de prendre une assurance pour le montant total autoris\u00e9 de $5.<\/p>\n<p>Maintenant, deux choses peuvent se produire :<br \/>\n1) Le croupier a un Blackjack. Vous \u00eates \u00e0 \u00e9galit\u00e9 avec le $10, mais vous recevez 2:1 sur le pari d'assurance $5 pour un profit total de $10.<br \/>\n2) Le croupier n'a pas de Blackjack. Vous perdez la mise d'assurance de $5, mais vous recevez $15 pour votre Blackjack. Votre profit total est \u00e0 nouveau de $10.<\/p>\n<p>Dans les deux cas, une fois que vous avez fait le pari sur l'assurance, vous \u00eates assur\u00e9 d'un profit de $10, ce qui correspond \u00e0 un paiement d'argent \u00e9gal pour votre pari initial.  Les casinos vous permettent donc d'\u00e9liminer compl\u00e8tement la mise d'assurance et de d\u00e9clarer simplement que vous voulez un gain \u00e9gal pour votre blackjack lorsque le croupier montre un As.<\/p>\n<p>Le probl\u00e8me est que vous faites toujours un mauvais pari sur l'assurance, ce qui vous co\u00fbte de l'argent.  Si vous ignorez l'offre d'une somme \u00e9gale, vous obtiendrez parfois $15, parfois $0.  Mais en moyenne, vous obtiendrez un peu plus que les $10 que l'on vous propose pour l'argent pair.<\/p>\n<p>Un joueur qui ne compte pas les cartes ne doit tout simplement pas prendre de pari d'assurance, m\u00eame s'il s'agit d'un pari \"\u00e0 \u00e9galit\u00e9 d'argent\".<\/p>\n<hr>\n<h2 class=\"text-center\">La reddition<\/h2>\n<p>Certains jeux offrent au joueur la possibilit\u00e9 de se coucher et de perdre la moiti\u00e9 de sa mise.  Cette option d'abandon doit \u00eatre la toute premi\u00e8re action du joueur sur la main.  En d'autres termes, vous ne pouvez pas tirer une carte et d\u00e9cider ensuite de vous retirer !<\/p>\n<p>M\u00eame lorsque le surrender est disponible, il est rarement utilis\u00e9 par les joueurs.  Souvent, les r\u00e8gles affich\u00e9es \u00e0 la table ne le mentionnent pas, m\u00eame si le casino l'autorise.  De plus, de nombreux joueurs n'aiment tout simplement pas l'id\u00e9e d'abandonner une main.  Mais pour un joueur intelligent, c'est une option utile, qui r\u00e9duit l'avantage de la maison d'environ 0,08%.<\/p>\n<p>Lorsque l'option d'abandon est disponible, assurez-vous de conna\u00eetre la bonne strat\u00e9gie pour l'utiliser.  La plupart des joueurs qui utilisent cette option abandonnent trop de mains.  Si votre jeu offre la possibilit\u00e9 de se rendre, je vous recommande de lire mon <a href=\"\/blackjack-surrender-explained\/\">explication compl\u00e8te du blackjack surrender<\/a>.<\/p>\n<p>Dans la variante la plus courante (connue sous le nom d'abandon \"tardif\"), un joueur ne peut pas abandonner avant que le croupier n'ait v\u00e9rifi\u00e9 la pr\u00e9sence d'un blackjack.  Si le croupier a un blackjack, vous perdrez la totalit\u00e9 de votre mise et n'aurez aucune chance de vous rendre pour la moiti\u00e9 du co\u00fbt.<\/p>\n<hr>\n<p class=\"left\">\u2190 Partie 3 - <a href=\"\/blackjack-rules\/player-choices\/\" rel=\"prev\">Choix des joueurs<\/a><\/p>\n<p class=\"right\">Partie 5 - <a href=\"\/blackjack-rules\/rule-variations\/\" rel=\"next\">Variations des r\u00e8gles<\/a> \u2192<\/p>","protected":false},"excerpt":{"rendered":"<p>by Kenneth R Smith Insurance Insurance in blackjack is often misunderstood by players, and is a big money-maker for casinos. Naming this side-bet &#8220;insurance&#8221; was a brilliant marketing ploy, and some otherwise solid players will frequently make this bad bet to &#8220;insure&#8221; when they have a good hand. But actually, insurance is not always a [&hellip;]<\/p>\n","protected":false},"author":2,"featured_media":0,"parent":1174,"menu_order":4,"comment_status":"open","ping_status":"open","template":"","meta":{"_acf_changed":false,"footnotes":""},"tags":[],"class_list":["post-1348","page","type-page","status-publish","hentry"],"acf":[],"yoast_head":"<!-- This site is optimized with the Yoast SEO plugin v26.6 - https:\/\/yoast.com\/wordpress\/plugins\/seo\/ -->\n<title>Blackjack Rules: Part 4 - Insurance and Surrender<\/title>\n<meta name=\"description\" content=\"We continue our explanation of the rules of casino blackjack, covering insurance, taking even money for blackjack, and also the option of surrender.\" \/>\n<meta name=\"robots\" content=\"index, follow, max-snippet:-1, max-image-preview:large, max-video-preview:-1\" \/>\n<link rel=\"canonical\" href=\"https:\/\/www.blackjackinfo.com\/fr\/regles-du-blackjack\/\" \/>\n<meta property=\"og:locale\" content=\"fr_FR\" \/>\n<meta property=\"og:type\" content=\"article\" \/>\n<meta property=\"og:title\" content=\"Blackjack Rules: Part 4 - Insurance and Surrender\" \/>\n<meta property=\"og:description\" content=\"We continue our explanation of the rules of casino blackjack, covering insurance, taking even money for blackjack, and also the option of surrender.\" \/>\n<meta property=\"og:url\" content=\"https:\/\/www.blackjackinfo.com\/fr\/regles-du-blackjack\/\" \/>\n<meta property=\"og:site_name\" content=\"BlackjackInfo.com\" \/>\n<meta property=\"article:modified_time\" content=\"2018-06-22T06:15:34+00:00\" \/>\n<meta name=\"twitter:label1\" content=\"Dur\u00e9e de lecture estim\u00e9e\" \/>\n\t<meta name=\"twitter:data1\" content=\"5 minutes\" \/>\n<script type=\"application\/ld+json\" class=\"yoast-schema-graph\">{\"@context\":\"https:\/\/schema.org\",\"@graph\":[{\"@type\":\"WebPage\",\"@id\":\"https:\/\/www.blackjackinfo.com\/blackjack-rules\/insurance-and-surrender\/\",\"url\":\"https:\/\/www.blackjackinfo.com\/blackjack-rules\/\",\"name\":\"Blackjack Rules: Part 4 - Insurance and Surrender\",\"isPartOf\":{\"@id\":\"https:\/\/www.blackjackinfo.com\/#website\"},\"datePublished\":\"2014-12-12T23:27:00+00:00\",\"dateModified\":\"2018-06-22T06:15:34+00:00\",\"description\":\"We continue our explanation of the rules of casino blackjack, covering insurance, taking even money for blackjack, and also the option of surrender.\",\"breadcrumb\":{\"@id\":\"https:\/\/www.blackjackinfo.com\/blackjack-rules\/#breadcrumb\"},\"inLanguage\":\"fr-FR\",\"potentialAction\":[{\"@type\":\"ReadAction\",\"target\":[\"https:\/\/www.blackjackinfo.com\/blackjack-rules\/\"]}]},{\"@type\":\"BreadcrumbList\",\"@id\":\"https:\/\/www.blackjackinfo.com\/blackjack-rules\/#breadcrumb\",\"itemListElement\":[{\"@type\":\"ListItem\",\"position\":1,\"name\":\"Home\",\"item\":\"https:\/\/www.blackjackinfo.com\/\"},{\"@type\":\"ListItem\",\"position\":2,\"name\":\"Casino Blackjack: Rules of the Game\",\"item\":\"https:\/\/www.blackjackinfo.com\/blackjack-rules\/\"},{\"@type\":\"ListItem\",\"position\":3,\"name\":\"Blackjack Rules: Part 4 &#8211; Insurance and Surrender\"}]},{\"@type\":\"WebSite\",\"@id\":\"https:\/\/www.blackjackinfo.com\/#website\",\"url\":\"https:\/\/www.blackjackinfo.com\/\",\"name\":\"BlackjackInfo.com\",\"description\":\"Because Winning is More Fun!\",\"potentialAction\":[{\"@type\":\"SearchAction\",\"target\":{\"@type\":\"EntryPoint\",\"urlTemplate\":\"https:\/\/www.blackjackinfo.com\/?s={search_term_string}\"},\"query-input\":{\"@type\":\"PropertyValueSpecification\",\"valueRequired\":true,\"valueName\":\"search_term_string\"}}],\"inLanguage\":\"fr-FR\"}]}<\/script>\n<!-- \/ Yoast SEO plugin. -->","yoast_head_json":{"title":"R\u00e8gles du Blackjack : Partie 4 - Assurance et abandon","description":"Nous poursuivons notre explication des r\u00e8gles du blackjack de casino, en abordant l'assurance, le fait de prendre de l'argent pour le blackjack et l'option d'abandon.","robots":{"index":"index","follow":"follow","max-snippet":"max-snippet:-1","max-image-preview":"max-image-preview:large","max-video-preview":"max-video-preview:-1"},"canonical":"https:\/\/www.blackjackinfo.com\/fr\/regles-du-blackjack\/","og_locale":"fr_FR","og_type":"article","og_title":"Blackjack Rules: Part 4 - Insurance and Surrender","og_description":"We continue our explanation of the rules of casino blackjack, covering insurance, taking even money for blackjack, and also the option of surrender.","og_url":"https:\/\/www.blackjackinfo.com\/fr\/regles-du-blackjack\/","og_site_name":"BlackjackInfo.com","article_modified_time":"2018-06-22T06:15:34+00:00","twitter_misc":{"Dur\u00e9e de lecture estim\u00e9e":"5 minutes"},"schema":{"@context":"https:\/\/schema.org","@graph":[{"@type":"WebPage","@id":"https:\/\/www.blackjackinfo.com\/blackjack-rules\/insurance-and-surrender\/","url":"https:\/\/www.blackjackinfo.com\/blackjack-rules\/","name":"R\u00e8gles du Blackjack : Partie 4 - Assurance et abandon","isPartOf":{"@id":"https:\/\/www.blackjackinfo.com\/#website"},"datePublished":"2014-12-12T23:27:00+00:00","dateModified":"2018-06-22T06:15:34+00:00","description":"Nous poursuivons notre explication des r\u00e8gles du blackjack de casino, en abordant l'assurance, le fait de prendre de l'argent pour le blackjack et l'option d'abandon.","breadcrumb":{"@id":"https:\/\/www.blackjackinfo.com\/blackjack-rules\/#breadcrumb"},"inLanguage":"fr-FR","potentialAction":[{"@type":"ReadAction","target":["https:\/\/www.blackjackinfo.com\/blackjack-rules\/"]}]},{"@type":"BreadcrumbList","@id":"https:\/\/www.blackjackinfo.com\/blackjack-rules\/#breadcrumb","itemListElement":[{"@type":"ListItem","position":1,"name":"Home","item":"https:\/\/www.blackjackinfo.com\/"},{"@type":"ListItem","position":2,"name":"Casino Blackjack: Rules of the Game","item":"https:\/\/www.blackjackinfo.com\/blackjack-rules\/"},{"@type":"ListItem","position":3,"name":"Blackjack Rules: Part 4 &#8211; Insurance and Surrender"}]},{"@type":"WebSite","@id":"https:\/\/www.blackjackinfo.com\/#website","url":"https:\/\/www.blackjackinfo.com\/","name":"BlackjackInfo.com","description":"Parce que gagner, c'est plus amusant !","potentialAction":[{"@type":"SearchAction","target":{"@type":"EntryPoint","urlTemplate":"https:\/\/www.blackjackinfo.com\/?s={search_term_string}"},"query-input":{"@type":"PropertyValueSpecification","valueRequired":true,"valueName":"search_term_string"}}],"inLanguage":"fr-FR"}]}},"_links":{"self":[{"href":"https:\/\/www.blackjackinfo.com\/fr\/wp-json\/wp\/v2\/pages\/1348","targetHints":{"allow":["GET"]}}],"collection":[{"href":"https:\/\/www.blackjackinfo.com\/fr\/wp-json\/wp\/v2\/pages"}],"about":[{"href":"https:\/\/www.blackjackinfo.com\/fr\/wp-json\/wp\/v2\/types\/page"}],"author":[{"embeddable":true,"href":"https:\/\/www.blackjackinfo.com\/fr\/wp-json\/wp\/v2\/users\/2"}],"replies":[{"embeddable":true,"href":"https:\/\/www.blackjackinfo.com\/fr\/wp-json\/wp\/v2\/comments?post=1348"}],"version-history":[{"count":15,"href":"https:\/\/www.blackjackinfo.com\/fr\/wp-json\/wp\/v2\/pages\/1348\/revisions"}],"predecessor-version":[{"id":1657,"href":"https:\/\/www.blackjackinfo.com\/fr\/wp-json\/wp\/v2\/pages\/1348\/revisions\/1657"}],"up":[{"embeddable":true,"href":"https:\/\/www.blackjackinfo.com\/fr\/wp-json\/wp\/v2\/pages\/1174"}],"wp:attachment":[{"href":"https:\/\/www.blackjackinfo.com\/fr\/wp-json\/wp\/v2\/media?parent=1348"}],"wp:term":[{"taxonomy":"post_tag","embeddable":true,"href":"https:\/\/www.blackjackinfo.com\/fr\/wp-json\/wp\/v2\/tags?post=1348"}],"curies":[{"name":"wp","href":"https:\/\/api.w.org\/{rel}","templated":true}]}}