{"id":1367,"date":"2014-12-13T11:18:06","date_gmt":"2014-12-13T17:18:06","guid":{"rendered":"http:\/\/test.blackjackinfo.com\/?page_id=1367"},"modified":"2018-09-06T00:54:44","modified_gmt":"2018-09-06T05:54:44","slug":"introduction-aux-tournois","status":"publish","type":"page","link":"https:\/\/www.blackjackinfo.com\/fr\/blackjack-tournaments\/introduction-to-tournaments\/","title":{"rendered":"Introduction aux tournois de blackjack"},"content":{"rendered":"<div class=\"bji-byline\">par <a href=\"\/ken-smith\/\">Kenneth R Smith<\/a>.<\/div>\n<h2>Qu'est-ce qu'un tournoi de blackjack ?<\/h2>\n<p class=\"intro\">Contrairement au jeu de blackjack normal du casino, dans un tournoi de blackjack, vous \u00eates en comp\u00e9tition avec les autres joueurs. Bien que chaque joueur gagne ou perde contre le croupier, votre v\u00e9ritable objectif est de terminer avec plus de jetons que les autres joueurs de la table.<\/p>\n<p>Un tournoi de blackjack typique consiste en plusieurs tours de jeu courts, avec des tables d'environ 6 joueurs qui s'affrontent \u00e0 chaque tour. Il s'agit g\u00e9n\u00e9ralement d'un format d'\u00e9limination, dans lequel seuls 1 ou 2 joueurs de chaque table acc\u00e8dent au tour suivant.<\/p>\n<p>Chaque tour se compose d'un nombre d\u00e9termin\u00e9 de mains et les joueurs commencent le tour avec un nombre \u00e9gal de jetons. \u00c0 la fin du tour, le ou les joueurs ayant le bankroll le plus \u00e9lev\u00e9 acc\u00e8dent au tour suivant. Un tour typique dure entre 15 et 30 mains. Certains tournois utilisent des jetons en argent r\u00e9el, tandis que d'autres sont jou\u00e9s avec des jetons de tournoi non n\u00e9gociables sans valeur mon\u00e9taire.<\/p>\n<p>Au lieu que le croupier commence toujours \u00e0 distribuer \u00e0 la premi\u00e8re place, un bouton est plac\u00e9 sur la table devant un joueur pour lui indiquer qu'il est la \"premi\u00e8re base\" pour cette main. Le bouton se d\u00e9place ensuite cons\u00e9cutivement autour de la table \u00e0 chaque main qui passe. Il s'agit d'un point important car l'ordre des mises et du jeu tourne avec le bouton, et les joueurs qui doivent miser et agir t\u00f4t sur une main donn\u00e9e sont d\u00e9savantag\u00e9s.<\/p>\n<p>La plupart des tournois se composent de 3 \u00e0 5 tours d'\u00e9limination. Dans un format typique, 2 joueurs de chaque table de 6 se qualifient pour le premier tour, 1 joueur de chaque table de 6 se qualifie pour le deuxi\u00e8me tour, puis la table finale. Ce format avec 6 joueurs \u00e0 la table finale permettrait 108 entr\u00e9es \u00e0 18 tables du premier tour. Souvent, dans les petits tournois, le premier tour est divis\u00e9 en plusieurs tours de qualification, de sorte que si vous n'avancez pas, vous pouvez vous r\u00e9inscrire pour une autre place au premier tour.<\/p>\n<h2 class=\"text-center\">Pourquoi participer \u00e0 un tournoi de blackjack ?<\/h2>\n<p>La cagnotte d'un tournoi repr\u00e9sente g\u00e9n\u00e9ralement 100% des droits d'entr\u00e9e pay\u00e9s par les joueurs. Cela signifie que le casino n'a aucun avantage sur les joueurs du tournoi. En effet, un joueur habile peut avoir un avantage consid\u00e9rable sur les autres joueurs si ces derniers sont moins exp\u00e9riment\u00e9s en mati\u00e8re de strat\u00e9gie de tournoi. De nombreux casinos garantissent les prix m\u00eame si le tournoi ne fait pas le plein d'inscriptions. Dans ce cas, le casino paie litt\u00e9ralement les joueurs pour qu'ils participent au tournoi ! Du point de vue du casino, il s'agit d'une bonne op\u00e9ration de marketing, puisqu'il attire de nouveaux joueurs aux tables entre les tournois.<\/p>\n<p>\u00c9tant donn\u00e9 que les tournois les plus importants proposent souvent des tarifs sp\u00e9ciaux pour les chambres et de la nourriture gratuite, vous pouvez \u00e9conomiser de l'argent sur vos vacances \u00e0 Vegas en les organisant autour d'un tournoi. Si vous vous rendez de toute fa\u00e7on dans un casino, le fait de faire co\u00efncider votre voyage avec un tournoi peut vous permettre d'\u00e9conomiser de l'argent et vous donner l'occasion de jouer pour un gros lot avec un risque minimal.<\/p>\n<h2 class=\"text-center\">Quels sont les prix habituels ?<\/h2>\n<p>Comme vous pouvez vous y attendre, les prix varient consid\u00e9rablement. Les petits tournois peuvent avoir un droit d'entr\u00e9e de $10, et payer $500 ou $1000 pour la premi\u00e8re place. La plupart des tournois offrent au moins 6 places. Les tournois plus importants peuvent avoir un droit d'entr\u00e9e de $300-$500, avec un paiement plus important en cons\u00e9quence. Les \u00e9v\u00e9nements les plus importants ont des droits d'entr\u00e9e de $1000 ou plus et proposent parfois des cagnottes de plus d'un million de dollars.<\/p>\n<h2 class=\"text-center\">O\u00f9 pouvez-vous obtenir plus d'informations ?<\/h2>\n<p>Visitez notre site s\u0153ur <a href=\"https:\/\/www.blackjacktournaments.com\/\">BlackjackTournaments.com<\/a> o\u00f9 le calendrier gratuit des tournois de blackjack \u00e0 venir comprend litt\u00e9ralement des milliers d'\u00e9v\u00e9nements dans tout le pays.<\/p>\n<hr \/>\n<p>Pour plus d'articles sur les tournois de blackjack et la strat\u00e9gie de tournoi, vous pouvez :<br \/>\nRetourner \u00e0 la <a href=\"\/blackjack-tournaments\/\">Section des tournois de blackjack<\/a>ou<br \/>\nPasser \u00e0 l'article suivant <a href=\"\/blackjack-tournaments\/tournament-strategy-basics\/\">Concepts de base de la strat\u00e9gie de tournoi<\/a>.<\/p>","protected":false},"excerpt":{"rendered":"<p>by Kenneth R Smith. What is a blackjack tournament? Unlike normal casino blackjack play, in a blackjack tournament you are competing against your fellow players. While each of the players still wins or loses against the dealer, your real goal is to finish with more chips than the other players at the table. A typical [&hellip;]<\/p>\n","protected":false},"author":2,"featured_media":0,"parent":1052,"menu_order":1,"comment_status":"open","ping_status":"closed","template":"page-with-sidebar.php","meta":{"_acf_changed":false,"footnotes":""},"tags":[],"class_list":["post-1367","page","type-page","status-publish","hentry"],"acf":[],"yoast_head":"<!-- This site is optimized with the Yoast SEO plugin v26.6 - https:\/\/yoast.com\/wordpress\/plugins\/seo\/ -->\n<title>Introduction to Blackjack Tournaments<\/title>\n<meta name=\"description\" content=\"An explanation of how blackjack tournaments work, including the typical format and rules.\" \/>\n<meta name=\"robots\" content=\"index, follow, max-snippet:-1, max-image-preview:large, max-video-preview:-1\" \/>\n<link rel=\"canonical\" href=\"https:\/\/www.blackjackinfo.com\/fr\/tournois-de-blackjack\/introduction-aux-tournois\/\" \/>\n<meta property=\"og:locale\" content=\"fr_FR\" \/>\n<meta property=\"og:type\" content=\"article\" \/>\n<meta property=\"og:title\" content=\"Introduction to Blackjack Tournaments\" \/>\n<meta property=\"og:description\" content=\"An explanation of how blackjack tournaments work, including the typical format and rules.\" \/>\n<meta property=\"og:url\" content=\"https:\/\/www.blackjackinfo.com\/fr\/tournois-de-blackjack\/introduction-aux-tournois\/\" \/>\n<meta property=\"og:site_name\" content=\"BlackjackInfo.com\" \/>\n<meta property=\"article:modified_time\" content=\"2018-09-06T05:54:44+00:00\" \/>\n<meta name=\"twitter:label1\" content=\"Dur\u00e9e de lecture estim\u00e9e\" \/>\n\t<meta name=\"twitter:data1\" content=\"3 minutes\" \/>\n<script type=\"application\/ld+json\" class=\"yoast-schema-graph\">{\"@context\":\"https:\/\/schema.org\",\"@graph\":[{\"@type\":\"WebPage\",\"@id\":\"https:\/\/www.blackjackinfo.com\/blackjack-tournaments\/introduction-to-tournaments\/\",\"url\":\"https:\/\/www.blackjackinfo.com\/blackjack-tournaments\/introduction-to-tournaments\/\",\"name\":\"Introduction to Blackjack Tournaments\",\"isPartOf\":{\"@id\":\"https:\/\/www.blackjackinfo.com\/#website\"},\"datePublished\":\"2014-12-13T17:18:06+00:00\",\"dateModified\":\"2018-09-06T05:54:44+00:00\",\"description\":\"An explanation of how blackjack tournaments work, including the typical format and rules.\",\"breadcrumb\":{\"@id\":\"https:\/\/www.blackjackinfo.com\/blackjack-tournaments\/introduction-to-tournaments\/#breadcrumb\"},\"inLanguage\":\"fr-FR\",\"potentialAction\":[{\"@type\":\"ReadAction\",\"target\":[\"https:\/\/www.blackjackinfo.com\/blackjack-tournaments\/introduction-to-tournaments\/\"]}]},{\"@type\":\"BreadcrumbList\",\"@id\":\"https:\/\/www.blackjackinfo.com\/blackjack-tournaments\/introduction-to-tournaments\/#breadcrumb\",\"itemListElement\":[{\"@type\":\"ListItem\",\"position\":1,\"name\":\"Home\",\"item\":\"https:\/\/www.blackjackinfo.com\/\"},{\"@type\":\"ListItem\",\"position\":2,\"name\":\"Blackjack Tournament Strategy\",\"item\":\"https:\/\/www.blackjackinfo.com\/blackjack-tournaments\/\"},{\"@type\":\"ListItem\",\"position\":3,\"name\":\"Introduction to Blackjack Tournaments\"}]},{\"@type\":\"WebSite\",\"@id\":\"https:\/\/www.blackjackinfo.com\/#website\",\"url\":\"https:\/\/www.blackjackinfo.com\/\",\"name\":\"BlackjackInfo.com\",\"description\":\"Because Winning is More Fun!\",\"potentialAction\":[{\"@type\":\"SearchAction\",\"target\":{\"@type\":\"EntryPoint\",\"urlTemplate\":\"https:\/\/www.blackjackinfo.com\/?s={search_term_string}\"},\"query-input\":{\"@type\":\"PropertyValueSpecification\",\"valueRequired\":true,\"valueName\":\"search_term_string\"}}],\"inLanguage\":\"fr-FR\"}]}<\/script>\n<!-- \/ Yoast SEO plugin. -->","yoast_head_json":{"title":"Introduction aux tournois de blackjack","description":"Explication du fonctionnement des tournois de blackjack, y compris le format et les r\u00e8gles typiques.","robots":{"index":"index","follow":"follow","max-snippet":"max-snippet:-1","max-image-preview":"max-image-preview:large","max-video-preview":"max-video-preview:-1"},"canonical":"https:\/\/www.blackjackinfo.com\/fr\/tournois-de-blackjack\/introduction-aux-tournois\/","og_locale":"fr_FR","og_type":"article","og_title":"Introduction to Blackjack Tournaments","og_description":"An explanation of how blackjack tournaments work, including the typical format and rules.","og_url":"https:\/\/www.blackjackinfo.com\/fr\/tournois-de-blackjack\/introduction-aux-tournois\/","og_site_name":"BlackjackInfo.com","article_modified_time":"2018-09-06T05:54:44+00:00","twitter_misc":{"Dur\u00e9e de lecture estim\u00e9e":"3 minutes"},"schema":{"@context":"https:\/\/schema.org","@graph":[{"@type":"WebPage","@id":"https:\/\/www.blackjackinfo.com\/blackjack-tournaments\/introduction-to-tournaments\/","url":"https:\/\/www.blackjackinfo.com\/blackjack-tournaments\/introduction-to-tournaments\/","name":"Introduction aux tournois de blackjack","isPartOf":{"@id":"https:\/\/www.blackjackinfo.com\/#website"},"datePublished":"2014-12-13T17:18:06+00:00","dateModified":"2018-09-06T05:54:44+00:00","description":"Explication du fonctionnement des tournois de blackjack, y compris le format et les r\u00e8gles typiques.","breadcrumb":{"@id":"https:\/\/www.blackjackinfo.com\/blackjack-tournaments\/introduction-to-tournaments\/#breadcrumb"},"inLanguage":"fr-FR","potentialAction":[{"@type":"ReadAction","target":["https:\/\/www.blackjackinfo.com\/blackjack-tournaments\/introduction-to-tournaments\/"]}]},{"@type":"BreadcrumbList","@id":"https:\/\/www.blackjackinfo.com\/blackjack-tournaments\/introduction-to-tournaments\/#breadcrumb","itemListElement":[{"@type":"ListItem","position":1,"name":"Home","item":"https:\/\/www.blackjackinfo.com\/"},{"@type":"ListItem","position":2,"name":"Blackjack Tournament Strategy","item":"https:\/\/www.blackjackinfo.com\/blackjack-tournaments\/"},{"@type":"ListItem","position":3,"name":"Introduction to Blackjack Tournaments"}]},{"@type":"WebSite","@id":"https:\/\/www.blackjackinfo.com\/#website","url":"https:\/\/www.blackjackinfo.com\/","name":"BlackjackInfo.com","description":"Parce que gagner, c'est plus amusant !","potentialAction":[{"@type":"SearchAction","target":{"@type":"EntryPoint","urlTemplate":"https:\/\/www.blackjackinfo.com\/?s={search_term_string}"},"query-input":{"@type":"PropertyValueSpecification","valueRequired":true,"valueName":"search_term_string"}}],"inLanguage":"fr-FR"}]}},"_links":{"self":[{"href":"https:\/\/www.blackjackinfo.com\/fr\/wp-json\/wp\/v2\/pages\/1367","targetHints":{"allow":["GET"]}}],"collection":[{"href":"https:\/\/www.blackjackinfo.com\/fr\/wp-json\/wp\/v2\/pages"}],"about":[{"href":"https:\/\/www.blackjackinfo.com\/fr\/wp-json\/wp\/v2\/types\/page"}],"author":[{"embeddable":true,"href":"https:\/\/www.blackjackinfo.com\/fr\/wp-json\/wp\/v2\/users\/2"}],"replies":[{"embeddable":true,"href":"https:\/\/www.blackjackinfo.com\/fr\/wp-json\/wp\/v2\/comments?post=1367"}],"version-history":[{"count":10,"href":"https:\/\/www.blackjackinfo.com\/fr\/wp-json\/wp\/v2\/pages\/1367\/revisions"}],"predecessor-version":[{"id":5233,"href":"https:\/\/www.blackjackinfo.com\/fr\/wp-json\/wp\/v2\/pages\/1367\/revisions\/5233"}],"up":[{"embeddable":true,"href":"https:\/\/www.blackjackinfo.com\/fr\/wp-json\/wp\/v2\/pages\/1052"}],"wp:attachment":[{"href":"https:\/\/www.blackjackinfo.com\/fr\/wp-json\/wp\/v2\/media?parent=1367"}],"wp:term":[{"taxonomy":"post_tag","embeddable":true,"href":"https:\/\/www.blackjackinfo.com\/fr\/wp-json\/wp\/v2\/tags?post=1367"}],"curies":[{"name":"wp","href":"https:\/\/api.w.org\/{rel}","templated":true}]}}