{"id":1374,"date":"2014-12-13T11:30:22","date_gmt":"2014-12-13T17:30:22","guid":{"rendered":"http:\/\/test.blackjackinfo.com\/?page_id=1374"},"modified":"2018-09-06T01:23:39","modified_gmt":"2018-09-06T06:23:39","slug":"les-bases-de-la-strategie-de-tournoi","status":"publish","type":"page","link":"https:\/\/www.blackjackinfo.com\/fr\/blackjack-tournaments\/tournament-strategy-basics\/","title":{"rendered":"Les bases de la strat\u00e9gie du tournoi de blackjack"},"content":{"rendered":"<div class=\"bji-byline\">par <a href=\"\/ken-smith\/\">Kenneth R Smith<\/a>.<\/div>\n<p class=\"intro\">Au blackjack en tournoi, le fait d'avoir quelques connaissances sur la strat\u00e9gie de tournoi peut consid\u00e9rablement am\u00e9liorer vos chances de r\u00e9ussite. Dans cet article, nous allons examiner les principes g\u00e9n\u00e9raux qui forment les id\u00e9es les plus importantes de la strat\u00e9gie de tournoi. Ces concepts vous donneront un avantage consid\u00e9rable sur la plupart de vos adversaires, et ils sont suffisamment simples pour que vous n'ayez pas besoin d'\u00e9tudier pour les utiliser.<\/p>\n<h2 class=\"text-center\">Risques et r\u00e9compenses<\/h2>\n<p>Comme pour la plupart des types de jeux d'argent, une strat\u00e9gie de tournoi efficace repose sur la gestion des risques. Pour gagner une table, vous devrez g\u00e9n\u00e9ralement risquer une grande partie de votre bankroll \u00e0 un moment ou \u00e0 un autre. La cl\u00e9 du succ\u00e8s \u00e0 long terme est de s'assurer que vous obtenez la pleine valeur pour chaque gros pari que vous faites. S'il y a un processus de r\u00e9flexion qui est important pour chaque d\u00e9cision que vous prenez \u00e0 une table de tournoi, c'est bien celui-l\u00e0. Pesez le risque et la r\u00e9compense de vos choix. Si vous pensez constamment en ces termes, vous pouvez \u00e9valuer la valeur des diff\u00e9rentes strat\u00e9gies en fonction de votre situation actuelle \u00e0 la table.<\/p>\n<h2 class=\"text-center\">Des r\u00e9sultats similaires<\/h2>\n<p>L'une des caract\u00e9ristiques des tournois de blackjack est que tous les joueurs affrontent le m\u00eame croupier. Cela signifie que les joueurs ont g\u00e9n\u00e9ralement tendance \u00e0 obtenir des r\u00e9sultats similaires sur n'importe quelle main. Si le croupier tire un blackjack, toute la table est susceptible d'obtenir le m\u00eame r\u00e9sultat, \u00e0 savoir une perte. Bien qu'il soit possible (et souvent n\u00e9cessaire !) de gagner du terrain en ayant de meilleures cartes que l'un de vos adversaires, il est beaucoup plus facile de gagner du terrain en misant et en jouant votre main diff\u00e9remment de cet adversaire.<\/p>\n<h2 class=\"text-center\">Strat\u00e9gie de base<\/h2>\n<p>Conna\u00eetre une strat\u00e9gie de base correcte est important pour r\u00e9ussir en tournoi, mais vous serez peut-\u00eatre surpris d'apprendre qu'il ne s'agit pas d'un facteur important pour la plupart de vos mains. Si vous limitez les risques en misant peu sur la plupart des mains, les erreurs sur ces mains ne seront pas tr\u00e8s importantes. Cependant, jouer vos grosses mises de fa\u00e7on incorrecte peut \u00eatre une erreur co\u00fbteuse, c'est pourquoi une strat\u00e9gie de base solide compl\u00e8te notre tierc\u00e9 de concepts sur les tournois. Voici \"Risque et r\u00e9compense, r\u00e9sultats similaires et strat\u00e9gie de base\".<\/p>\n<p>Voyons maintenant comment appliquer ces id\u00e9es \u00e0 la table. Ces exemples supposent que vous jouez un tour typique de type \u00e9liminatoire, en vous mesurant uniquement aux autres joueurs de votre table.<\/p>\n<p>Une fois que vous n'avez plus de jetons pendant un tour de tournoi, c'est termin\u00e9. Vous ne pouvez pas acheter d'autres jetons pour avoir une seconde chance.<\/p>\n<h2 class=\"text-center\">Pr\u00e9servez votre bankroll d\u00e8s le d\u00e9but, mais prenez des risques lorsque c'est n\u00e9cessaire<\/h2>\n<p>La gestion des risques commence par la taille des mises. Les petites mises r\u00e9duisent, voire \u00e9liminent, votre risque de ruine \u00e0 la table du tournoi. Une fois que vous n'avez plus de jetons pendant un tour de tournoi, c'est fini. Vous ne pouvez pas acheter d'autres jetons pour avoir une seconde chance. Cela signifie que vous devez choisir vos batailles avec sagesse. Il y a quelques ann\u00e9es, lorsque la plupart des concurrents d\u00e9couvraient les tournois, une strat\u00e9gie de mise minimale conservatrice vous garantissait presque toujours une bonne chance d'aborder les derni\u00e8res mains d'une table en t\u00eate ou au moins en deuxi\u00e8me ou troisi\u00e8me position en termes de nombre de jetons. \u00c0 l'\u00e9poque, de nombreux joueurs pensaient que le seul moyen de r\u00e9ussir en tournoi \u00e9tait de faire beaucoup de grosses mises et d'accumuler une montagne de jetons. Si ces joueurs r\u00e9ussissaient parfois, ils se cassaient la figure beaucoup plus souvent. Les joueurs qui pr\u00e9servaient leur bankroll initial jusqu'\u00e0 la derni\u00e8re dizaine de mains \u00e9taient les grands favoris de ces \u00e9v\u00e9nements. Bien qu'il soit difficile de rattraper ces gros parieurs \u00e0 la fin, il n'\u00e9tait pas rare non plus de gagner une table par d\u00e9faut lorsque le croupier \u00e9tait chaud et qu'il avait \u00e9limin\u00e9 tout le monde avant m\u00eame la fin du tour. Une grande partie de mes premiers succ\u00e8s en tournoi \u00e9tait attribuable \u00e0 cette approche simpliste. Misez peu jusqu'\u00e0 la fin, puis misez suffisamment pour rattraper les leaders s'il y en a.<\/p>\n<p>Les temps ont beaucoup chang\u00e9, les joueurs de tournois \u00e9tant devenus beaucoup plus sophistiqu\u00e9s. Lorsque de nombreux joueurs ont commenc\u00e9 \u00e0 imiter cette approche timide, son efficacit\u00e9 a fortement diminu\u00e9. Dans le jeu actuel, je base souvent ma d\u00e9cision strat\u00e9gique sur la timidit\u00e9 ou l'audace de mes adversaires. Si toute la table fait de petites mises, il est souvent sage de faire une grosse mise t\u00f4t. Cependant, si j'ai quelques parieurs fous \u00e0 la table, je suis tout \u00e0 fait dispos\u00e9 \u00e0 utiliser la m\u00eame approche simpliste que celle que j'utilisais avec succ\u00e8s il y a des ann\u00e9es.<\/p>\n<p>Miser juste ce qu'il faut pour faire le travail maximise la valeur des jetons que vous risquez.<\/p>\n<p>De nos jours, l'approche hybride, o\u00f9 la gestion des risques commence \u00e0 briller, est beaucoup plus courante. En effectuant principalement des petites mises et en choisissant des opportunit\u00e9s de grosses mises, vous pouvez lutter efficacement contre les deux styles de joueurs. Comme la plupart des tables ont un m\u00e9lange de parieurs agressifs et de parieurs minimes, cela vous permet de choisir soigneusement les mains o\u00f9 une grosse mise sera la plus efficace. En milieu de tour, j'attends g\u00e9n\u00e9ralement que le bouton ait pass\u00e9 ma place, afin de voir les mises de tous mes concurrents avant de choisir la taille de ma mise. Cela me permet de miser assez pr\u00e9cis\u00e9ment pour prendre l'avantage, sans risquer de jetons suppl\u00e9mentaires. L'id\u00e9e est simple : Miser juste ce qu'il faut pour faire le travail maximise la valeur des jetons que vous risquez. Chaque fois que vous d\u00e9cidez de faire un mouvement substantiel, n'oubliez pas le deuxi\u00e8me concept cl\u00e9, \u00e0 savoir que les r\u00e9sultats de tous les joueurs sont g\u00e9n\u00e9ralement similaires. Si vous misez suffisamment pour atteindre votre objectif m\u00eame si votre adversaire remporte \u00e9galement sa mise, votre mise est probablement bien dimensionn\u00e9e. Il y a des exceptions, en particulier lorsque vous \u00eates \u00e0 la tra\u00eene des leaders en jetons. En g\u00e9n\u00e9ral, cependant, miser suffisamment pour prendre la t\u00eate si le croupier paie toute la table est votre meilleur plan.<\/p>\n<p>Une fois en t\u00eate, vous devez toujours vous rappeler que les r\u00e9sultats similaires sont la r\u00e8gle. Si vous faites des mises minimales en tant que leader, vous donnez \u00e0 tous vos adversaires la possibilit\u00e9 de vous d\u00e9passer. Essayez plut\u00f4t de marginaliser leurs mises en misant un montant similaire. Bien que vous soyez souvent victime de mauvaises cartes et que vous voyiez vos adversaires vous d\u00e9passer en cons\u00e9quence, risquer une mise de taille moyenne pour \u00e9galer les joueurs qui vous suivent est la meilleure strat\u00e9gie.<\/p>\n<p>Choisir ses batailles signifie ne pas placer de grosses mises \u00e0 moins d'avoir une bonne raison de le faire. Les joueurs qui ont l'habitude de miser des montants moyens sur la plupart des mains r\u00e9duisent consid\u00e9rablement leurs chances de r\u00e9ussite. Ces mises, prises individuellement, ne peuvent pas faire grand-chose, mais leur effet cumulatif sur le risque de ruine est consid\u00e9rable. J'ai tendance \u00e0 \u00eatre un joueur d'extr\u00eames. Vous me verrez g\u00e9n\u00e9ralement faire de tr\u00e8s petites ou de tr\u00e8s grosses mises. Si je place une mise de taille moyenne, c'est pour l'une des deux raisons suivantes : Soit je suis en t\u00eate et je marginalise les mises de mon adversaire, soit une mise moyenne est suffisante pour atteindre mon objectif imm\u00e9diat, et il s'agit donc en fait d'une sorte de grosse mise.<\/p>\n<p>Consid\u00e9rez une situation o\u00f9 vous \u00eates \u00e0 la tra\u00eene avec une mise maximale presque compl\u00e8te. Si le meneur a fait une petite mise, vous devriez consid\u00e9rer le risque et la r\u00e9compense de faire une mise maximale sur cette main pour prendre la t\u00eate. Vous risquez probablement la majeure partie de votre bankroll, mais la r\u00e9compense peut \u00eatre substantielle. En fonction du nombre de mains restantes dans le tour, il peut s'agir de la derni\u00e8re opportunit\u00e9 de reprendre la t\u00eate avec une seule mise. Si vous d\u00e9cidez que le moment est venu de prendre ce risque, d\u00e9terminez combien vous devez r\u00e9ellement miser pour atteindre l'objectif de devenir chip leader. Vous n'aurez peut-\u00eatre pas besoin d'effectuer une mise maximale. Si possible, misez suffisamment pour prendre la t\u00eate si le meneur remporte \u00e9galement sa petite mise, ou peut-\u00eatre m\u00eame un double down. L'id\u00e9e principale ici est de ne pas faire une mise moyenne et d'esp\u00e9rer y arriver progressivement. Si vous devez prendre la t\u00eate, faites-le en une seule main si possible. Il peut sembler paradoxal que minimiser le risque signifie risquer l'int\u00e9gralit\u00e9 de votre bankroll sur une seule main. Mais un gros risque r\u00e9ussi peut \u00e9liminer la n\u00e9cessit\u00e9 de prendre de nombreux risques moyens.<\/p>\n<p>Le conseil de ne pas risquer de jetons suppl\u00e9mentaires a une exception commune. Chaque fois que vous risquez tellement dans un pari que vos jetons restants seraient inefficaces si vous perdiez le pari, vous devriez faire tapis. En d'autres termes, si vous \u00eates en fin de tour et que vous devez miser $350 de votre bankroll de $400 pour prendre la t\u00eate, vous devriez probablement miser $400 \u00e0 la place. Sinon, les $50 qu'il vous reste sont probablement de l'argent mort. Faire tapis a ses inconv\u00e9nients puisque vous ne pouvez pas partager, mais si vous avez besoin de gagner un montant sup\u00e9rieur \u00e0 la moiti\u00e9 de votre bankroll, vous feriez mieux d'essayer de le faire avec une seule mise plut\u00f4t que d'esp\u00e9rer une bonne main double ou partag\u00e9e.<\/p>\n<p>Ces id\u00e9es contribueront grandement \u00e0 assurer le succ\u00e8s \u00e0 long terme des tournois. La plupart des tournois se gagnent avec les bases et un peu de chance.<\/p>\n<p>J'esp\u00e8re vous voir en finale, -Ken-.<\/p>\n<hr \/>\n<p>Pour plus d'articles sur les tournois de blackjack et la strat\u00e9gie de tournoi, vous pouvez :<br \/>\nRetourner \u00e0 la <a href=\"\/blackjack-tournaments\/\">Section des tournois de blackjack<\/a>ou<br \/>\nPasser \u00e0 l'article suivant <a href=\"\/blackjack-tournaments\/tournament-position\/\">La position, un \u00e9l\u00e9ment essentiel de la strat\u00e9gie du tournoi de blackjack<\/a>.<\/p>","protected":false},"excerpt":{"rendered":"<p>by Kenneth R Smith. In tournament blackjack, having just a little knowledge about tournament strategy can dramatically improve your chances of success. In this article, we&#8217;ll look at the general principles that form the most important ideas in tournament strategy. These concepts will give you a big edge over most opponents, and they&#8217;re simple enough [&hellip;]<\/p>\n","protected":false},"author":2,"featured_media":0,"parent":1052,"menu_order":2,"comment_status":"open","ping_status":"closed","template":"page-with-sidebar.php","meta":{"_acf_changed":false,"footnotes":""},"tags":[],"class_list":["post-1374","page","type-page","status-publish","hentry"],"acf":[],"yoast_head":"<!-- This site is optimized with the Yoast SEO plugin v26.6 - https:\/\/yoast.com\/wordpress\/plugins\/seo\/ -->\n<title>Blackjack Tournament Strategy Basics<\/title>\n<meta name=\"description\" content=\"Understanding just a few concepts can make a big difference in your success in blackjack tournaments. Ken Smith explains a few powerful key ideas.\" \/>\n<meta name=\"robots\" content=\"index, follow, max-snippet:-1, max-image-preview:large, max-video-preview:-1\" \/>\n<link rel=\"canonical\" href=\"https:\/\/www.blackjackinfo.com\/fr\/tournois-de-blackjack\/les-bases-de-la-strategie-de-tournoi\/\" \/>\n<meta property=\"og:locale\" content=\"fr_FR\" \/>\n<meta property=\"og:type\" content=\"article\" \/>\n<meta property=\"og:title\" content=\"Blackjack Tournament Strategy Basics\" \/>\n<meta property=\"og:description\" content=\"Understanding just a few concepts can make a big difference in your success in blackjack tournaments. Ken Smith explains a few powerful key ideas.\" \/>\n<meta property=\"og:url\" content=\"https:\/\/www.blackjackinfo.com\/fr\/tournois-de-blackjack\/les-bases-de-la-strategie-de-tournoi\/\" \/>\n<meta property=\"og:site_name\" content=\"BlackjackInfo.com\" \/>\n<meta property=\"article:modified_time\" content=\"2018-09-06T06:23:39+00:00\" \/>\n<meta name=\"twitter:label1\" content=\"Dur\u00e9e de lecture estim\u00e9e\" \/>\n\t<meta name=\"twitter:data1\" content=\"8 minutes\" \/>\n<script type=\"application\/ld+json\" class=\"yoast-schema-graph\">{\"@context\":\"https:\/\/schema.org\",\"@graph\":[{\"@type\":\"WebPage\",\"@id\":\"https:\/\/www.blackjackinfo.com\/blackjack-tournaments\/tournament-strategy-basics\/\",\"url\":\"https:\/\/www.blackjackinfo.com\/blackjack-tournaments\/tournament-strategy-basics\/\",\"name\":\"Blackjack Tournament Strategy Basics\",\"isPartOf\":{\"@id\":\"https:\/\/www.blackjackinfo.com\/#website\"},\"datePublished\":\"2014-12-13T17:30:22+00:00\",\"dateModified\":\"2018-09-06T06:23:39+00:00\",\"description\":\"Understanding just a few concepts can make a big difference in your success in blackjack tournaments. Ken Smith explains a few powerful key ideas.\",\"breadcrumb\":{\"@id\":\"https:\/\/www.blackjackinfo.com\/blackjack-tournaments\/tournament-strategy-basics\/#breadcrumb\"},\"inLanguage\":\"fr-FR\",\"potentialAction\":[{\"@type\":\"ReadAction\",\"target\":[\"https:\/\/www.blackjackinfo.com\/blackjack-tournaments\/tournament-strategy-basics\/\"]}]},{\"@type\":\"BreadcrumbList\",\"@id\":\"https:\/\/www.blackjackinfo.com\/blackjack-tournaments\/tournament-strategy-basics\/#breadcrumb\",\"itemListElement\":[{\"@type\":\"ListItem\",\"position\":1,\"name\":\"Home\",\"item\":\"https:\/\/www.blackjackinfo.com\/\"},{\"@type\":\"ListItem\",\"position\":2,\"name\":\"Blackjack Tournament Strategy\",\"item\":\"https:\/\/www.blackjackinfo.com\/blackjack-tournaments\/\"},{\"@type\":\"ListItem\",\"position\":3,\"name\":\"Blackjack Tournament Strategy Basics\"}]},{\"@type\":\"WebSite\",\"@id\":\"https:\/\/www.blackjackinfo.com\/#website\",\"url\":\"https:\/\/www.blackjackinfo.com\/\",\"name\":\"BlackjackInfo.com\",\"description\":\"Because Winning is More Fun!\",\"potentialAction\":[{\"@type\":\"SearchAction\",\"target\":{\"@type\":\"EntryPoint\",\"urlTemplate\":\"https:\/\/www.blackjackinfo.com\/?s={search_term_string}\"},\"query-input\":{\"@type\":\"PropertyValueSpecification\",\"valueRequired\":true,\"valueName\":\"search_term_string\"}}],\"inLanguage\":\"fr-FR\"}]}<\/script>\n<!-- \/ Yoast SEO plugin. -->","yoast_head_json":{"title":"Les bases de la strat\u00e9gie du tournoi de blackjack","description":"La compr\u00e9hension de quelques concepts peut faire une grande diff\u00e9rence dans votre r\u00e9ussite aux tournois de blackjack. Ken Smith explique quelques id\u00e9es cl\u00e9s puissantes.","robots":{"index":"index","follow":"follow","max-snippet":"max-snippet:-1","max-image-preview":"max-image-preview:large","max-video-preview":"max-video-preview:-1"},"canonical":"https:\/\/www.blackjackinfo.com\/fr\/tournois-de-blackjack\/les-bases-de-la-strategie-de-tournoi\/","og_locale":"fr_FR","og_type":"article","og_title":"Blackjack Tournament Strategy Basics","og_description":"Understanding just a few concepts can make a big difference in your success in blackjack tournaments. Ken Smith explains a few powerful key ideas.","og_url":"https:\/\/www.blackjackinfo.com\/fr\/tournois-de-blackjack\/les-bases-de-la-strategie-de-tournoi\/","og_site_name":"BlackjackInfo.com","article_modified_time":"2018-09-06T06:23:39+00:00","twitter_misc":{"Dur\u00e9e de lecture estim\u00e9e":"8 minutes"},"schema":{"@context":"https:\/\/schema.org","@graph":[{"@type":"WebPage","@id":"https:\/\/www.blackjackinfo.com\/blackjack-tournaments\/tournament-strategy-basics\/","url":"https:\/\/www.blackjackinfo.com\/blackjack-tournaments\/tournament-strategy-basics\/","name":"Les bases de la strat\u00e9gie du tournoi de blackjack","isPartOf":{"@id":"https:\/\/www.blackjackinfo.com\/#website"},"datePublished":"2014-12-13T17:30:22+00:00","dateModified":"2018-09-06T06:23:39+00:00","description":"La compr\u00e9hension de quelques concepts peut faire une grande diff\u00e9rence dans votre r\u00e9ussite aux tournois de blackjack. Ken Smith explique quelques id\u00e9es cl\u00e9s puissantes.","breadcrumb":{"@id":"https:\/\/www.blackjackinfo.com\/blackjack-tournaments\/tournament-strategy-basics\/#breadcrumb"},"inLanguage":"fr-FR","potentialAction":[{"@type":"ReadAction","target":["https:\/\/www.blackjackinfo.com\/blackjack-tournaments\/tournament-strategy-basics\/"]}]},{"@type":"BreadcrumbList","@id":"https:\/\/www.blackjackinfo.com\/blackjack-tournaments\/tournament-strategy-basics\/#breadcrumb","itemListElement":[{"@type":"ListItem","position":1,"name":"Home","item":"https:\/\/www.blackjackinfo.com\/"},{"@type":"ListItem","position":2,"name":"Blackjack Tournament Strategy","item":"https:\/\/www.blackjackinfo.com\/blackjack-tournaments\/"},{"@type":"ListItem","position":3,"name":"Blackjack Tournament Strategy Basics"}]},{"@type":"WebSite","@id":"https:\/\/www.blackjackinfo.com\/#website","url":"https:\/\/www.blackjackinfo.com\/","name":"BlackjackInfo.com","description":"Parce que gagner, c'est plus amusant !","potentialAction":[{"@type":"SearchAction","target":{"@type":"EntryPoint","urlTemplate":"https:\/\/www.blackjackinfo.com\/?s={search_term_string}"},"query-input":{"@type":"PropertyValueSpecification","valueRequired":true,"valueName":"search_term_string"}}],"inLanguage":"fr-FR"}]}},"_links":{"self":[{"href":"https:\/\/www.blackjackinfo.com\/fr\/wp-json\/wp\/v2\/pages\/1374","targetHints":{"allow":["GET"]}}],"collection":[{"href":"https:\/\/www.blackjackinfo.com\/fr\/wp-json\/wp\/v2\/pages"}],"about":[{"href":"https:\/\/www.blackjackinfo.com\/fr\/wp-json\/wp\/v2\/types\/page"}],"author":[{"embeddable":true,"href":"https:\/\/www.blackjackinfo.com\/fr\/wp-json\/wp\/v2\/users\/2"}],"replies":[{"embeddable":true,"href":"https:\/\/www.blackjackinfo.com\/fr\/wp-json\/wp\/v2\/comments?post=1374"}],"version-history":[{"count":3,"href":"https:\/\/www.blackjackinfo.com\/fr\/wp-json\/wp\/v2\/pages\/1374\/revisions"}],"predecessor-version":[{"id":4585,"href":"https:\/\/www.blackjackinfo.com\/fr\/wp-json\/wp\/v2\/pages\/1374\/revisions\/4585"}],"up":[{"embeddable":true,"href":"https:\/\/www.blackjackinfo.com\/fr\/wp-json\/wp\/v2\/pages\/1052"}],"wp:attachment":[{"href":"https:\/\/www.blackjackinfo.com\/fr\/wp-json\/wp\/v2\/media?parent=1374"}],"wp:term":[{"taxonomy":"post_tag","embeddable":true,"href":"https:\/\/www.blackjackinfo.com\/fr\/wp-json\/wp\/v2\/tags?post=1374"}],"curies":[{"name":"wp","href":"https:\/\/api.w.org\/{rel}","templated":true}]}}