{"id":1378,"date":"2014-12-13T11:40:39","date_gmt":"2014-12-13T17:40:39","guid":{"rendered":"http:\/\/test.blackjackinfo.com\/?page_id=1378"},"modified":"2018-09-06T01:25:19","modified_gmt":"2018-09-06T06:25:19","slug":"paris-de-rattrapage","status":"publish","type":"page","link":"https:\/\/www.blackjackinfo.com\/fr\/blackjack-tournaments\/catch-up-bets\/","title":{"rendered":"Comment et quand faire un pari de rattrapage ?"},"content":{"rendered":"<div class=\"bji-byline\">par <a href=\"\/ken-smith\/\">Kenneth R Smith<\/a>.<\/div>\n<p class=\"intro\">Il est rare de gagner un tour de tournoi de blackjack sans avoir \u00e0 faire une mise de rattrapage en cours de route. D\u00e9cider quand et comment rattraper les meneurs de jetons \u00e0 votre table est donc la d\u00e9cision la plus courante qu'un joueur doit prendre, mais c'est aussi une d\u00e9cision o\u00f9 de nombreux joueurs commettent des erreurs fondamentales. Cet article examine les moyens de jouer correctement.<\/p>\n<p>Tout d'abord, comment d\u00e9cidez-vous du moment o\u00f9 vous devez agir ? Si les leaders en jetons de votre table sont encore \u00e0 moins d'une mise maximale de votre bankroll, vous pouvez g\u00e9n\u00e9ralement vous permettre d'attendre un peu, et de voir s'ils continuent \u00e0 faire des mises importantes. S'ils misent beaucoup, vous pouvez miser peu et esp\u00e9rer que le croupier gagne. Bien s\u00fbr, vos adversaires augmenteront souvent leur avance dans ces situations. Cependant, la meilleure fa\u00e7on d'attraper un autre joueur est de miser \u00e0 l'oppos\u00e9 de lui. Tant que cela a une chance raisonnable de fonctionner, vous devriez reporter tout jeu plus risqu\u00e9.<\/p>\n<p>En g\u00e9n\u00e9ral, d'une mani\u00e8re ou d'une autre, ces petites mises d'attente ne suffiront pas. Si les leaders commencent \u00e0 miser petit, et que vous \u00eates toujours \u00e0 une mise maximum d'eux, votre meilleure chance est de gagner une grosse mise pour prendre la t\u00eate. Il est pr\u00e9f\u00e9rable d'essayer de reprendre la t\u00eate en une seule main, plut\u00f4t que d'esp\u00e9rer gagner plusieurs des mains suivantes avec des mises moyennes. Si vous vous retrouvez avec plusieurs mises maximales derri\u00e8re le meneur, vous devrez avoir de la chance pour le rattraper, en remportant plusieurs grosses mises. Dans ce cas, il n'y a souvent que peu de strat\u00e9gie \u00e0 mettre en place. Misez gros et esp\u00e9rez que tout se passera bien.<\/p>\n<p>Si, au contraire, vous pouvez atteindre votre objectif avec une seule mise, vous devez chronom\u00e9trer votre mise pour obtenir un effet optimal. En supposant qu'il vous reste quelques mains avant la main finale, vous avez g\u00e9n\u00e9ralement int\u00e9r\u00eat \u00e0 attendre que le bouton de la premi\u00e8re base vous passe devant avant de faire votre mise de rattrapage. Le fait de pouvoir voir toutes les mises de vos adversaires avant de faire votre grosse mise vous permet de miser suffisamment pour prendre l'avantage, et pas plus. Si vous \u00eates oblig\u00e9 d'effectuer votre mise de rattrapage \u00e0 partir d'une autre position, vous devrez deviner ce que vos adversaires sont susceptibles de miser. Pire encore, vos adversaires peuvent facilement marginaliser votre mise une fois qu'ils voient que vous \u00eates en train de prendre la t\u00eate.<\/p>\n<p>Parfois, vous n'avez pas le luxe d'attendre que le bouton passe. Dans ce cas, vous devez essayer de deviner ce que vos adversaires vont miser derri\u00e8re vous. Si vous avez \u00e9t\u00e9 attentif \u00e0 leurs mises depuis le d\u00e9but, vous avez peut-\u00eatre rep\u00e9r\u00e9 leur taille de mise \"pr\u00e9f\u00e9r\u00e9e\". Il s'agit d'une information pr\u00e9cieuse.<\/p>\n<p>Maintenant, combien faut-il parier ? Prenons un exemple.<\/p>\n<table class=\"data-table\">\n<tbody>\n<tr>\n<td>Si\u00e8ge 1 :<\/td>\n<td>Cagnotte $850<\/td>\n<td>Parier $10<\/td>\n<\/tr>\n<tr>\n<td>Si\u00e8ge 2 :<\/td>\n<td>Cagnotte $550<\/td>\n<td>Parier $100<\/td>\n<\/tr>\n<tr>\n<td>Si\u00e8ge 3 :<\/td>\n<td>Contr\u00f4le bancaire $320<\/td>\n<td>Parier $60<\/td>\n<\/tr>\n<tr>\n<td>Si\u00e8ge 4 (Vous) :<\/td>\n<td>Contr\u00f4le bancaire $520<\/td>\n<td>Parier ?<\/td>\n<\/tr>\n<\/tbody>\n<\/table>\n<p>Supposons qu'il reste 5 mains et que les limites de mise sont de $5 \u00e0 $500.<\/p>\n<p>Le leader a $850, ce qui repr\u00e9sente une avance consid\u00e9rable de $330 sur votre $520. Puisque le meneur a fait une petite mise, c'est le bon moment pour risquer une grosse mise. Combien devez-vous miser ? J'ai vu des joueurs qui misaient $335 ici, en misant leur d\u00e9ficit plus un jeton. C'est une bonne chose si le meneur pousse ou perd cette main alors que vous gagnez, mais ce n'est pas le r\u00e9sultat le plus courant. Si vous gagnez, le meneur est susceptible de gagner aussi, puisque vous jouez tous les deux contre les m\u00eames cartes du croupier.<\/p>\n<p>Un meilleur pari est $345, de sorte que si vous gagnez tous les deux, vous aurez toujours $5 d'avance. Mais vous pouvez encore faire mieux. Puisque le meneur a mis\u00e9 si peu, vous pouvez facilement couvrir plusieurs autres probl\u00e8mes possibles. Si le meneur obtient un blackjack ou un double down, la mise de $345 est insuffisante. Pourquoi ne pas ajouter quelques jetons pour couvrir ces possibilit\u00e9s ?<\/p>\n<p>En g\u00e9n\u00e9ral, si vous pouvez couvrir la mise double-down d'un adversaire avec quelques jetons de plus, faites-le. J'aime une mise de $355 ici, et je pourrais envisager $365 ou $375 \u00e9galement. Ces montants couvrent les splits multiples ou les doubles apr\u00e8s le split. Cependant, un adversaire a peu de chances de gagner plus que le double de sa mise initiale, donc $355 est probablement mon choix \u00e0 moins que je n'aie des jetons \u00e0 revendre.<\/p>\n<p>Modifions maintenant un \u00e9l\u00e9ment cl\u00e9 de notre exemple. Supposons plut\u00f4t qu'il s'agit de l'avant-derni\u00e8re main du tour. Quelle est alors la meilleure mise ? Ce n'est pas la m\u00eame chose, car la valeur de vos jetons non mis\u00e9s est d\u00e9sormais tr\u00e8s diff\u00e9rente. Si vous perdez une mise de $355, il ne vous reste plus que $165. $165 est inutile lors de la derni\u00e8re main, \u00e0 moins que vos adversaires ne fassent une grosse erreur. Si la perte d'une mise vous met dans une situation d\u00e9sesp\u00e9r\u00e9e, vous devriez faire une mise maximale. Votre meilleure mise pour l'avant-derni\u00e8re main est une mise maximale de $500. Si vous devez gagner la main pour avoir une chance, autant que vous soyez pay\u00e9 le plus possible pour cela. Les jetons suppl\u00e9mentaires que vous gagnez peuvent \u00eatre d\u00e9cisifs pour la derni\u00e8re main.<\/p>\n<p>Rendez-vous aux tables,<br \/>\n-Ken-<\/p>\n<hr \/>\n<p>Pour plus d'articles sur les tournois de blackjack et la strat\u00e9gie de tournoi, vous pouvez :<br \/>\nRetourner \u00e0 la <a href=\"\/blackjack-tournaments\/\">Section des tournois de blackjack<\/a>ou<br \/>\nPasser \u00e0 l'article suivant <a href=\"\/blackjack-tournament\/free-hits\/\">Coups gratuits au Blackjack de tournoi<\/a>.<\/p>","protected":false},"excerpt":{"rendered":"<p>by Kenneth R Smith. It is rare to win a blackjack tournament round without having to make a catch-up bet somewhere along the way. Deciding when and how to catch the chip leaders at your table is therefore the most common decision a player must make, but it&#8217;s also a decision where many players make [&hellip;]<\/p>\n","protected":false},"author":2,"featured_media":0,"parent":1052,"menu_order":4,"comment_status":"open","ping_status":"closed","template":"page-with-sidebar.php","meta":{"_acf_changed":false,"footnotes":""},"tags":[],"class_list":["post-1378","page","type-page","status-publish","hentry"],"acf":[],"yoast_head":"<!-- This site is optimized with the Yoast SEO plugin v26.6 - https:\/\/yoast.com\/wordpress\/plugins\/seo\/ -->\n<title>How and When to Make a Catch-Up Bet<\/title>\n<meta name=\"description\" content=\"When you need to catch the leaders in a blackjack tournament round, Ken Smith shows how to time your bet for maximum effectiveness.\" \/>\n<meta name=\"robots\" content=\"index, follow, max-snippet:-1, max-image-preview:large, max-video-preview:-1\" \/>\n<link rel=\"canonical\" href=\"https:\/\/www.blackjackinfo.com\/fr\/tournois-de-blackjack\/paris-de-rattrapage\/\" \/>\n<meta property=\"og:locale\" content=\"fr_FR\" \/>\n<meta property=\"og:type\" content=\"article\" \/>\n<meta property=\"og:title\" content=\"How and When to Make a Catch-Up Bet\" \/>\n<meta property=\"og:description\" content=\"When you need to catch the leaders in a blackjack tournament round, Ken Smith shows how to time your bet for maximum effectiveness.\" \/>\n<meta property=\"og:url\" content=\"https:\/\/www.blackjackinfo.com\/fr\/tournois-de-blackjack\/paris-de-rattrapage\/\" \/>\n<meta property=\"og:site_name\" content=\"BlackjackInfo.com\" \/>\n<meta property=\"article:modified_time\" content=\"2018-09-06T06:25:19+00:00\" \/>\n<meta name=\"twitter:label1\" content=\"Dur\u00e9e de lecture estim\u00e9e\" \/>\n\t<meta name=\"twitter:data1\" content=\"4 minutes\" \/>\n<script type=\"application\/ld+json\" class=\"yoast-schema-graph\">{\"@context\":\"https:\/\/schema.org\",\"@graph\":[{\"@type\":\"WebPage\",\"@id\":\"https:\/\/www.blackjackinfo.com\/blackjack-tournaments\/catch-up-bets\/\",\"url\":\"https:\/\/www.blackjackinfo.com\/blackjack-tournaments\/catch-up-bets\/\",\"name\":\"How and When to Make a Catch-Up Bet\",\"isPartOf\":{\"@id\":\"https:\/\/www.blackjackinfo.com\/#website\"},\"datePublished\":\"2014-12-13T17:40:39+00:00\",\"dateModified\":\"2018-09-06T06:25:19+00:00\",\"description\":\"When you need to catch the leaders in a blackjack tournament round, Ken Smith shows how to time your bet for maximum effectiveness.\",\"breadcrumb\":{\"@id\":\"https:\/\/www.blackjackinfo.com\/blackjack-tournaments\/catch-up-bets\/#breadcrumb\"},\"inLanguage\":\"fr-FR\",\"potentialAction\":[{\"@type\":\"ReadAction\",\"target\":[\"https:\/\/www.blackjackinfo.com\/blackjack-tournaments\/catch-up-bets\/\"]}]},{\"@type\":\"BreadcrumbList\",\"@id\":\"https:\/\/www.blackjackinfo.com\/blackjack-tournaments\/catch-up-bets\/#breadcrumb\",\"itemListElement\":[{\"@type\":\"ListItem\",\"position\":1,\"name\":\"Home\",\"item\":\"https:\/\/www.blackjackinfo.com\/\"},{\"@type\":\"ListItem\",\"position\":2,\"name\":\"Blackjack Tournament Strategy\",\"item\":\"https:\/\/www.blackjackinfo.com\/blackjack-tournaments\/\"},{\"@type\":\"ListItem\",\"position\":3,\"name\":\"How and When to Make a Catch-Up Bet\"}]},{\"@type\":\"WebSite\",\"@id\":\"https:\/\/www.blackjackinfo.com\/#website\",\"url\":\"https:\/\/www.blackjackinfo.com\/\",\"name\":\"BlackjackInfo.com\",\"description\":\"Because Winning is More Fun!\",\"potentialAction\":[{\"@type\":\"SearchAction\",\"target\":{\"@type\":\"EntryPoint\",\"urlTemplate\":\"https:\/\/www.blackjackinfo.com\/?s={search_term_string}\"},\"query-input\":{\"@type\":\"PropertyValueSpecification\",\"valueRequired\":true,\"valueName\":\"search_term_string\"}}],\"inLanguage\":\"fr-FR\"}]}<\/script>\n<!-- \/ Yoast SEO plugin. -->","yoast_head_json":{"title":"Comment et quand faire un pari de rattrapage ?","description":"Lorsque vous devez rattraper les leaders d'un tournoi de blackjack, Ken Smith vous montre comment programmer votre mise pour une efficacit\u00e9 maximale.","robots":{"index":"index","follow":"follow","max-snippet":"max-snippet:-1","max-image-preview":"max-image-preview:large","max-video-preview":"max-video-preview:-1"},"canonical":"https:\/\/www.blackjackinfo.com\/fr\/tournois-de-blackjack\/paris-de-rattrapage\/","og_locale":"fr_FR","og_type":"article","og_title":"How and When to Make a Catch-Up Bet","og_description":"When you need to catch the leaders in a blackjack tournament round, Ken Smith shows how to time your bet for maximum effectiveness.","og_url":"https:\/\/www.blackjackinfo.com\/fr\/tournois-de-blackjack\/paris-de-rattrapage\/","og_site_name":"BlackjackInfo.com","article_modified_time":"2018-09-06T06:25:19+00:00","twitter_misc":{"Dur\u00e9e de lecture estim\u00e9e":"4 minutes"},"schema":{"@context":"https:\/\/schema.org","@graph":[{"@type":"WebPage","@id":"https:\/\/www.blackjackinfo.com\/blackjack-tournaments\/catch-up-bets\/","url":"https:\/\/www.blackjackinfo.com\/blackjack-tournaments\/catch-up-bets\/","name":"Comment et quand faire un pari de rattrapage ?","isPartOf":{"@id":"https:\/\/www.blackjackinfo.com\/#website"},"datePublished":"2014-12-13T17:40:39+00:00","dateModified":"2018-09-06T06:25:19+00:00","description":"Lorsque vous devez rattraper les leaders d'un tournoi de blackjack, Ken Smith vous montre comment programmer votre mise pour une efficacit\u00e9 maximale.","breadcrumb":{"@id":"https:\/\/www.blackjackinfo.com\/blackjack-tournaments\/catch-up-bets\/#breadcrumb"},"inLanguage":"fr-FR","potentialAction":[{"@type":"ReadAction","target":["https:\/\/www.blackjackinfo.com\/blackjack-tournaments\/catch-up-bets\/"]}]},{"@type":"BreadcrumbList","@id":"https:\/\/www.blackjackinfo.com\/blackjack-tournaments\/catch-up-bets\/#breadcrumb","itemListElement":[{"@type":"ListItem","position":1,"name":"Home","item":"https:\/\/www.blackjackinfo.com\/"},{"@type":"ListItem","position":2,"name":"Blackjack Tournament Strategy","item":"https:\/\/www.blackjackinfo.com\/blackjack-tournaments\/"},{"@type":"ListItem","position":3,"name":"How and When to Make a Catch-Up Bet"}]},{"@type":"WebSite","@id":"https:\/\/www.blackjackinfo.com\/#website","url":"https:\/\/www.blackjackinfo.com\/","name":"BlackjackInfo.com","description":"Parce que gagner, c'est plus amusant !","potentialAction":[{"@type":"SearchAction","target":{"@type":"EntryPoint","urlTemplate":"https:\/\/www.blackjackinfo.com\/?s={search_term_string}"},"query-input":{"@type":"PropertyValueSpecification","valueRequired":true,"valueName":"search_term_string"}}],"inLanguage":"fr-FR"}]}},"_links":{"self":[{"href":"https:\/\/www.blackjackinfo.com\/fr\/wp-json\/wp\/v2\/pages\/1378","targetHints":{"allow":["GET"]}}],"collection":[{"href":"https:\/\/www.blackjackinfo.com\/fr\/wp-json\/wp\/v2\/pages"}],"about":[{"href":"https:\/\/www.blackjackinfo.com\/fr\/wp-json\/wp\/v2\/types\/page"}],"author":[{"embeddable":true,"href":"https:\/\/www.blackjackinfo.com\/fr\/wp-json\/wp\/v2\/users\/2"}],"replies":[{"embeddable":true,"href":"https:\/\/www.blackjackinfo.com\/fr\/wp-json\/wp\/v2\/comments?post=1378"}],"version-history":[{"count":7,"href":"https:\/\/www.blackjackinfo.com\/fr\/wp-json\/wp\/v2\/pages\/1378\/revisions"}],"predecessor-version":[{"id":4587,"href":"https:\/\/www.blackjackinfo.com\/fr\/wp-json\/wp\/v2\/pages\/1378\/revisions\/4587"}],"up":[{"embeddable":true,"href":"https:\/\/www.blackjackinfo.com\/fr\/wp-json\/wp\/v2\/pages\/1052"}],"wp:attachment":[{"href":"https:\/\/www.blackjackinfo.com\/fr\/wp-json\/wp\/v2\/media?parent=1378"}],"wp:term":[{"taxonomy":"post_tag","embeddable":true,"href":"https:\/\/www.blackjackinfo.com\/fr\/wp-json\/wp\/v2\/tags?post=1378"}],"curies":[{"name":"wp","href":"https:\/\/api.w.org\/{rel}","templated":true}]}}