{"id":1390,"date":"2014-12-13T11:55:19","date_gmt":"2014-12-13T17:55:19","guid":{"rendered":"http:\/\/test.blackjackinfo.com\/?page_id=1390"},"modified":"2018-09-06T01:26:35","modified_gmt":"2018-09-06T06:26:35","slug":"doubler-pour-moins-cher","status":"publish","type":"page","link":"https:\/\/www.blackjackinfo.com\/fr\/blackjack-tournaments\/doubling-for-less\/","title":{"rendered":"Doubler pour moins, une strat\u00e9gie de tournoi efficace"},"content":{"rendered":"<div class=\"bji-byline\">par <a href=\"\/ken-smith\/\">Kenneth R Smith<\/a>.<\/div>\n<p class=\"intro\">Au blackjack de casino, les r\u00e8gles de doublement et de division ont une diff\u00e9rence essentielle. Bien que ces deux r\u00e8gles permettent \u00e0 un joueur d'augmenter sa mise apr\u00e8s la distribution des cartes initiales, le partage exige sp\u00e9cifiquement que le joueur double le montant de la mise initiale avec une mise \u00e9gale sur la deuxi\u00e8me main, alors que le doublement n'est soumis \u00e0 aucune restriction de ce type. Le casino vous autorisera volontiers \u00e0 \"doubler pour moins\", en ajoutant un montant inf\u00e9rieur \u00e0 la mise initiale en \u00e9change du tirage d'une seule carte suppl\u00e9mentaire. Ce n'est pas surprenant, car doubler pour moins que cela n'est jamais la bonne strat\u00e9gie pour un joueur dans un jeu normal. S'il est avantageux de doubler, il est pr\u00e9f\u00e9rable de mettre le plus d'argent possible sur la table. N'oubliez pas que vous renoncez \u00e9galement \u00e0 la possibilit\u00e9 d'ajouter plus d'une carte \u00e0 votre main.<\/p>\n<p>Si doubler pour moins est toujours une erreur dans un jeu en direct, il en va diff\u00e9remment dans les tournois. En fait, lorsqu'il est utilis\u00e9 correctement, doubler pour moins est une technique puissante pour obtenir un avantage suppl\u00e9mentaire sur vos adversaires. Dans cet article, nous verrons deux exemples o\u00f9 cette technique est appropri\u00e9e.<\/p>\n<p>Dans le cadre de la <a href=\"\/blackjack-tournaments\/tournament-position\/\">article sur la position<\/a>J'ai parl\u00e9 de l'importance de la position dans les tournois et j'ai not\u00e9 que les joueurs \u00e0 votre gauche repr\u00e9sentent une plus grande menace que les joueurs \u00e0 votre droite. La raison en est simple. Sur la plupart des mains, les joueurs \u00e0 votre gauche voient votre mise et vos d\u00e9cisions de jeu avant de prendre leurs propres d\u00e9cisions. Par cons\u00e9quent, avoir une seconde opportunit\u00e9 de changer le montant de votre mise peut s'av\u00e9rer pr\u00e9cieux. Cela signifie que le doublement et le fractionnement sont plus utiles que dans un jeu de table normal.<\/p>\n<h2 class=\"text-center\">Exemple 1 : Voler une place en t\u00eate de liste<\/h2>\n<p>Imaginons que vous soyez en retard sur un joueur \u00e0 votre gauche de $50, et que vous approchiez de la fin du tour. Si vous ne pouvez pas vous permettre d'attendre que le bouton vous d\u00e9passe pour prendre la t\u00eate, doubler ou diviser peut \u00eatre votre meilleure chance. Supposons que vous misiez $100 et que votre adversaire double cette mise derri\u00e8re vous. Les cartes sont distribu\u00e9es et vous avez un 12 dur, il a un 18 dur et le croupier montre une carte 4. Voici une situation dans laquelle la strat\u00e9gie de base indique que vous devriez rester. Cependant, il s'agit \u00e9galement d'une excellente occasion de prendre l'avantage sur votre adversaire. En doublant votre 12, vous pouvez prendre la t\u00eate si vous r\u00e9ussissez. Cependant, comme il s'agit g\u00e9n\u00e9ralement d'un mauvais jeu, vous devez doubler le moins possible pour atteindre votre objectif. Dans ce cas, doubler pour $55 ou $60 est appropri\u00e9.<\/p>\n<p>Bien qu'il s'agisse d'un jeu efficace, vous devez tenir compte de plusieurs facteurs avant d'appuyer sur la g\u00e2chette du double. Combien de mains vous reste-t-il ? Combien de mains va-t-il miser derri\u00e8re vous ? Quelle est la mise maximale et quels sont les bankrolls ? Le facteur le plus important est sans doute l'impact d'un swing perdant sur vos chances. Si vous ratez le 12 et que le croupier rate derri\u00e8re vous, vous avez maintenant $305 de retard. Si la mise maximale est de $300, c'est un handicap terrible et, \u00e0 moins que le tour ne soit presque termin\u00e9, vous devriez peut-\u00eatre laisser passer cette occasion et esp\u00e9rer un meilleur coup plus tard. D'un autre c\u00f4t\u00e9, si la mise maximale est de $1000, et que vous avez tous les deux beaucoup de jetons, un d\u00e9ficit de $305 n'est pas un gros probl\u00e8me, et c'est probablement le moment id\u00e9al pour tenter votre chance.<\/p>\n<p>Notez que les m\u00eames facteurs s'appliquent \u00e0 votre adversaire apr\u00e8s que vous ayez doubl\u00e9. Si vous r\u00e9ussissez \u00e0 tirer une bonne carte dans votre main, il peut envisager de doubler son hard 18 derri\u00e8re vous. Bien qu'il s'agisse d'un perdant presque certain, si un swing n\u00e9gatif n'est pas une grosse affaire, cela pourrait \u00eatre le bon jeu pour lui.<\/p>\n<h2 class=\"text-center\">Exemple 2 : Forcer l'adversaire \u00e0 faire un choix<\/h2>\n<p>Voici une technique puissante que je n'ai jamais vue mentionn\u00e9e dans un document auparavant. Bien qu'elle soit loin d'\u00eatre inconnue des professionnels des tournois, j'ai vu tr\u00e8s peu de joueurs l'utiliser, bien que la situation se pr\u00e9sente assez fr\u00e9quemment.<\/p>\n<p>De retour \u00e0 la table, vous \u00eates toujours derri\u00e8re Lefty par $50, mais c'est maintenant la derni\u00e8re main. Vous avez mis\u00e9 $250, et Lefty l'a \u00e9gal\u00e9. Vous avez un 11, Lefty a une paire de cartes cach\u00e9es et le croupier montre un 8. Vous avez un double-down de strat\u00e9gie de base et il est \u00e9vident que vous devez doubler si vous voulez avoir une chance raisonnable de remporter le tour. Dans le dernier exemple, nous avions un mauvais doublement et nous voulions minimiser le co\u00fbt en doublant pour moins cher.<\/p>\n<p>Cette fois, avec une solide strat\u00e9gie de base de double, la plupart des joueurs choisiraient de doubler pour le montant total. Ce serait une \u00e9norme erreur ! Pensez \u00e0 ce qui se passe si vous tirez une mauvaise carte lors de votre double. Si votre double se termine par une raideur, avec un total inf\u00e9rieur \u00e0 17, Lefty peut maintenant vous exclure de toute chance de gagner. Il peut diviser les cartes visibles, s'arr\u00eater sur une carte dure, et vous n'avez plus aucune chance de gagner le tour. C'est termin\u00e9 !<\/p>\n<p>Pour \u00e9liminer cette possibilit\u00e9, vous devez doubler pour un montant inf\u00e9rieur. Si vous doublez pour une somme comprise entre $55 et $195, vous avez cr\u00e9\u00e9 un choix difficile pour votre adversaire. Il ne peut plus vous exclure avec un split. S'il se s\u00e9pare et que le croupier vous bat tous les deux, c'est vous qui avancez \u00e0 sa place. Puisqu'il ne peut pas se s\u00e9parer pour moins, vous l'obligez \u00e0 choisir entre \"premier haut\" et \"premier bas\". Il doit d\u00e9cider s'il veut vous couvrir ou couvrir le croupier, puisqu'il ne peut pas faire les deux. Tout cela parce que vous avez doubl\u00e9 pour un montant inf\u00e9rieur \u00e0 la somme totale.<\/p>\n<p>Cette tactique fonctionne \u00e0 merveille, quelle que soit la carte du croupier, et presque quelle que soit la carte que vous tirez lors de votre doublement. Doubler pour moins est presque toujours pr\u00e9f\u00e9rable \u00e0 doubler pour le montant total chaque fois que votre adversaire a une paire qu'il pr\u00e9f\u00e9rerait partager plut\u00f4t que de doubler.<\/p>\n<p>Il s'agit d'un jeu puissant, qui se produit assez souvent pour m\u00e9riter un nom. Comme je ne l'ai jamais vu mentionn\u00e9 par d'autres auteurs, je vais me risquer \u00e0 le baptiser \"le dilemme de Ken\", le dilemme \u00e9tant celui de votre adversaire, apr\u00e8s que vous ayez doubl\u00e9. Peu de jeux provoqueront une grimace plus forte de l'autre c\u00f4t\u00e9 de la table.<\/p>\n<p>Bonne chance \u00e0 tous, -Ken-<\/p>\n<hr \/>\n<p>Pour plus d'articles sur les tournois de blackjack et la strat\u00e9gie de tournoi, vous pouvez :<br \/>\nRetourner \u00e0 la <a href=\"\/blackjack-tournaments\/\">Section des tournois de blackjack<\/a>ou<br \/>\nPasser \u00e0 l'article suivant <a href=\"\/blackjack-tournaments\/the-rule-of-2-4-and-5\/\">La r\u00e8gle des 2, 4 et 5<\/a>.<\/p>","protected":false},"excerpt":{"rendered":"<p>by Kenneth R Smith. In casino blackjack, the rules for doubling and splitting have one key difference. While both of these rules allow a player to increase his wager after the initial cards are dealt, splitting specifically requires the player to match the original bet amount with an equal wager on the second hand, while [&hellip;]<\/p>\n","protected":false},"author":2,"featured_media":0,"parent":1052,"menu_order":6,"comment_status":"open","ping_status":"closed","template":"page-with-sidebar.php","meta":{"_acf_changed":false,"footnotes":""},"tags":[],"class_list":["post-1390","page","type-page","status-publish","hentry"],"acf":[],"yoast_head":"<!-- This site is optimized with the Yoast SEO plugin v26.6 - https:\/\/yoast.com\/wordpress\/plugins\/seo\/ -->\n<title>Doubling For Less, A Powerful Tournament Strategy<\/title>\n<meta name=\"description\" content=\"Doubling for less is almost always a mistake at blackjack, but that&#039;s not true in tournament blackjack. Ken Smith explains how this can be a powerful tool.\" \/>\n<meta name=\"robots\" content=\"index, follow, max-snippet:-1, max-image-preview:large, max-video-preview:-1\" \/>\n<link rel=\"canonical\" href=\"https:\/\/www.blackjackinfo.com\/fr\/tournois-de-blackjack\/doubler-pour-moins-cher\/\" \/>\n<meta property=\"og:locale\" content=\"fr_FR\" \/>\n<meta property=\"og:type\" content=\"article\" \/>\n<meta property=\"og:title\" content=\"Doubling For Less, A Powerful Tournament Strategy\" \/>\n<meta property=\"og:description\" content=\"Doubling for less is almost always a mistake at blackjack, but that&#039;s not true in tournament blackjack. Ken Smith explains how this can be a powerful tool.\" \/>\n<meta property=\"og:url\" content=\"https:\/\/www.blackjackinfo.com\/fr\/tournois-de-blackjack\/doubler-pour-moins-cher\/\" \/>\n<meta property=\"og:site_name\" content=\"BlackjackInfo.com\" \/>\n<meta property=\"article:modified_time\" content=\"2018-09-06T06:26:35+00:00\" \/>\n<meta name=\"twitter:label1\" content=\"Dur\u00e9e de lecture estim\u00e9e\" \/>\n\t<meta name=\"twitter:data1\" content=\"5 minutes\" \/>\n<script type=\"application\/ld+json\" class=\"yoast-schema-graph\">{\"@context\":\"https:\/\/schema.org\",\"@graph\":[{\"@type\":\"WebPage\",\"@id\":\"https:\/\/www.blackjackinfo.com\/blackjack-tournaments\/doubling-for-less\/\",\"url\":\"https:\/\/www.blackjackinfo.com\/blackjack-tournaments\/doubling-for-less\/\",\"name\":\"Doubling For Less, A Powerful Tournament Strategy\",\"isPartOf\":{\"@id\":\"https:\/\/www.blackjackinfo.com\/#website\"},\"datePublished\":\"2014-12-13T17:55:19+00:00\",\"dateModified\":\"2018-09-06T06:26:35+00:00\",\"description\":\"Doubling for less is almost always a mistake at blackjack, but that's not true in tournament blackjack. Ken Smith explains how this can be a powerful tool.\",\"breadcrumb\":{\"@id\":\"https:\/\/www.blackjackinfo.com\/blackjack-tournaments\/doubling-for-less\/#breadcrumb\"},\"inLanguage\":\"fr-FR\",\"potentialAction\":[{\"@type\":\"ReadAction\",\"target\":[\"https:\/\/www.blackjackinfo.com\/blackjack-tournaments\/doubling-for-less\/\"]}]},{\"@type\":\"BreadcrumbList\",\"@id\":\"https:\/\/www.blackjackinfo.com\/blackjack-tournaments\/doubling-for-less\/#breadcrumb\",\"itemListElement\":[{\"@type\":\"ListItem\",\"position\":1,\"name\":\"Home\",\"item\":\"https:\/\/www.blackjackinfo.com\/\"},{\"@type\":\"ListItem\",\"position\":2,\"name\":\"Blackjack Tournament Strategy\",\"item\":\"https:\/\/www.blackjackinfo.com\/blackjack-tournaments\/\"},{\"@type\":\"ListItem\",\"position\":3,\"name\":\"Doubling For Less, A Powerful Tournament Strategy\"}]},{\"@type\":\"WebSite\",\"@id\":\"https:\/\/www.blackjackinfo.com\/#website\",\"url\":\"https:\/\/www.blackjackinfo.com\/\",\"name\":\"BlackjackInfo.com\",\"description\":\"Because Winning is More Fun!\",\"potentialAction\":[{\"@type\":\"SearchAction\",\"target\":{\"@type\":\"EntryPoint\",\"urlTemplate\":\"https:\/\/www.blackjackinfo.com\/?s={search_term_string}\"},\"query-input\":{\"@type\":\"PropertyValueSpecification\",\"valueRequired\":true,\"valueName\":\"search_term_string\"}}],\"inLanguage\":\"fr-FR\"}]}<\/script>\n<!-- \/ Yoast SEO plugin. -->","yoast_head_json":{"title":"Doubler pour moins, une strat\u00e9gie de tournoi efficace","description":"Doubler pour moins est presque toujours une erreur au blackjack, mais ce n'est pas le cas au blackjack de tournoi. Ken Smith explique comment cela peut \u00eatre un outil puissant.","robots":{"index":"index","follow":"follow","max-snippet":"max-snippet:-1","max-image-preview":"max-image-preview:large","max-video-preview":"max-video-preview:-1"},"canonical":"https:\/\/www.blackjackinfo.com\/fr\/tournois-de-blackjack\/doubler-pour-moins-cher\/","og_locale":"fr_FR","og_type":"article","og_title":"Doubling For Less, A Powerful Tournament Strategy","og_description":"Doubling for less is almost always a mistake at blackjack, but that's not true in tournament blackjack. Ken Smith explains how this can be a powerful tool.","og_url":"https:\/\/www.blackjackinfo.com\/fr\/tournois-de-blackjack\/doubler-pour-moins-cher\/","og_site_name":"BlackjackInfo.com","article_modified_time":"2018-09-06T06:26:35+00:00","twitter_misc":{"Dur\u00e9e de lecture estim\u00e9e":"5 minutes"},"schema":{"@context":"https:\/\/schema.org","@graph":[{"@type":"WebPage","@id":"https:\/\/www.blackjackinfo.com\/blackjack-tournaments\/doubling-for-less\/","url":"https:\/\/www.blackjackinfo.com\/blackjack-tournaments\/doubling-for-less\/","name":"Doubler pour moins, une strat\u00e9gie de tournoi efficace","isPartOf":{"@id":"https:\/\/www.blackjackinfo.com\/#website"},"datePublished":"2014-12-13T17:55:19+00:00","dateModified":"2018-09-06T06:26:35+00:00","description":"Doubler pour moins est presque toujours une erreur au blackjack, mais ce n'est pas le cas au blackjack de tournoi. Ken Smith explique comment cela peut \u00eatre un outil puissant.","breadcrumb":{"@id":"https:\/\/www.blackjackinfo.com\/blackjack-tournaments\/doubling-for-less\/#breadcrumb"},"inLanguage":"fr-FR","potentialAction":[{"@type":"ReadAction","target":["https:\/\/www.blackjackinfo.com\/blackjack-tournaments\/doubling-for-less\/"]}]},{"@type":"BreadcrumbList","@id":"https:\/\/www.blackjackinfo.com\/blackjack-tournaments\/doubling-for-less\/#breadcrumb","itemListElement":[{"@type":"ListItem","position":1,"name":"Home","item":"https:\/\/www.blackjackinfo.com\/"},{"@type":"ListItem","position":2,"name":"Blackjack Tournament Strategy","item":"https:\/\/www.blackjackinfo.com\/blackjack-tournaments\/"},{"@type":"ListItem","position":3,"name":"Doubling For Less, A Powerful Tournament Strategy"}]},{"@type":"WebSite","@id":"https:\/\/www.blackjackinfo.com\/#website","url":"https:\/\/www.blackjackinfo.com\/","name":"BlackjackInfo.com","description":"Parce que gagner, c'est plus amusant !","potentialAction":[{"@type":"SearchAction","target":{"@type":"EntryPoint","urlTemplate":"https:\/\/www.blackjackinfo.com\/?s={search_term_string}"},"query-input":{"@type":"PropertyValueSpecification","valueRequired":true,"valueName":"search_term_string"}}],"inLanguage":"fr-FR"}]}},"_links":{"self":[{"href":"https:\/\/www.blackjackinfo.com\/fr\/wp-json\/wp\/v2\/pages\/1390","targetHints":{"allow":["GET"]}}],"collection":[{"href":"https:\/\/www.blackjackinfo.com\/fr\/wp-json\/wp\/v2\/pages"}],"about":[{"href":"https:\/\/www.blackjackinfo.com\/fr\/wp-json\/wp\/v2\/types\/page"}],"author":[{"embeddable":true,"href":"https:\/\/www.blackjackinfo.com\/fr\/wp-json\/wp\/v2\/users\/2"}],"replies":[{"embeddable":true,"href":"https:\/\/www.blackjackinfo.com\/fr\/wp-json\/wp\/v2\/comments?post=1390"}],"version-history":[{"count":2,"href":"https:\/\/www.blackjackinfo.com\/fr\/wp-json\/wp\/v2\/pages\/1390\/revisions"}],"predecessor-version":[{"id":4589,"href":"https:\/\/www.blackjackinfo.com\/fr\/wp-json\/wp\/v2\/pages\/1390\/revisions\/4589"}],"up":[{"embeddable":true,"href":"https:\/\/www.blackjackinfo.com\/fr\/wp-json\/wp\/v2\/pages\/1052"}],"wp:attachment":[{"href":"https:\/\/www.blackjackinfo.com\/fr\/wp-json\/wp\/v2\/media?parent=1390"}],"wp:term":[{"taxonomy":"post_tag","embeddable":true,"href":"https:\/\/www.blackjackinfo.com\/fr\/wp-json\/wp\/v2\/tags?post=1390"}],"curies":[{"name":"wp","href":"https:\/\/api.w.org\/{rel}","templated":true}]}}