{"id":1392,"date":"2014-12-13T11:57:29","date_gmt":"2014-12-13T17:57:29","guid":{"rendered":"http:\/\/test.blackjackinfo.com\/?page_id=1392"},"modified":"2018-09-06T01:27:17","modified_gmt":"2018-09-06T06:27:17","slug":"la-regle-des-2-4-et-5","status":"publish","type":"page","link":"https:\/\/www.blackjackinfo.com\/fr\/blackjack-tournaments\/the-rule-of-2-4-and-5\/","title":{"rendered":"La puissante r\u00e8gle des 2, 4 et 5"},"content":{"rendered":"<div class=\"bji-byline\">par <a href=\"\/ken-smith\/\">Kenneth R Smith<\/a>.<\/div>\n<p class=\"intro\">Il y a quelques ann\u00e9es, dans un article paru dans le magazine Blackjack Confidential, j'ai d\u00e9taill\u00e9 pour la premi\u00e8re fois une id\u00e9e qui s'est av\u00e9r\u00e9e \u00eatre l'un des raccourcis de strat\u00e9gie de tournoi les plus utiles que je connaisse. La \"R\u00e8gle des 2, 4 et 5\" vous permet de d\u00e9terminer rapidement une mise optimale dans de nombreuses situations o\u00f9 vous suivez le leader de la table, mais devez miser avant lui. Cet outil fait partie de la panoplie de tous les joueurs de tournoi et m\u00e9rite qu'on s'y attarde. Pendant que j'y suis, j'ajouterai quelques \u00e9l\u00e9ments suppl\u00e9mentaires au m\u00e9lange.<\/p>\n<p>L'une des situations les plus frustrantes \u00e0 une table de tournoi est celle o\u00f9 vous \u00eates derri\u00e8re le nombre de jetons et o\u00f9 vous misez devant le leader. Quelle que soit votre mise, le meneur a la possibilit\u00e9 d'\u00e9galer grosso modo votre mise et de s'emparer \u00e0 la fois de la plus haute et de la plus basse main. Ajoutez \u00e0 cela une r\u00e8gle de tournoi qui limite le temps de r\u00e9flexion avant de miser, et il peut \u00eatre difficile de faire une bonne mise. Heureusement, il existe un excellent raccourci que vous pouvez utiliser pour choisir une taille de mise qui maximise vos chances de d\u00e9passer le meneur, sans avoir \u00e0 faire beaucoup de calculs.<\/p>\n<p>Comme d'habitude, nous utiliserons ici des exemples concrets, alors pr\u00e9parez-vous \u00e0 r\u00e9fl\u00e9chir un peu. Imaginons que notre tournoi autorise des limites de mise de $5 \u00e0 $1000, et que nous soyons \u00e0 la tra\u00eene du leader avec $2000 de jetons contre $2050 pour lui. La bonne nouvelle est que nous ne sommes qu'\u00e0 $50 de la t\u00eate. La mauvaise nouvelle est que le meneur peut facilement marginaliser notre mise, puisque nous sommes \"sur le bouton\" et que nous devons miser en premier. Le croupier attend votre d\u00e9cision de miser et le temps presse. Comment d\u00e9cider de la meilleure taille de mise ? S'il reste encore plusieurs mains \u00e0 jouer dans le tour, il serait bien de prendre la t\u00eate, mais nous ne voulons pas risquer plus de jetons qu'il n'en faut pour aider la cause.<\/p>\n<p>\u00c9tant donn\u00e9 que le leader peut \u00e9galer votre mise derri\u00e8re vous, vous ne pouvez pas le rattraper avec une seule mise, \u00e0 moins qu'il ne fasse une erreur de mise ou que vous obteniez de meilleures cartes. Cependant, les options de doublement, de division et de blackjack vous offrent toutes des moyens suppl\u00e9mentaires de d\u00e9passer le leader. Examinons quelques-unes de ces possibilit\u00e9s.<\/p>\n<p>Sa mise optimale sera probablement ce que vous avez mis\u00e9, plus la quasi-totalit\u00e9 de son avance.<\/p>\n<p>Tout d'abord, consid\u00e9rez combien le meneur peut miser derri\u00e8re vous. Sa mise optimale sera probablement ce que vous misez, plus la quasi-totalit\u00e9 de son avance. Si vous misez $100, il peut miser jusqu'\u00e0 $149 et toujours avoir la plus haute et la plus basse. (Pour les d\u00e9finitions de \"haut\" et \"bas\", voir l'article pr\u00e9c\u00e9dent : <a href=\"\/blackjack-tournaments\/free-hits\/\">Hits gratuits<\/a>.)<\/p>\n<p>Vous d\u00e9passerez le leader si vous gagnez pendant qu'il pousse ou perd, et aussi si vous poussez pendant qu'il perd. C'est vrai \u00e0 chaque fois que vous misez au moins votre d\u00e9ficit plus un jeton. Cependant, votre mise de $100 ajoute un moyen suppl\u00e9mentaire de gagner, que la mise minimale de $51 n'offre pas. Supposons qu'il mise $149 derri\u00e8re vous. Maintenant, si vous pouvez gagner une mise double-down, vous le d\u00e9passerez m\u00eame s'il gagne sa main. Vous gagnez $200, il gagne $149, et vous avez maintenant une avance de $1. Ce n'est pas une co\u00efncidence. Mais nous pouvons encore faire mieux.<\/p>\n<p>Cette fois, vous misez $200. Il place une mise optimale de $249. Vous venez d'ajouter un moyen suppl\u00e9mentaire de gagner. Un double down vous rapporte toujours autant, mais regardez maintenant ce qui se passe si vous tirez un blackjack. Un blackjack sur votre mise de $200 rapporte $300. S'il gagne ses $249 et que vous gagnez $300, vous avez \u00e0 nouveau $1 d'avance. L\u00e0 encore, il n'y a pas de co\u00efncidence.<\/p>\n<p>Une fois de plus, vous misez cette fois-ci $250. Votre adversaire mise $299. Cette fois, c'est lui qui a de la chance, puisqu'il tire un blackjack. Vous g\u00e9missez, mais vous sortez l'argent pour doubler votre main, quelle qu'elle soit. Si vous r\u00e9ussissez votre double descente, vous gagnez $500. Le leader n'a ramass\u00e9 que $448.50. Vous avez maintenant $1.50 d'avance.<\/p>\n<p>Chacune de ces d\u00e9cisions implique plusieurs calculs, et passer par ce processus \u00e0 table pose manifestement un probl\u00e8me. C'est l\u00e0 que le raccourci entre en jeu. Vous avez la garantie de disposer de ces moyens suppl\u00e9mentaires de gagner si vous vous assurez simplement de miser au moins les multiples suivants de votre d\u00e9ficit. Dans notre exemple, nous avions un d\u00e9ficit de $50 au d\u00e9but de la main :<\/p>\n<ul>\n<li><strong>Misez 2x votre d\u00e9ficit ($100)<\/strong>: Vous gagnez avec un double-down sur une mise simple gagn\u00e9e par le leader.<\/li>\n<li><strong>Misez 4x votre d\u00e9ficit ($200)<\/strong>: Vous gagnez avec un blackjack sur une mise simple gagn\u00e9e par le leader.<\/li>\n<li><strong>Misez 5 fois votre d\u00e9ficit ($250)<\/strong>: Vous gagnez avec un double-down m\u00eame sur un blackjack du leader.<\/li>\n<\/ul>\n<p>Par cons\u00e9quent, en cas de doute, essayez de miser 5 fois le d\u00e9ficit. Si une mise aussi importante met en p\u00e9ril votre position par rapport aux autres joueurs de la table, envisagez plut\u00f4t de miser 4 fois ou 2 fois le d\u00e9ficit. Dans le pire des cas, revenez \u00e0 1 fois plus un jeton.<\/p>\n<p>Parfois, ces multiples sont exag\u00e9r\u00e9s et une mise plus petite permet d'obtenir les m\u00eames r\u00e9sultats. Si votre mise est proche ou au maximum, le meneur ne pourra pas miser une grande partie de son avance en plus de la mise correspondante. De plus, si les mises doivent \u00eatre des multiples de $5, il arrive que ces multiples d\u00e9passent l\u00e9g\u00e8rement l'objectif. Mais la v\u00e9ritable beaut\u00e9 de cette r\u00e8gle r\u00e9side dans sa simplicit\u00e9. Elle est rapide et facile \u00e0 calculer, et vous \u00eates assur\u00e9 de b\u00e9n\u00e9ficier des avantages d\u00e9crits.<\/p>\n<p>Vous constaterez \u00e9galement souvent que le meneur n'effectuera pas une mise optimale derri\u00e8re vous. Il peut miser trop peu et vous donner des moyens suppl\u00e9mentaires de le d\u00e9passer, ou souvent, il surench\u00e9rit et vous donne le bas de la main. M\u00eame si vous disposez d'une mise consid\u00e9rable, il se peut que vous souhaitiez que le croupier an\u00e9antisse la table.<\/p>\n<p>Bien s\u00fbr, dans chacun de ces cas, le leader peut doubler derri\u00e8re vous pour reprendre l'avantage. Mais vous \u00eates en queue de peloton, sur le bouton. Bien s\u00fbr, vous \u00eates un outsider ! Vous devez tirer le meilleur parti des circonstances. L'utilisation de la r\u00e8gle des 2, 4 et 5 vous donne un moyen facile de le faire.<\/p>\n<p>Rendez-vous aux tables, -Ken-<\/p>\n<hr \/>\n<p>Pour plus d'articles sur les tournois de blackjack et la strat\u00e9gie de tournoi, vous pouvez :<br \/>\nRetourner \u00e0 la <a href=\"\/blackjack-tournaments\/\">Section des tournois de blackjack<\/a>ou<br \/>\nPasser \u00e0 l'article suivant <a href=\"\/blackjack-tournaments\/beyond-wong-tournament-tips-uncle-stanford-never-told-you\/\">Au-del\u00e0 de Wong - Quelques conseils pour les tournois que l'oncle Stanford ne vous a jamais racont\u00e9s<\/a>.<\/p>","protected":false},"excerpt":{"rendered":"<p>by Kenneth R Smith. A few years back, in an article in Blackjack Confidential magazine, I first detailed an idea that has proven to be among the most useful tournament strategy shortcuts that I know. The &#8220;Rule of 2, 4, and 5&#8221; allows you to quickly determine an optimal bet in many situations where you [&hellip;]<\/p>\n","protected":false},"author":2,"featured_media":0,"parent":1052,"menu_order":7,"comment_status":"open","ping_status":"closed","template":"page-with-sidebar.php","meta":{"_acf_changed":false,"footnotes":""},"tags":[],"class_list":["post-1392","page","type-page","status-publish","hentry"],"acf":[],"yoast_head":"<!-- This site is optimized with the Yoast SEO plugin v26.6 - https:\/\/yoast.com\/wordpress\/plugins\/seo\/ -->\n<title>The Powerful Rule of 2, 4, and 5<\/title>\n<meta name=\"description\" content=\"The &quot;Rule of 2, 4, and 5&quot; is a useful shortcut developed by Ken Smith for use in blackjack tournaments. It is a simple and quick way to make a great bet.\" \/>\n<meta name=\"robots\" content=\"index, follow, max-snippet:-1, max-image-preview:large, max-video-preview:-1\" \/>\n<link rel=\"canonical\" href=\"https:\/\/www.blackjackinfo.com\/fr\/tournois-de-blackjack\/la-regle-des-2-4-et-5\/\" \/>\n<meta property=\"og:locale\" content=\"fr_FR\" \/>\n<meta property=\"og:type\" content=\"article\" \/>\n<meta property=\"og:title\" content=\"The Powerful Rule of 2, 4, and 5\" \/>\n<meta property=\"og:description\" content=\"The &quot;Rule of 2, 4, and 5&quot; is a useful shortcut developed by Ken Smith for use in blackjack tournaments. It is a simple and quick way to make a great bet.\" \/>\n<meta property=\"og:url\" content=\"https:\/\/www.blackjackinfo.com\/fr\/tournois-de-blackjack\/la-regle-des-2-4-et-5\/\" \/>\n<meta property=\"og:site_name\" content=\"BlackjackInfo.com\" \/>\n<meta property=\"article:modified_time\" content=\"2018-09-06T06:27:17+00:00\" \/>\n<meta name=\"twitter:label1\" content=\"Dur\u00e9e de lecture estim\u00e9e\" \/>\n\t<meta name=\"twitter:data1\" content=\"5 minutes\" \/>\n<script type=\"application\/ld+json\" class=\"yoast-schema-graph\">{\"@context\":\"https:\/\/schema.org\",\"@graph\":[{\"@type\":\"WebPage\",\"@id\":\"https:\/\/www.blackjackinfo.com\/blackjack-tournaments\/the-rule-of-2-4-and-5\/\",\"url\":\"https:\/\/www.blackjackinfo.com\/blackjack-tournaments\/the-rule-of-2-4-and-5\/\",\"name\":\"The Powerful Rule of 2, 4, and 5\",\"isPartOf\":{\"@id\":\"https:\/\/www.blackjackinfo.com\/#website\"},\"datePublished\":\"2014-12-13T17:57:29+00:00\",\"dateModified\":\"2018-09-06T06:27:17+00:00\",\"description\":\"The \\\"Rule of 2, 4, and 5\\\" is a useful shortcut developed by Ken Smith for use in blackjack tournaments. It is a simple and quick way to make a great bet.\",\"breadcrumb\":{\"@id\":\"https:\/\/www.blackjackinfo.com\/blackjack-tournaments\/the-rule-of-2-4-and-5\/#breadcrumb\"},\"inLanguage\":\"fr-FR\",\"potentialAction\":[{\"@type\":\"ReadAction\",\"target\":[\"https:\/\/www.blackjackinfo.com\/blackjack-tournaments\/the-rule-of-2-4-and-5\/\"]}]},{\"@type\":\"BreadcrumbList\",\"@id\":\"https:\/\/www.blackjackinfo.com\/blackjack-tournaments\/the-rule-of-2-4-and-5\/#breadcrumb\",\"itemListElement\":[{\"@type\":\"ListItem\",\"position\":1,\"name\":\"Home\",\"item\":\"https:\/\/www.blackjackinfo.com\/\"},{\"@type\":\"ListItem\",\"position\":2,\"name\":\"Blackjack Tournament Strategy\",\"item\":\"https:\/\/www.blackjackinfo.com\/blackjack-tournaments\/\"},{\"@type\":\"ListItem\",\"position\":3,\"name\":\"The Powerful Rule of 2, 4, and 5\"}]},{\"@type\":\"WebSite\",\"@id\":\"https:\/\/www.blackjackinfo.com\/#website\",\"url\":\"https:\/\/www.blackjackinfo.com\/\",\"name\":\"BlackjackInfo.com\",\"description\":\"Because Winning is More Fun!\",\"potentialAction\":[{\"@type\":\"SearchAction\",\"target\":{\"@type\":\"EntryPoint\",\"urlTemplate\":\"https:\/\/www.blackjackinfo.com\/?s={search_term_string}\"},\"query-input\":{\"@type\":\"PropertyValueSpecification\",\"valueRequired\":true,\"valueName\":\"search_term_string\"}}],\"inLanguage\":\"fr-FR\"}]}<\/script>\n<!-- \/ Yoast SEO plugin. -->","yoast_head_json":{"title":"La puissante r\u00e8gle des 2, 4 et 5","description":"La \"r\u00e8gle des 2, 4 et 5\" est un raccourci utile mis au point par Ken Smith pour les tournois de blackjack. C'est un moyen simple et rapide de faire un bon pari.","robots":{"index":"index","follow":"follow","max-snippet":"max-snippet:-1","max-image-preview":"max-image-preview:large","max-video-preview":"max-video-preview:-1"},"canonical":"https:\/\/www.blackjackinfo.com\/fr\/tournois-de-blackjack\/la-regle-des-2-4-et-5\/","og_locale":"fr_FR","og_type":"article","og_title":"The Powerful Rule of 2, 4, and 5","og_description":"The \"Rule of 2, 4, and 5\" is a useful shortcut developed by Ken Smith for use in blackjack tournaments. It is a simple and quick way to make a great bet.","og_url":"https:\/\/www.blackjackinfo.com\/fr\/tournois-de-blackjack\/la-regle-des-2-4-et-5\/","og_site_name":"BlackjackInfo.com","article_modified_time":"2018-09-06T06:27:17+00:00","twitter_misc":{"Dur\u00e9e de lecture estim\u00e9e":"5 minutes"},"schema":{"@context":"https:\/\/schema.org","@graph":[{"@type":"WebPage","@id":"https:\/\/www.blackjackinfo.com\/blackjack-tournaments\/the-rule-of-2-4-and-5\/","url":"https:\/\/www.blackjackinfo.com\/blackjack-tournaments\/the-rule-of-2-4-and-5\/","name":"La puissante r\u00e8gle des 2, 4 et 5","isPartOf":{"@id":"https:\/\/www.blackjackinfo.com\/#website"},"datePublished":"2014-12-13T17:57:29+00:00","dateModified":"2018-09-06T06:27:17+00:00","description":"La \"r\u00e8gle des 2, 4 et 5\" est un raccourci utile mis au point par Ken Smith pour les tournois de blackjack. C'est un moyen simple et rapide de faire un bon pari.","breadcrumb":{"@id":"https:\/\/www.blackjackinfo.com\/blackjack-tournaments\/the-rule-of-2-4-and-5\/#breadcrumb"},"inLanguage":"fr-FR","potentialAction":[{"@type":"ReadAction","target":["https:\/\/www.blackjackinfo.com\/blackjack-tournaments\/the-rule-of-2-4-and-5\/"]}]},{"@type":"BreadcrumbList","@id":"https:\/\/www.blackjackinfo.com\/blackjack-tournaments\/the-rule-of-2-4-and-5\/#breadcrumb","itemListElement":[{"@type":"ListItem","position":1,"name":"Home","item":"https:\/\/www.blackjackinfo.com\/"},{"@type":"ListItem","position":2,"name":"Blackjack Tournament Strategy","item":"https:\/\/www.blackjackinfo.com\/blackjack-tournaments\/"},{"@type":"ListItem","position":3,"name":"The Powerful Rule of 2, 4, and 5"}]},{"@type":"WebSite","@id":"https:\/\/www.blackjackinfo.com\/#website","url":"https:\/\/www.blackjackinfo.com\/","name":"BlackjackInfo.com","description":"Parce que gagner, c'est plus amusant !","potentialAction":[{"@type":"SearchAction","target":{"@type":"EntryPoint","urlTemplate":"https:\/\/www.blackjackinfo.com\/?s={search_term_string}"},"query-input":{"@type":"PropertyValueSpecification","valueRequired":true,"valueName":"search_term_string"}}],"inLanguage":"fr-FR"}]}},"_links":{"self":[{"href":"https:\/\/www.blackjackinfo.com\/fr\/wp-json\/wp\/v2\/pages\/1392","targetHints":{"allow":["GET"]}}],"collection":[{"href":"https:\/\/www.blackjackinfo.com\/fr\/wp-json\/wp\/v2\/pages"}],"about":[{"href":"https:\/\/www.blackjackinfo.com\/fr\/wp-json\/wp\/v2\/types\/page"}],"author":[{"embeddable":true,"href":"https:\/\/www.blackjackinfo.com\/fr\/wp-json\/wp\/v2\/users\/2"}],"replies":[{"embeddable":true,"href":"https:\/\/www.blackjackinfo.com\/fr\/wp-json\/wp\/v2\/comments?post=1392"}],"version-history":[{"count":5,"href":"https:\/\/www.blackjackinfo.com\/fr\/wp-json\/wp\/v2\/pages\/1392\/revisions"}],"predecessor-version":[{"id":4590,"href":"https:\/\/www.blackjackinfo.com\/fr\/wp-json\/wp\/v2\/pages\/1392\/revisions\/4590"}],"up":[{"embeddable":true,"href":"https:\/\/www.blackjackinfo.com\/fr\/wp-json\/wp\/v2\/pages\/1052"}],"wp:attachment":[{"href":"https:\/\/www.blackjackinfo.com\/fr\/wp-json\/wp\/v2\/media?parent=1392"}],"wp:term":[{"taxonomy":"post_tag","embeddable":true,"href":"https:\/\/www.blackjackinfo.com\/fr\/wp-json\/wp\/v2\/tags?post=1392"}],"curies":[{"name":"wp","href":"https:\/\/api.w.org\/{rel}","templated":true}]}}