{"id":1419,"date":"2019-11-03T13:22:28","date_gmt":"2019-11-03T19:22:28","guid":{"rendered":"http:\/\/test.blackjackinfo.com\/?page_id=1419"},"modified":"2019-11-03T18:00:56","modified_gmt":"2019-11-04T00:00:56","slug":"pas-de-blackjack-6-a-5","status":"publish","type":"page","link":"https:\/\/www.blackjackinfo.com\/fr\/no-6-to-5-blackjack\/","title":{"rendered":"Blackjack \u00e0 6 contre 5 ? Dites simplement non !"},"content":{"rendered":"<p>par <a href=\"\/ken-smith\/\">Kenneth R Smith<\/a><\/p>\n<p><img loading=\"lazy\" decoding=\"async\" class=\"alignright size-full wp-image-1420\" src=\"\/files\/no6to5.gif\" alt=\"No 6 to 5\" width=\"100\" height=\"100\" data-no-auto-translation=\"\"><\/p>\n<p class=\"intro\">Une v\u00e9ritable crise est en train de se d\u00e9velopper pour les amateurs de blackjack de casino. De nombreux casinos am\u00e9ricains ont commenc\u00e9 \u00e0 introduire un changement de r\u00e8gles qui augmente consid\u00e9rablement l'avantage de la maison dans ce jeu. Si vous \u00eates all\u00e9 \u00e0 Las Vegas derni\u00e8rement, vous avez peut-\u00eatre vu des panneaux annon\u00e7ant \"<strong>Blackjack \u00e0 un seul jeu<\/strong>\"dans de nombreux casinos du Strip de Las Vegas.<\/p>\n<p>Mais il y a un hic. Surveillez le panneau sur la table qui indique \"Blackjack Pays 6:5\". Dans un jeu de blackjack normal, un \"naturel\" ou blackjack rapporte 3:2. Si vous misez $10 et que vous tirez un blackjack, vous recevrez $15. Cependant, dans ces nouveaux jeux 6:5, un blackjack de $10 ne rapporte que $12.<\/p>\n<p>Les casinos ont jusqu'\u00e0 pr\u00e9sent r\u00e9ussi \u00e0 commercialiser ce jeu, car de nombreux joueurs occasionnels ont appris au fil des ans que le blackjack \u00e0 un seul jeu \u00e9tait un meilleur jeu que les jeux \u00e0 6 ou 8 jeux plus courants dans les casinos.<\/p>\n<p>Gr\u00e2ce \u00e0 ce seul angle de marketing, les casinos ont attir\u00e9 de nombreux joueurs vers la nouvelle version 6:5, en d\u00e9pit du fait que ces jeux \u00e0 un seul jeu sont pires pour le joueur que le pire jeu \u00e0 8 jeux sur le sol du casino. Bien pire.<\/p>\n<blockquote><p>Changer cette seule r\u00e8gle, <strong>la r\u00e9duction des paiements au blackjack de 3:2 \u00e0 6:5 ajoute un montant substantiel de 1,39% \u00e0 l'avantage du casino<\/strong>.<\/p><\/blockquote>\n<p>Prenons l'exemple suivant, tir\u00e9 de la <a href=\"https:\/\/www.caesars.com\/flamingo-las-vegas\">Flamingo sur le Strip de Las Vegas<\/a>:<\/p>\n<p>Ils proposent un jeu \u00e0 un seul jeu 6:5, o\u00f9 l'avantage de la maison pour un joueur de strat\u00e9gie de base est de 1,45%. (Comme la plupart de ces jeux 6:5, ils autorisent le double apr\u00e8s le partage, ce qui est loin de compenser la mauvaise r\u00e8gle du 6:5). Ils proposent \u00e9galement un jeu \u00e0 8 jeux o\u00f9 l'avantage de la maison pour un joueur de strat\u00e9gie de base est de 0,56%. <strong>Ainsi, un joueur qui choisit son offre \u00e0 un seul jeu a presque le triple de la perte attendue d'un joueur au jeu \u00e0 8 jeux !<\/strong>.<\/p>\n<p>Quelle est la diff\u00e9rence en dollars r\u00e9els ? Pour un joueur de $25, en supposant 80 mains par heure, la perte attendue au Flamingo \u00e0 8 jeux est de $11.20 par heure. La perte attendue pour le m\u00eame joueur au jeu \u00e0 un seul paquet 6:5 est plut\u00f4t de $29.00. Et n'oubliez pas qu'il s'agit du jeu qui \u00e9tait auparavant le pire blackjack de la maison !<\/p>\n<h2>Que pouvez-vous faire pour aider ?<\/h2>\n<ul>\n<li>Ne jouez pas \u00e0 un jeu de blackjack qui rapporte moins de 3:2 pour un blackjack.<\/li>\n<li>Pr\u00e9venez vos amis et votre famille s'ils se rendent au casino. Dites-leur de jouer plut\u00f4t aux jeux \u00e0 plusieurs plateaux.<\/li>\n<li>Faites savoir au personnel de votre casino pr\u00e9f\u00e9r\u00e9 que vous n'aimez pas voir la salle du casino remplie de jeux trompeurs au lieu d'un vrai blackjack.<\/li>\n<li>Si vous avez un h\u00f4te de casino, faites-lui \u00e9galement part de votre m\u00e9contentement.<\/li>\n<\/ul>\n<p>Si les joueurs n'arr\u00eatent pas de soutenir ces jeux, ce n'est qu'une question de temps avant que les casinos ne suppriment tous les vrais jeux de blackjack. Ne laissez pas cela se produire.<\/p>\n<p>Les autres webmasters sont invit\u00e9s \u00e0 utiliser cet article et le graphique \"No 6 to 5\" sur leurs propres sites. Si vous utilisez l'article, veuillez laisser la ligne de l'auteur intacte, y compris le lien vers l'auteur \u00e0 l'adresse suivante <a href=\"https:\/\/www.blackjackinfo.com\">BlackjackInfo.com<\/a>.<\/p>\n<p>Vous pouvez \u00e9galement faire un lien vers l'article ici. Dans tous les cas, aidez-nous \u00e0 faire passer le message. Nous vous en remercions.<\/p>","protected":false},"excerpt":{"rendered":"<p>by Kenneth R Smith There&#8217;s a real crisis developing for fans of casino blackjack. Many casinos in the US have begun introducing a rule change that dramatically increases the house advantage in the game. If you&#8217;ve been to Las Vegas lately, you may have seen signs advertising &#8220;Single Deck Blackjack&#8221; at many of the casinos [&hellip;]<\/p>\n","protected":false},"author":2,"featured_media":0,"parent":0,"menu_order":0,"comment_status":"open","ping_status":"open","template":"page-centred-8-column.php","meta":{"_acf_changed":false,"footnotes":""},"tags":[],"class_list":["post-1419","page","type-page","status-publish","hentry"],"acf":[],"yoast_head":"<!-- This site is optimized with the Yoast SEO plugin v26.6 - https:\/\/yoast.com\/wordpress\/plugins\/seo\/ -->\n<title>6 to 5 Blackjack? Just Say No!<\/title>\n<meta name=\"description\" content=\"Some casinos now offer a version of blackjack that pays only 6 to 5 for a blackjack. See why this is game is so much worse for the player.\" \/>\n<meta name=\"robots\" content=\"index, follow, max-snippet:-1, max-image-preview:large, max-video-preview:-1\" \/>\n<link rel=\"canonical\" href=\"https:\/\/www.blackjackinfo.com\/fr\/pas-de-blackjack-6-a-5\/\" \/>\n<meta property=\"og:locale\" content=\"fr_FR\" \/>\n<meta property=\"og:type\" content=\"article\" \/>\n<meta property=\"og:title\" content=\"6 to 5 Blackjack? Just Say No!\" \/>\n<meta property=\"og:description\" content=\"Some casinos now offer a version of blackjack that pays only 6 to 5 for a blackjack. See why this is game is so much worse for the player.\" \/>\n<meta property=\"og:url\" content=\"https:\/\/www.blackjackinfo.com\/fr\/pas-de-blackjack-6-a-5\/\" \/>\n<meta property=\"og:site_name\" content=\"BlackjackInfo.com\" \/>\n<meta property=\"article:modified_time\" content=\"2019-11-04T00:00:56+00:00\" \/>\n<meta name=\"twitter:label1\" content=\"Dur\u00e9e de lecture estim\u00e9e\" \/>\n\t<meta name=\"twitter:data1\" content=\"2 minutes\" \/>\n<script type=\"application\/ld+json\" class=\"yoast-schema-graph\">{\"@context\":\"https:\/\/schema.org\",\"@graph\":[{\"@type\":\"WebPage\",\"@id\":\"https:\/\/www.blackjackinfo.com\/no-6-to-5-blackjack\/\",\"url\":\"https:\/\/www.blackjackinfo.com\/no-6-to-5-blackjack\/\",\"name\":\"6 to 5 Blackjack? Just Say No!\",\"isPartOf\":{\"@id\":\"https:\/\/www.blackjackinfo.com\/#website\"},\"datePublished\":\"2019-11-03T19:22:28+00:00\",\"dateModified\":\"2019-11-04T00:00:56+00:00\",\"description\":\"Some casinos now offer a version of blackjack that pays only 6 to 5 for a blackjack. See why this is game is so much worse for the player.\",\"breadcrumb\":{\"@id\":\"https:\/\/www.blackjackinfo.com\/no-6-to-5-blackjack\/#breadcrumb\"},\"inLanguage\":\"fr-FR\",\"potentialAction\":[{\"@type\":\"ReadAction\",\"target\":[\"https:\/\/www.blackjackinfo.com\/no-6-to-5-blackjack\/\"]}]},{\"@type\":\"BreadcrumbList\",\"@id\":\"https:\/\/www.blackjackinfo.com\/no-6-to-5-blackjack\/#breadcrumb\",\"itemListElement\":[{\"@type\":\"ListItem\",\"position\":1,\"name\":\"Home\",\"item\":\"https:\/\/www.blackjackinfo.com\/\"},{\"@type\":\"ListItem\",\"position\":2,\"name\":\"6 to 5 Blackjack? Just Say No!\"}]},{\"@type\":\"WebSite\",\"@id\":\"https:\/\/www.blackjackinfo.com\/#website\",\"url\":\"https:\/\/www.blackjackinfo.com\/\",\"name\":\"BlackjackInfo.com\",\"description\":\"Because Winning is More Fun!\",\"potentialAction\":[{\"@type\":\"SearchAction\",\"target\":{\"@type\":\"EntryPoint\",\"urlTemplate\":\"https:\/\/www.blackjackinfo.com\/?s={search_term_string}\"},\"query-input\":{\"@type\":\"PropertyValueSpecification\",\"valueRequired\":true,\"valueName\":\"search_term_string\"}}],\"inLanguage\":\"fr-FR\"}]}<\/script>\n<!-- \/ Yoast SEO plugin. -->","yoast_head_json":{"title":"Blackjack \u00e0 6 contre 5 ? Dites simplement non !","description":"Certains casinos proposent d\u00e9sormais une version du blackjack qui ne rapporte que 6 \u00e0 5 pour un blackjack. D\u00e9couvrez pourquoi ce jeu est bien pire pour le joueur.","robots":{"index":"index","follow":"follow","max-snippet":"max-snippet:-1","max-image-preview":"max-image-preview:large","max-video-preview":"max-video-preview:-1"},"canonical":"https:\/\/www.blackjackinfo.com\/fr\/pas-de-blackjack-6-a-5\/","og_locale":"fr_FR","og_type":"article","og_title":"6 to 5 Blackjack? Just Say No!","og_description":"Some casinos now offer a version of blackjack that pays only 6 to 5 for a blackjack. See why this is game is so much worse for the player.","og_url":"https:\/\/www.blackjackinfo.com\/fr\/pas-de-blackjack-6-a-5\/","og_site_name":"BlackjackInfo.com","article_modified_time":"2019-11-04T00:00:56+00:00","twitter_misc":{"Dur\u00e9e de lecture estim\u00e9e":"2 minutes"},"schema":{"@context":"https:\/\/schema.org","@graph":[{"@type":"WebPage","@id":"https:\/\/www.blackjackinfo.com\/no-6-to-5-blackjack\/","url":"https:\/\/www.blackjackinfo.com\/no-6-to-5-blackjack\/","name":"Blackjack \u00e0 6 contre 5 ? Dites simplement non !","isPartOf":{"@id":"https:\/\/www.blackjackinfo.com\/#website"},"datePublished":"2019-11-03T19:22:28+00:00","dateModified":"2019-11-04T00:00:56+00:00","description":"Certains casinos proposent d\u00e9sormais une version du blackjack qui ne rapporte que 6 \u00e0 5 pour un blackjack. D\u00e9couvrez pourquoi ce jeu est bien pire pour le joueur.","breadcrumb":{"@id":"https:\/\/www.blackjackinfo.com\/no-6-to-5-blackjack\/#breadcrumb"},"inLanguage":"fr-FR","potentialAction":[{"@type":"ReadAction","target":["https:\/\/www.blackjackinfo.com\/no-6-to-5-blackjack\/"]}]},{"@type":"BreadcrumbList","@id":"https:\/\/www.blackjackinfo.com\/no-6-to-5-blackjack\/#breadcrumb","itemListElement":[{"@type":"ListItem","position":1,"name":"Home","item":"https:\/\/www.blackjackinfo.com\/"},{"@type":"ListItem","position":2,"name":"6 to 5 Blackjack? Just Say No!"}]},{"@type":"WebSite","@id":"https:\/\/www.blackjackinfo.com\/#website","url":"https:\/\/www.blackjackinfo.com\/","name":"BlackjackInfo.com","description":"Parce que gagner, c'est plus amusant !","potentialAction":[{"@type":"SearchAction","target":{"@type":"EntryPoint","urlTemplate":"https:\/\/www.blackjackinfo.com\/?s={search_term_string}"},"query-input":{"@type":"PropertyValueSpecification","valueRequired":true,"valueName":"search_term_string"}}],"inLanguage":"fr-FR"}]}},"_links":{"self":[{"href":"https:\/\/www.blackjackinfo.com\/fr\/wp-json\/wp\/v2\/pages\/1419","targetHints":{"allow":["GET"]}}],"collection":[{"href":"https:\/\/www.blackjackinfo.com\/fr\/wp-json\/wp\/v2\/pages"}],"about":[{"href":"https:\/\/www.blackjackinfo.com\/fr\/wp-json\/wp\/v2\/types\/page"}],"author":[{"embeddable":true,"href":"https:\/\/www.blackjackinfo.com\/fr\/wp-json\/wp\/v2\/users\/2"}],"replies":[{"embeddable":true,"href":"https:\/\/www.blackjackinfo.com\/fr\/wp-json\/wp\/v2\/comments?post=1419"}],"version-history":[{"count":11,"href":"https:\/\/www.blackjackinfo.com\/fr\/wp-json\/wp\/v2\/pages\/1419\/revisions"}],"predecessor-version":[{"id":5414,"href":"https:\/\/www.blackjackinfo.com\/fr\/wp-json\/wp\/v2\/pages\/1419\/revisions\/5414"}],"wp:attachment":[{"href":"https:\/\/www.blackjackinfo.com\/fr\/wp-json\/wp\/v2\/media?parent=1419"}],"wp:term":[{"taxonomy":"post_tag","embeddable":true,"href":"https:\/\/www.blackjackinfo.com\/fr\/wp-json\/wp\/v2\/tags?post=1419"}],"curies":[{"name":"wp","href":"https:\/\/api.w.org\/{rel}","templated":true}]}}