{"id":1499,"date":"2014-12-22T23:06:06","date_gmt":"2014-12-23T05:06:06","guid":{"rendered":"https:\/\/test.blackjackinfo.com\/?page_id=1499"},"modified":"2018-06-22T02:44:46","modified_gmt":"2018-06-22T07:44:46","slug":"les-dix-principales-erreurs-de-strategie-au-blackjack","status":"publish","type":"page","link":"https:\/\/www.blackjackinfo.com\/fr\/top-ten-blackjack-basic-strategy-mistakes\/","title":{"rendered":"Les dix principales erreurs de strat\u00e9gie de base au Blackjack"},"content":{"rendered":"<div class=\"top-ten-mistakes\">\n<p class=\"intro\">Si vous jouez au blackjack pendant une heure ou deux, vos r\u00e9sultats seront assez impr\u00e9visibles. Vous pouvez gagner beaucoup ou perdre beaucoup. La plupart du temps, vous vous situerez entre les deux. \u00c0 court terme, c'est la chance ou la malchance qui d\u00e9termine si vous serez gagnant ou perdant. Cependant, si vous faites la moyenne de vos r\u00e9sultats sur plusieurs heures, il devient \u00e9vident que jouer plus intelligemment vous permettra d'\u00e9conomiser beaucoup d'argent.<\/p>\n<p>\nUn joueur de blackjack typique perd 2% de ses mises totales au casino au cours de plusieurs paris. Cela peut sembler peu, mais c'est quatre fois plus cher que n\u00e9cessaire. Un joueur de strat\u00e9gie de base dans une partie typique \u00e0 6 jeux perd environ 0,5%. En jouant \u00e0 un jeu \u00e0 deux jeux, l'avantage de la maison est r\u00e9duit \u00e0 environ 0,2%, et un jeu \u00e0 un seul jeu avec des r\u00e8gles d\u00e9centes est pratiquement un jeu \u00e0 seuil de rentabilit\u00e9.\n<\/p>\n<p>\nSi vous \u00eates un parieur de $10 et que vous jouez \u00e0 un jeu typique \u00e0 6 jeux tel qu'il est propos\u00e9 sur le Strip de Las Vegas, vous pouvez vous attendre \u00e0 mettre en jeu environ $600 en une heure de jeu. Un joueur moyen en perdra 2%, soit $12 par heure. Un joueur utilisant la bonne strat\u00e9gie de base perdra 0,5% de $600, soit seulement $3.\n<\/p>\n<p>\nQu'est-ce qui explique cette diff\u00e9rence ? Ce qui suit est une liste des erreurs les plus courantes que je vois commises par les joueurs de blackjack. Les exemples supposent que vous misez $10 par main dans un jeu \u00e0 6 jeux, o\u00f9 le croupier s'arr\u00eate sur tous les 17 et o\u00f9 le double apr\u00e8s partage est autoris\u00e9.\n<\/p>\n<p>    <!-- Mistake 10-------------------------------------------------><\/p>\n<div class=\"mistake\">\n<div class=\"mistake-title\">\n<div class=\"mistake-number\">10<\/div>\n<p>12 contre croupier 3<\/p>\n<div class=\"correct-play\"><span class=\"black\">Le jeu correct : <\/span>HIT<\/div>\n<div class=\"clearfix\"><\/div>\n<\/div>\n<div class=\"row\">\n<div class=\"col-sm-10 col-center\">\n<p>Beaucoup de joueurs d\u00e9testent toucher le 12 ici, en particulier dans le si\u00e8ge de la troisi\u00e8me base.  Ils parlent de \"prendre la carte du croupier\", et ainsi de suite.  Les casinos adorent entendre cela.<\/p>\n<p>En moyenne, se tenir avec 12 contre un 3 fait perdre $2.55.  Frapper fait perdre un peu moins, avec une moyenne de $2.31.  La frappe est donc plus avantageuse de 24 centimes.<\/p>\n<\/div>\n<\/div>\n<hr>\n<div class=\"row\">\n<div class=\"col-xs-6 col-sm-4\"> Debout :<\/p>\n<div class=\"red\"><i class=\"fa fa-arrow-down\" aria-hidden=\"true\"><\/i> $2.55<\/div>\n<\/div>\n<div class=\"col-xs-6 col-sm-4\"> Frappeurs :<\/p>\n<div class=\"red\"><i class=\"fa fa-arrow-down\" aria-hidden=\"true\"><\/i> $2.31<\/div>\n<\/div>\n<div class=\"col-xs-12 col-sm-4\">\n<hr class=\"visible-xs\">\n          Quelle est sa valeur ?<\/p>\n<div class=\"text-success\">$0.24 <span class=\"red\">(HIT)<\/span><\/div>\n<\/div>\n<\/div>\n<\/div>\n<p>   <!-- Mistake 9-------------------------------------------------><\/p>\n<div class=\"mistake\">\n<div class=\"mistake-title\">\n<div class=\"mistake-number\">9<\/div>\n<p>        (As, 7) contre le croupier Dix<\/p>\n<div class=\"correct-play\"><span class=\"black\">Le jeu correct : <\/span>HIT<\/div>\n<div class=\"clearfix\"><\/div>\n<\/p><\/div>\n<div class=\"row\">\n<div class=\"col-sm-10 col-center\">\n<p>La plupart des joueurs jouent mal cette main. Ils se disent, pourquoi frapper un 18 ? Eh bien, je vais vous dire pourquoi. Le 18 est une mauvaise main. C'est un perdant ici, quoi qu'il arrive. Oui, vous aggraverez souvent la main en la frappant, et vous devrez peut-\u00eatre la frapper plusieurs fois. N\u00e9anmoins, les chiffres ne mentent pas :<\/p>\n<\/p><\/div>\n<\/p><\/div>\n<hr>\n<div class=\"row\">\n<div class=\"col-xs-6 col-sm-4\"> Debout :<\/p>\n<div class=\"red\"><i class=\"fa fa-arrow-down\" aria-hidden=\"true\"><\/i> $1.80<\/div>\n<\/p><\/div>\n<div class=\"col-xs-6 col-sm-4\"> Frappeurs :<\/p>\n<div class=\"red\"><i class=\"fa fa-arrow-down\" aria-hidden=\"true\"><\/i> $1.43<\/div>\n<\/p><\/div>\n<div class=\"col-xs-12 col-sm-4\">\n<hr class=\"visible-xs\">\n          Quelle est sa valeur ?<\/p>\n<div class=\"text-success\">$0.37 <span class=\"red\">(HIT)<\/span><\/div>\n<\/p><\/div>\n<\/p><\/div>\n<\/p><\/div>\n<p>    <!-- Mistake 8-------------------------------------------------><\/p>\n<div class=\"mistake\">\n<div class=\"mistake-title\">\n<div class=\"mistake-number\">8<\/div>\n<p>        Prendre une somme \u00e9gale au Blackjack<\/p>\n<div class=\"correct-play\"><span class=\"black\">Le jeu correct : <\/span>NE PAS<\/div>\n<div class=\"clearfix\"><\/div>\n<\/p><\/div>\n<div class=\"row\">\n<div class=\"col-sm-10 col-center\">\n<p>Les croupiers vous diront que c'est le seul pari s\u00fbr du casino. Eh bien, oui, c'est une valeur s\u00fbre. Mais il y a un prix \u00e0 payer. L'argent pair n'est qu'une assurance sous un autre nom et, \u00e0 moins que vous ne comptiez les cartes, c'est un pari de pigeon.<\/p>\n<\/p><\/div>\n<\/p><\/div>\n<hr>\n<div class=\"row\">\n<div class=\"col-xs-6 col-sm-4\"> Prendre m\u00eame de l'argent :<\/p>\n<div class=\"text-success\"><i class=\"fa fa-arrow-up\" aria-hidden=\"true\"><\/i> $10.00 (\u00e0 chaque fois)<\/div>\n<\/p><\/div>\n<div class=\"col-xs-6 col-sm-4\"> Ne pas prendre m\u00eame de l'argent :<\/p>\n<div class=\"text-success\"><i class=\"fa fa-arrow-up\" aria-hidden=\"true\"><\/i> $10.39 (en moyenne)<\/div>\n<\/p><\/div>\n<div class=\"col-xs-12 col-sm-4\">\n<hr class=\"visible-xs\">\n          Quelle est sa valeur ?<\/p>\n<div class=\"text-success\">$0.39 <span class=\"red\">(NE PAS)<\/span><\/div>\n<\/p><\/div>\n<\/p><\/div>\n<\/p><\/div>\n<p>    <!-- Mistake 7-------------------------------------------------><\/p>\n<div class=\"mistake\">\n<div class=\"mistake-title\">\n<div class=\"mistake-number\">7<\/div>\n<p>        12 contre croupier 2<\/p>\n<div class=\"correct-play\"><span class=\"black\">Le jeu correct : <\/span>HIT<\/div>\n<div class=\"clearfix\"><\/div>\n<\/p><\/div>\n<div class=\"row\">\n<div class=\"col-sm-10 col-center\">\n<p>C'est comme 12 contre 3, avec les m\u00eames excuses stupides. Mais maintenant, les chiffres sont encore plus convaincants...<\/p>\n<\/p><\/div>\n<\/p><\/div>\n<hr>\n<div class=\"row\">\n<div class=\"col-xs-6 col-sm-4\"> Debout :<\/p>\n<div class=\"red\"><i class=\"fa fa-arrow-down\" aria-hidden=\"true\"><\/i> $2.96<\/div>\n<\/p><\/div>\n<div class=\"col-xs-6 col-sm-4\"> Frappeurs :<\/p>\n<div class=\"red\"><i class=\"fa fa-arrow-down\" aria-hidden=\"true\"><\/i> $2.52<\/div>\n<\/p><\/div>\n<div class=\"col-xs-12 col-sm-4\">\n<hr class=\"visible-xs\">\n          Quelle est sa valeur ?<\/p>\n<div class=\"text-success\">$0.44 <span class=\"red\">(HIT)<\/span><\/div>\n<\/p><\/div>\n<\/p><\/div>\n<\/p><\/div>\n<p>    <!-- Mistake 6-------------------------------------------------><\/p>\n<div class=\"mistake\">\n<div class=\"mistake-title\">\n<div class=\"mistake-number\">6<\/div>\n<p>        (8,8) vs Ten<\/p>\n<div class=\"correct-play\"><span class=\"black\">Le jeu correct : <\/span>SPLIT<\/div>\n<div class=\"clearfix\"><\/div>\n<\/p><\/div>\n<div class=\"row\">\n<div class=\"col-sm-10 col-center\">\n<p>Il s'agit d'une question populaire. De nombreux joueurs d\u00e9testent mettre plus d'argent sur la table dans une situation de perte. Cela semble raisonnable, n'est-ce pas ? Parfois, ce n'est pas le cas. Voici un bon exemple. En misant $10 de plus, nous nous d\u00e9barrassons d'une main vraiment horrible de 16 et commen\u00e7ons avec deux mauvaises mains ordinaires de 8. Nous perdrons toujours de l'argent, mais moins.<\/p>\n<\/p><\/div>\n<\/p><\/div>\n<hr>\n<div class=\"row mB15\">\n<div class=\"col-xs-4 col-sm-3\"> Debout :<\/p>\n<div class=\"red\"><i class=\"fa fa-arrow-down\" aria-hidden=\"true\"><\/i> $5.37<\/div>\n<\/p><\/div>\n<div class=\"col-xs-4 col-sm-3\"> Frappeurs :<\/p>\n<div class=\"red\"><i class=\"fa fa-arrow-down\" aria-hidden=\"true\"><\/i> $5.35<\/div>\n<\/p><\/div>\n<div class=\"col-xs-4 col-sm-3\"> Fractionnement :<\/p>\n<div class=\"red\"><i class=\"fa fa-arrow-down\" aria-hidden=\"true\"><\/i> $4.83<\/div>\n<\/p><\/div>\n<div class=\"col-xs-12 col-sm-3\">\n<hr class=\"visible-xs\">\n          Quelle est sa valeur ?<\/p>\n<div class=\"text-success\">$0.52 <span class=\"red\">(SPLIT)<\/span><\/div>\n<\/p><\/div>\n<\/p><\/div>\n<div class=\"small\">(Exception: In the European No-Hole-Card game, players should NOT split this hand because the dealer might end up with blackjack.<br \/>\n        In the US-style game, the dealer has already checked for blackjack.) <\/div>\n<\/p><\/div>\n<p>    <!-- Mistake 5-------------------------------------------------><\/p>\n<div class=\"mistake\">\n<div class=\"mistake-title\">\n<div class=\"mistake-number\">5<\/div>\n<p>        11 contre le croupier Dix<\/p>\n<div class=\"correct-play\"><span class=\"black\">Le jeu correct : <\/span>DOUBLE<\/div>\n<div class=\"clearfix\"><\/div>\n<\/p><\/div>\n<div class=\"row\">\n<div class=\"col-sm-10 col-center\">\n<p>C'est une chose d'\u00eatre r\u00e9ticent \u00e0 mettre plus d'argent dans une situation perdante, mais de nombreuses personnes choisissent \u00e9galement de ne pas doubler 11 contre un Dix du croupier, m\u00eame si elles ont le \"meilleur\".<\/p>\n<\/p><\/div>\n<\/p><\/div>\n<hr>\n<div class=\"row mB15\">\n<div class=\"col-xs-6 col-sm-4\"> Frappeurs :<\/p>\n<div class=\"text-success\"><i class=\"fa fa-arrow-up\" aria-hidden=\"true\"><\/i> $1.18<\/div>\n<\/p><\/div>\n<div class=\"col-xs-6 col-sm-4\"> Doublement :<\/p>\n<div class=\"text-success\"><i class=\"fa fa-arrow-up\" aria-hidden=\"true\"><\/i> $1.78<\/div>\n<\/p><\/div>\n<div class=\"col-xs-12 col-sm-4\">\n<hr class=\"visible-xs\">\n          Quelle est sa valeur ?<\/p>\n<div class=\"text-success\">$0.60 <span class=\"red\">(DOUBLE)<\/span><\/div>\n<\/p><\/div>\n<\/p><\/div>\n<div class=\"small\">(Exception : Dans le jeu europ\u00e9en de cartes sans trou, les joueurs ne doivent PAS doubler cette main).<\/div>\n<\/p><\/div>\n<p>    <!-- Mistake 4-------------------------------------------------><\/p>\n<div class=\"mistake\">\n<div class=\"mistake-title\">\n<div class=\"mistake-number\">4<\/div>\n<p>        (As, 7) contre le croupier 9<\/p>\n<div class=\"correct-play\"><span class=\"black\">Le jeu correct : <\/span>HIT<\/div>\n<div class=\"clearfix\"><\/div>\n<\/p><\/div>\n<div class=\"row\">\n<div class=\"col-sm-10 col-center\">\n<p>C'est une autre erreur que la plupart des joueurs commettent. Et cela commence \u00e0 co\u00fbter cher \u00e0 $0.85 par erreur. N'h\u00e9sitez m\u00eame pas. Frappez-la.<\/p>\n<\/p><\/div>\n<\/p><\/div>\n<hr>\n<div class=\"row\">\n<div class=\"col-xs-6 col-sm-4\">Debout :<\/p>\n<div class=\"red\"><i class=\"fa fa-arrow-down\" aria-hidden=\"true\"><\/i> $1.83<\/div>\n<\/p><\/div>\n<div class=\"col-xs-6 col-sm-4\">Frappeurs :<\/p>\n<div class=\"red\"><i class=\"fa fa-arrow-down\" aria-hidden=\"true\"><\/i> $0.98<\/div>\n<\/p><\/div>\n<div class=\"col-xs-12 col-sm-4\">\n<hr class=\"visible-xs\">\n          Quelle est sa valeur ?<\/p>\n<div class=\"text-success\">$0.85 <span class=\"red\">(HIT)<\/span><\/div>\n<\/p><\/div>\n<\/p><\/div>\n<\/p><\/div>\n<p>    <!-- Mistake 3-------------------------------------------------><\/p>\n<div class=\"mistake\">\n<div class=\"mistake-title\">\n<div class=\"mistake-number\">3<\/div>\n<p>        (8,8) contre l'As du croupier<\/p>\n<div class=\"correct-play\"><span class=\"black\">Le jeu correct : <\/span>SPLIT<\/div>\n<div class=\"clearfix\"><\/div>\n<\/p><\/div>\n<div class=\"row\">\n<div class=\"col-sm-10 col-center\">\n<p>Il s'agit simplement de l'erreur num\u00e9ro 6 revisit\u00e9e, mais elle est plus co\u00fbteuse. C'est toujours la m\u00eame r\u00e9ticence \u00e0 acheter pour se sortir d'un mauvais pas.<\/p>\n<p>Il y a trois fa\u00e7ons de jouer cette main malheureuse :<\/p>\n<\/p><\/div>\n<\/p><\/div>\n<hr>\n<div class=\"row mB15\">\n<div class=\"col-xs-4 col-sm-3\">Debout :<\/p>\n<div class=\"red\"><i class=\"fa fa-arrow-down\" aria-hidden=\"true\"><\/i> $6.63<\/div>\n<\/p><\/div>\n<div class=\"col-xs-4 col-sm-3\">Frappeurs :<\/p>\n<div class=\"red\"><i class=\"fa fa-arrow-down\" aria-hidden=\"true\"><\/i> $5.14<\/div>\n<\/p><\/div>\n<div class=\"col-xs-4 col-sm-3\">Fractionnement :<\/p>\n<div class=\"red\"><i class=\"fa fa-arrow-down\" aria-hidden=\"true\"><\/i> $3.86<\/div>\n<\/p><\/div>\n<div class=\"col-xs-12 col-sm-3\">\n<hr class=\"visible-xs\">\n          Quelle est sa valeur ?<\/p>\n<div class=\"text-success\">$1.28 <span class=\"red\">(SPLIT)<\/span><\/div>\n<\/p><\/div>\n<\/p><\/div>\n<div class=\"small\">(Exception : Dans le jeu europ\u00e9en de cartes sans trou, les joueurs ne doivent PAS partager cette main).<\/div>\n<\/p><\/div>\n<p>    <!-- Mistake 2-------------------------------------------------><\/p>\n<div class=\"mistake\">\n<div class=\"mistake-title\">\n<div class=\"mistake-number\">2<\/div>\n<p>        (As, 6) contre le croupier 7<\/p>\n<div class=\"correct-play\"><span class=\"black\">Le jeu correct : <\/span>HIT<\/div>\n<div class=\"clearfix\"><\/div>\n<\/p><\/div>\n<div class=\"row\">\n<div class=\"col-sm-10 col-center\">\n<p>Je suppose que certaines personnes veulent juste jouer pour se faire pousser. Mais voici une opportunit\u00e9 rare. Vous pouvez en fait transformer une situation perdante en une situation gagnante en moyenne en atteignant cette main. Ce n'est pas une co\u00efncidence si cette main est class\u00e9e num\u00e9ro 2. C'est la deuxi\u00e8me erreur la plus co\u00fbteuse de la liste. Frappez-la, c'est tout.<\/p>\n<\/p><\/div>\n<\/p><\/div>\n<hr>\n<div class=\"row\">\n<div class=\"col-xs-6 col-sm-4\">Debout :<\/p>\n<div class=\"red\"><i class=\"fa fa-arrow-down\" aria-hidden=\"true\"><\/i> $1.04<\/div>\n<\/p><\/div>\n<div class=\"col-xs-6 col-sm-4\">Frappeurs :<\/p>\n<div class=\"text-success\"><i class=\"fa fa-arrow-up\" aria-hidden=\"true\"><\/i> Vols $0.55<\/div>\n<\/p><\/div>\n<div class=\"col-xs-12 col-sm-4\">\n<hr class=\"visible-xs\">\n          Quelle est sa valeur ?<\/p>\n<div class=\"text-success\">$1.59 <span class=\"red\">(HIT)<\/span><\/div>\n<\/p><\/div>\n<\/p><\/div>\n<\/p><\/div>\n<p>    <!-- Mistake 1-------------------------------------------------><\/p>\n<div class=\"mistake\">\n<div class=\"mistake-title\">\n<div class=\"mistake-number\">1<\/div>\n<p>        (As, As) contre le croupier Dix<\/p>\n<div class=\"correct-play\"><span class=\"black\">Le jeu correct : <\/span>SPLIT<\/div>\n<div class=\"clearfix\"><\/div>\n<\/p><\/div>\n<div class=\"row\">\n<div class=\"col-sm-10 col-center\">\n<p>Heureusement, je ne vois pas cette erreur trop souvent. Mais il m'arrive de la voir. Lorsque vous s\u00e9parez des As, vous n'\u00eates autoris\u00e9 \u00e0 en tirer qu'un seul dans chaque cas. Certains joueurs malavis\u00e9s pensent que cela en fait un mauvais jeu. Si cela vous d\u00e9range, consid\u00e9rez simplement que vous doublez deux As \u00e0 la place. Et pensez \u00e0 ce que commencer avec une main de 2 ou de 12 est susceptible de produire. Il s'agit l\u00e0 d'une v\u00e9ritable \u00e9vidence. Misez et partagez. \u00c0 chaque fois.<\/p>\n<\/p><\/div>\n<\/p><\/div>\n<hr>\n<div class=\"row mB15\">\n<div class=\"col-xs-6 col-sm-4\">Frappeurs :<\/p>\n<div class=\"red\"><i class=\"fa fa-arrow-down\" aria-hidden=\"true\"><\/i> $0.66<\/div>\n<\/p><\/div>\n<div class=\"col-xs-6 col-sm-4\">Fractionnement :<\/p>\n<div class=\"text-success\"><i class=\"fa fa-arrow-up\" aria-hidden=\"true\"><\/i> $1.82<\/div>\n<\/p><\/div>\n<div class=\"col-xs-12 col-sm-4\">\n<hr class=\"visible-xs\">\n          Quelle est sa valeur ?<\/p>\n<div class=\"text-success\">$2.48 <span class=\"red\">(SPLIT)<\/span><\/div>\n<\/p><\/div>\n<\/p><\/div>\n<div class=\"small\">(Ce jeu est \u00e9galement utilis\u00e9 dans le jeu europ\u00e9en de cartes sans trou. La division des As est suffisamment forte pour justifier le risque).<\/div>\n<\/p><\/div>\n<p>    <!-- Mistake end -------------------------------------------------><\/p>\n<p>\nVoil\u00e0, c'est fait.  Le \"Panth\u00e9on\" des erreurs strat\u00e9giques courantes.  Comme vous pouvez le constater, m\u00eame \u00e0 $10 par main, ces erreurs commencent \u00e0 s'accumuler.\n<\/p>\n<p>\nSi chaque joueur apprenait la bonne strat\u00e9gie de base, les casinos ne pourraient pas se permettre de proposer le jeu tel que nous le connaissons.  En un clin d'\u0153il, l'espace disponible serait converti en machines \u00e0 sous.  Mais il semble qu'il y ait une r\u00e9serve in\u00e9puisable de joueurs qui pr\u00e9f\u00e8rent jouer au hasard, ce qui permet aux casinos de disposer de beaucoup d'argent.\n<\/p>\n<p>\nBonne chance, -Ken-\n<\/p>\n<hr>\n<p>\nD\u00e9tails pour les obsessionnels : Les montants en dollars calcul\u00e9s dans cet article supposent un jeu S17 DAS \u00e0 6 jeux.  La main du joueur 12 est suppos\u00e9e \u00eatre (Dix, 2). La main du joueur 11 est suppos\u00e9e \u00eatre (5,6).  D'autres compositions donnent des montants tr\u00e8s l\u00e9g\u00e8rement diff\u00e9rents.<\/p>\n<\/div>","protected":false},"excerpt":{"rendered":"<p>If you play blackjack for an hour or two, your results will be pretty unpredictable. You may win a lot, or you may lose a lot. Most of the time, you&#8217;ll be somewhere in between. In the short-term, good luck or bad luck decides whether you&#8217;ll be a net winner or loser. However, if you [&hellip;]<\/p>\n","protected":false},"author":2,"featured_media":0,"parent":0,"menu_order":0,"comment_status":"open","ping_status":"closed","template":"","meta":{"_acf_changed":false,"footnotes":""},"tags":[],"class_list":["post-1499","page","type-page","status-publish","hentry"],"acf":[],"yoast_head":"<!-- This site is optimized with the Yoast SEO plugin v26.6 - https:\/\/yoast.com\/wordpress\/plugins\/seo\/ -->\n<title>Top Ten Blackjack Basic Strategy Mistakes<\/title>\n<meta name=\"description\" content=\"The Top Ten Mistakes Made by Blackjack Players.\" \/>\n<meta name=\"robots\" content=\"index, follow, max-snippet:-1, max-image-preview:large, max-video-preview:-1\" \/>\n<link rel=\"canonical\" href=\"https:\/\/www.blackjackinfo.com\/fr\/les-dix-principales-erreurs-de-strategie-au-blackjack\/\" \/>\n<meta property=\"og:locale\" content=\"fr_FR\" \/>\n<meta property=\"og:type\" content=\"article\" \/>\n<meta property=\"og:title\" content=\"Top Ten Blackjack Basic Strategy Mistakes\" \/>\n<meta property=\"og:description\" content=\"The Top Ten Mistakes Made by Blackjack Players.\" \/>\n<meta property=\"og:url\" content=\"https:\/\/www.blackjackinfo.com\/fr\/les-dix-principales-erreurs-de-strategie-au-blackjack\/\" \/>\n<meta property=\"og:site_name\" content=\"BlackjackInfo.com\" \/>\n<meta property=\"article:modified_time\" content=\"2018-06-22T07:44:46+00:00\" \/>\n<meta name=\"twitter:label1\" content=\"Dur\u00e9e de lecture estim\u00e9e\" \/>\n\t<meta name=\"twitter:data1\" content=\"5 minutes\" \/>\n<script type=\"application\/ld+json\" class=\"yoast-schema-graph\">{\"@context\":\"https:\/\/schema.org\",\"@graph\":[{\"@type\":\"WebPage\",\"@id\":\"https:\/\/www.blackjackinfo.com\/top-ten-blackjack-basic-strategy-mistakes\/\",\"url\":\"https:\/\/www.blackjackinfo.com\/top-ten-blackjack-basic-strategy-mistakes\/\",\"name\":\"Top Ten Blackjack Basic Strategy Mistakes\",\"isPartOf\":{\"@id\":\"https:\/\/www.blackjackinfo.com\/#website\"},\"datePublished\":\"2014-12-23T05:06:06+00:00\",\"dateModified\":\"2018-06-22T07:44:46+00:00\",\"description\":\"The Top Ten Mistakes Made by Blackjack Players.\",\"breadcrumb\":{\"@id\":\"https:\/\/www.blackjackinfo.com\/top-ten-blackjack-basic-strategy-mistakes\/#breadcrumb\"},\"inLanguage\":\"fr-FR\",\"potentialAction\":[{\"@type\":\"ReadAction\",\"target\":[\"https:\/\/www.blackjackinfo.com\/top-ten-blackjack-basic-strategy-mistakes\/\"]}]},{\"@type\":\"BreadcrumbList\",\"@id\":\"https:\/\/www.blackjackinfo.com\/top-ten-blackjack-basic-strategy-mistakes\/#breadcrumb\",\"itemListElement\":[{\"@type\":\"ListItem\",\"position\":1,\"name\":\"Home\",\"item\":\"https:\/\/www.blackjackinfo.com\/\"},{\"@type\":\"ListItem\",\"position\":2,\"name\":\"Top Ten Blackjack Basic Strategy Mistakes\"}]},{\"@type\":\"WebSite\",\"@id\":\"https:\/\/www.blackjackinfo.com\/#website\",\"url\":\"https:\/\/www.blackjackinfo.com\/\",\"name\":\"BlackjackInfo.com\",\"description\":\"Because Winning is More Fun!\",\"potentialAction\":[{\"@type\":\"SearchAction\",\"target\":{\"@type\":\"EntryPoint\",\"urlTemplate\":\"https:\/\/www.blackjackinfo.com\/?s={search_term_string}\"},\"query-input\":{\"@type\":\"PropertyValueSpecification\",\"valueRequired\":true,\"valueName\":\"search_term_string\"}}],\"inLanguage\":\"fr-FR\"}]}<\/script>\n<!-- \/ Yoast SEO plugin. -->","yoast_head_json":{"title":"Les dix principales erreurs de strat\u00e9gie de base au Blackjack","description":"Les dix principales erreurs commises par les joueurs de blackjack.","robots":{"index":"index","follow":"follow","max-snippet":"max-snippet:-1","max-image-preview":"max-image-preview:large","max-video-preview":"max-video-preview:-1"},"canonical":"https:\/\/www.blackjackinfo.com\/fr\/les-dix-principales-erreurs-de-strategie-au-blackjack\/","og_locale":"fr_FR","og_type":"article","og_title":"Top Ten Blackjack Basic Strategy Mistakes","og_description":"The Top Ten Mistakes Made by Blackjack Players.","og_url":"https:\/\/www.blackjackinfo.com\/fr\/les-dix-principales-erreurs-de-strategie-au-blackjack\/","og_site_name":"BlackjackInfo.com","article_modified_time":"2018-06-22T07:44:46+00:00","twitter_misc":{"Dur\u00e9e de lecture estim\u00e9e":"5 minutes"},"schema":{"@context":"https:\/\/schema.org","@graph":[{"@type":"WebPage","@id":"https:\/\/www.blackjackinfo.com\/top-ten-blackjack-basic-strategy-mistakes\/","url":"https:\/\/www.blackjackinfo.com\/top-ten-blackjack-basic-strategy-mistakes\/","name":"Les dix principales erreurs de strat\u00e9gie de base au Blackjack","isPartOf":{"@id":"https:\/\/www.blackjackinfo.com\/#website"},"datePublished":"2014-12-23T05:06:06+00:00","dateModified":"2018-06-22T07:44:46+00:00","description":"Les dix principales erreurs commises par les joueurs de blackjack.","breadcrumb":{"@id":"https:\/\/www.blackjackinfo.com\/top-ten-blackjack-basic-strategy-mistakes\/#breadcrumb"},"inLanguage":"fr-FR","potentialAction":[{"@type":"ReadAction","target":["https:\/\/www.blackjackinfo.com\/top-ten-blackjack-basic-strategy-mistakes\/"]}]},{"@type":"BreadcrumbList","@id":"https:\/\/www.blackjackinfo.com\/top-ten-blackjack-basic-strategy-mistakes\/#breadcrumb","itemListElement":[{"@type":"ListItem","position":1,"name":"Home","item":"https:\/\/www.blackjackinfo.com\/"},{"@type":"ListItem","position":2,"name":"Top Ten Blackjack Basic Strategy Mistakes"}]},{"@type":"WebSite","@id":"https:\/\/www.blackjackinfo.com\/#website","url":"https:\/\/www.blackjackinfo.com\/","name":"BlackjackInfo.com","description":"Parce que gagner, c'est plus amusant !","potentialAction":[{"@type":"SearchAction","target":{"@type":"EntryPoint","urlTemplate":"https:\/\/www.blackjackinfo.com\/?s={search_term_string}"},"query-input":{"@type":"PropertyValueSpecification","valueRequired":true,"valueName":"search_term_string"}}],"inLanguage":"fr-FR"}]}},"_links":{"self":[{"href":"https:\/\/www.blackjackinfo.com\/fr\/wp-json\/wp\/v2\/pages\/1499","targetHints":{"allow":["GET"]}}],"collection":[{"href":"https:\/\/www.blackjackinfo.com\/fr\/wp-json\/wp\/v2\/pages"}],"about":[{"href":"https:\/\/www.blackjackinfo.com\/fr\/wp-json\/wp\/v2\/types\/page"}],"author":[{"embeddable":true,"href":"https:\/\/www.blackjackinfo.com\/fr\/wp-json\/wp\/v2\/users\/2"}],"replies":[{"embeddable":true,"href":"https:\/\/www.blackjackinfo.com\/fr\/wp-json\/wp\/v2\/comments?post=1499"}],"version-history":[{"count":14,"href":"https:\/\/www.blackjackinfo.com\/fr\/wp-json\/wp\/v2\/pages\/1499\/revisions"}],"predecessor-version":[{"id":3729,"href":"https:\/\/www.blackjackinfo.com\/fr\/wp-json\/wp\/v2\/pages\/1499\/revisions\/3729"}],"wp:attachment":[{"href":"https:\/\/www.blackjackinfo.com\/fr\/wp-json\/wp\/v2\/media?parent=1499"}],"wp:term":[{"taxonomy":"post_tag","embeddable":true,"href":"https:\/\/www.blackjackinfo.com\/fr\/wp-json\/wp\/v2\/tags?post=1499"}],"curies":[{"name":"wp","href":"https:\/\/api.w.org\/{rel}","templated":true}]}}