{"id":1901,"date":"2016-10-14T13:38:31","date_gmt":"2016-10-14T18:38:31","guid":{"rendered":"https:\/\/www.blackjackinfo.com\/?page_id=1901"},"modified":"2018-06-22T02:25:28","modified_gmt":"2018-06-22T07:25:28","slug":"a-propos-de-lv-bear","status":"publish","type":"page","link":"https:\/\/www.blackjackinfo.com\/fr\/about-lv-bear\/","title":{"rendered":"\u00c0 propos de LV Bear"},"content":{"rendered":"<p class=\"intro\">J'ai commenc\u00e9 \u00e0 jouer au blackjack au milieu des ann\u00e9es 1990 apr\u00e8s avoir lu l'ouvrage d'Ed Thorp intitul\u00e9 <a rel=\"nofollow\" href=\"http:\/\/www.amazon.com\/dp\/0394703103\/?tag=theblackjacbasic\">Battre le croupier<\/a>. Auparavant, je m'\u00e9tais content\u00e9 de jouer comme un \"ploppy\" (client typique d'un casino non inform\u00e9) \u00e0 quelques reprises dans ma vie. Je ne m'int\u00e9ressais pas vraiment au blackjack ou \u00e0 d'autres jeux de casino. Apr\u00e8s avoir lu le livre du Dr Thorp, j'ai commenc\u00e9 \u00e0 m'int\u00e9resser au concept de jeu \u00e0 l'avantage. J'ai travaill\u00e9 \u00e0 mon compte pendant la majeure partie de ma vie et j'avais un emploi du temps flexible. J'ai commenc\u00e9 \u00e0 lire d'autres livres et \u00e0 m'entra\u00eener \u00e0 de faibles enjeux dans plusieurs casinos de Laughlin. Laughlin \u00e9tait le casino le plus proche de mon domicile \u00e0 l'\u00e9poque.<\/p>\n<p>\u00c0 la fin des ann\u00e9es 1990, l'entreprise dans laquelle je travaillais a connu des changements et j'ai d\u00e9cid\u00e9 de la quitter. Ma femme, qui a presque dix ans de moins que moi, \u00e9tait en derni\u00e8re ann\u00e9e d'un long cursus universitaire. Il aurait \u00e9t\u00e9 difficile de changer de lieu de r\u00e9sidence. Et, malheureusement, la ville dans laquelle nous vivions n'offrait que peu d'opportunit\u00e9s pour moi dans tout ce qui m'int\u00e9ressait. Ma femme et moi avons d\u00e9cid\u00e9 que je jouerais au blackjack pendant environ six mois et que je verrais comment cela se passe, pendant qu'elle terminerait ses \u00e9tudes. Nous avons d\u00e9cid\u00e9 de reporter la d\u00e9cision concernant notre lieu de r\u00e9sidence jusqu'\u00e0 ce qu'elle ait termin\u00e9 ses \u00e9tudes.<\/p>\n<p>Je suis devenu un joueur de blackjack \u00e0 plein temps en 1999, et l'ann\u00e9e suivante, j'\u00e9tais souvent sur la route, jouant au blackjack dans tout le Nevada. En juin 2000, lorsque ma femme a termin\u00e9 ses \u00e9tudes, nous avons d\u00e9cid\u00e9 de nous installer \u00e0 Las Vegas. J'avais grandi \u00e0 Las Vegas dans les ann\u00e9es 1960, mais j'avais d\u00e9m\u00e9nag\u00e9 en 1972. Mes parents vivaient \u00e0 Las Vegas et les possibilit\u00e9s d'emploi pour ma femme \u00e9taient nombreuses \u00e0 Las Vegas, alors nous sommes partis. Nous avons v\u00e9cu \u00e0 Las Vegas et j'ai toujours \u00e9t\u00e9 un joueur d'avantage.<\/p>\n<p>Au fil des ans, avec l'augmentation des mises, je joue de moins en moins d'heures. Je me consacre d\u00e9sormais \u00e0 d'autres activit\u00e9s lucratives. La d\u00e9t\u00e9rioration des jeux et les tracas li\u00e9s aux d\u00e9placements fr\u00e9quents ont eu raison de moi. Il y a quelques ann\u00e9es, je jouais un millier d'heures ou plus par an.<\/p>\n<p>J'ai la chance que ma femme me soutienne totalement dans mon jeu. Elle est elle-m\u00eame joueuse d'avantages \u00e0 temps partiel. Sa profession lui permet d'avoir un emploi du temps assez flexible, et elle m'accompagne donc lors de certains de mes d\u00e9placements \u00e0 l'ext\u00e9rieur de la ville.<\/p>\n<p>Mon bankroll actuel est \u00e0 six chiffres et s'est constitu\u00e9 au fil des ans \u00e0 partir du minuscule bankroll de $15,000 avec lequel j'ai commenc\u00e9. Je suis un joueur de blackjack agressif, qui mise beaucoup mais joue des sessions courtes. Je joue \u00e9galement \u00e0 d'autres jeux dont je ne peux pas parler publiquement, et je suis toujours \u00e0 l'aff\u00fbt d'opportunit\u00e9s de gains suppl\u00e9mentaires. Si vous \u00eates attentif et observateur, vous d\u00e9couvrirez qu'il existe de nombreux autres moyens que le blackjack pour soutirer de l'argent aux casinos.<\/p>\n<p>J'utilise le compte Hi-Lo standard, avec des indices allant de -4 \u00e0 +6.  Je joue rapidement et silencieusement, pr\u00e9f\u00e9rant jouer seul ou avec le moins de joueurs possible. Si n\u00e9cessaire, je peux discuter avec le croupier, le personnel de la fosse, les serveuses de cocktails ou les ploppies, tout en \u00e9tant s\u00fbr de mon d\u00e9compte et en \u00e9tant capable de maintenir une vitesse de jeu appropri\u00e9e, ce qui, bien s\u00fbr, signifie autant de mains que possible par heure.<\/p>\n<p>Le harc\u00e8lement et la stupidit\u00e9 des casinos constituent la partie la plus frustrante et la plus ennuyeuse du jeu \u00e0 l'avantage. Personne ne peut pr\u00e9dire avec pr\u00e9cision quand le harc\u00e8lement va se manifester. J'ai \u00e9t\u00e9 trait\u00e9 impoliment un nombre incalculable de fois, j'ai \u00e9t\u00e9 menac\u00e9 et m\u00eame agress\u00e9 par des agents de s\u00e9curit\u00e9 de casino, des caissiers ont refus\u00e9 d'encaisser mes jetons, j'ai \u00e9t\u00e9 expuls\u00e9 de chambres d'h\u00f4tel o\u00f9 l'on m'avait offert une chambre, etc. Les casinos sont souvent m\u00e9chants et vindicatifs \u00e0 l'\u00e9gard des personnes qui utilisent leur cerveau en jouant \u00e0 des jeux de casino. Les casinos sont souvent m\u00e9chants et vindicatifs \u00e0 l'\u00e9gard des personnes qui utilisent leur cerveau en jouant aux jeux de casino. Bien que je fasse cela depuis longtemps, la mesquinerie et la m\u00e9chancet\u00e9 des gens des casinos me surprennent encore. C'est en partie pour cette raison que j'ai cr\u00e9\u00e9 mon blog <a href=\"http:\/\/www.thebeargrowls.com\/\">www.TheBearGrowls.com<\/a> pour aider \u00e0 d\u00e9noncer les malversations des casinos.<\/p>\n<p>J'accepte les retours en arri\u00e8re et les barrissements comme faisant partie du jeu. Je suis toujours poli lorsqu'on me laisse tomber, ce qui m'est arriv\u00e9 plus d'une centaine de fois. Parfois, les casinos se tirent une balle dans le pied en transformant un \u00e9v\u00e9nement banal et discret en un spectacle embarrassant pour eux. Les retours en arri\u00e8re ne sont qu'une d\u00e9cision commerciale du casino. Il n'y a aucune raison l\u00e9gitime de faire intervenir des agents de s\u00e9curit\u00e9. Il est rare qu'un joueur ayant un avantage devienne indisciplin\u00e9 lorsqu'il est refoul\u00e9 ou interdit de jeu. En g\u00e9n\u00e9ral, nous voulons simplement sortir de l\u00e0 en toute s\u00e9curit\u00e9. Les gardes n'ont aucune raison d'intervenir. Il s'agit simplement d'une tactique d'intimidation de la part du casino, et d'une tactique honteuse pour eux. Je suis heureux que cela se retourne contre eux et que cela d\u00e9range les ploppies.<\/p>\n<p>Un jour, un ploppy a \u00e9t\u00e9 impliqu\u00e9 dans une op\u00e9ration de routine. Le chef d'\u00e9quipe s'est mis en col\u00e8re et a trait\u00e9 les compteurs de \"salauds\". Il a tellement contrari\u00e9 le ploppy apparemment bien intentionn\u00e9 que ce dernier est parti \u00e0 son tour, jurant de ne plus jamais revenir. Le chef d'\u00e9quipe a fait preuve d'une stupidit\u00e9 \u00e9tonnante - c'\u00e9tait hilarant.<\/p>\n<p>J'ai \u00e9crit un <a href=\"http:\/\/www.thebeargrowls.com\/?p=73\">Guide pour minimiser les risques de dommages corporels lors des backoffs et barrings dans les casinos<\/a>. Il est terrible que l'on doive m\u00eame discuter de ces choses. Il y a longtemps que les forces de l'ordre auraient d\u00fb mettre un terme \u00e0 ces crimes commis par les employ\u00e9s des casinos.<\/p>\n<p>J'ai pu survivre pendant pr\u00e8s de vingt ans dans l'environnement des casinos gr\u00e2ce \u00e0 ma pers\u00e9v\u00e9rance, \u00e0 la vari\u00e9t\u00e9 de mes comp\u00e9tences et de mes jeux, et \u00e0 mon bon comportement dans les casinos, qui consiste notamment \u00e0 \u00eatre toujours agr\u00e9able et poli avec tout le monde, m\u00eame avec les ivrognes. Il est \u00e9galement important de ne pas se nourrir trop souvent \u00e0 la m\u00eame mangeoire. Des relev\u00e9s de jeu d\u00e9taill\u00e9s, y compris les quarts jou\u00e9s, sont indispensables pour \u00e9viter la surexposition.<\/p>\n<p>J'ai eu la chance de rencontrer de nombreux autres joueurs comp\u00e9tents. Ils sont g\u00e9n\u00e9ralement honn\u00eates, intelligents, cultiv\u00e9s et prosp\u00e8res. J'ai eu l'honneur de travailler avec certains des meilleurs, et parfois d'unir mes forces pour faire face \u00e0 certaines situations. Sans les amis joueurs d'avantage que je me suis faits, principalement par le biais de\u00a0<a href=\"http:\/\/www.bj21.com\/\">www.BJ21.com<\/a> Green Chip et d'autres forums, je ne serais probablement pas encore en train de soutirer de l'argent aux casinos et je ne jouerais certainement pas au niveau qui est le mien aujourd'hui.<\/p>\n<p>Je ne pense pas que les clients aient le pouvoir de changer grand-chose de mani\u00e8re positive. Nous devons nous rendre compte que les casinos <em>ne veulent pas<\/em> notre m\u00e9c\u00e9nat. Bien s\u00fbr, ils veulent entretenir l'illusion que le m\u00e9c\u00e8ne moyen a une chance raisonnable de gagner, afin que les ploppies continuent d'affluer aux jeux. Mais ils ne veulent pas que quiconque gagne r\u00e9ellement au fil du temps.<\/p>\n<p>Regardez les publicit\u00e9s des casinos avec les visages heureux et souriants. \"Mme Housewife a gagn\u00e9 120 000 euros au quart de la machine \u00e0 sous progressive du Greed Casino la semaine derni\u00e8re. Je n'ai pas encore vu d'annonce \"M. Counter a gagn\u00e9 $20,000 au blackjack\" - je suppose que l'annonce devrait \u00e9galement dire : \"Ensuite, nous l'avons harcel\u00e9, jet\u00e9 hors de sa chambre gratuite au milieu de la nuit, et lui avons dit de ne jamais revenir. Et nous avons enregistr\u00e9 sa photo et ses informations personnelles dans une base de donn\u00e9es accessible \u00e0 d'autres casinos.\"<\/p>\n<p>Toutefois, nous devons continuer \u00e0 lutter contre les abus commis par les employ\u00e9s des casinos \u00e0 l'encontre des joueurs qualifi\u00e9s. La violence \u00e0 l'encontre des joueurs qualifi\u00e9s, les menaces, les enl\u00e8vements (\"backrooming\") et la diffusion ill\u00e9gale de photographies et d'informations personnelles doivent cesser.<\/p>\n<p>Pour une personne seule qui a accumul\u00e9 un bankroll suffisant, le blackjack et d'autres jeux d'avantage constituent une bonne opportunit\u00e9, et il n'y a pas vraiment d'inconv\u00e9nient. Du moins, il n'y a pas plus d'inconv\u00e9nients qu'en cr\u00e9ant n'importe quelle autre entreprise. Au d\u00e9but, les exigences en mati\u00e8re de bankroll sont inf\u00e9rieures \u00e0 celles de la plupart des autres types d'entreprises. Mais ce n'est pas aussi facile qu'il y a quinze ou vingt ans, en raison de la consolidation de la propri\u00e9t\u00e9 des casinos et de la d\u00e9t\u00e9rioration des jeux. Pour une personne mari\u00e9e, je pense que l'acceptation totale du conjoint est indispensable. Sans cela, il est difficile de jouer de mani\u00e8re avantageuse. Je suppose que l'acceptation par un conjoint est probablement n\u00e9cessaire pour toute entreprise r\u00e9ussie, mais j'ai entendu dire qu'une telle acceptation est plus difficile \u00e0 obtenir que pour d'autres activit\u00e9s plus \"normales\".<\/p>\n<p>Il faut avoir la peau dure et \u00eatre capable de ne pas prendre personnellement l'impolitesse et l'hostilit\u00e9 que l'on re\u00e7oit souvent du personnel des casinos. Au d\u00e9but, le jeu \u00e0 l'avantage est int\u00e9ressant et amusant, surtout s'il est compar\u00e9 \u00e0 un travail ou \u00e0 une entreprise que vous n'aimez pas. Mais finalement, le m\u00e9tier devient quelque peu routinier et monotone, \u00e0 la limite de l'ennui. Vous devez apprendre \u00e0 chercher des raisons de rire dans les casinos pour soulager l'ennui. Mais la flexibilit\u00e9 personnelle est plus grande que dans n'importe quelle autre entreprise aussi rentable.<\/p>\n<p>Vers la fin de l'ann\u00e9e 2018, je me retirerai du jeu actif, mais j'attends avec impatience d'autres opportunit\u00e9s. D'apr\u00e8s mon exp\u00e9rience, le jeu avantageux est plus gratifiant en tant que source de revenu suppl\u00e9mentaire \u00e0 temps partiel. Je suis heureux d'\u00eatre maintenant un joueur \u00e0 temps partiel, de ne pas \u00eatre sur le terrain tous les jours. Mais dans l'ensemble, j'ai appr\u00e9ci\u00e9 le temps que j'ai pass\u00e9 en tant que joueur de blackjack exp\u00e9riment\u00e9 et pratiquant d'autres formes de jeu d'avantage.  Si je pouvais revenir en arri\u00e8re, je ne ferais rien diff\u00e9remment.<\/p>\n<p>Avoir l'opportunit\u00e9 d'aider blackjackinfo.com est un nouveau d\u00e9fi pour moi.  Je me r\u00e9jouis \u00e0 l'id\u00e9e de participer activement \u00e0 la vie de blackjackinfo.com. <a href=\"https:\/\/www.blackjackinfo.com\/community\/\">forum<\/a>. J'esp\u00e8re que vous partagerez mon enthousiasme.<\/p>","protected":false},"excerpt":{"rendered":"<p>I began playing blackjack in the mid 1990s after reading Ed Thorp\u2019s Beat the Dealer. Previously, I had just played as a &#8220;ploppy&#8221; (typical uninformed casino patron) a few times in my life. I had no real interest in blackjack or any other casino games. After reading Dr. Thorp\u2019s book, I became interested in the [&hellip;]<\/p>\n","protected":false},"author":4,"featured_media":0,"parent":0,"menu_order":0,"comment_status":"closed","ping_status":"closed","template":"","meta":{"_acf_changed":false,"footnotes":""},"tags":[],"class_list":["post-1901","page","type-page","status-publish","hentry"],"acf":[],"yoast_head":"<!-- This site is optimized with the Yoast SEO plugin v26.6 - https:\/\/yoast.com\/wordpress\/plugins\/seo\/ -->\n<title>About LV Bear<\/title>\n<meta name=\"description\" content=\"I began playing blackjack in the mid 1990s after reading Ed Thorp\u2019s Beat the Dealer. Previously, I had just played as a &quot;ploppy&quot; (typical uninformed\" \/>\n<meta name=\"robots\" content=\"index, follow, max-snippet:-1, max-image-preview:large, max-video-preview:-1\" \/>\n<link rel=\"canonical\" href=\"https:\/\/www.blackjackinfo.com\/fr\/a-propos-de-lv-bear\/\" \/>\n<meta property=\"og:locale\" content=\"fr_FR\" \/>\n<meta property=\"og:type\" content=\"article\" \/>\n<meta property=\"og:title\" content=\"About LV Bear\" \/>\n<meta property=\"og:description\" content=\"I began playing blackjack in the mid 1990s after reading Ed Thorp\u2019s Beat the Dealer. Previously, I had just played as a &quot;ploppy&quot; (typical uninformed\" \/>\n<meta property=\"og:url\" content=\"https:\/\/www.blackjackinfo.com\/fr\/a-propos-de-lv-bear\/\" \/>\n<meta property=\"og:site_name\" content=\"BlackjackInfo.com\" \/>\n<meta property=\"article:modified_time\" content=\"2018-06-22T07:25:28+00:00\" \/>\n<meta name=\"twitter:label1\" content=\"Dur\u00e9e de lecture estim\u00e9e\" \/>\n\t<meta name=\"twitter:data1\" content=\"8 minutes\" \/>\n<script type=\"application\/ld+json\" class=\"yoast-schema-graph\">{\"@context\":\"https:\/\/schema.org\",\"@graph\":[{\"@type\":\"WebPage\",\"@id\":\"https:\/\/www.blackjackinfo.com\/about-lv-bear\/\",\"url\":\"https:\/\/www.blackjackinfo.com\/about-lv-bear\/\",\"name\":\"About LV Bear\",\"isPartOf\":{\"@id\":\"https:\/\/www.blackjackinfo.com\/#website\"},\"datePublished\":\"2016-10-14T18:38:31+00:00\",\"dateModified\":\"2018-06-22T07:25:28+00:00\",\"description\":\"I began playing blackjack in the mid 1990s after reading Ed Thorp\u2019s Beat the Dealer. Previously, I had just played as a \\\"ploppy\\\" (typical uninformed\",\"breadcrumb\":{\"@id\":\"https:\/\/www.blackjackinfo.com\/about-lv-bear\/#breadcrumb\"},\"inLanguage\":\"fr-FR\",\"potentialAction\":[{\"@type\":\"ReadAction\",\"target\":[\"https:\/\/www.blackjackinfo.com\/about-lv-bear\/\"]}]},{\"@type\":\"BreadcrumbList\",\"@id\":\"https:\/\/www.blackjackinfo.com\/about-lv-bear\/#breadcrumb\",\"itemListElement\":[{\"@type\":\"ListItem\",\"position\":1,\"name\":\"Home\",\"item\":\"https:\/\/www.blackjackinfo.com\/\"},{\"@type\":\"ListItem\",\"position\":2,\"name\":\"About LV Bear\"}]},{\"@type\":\"WebSite\",\"@id\":\"https:\/\/www.blackjackinfo.com\/#website\",\"url\":\"https:\/\/www.blackjackinfo.com\/\",\"name\":\"BlackjackInfo.com\",\"description\":\"Because Winning is More Fun!\",\"potentialAction\":[{\"@type\":\"SearchAction\",\"target\":{\"@type\":\"EntryPoint\",\"urlTemplate\":\"https:\/\/www.blackjackinfo.com\/?s={search_term_string}\"},\"query-input\":{\"@type\":\"PropertyValueSpecification\",\"valueRequired\":true,\"valueName\":\"search_term_string\"}}],\"inLanguage\":\"fr-FR\"}]}<\/script>\n<!-- \/ Yoast SEO plugin. -->","yoast_head_json":{"title":"\u00c0 propos de LV Bear","description":"J'ai commenc\u00e9 \u00e0 jouer au blackjack au milieu des ann\u00e9es 1990 apr\u00e8s avoir lu Beat the Dealer d'Ed Thorp. Auparavant, j'avais jou\u00e9 en tant que \"ploppy\" (joueur non inform\u00e9 typique).","robots":{"index":"index","follow":"follow","max-snippet":"max-snippet:-1","max-image-preview":"max-image-preview:large","max-video-preview":"max-video-preview:-1"},"canonical":"https:\/\/www.blackjackinfo.com\/fr\/a-propos-de-lv-bear\/","og_locale":"fr_FR","og_type":"article","og_title":"About LV Bear","og_description":"I began playing blackjack in the mid 1990s after reading Ed Thorp\u2019s Beat the Dealer. Previously, I had just played as a \"ploppy\" (typical uninformed","og_url":"https:\/\/www.blackjackinfo.com\/fr\/a-propos-de-lv-bear\/","og_site_name":"BlackjackInfo.com","article_modified_time":"2018-06-22T07:25:28+00:00","twitter_misc":{"Dur\u00e9e de lecture estim\u00e9e":"8 minutes"},"schema":{"@context":"https:\/\/schema.org","@graph":[{"@type":"WebPage","@id":"https:\/\/www.blackjackinfo.com\/about-lv-bear\/","url":"https:\/\/www.blackjackinfo.com\/about-lv-bear\/","name":"\u00c0 propos de LV Bear","isPartOf":{"@id":"https:\/\/www.blackjackinfo.com\/#website"},"datePublished":"2016-10-14T18:38:31+00:00","dateModified":"2018-06-22T07:25:28+00:00","description":"J'ai commenc\u00e9 \u00e0 jouer au blackjack au milieu des ann\u00e9es 1990 apr\u00e8s avoir lu Beat the Dealer d'Ed Thorp. Auparavant, j'avais jou\u00e9 en tant que \"ploppy\" (joueur non inform\u00e9 typique).","breadcrumb":{"@id":"https:\/\/www.blackjackinfo.com\/about-lv-bear\/#breadcrumb"},"inLanguage":"fr-FR","potentialAction":[{"@type":"ReadAction","target":["https:\/\/www.blackjackinfo.com\/about-lv-bear\/"]}]},{"@type":"BreadcrumbList","@id":"https:\/\/www.blackjackinfo.com\/about-lv-bear\/#breadcrumb","itemListElement":[{"@type":"ListItem","position":1,"name":"Home","item":"https:\/\/www.blackjackinfo.com\/"},{"@type":"ListItem","position":2,"name":"About LV Bear"}]},{"@type":"WebSite","@id":"https:\/\/www.blackjackinfo.com\/#website","url":"https:\/\/www.blackjackinfo.com\/","name":"BlackjackInfo.com","description":"Parce que gagner, c'est plus amusant !","potentialAction":[{"@type":"SearchAction","target":{"@type":"EntryPoint","urlTemplate":"https:\/\/www.blackjackinfo.com\/?s={search_term_string}"},"query-input":{"@type":"PropertyValueSpecification","valueRequired":true,"valueName":"search_term_string"}}],"inLanguage":"fr-FR"}]}},"_links":{"self":[{"href":"https:\/\/www.blackjackinfo.com\/fr\/wp-json\/wp\/v2\/pages\/1901","targetHints":{"allow":["GET"]}}],"collection":[{"href":"https:\/\/www.blackjackinfo.com\/fr\/wp-json\/wp\/v2\/pages"}],"about":[{"href":"https:\/\/www.blackjackinfo.com\/fr\/wp-json\/wp\/v2\/types\/page"}],"author":[{"embeddable":true,"href":"https:\/\/www.blackjackinfo.com\/fr\/wp-json\/wp\/v2\/users\/4"}],"replies":[{"embeddable":true,"href":"https:\/\/www.blackjackinfo.com\/fr\/wp-json\/wp\/v2\/comments?post=1901"}],"version-history":[{"count":9,"href":"https:\/\/www.blackjackinfo.com\/fr\/wp-json\/wp\/v2\/pages\/1901\/revisions"}],"predecessor-version":[{"id":5083,"href":"https:\/\/www.blackjackinfo.com\/fr\/wp-json\/wp\/v2\/pages\/1901\/revisions\/5083"}],"wp:attachment":[{"href":"https:\/\/www.blackjackinfo.com\/fr\/wp-json\/wp\/v2\/media?parent=1901"}],"wp:term":[{"taxonomy":"post_tag","embeddable":true,"href":"https:\/\/www.blackjackinfo.com\/fr\/wp-json\/wp\/v2\/tags?post=1901"}],"curies":[{"name":"wp","href":"https:\/\/api.w.org\/{rel}","templated":true}]}}