{"id":2028,"date":"2016-10-15T22:56:16","date_gmt":"2016-10-16T03:56:16","guid":{"rendered":"https:\/\/www.blackjackinfo.com\/?page_id=2028"},"modified":"2018-06-22T02:44:38","modified_gmt":"2018-06-22T07:44:38","slug":"les-quatre-meilleurs-livres-de-blackjack","status":"publish","type":"page","link":"https:\/\/www.blackjackinfo.com\/fr\/top-four-blackjack-books\/","title":{"rendered":"Les quatre meilleurs livres sur le blackjack"},"content":{"rendered":"<p><span style=\"font-weight: 400;\">R\u00e9cemment, je me suis rendu sur le campus de l'UNLV pour visiter le centre de formation de l'universit\u00e9. <\/span><a href=\"http:\/\/gaming.unlv.edu\/\"><span style=\"font-weight: 400;\">Centre de recherche sur les jeux<\/span><\/a><span style=\"font-weight: 400;\"> qui se trouve au troisi\u00e8me \u00e9tage de la biblioth\u00e8que du Lied. Je le fais de temps en temps pour faire le point, et pour rester au fait des techniques de jeu et des connaissances sur les avantages. Il y a une section de collections sp\u00e9ciales au centre o\u00f9 se trouvent presque tous les livres sur le jeu et tous les articles acad\u00e9miques jamais publi\u00e9s sur le sujet.  Il s'agit sans doute de la collection de livres sur le jeu la plus compl\u00e8te au monde.  Certains de ces livres sont des textes classiques sur une vari\u00e9t\u00e9 de jeux d'avantage et certains sont des lectures essentielles pour les aspirants joueurs professionnels, tandis que d'autres sont de pures inepties et ne valent pas le papier sur lequel ils sont \u00e9crits. \u00a0<\/span><\/p>\n<p><span style=\"font-weight: 400;\">Cette visite m'a amen\u00e9 \u00e0 r\u00e9fl\u00e9chir \u00e0 tous les livres et articles que j'ai lus sur le jeu de l'avantage au fil des ans, qui se comptent respectivement par centaines et par milliers.  Quatre livres se d\u00e9tachent de tous les autres textes qui ont \u00e9t\u00e9 \u00e9crits sur le sujet. Cela ne veut pas dire que ce sont les seuls qui valent la peine d'\u00eatre lus, et il y a des dizaines d'auteurs qui ont apport\u00e9 des contributions significatives \u00e0 l'avancement du domaine.  J'accorderai d'ailleurs une mention honorable \u00e0 ces ouvrages vers la fin de l'article.  Mais ces quatre-l\u00e0, \u00e0 mon humble mais \u00e9clair\u00e9e opinion, sont des textes cl\u00e9s dont on peut tirer toutes les techniques de jeu les plus essentielles.<\/span><\/p>\n<p><span style=\"font-weight: 400;\">Le premier de ces quatre livres ne devrait pas surprendre quiconque a \u00e9tudi\u00e9 les jeux d'argent, m\u00eame au niveau le plus superficiel.  En 1962, Ed Thorp a publi\u00e9 <\/span><i><span style=\"font-weight: 400;\">Battre le croupier<\/span><\/i><span style=\"font-weight: 400;\">.  Il s'agit du premier texte scientifique sur le sujet \u00e0 avoir \u00e9t\u00e9 largement diffus\u00e9 aupr\u00e8s du public.  L'id\u00e9e qu'un jeu de casino puisse \u00eatre battu \u00e9tait un concept compl\u00e8tement \u00e9tranger au grand public et ce livre a mis l'id\u00e9ologie en avant et au centre pour que tout le monde puisse la voir. \u00a0<\/span><\/p>\n<p><span style=\"font-weight: 400;\"><img loading=\"lazy\" decoding=\"async\" class=\"alignright wp-image-2035 size-medium\" src=\"https:\/\/www.blackjackinfo.com\/files\/beat-the-dealer-179x300.jpg\" alt=\"beat-the-dealer\" width=\"179\" height=\"300\" srcset=\"https:\/\/www.blackjackinfo.com\/files\/beat-the-dealer-179x300.jpg 179w, https:\/\/www.blackjackinfo.com\/files\/beat-the-dealer.jpg 502w\" sizes=\"auto, (max-width: 179px) 100vw, 179px\" data-no-auto-translation=\"\" \/>Les id\u00e9es contenues dans <\/span><i><span style=\"font-weight: 400;\">Battre le croupier<\/span><\/i><span style=\"font-weight: 400;\"> ont \u00e9t\u00e9 d\u00e9velopp\u00e9s \u00e0 l'\u00e9poque o\u00f9 le blackjack \u00e0 un seul jeu \u00e9tait le jeu de table dominant \u00e0 Las Vegas.  L'introduction du livre de Thorps a conduit Las Vegas \u00e0 modifier les r\u00e8gles du jeu traditionnel de 21, mais les r\u00e8gles originales ont \u00e9t\u00e9 rapidement r\u00e9tablies peu de temps apr\u00e8s que le changement de r\u00e8gles ait entra\u00een\u00e9 la disparition quasi-totale des clients des h\u00f4tels et des casinos de Las Vegas. \u00a0<\/span><\/p>\n<p><span style=\"font-weight: 400;\">Au fur et \u00e0 mesure que des jeux suppl\u00e9mentaires et des changements de r\u00e8gles ont \u00e9t\u00e9 ajout\u00e9s au jeu traditionnel \u00e0 un seul jeu, l'analyse originale de Thorps a d\u00fb \u00eatre modifi\u00e9e. De nombreux auteurs et joueurs ont tent\u00e9 d'apporter leur contribution au travail r\u00e9volutionnaire de Thorps, certains lui rendant justice tandis que d'autres ne parviennent pas \u00e0 atteindre cet objectif.  Henry Tamburin, joueur professionnel de longue date et auteur, dans son document en ligne, <\/span><a href=\"https:\/\/www.888casino.com\/blog\/blackjack-strategy-guide\/\"><span style=\"font-weight: 400;\">Le guide ultime du blackjack<\/span><\/a><span style=\"font-weight: 400;\"> publi\u00e9 sur le blog 888casino.com, fait un excellent travail en pla\u00e7ant l'analyse originale de Thorp dans un cadre coh\u00e9rent avec l'\u00e8re moderne.  Le professeur Thorp publiera un nouveau livre \u00e0 la fin du mois de janvier 2017. <\/span><a href=\"http:\/\/www.penguinrandomhouse.com\/books\/178551\/a-man-for-all-markets-by-edward-o-thorp\/9781400067961\/\"><span style=\"font-weight: 400;\">Un homme pour tous les march\u00e9s<\/span><\/a><span style=\"font-weight: 400;\"> est une r\u00e9flexion sur sa vie, son influence sur Las Vegas et les march\u00e9s des actions et des options, ainsi que des conseils sur la vie en g\u00e9n\u00e9ral.<\/span><\/p>\n<p><span style=\"font-weight: 400;\"><img loading=\"lazy\" decoding=\"async\" class=\"alignleft size-medium wp-image-2040\" src=\"\/files\/the-theory-of-blackjack-book-194x300.jpg\" alt=\"the-theory-of-blackjack-book\" width=\"194\" height=\"300\" srcset=\"https:\/\/www.blackjackinfo.com\/files\/the-theory-of-blackjack-book-194x300.jpg 194w, https:\/\/www.blackjackinfo.com\/files\/the-theory-of-blackjack-book.jpg 323w\" sizes=\"auto, (max-width: 194px) 100vw, 194px\" data-no-auto-translation=\"\" \/>Le deuxi\u00e8me des quatre livres que je consid\u00e8re comme essentiels \u00e0 l'avancement du jeu de blackjack avantageux est le suivant <\/span><a href=\"https:\/\/www.amazon.com\/Theory-Blackjack-Compleat-Counters-Indexed\/dp\/0929712137\"><span style=\"font-weight: 400;\">Peter Griffins : La th\u00e9orie du Blackjack<\/span><\/a><span style=\"font-weight: 400;\">. Ce livre d\u00e9compose tous les aspects du blackjack selon une approche math\u00e9matique stricte.  L'ensemble du livre se lit comme un texte de math\u00e9matiques de haut niveau.  Essentiellement, il s'agit d'une preuve apr\u00e8s l'autre, utilisant le calcul multi-variable \u00e0 la fois dans les aspects int\u00e9graux et d\u00e9riv\u00e9s.  Un profane qui le feuilletterait occasionnellement serait probablement d\u00e9concert\u00e9 par les pages et les pages d'\u00e9quations et le rejetterait rapidement, estimant qu'il ne vaut pas la peine de s'y attarder.  Mais comme pour la plupart des jeux de casino, c'est le contraire qui est vrai.<\/span><\/p>\n<p><span style=\"font-weight: 400;\">Les approches de Griffin d\u00e9crivent les preuves fondamentales que le th\u00e9oricien du jeu en herbe devrait appliquer \u00e0 son analyse de n'importe quel jeu qu'il essaie de r\u00e9soudre.  En d'autres termes, The Theory of Blackjack (La th\u00e9orie du Blackjack) est un plan que les futurs joueurs d'avantage doivent suivre pour d\u00e9terminer les questions \u00e0 poser lorsqu'ils d\u00e9veloppent de nouvelles strat\u00e9gies.  Elle fournit \u00e9galement des orientations g\u00e9n\u00e9rales pour ceux qui esp\u00e8rent r\u00e9soudre des probl\u00e8mes.<\/span><\/p>\n<p><span style=\"font-weight: 400;\">Le livre Million Dollar Blackjack de Ken Uston est le troisi\u00e8me livre du quatuor de lectures obligatoires. \u00a0<\/span><a href=\"http:\/\/www.uston.com\/\"><span style=\"font-weight: 400;\">Ken Uston<\/span><\/a><span style=\"font-weight: 400;\"> m\u00eame apr\u00e8s sa mort, reste l'une des plus <img loading=\"lazy\" decoding=\"async\" class=\"alignright size-medium wp-image-2042\" src=\"\/files\/million-dollar-blackjack-194x300.jpg\" alt=\"million-dollar-blackjack\" width=\"194\" height=\"300\" srcset=\"https:\/\/www.blackjackinfo.com\/files\/million-dollar-blackjack-194x300.jpg 194w, https:\/\/www.blackjackinfo.com\/files\/million-dollar-blackjack.jpg 307w\" sizes=\"auto, (max-width: 194px) 100vw, 194px\" data-no-auto-translation=\"\" \/>Les joueurs les plus controvers\u00e9s de l'histoire du jeu.  MDB est un livre \u00e9tonnant et le fait qu'Uston ait ramen\u00e9 des id\u00e9es complexes \u00e0 une forme simple et compr\u00e9hensible reste sa plus grande r\u00e9ussite. Le livre introduit une vari\u00e9t\u00e9 de nouveaux concepts tels que l'introduction d'un syst\u00e8me de comptage \u00e0 plusieurs niveaux et de comptages d'as lat\u00e9raux.  Les courbes de distribution gaussienne sur les fr\u00e9quences de succ\u00e8s du pourcentage de gain le plus fr\u00e9quent, ainsi que l'analyse comparative entre les syst\u00e8mes de comptage \u00e0 plusieurs niveaux et les syst\u00e8mes \u00e0 un seul niveau font partie des nouvelles id\u00e9es introduites par Uston dans MDB.  J'ai trouv\u00e9 quelque chose de nouveau dans ce livre \u00e0 chaque fois que je l'ai lu.<\/span><\/p>\n<p><span style=\"font-weight: 400;\">Beyond Counting Exhibit CAA est sans doute le texte le plus avanc\u00e9 jamais \u00e9crit sur le sujet du Blackjack et des autres aspects des jeux de casino.  C'est aussi l'un des plus rares.  Seuls 1000 exemplaires ont \u00e9t\u00e9 imprim\u00e9s et vous avez d\u00fb \u00eatre examin\u00e9 par l'auteur et approuv\u00e9 pour acheter le livre.  Le prix original \u00e9tait de $250, mais lorsqu'un exemplaire du livre est mis en vente sur Ebay, le prix avoisine les $4000. Ce livre de 700 pages se lit comme un manuel de math\u00e9matiques \u00e0 certains endroits et comme un commentaire sarcastique \u00e0 d'autres.  Il \u00e9value des jeux tels que le poker \u00e0 3 cartes, le Stud des Cara\u00efbes et discute m\u00eame des approches de la roue Big Six et de la roulette. J'admets humblement que je n'ai pas saisi tous les concepts du premier coup.   La plupart des joueurs, moi y compris, n'appliquent qu'un ou deux chapitres \u00e0 la fois.  Cela se traduit par des b\u00e9n\u00e9fices plus qu'ad\u00e9quats pour les pratiquants assidus.<\/span><\/p>\n<p><a href=\"http:\/\/www.gamblingwithanedge.com\/about-james-grosjean\"><span style=\"font-weight: 400;\">James Grosjean<\/span><\/a><span style=\"font-weight: 400;\"> qui a \u00e9crit Beyond Counting Exhibit CAA est consid\u00e9r\u00e9 par tous les AP comme le meilleur dans le domaine lorsque la comp\u00e9tence est mesur\u00e9e par le d\u00e9vouement, le d\u00e9sir et la capacit\u00e9 d'analyse.  La Coupe Grosjean, qui repr\u00e9sente le titre du meilleur blackjack au monde, est d\u00e9cern\u00e9e chaque ann\u00e9e lors du Blackjack Ball.  Elle a \u00e9t\u00e9 nomm\u00e9e en l'honneur de James apr\u00e8s qu'il ait \u00e9t\u00e9 exclu de la comp\u00e9tition il y a 7 ans parce qu'il avait remport\u00e9 la premi\u00e8re ou la deuxi\u00e8me place chaque ann\u00e9e au cours de la d\u00e9cennie pr\u00e9c\u00e9dant son interdiction de concourir. <\/span><\/p>\n<p><span style=\"font-weight: 400;\">D'apr\u00e8s mon exp\u00e9rience, ces quatre livres sont les plus importants dans le domaine du jeu d'avantage \u00e0 ce jour.  Il y a quelques autres auteurs qui ont \u00e9galement apport\u00e9 des contributions tr\u00e8s impressionnantes \u00e0 l'avancement du jeu d'avantage.  Professional Blackjack de Stanford Wong et Playing Blackjack as a Business sont deux textes classiques.  Tout ce qui est \u00e9crit par Arnold Snyder est un bon point de d\u00e9part pour la plupart des joueurs novices.  Enfin, Turning the Tables on Las Vegas de Ian Anderson est un excellent ouvrage avec des id\u00e9es tout aussi int\u00e9ressantes.<\/span><\/p>\n<p><span style=\"font-weight: 400;\">Partez \u00e0 la conqu\u00eate de l'Europe. <\/span><\/p>\n<p><i><span style=\"font-weight: 400;\">Nicholas est directeur g\u00e9n\u00e9ral de <\/span><\/i><a href=\"http:\/\/www.aleaconsultinggroup.com\/\"><i><span style=\"font-weight: 400;\">Alea Consulting Group<\/span><\/i><\/a><i><span style=\"font-weight: 400;\">est une soci\u00e9t\u00e9 de conseil en mati\u00e8re de jeux de casino dont la philosophie est centr\u00e9e sur le joueur.  Son personnel est compos\u00e9 de joueurs de classe mondiale, d'auteurs sp\u00e9cialis\u00e9s dans les jeux, de math\u00e9maticiens, de juristes de haut niveau et de divers professionnels de l'industrie.<\/span><\/i><span style=\"font-weight: 400;\">.<\/span><\/p>\n<p><i><span style=\"font-weight: 400;\">Suivez Nicholas et Alea sur twitter <\/span><\/i><a href=\"https:\/\/twitter.com\/byth3numb3rs\"><i><span style=\"font-weight: 400;\">@byth3numb3rs<\/span><\/i><\/a><span style=\"font-weight: 400;\">.<\/span><\/p>\n<p>&nbsp;<\/p>","protected":false},"excerpt":{"rendered":"<p>Recently, I was at the UNLV campus visiting the Gaming Research Center that is on the third floor of the Lied Library. I do this from time to time as a point of review, and to stay sharp on advantage play techniques and insights. There is a special collections section at the center where almost [&hellip;]<\/p>\n","protected":false},"author":3,"featured_media":0,"parent":0,"menu_order":0,"comment_status":"closed","ping_status":"closed","template":"","meta":{"_acf_changed":false,"footnotes":""},"tags":[],"class_list":["post-2028","page","type-page","status-publish","hentry"],"acf":[],"yoast_head":"<!-- This site is optimized with the Yoast SEO plugin v26.6 - https:\/\/yoast.com\/wordpress\/plugins\/seo\/ -->\n<title>The Top Four Blackjack Books<\/title>\n<meta name=\"description\" content=\"Recently, I was at the UNLV campus visiting the Gaming Research Center that is on the third floor of the Lied Library. I do this from time to time as a\" \/>\n<meta name=\"robots\" content=\"index, follow, max-snippet:-1, max-image-preview:large, max-video-preview:-1\" \/>\n<link rel=\"canonical\" href=\"https:\/\/www.blackjackinfo.com\/fr\/les-quatre-meilleurs-livres-de-blackjack\/\" \/>\n<meta property=\"og:locale\" content=\"fr_FR\" \/>\n<meta property=\"og:type\" content=\"article\" \/>\n<meta property=\"og:title\" content=\"The Top Four Blackjack Books\" \/>\n<meta property=\"og:description\" content=\"Recently, I was at the UNLV campus visiting the Gaming Research Center that is on the third floor of the Lied Library. I do this from time to time as a\" \/>\n<meta property=\"og:url\" content=\"https:\/\/www.blackjackinfo.com\/fr\/les-quatre-meilleurs-livres-de-blackjack\/\" \/>\n<meta property=\"og:site_name\" content=\"BlackjackInfo.com\" \/>\n<meta property=\"article:modified_time\" content=\"2018-06-22T07:44:38+00:00\" \/>\n<meta property=\"og:image\" content=\"https:\/\/www.blackjackinfo.com\/files\/beat-the-dealer-179x300.jpg\" \/>\n<meta name=\"twitter:label1\" content=\"Dur\u00e9e de lecture estim\u00e9e\" \/>\n\t<meta name=\"twitter:data1\" content=\"6 minutes\" \/>\n<script type=\"application\/ld+json\" class=\"yoast-schema-graph\">{\"@context\":\"https:\/\/schema.org\",\"@graph\":[{\"@type\":\"WebPage\",\"@id\":\"https:\/\/www.blackjackinfo.com\/top-four-blackjack-books\/\",\"url\":\"https:\/\/www.blackjackinfo.com\/top-four-blackjack-books\/\",\"name\":\"The Top Four Blackjack Books\",\"isPartOf\":{\"@id\":\"https:\/\/www.blackjackinfo.com\/#website\"},\"primaryImageOfPage\":{\"@id\":\"https:\/\/www.blackjackinfo.com\/top-four-blackjack-books\/#primaryimage\"},\"image\":{\"@id\":\"https:\/\/www.blackjackinfo.com\/top-four-blackjack-books\/#primaryimage\"},\"thumbnailUrl\":\"https:\/\/www.blackjackinfo.com\/files\/beat-the-dealer-179x300.jpg\",\"datePublished\":\"2016-10-16T03:56:16+00:00\",\"dateModified\":\"2018-06-22T07:44:38+00:00\",\"description\":\"Recently, I was at the UNLV campus visiting the Gaming Research Center that is on the third floor of the Lied Library. I do this from time to time as a\",\"breadcrumb\":{\"@id\":\"https:\/\/www.blackjackinfo.com\/top-four-blackjack-books\/#breadcrumb\"},\"inLanguage\":\"fr-FR\",\"potentialAction\":[{\"@type\":\"ReadAction\",\"target\":[\"https:\/\/www.blackjackinfo.com\/top-four-blackjack-books\/\"]}]},{\"@type\":\"ImageObject\",\"inLanguage\":\"fr-FR\",\"@id\":\"https:\/\/www.blackjackinfo.com\/top-four-blackjack-books\/#primaryimage\",\"url\":\"https:\/\/www.blackjackinfo.com\/files\/beat-the-dealer-179x300.jpg\",\"contentUrl\":\"https:\/\/www.blackjackinfo.com\/files\/beat-the-dealer-179x300.jpg\"},{\"@type\":\"BreadcrumbList\",\"@id\":\"https:\/\/www.blackjackinfo.com\/top-four-blackjack-books\/#breadcrumb\",\"itemListElement\":[{\"@type\":\"ListItem\",\"position\":1,\"name\":\"Home\",\"item\":\"https:\/\/www.blackjackinfo.com\/\"},{\"@type\":\"ListItem\",\"position\":2,\"name\":\"The Top Four Blackjack Books\"}]},{\"@type\":\"WebSite\",\"@id\":\"https:\/\/www.blackjackinfo.com\/#website\",\"url\":\"https:\/\/www.blackjackinfo.com\/\",\"name\":\"BlackjackInfo.com\",\"description\":\"Because Winning is More Fun!\",\"potentialAction\":[{\"@type\":\"SearchAction\",\"target\":{\"@type\":\"EntryPoint\",\"urlTemplate\":\"https:\/\/www.blackjackinfo.com\/?s={search_term_string}\"},\"query-input\":{\"@type\":\"PropertyValueSpecification\",\"valueRequired\":true,\"valueName\":\"search_term_string\"}}],\"inLanguage\":\"fr-FR\"}]}<\/script>\n<!-- \/ Yoast SEO plugin. -->","yoast_head_json":{"title":"Les quatre meilleurs livres sur le blackjack","description":"R\u00e9cemment, je me suis rendu sur le campus de l'UNLV pour visiter le Gaming Research Center, situ\u00e9 au troisi\u00e8me \u00e9tage de la biblioth\u00e8que Lied. Je le fais de temps en temps en tant que","robots":{"index":"index","follow":"follow","max-snippet":"max-snippet:-1","max-image-preview":"max-image-preview:large","max-video-preview":"max-video-preview:-1"},"canonical":"https:\/\/www.blackjackinfo.com\/fr\/les-quatre-meilleurs-livres-de-blackjack\/","og_locale":"fr_FR","og_type":"article","og_title":"The Top Four Blackjack Books","og_description":"Recently, I was at the UNLV campus visiting the Gaming Research Center that is on the third floor of the Lied Library. I do this from time to time as a","og_url":"https:\/\/www.blackjackinfo.com\/fr\/les-quatre-meilleurs-livres-de-blackjack\/","og_site_name":"BlackjackInfo.com","article_modified_time":"2018-06-22T07:44:38+00:00","og_image":[{"url":"https:\/\/www.blackjackinfo.com\/files\/beat-the-dealer-179x300.jpg","type":"","width":"","height":""}],"twitter_misc":{"Dur\u00e9e de lecture estim\u00e9e":"6 minutes"},"schema":{"@context":"https:\/\/schema.org","@graph":[{"@type":"WebPage","@id":"https:\/\/www.blackjackinfo.com\/top-four-blackjack-books\/","url":"https:\/\/www.blackjackinfo.com\/top-four-blackjack-books\/","name":"Les quatre meilleurs livres sur le blackjack","isPartOf":{"@id":"https:\/\/www.blackjackinfo.com\/#website"},"primaryImageOfPage":{"@id":"https:\/\/www.blackjackinfo.com\/top-four-blackjack-books\/#primaryimage"},"image":{"@id":"https:\/\/www.blackjackinfo.com\/top-four-blackjack-books\/#primaryimage"},"thumbnailUrl":"https:\/\/www.blackjackinfo.com\/files\/beat-the-dealer-179x300.jpg","datePublished":"2016-10-16T03:56:16+00:00","dateModified":"2018-06-22T07:44:38+00:00","description":"R\u00e9cemment, je me suis rendu sur le campus de l'UNLV pour visiter le Gaming Research Center, situ\u00e9 au troisi\u00e8me \u00e9tage de la biblioth\u00e8que Lied. Je le fais de temps en temps en tant que","breadcrumb":{"@id":"https:\/\/www.blackjackinfo.com\/top-four-blackjack-books\/#breadcrumb"},"inLanguage":"fr-FR","potentialAction":[{"@type":"ReadAction","target":["https:\/\/www.blackjackinfo.com\/top-four-blackjack-books\/"]}]},{"@type":"ImageObject","inLanguage":"fr-FR","@id":"https:\/\/www.blackjackinfo.com\/top-four-blackjack-books\/#primaryimage","url":"https:\/\/www.blackjackinfo.com\/files\/beat-the-dealer-179x300.jpg","contentUrl":"https:\/\/www.blackjackinfo.com\/files\/beat-the-dealer-179x300.jpg"},{"@type":"BreadcrumbList","@id":"https:\/\/www.blackjackinfo.com\/top-four-blackjack-books\/#breadcrumb","itemListElement":[{"@type":"ListItem","position":1,"name":"Home","item":"https:\/\/www.blackjackinfo.com\/"},{"@type":"ListItem","position":2,"name":"The Top Four Blackjack Books"}]},{"@type":"WebSite","@id":"https:\/\/www.blackjackinfo.com\/#website","url":"https:\/\/www.blackjackinfo.com\/","name":"BlackjackInfo.com","description":"Parce que gagner, c'est plus amusant !","potentialAction":[{"@type":"SearchAction","target":{"@type":"EntryPoint","urlTemplate":"https:\/\/www.blackjackinfo.com\/?s={search_term_string}"},"query-input":{"@type":"PropertyValueSpecification","valueRequired":true,"valueName":"search_term_string"}}],"inLanguage":"fr-FR"}]}},"_links":{"self":[{"href":"https:\/\/www.blackjackinfo.com\/fr\/wp-json\/wp\/v2\/pages\/2028","targetHints":{"allow":["GET"]}}],"collection":[{"href":"https:\/\/www.blackjackinfo.com\/fr\/wp-json\/wp\/v2\/pages"}],"about":[{"href":"https:\/\/www.blackjackinfo.com\/fr\/wp-json\/wp\/v2\/types\/page"}],"author":[{"embeddable":true,"href":"https:\/\/www.blackjackinfo.com\/fr\/wp-json\/wp\/v2\/users\/3"}],"replies":[{"embeddable":true,"href":"https:\/\/www.blackjackinfo.com\/fr\/wp-json\/wp\/v2\/comments?post=2028"}],"version-history":[{"count":9,"href":"https:\/\/www.blackjackinfo.com\/fr\/wp-json\/wp\/v2\/pages\/2028\/revisions"}],"predecessor-version":[{"id":2043,"href":"https:\/\/www.blackjackinfo.com\/fr\/wp-json\/wp\/v2\/pages\/2028\/revisions\/2043"}],"wp:attachment":[{"href":"https:\/\/www.blackjackinfo.com\/fr\/wp-json\/wp\/v2\/media?parent=2028"}],"wp:term":[{"taxonomy":"post_tag","embeddable":true,"href":"https:\/\/www.blackjackinfo.com\/fr\/wp-json\/wp\/v2\/tags?post=2028"}],"curies":[{"name":"wp","href":"https:\/\/api.w.org\/{rel}","templated":true}]}}