{"id":2044,"date":"2016-10-17T00:48:23","date_gmt":"2016-10-17T05:48:23","guid":{"rendered":"https:\/\/www.blackjackinfo.com\/?page_id=2044"},"modified":"2018-06-22T02:40:22","modified_gmt":"2018-06-22T07:40:22","slug":"variations-de-blackjack-en-ligne","status":"publish","type":"page","link":"https:\/\/www.blackjackinfo.com\/fr\/online-blackjack\/online-blackjack-variations\/","title":{"rendered":"Variations de Blackjack en ligne"},"content":{"rendered":"<p>Tout comme le Blackjack dans les casinos en direct, le Blackjack en ligne peut prendre de nombreuses formes diff\u00e9rentes en fonction d'un certain nombre de facteurs tels que les r\u00e8gles d'un jeu de Blackjack particulier, ainsi que le fait que le jeu en question soit ou non une variante du Blackjack.  Il est essentiel pour un joueur de r\u00e9aliser que les r\u00e8gles d'un jeu de Blackjack ont plus qu'un effet subjectif sur l'amusement du jeu, elles ont aussi un effet sur l'avantage de la maison du jeu qui a un effet sur votre portefeuille, si vous choisissez de jouer.<br \/>\n<img loading=\"lazy\" decoding=\"async\" class=\"size-full wp-image-2077 alignright\" src=\"\/files\/online_blackjack_variations.jpg\" alt=\"online_blackjack_variations\" width=\"350\" height=\"250\" srcset=\"https:\/\/www.blackjackinfo.com\/files\/online_blackjack_variations.jpg 350w, https:\/\/www.blackjackinfo.com\/files\/online_blackjack_variations-300x214.jpg 300w\" sizes=\"auto, (max-width: 350px) 100vw, 350px\" data-no-auto-translation=\"\" \/><br \/>\nNous allons examiner les diff\u00e9rentes vari\u00e9t\u00e9s de r\u00e8gles disponibles pour le blackjack en ligne et \u00e9tudier les effets que certains changements de r\u00e8gles peuvent avoir sur l'avantage de la maison.  En outre, nous allons \u00e9galement examiner quelques variantes de Blackjack (jeux qui, \u00e0 diff\u00e9rents degr\u00e9s, sont bas\u00e9s sur le jeu de Blackjack) qui sont disponibles en ligne et examiner l'avantage de la maison pour ces jeux. <\/p>\n<p>En ce qui concerne les jeux de Blackjack et les jeux bas\u00e9s sur le Blackjack, une fois de plus, l'avantage de la maison d'un jeu de Blackjack particulier (ou d'une variante) d\u00e9pend des r\u00e8gles.  Cependant, nous pensons que tout jeu de Blackjack en ligne dont l'avantage de la maison est sup\u00e9rieur \u00e0 0,4% (ce qui correspond \u00e0 un retour au joueur inf\u00e9rieur \u00e0 99,6%) est probablement un mauvais jeu (\u00e0 moins d'une promotion exceptionnelle) et que vous pouvez probablement faire mieux ailleurs.  Heureusement, la majorit\u00e9 des jeux de Blackjack disponibles en ligne sont meilleurs que cela, et nous aurons donc l'occasion de nous pencher sur certains d'entre eux. <\/p>\n<h2><a href=\"https:\/\/www.blackjackinfo.com\/online-blackjack\/online-blackjack-variations\/online-blackjack-rule-differences\/\">Partie 1 : Comprendre les effets des r\u00e8gles<\/a><\/h2>\n<p>S\u00e9paration, doublement, re-s\u00e9paration As, Blackjacks, doubles, doublement apr\u00e8s s\u00e9paration, abandons, nombre de jeux, 17 mous<\/p>\n<h2>Partie 2 Variations de Blackjack<\/h2>\n<ul><li><a href='https:\/\/www.blackjackinfo.com\/fr\/blackjack_variation\/sonya-blackjack\/'>Sonya Blackjack<\/a><\/li><li><a href='https:\/\/www.blackjackinfo.com\/fr\/blackjack_variation\/dr-fortuno-blackjack\/'>Dr Fortuno Blackjack<\/a><\/li><li><a href='https:\/\/www.blackjackinfo.com\/fr\/blackjack_variation\/blackjack-multi-hand\/'>Blackjack multi-mains<\/a><\/li><li><a href='https:\/\/www.blackjackinfo.com\/fr\/blackjack_variation\/blackjack-atlantic-city-gold\/'>Blackjack Atlantic City Gold<\/a><\/li><li><a href='https:\/\/www.blackjackinfo.com\/fr\/blackjack_variation\/blackjack-atlantic-city\/'>Blackjack Atlantic City<\/a><\/li><li><a href='https:\/\/www.blackjackinfo.com\/fr\/blackjack_variation\/21-burn\/'>21 Br\u00fblures<\/a><\/li><li><a href='https:\/\/www.blackjackinfo.com\/fr\/blackjack_variation\/pirate-21\/'>Pirate 21<\/a><\/li><li><a href='https:\/\/www.blackjackinfo.com\/fr\/blackjack_variation\/mutli-hand-blackjack\/'>Blackjack \u00e0 plusieurs mains<\/a><\/li><li><a href='https:\/\/www.blackjackinfo.com\/fr\/blackjack_variation\/european-blackjack-redeal\/'>Blackjack europ\u00e9en Redeal<\/a><\/li><li><a href='https:\/\/www.blackjackinfo.com\/fr\/blackjack_variation\/double-attack-blackjack\/'>Blackjack double attaque<\/a><\/li><li><a href='https:\/\/www.blackjackinfo.com\/fr\/blackjack_variation\/spanish-21\/'>Espagnol 21<\/a><\/li><li><a href='https:\/\/www.blackjackinfo.com\/fr\/blackjack_variation\/power-blackjack\/'>Power Blackjack<\/a><\/li><li><a href='https:\/\/www.blackjackinfo.com\/fr\/blackjack_variation\/lucky-blackjack\/'>Blackjack chanceux<\/a><\/li><li><a href='https:\/\/www.blackjackinfo.com\/fr\/blackjack_variation\/blackjack-switch\/'>Interrupteur Blackjack<\/a><\/li><li><a href='https:\/\/www.blackjackinfo.com\/fr\/blackjack_variation\/suit-em-up-blackjack\/'>Suit 'Em Up Blackjack<\/a><\/li><li><a href='https:\/\/www.blackjackinfo.com\/fr\/blackjack_variation\/zappit-blackjack\/'>Zappit Blackjack<\/a><\/li><li><a href='https:\/\/www.blackjackinfo.com\/fr\/blackjack_variation\/european-blackjack\/'>Blackjack europ\u00e9en<\/a><\/li><li><a href='https:\/\/www.blackjackinfo.com\/fr\/blackjack_variation\/double-deck-blackjack\/'>Blackjack \u00e0 deux jeux<\/a><\/li><li><a href='https:\/\/www.blackjackinfo.com\/fr\/blackjack_variation\/single-deck-blackjack\/'>Blackjack \u00e0 un seul jeu<\/a><\/li><li><a href='https:\/\/www.blackjackinfo.com\/fr\/blackjack_variation\/super-21\/'>Super 21<\/a><\/li><li><a href='https:\/\/www.blackjackinfo.com\/fr\/blackjack_variation\/pontoon\/'>Ponton<\/a><\/li><li><a href='https:\/\/www.blackjackinfo.com\/fr\/blackjack_variation\/perfect-pairs-blackjack\/'>Blackjack \u00e0 paires parfaites<\/a><\/li><li><a href='https:\/\/www.blackjackinfo.com\/fr\/blackjack_variation\/match-play-21\/'>Match Play 21<\/a><\/li><li><a href='https:\/\/www.blackjackinfo.com\/fr\/blackjack_variation\/blackjack\/'>Blackjack<\/a><\/li><\/ul>","protected":false},"excerpt":{"rendered":"<p>Much like Blackjack in live casinos, online Blackjack can take many different forms depending on a number of factors such as the Rules of a particular Blackjack game, as well as whether or not the game in question is a Blackjack variant. \u00a0It is extremely essential for a player to realize that the Rules of [&hellip;]<\/p>\n","protected":false},"author":3,"featured_media":0,"parent":1928,"menu_order":0,"comment_status":"closed","ping_status":"closed","template":"","meta":{"_acf_changed":false,"footnotes":""},"tags":[],"class_list":["post-2044","page","type-page","status-publish","hentry"],"acf":[],"yoast_head":"<!-- This site is optimized with the Yoast SEO plugin v26.6 - https:\/\/yoast.com\/wordpress\/plugins\/seo\/ -->\n<title>Online Blackjack Variations<\/title>\n<meta name=\"description\" content=\"Much like Blackjack in live casinos, online Blackjack can take many different forms depending on a number of factors such as the Rules of a particular\" \/>\n<meta name=\"robots\" content=\"index, follow, max-snippet:-1, max-image-preview:large, max-video-preview:-1\" \/>\n<link rel=\"canonical\" href=\"https:\/\/www.blackjackinfo.com\/fr\/blackjack-en-ligne\/variations-de-blackjack-en-ligne\/\" \/>\n<meta property=\"og:locale\" content=\"fr_FR\" \/>\n<meta property=\"og:type\" content=\"article\" \/>\n<meta property=\"og:title\" content=\"Online Blackjack Variations\" \/>\n<meta property=\"og:description\" content=\"Much like Blackjack in live casinos, online Blackjack can take many different forms depending on a number of factors such as the Rules of a particular\" \/>\n<meta property=\"og:url\" content=\"https:\/\/www.blackjackinfo.com\/fr\/blackjack-en-ligne\/variations-de-blackjack-en-ligne\/\" \/>\n<meta property=\"og:site_name\" content=\"BlackjackInfo.com\" \/>\n<meta property=\"article:modified_time\" content=\"2018-06-22T07:40:22+00:00\" \/>\n<meta name=\"twitter:label1\" content=\"Dur\u00e9e de lecture estim\u00e9e\" \/>\n\t<meta name=\"twitter:data1\" content=\"1 minute\" \/>\n<script type=\"application\/ld+json\" class=\"yoast-schema-graph\">{\"@context\":\"https:\/\/schema.org\",\"@graph\":[{\"@type\":\"WebPage\",\"@id\":\"https:\/\/www.blackjackinfo.com\/online-blackjack\/online-blackjack-variations\/\",\"url\":\"https:\/\/www.blackjackinfo.com\/online-blackjack\/online-blackjack-variations\/\",\"name\":\"Online Blackjack Variations\",\"isPartOf\":{\"@id\":\"https:\/\/www.blackjackinfo.com\/#website\"},\"datePublished\":\"2016-10-17T05:48:23+00:00\",\"dateModified\":\"2018-06-22T07:40:22+00:00\",\"description\":\"Much like Blackjack in live casinos, online Blackjack can take many different forms depending on a number of factors such as the Rules of a particular\",\"breadcrumb\":{\"@id\":\"https:\/\/www.blackjackinfo.com\/online-blackjack\/online-blackjack-variations\/#breadcrumb\"},\"inLanguage\":\"fr-FR\",\"potentialAction\":[{\"@type\":\"ReadAction\",\"target\":[\"https:\/\/www.blackjackinfo.com\/online-blackjack\/online-blackjack-variations\/\"]}]},{\"@type\":\"BreadcrumbList\",\"@id\":\"https:\/\/www.blackjackinfo.com\/online-blackjack\/online-blackjack-variations\/#breadcrumb\",\"itemListElement\":[{\"@type\":\"ListItem\",\"position\":1,\"name\":\"Home\",\"item\":\"https:\/\/www.blackjackinfo.com\/\"},{\"@type\":\"ListItem\",\"position\":2,\"name\":\"Online Blackjack for Real Money\",\"item\":\"https:\/\/www.blackjackinfo.com\/online-blackjack\/\"},{\"@type\":\"ListItem\",\"position\":3,\"name\":\"Online Blackjack Variations\"}]},{\"@type\":\"WebSite\",\"@id\":\"https:\/\/www.blackjackinfo.com\/#website\",\"url\":\"https:\/\/www.blackjackinfo.com\/\",\"name\":\"BlackjackInfo.com\",\"description\":\"Because Winning is More Fun!\",\"potentialAction\":[{\"@type\":\"SearchAction\",\"target\":{\"@type\":\"EntryPoint\",\"urlTemplate\":\"https:\/\/www.blackjackinfo.com\/?s={search_term_string}\"},\"query-input\":{\"@type\":\"PropertyValueSpecification\",\"valueRequired\":true,\"valueName\":\"search_term_string\"}}],\"inLanguage\":\"fr-FR\"}]}<\/script>\n<!-- \/ Yoast SEO plugin. -->","yoast_head_json":{"title":"Variations de Blackjack en ligne","description":"Tout comme le Blackjack dans les casinos en direct, le Blackjack en ligne peut prendre de nombreuses formes diff\u00e9rentes en fonction d'un certain nombre de facteurs tels que les r\u00e8gles d'un casino particulier.","robots":{"index":"index","follow":"follow","max-snippet":"max-snippet:-1","max-image-preview":"max-image-preview:large","max-video-preview":"max-video-preview:-1"},"canonical":"https:\/\/www.blackjackinfo.com\/fr\/blackjack-en-ligne\/variations-de-blackjack-en-ligne\/","og_locale":"fr_FR","og_type":"article","og_title":"Online Blackjack Variations","og_description":"Much like Blackjack in live casinos, online Blackjack can take many different forms depending on a number of factors such as the Rules of a particular","og_url":"https:\/\/www.blackjackinfo.com\/fr\/blackjack-en-ligne\/variations-de-blackjack-en-ligne\/","og_site_name":"BlackjackInfo.com","article_modified_time":"2018-06-22T07:40:22+00:00","twitter_misc":{"Dur\u00e9e de lecture estim\u00e9e":"1 minute"},"schema":{"@context":"https:\/\/schema.org","@graph":[{"@type":"WebPage","@id":"https:\/\/www.blackjackinfo.com\/online-blackjack\/online-blackjack-variations\/","url":"https:\/\/www.blackjackinfo.com\/online-blackjack\/online-blackjack-variations\/","name":"Variations de Blackjack en ligne","isPartOf":{"@id":"https:\/\/www.blackjackinfo.com\/#website"},"datePublished":"2016-10-17T05:48:23+00:00","dateModified":"2018-06-22T07:40:22+00:00","description":"Tout comme le Blackjack dans les casinos en direct, le Blackjack en ligne peut prendre de nombreuses formes diff\u00e9rentes en fonction d'un certain nombre de facteurs tels que les r\u00e8gles d'un casino particulier.","breadcrumb":{"@id":"https:\/\/www.blackjackinfo.com\/online-blackjack\/online-blackjack-variations\/#breadcrumb"},"inLanguage":"fr-FR","potentialAction":[{"@type":"ReadAction","target":["https:\/\/www.blackjackinfo.com\/online-blackjack\/online-blackjack-variations\/"]}]},{"@type":"BreadcrumbList","@id":"https:\/\/www.blackjackinfo.com\/online-blackjack\/online-blackjack-variations\/#breadcrumb","itemListElement":[{"@type":"ListItem","position":1,"name":"Home","item":"https:\/\/www.blackjackinfo.com\/"},{"@type":"ListItem","position":2,"name":"Online Blackjack for Real Money","item":"https:\/\/www.blackjackinfo.com\/online-blackjack\/"},{"@type":"ListItem","position":3,"name":"Online Blackjack Variations"}]},{"@type":"WebSite","@id":"https:\/\/www.blackjackinfo.com\/#website","url":"https:\/\/www.blackjackinfo.com\/","name":"BlackjackInfo.com","description":"Parce que gagner, c'est plus amusant !","potentialAction":[{"@type":"SearchAction","target":{"@type":"EntryPoint","urlTemplate":"https:\/\/www.blackjackinfo.com\/?s={search_term_string}"},"query-input":{"@type":"PropertyValueSpecification","valueRequired":true,"valueName":"search_term_string"}}],"inLanguage":"fr-FR"}]}},"_links":{"self":[{"href":"https:\/\/www.blackjackinfo.com\/fr\/wp-json\/wp\/v2\/pages\/2044","targetHints":{"allow":["GET"]}}],"collection":[{"href":"https:\/\/www.blackjackinfo.com\/fr\/wp-json\/wp\/v2\/pages"}],"about":[{"href":"https:\/\/www.blackjackinfo.com\/fr\/wp-json\/wp\/v2\/types\/page"}],"author":[{"embeddable":true,"href":"https:\/\/www.blackjackinfo.com\/fr\/wp-json\/wp\/v2\/users\/3"}],"replies":[{"embeddable":true,"href":"https:\/\/www.blackjackinfo.com\/fr\/wp-json\/wp\/v2\/comments?post=2044"}],"version-history":[{"count":9,"href":"https:\/\/www.blackjackinfo.com\/fr\/wp-json\/wp\/v2\/pages\/2044\/revisions"}],"predecessor-version":[{"id":2520,"href":"https:\/\/www.blackjackinfo.com\/fr\/wp-json\/wp\/v2\/pages\/2044\/revisions\/2520"}],"up":[{"embeddable":true,"href":"https:\/\/www.blackjackinfo.com\/fr\/wp-json\/wp\/v2\/pages\/1928"}],"wp:attachment":[{"href":"https:\/\/www.blackjackinfo.com\/fr\/wp-json\/wp\/v2\/media?parent=2044"}],"wp:term":[{"taxonomy":"post_tag","embeddable":true,"href":"https:\/\/www.blackjackinfo.com\/fr\/wp-json\/wp\/v2\/tags?post=2044"}],"curies":[{"name":"wp","href":"https:\/\/api.w.org\/{rel}","templated":true}]}}