{"id":2060,"date":"2016-10-18T03:47:01","date_gmt":"2016-10-18T08:47:01","guid":{"rendered":"https:\/\/www.blackjackinfo.com\/?page_id=2060"},"modified":"2025-09-07T11:05:34","modified_gmt":"2025-09-07T16:05:34","slug":"blackjack-chanceux","status":"publish","type":"page","link":"https:\/\/www.blackjackinfo.com\/fr\/online-blackjack\/online-blackjack-variations\/lucky-blackjack\/","title":{"rendered":"Blackjack chanceux"},"content":{"rendered":"<p>Le Lucky Blackjack est presque plus un pari secondaire qu'une variante du Blackjack. En fait, il s'agit d'une variante de Blackjack qui ne n\u00e9cessite aucune strat\u00e9gie, car le joueur ne prend litt\u00e9ralement aucune d\u00e9cision.<img loading=\"lazy\" decoding=\"async\" class=\"alignright size-full wp-image-2084\" src=\"\/files\/lucky_blackjack.jpg\" alt=\"lucky_blackjack\" width=\"350\" height=\"250\" srcset=\"https:\/\/www.blackjackinfo.com\/files\/lucky_blackjack.jpg 350w, https:\/\/www.blackjackinfo.com\/files\/lucky_blackjack-300x214.jpg 300w\" sizes=\"auto, (max-width: 350px) 100vw, 350px\" data-no-auto-translation=\"\" \/><\/p>\n<p>Le jeu fonctionne de la mani\u00e8re suivante : le joueur peut parier sur n'importe quel total entre 17 et 21, mais il peut aussi parier sur un Blackjack naturel ou sur un bust. Les r\u00e8gles sont extr\u00eamement simples : les cartes sortent jusqu'\u00e0 ce que le total soit sup\u00e9rieur ou \u00e9gal \u00e0 dix-sept, sinon le total est de vingt-deux (ou plus), ce qui constitue un bust. Si le total est inf\u00e9rieur ou \u00e9gal \u00e0 seize, des cartes suppl\u00e9mentaires seront tir\u00e9es jusqu'\u00e0 ce que le total atteigne au moins dix-sept,<\/p>\n<p>Naturellement, le joueur doit placer son pari avant que les cartes ne soient sorties, de sorte que le pari n'est pas bas\u00e9 sur une quelconque information. Le joueur peut parier sur un total final de 17, 18, 19, 20, 21, un Blackjack naturel ou un Bust avec des paiements diff\u00e9rents en fonction de ce sur quoi le joueur a pari\u00e9. En outre, le joueur peut choisir de parier sur plusieurs r\u00e9sultats pour la m\u00eame main.<\/p>\n<p>Dans le meilleur des cas, le joueur qui joue \u00e0 ce jeu o\u00f9 il n'y a aucune comp\u00e9tence, de la chance et absolument aucune prise de d\u00e9cision, obtient un <strong>marge de 3,36%<\/strong>On peut donc dire qu'il ne s'agit pas d'un jeu de Blackjack, car le Blackjack n'aurait pas une marge de la maison aussi \u00e9lev\u00e9e. En fait, un joueur ne peut b\u00e9n\u00e9ficier d'un avantage de la maison aussi bas qu'en pariant sur le dix-huit, car tous les autres paris ont un avantage de la maison sup\u00e9rieur \u00e0 celui-ci, y compris le pari ''.<em>Buste<\/em>, avec un avantage de la maison de 14,92%.<\/p>\n<p>Ce qui est int\u00e9ressant, c'est que le pari Bust, \u00e0 2:1, a \u00e9galement le plus petit paiement de tous les paris de ce jeu. G\u00e9n\u00e9ralement, lorsqu'il s'agit de paris de cette nature, le pari avec le paiement le plus \u00e9lev\u00e9 possible a le plus grand avantage de la maison, mais dans ce cas, ce n'est pas le cas. Le pari qui a le plus de chances de gagner, avec le paiement le plus bas, a la plus grande marge de la maison qui joue contre le joueur.<\/p>\n<p>Ainsi, <strong>Pourquoi l'appelle-t-on Lucky Blackjack ?<\/strong> Je pense que c'est parce que le joueur doit \u00eatre tr\u00e8s chanceux pour ne pas perdre tout son argent en un temps relativement court.<\/p>","protected":false},"excerpt":{"rendered":"<p>Lucky Blackjack is almost more of a side bet than it is a Blackjack variant. In fact, this is a Blackjack variant that doesn\u2019t require any strategy whatsoever because the player literally doesn\u2019t make any decisions. The way that the game works is that the player can bet on any total from 17-21, alternatively, the [&hellip;]<\/p>\n","protected":false},"author":4,"featured_media":0,"parent":2044,"menu_order":0,"comment_status":"closed","ping_status":"closed","template":"","meta":{"_acf_changed":false,"footnotes":""},"tags":[],"class_list":["post-2060","page","type-page","status-publish","hentry"],"acf":[],"yoast_head":"<!-- This site is optimized with the Yoast SEO plugin v26.6 - https:\/\/yoast.com\/wordpress\/plugins\/seo\/ -->\n<title>Lucky Blackjack<\/title>\n<meta name=\"description\" content=\"Lucky Blackjack is almost more of a side bet than it is a Blackjack variant. In fact, this is a Blackjack variant that doesn\u2019t require any strategy\" \/>\n<meta name=\"robots\" content=\"index, follow, max-snippet:-1, max-image-preview:large, max-video-preview:-1\" \/>\n<link rel=\"canonical\" href=\"https:\/\/www.blackjackinfo.com\/fr\/variante-blackjack\/blackjack-chanceux\/\" \/>\n<meta property=\"og:locale\" content=\"fr_FR\" \/>\n<meta property=\"og:type\" content=\"article\" \/>\n<meta property=\"og:title\" content=\"Lucky Blackjack\" \/>\n<meta property=\"og:description\" content=\"Lucky Blackjack is almost more of a side bet than it is a Blackjack variant. In fact, this is a Blackjack variant that doesn\u2019t require any strategy\" \/>\n<meta property=\"og:url\" content=\"https:\/\/www.blackjackinfo.com\/fr\/variante-blackjack\/blackjack-chanceux\/\" \/>\n<meta property=\"og:site_name\" content=\"BlackjackInfo.com\" \/>\n<meta property=\"article:modified_time\" content=\"2025-09-07T16:05:34+00:00\" \/>\n<meta name=\"twitter:label1\" content=\"Dur\u00e9e de lecture estim\u00e9e\" \/>\n\t<meta name=\"twitter:data1\" content=\"2 minutes\" \/>\n<script type=\"application\/ld+json\" class=\"yoast-schema-graph\">{\"@context\":\"https:\/\/schema.org\",\"@graph\":[{\"@type\":\"WebPage\",\"@id\":\"https:\/\/www.blackjackinfo.com\/online-blackjack\/online-blackjack-variations\/lucky-blackjack\/\",\"url\":\"https:\/\/www.blackjackinfo.com\/blackjack_variation\/lucky-blackjack\/\",\"name\":\"Lucky Blackjack\",\"isPartOf\":{\"@id\":\"https:\/\/www.blackjackinfo.com\/#website\"},\"datePublished\":\"2016-10-18T08:47:01+00:00\",\"dateModified\":\"2025-09-07T16:05:34+00:00\",\"description\":\"Lucky Blackjack is almost more of a side bet than it is a Blackjack variant. In fact, this is a Blackjack variant that doesn\u2019t require any strategy\",\"breadcrumb\":{\"@id\":\"https:\/\/www.blackjackinfo.com\/blackjack_variation\/lucky-blackjack\/#breadcrumb\"},\"inLanguage\":\"fr-FR\",\"potentialAction\":[{\"@type\":\"ReadAction\",\"target\":[\"https:\/\/www.blackjackinfo.com\/blackjack_variation\/lucky-blackjack\/\"]}]},{\"@type\":\"BreadcrumbList\",\"@id\":\"https:\/\/www.blackjackinfo.com\/blackjack_variation\/lucky-blackjack\/#breadcrumb\",\"itemListElement\":[{\"@type\":\"ListItem\",\"position\":1,\"name\":\"Home\",\"item\":\"https:\/\/www.blackjackinfo.com\/\"},{\"@type\":\"ListItem\",\"position\":2,\"name\":\"Online Blackjack for Real Money\",\"item\":\"https:\/\/www.blackjackinfo.com\/online-blackjack\/\"},{\"@type\":\"ListItem\",\"position\":3,\"name\":\"Online Blackjack Variations\",\"item\":\"https:\/\/www.blackjackinfo.com\/online-blackjack\/online-blackjack-variations\/\"},{\"@type\":\"ListItem\",\"position\":4,\"name\":\"Lucky Blackjack\"}]},{\"@type\":\"WebSite\",\"@id\":\"https:\/\/www.blackjackinfo.com\/#website\",\"url\":\"https:\/\/www.blackjackinfo.com\/\",\"name\":\"BlackjackInfo.com\",\"description\":\"Because Winning is More Fun!\",\"potentialAction\":[{\"@type\":\"SearchAction\",\"target\":{\"@type\":\"EntryPoint\",\"urlTemplate\":\"https:\/\/www.blackjackinfo.com\/?s={search_term_string}\"},\"query-input\":{\"@type\":\"PropertyValueSpecification\",\"valueRequired\":true,\"valueName\":\"search_term_string\"}}],\"inLanguage\":\"fr-FR\"}]}<\/script>\n<!-- \/ Yoast SEO plugin. -->","yoast_head_json":{"title":"Blackjack chanceux","description":"Le Lucky Blackjack est presque plus un pari secondaire qu'une variante du Blackjack. En fait, il s'agit d'une variante du Blackjack qui ne n\u00e9cessite aucune strat\u00e9gie","robots":{"index":"index","follow":"follow","max-snippet":"max-snippet:-1","max-image-preview":"max-image-preview:large","max-video-preview":"max-video-preview:-1"},"canonical":"https:\/\/www.blackjackinfo.com\/fr\/variante-blackjack\/blackjack-chanceux\/","og_locale":"fr_FR","og_type":"article","og_title":"Lucky Blackjack","og_description":"Lucky Blackjack is almost more of a side bet than it is a Blackjack variant. In fact, this is a Blackjack variant that doesn\u2019t require any strategy","og_url":"https:\/\/www.blackjackinfo.com\/fr\/variante-blackjack\/blackjack-chanceux\/","og_site_name":"BlackjackInfo.com","article_modified_time":"2025-09-07T16:05:34+00:00","twitter_misc":{"Dur\u00e9e de lecture estim\u00e9e":"2 minutes"},"schema":{"@context":"https:\/\/schema.org","@graph":[{"@type":"WebPage","@id":"https:\/\/www.blackjackinfo.com\/online-blackjack\/online-blackjack-variations\/lucky-blackjack\/","url":"https:\/\/www.blackjackinfo.com\/blackjack_variation\/lucky-blackjack\/","name":"Blackjack chanceux","isPartOf":{"@id":"https:\/\/www.blackjackinfo.com\/#website"},"datePublished":"2016-10-18T08:47:01+00:00","dateModified":"2025-09-07T16:05:34+00:00","description":"Le Lucky Blackjack est presque plus un pari secondaire qu'une variante du Blackjack. En fait, il s'agit d'une variante du Blackjack qui ne n\u00e9cessite aucune strat\u00e9gie","breadcrumb":{"@id":"https:\/\/www.blackjackinfo.com\/blackjack_variation\/lucky-blackjack\/#breadcrumb"},"inLanguage":"fr-FR","potentialAction":[{"@type":"ReadAction","target":["https:\/\/www.blackjackinfo.com\/blackjack_variation\/lucky-blackjack\/"]}]},{"@type":"BreadcrumbList","@id":"https:\/\/www.blackjackinfo.com\/blackjack_variation\/lucky-blackjack\/#breadcrumb","itemListElement":[{"@type":"ListItem","position":1,"name":"Home","item":"https:\/\/www.blackjackinfo.com\/"},{"@type":"ListItem","position":2,"name":"Online Blackjack for Real Money","item":"https:\/\/www.blackjackinfo.com\/online-blackjack\/"},{"@type":"ListItem","position":3,"name":"Online Blackjack Variations","item":"https:\/\/www.blackjackinfo.com\/online-blackjack\/online-blackjack-variations\/"},{"@type":"ListItem","position":4,"name":"Lucky Blackjack"}]},{"@type":"WebSite","@id":"https:\/\/www.blackjackinfo.com\/#website","url":"https:\/\/www.blackjackinfo.com\/","name":"BlackjackInfo.com","description":"Parce que gagner, c'est plus amusant !","potentialAction":[{"@type":"SearchAction","target":{"@type":"EntryPoint","urlTemplate":"https:\/\/www.blackjackinfo.com\/?s={search_term_string}"},"query-input":{"@type":"PropertyValueSpecification","valueRequired":true,"valueName":"search_term_string"}}],"inLanguage":"fr-FR"}]}},"_links":{"self":[{"href":"https:\/\/www.blackjackinfo.com\/fr\/wp-json\/wp\/v2\/pages\/2060","targetHints":{"allow":["GET"]}}],"collection":[{"href":"https:\/\/www.blackjackinfo.com\/fr\/wp-json\/wp\/v2\/pages"}],"about":[{"href":"https:\/\/www.blackjackinfo.com\/fr\/wp-json\/wp\/v2\/types\/page"}],"author":[{"embeddable":true,"href":"https:\/\/www.blackjackinfo.com\/fr\/wp-json\/wp\/v2\/users\/4"}],"replies":[{"embeddable":true,"href":"https:\/\/www.blackjackinfo.com\/fr\/wp-json\/wp\/v2\/comments?post=2060"}],"version-history":[{"count":7,"href":"https:\/\/www.blackjackinfo.com\/fr\/wp-json\/wp\/v2\/pages\/2060\/revisions"}],"predecessor-version":[{"id":9028,"href":"https:\/\/www.blackjackinfo.com\/fr\/wp-json\/wp\/v2\/pages\/2060\/revisions\/9028"}],"up":[{"embeddable":true,"href":"https:\/\/www.blackjackinfo.com\/fr\/wp-json\/wp\/v2\/pages\/2044"}],"wp:attachment":[{"href":"https:\/\/www.blackjackinfo.com\/fr\/wp-json\/wp\/v2\/media?parent=2060"}],"wp:term":[{"taxonomy":"post_tag","embeddable":true,"href":"https:\/\/www.blackjackinfo.com\/fr\/wp-json\/wp\/v2\/tags?post=2060"}],"curies":[{"name":"wp","href":"https:\/\/api.w.org\/{rel}","templated":true}]}}